{"id":12,"date":"2025-02-18T09:00:39","date_gmt":"2025-02-18T15:00:39","guid":{"rendered":"https:\/\/72.167.50.119\/ethoro\/?page_id=12"},"modified":"2025-02-18T09:03:29","modified_gmt":"2025-02-18T15:03:29","slug":"refund_returns-2","status":"publish","type":"page","link":"https:\/\/thoro.com.mx\/ethoro\/refund_returns-2\/","title":{"rendered":"Pol\u00edtica de devoluciones y reembolsos"},"content":{"rendered":"\t\t<div data-elementor-type=\"wp-page\" data-elementor-id=\"12\" class=\"elementor elementor-12\" data-elementor-post-type=\"page\">\n\t\t\t\t<div class=\"elementor-element elementor-element-7e41740a e-flex e-con-boxed e-con e-parent\" data-id=\"7e41740a\" data-element_type=\"container\">\n\t\t\t\t\t<div class=\"e-con-inner\">\n\t\t\t\t<div class=\"elementor-element elementor-element-3e603e7b elementor-widget elementor-widget-text-editor\" data-id=\"3e603e7b\" data-element_type=\"widget\" data-widget_type=\"text-editor.default\">\n\t\t\t\t<div class=\"elementor-widget-container\">\n\t\t\t\t\t\t\t\t\t\n<div class=\"flex max-w-full flex-col flex-grow\">\n<div class=\"min-h-8 text-message flex w-full flex-col items-end gap-2 whitespace-normal break-words text-start [.text-message+&amp;]:mt-5\" dir=\"auto\" data-message-author-role=\"assistant\" data-message-id=\"e8776751-0bbb-4495-9d62-5113a8450d29\" data-message-model-slug=\"gpt-4o\">\n<div class=\"flex w-full flex-col gap-1 empty:hidden first:pt-[3px]\">\n<div class=\"markdown prose w-full break-words dark:prose-invert dark\">\n<h3 class=\"wp-block-heading\" data-start=\"0\" data-end=\"43\">Pol\u00edtica de Reembolsos y Devoluciones<\/h3>\n<p data-start=\"45\" data-end=\"219\">Nuestra pol\u00edtica de reembolsos y devoluciones tiene una duraci\u00f3n de 30 d\u00edas. Si han pasado 30 d\u00edas desde tu compra, no podemos ofrecerte un reembolso completo ni un cambio.<\/p>\n<h4 data-start=\"221\" data-end=\"240\">Devoluciones<\/h4>\n<p data-start=\"241\" data-end=\"405\">Para ser elegible para una devoluci\u00f3n, el art\u00edculo debe estar sin usar y en las mismas condiciones en que lo recibiste. Tambi\u00e9n debe estar en su empaque original.<\/p>\n<p data-start=\"407\" data-end=\"676\">Algunos tipos de productos no pueden ser devueltos. Los bienes perecederos, como alimentos, flores, peri\u00f3dicos o revistas, no son elegibles para devoluci\u00f3n. Tampoco aceptamos productos \u00edntimos o de higiene personal, materiales peligrosos o l\u00edquidos\/gases inflamables.<\/p>\n<p data-start=\"678\" data-end=\"721\"><strong data-start=\"678\" data-end=\"719\">Art\u00edculos adicionales no retornables:<\/strong><\/p>\n<ul data-start=\"722\" data-end=\"833\">\n<li data-start=\"722\" data-end=\"744\">Tarjetas de regalo<\/li>\n<li data-start=\"745\" data-end=\"783\">Productos de software descargables<\/li>\n<li data-start=\"784\" data-end=\"833\">Algunos art\u00edculos de salud y cuidado personal<\/li>\n<\/ul>\n<p data-start=\"835\" data-end=\"912\">Para completar tu devoluci\u00f3n, requerimos un recibo o comprobante de compra.<\/p>\n<p data-start=\"914\" data-end=\"964\"><strong data-start=\"914\" data-end=\"962\">No env\u00edes tu compra de vuelta al fabricante.<\/strong><\/p>\n<h4 data-start=\"966\" data-end=\"1022\">Casos en los que se otorgan reembolsos parciales:<\/h4>\n<ul data-start=\"1023\" data-end=\"1357\">\n<li data-start=\"1023\" data-end=\"1062\">Libros con signos evidentes de uso.<\/li>\n<li data-start=\"1063\" data-end=\"1162\">CD, DVD, cintas VHS, software, videojuegos, casetes o discos de vinilo que hayan sido abiertos.<\/li>\n<li data-start=\"1163\" data-end=\"1287\">Cualquier art\u00edculo que no est\u00e9 en su estado original, est\u00e9 da\u00f1ado o le falten partes por razones ajenas a nuestro error.<\/li>\n<li data-start=\"1288\" data-end=\"1357\">Cualquier art\u00edculo devuelto m\u00e1s de 30 d\u00edas despu\u00e9s de la entrega.<\/li>\n<\/ul>\n<h4 data-start=\"1359\" data-end=\"1376\">Reembolsos<\/h4>\n<p data-start=\"1377\" data-end=\"1505\">Una vez recibida e inspeccionada tu devoluci\u00f3n, te enviaremos un correo notific\u00e1ndote la aprobaci\u00f3n o rechazo de tu reembolso.<\/p>\n<p data-start=\"1507\" data-end=\"1644\">Si es aprobado, procesaremos el reembolso y se aplicar\u00e1 autom\u00e1ticamente a tu tarjeta de cr\u00e9dito o m\u00e9todo de pago original en unos d\u00edas.<\/p>\n<h4 data-start=\"1646\" data-end=\"1686\">Reembolsos tard\u00edos o no recibidos<\/h4>\n<p data-start=\"1687\" data-end=\"1744\">Si a\u00fan no has recibido tu reembolso, sigue estos pasos:<\/p>\n<ol data-start=\"1745\" data-end=\"1996\">\n<li data-start=\"1745\" data-end=\"1789\">Verifica nuevamente tu cuenta bancaria.<\/li>\n<li data-start=\"1790\" data-end=\"1885\">Contacta a tu compa\u00f1\u00eda de tarjeta de cr\u00e9dito, ya que puede tardar un tiempo en reflejarse.<\/li>\n<li data-start=\"1886\" data-end=\"1996\">Contacta a tu banco, ya que puede haber un tiempo de procesamiento antes de que se registre el reembolso.<\/li>\n<\/ol>\n<p data-start=\"1998\" data-end=\"2089\">Si has seguido estos pasos y a\u00fan no lo has recibido, cont\u00e1ctanos en {correo electr\u00f3nico}.<\/p>\n<h4 data-start=\"2091\" data-end=\"2117\">Art\u00edculos en oferta<\/h4>\n<p data-start=\"2118\" data-end=\"2237\">Solo los art\u00edculos a precio regular pueden ser reembolsados. Los productos en oferta no son elegibles para reembolso.<\/p>\n<h4 data-start=\"2239\" data-end=\"2253\">Cambios<\/h4>\n<p data-start=\"2254\" data-end=\"2446\">Solo reemplazamos art\u00edculos si est\u00e1n defectuosos o da\u00f1ados. Si necesitas cambiarlo por el mismo producto, env\u00edanos un correo a {correo electr\u00f3nico} y env\u00eda tu art\u00edculo a: {direcci\u00f3n f\u00edsica}.<\/p>\n<h4 data-start=\"2448\" data-end=\"2462\">Regalos<\/h4>\n<p data-start=\"2463\" data-end=\"2697\">Si el art\u00edculo fue marcado como regalo al momento de la compra y enviado directamente a ti, recibir\u00e1s un cr\u00e9dito de regalo por el valor de la devoluci\u00f3n. Una vez recibido el art\u00edculo devuelto, te enviaremos un certificado de regalo.<\/p>\n<p data-start=\"2699\" data-end=\"2870\">Si el art\u00edculo no fue marcado como regalo o el comprador original lo recibi\u00f3 primero y luego te lo entreg\u00f3, el reembolso ser\u00e1 enviado a la persona que realiz\u00f3 la compra.<\/p>\n<h4 data-start=\"2872\" data-end=\"2900\">Env\u00edo de devoluciones<\/h4>\n<p data-start=\"2901\" data-end=\"2960\">Para devolver un producto, env\u00edalo a: {direcci\u00f3n f\u00edsica}.<\/p>\n<p data-start=\"2962\" data-end=\"3133\">Los costos de env\u00edo de la devoluci\u00f3n corren por tu cuenta y no son reembolsables. Si recibes un reembolso, el costo del env\u00edo de la devoluci\u00f3n ser\u00e1 descontado del mismo.<\/p>\n<p data-start=\"3135\" data-end=\"3217\">El tiempo de llegada del producto intercambiado puede variar seg\u00fan tu ubicaci\u00f3n.<\/p>\n<p data-start=\"3219\" data-end=\"3391\">Si devuelves art\u00edculos de alto valor, considera usar un servicio de env\u00edo rastreable o contratar un seguro de env\u00edo. No garantizamos que recibiremos tu art\u00edculo devuelto.<\/p>\n<h4 data-start=\"3393\" data-end=\"3417\">\u00bfNecesitas ayuda?<\/h4>\n<p data-start=\"3418\" data-end=\"3512\" data-is-last-node=\"\">Cont\u00e1ctanos en <strong>thoroshop@thoro.com.mx<\/strong> para preguntas relacionadas con reembolsos y devoluciones.<\/p>\n<\/div>\n<\/div>\n<\/div>\n<\/div>\n\t\t\t\t\t\t\t\t<\/div>\n\t\t\t\t<\/div>\n\t\t\t\t\t<\/div>\n\t\t\t\t<\/div>\n\t\t\t\t<\/div>\n\t\t","protected":false},"excerpt":{"rendered":"<p>Pol\u00edtica de Reembolsos y Devoluciones Nuestra pol\u00edtica de reembolsos y devoluciones tiene una duraci\u00f3n de 30 d\u00edas. Si han pasado 30 d\u00edas desde tu compra, no podemos ofrecerte un reembolso completo ni un cambio. Devoluciones Para ser elegible para una devoluci\u00f3n, el art\u00edculo debe estar sin usar y en las mismas condiciones en que lo [&hellip;]<\/p>\n","protected":false},"author":1,"featured_media":0,"parent":0,"menu_order":0,"comment_status":"closed","ping_status":"closed","template":"","meta":{"_monsterinsights_skip_tracking":false,"_monsterinsights_sitenote_active":false,"_monsterinsights_sitenote_note":"","_monsterinsights_sitenote_category":0,"_joinchat":[],"footnotes":""},"class_list":["post-12","page","type-page","status-publish","hentry"],"yoast_head":"<!-- This site is optimized with the Yoast SEO plugin v27.3 - https:\/\/yoast.com\/product\/yoast-seo-wordpress\/ -->\n<title>Pol\u00edtica de devoluciones y reembolsos - Thoro enterprises de Mexico<\/title>\n<meta name=\"robots\" content=\"index, follow, max-snippet:-1, max-image-preview:large, max-video-preview:-1\" \/>\n<link rel=\"canonical\" href=\"https:\/\/thoro.com.mx\/ethoro\/refund_returns-2\/\" \/>\n<meta property=\"og:locale\" content=\"es_MX\" \/>\n<meta property=\"og:type\" content=\"article\" \/>\n<meta property=\"og:title\" content=\"Pol\u00edtica de devoluciones y reembolsos - Thoro enterprises de Mexico\" \/>\n<meta property=\"og:description\" content=\"Pol\u00edtica de Reembolsos y Devoluciones Nuestra pol\u00edtica de reembolsos y devoluciones tiene una duraci\u00f3n de 30 d\u00edas. Si han pasado 30 d\u00edas desde tu compra, no podemos ofrecerte un reembolso completo ni un cambio. Devoluciones Para ser elegible para una devoluci\u00f3n, el art\u00edculo debe estar sin usar y en las mismas condiciones en que lo [&hellip;]\" \/>\n<meta property=\"og:url\" content=\"https:\/\/thoro.com.mx\/ethoro\/refund_returns-2\/\" \/>\n<meta property=\"og:site_name\" content=\"Thoro enterprises de Mexico\" \/>\n<meta property=\"article:publisher\" content=\"https:\/\/www.facebook.com\/ThoroEnterprises\" \/>\n<meta property=\"article:modified_time\" content=\"2025-02-18T15:03:29+00:00\" \/>\n<meta name=\"twitter:card\" content=\"summary_large_image\" \/>\n<meta name=\"twitter:label1\" content=\"Tiempo de lectura\" \/>\n\t<meta name=\"twitter:data1\" content=\"3 minutos\" \/>\n<script type=\"application\/ld+json\" class=\"yoast-schema-graph\">{\"@context\":\"https:\\\/\\\/schema.org\",\"@graph\":[{\"@type\":\"WebPage\",\"@id\":\"https:\\\/\\\/thoro.com.mx\\\/ethoro\\\/refund_returns-2\\\/\",\"url\":\"https:\\\/\\\/thoro.com.mx\\\/ethoro\\\/refund_returns-2\\\/\",\"name\":\"Pol\u00edtica de devoluciones y reembolsos - Thoro enterprises de Mexico\",\"isPartOf\":{\"@id\":\"https:\\\/\\\/72.167.50.119\\\/ethoro\\\/#website\"},\"datePublished\":\"2025-02-18T15:00:39+00:00\",\"dateModified\":\"2025-02-18T15:03:29+00:00\",\"breadcrumb\":{\"@id\":\"https:\\\/\\\/thoro.com.mx\\\/ethoro\\\/refund_returns-2\\\/#breadcrumb\"},\"inLanguage\":\"es\",\"potentialAction\":[{\"@type\":\"ReadAction\",\"target\":[\"https:\\\/\\\/thoro.com.mx\\\/ethoro\\\/refund_returns-2\\\/\"]}]},{\"@type\":\"BreadcrumbList\",\"@id\":\"https:\\\/\\\/thoro.com.mx\\\/ethoro\\\/refund_returns-2\\\/#breadcrumb\",\"itemListElement\":[{\"@type\":\"ListItem\",\"position\":1,\"name\":\"Inicio\",\"item\":\"https:\\\/\\\/thoro.com.mx\\\/ethoro\\\/\"},{\"@type\":\"ListItem\",\"position\":2,\"name\":\"Pol\u00edtica de devoluciones y reembolsos\"}]},{\"@type\":\"WebSite\",\"@id\":\"https:\\\/\\\/72.167.50.119\\\/ethoro\\\/#website\",\"url\":\"https:\\\/\\\/72.167.50.119\\\/ethoro\\\/\",\"name\":\"Thoro Enterprises de M\u00e9xico\",\"description\":\"Todo en Thoro\",\"publisher\":{\"@id\":\"https:\\\/\\\/72.167.50.119\\\/ethoro\\\/#organization\"},\"alternateName\":\"Thoro shop\",\"potentialAction\":[{\"@type\":\"SearchAction\",\"target\":{\"@type\":\"EntryPoint\",\"urlTemplate\":\"https:\\\/\\\/72.167.50.119\\\/ethoro\\\/?s={search_term_string}\"},\"query-input\":{\"@type\":\"PropertyValueSpecification\",\"valueRequired\":true,\"valueName\":\"search_term_string\"}}],\"inLanguage\":\"es\"},{\"@type\":\"Organization\",\"@id\":\"https:\\\/\\\/72.167.50.119\\\/ethoro\\\/#organization\",\"name\":\"Thoro Enterprises de M\u00e9xico\",\"alternateName\":\"Thoro shop\",\"url\":\"https:\\\/\\\/72.167.50.119\\\/ethoro\\\/\",\"logo\":{\"@type\":\"ImageObject\",\"inLanguage\":\"es\",\"@id\":\"https:\\\/\\\/72.167.50.119\\\/ethoro\\\/#\\\/schema\\\/logo\\\/image\\\/\",\"url\":\"https:\\\/\\\/72.167.50.119\\\/ethoro\\\/wp-content\\\/uploads\\\/2025\\\/01\\\/cropped-cropped-icono_t-180x180-1.png\",\"contentUrl\":\"https:\\\/\\\/72.167.50.119\\\/ethoro\\\/wp-content\\\/uploads\\\/2025\\\/01\\\/cropped-cropped-icono_t-180x180-1.png\",\"width\":512,\"height\":512,\"caption\":\"Thoro Enterprises de M\u00e9xico\"},\"image\":{\"@id\":\"https:\\\/\\\/72.167.50.119\\\/ethoro\\\/#\\\/schema\\\/logo\\\/image\\\/\"},\"sameAs\":[\"https:\\\/\\\/www.facebook.com\\\/ThoroEnterprises\",\"https:\\\/\\\/www.instagram.com\\\/thoro.mexico\\\/\"]}]}<\/script>\n<!-- \/ Yoast SEO plugin. -->","yoast_head_json":{"title":"Pol\u00edtica de devoluciones y reembolsos - Thoro enterprises de Mexico","robots":{"index":"index","follow":"follow","max-snippet":"max-snippet:-1","max-image-preview":"max-image-preview:large","max-video-preview":"max-video-preview:-1"},"canonical":"https:\/\/thoro.com.mx\/ethoro\/refund_returns-2\/","og_locale":"es_MX","og_type":"article","og_title":"Pol\u00edtica de devoluciones y reembolsos - Thoro enterprises de Mexico","og_description":"Pol\u00edtica de Reembolsos y Devoluciones Nuestra pol\u00edtica de reembolsos y devoluciones tiene una duraci\u00f3n de 30 d\u00edas. Si han pasado 30 d\u00edas desde tu compra, no podemos ofrecerte un reembolso completo ni un cambio. Devoluciones Para ser elegible para una devoluci\u00f3n, el art\u00edculo debe estar sin usar y en las mismas condiciones en que lo [&hellip;]","og_url":"https:\/\/thoro.com.mx\/ethoro\/refund_returns-2\/","og_site_name":"Thoro enterprises de Mexico","article_publisher":"https:\/\/www.facebook.com\/ThoroEnterprises","article_modified_time":"2025-02-18T15:03:29+00:00","twitter_card":"summary_large_image","twitter_misc":{"Tiempo de lectura":"3 minutos"},"schema":{"@context":"https:\/\/schema.org","@graph":[{"@type":"WebPage","@id":"https:\/\/thoro.com.mx\/ethoro\/refund_returns-2\/","url":"https:\/\/thoro.com.mx\/ethoro\/refund_returns-2\/","name":"Pol\u00edtica de devoluciones y reembolsos - Thoro enterprises de Mexico","isPartOf":{"@id":"https:\/\/72.167.50.119\/ethoro\/#website"},"datePublished":"2025-02-18T15:00:39+00:00","dateModified":"2025-02-18T15:03:29+00:00","breadcrumb":{"@id":"https:\/\/thoro.com.mx\/ethoro\/refund_returns-2\/#breadcrumb"},"inLanguage":"es","potentialAction":[{"@type":"ReadAction","target":["https:\/\/thoro.com.mx\/ethoro\/refund_returns-2\/"]}]},{"@type":"BreadcrumbList","@id":"https:\/\/thoro.com.mx\/ethoro\/refund_returns-2\/#breadcrumb","itemListElement":[{"@type":"ListItem","position":1,"name":"Inicio","item":"https:\/\/thoro.com.mx\/ethoro\/"},{"@type":"ListItem","position":2,"name":"Pol\u00edtica de devoluciones y reembolsos"}]},{"@type":"WebSite","@id":"https:\/\/72.167.50.119\/ethoro\/#website","url":"https:\/\/72.167.50.119\/ethoro\/","name":"Thoro Enterprises de M\u00e9xico","description":"Todo en Thoro","publisher":{"@id":"https:\/\/72.167.50.119\/ethoro\/#organization"},"alternateName":"Thoro shop","potentialAction":[{"@type":"SearchAction","target":{"@type":"EntryPoint","urlTemplate":"https:\/\/72.167.50.119\/ethoro\/?s={search_term_string}"},"query-input":{"@type":"PropertyValueSpecification","valueRequired":true,"valueName":"search_term_string"}}],"inLanguage":"es"},{"@type":"Organization","@id":"https:\/\/72.167.50.119\/ethoro\/#organization","name":"Thoro Enterprises de M\u00e9xico","alternateName":"Thoro shop","url":"https:\/\/72.167.50.119\/ethoro\/","logo":{"@type":"ImageObject","inLanguage":"es","@id":"https:\/\/72.167.50.119\/ethoro\/#\/schema\/logo\/image\/","url":"https:\/\/72.167.50.119\/ethoro\/wp-content\/uploads\/2025\/01\/cropped-cropped-icono_t-180x180-1.png","contentUrl":"https:\/\/72.167.50.119\/ethoro\/wp-content\/uploads\/2025\/01\/cropped-cropped-icono_t-180x180-1.png","width":512,"height":512,"caption":"Thoro Enterprises de M\u00e9xico"},"image":{"@id":"https:\/\/72.167.50.119\/ethoro\/#\/schema\/logo\/image\/"},"sameAs":["https:\/\/www.facebook.com\/ThoroEnterprises","https:\/\/www.instagram.com\/thoro.mexico\/"]}]}},"_links":{"self":[{"href":"https:\/\/thoro.com.mx\/ethoro\/wp-json\/wp\/v2\/pages\/12","targetHints":{"allow":["GET"]}}],"collection":[{"href":"https:\/\/thoro.com.mx\/ethoro\/wp-json\/wp\/v2\/pages"}],"about":[{"href":"https:\/\/thoro.com.mx\/ethoro\/wp-json\/wp\/v2\/types\/page"}],"author":[{"embeddable":true,"href":"https:\/\/thoro.com.mx\/ethoro\/wp-json\/wp\/v2\/users\/1"}],"replies":[{"embeddable":true,"href":"https:\/\/thoro.com.mx\/ethoro\/wp-json\/wp\/v2\/comments?post=12"}],"version-history":[{"count":6,"href":"https:\/\/thoro.com.mx\/ethoro\/wp-json\/wp\/v2\/pages\/12\/revisions"}],"predecessor-version":[{"id":21339,"href":"https:\/\/thoro.com.mx\/ethoro\/wp-json\/wp\/v2\/pages\/12\/revisions\/21339"}],"wp:attachment":[{"href":"https:\/\/thoro.com.mx\/ethoro\/wp-json\/wp\/v2\/media?parent=12"}],"curies":[{"name":"wp","href":"https:\/\/api.w.org\/{rel}","templated":true}]}}