{"id":10017,"date":"2025-02-05T13:36:16","date_gmt":"2025-02-05T19:36:16","guid":{"rendered":"https:\/\/72.167.50.119\/ethoro\/shop\/sin categor\u00eda\/bomba-extractora-urrea-2363e-de-12-voltios-para-diesel\/"},"modified":"2025-12-12T02:57:19","modified_gmt":"2025-12-12T08:57:19","slug":"bomba-extractora-urrea-2363e-de-12-voltios-para-diesel","status":"publish","type":"product","link":"https:\/\/thoro.com.mx\/ethoro\/shop\/herramientas\/herramientas-manuales\/bombas-extractoras-herramientas-manuales\/bomba-extractora-urrea-2363e-de-12-voltios-para-diesel\/","title":{"rendered":"BOMBA EXTRACTORA URREA 2363E DE 12 VOLTIOS PARA DIESEL"},"content":{"rendered":"<h4>2363E<\/h4>\n<ul>\n<li>Cuenta con pistola dispensadora con boquilla de acero inoxidable de \u00be\u201d. Adaptador de 2\u201d para contenedores de hasta 205 litros. Tubo de succi\u00f3n con filtro. <\/li>\n<li>Cable de bater\u00eda de 3.6 m de longitud con clips tipo caim\u00e1n. Flujo de hasta 18.3 L por minuto. Fabricada en Polioximetileno. Bater\u00eda 12 V DC.<\/li>\n<li>Manguera flexible de 2 m de largo por 1\u201d de di\u00e1metro.<\/li>\n<li>Accionamiento: Pistola Dispensadora<\/li>\n<li>Cableado \/ Sin Cable: Cable 4M Con Conector Tipo Caim\u00e1n<\/li>\n<li>Capacidad De Contenedor: 50 A 205 L<\/li>\n<li>Ciclo De Trabajo: 15 Min Encencida\/15 Min Apagada<\/li>\n<li>Di\u00e1metro De Rosca: 2&#8243; Con Adaptador Para 2 1\/2&#8243;<\/li>\n<li>Di\u00e1metro De Tubo: 1&#8243; (25.4 Mm)<\/li>\n<li>Incluye: Adaptador De Rosca 2 1\/2&#8243;&#8221; X 5Mm<\/li>\n<li>Longitud: 124.5 Cm<\/li>\n<li>Para Su Uso Con: Tambo<\/li>\n<li>Material De Cuerpo: Polioximetileno<\/li>\n<li>Resistencia: Di\u00e9sel, Queroseno, Biodi\u00e9sel, Def, Fluidos Base Ag<\/li>\n<li>Suministro Por Bombeo: 18.4 L Por Minuto<\/li>\n<li>Temperatura: 5\u00b0 A 40\u00b0 C<\/li>\n<li>Tipo De Motor: Dc Brush (5 Polos)<\/li>\n<li>Voltaje: 12 V Dc<\/li>\n<\/ul>\n","protected":false},"excerpt":{"rendered":"<p>2363E Cuenta con pistola dispensadora con boquilla de acero inoxidable de \u00be\u201d. Adaptador de 2\u201d para contenedores de hasta 205 litros. Tubo de succi\u00f3n con filtro. Cable de bater\u00eda de 3.6 m de longitud con clips tipo caim\u00e1n. Flujo de hasta 18.3 L por minuto. Fabricada en Polioximetileno. Bater\u00eda 12 V DC. Manguera flexible de [&hellip;]<\/p>\n","protected":false},"featured_media":10016,"comment_status":"open","ping_status":"closed","template":"","meta":{"_monsterinsights_skip_tracking":false,"_monsterinsights_sitenote_active":false,"_monsterinsights_sitenote_note":"","_monsterinsights_sitenote_category":0,"_joinchat":[]},"product_brand":[],"product_cat":[497],"product_tag":[],"class_list":{"0":"post-10017","1":"product","2":"type-product","3":"status-publish","4":"has-post-thumbnail","6":"product_cat-bombas-extractoras-herramientas-manuales","8":"first","9":"outofstock","10":"taxable","11":"shipping-taxable","12":"purchasable","13":"product-type-simple","14":"add-to-wishlist-after_add_to_cart"},"yoast_head":"<!-- This site is optimized with the Yoast SEO plugin v27.3 - https:\/\/yoast.com\/product\/yoast-seo-wordpress\/ -->\n<title>BOMBA EXTRACTORA URREA 2363E DE 12 VOLTIOS PARA DIESEL - Thoro enterprises de Mexico<\/title>\n<meta name=\"robots\" content=\"noindex, follow\" \/>\n<meta property=\"og:locale\" content=\"es_MX\" \/>\n<meta property=\"og:type\" content=\"article\" \/>\n<meta property=\"og:title\" content=\"BOMBA EXTRACTORA URREA 2363E DE 12 VOLTIOS PARA DIESEL - Thoro enterprises de Mexico\" \/>\n<meta property=\"og:description\" content=\"2363E Cuenta con pistola dispensadora con boquilla de acero inoxidable de \u00be\u201d. Adaptador de 2\u201d para contenedores de hasta 205 litros. Tubo de succi\u00f3n con filtro. Cable de bater\u00eda de 3.6 m de longitud con clips tipo caim\u00e1n. Flujo de hasta 18.3 L por minuto. Fabricada en Polioximetileno. Bater\u00eda 12 V DC. Manguera flexible de [&hellip;]\" \/>\n<meta property=\"og:url\" content=\"https:\/\/thoro.com.mx\/ethoro\/shop\/herramientas\/herramientas-manuales\/bombas-extractoras-herramientas-manuales\/bomba-extractora-urrea-2363e-de-12-voltios-para-diesel\/\" \/>\n<meta property=\"og:site_name\" content=\"Thoro enterprises de Mexico\" \/>\n<meta property=\"article:publisher\" content=\"https:\/\/www.facebook.com\/ThoroEnterprises\" \/>\n<meta property=\"article:modified_time\" content=\"2025-12-12T08:57:19+00:00\" \/>\n<meta property=\"og:image\" content=\"https:\/\/thoro.com.mx\/ethoro\/wp-content\/uploads\/2025\/02\/H4384.jpg\" \/>\n\t<meta property=\"og:image:width\" content=\"1000\" \/>\n\t<meta property=\"og:image:height\" content=\"1000\" \/>\n\t<meta property=\"og:image:type\" content=\"image\/jpeg\" \/>\n<meta name=\"twitter:card\" content=\"summary_large_image\" \/>\n<meta name=\"twitter:label1\" content=\"Tiempo de lectura\" \/>\n\t<meta name=\"twitter:data1\" content=\"1 minuto\" \/>\n<script type=\"application\/ld+json\" class=\"yoast-schema-graph\">{\"@context\":\"https:\\\/\\\/schema.org\",\"@graph\":[{\"@type\":\"WebPage\",\"@id\":\"https:\\\/\\\/thoro.com.mx\\\/ethoro\\\/shop\\\/herramientas\\\/herramientas-manuales\\\/bombas-extractoras-herramientas-manuales\\\/bomba-extractora-urrea-2363e-de-12-voltios-para-diesel\\\/\",\"url\":\"https:\\\/\\\/thoro.com.mx\\\/ethoro\\\/shop\\\/herramientas\\\/herramientas-manuales\\\/bombas-extractoras-herramientas-manuales\\\/bomba-extractora-urrea-2363e-de-12-voltios-para-diesel\\\/\",\"name\":\"BOMBA EXTRACTORA URREA 2363E DE 12 VOLTIOS PARA DIESEL - Thoro enterprises de Mexico\",\"isPartOf\":{\"@id\":\"https:\\\/\\\/72.167.50.119\\\/ethoro\\\/#website\"},\"primaryImageOfPage\":{\"@id\":\"https:\\\/\\\/thoro.com.mx\\\/ethoro\\\/shop\\\/herramientas\\\/herramientas-manuales\\\/bombas-extractoras-herramientas-manuales\\\/bomba-extractora-urrea-2363e-de-12-voltios-para-diesel\\\/#primaryimage\"},\"image\":{\"@id\":\"https:\\\/\\\/thoro.com.mx\\\/ethoro\\\/shop\\\/herramientas\\\/herramientas-manuales\\\/bombas-extractoras-herramientas-manuales\\\/bomba-extractora-urrea-2363e-de-12-voltios-para-diesel\\\/#primaryimage\"},\"thumbnailUrl\":\"https:\\\/\\\/thoro.com.mx\\\/ethoro\\\/wp-content\\\/uploads\\\/2025\\\/02\\\/H4384.jpg\",\"datePublished\":\"2025-02-05T19:36:16+00:00\",\"dateModified\":\"2025-12-12T08:57:19+00:00\",\"breadcrumb\":{\"@id\":\"https:\\\/\\\/thoro.com.mx\\\/ethoro\\\/shop\\\/herramientas\\\/herramientas-manuales\\\/bombas-extractoras-herramientas-manuales\\\/bomba-extractora-urrea-2363e-de-12-voltios-para-diesel\\\/#breadcrumb\"},\"inLanguage\":\"es\",\"potentialAction\":[{\"@type\":\"ReadAction\",\"target\":[\"https:\\\/\\\/thoro.com.mx\\\/ethoro\\\/shop\\\/herramientas\\\/herramientas-manuales\\\/bombas-extractoras-herramientas-manuales\\\/bomba-extractora-urrea-2363e-de-12-voltios-para-diesel\\\/\"]}]},{\"@type\":\"ImageObject\",\"inLanguage\":\"es\",\"@id\":\"https:\\\/\\\/thoro.com.mx\\\/ethoro\\\/shop\\\/herramientas\\\/herramientas-manuales\\\/bombas-extractoras-herramientas-manuales\\\/bomba-extractora-urrea-2363e-de-12-voltios-para-diesel\\\/#primaryimage\",\"url\":\"https:\\\/\\\/thoro.com.mx\\\/ethoro\\\/wp-content\\\/uploads\\\/2025\\\/02\\\/H4384.jpg\",\"contentUrl\":\"https:\\\/\\\/thoro.com.mx\\\/ethoro\\\/wp-content\\\/uploads\\\/2025\\\/02\\\/H4384.jpg\",\"width\":1000,\"height\":1000},{\"@type\":\"BreadcrumbList\",\"@id\":\"https:\\\/\\\/thoro.com.mx\\\/ethoro\\\/shop\\\/herramientas\\\/herramientas-manuales\\\/bombas-extractoras-herramientas-manuales\\\/bomba-extractora-urrea-2363e-de-12-voltios-para-diesel\\\/#breadcrumb\",\"itemListElement\":[{\"@type\":\"ListItem\",\"position\":1,\"name\":\"Inicio\",\"item\":\"https:\\\/\\\/thoro.com.mx\\\/ethoro\\\/\"},{\"@type\":\"ListItem\",\"position\":2,\"name\":\"Tienda\",\"item\":\"https:\\\/\\\/thoro.com.mx\\\/ethoro\\\/shop\\\/\"},{\"@type\":\"ListItem\",\"position\":3,\"name\":\"BOMBA EXTRACTORA URREA 2363E DE 12 VOLTIOS PARA DIESEL\"}]},{\"@type\":\"WebSite\",\"@id\":\"https:\\\/\\\/72.167.50.119\\\/ethoro\\\/#website\",\"url\":\"https:\\\/\\\/72.167.50.119\\\/ethoro\\\/\",\"name\":\"Thoro Enterprises de M\u00e9xico\",\"description\":\"Todo en Thoro\",\"publisher\":{\"@id\":\"https:\\\/\\\/72.167.50.119\\\/ethoro\\\/#organization\"},\"alternateName\":\"Thoro shop\",\"potentialAction\":[{\"@type\":\"SearchAction\",\"target\":{\"@type\":\"EntryPoint\",\"urlTemplate\":\"https:\\\/\\\/72.167.50.119\\\/ethoro\\\/?s={search_term_string}\"},\"query-input\":{\"@type\":\"PropertyValueSpecification\",\"valueRequired\":true,\"valueName\":\"search_term_string\"}}],\"inLanguage\":\"es\"},{\"@type\":\"Organization\",\"@id\":\"https:\\\/\\\/72.167.50.119\\\/ethoro\\\/#organization\",\"name\":\"Thoro Enterprises de M\u00e9xico\",\"alternateName\":\"Thoro shop\",\"url\":\"https:\\\/\\\/72.167.50.119\\\/ethoro\\\/\",\"logo\":{\"@type\":\"ImageObject\",\"inLanguage\":\"es\",\"@id\":\"https:\\\/\\\/72.167.50.119\\\/ethoro\\\/#\\\/schema\\\/logo\\\/image\\\/\",\"url\":\"https:\\\/\\\/72.167.50.119\\\/ethoro\\\/wp-content\\\/uploads\\\/2025\\\/01\\\/cropped-cropped-icono_t-180x180-1.png\",\"contentUrl\":\"https:\\\/\\\/72.167.50.119\\\/ethoro\\\/wp-content\\\/uploads\\\/2025\\\/01\\\/cropped-cropped-icono_t-180x180-1.png\",\"width\":512,\"height\":512,\"caption\":\"Thoro Enterprises de M\u00e9xico\"},\"image\":{\"@id\":\"https:\\\/\\\/72.167.50.119\\\/ethoro\\\/#\\\/schema\\\/logo\\\/image\\\/\"},\"sameAs\":[\"https:\\\/\\\/www.facebook.com\\\/ThoroEnterprises\",\"https:\\\/\\\/www.instagram.com\\\/thoro.mexico\\\/\"]}]}<\/script>\n<!-- \/ Yoast SEO plugin. -->","yoast_head_json":{"title":"BOMBA EXTRACTORA URREA 2363E DE 12 VOLTIOS PARA DIESEL - Thoro enterprises de Mexico","robots":{"index":"noindex","follow":"follow"},"og_locale":"es_MX","og_type":"article","og_title":"BOMBA EXTRACTORA URREA 2363E DE 12 VOLTIOS PARA DIESEL - Thoro enterprises de Mexico","og_description":"2363E Cuenta con pistola dispensadora con boquilla de acero inoxidable de \u00be\u201d. Adaptador de 2\u201d para contenedores de hasta 205 litros. Tubo de succi\u00f3n con filtro. Cable de bater\u00eda de 3.6 m de longitud con clips tipo caim\u00e1n. Flujo de hasta 18.3 L por minuto. Fabricada en Polioximetileno. Bater\u00eda 12 V DC. Manguera flexible de [&hellip;]","og_url":"https:\/\/thoro.com.mx\/ethoro\/shop\/herramientas\/herramientas-manuales\/bombas-extractoras-herramientas-manuales\/bomba-extractora-urrea-2363e-de-12-voltios-para-diesel\/","og_site_name":"Thoro enterprises de Mexico","article_publisher":"https:\/\/www.facebook.com\/ThoroEnterprises","article_modified_time":"2025-12-12T08:57:19+00:00","og_image":[{"width":1000,"height":1000,"url":"https:\/\/thoro.com.mx\/ethoro\/wp-content\/uploads\/2025\/02\/H4384.jpg","type":"image\/jpeg"}],"twitter_card":"summary_large_image","twitter_misc":{"Tiempo de lectura":"1 minuto"},"schema":{"@context":"https:\/\/schema.org","@graph":[{"@type":"WebPage","@id":"https:\/\/thoro.com.mx\/ethoro\/shop\/herramientas\/herramientas-manuales\/bombas-extractoras-herramientas-manuales\/bomba-extractora-urrea-2363e-de-12-voltios-para-diesel\/","url":"https:\/\/thoro.com.mx\/ethoro\/shop\/herramientas\/herramientas-manuales\/bombas-extractoras-herramientas-manuales\/bomba-extractora-urrea-2363e-de-12-voltios-para-diesel\/","name":"BOMBA EXTRACTORA URREA 2363E DE 12 VOLTIOS PARA DIESEL - Thoro enterprises de Mexico","isPartOf":{"@id":"https:\/\/72.167.50.119\/ethoro\/#website"},"primaryImageOfPage":{"@id":"https:\/\/thoro.com.mx\/ethoro\/shop\/herramientas\/herramientas-manuales\/bombas-extractoras-herramientas-manuales\/bomba-extractora-urrea-2363e-de-12-voltios-para-diesel\/#primaryimage"},"image":{"@id":"https:\/\/thoro.com.mx\/ethoro\/shop\/herramientas\/herramientas-manuales\/bombas-extractoras-herramientas-manuales\/bomba-extractora-urrea-2363e-de-12-voltios-para-diesel\/#primaryimage"},"thumbnailUrl":"https:\/\/thoro.com.mx\/ethoro\/wp-content\/uploads\/2025\/02\/H4384.jpg","datePublished":"2025-02-05T19:36:16+00:00","dateModified":"2025-12-12T08:57:19+00:00","breadcrumb":{"@id":"https:\/\/thoro.com.mx\/ethoro\/shop\/herramientas\/herramientas-manuales\/bombas-extractoras-herramientas-manuales\/bomba-extractora-urrea-2363e-de-12-voltios-para-diesel\/#breadcrumb"},"inLanguage":"es","potentialAction":[{"@type":"ReadAction","target":["https:\/\/thoro.com.mx\/ethoro\/shop\/herramientas\/herramientas-manuales\/bombas-extractoras-herramientas-manuales\/bomba-extractora-urrea-2363e-de-12-voltios-para-diesel\/"]}]},{"@type":"ImageObject","inLanguage":"es","@id":"https:\/\/thoro.com.mx\/ethoro\/shop\/herramientas\/herramientas-manuales\/bombas-extractoras-herramientas-manuales\/bomba-extractora-urrea-2363e-de-12-voltios-para-diesel\/#primaryimage","url":"https:\/\/thoro.com.mx\/ethoro\/wp-content\/uploads\/2025\/02\/H4384.jpg","contentUrl":"https:\/\/thoro.com.mx\/ethoro\/wp-content\/uploads\/2025\/02\/H4384.jpg","width":1000,"height":1000},{"@type":"BreadcrumbList","@id":"https:\/\/thoro.com.mx\/ethoro\/shop\/herramientas\/herramientas-manuales\/bombas-extractoras-herramientas-manuales\/bomba-extractora-urrea-2363e-de-12-voltios-para-diesel\/#breadcrumb","itemListElement":[{"@type":"ListItem","position":1,"name":"Inicio","item":"https:\/\/thoro.com.mx\/ethoro\/"},{"@type":"ListItem","position":2,"name":"Tienda","item":"https:\/\/thoro.com.mx\/ethoro\/shop\/"},{"@type":"ListItem","position":3,"name":"BOMBA EXTRACTORA URREA 2363E DE 12 VOLTIOS PARA DIESEL"}]},{"@type":"WebSite","@id":"https:\/\/72.167.50.119\/ethoro\/#website","url":"https:\/\/72.167.50.119\/ethoro\/","name":"Thoro Enterprises de M\u00e9xico","description":"Todo en Thoro","publisher":{"@id":"https:\/\/72.167.50.119\/ethoro\/#organization"},"alternateName":"Thoro shop","potentialAction":[{"@type":"SearchAction","target":{"@type":"EntryPoint","urlTemplate":"https:\/\/72.167.50.119\/ethoro\/?s={search_term_string}"},"query-input":{"@type":"PropertyValueSpecification","valueRequired":true,"valueName":"search_term_string"}}],"inLanguage":"es"},{"@type":"Organization","@id":"https:\/\/72.167.50.119\/ethoro\/#organization","name":"Thoro Enterprises de M\u00e9xico","alternateName":"Thoro shop","url":"https:\/\/72.167.50.119\/ethoro\/","logo":{"@type":"ImageObject","inLanguage":"es","@id":"https:\/\/72.167.50.119\/ethoro\/#\/schema\/logo\/image\/","url":"https:\/\/72.167.50.119\/ethoro\/wp-content\/uploads\/2025\/01\/cropped-cropped-icono_t-180x180-1.png","contentUrl":"https:\/\/72.167.50.119\/ethoro\/wp-content\/uploads\/2025\/01\/cropped-cropped-icono_t-180x180-1.png","width":512,"height":512,"caption":"Thoro Enterprises de M\u00e9xico"},"image":{"@id":"https:\/\/72.167.50.119\/ethoro\/#\/schema\/logo\/image\/"},"sameAs":["https:\/\/www.facebook.com\/ThoroEnterprises","https:\/\/www.instagram.com\/thoro.mexico\/"]}]}},"_links":{"self":[{"href":"https:\/\/thoro.com.mx\/ethoro\/wp-json\/wp\/v2\/product\/10017","targetHints":{"allow":["GET"]}}],"collection":[{"href":"https:\/\/thoro.com.mx\/ethoro\/wp-json\/wp\/v2\/product"}],"about":[{"href":"https:\/\/thoro.com.mx\/ethoro\/wp-json\/wp\/v2\/types\/product"}],"replies":[{"embeddable":true,"href":"https:\/\/thoro.com.mx\/ethoro\/wp-json\/wp\/v2\/comments?post=10017"}],"wp:featuredmedia":[{"embeddable":true,"href":"https:\/\/thoro.com.mx\/ethoro\/wp-json\/wp\/v2\/media\/10016"}],"wp:attachment":[{"href":"https:\/\/thoro.com.mx\/ethoro\/wp-json\/wp\/v2\/media?parent=10017"}],"wp:term":[{"taxonomy":"product_brand","embeddable":true,"href":"https:\/\/thoro.com.mx\/ethoro\/wp-json\/wp\/v2\/product_brand?post=10017"},{"taxonomy":"product_cat","embeddable":true,"href":"https:\/\/thoro.com.mx\/ethoro\/wp-json\/wp\/v2\/product_cat?post=10017"},{"taxonomy":"product_tag","embeddable":true,"href":"https:\/\/thoro.com.mx\/ethoro\/wp-json\/wp\/v2\/product_tag?post=10017"}],"curies":[{"name":"wp","href":"https:\/\/api.w.org\/{rel}","templated":true}]}}