{"id":10021,"date":"2025-02-05T13:36:19","date_gmt":"2025-02-05T19:36:19","guid":{"rendered":"https:\/\/72.167.50.119\/ethoro\/shop\/sin categor\u00eda\/magnetizador-desmagnetizador-urrea-9888-para-puntas-de-destornillador\/"},"modified":"2026-04-07T00:51:04","modified_gmt":"2026-04-07T06:51:04","slug":"magnetizador-desmagnetizador-urrea-9888-para-puntas-de-destornillador","status":"publish","type":"product","link":"https:\/\/thoro.com.mx\/ethoro\/shop\/herramientas\/herramientas-manuales\/desarmadores-y-puntas\/magnetizador-desmagnetizador-urrea-9888-para-puntas-de-destornillador\/","title":{"rendered":"MAGNETIZADOR DESMAGNETIZADOR URREA 9888 PARA PUNTAS DE DESTORNILLADOR"},"content":{"rendered":"<h4>9888<\/h4>\n<ul>\n<li>Para imantar la punta del destornillador introd\u00fazcala en la cavidad del polo positivo, as\u00ed obtendr\u00e1 una funci\u00f3n que le permitir\u00e1 la colocaci\u00f3n de tornillos en lugares estrechos, sacarlos si es que se le han ca\u00eddo, y si lo que requiere es trabajar con partes electr\u00f3nicas que requieren herramientas desmagnetizadas introduzca la punta en la cavidad del polo negativo<\/li>\n<li>Dimensiones 2-3\/16&#8243; X 1-15\/16&#8243; X 1-1\/8&#8243;<\/li>\n<\/ul>\n","protected":false},"excerpt":{"rendered":"<p>9888 Para imantar la punta del destornillador introd\u00fazcala en la cavidad del polo positivo, as\u00ed obtendr\u00e1 una funci\u00f3n que le permitir\u00e1 la colocaci\u00f3n de tornillos en lugares estrechos, sacarlos si es que se le han ca\u00eddo, y si lo que requiere es trabajar con partes electr\u00f3nicas que requieren herramientas desmagnetizadas introduzca la punta en la [&hellip;]<\/p>\n","protected":false},"featured_media":10020,"comment_status":"open","ping_status":"closed","template":"","meta":{"_monsterinsights_skip_tracking":false,"_monsterinsights_sitenote_active":false,"_monsterinsights_sitenote_note":"","_monsterinsights_sitenote_category":0,"_joinchat":[]},"product_brand":[],"product_cat":[313],"product_tag":[],"class_list":{"0":"post-10021","1":"product","2":"type-product","3":"status-publish","4":"has-post-thumbnail","6":"product_cat-desarmadores-y-puntas","8":"first","9":"instock","10":"sale","11":"taxable","12":"shipping-taxable","13":"purchasable","14":"product-type-simple","15":"add-to-wishlist-after_add_to_cart"},"yoast_head":"<!-- This site is optimized with the Yoast SEO plugin v27.1.1 - https:\/\/yoast.com\/product\/yoast-seo-wordpress\/ -->\n<title>MAGNETIZADOR DESMAGNETIZADOR URREA 9888 PARA PUNTAS DE DESTORNILLADOR - Thoro enterprises de Mexico<\/title>\n<meta name=\"robots\" content=\"noindex, follow\" \/>\n<meta property=\"og:locale\" content=\"es_MX\" \/>\n<meta property=\"og:type\" content=\"article\" \/>\n<meta property=\"og:title\" content=\"MAGNETIZADOR DESMAGNETIZADOR URREA 9888 PARA PUNTAS DE DESTORNILLADOR - Thoro enterprises de Mexico\" \/>\n<meta property=\"og:description\" content=\"9888 Para imantar la punta del destornillador introd\u00fazcala en la cavidad del polo positivo, as\u00ed obtendr\u00e1 una funci\u00f3n que le permitir\u00e1 la colocaci\u00f3n de tornillos en lugares estrechos, sacarlos si es que se le han ca\u00eddo, y si lo que requiere es trabajar con partes electr\u00f3nicas que requieren herramientas desmagnetizadas introduzca la punta en la [&hellip;]\" \/>\n<meta property=\"og:url\" content=\"https:\/\/thoro.com.mx\/ethoro\/shop\/herramientas\/herramientas-manuales\/desarmadores-y-puntas\/magnetizador-desmagnetizador-urrea-9888-para-puntas-de-destornillador\/\" \/>\n<meta property=\"og:site_name\" content=\"Thoro enterprises de Mexico\" \/>\n<meta property=\"article:publisher\" content=\"https:\/\/www.facebook.com\/ThoroEnterprises\" \/>\n<meta property=\"article:modified_time\" content=\"2026-04-07T06:51:04+00:00\" \/>\n<meta property=\"og:image\" content=\"https:\/\/thoro.com.mx\/ethoro\/wp-content\/uploads\/2025\/02\/H4409.jpg\" \/>\n\t<meta property=\"og:image:width\" content=\"1000\" \/>\n\t<meta property=\"og:image:height\" content=\"1000\" \/>\n\t<meta property=\"og:image:type\" content=\"image\/jpeg\" \/>\n<meta name=\"twitter:card\" content=\"summary_large_image\" \/>\n<script type=\"application\/ld+json\" class=\"yoast-schema-graph\">{\"@context\":\"https:\/\/schema.org\",\"@graph\":[{\"@type\":\"WebPage\",\"@id\":\"https:\/\/thoro.com.mx\/ethoro\/shop\/herramientas\/herramientas-manuales\/desarmadores-y-puntas\/magnetizador-desmagnetizador-urrea-9888-para-puntas-de-destornillador\/\",\"url\":\"https:\/\/thoro.com.mx\/ethoro\/shop\/herramientas\/herramientas-manuales\/desarmadores-y-puntas\/magnetizador-desmagnetizador-urrea-9888-para-puntas-de-destornillador\/\",\"name\":\"MAGNETIZADOR DESMAGNETIZADOR URREA 9888 PARA PUNTAS DE DESTORNILLADOR - Thoro enterprises de Mexico\",\"isPartOf\":{\"@id\":\"https:\/\/72.167.50.119\/ethoro\/#website\"},\"primaryImageOfPage\":{\"@id\":\"https:\/\/thoro.com.mx\/ethoro\/shop\/herramientas\/herramientas-manuales\/desarmadores-y-puntas\/magnetizador-desmagnetizador-urrea-9888-para-puntas-de-destornillador\/#primaryimage\"},\"image\":{\"@id\":\"https:\/\/thoro.com.mx\/ethoro\/shop\/herramientas\/herramientas-manuales\/desarmadores-y-puntas\/magnetizador-desmagnetizador-urrea-9888-para-puntas-de-destornillador\/#primaryimage\"},\"thumbnailUrl\":\"https:\/\/thoro.com.mx\/ethoro\/wp-content\/uploads\/2025\/02\/H4409.jpg\",\"datePublished\":\"2025-02-05T19:36:19+00:00\",\"dateModified\":\"2026-04-07T06:51:04+00:00\",\"breadcrumb\":{\"@id\":\"https:\/\/thoro.com.mx\/ethoro\/shop\/herramientas\/herramientas-manuales\/desarmadores-y-puntas\/magnetizador-desmagnetizador-urrea-9888-para-puntas-de-destornillador\/#breadcrumb\"},\"inLanguage\":\"es\",\"potentialAction\":[{\"@type\":\"ReadAction\",\"target\":[\"https:\/\/thoro.com.mx\/ethoro\/shop\/herramientas\/herramientas-manuales\/desarmadores-y-puntas\/magnetizador-desmagnetizador-urrea-9888-para-puntas-de-destornillador\/\"]}]},{\"@type\":\"ImageObject\",\"inLanguage\":\"es\",\"@id\":\"https:\/\/thoro.com.mx\/ethoro\/shop\/herramientas\/herramientas-manuales\/desarmadores-y-puntas\/magnetizador-desmagnetizador-urrea-9888-para-puntas-de-destornillador\/#primaryimage\",\"url\":\"https:\/\/thoro.com.mx\/ethoro\/wp-content\/uploads\/2025\/02\/H4409.jpg\",\"contentUrl\":\"https:\/\/thoro.com.mx\/ethoro\/wp-content\/uploads\/2025\/02\/H4409.jpg\",\"width\":1000,\"height\":1000},{\"@type\":\"BreadcrumbList\",\"@id\":\"https:\/\/thoro.com.mx\/ethoro\/shop\/herramientas\/herramientas-manuales\/desarmadores-y-puntas\/magnetizador-desmagnetizador-urrea-9888-para-puntas-de-destornillador\/#breadcrumb\",\"itemListElement\":[{\"@type\":\"ListItem\",\"position\":1,\"name\":\"Inicio\",\"item\":\"https:\/\/thoro.com.mx\/ethoro\/\"},{\"@type\":\"ListItem\",\"position\":2,\"name\":\"Tienda\",\"item\":\"https:\/\/thoro.com.mx\/ethoro\/shop\/\"},{\"@type\":\"ListItem\",\"position\":3,\"name\":\"MAGNETIZADOR DESMAGNETIZADOR URREA 9888 PARA PUNTAS DE DESTORNILLADOR\"}]},{\"@type\":\"WebSite\",\"@id\":\"https:\/\/72.167.50.119\/ethoro\/#website\",\"url\":\"https:\/\/72.167.50.119\/ethoro\/\",\"name\":\"Thoro Enterprises de M\u00e9xico\",\"description\":\"Todo en Thoro\",\"publisher\":{\"@id\":\"https:\/\/72.167.50.119\/ethoro\/#organization\"},\"alternateName\":\"Thoro shop\",\"potentialAction\":[{\"@type\":\"SearchAction\",\"target\":{\"@type\":\"EntryPoint\",\"urlTemplate\":\"https:\/\/72.167.50.119\/ethoro\/?s={search_term_string}\"},\"query-input\":{\"@type\":\"PropertyValueSpecification\",\"valueRequired\":true,\"valueName\":\"search_term_string\"}}],\"inLanguage\":\"es\"},{\"@type\":\"Organization\",\"@id\":\"https:\/\/72.167.50.119\/ethoro\/#organization\",\"name\":\"Thoro Enterprises de M\u00e9xico\",\"alternateName\":\"Thoro shop\",\"url\":\"https:\/\/72.167.50.119\/ethoro\/\",\"logo\":{\"@type\":\"ImageObject\",\"inLanguage\":\"es\",\"@id\":\"https:\/\/72.167.50.119\/ethoro\/#\/schema\/logo\/image\/\",\"url\":\"https:\/\/72.167.50.119\/ethoro\/wp-content\/uploads\/2025\/01\/cropped-cropped-icono_t-180x180-1.png\",\"contentUrl\":\"https:\/\/72.167.50.119\/ethoro\/wp-content\/uploads\/2025\/01\/cropped-cropped-icono_t-180x180-1.png\",\"width\":512,\"height\":512,\"caption\":\"Thoro Enterprises de M\u00e9xico\"},\"image\":{\"@id\":\"https:\/\/72.167.50.119\/ethoro\/#\/schema\/logo\/image\/\"},\"sameAs\":[\"https:\/\/www.facebook.com\/ThoroEnterprises\",\"https:\/\/www.instagram.com\/thoro.mexico\/\"]}]}<\/script>\n<!-- \/ Yoast SEO plugin. -->","yoast_head_json":{"title":"MAGNETIZADOR DESMAGNETIZADOR URREA 9888 PARA PUNTAS DE DESTORNILLADOR - Thoro enterprises de Mexico","robots":{"index":"noindex","follow":"follow"},"og_locale":"es_MX","og_type":"article","og_title":"MAGNETIZADOR DESMAGNETIZADOR URREA 9888 PARA PUNTAS DE DESTORNILLADOR - Thoro enterprises de Mexico","og_description":"9888 Para imantar la punta del destornillador introd\u00fazcala en la cavidad del polo positivo, as\u00ed obtendr\u00e1 una funci\u00f3n que le permitir\u00e1 la colocaci\u00f3n de tornillos en lugares estrechos, sacarlos si es que se le han ca\u00eddo, y si lo que requiere es trabajar con partes electr\u00f3nicas que requieren herramientas desmagnetizadas introduzca la punta en la [&hellip;]","og_url":"https:\/\/thoro.com.mx\/ethoro\/shop\/herramientas\/herramientas-manuales\/desarmadores-y-puntas\/magnetizador-desmagnetizador-urrea-9888-para-puntas-de-destornillador\/","og_site_name":"Thoro enterprises de Mexico","article_publisher":"https:\/\/www.facebook.com\/ThoroEnterprises","article_modified_time":"2026-04-07T06:51:04+00:00","og_image":[{"width":1000,"height":1000,"url":"https:\/\/thoro.com.mx\/ethoro\/wp-content\/uploads\/2025\/02\/H4409.jpg","type":"image\/jpeg"}],"twitter_card":"summary_large_image","schema":{"@context":"https:\/\/schema.org","@graph":[{"@type":"WebPage","@id":"https:\/\/thoro.com.mx\/ethoro\/shop\/herramientas\/herramientas-manuales\/desarmadores-y-puntas\/magnetizador-desmagnetizador-urrea-9888-para-puntas-de-destornillador\/","url":"https:\/\/thoro.com.mx\/ethoro\/shop\/herramientas\/herramientas-manuales\/desarmadores-y-puntas\/magnetizador-desmagnetizador-urrea-9888-para-puntas-de-destornillador\/","name":"MAGNETIZADOR DESMAGNETIZADOR URREA 9888 PARA PUNTAS DE DESTORNILLADOR - Thoro enterprises de Mexico","isPartOf":{"@id":"https:\/\/72.167.50.119\/ethoro\/#website"},"primaryImageOfPage":{"@id":"https:\/\/thoro.com.mx\/ethoro\/shop\/herramientas\/herramientas-manuales\/desarmadores-y-puntas\/magnetizador-desmagnetizador-urrea-9888-para-puntas-de-destornillador\/#primaryimage"},"image":{"@id":"https:\/\/thoro.com.mx\/ethoro\/shop\/herramientas\/herramientas-manuales\/desarmadores-y-puntas\/magnetizador-desmagnetizador-urrea-9888-para-puntas-de-destornillador\/#primaryimage"},"thumbnailUrl":"https:\/\/thoro.com.mx\/ethoro\/wp-content\/uploads\/2025\/02\/H4409.jpg","datePublished":"2025-02-05T19:36:19+00:00","dateModified":"2026-04-07T06:51:04+00:00","breadcrumb":{"@id":"https:\/\/thoro.com.mx\/ethoro\/shop\/herramientas\/herramientas-manuales\/desarmadores-y-puntas\/magnetizador-desmagnetizador-urrea-9888-para-puntas-de-destornillador\/#breadcrumb"},"inLanguage":"es","potentialAction":[{"@type":"ReadAction","target":["https:\/\/thoro.com.mx\/ethoro\/shop\/herramientas\/herramientas-manuales\/desarmadores-y-puntas\/magnetizador-desmagnetizador-urrea-9888-para-puntas-de-destornillador\/"]}]},{"@type":"ImageObject","inLanguage":"es","@id":"https:\/\/thoro.com.mx\/ethoro\/shop\/herramientas\/herramientas-manuales\/desarmadores-y-puntas\/magnetizador-desmagnetizador-urrea-9888-para-puntas-de-destornillador\/#primaryimage","url":"https:\/\/thoro.com.mx\/ethoro\/wp-content\/uploads\/2025\/02\/H4409.jpg","contentUrl":"https:\/\/thoro.com.mx\/ethoro\/wp-content\/uploads\/2025\/02\/H4409.jpg","width":1000,"height":1000},{"@type":"BreadcrumbList","@id":"https:\/\/thoro.com.mx\/ethoro\/shop\/herramientas\/herramientas-manuales\/desarmadores-y-puntas\/magnetizador-desmagnetizador-urrea-9888-para-puntas-de-destornillador\/#breadcrumb","itemListElement":[{"@type":"ListItem","position":1,"name":"Inicio","item":"https:\/\/thoro.com.mx\/ethoro\/"},{"@type":"ListItem","position":2,"name":"Tienda","item":"https:\/\/thoro.com.mx\/ethoro\/shop\/"},{"@type":"ListItem","position":3,"name":"MAGNETIZADOR DESMAGNETIZADOR URREA 9888 PARA PUNTAS DE DESTORNILLADOR"}]},{"@type":"WebSite","@id":"https:\/\/72.167.50.119\/ethoro\/#website","url":"https:\/\/72.167.50.119\/ethoro\/","name":"Thoro Enterprises de M\u00e9xico","description":"Todo en Thoro","publisher":{"@id":"https:\/\/72.167.50.119\/ethoro\/#organization"},"alternateName":"Thoro shop","potentialAction":[{"@type":"SearchAction","target":{"@type":"EntryPoint","urlTemplate":"https:\/\/72.167.50.119\/ethoro\/?s={search_term_string}"},"query-input":{"@type":"PropertyValueSpecification","valueRequired":true,"valueName":"search_term_string"}}],"inLanguage":"es"},{"@type":"Organization","@id":"https:\/\/72.167.50.119\/ethoro\/#organization","name":"Thoro Enterprises de M\u00e9xico","alternateName":"Thoro shop","url":"https:\/\/72.167.50.119\/ethoro\/","logo":{"@type":"ImageObject","inLanguage":"es","@id":"https:\/\/72.167.50.119\/ethoro\/#\/schema\/logo\/image\/","url":"https:\/\/72.167.50.119\/ethoro\/wp-content\/uploads\/2025\/01\/cropped-cropped-icono_t-180x180-1.png","contentUrl":"https:\/\/72.167.50.119\/ethoro\/wp-content\/uploads\/2025\/01\/cropped-cropped-icono_t-180x180-1.png","width":512,"height":512,"caption":"Thoro Enterprises de M\u00e9xico"},"image":{"@id":"https:\/\/72.167.50.119\/ethoro\/#\/schema\/logo\/image\/"},"sameAs":["https:\/\/www.facebook.com\/ThoroEnterprises","https:\/\/www.instagram.com\/thoro.mexico\/"]}]}},"_links":{"self":[{"href":"https:\/\/thoro.com.mx\/ethoro\/wp-json\/wp\/v2\/product\/10021","targetHints":{"allow":["GET"]}}],"collection":[{"href":"https:\/\/thoro.com.mx\/ethoro\/wp-json\/wp\/v2\/product"}],"about":[{"href":"https:\/\/thoro.com.mx\/ethoro\/wp-json\/wp\/v2\/types\/product"}],"replies":[{"embeddable":true,"href":"https:\/\/thoro.com.mx\/ethoro\/wp-json\/wp\/v2\/comments?post=10021"}],"wp:featuredmedia":[{"embeddable":true,"href":"https:\/\/thoro.com.mx\/ethoro\/wp-json\/wp\/v2\/media\/10020"}],"wp:attachment":[{"href":"https:\/\/thoro.com.mx\/ethoro\/wp-json\/wp\/v2\/media?parent=10021"}],"wp:term":[{"taxonomy":"product_brand","embeddable":true,"href":"https:\/\/thoro.com.mx\/ethoro\/wp-json\/wp\/v2\/product_brand?post=10021"},{"taxonomy":"product_cat","embeddable":true,"href":"https:\/\/thoro.com.mx\/ethoro\/wp-json\/wp\/v2\/product_cat?post=10021"},{"taxonomy":"product_tag","embeddable":true,"href":"https:\/\/thoro.com.mx\/ethoro\/wp-json\/wp\/v2\/product_tag?post=10021"}],"curies":[{"name":"wp","href":"https:\/\/api.w.org\/{rel}","templated":true}]}}