{"id":10324,"date":"2025-02-05T13:41:04","date_gmt":"2025-02-05T19:41:04","guid":{"rendered":"https:\/\/72.167.50.119\/ethoro\/shop\/sin categor\u00eda\/juego-de-llaves-combinadas-extra-largas-urrea-1200al-con-11-piezas-pulido-espejo-de-12-puntas\/"},"modified":"2026-04-06T00:47:30","modified_gmt":"2026-04-06T06:47:30","slug":"juego-de-llaves-combinadas-extra-largas-urrea-1200al-con-11-piezas-pulido-espejo-de-12-puntas","status":"publish","type":"product","link":"https:\/\/thoro.com.mx\/ethoro\/shop\/herramientas\/juegos-de-herramientas-herramientas\/llaves-combinadas-juegos-de-herramientas-herramientas\/juego-de-llaves-combinadas-extra-largas-urrea-1200al-con-11-piezas-pulido-espejo-de-12-puntas\/","title":{"rendered":"JUEGO DE LLAVES COMBINADAS EXTRA LARGAS URREA 1200AL CON 11 PIEZAS PULIDO ESPEJO DE 12 PUNTAS"},"content":{"rendered":"<h4>1200AL<\/h4>\n<ul>\n<li>12 puntas con dise\u00f1o lobular que permite un \u00e1ngulo de recuperaci\u00f3n de 30\u00b0 para agilizar el trabajo<\/li>\n<li>Resistente recubrimiento n\u00edquel<\/li>\n<li>Acabado cromado pulido espejo que evita la corrosi\u00f3n<\/li>\n<li>Ofrece un 35% m\u00e1s de torque que una llave convencional<\/li>\n<li>Cuerpo ovalado para un agarre m\u00e1s c\u00f3modo<\/li>\n<li>Nueva llave con 3 puntos de contacto<\/li>\n<li>Evita que se resbale<\/li>\n<li>El estr\u00e9s en las zonas de contacto (tuerca-llave) disminuye notablemente<\/li>\n<li>Juego 11 piezas<\/li>\n<li>Material: Acero cromo vanadio<\/li>\n<li>SAE o M\u00e9trico: SAE<\/li>\n<li>Contenido (Medidas): 3\/8&#8243;-1&#8243;<\/li>\n<li>Longitud: 55 cm<\/li>\n<\/ul>\n","protected":false},"excerpt":{"rendered":"<p>1200AL 12 puntas con dise\u00f1o lobular que permite un \u00e1ngulo de recuperaci\u00f3n de 30\u00b0 para agilizar el trabajo Resistente recubrimiento n\u00edquel Acabado cromado pulido espejo que evita la corrosi\u00f3n Ofrece un 35% m\u00e1s de torque que una llave convencional Cuerpo ovalado para un agarre m\u00e1s c\u00f3modo Nueva llave con 3 puntos de contacto Evita que [&hellip;]<\/p>\n","protected":false},"featured_media":10323,"comment_status":"open","ping_status":"closed","template":"","meta":{"_monsterinsights_skip_tracking":false,"_monsterinsights_sitenote_active":false,"_monsterinsights_sitenote_note":"","_monsterinsights_sitenote_category":0,"_joinchat":[]},"product_brand":[],"product_cat":[405],"product_tag":[],"class_list":{"0":"post-10324","1":"product","2":"type-product","3":"status-publish","4":"has-post-thumbnail","6":"product_cat-llaves-combinadas-juegos-de-herramientas-herramientas","8":"first","9":"instock","10":"sale","11":"taxable","12":"shipping-taxable","13":"purchasable","14":"product-type-simple","15":"add-to-wishlist-after_add_to_cart"},"yoast_head":"<!-- This site is optimized with the Yoast SEO plugin v27.1.1 - https:\/\/yoast.com\/product\/yoast-seo-wordpress\/ -->\n<title>JUEGO DE LLAVES COMBINADAS EXTRA LARGAS URREA 1200AL CON 11 PIEZAS PULIDO ESPEJO DE 12 PUNTAS - Thoro enterprises de Mexico<\/title>\n<meta name=\"robots\" content=\"noindex, follow\" \/>\n<meta property=\"og:locale\" content=\"es_MX\" \/>\n<meta property=\"og:type\" content=\"article\" \/>\n<meta property=\"og:title\" content=\"JUEGO DE LLAVES COMBINADAS EXTRA LARGAS URREA 1200AL CON 11 PIEZAS PULIDO ESPEJO DE 12 PUNTAS - Thoro enterprises de Mexico\" \/>\n<meta property=\"og:description\" content=\"1200AL 12 puntas con dise\u00f1o lobular que permite un \u00e1ngulo de recuperaci\u00f3n de 30\u00b0 para agilizar el trabajo Resistente recubrimiento n\u00edquel Acabado cromado pulido espejo que evita la corrosi\u00f3n Ofrece un 35% m\u00e1s de torque que una llave convencional Cuerpo ovalado para un agarre m\u00e1s c\u00f3modo Nueva llave con 3 puntos de contacto Evita que [&hellip;]\" \/>\n<meta property=\"og:url\" content=\"https:\/\/thoro.com.mx\/ethoro\/shop\/herramientas\/juegos-de-herramientas-herramientas\/llaves-combinadas-juegos-de-herramientas-herramientas\/juego-de-llaves-combinadas-extra-largas-urrea-1200al-con-11-piezas-pulido-espejo-de-12-puntas\/\" \/>\n<meta property=\"og:site_name\" content=\"Thoro enterprises de Mexico\" \/>\n<meta property=\"article:publisher\" content=\"https:\/\/www.facebook.com\/ThoroEnterprises\" \/>\n<meta property=\"article:modified_time\" content=\"2026-04-06T06:47:30+00:00\" \/>\n<meta property=\"og:image\" content=\"https:\/\/thoro.com.mx\/ethoro\/wp-content\/uploads\/2025\/02\/H4605.jpg\" \/>\n\t<meta property=\"og:image:width\" content=\"1000\" \/>\n\t<meta property=\"og:image:height\" content=\"1000\" \/>\n\t<meta property=\"og:image:type\" content=\"image\/jpeg\" \/>\n<meta name=\"twitter:card\" content=\"summary_large_image\" \/>\n<script type=\"application\/ld+json\" class=\"yoast-schema-graph\">{\"@context\":\"https:\/\/schema.org\",\"@graph\":[{\"@type\":\"WebPage\",\"@id\":\"https:\/\/thoro.com.mx\/ethoro\/shop\/herramientas\/juegos-de-herramientas-herramientas\/llaves-combinadas-juegos-de-herramientas-herramientas\/juego-de-llaves-combinadas-extra-largas-urrea-1200al-con-11-piezas-pulido-espejo-de-12-puntas\/\",\"url\":\"https:\/\/thoro.com.mx\/ethoro\/shop\/herramientas\/juegos-de-herramientas-herramientas\/llaves-combinadas-juegos-de-herramientas-herramientas\/juego-de-llaves-combinadas-extra-largas-urrea-1200al-con-11-piezas-pulido-espejo-de-12-puntas\/\",\"name\":\"JUEGO DE LLAVES COMBINADAS EXTRA LARGAS URREA 1200AL CON 11 PIEZAS PULIDO ESPEJO DE 12 PUNTAS - Thoro enterprises de Mexico\",\"isPartOf\":{\"@id\":\"https:\/\/72.167.50.119\/ethoro\/#website\"},\"primaryImageOfPage\":{\"@id\":\"https:\/\/thoro.com.mx\/ethoro\/shop\/herramientas\/juegos-de-herramientas-herramientas\/llaves-combinadas-juegos-de-herramientas-herramientas\/juego-de-llaves-combinadas-extra-largas-urrea-1200al-con-11-piezas-pulido-espejo-de-12-puntas\/#primaryimage\"},\"image\":{\"@id\":\"https:\/\/thoro.com.mx\/ethoro\/shop\/herramientas\/juegos-de-herramientas-herramientas\/llaves-combinadas-juegos-de-herramientas-herramientas\/juego-de-llaves-combinadas-extra-largas-urrea-1200al-con-11-piezas-pulido-espejo-de-12-puntas\/#primaryimage\"},\"thumbnailUrl\":\"https:\/\/thoro.com.mx\/ethoro\/wp-content\/uploads\/2025\/02\/H4605.jpg\",\"datePublished\":\"2025-02-05T19:41:04+00:00\",\"dateModified\":\"2026-04-06T06:47:30+00:00\",\"breadcrumb\":{\"@id\":\"https:\/\/thoro.com.mx\/ethoro\/shop\/herramientas\/juegos-de-herramientas-herramientas\/llaves-combinadas-juegos-de-herramientas-herramientas\/juego-de-llaves-combinadas-extra-largas-urrea-1200al-con-11-piezas-pulido-espejo-de-12-puntas\/#breadcrumb\"},\"inLanguage\":\"es\",\"potentialAction\":[{\"@type\":\"ReadAction\",\"target\":[\"https:\/\/thoro.com.mx\/ethoro\/shop\/herramientas\/juegos-de-herramientas-herramientas\/llaves-combinadas-juegos-de-herramientas-herramientas\/juego-de-llaves-combinadas-extra-largas-urrea-1200al-con-11-piezas-pulido-espejo-de-12-puntas\/\"]}]},{\"@type\":\"ImageObject\",\"inLanguage\":\"es\",\"@id\":\"https:\/\/thoro.com.mx\/ethoro\/shop\/herramientas\/juegos-de-herramientas-herramientas\/llaves-combinadas-juegos-de-herramientas-herramientas\/juego-de-llaves-combinadas-extra-largas-urrea-1200al-con-11-piezas-pulido-espejo-de-12-puntas\/#primaryimage\",\"url\":\"https:\/\/thoro.com.mx\/ethoro\/wp-content\/uploads\/2025\/02\/H4605.jpg\",\"contentUrl\":\"https:\/\/thoro.com.mx\/ethoro\/wp-content\/uploads\/2025\/02\/H4605.jpg\",\"width\":1000,\"height\":1000},{\"@type\":\"BreadcrumbList\",\"@id\":\"https:\/\/thoro.com.mx\/ethoro\/shop\/herramientas\/juegos-de-herramientas-herramientas\/llaves-combinadas-juegos-de-herramientas-herramientas\/juego-de-llaves-combinadas-extra-largas-urrea-1200al-con-11-piezas-pulido-espejo-de-12-puntas\/#breadcrumb\",\"itemListElement\":[{\"@type\":\"ListItem\",\"position\":1,\"name\":\"Inicio\",\"item\":\"https:\/\/thoro.com.mx\/ethoro\/\"},{\"@type\":\"ListItem\",\"position\":2,\"name\":\"Tienda\",\"item\":\"https:\/\/thoro.com.mx\/ethoro\/shop\/\"},{\"@type\":\"ListItem\",\"position\":3,\"name\":\"JUEGO DE LLAVES COMBINADAS EXTRA LARGAS URREA 1200AL CON 11 PIEZAS PULIDO ESPEJO DE 12 PUNTAS\"}]},{\"@type\":\"WebSite\",\"@id\":\"https:\/\/72.167.50.119\/ethoro\/#website\",\"url\":\"https:\/\/72.167.50.119\/ethoro\/\",\"name\":\"Thoro Enterprises de M\u00e9xico\",\"description\":\"Todo en Thoro\",\"publisher\":{\"@id\":\"https:\/\/72.167.50.119\/ethoro\/#organization\"},\"alternateName\":\"Thoro shop\",\"potentialAction\":[{\"@type\":\"SearchAction\",\"target\":{\"@type\":\"EntryPoint\",\"urlTemplate\":\"https:\/\/72.167.50.119\/ethoro\/?s={search_term_string}\"},\"query-input\":{\"@type\":\"PropertyValueSpecification\",\"valueRequired\":true,\"valueName\":\"search_term_string\"}}],\"inLanguage\":\"es\"},{\"@type\":\"Organization\",\"@id\":\"https:\/\/72.167.50.119\/ethoro\/#organization\",\"name\":\"Thoro Enterprises de M\u00e9xico\",\"alternateName\":\"Thoro shop\",\"url\":\"https:\/\/72.167.50.119\/ethoro\/\",\"logo\":{\"@type\":\"ImageObject\",\"inLanguage\":\"es\",\"@id\":\"https:\/\/72.167.50.119\/ethoro\/#\/schema\/logo\/image\/\",\"url\":\"https:\/\/72.167.50.119\/ethoro\/wp-content\/uploads\/2025\/01\/cropped-cropped-icono_t-180x180-1.png\",\"contentUrl\":\"https:\/\/72.167.50.119\/ethoro\/wp-content\/uploads\/2025\/01\/cropped-cropped-icono_t-180x180-1.png\",\"width\":512,\"height\":512,\"caption\":\"Thoro Enterprises de M\u00e9xico\"},\"image\":{\"@id\":\"https:\/\/72.167.50.119\/ethoro\/#\/schema\/logo\/image\/\"},\"sameAs\":[\"https:\/\/www.facebook.com\/ThoroEnterprises\",\"https:\/\/www.instagram.com\/thoro.mexico\/\"]}]}<\/script>\n<!-- \/ Yoast SEO plugin. -->","yoast_head_json":{"title":"JUEGO DE LLAVES COMBINADAS EXTRA LARGAS URREA 1200AL CON 11 PIEZAS PULIDO ESPEJO DE 12 PUNTAS - Thoro enterprises de Mexico","robots":{"index":"noindex","follow":"follow"},"og_locale":"es_MX","og_type":"article","og_title":"JUEGO DE LLAVES COMBINADAS EXTRA LARGAS URREA 1200AL CON 11 PIEZAS PULIDO ESPEJO DE 12 PUNTAS - Thoro enterprises de Mexico","og_description":"1200AL 12 puntas con dise\u00f1o lobular que permite un \u00e1ngulo de recuperaci\u00f3n de 30\u00b0 para agilizar el trabajo Resistente recubrimiento n\u00edquel Acabado cromado pulido espejo que evita la corrosi\u00f3n Ofrece un 35% m\u00e1s de torque que una llave convencional Cuerpo ovalado para un agarre m\u00e1s c\u00f3modo Nueva llave con 3 puntos de contacto Evita que [&hellip;]","og_url":"https:\/\/thoro.com.mx\/ethoro\/shop\/herramientas\/juegos-de-herramientas-herramientas\/llaves-combinadas-juegos-de-herramientas-herramientas\/juego-de-llaves-combinadas-extra-largas-urrea-1200al-con-11-piezas-pulido-espejo-de-12-puntas\/","og_site_name":"Thoro enterprises de Mexico","article_publisher":"https:\/\/www.facebook.com\/ThoroEnterprises","article_modified_time":"2026-04-06T06:47:30+00:00","og_image":[{"width":1000,"height":1000,"url":"https:\/\/thoro.com.mx\/ethoro\/wp-content\/uploads\/2025\/02\/H4605.jpg","type":"image\/jpeg"}],"twitter_card":"summary_large_image","schema":{"@context":"https:\/\/schema.org","@graph":[{"@type":"WebPage","@id":"https:\/\/thoro.com.mx\/ethoro\/shop\/herramientas\/juegos-de-herramientas-herramientas\/llaves-combinadas-juegos-de-herramientas-herramientas\/juego-de-llaves-combinadas-extra-largas-urrea-1200al-con-11-piezas-pulido-espejo-de-12-puntas\/","url":"https:\/\/thoro.com.mx\/ethoro\/shop\/herramientas\/juegos-de-herramientas-herramientas\/llaves-combinadas-juegos-de-herramientas-herramientas\/juego-de-llaves-combinadas-extra-largas-urrea-1200al-con-11-piezas-pulido-espejo-de-12-puntas\/","name":"JUEGO DE LLAVES COMBINADAS EXTRA LARGAS URREA 1200AL CON 11 PIEZAS PULIDO ESPEJO DE 12 PUNTAS - Thoro enterprises de Mexico","isPartOf":{"@id":"https:\/\/72.167.50.119\/ethoro\/#website"},"primaryImageOfPage":{"@id":"https:\/\/thoro.com.mx\/ethoro\/shop\/herramientas\/juegos-de-herramientas-herramientas\/llaves-combinadas-juegos-de-herramientas-herramientas\/juego-de-llaves-combinadas-extra-largas-urrea-1200al-con-11-piezas-pulido-espejo-de-12-puntas\/#primaryimage"},"image":{"@id":"https:\/\/thoro.com.mx\/ethoro\/shop\/herramientas\/juegos-de-herramientas-herramientas\/llaves-combinadas-juegos-de-herramientas-herramientas\/juego-de-llaves-combinadas-extra-largas-urrea-1200al-con-11-piezas-pulido-espejo-de-12-puntas\/#primaryimage"},"thumbnailUrl":"https:\/\/thoro.com.mx\/ethoro\/wp-content\/uploads\/2025\/02\/H4605.jpg","datePublished":"2025-02-05T19:41:04+00:00","dateModified":"2026-04-06T06:47:30+00:00","breadcrumb":{"@id":"https:\/\/thoro.com.mx\/ethoro\/shop\/herramientas\/juegos-de-herramientas-herramientas\/llaves-combinadas-juegos-de-herramientas-herramientas\/juego-de-llaves-combinadas-extra-largas-urrea-1200al-con-11-piezas-pulido-espejo-de-12-puntas\/#breadcrumb"},"inLanguage":"es","potentialAction":[{"@type":"ReadAction","target":["https:\/\/thoro.com.mx\/ethoro\/shop\/herramientas\/juegos-de-herramientas-herramientas\/llaves-combinadas-juegos-de-herramientas-herramientas\/juego-de-llaves-combinadas-extra-largas-urrea-1200al-con-11-piezas-pulido-espejo-de-12-puntas\/"]}]},{"@type":"ImageObject","inLanguage":"es","@id":"https:\/\/thoro.com.mx\/ethoro\/shop\/herramientas\/juegos-de-herramientas-herramientas\/llaves-combinadas-juegos-de-herramientas-herramientas\/juego-de-llaves-combinadas-extra-largas-urrea-1200al-con-11-piezas-pulido-espejo-de-12-puntas\/#primaryimage","url":"https:\/\/thoro.com.mx\/ethoro\/wp-content\/uploads\/2025\/02\/H4605.jpg","contentUrl":"https:\/\/thoro.com.mx\/ethoro\/wp-content\/uploads\/2025\/02\/H4605.jpg","width":1000,"height":1000},{"@type":"BreadcrumbList","@id":"https:\/\/thoro.com.mx\/ethoro\/shop\/herramientas\/juegos-de-herramientas-herramientas\/llaves-combinadas-juegos-de-herramientas-herramientas\/juego-de-llaves-combinadas-extra-largas-urrea-1200al-con-11-piezas-pulido-espejo-de-12-puntas\/#breadcrumb","itemListElement":[{"@type":"ListItem","position":1,"name":"Inicio","item":"https:\/\/thoro.com.mx\/ethoro\/"},{"@type":"ListItem","position":2,"name":"Tienda","item":"https:\/\/thoro.com.mx\/ethoro\/shop\/"},{"@type":"ListItem","position":3,"name":"JUEGO DE LLAVES COMBINADAS EXTRA LARGAS URREA 1200AL CON 11 PIEZAS PULIDO ESPEJO DE 12 PUNTAS"}]},{"@type":"WebSite","@id":"https:\/\/72.167.50.119\/ethoro\/#website","url":"https:\/\/72.167.50.119\/ethoro\/","name":"Thoro Enterprises de M\u00e9xico","description":"Todo en Thoro","publisher":{"@id":"https:\/\/72.167.50.119\/ethoro\/#organization"},"alternateName":"Thoro shop","potentialAction":[{"@type":"SearchAction","target":{"@type":"EntryPoint","urlTemplate":"https:\/\/72.167.50.119\/ethoro\/?s={search_term_string}"},"query-input":{"@type":"PropertyValueSpecification","valueRequired":true,"valueName":"search_term_string"}}],"inLanguage":"es"},{"@type":"Organization","@id":"https:\/\/72.167.50.119\/ethoro\/#organization","name":"Thoro Enterprises de M\u00e9xico","alternateName":"Thoro shop","url":"https:\/\/72.167.50.119\/ethoro\/","logo":{"@type":"ImageObject","inLanguage":"es","@id":"https:\/\/72.167.50.119\/ethoro\/#\/schema\/logo\/image\/","url":"https:\/\/72.167.50.119\/ethoro\/wp-content\/uploads\/2025\/01\/cropped-cropped-icono_t-180x180-1.png","contentUrl":"https:\/\/72.167.50.119\/ethoro\/wp-content\/uploads\/2025\/01\/cropped-cropped-icono_t-180x180-1.png","width":512,"height":512,"caption":"Thoro Enterprises de M\u00e9xico"},"image":{"@id":"https:\/\/72.167.50.119\/ethoro\/#\/schema\/logo\/image\/"},"sameAs":["https:\/\/www.facebook.com\/ThoroEnterprises","https:\/\/www.instagram.com\/thoro.mexico\/"]}]}},"_links":{"self":[{"href":"https:\/\/thoro.com.mx\/ethoro\/wp-json\/wp\/v2\/product\/10324","targetHints":{"allow":["GET"]}}],"collection":[{"href":"https:\/\/thoro.com.mx\/ethoro\/wp-json\/wp\/v2\/product"}],"about":[{"href":"https:\/\/thoro.com.mx\/ethoro\/wp-json\/wp\/v2\/types\/product"}],"replies":[{"embeddable":true,"href":"https:\/\/thoro.com.mx\/ethoro\/wp-json\/wp\/v2\/comments?post=10324"}],"wp:featuredmedia":[{"embeddable":true,"href":"https:\/\/thoro.com.mx\/ethoro\/wp-json\/wp\/v2\/media\/10323"}],"wp:attachment":[{"href":"https:\/\/thoro.com.mx\/ethoro\/wp-json\/wp\/v2\/media?parent=10324"}],"wp:term":[{"taxonomy":"product_brand","embeddable":true,"href":"https:\/\/thoro.com.mx\/ethoro\/wp-json\/wp\/v2\/product_brand?post=10324"},{"taxonomy":"product_cat","embeddable":true,"href":"https:\/\/thoro.com.mx\/ethoro\/wp-json\/wp\/v2\/product_cat?post=10324"},{"taxonomy":"product_tag","embeddable":true,"href":"https:\/\/thoro.com.mx\/ethoro\/wp-json\/wp\/v2\/product_tag?post=10324"}],"curies":[{"name":"wp","href":"https:\/\/api.w.org\/{rel}","templated":true}]}}