{"id":10408,"date":"2025-02-05T13:41:52","date_gmt":"2025-02-05T19:41:52","guid":{"rendered":"https:\/\/72.167.50.119\/ethoro\/shop\/sin categor\u00eda\/juego-de-llaves-flexibles-urrea-1270hf-con-7-piezas-en-pulgadas\/"},"modified":"2026-04-07T00:53:49","modified_gmt":"2026-04-07T06:53:49","slug":"juego-de-llaves-flexibles-urrea-1270hf-con-7-piezas-en-pulgadas","status":"publish","type":"product","link":"https:\/\/thoro.com.mx\/ethoro\/shop\/herramientas\/juegos-de-herramientas-herramientas\/juegos-de-llaves-juegos-de-herramientas-herramientas\/juego-de-llaves-flexibles-urrea-1270hf-con-7-piezas-en-pulgadas\/","title":{"rendered":"JUEGO DE LLAVES FLEXIBLES URREA 1270HF CON 7 PIEZAS EN PULGADAS"},"content":{"rendered":"<h4>1270HF<\/h4>\n<ul>\n<li>15\u00b0 de inclinaci\u00f3n<\/li>\n<li>Dise\u00f1o reforzado para soportar torques aplicados con el dado flexible<\/li>\n<li>Estr\u00eda lobular, dado de 12 puntas<\/li>\n<li>Dado flexible que permite trabajar en lugares de dif\u00edcil acceso<\/li>\n<li>Fabricados en acero cromo vanadio y terminado pulido espejo<\/li>\n<li>Ideal para trabajos en el ramo automotriz<\/li>\n<li>180\u00b0 de movimiento<\/li>\n<li>Medidas: 3\/8&#8243;, 7\/16&#8243;, 1\/2&#8243;, 9\/16&#8243;, 5\/8&#8243;, 11\/16&#8243; y 3\/4&#8243;<\/li>\n<\/ul>\n","protected":false},"excerpt":{"rendered":"<p>1270HF 15\u00b0 de inclinaci\u00f3n Dise\u00f1o reforzado para soportar torques aplicados con el dado flexible Estr\u00eda lobular, dado de 12 puntas Dado flexible que permite trabajar en lugares de dif\u00edcil acceso Fabricados en acero cromo vanadio y terminado pulido espejo Ideal para trabajos en el ramo automotriz 180\u00b0 de movimiento Medidas: 3\/8&#8243;, 7\/16&#8243;, 1\/2&#8243;, 9\/16&#8243;, 5\/8&#8243;, [&hellip;]<\/p>\n","protected":false},"featured_media":10407,"comment_status":"open","ping_status":"closed","template":"","meta":{"_monsterinsights_skip_tracking":false,"_monsterinsights_sitenote_active":false,"_monsterinsights_sitenote_note":"","_monsterinsights_sitenote_category":0,"_joinchat":[]},"product_brand":[],"product_cat":[6204],"product_tag":[],"class_list":{"0":"post-10408","1":"product","2":"type-product","3":"status-publish","4":"has-post-thumbnail","6":"product_cat-juegos-de-llaves-juegos-de-herramientas-herramientas","8":"first","9":"instock","10":"sale","11":"taxable","12":"shipping-taxable","13":"purchasable","14":"product-type-simple","15":"add-to-wishlist-after_add_to_cart"},"yoast_head":"<!-- This site is optimized with the Yoast SEO plugin v27.1.1 - https:\/\/yoast.com\/product\/yoast-seo-wordpress\/ -->\n<title>JUEGO DE LLAVES FLEXIBLES URREA 1270HF CON 7 PIEZAS EN PULGADAS - Thoro enterprises de Mexico<\/title>\n<meta name=\"robots\" content=\"noindex, follow\" \/>\n<meta property=\"og:locale\" content=\"es_MX\" \/>\n<meta property=\"og:type\" content=\"article\" \/>\n<meta property=\"og:title\" content=\"JUEGO DE LLAVES FLEXIBLES URREA 1270HF CON 7 PIEZAS EN PULGADAS - Thoro enterprises de Mexico\" \/>\n<meta property=\"og:description\" content=\"1270HF 15\u00b0 de inclinaci\u00f3n Dise\u00f1o reforzado para soportar torques aplicados con el dado flexible Estr\u00eda lobular, dado de 12 puntas Dado flexible que permite trabajar en lugares de dif\u00edcil acceso Fabricados en acero cromo vanadio y terminado pulido espejo Ideal para trabajos en el ramo automotriz 180\u00b0 de movimiento Medidas: 3\/8&#8243;, 7\/16&#8243;, 1\/2&#8243;, 9\/16&#8243;, 5\/8&#8243;, [&hellip;]\" \/>\n<meta property=\"og:url\" content=\"https:\/\/thoro.com.mx\/ethoro\/shop\/herramientas\/juegos-de-herramientas-herramientas\/juegos-de-llaves-juegos-de-herramientas-herramientas\/juego-de-llaves-flexibles-urrea-1270hf-con-7-piezas-en-pulgadas\/\" \/>\n<meta property=\"og:site_name\" content=\"Thoro enterprises de Mexico\" \/>\n<meta property=\"article:publisher\" content=\"https:\/\/www.facebook.com\/ThoroEnterprises\" \/>\n<meta property=\"article:modified_time\" content=\"2026-04-07T06:53:49+00:00\" \/>\n<meta property=\"og:image\" content=\"https:\/\/thoro.com.mx\/ethoro\/wp-content\/uploads\/2025\/02\/H4648.jpg\" \/>\n\t<meta property=\"og:image:width\" content=\"1000\" \/>\n\t<meta property=\"og:image:height\" content=\"1000\" \/>\n\t<meta property=\"og:image:type\" content=\"image\/jpeg\" \/>\n<meta name=\"twitter:card\" content=\"summary_large_image\" \/>\n<script type=\"application\/ld+json\" class=\"yoast-schema-graph\">{\"@context\":\"https:\/\/schema.org\",\"@graph\":[{\"@type\":\"WebPage\",\"@id\":\"https:\/\/thoro.com.mx\/ethoro\/shop\/herramientas\/juegos-de-herramientas-herramientas\/juegos-de-llaves-juegos-de-herramientas-herramientas\/juego-de-llaves-flexibles-urrea-1270hf-con-7-piezas-en-pulgadas\/\",\"url\":\"https:\/\/thoro.com.mx\/ethoro\/shop\/herramientas\/juegos-de-herramientas-herramientas\/juegos-de-llaves-juegos-de-herramientas-herramientas\/juego-de-llaves-flexibles-urrea-1270hf-con-7-piezas-en-pulgadas\/\",\"name\":\"JUEGO DE LLAVES FLEXIBLES URREA 1270HF CON 7 PIEZAS EN PULGADAS - Thoro enterprises de Mexico\",\"isPartOf\":{\"@id\":\"https:\/\/72.167.50.119\/ethoro\/#website\"},\"primaryImageOfPage\":{\"@id\":\"https:\/\/thoro.com.mx\/ethoro\/shop\/herramientas\/juegos-de-herramientas-herramientas\/juegos-de-llaves-juegos-de-herramientas-herramientas\/juego-de-llaves-flexibles-urrea-1270hf-con-7-piezas-en-pulgadas\/#primaryimage\"},\"image\":{\"@id\":\"https:\/\/thoro.com.mx\/ethoro\/shop\/herramientas\/juegos-de-herramientas-herramientas\/juegos-de-llaves-juegos-de-herramientas-herramientas\/juego-de-llaves-flexibles-urrea-1270hf-con-7-piezas-en-pulgadas\/#primaryimage\"},\"thumbnailUrl\":\"https:\/\/thoro.com.mx\/ethoro\/wp-content\/uploads\/2025\/02\/H4648.jpg\",\"datePublished\":\"2025-02-05T19:41:52+00:00\",\"dateModified\":\"2026-04-07T06:53:49+00:00\",\"breadcrumb\":{\"@id\":\"https:\/\/thoro.com.mx\/ethoro\/shop\/herramientas\/juegos-de-herramientas-herramientas\/juegos-de-llaves-juegos-de-herramientas-herramientas\/juego-de-llaves-flexibles-urrea-1270hf-con-7-piezas-en-pulgadas\/#breadcrumb\"},\"inLanguage\":\"es\",\"potentialAction\":[{\"@type\":\"ReadAction\",\"target\":[\"https:\/\/thoro.com.mx\/ethoro\/shop\/herramientas\/juegos-de-herramientas-herramientas\/juegos-de-llaves-juegos-de-herramientas-herramientas\/juego-de-llaves-flexibles-urrea-1270hf-con-7-piezas-en-pulgadas\/\"]}]},{\"@type\":\"ImageObject\",\"inLanguage\":\"es\",\"@id\":\"https:\/\/thoro.com.mx\/ethoro\/shop\/herramientas\/juegos-de-herramientas-herramientas\/juegos-de-llaves-juegos-de-herramientas-herramientas\/juego-de-llaves-flexibles-urrea-1270hf-con-7-piezas-en-pulgadas\/#primaryimage\",\"url\":\"https:\/\/thoro.com.mx\/ethoro\/wp-content\/uploads\/2025\/02\/H4648.jpg\",\"contentUrl\":\"https:\/\/thoro.com.mx\/ethoro\/wp-content\/uploads\/2025\/02\/H4648.jpg\",\"width\":1000,\"height\":1000},{\"@type\":\"BreadcrumbList\",\"@id\":\"https:\/\/thoro.com.mx\/ethoro\/shop\/herramientas\/juegos-de-herramientas-herramientas\/juegos-de-llaves-juegos-de-herramientas-herramientas\/juego-de-llaves-flexibles-urrea-1270hf-con-7-piezas-en-pulgadas\/#breadcrumb\",\"itemListElement\":[{\"@type\":\"ListItem\",\"position\":1,\"name\":\"Inicio\",\"item\":\"https:\/\/thoro.com.mx\/ethoro\/\"},{\"@type\":\"ListItem\",\"position\":2,\"name\":\"Tienda\",\"item\":\"https:\/\/thoro.com.mx\/ethoro\/shop\/\"},{\"@type\":\"ListItem\",\"position\":3,\"name\":\"JUEGO DE LLAVES FLEXIBLES URREA 1270HF CON 7 PIEZAS EN PULGADAS\"}]},{\"@type\":\"WebSite\",\"@id\":\"https:\/\/72.167.50.119\/ethoro\/#website\",\"url\":\"https:\/\/72.167.50.119\/ethoro\/\",\"name\":\"Thoro Enterprises de M\u00e9xico\",\"description\":\"Todo en Thoro\",\"publisher\":{\"@id\":\"https:\/\/72.167.50.119\/ethoro\/#organization\"},\"alternateName\":\"Thoro shop\",\"potentialAction\":[{\"@type\":\"SearchAction\",\"target\":{\"@type\":\"EntryPoint\",\"urlTemplate\":\"https:\/\/72.167.50.119\/ethoro\/?s={search_term_string}\"},\"query-input\":{\"@type\":\"PropertyValueSpecification\",\"valueRequired\":true,\"valueName\":\"search_term_string\"}}],\"inLanguage\":\"es\"},{\"@type\":\"Organization\",\"@id\":\"https:\/\/72.167.50.119\/ethoro\/#organization\",\"name\":\"Thoro Enterprises de M\u00e9xico\",\"alternateName\":\"Thoro shop\",\"url\":\"https:\/\/72.167.50.119\/ethoro\/\",\"logo\":{\"@type\":\"ImageObject\",\"inLanguage\":\"es\",\"@id\":\"https:\/\/72.167.50.119\/ethoro\/#\/schema\/logo\/image\/\",\"url\":\"https:\/\/72.167.50.119\/ethoro\/wp-content\/uploads\/2025\/01\/cropped-cropped-icono_t-180x180-1.png\",\"contentUrl\":\"https:\/\/72.167.50.119\/ethoro\/wp-content\/uploads\/2025\/01\/cropped-cropped-icono_t-180x180-1.png\",\"width\":512,\"height\":512,\"caption\":\"Thoro Enterprises de M\u00e9xico\"},\"image\":{\"@id\":\"https:\/\/72.167.50.119\/ethoro\/#\/schema\/logo\/image\/\"},\"sameAs\":[\"https:\/\/www.facebook.com\/ThoroEnterprises\",\"https:\/\/www.instagram.com\/thoro.mexico\/\"]}]}<\/script>\n<!-- \/ Yoast SEO plugin. -->","yoast_head_json":{"title":"JUEGO DE LLAVES FLEXIBLES URREA 1270HF CON 7 PIEZAS EN PULGADAS - Thoro enterprises de Mexico","robots":{"index":"noindex","follow":"follow"},"og_locale":"es_MX","og_type":"article","og_title":"JUEGO DE LLAVES FLEXIBLES URREA 1270HF CON 7 PIEZAS EN PULGADAS - Thoro enterprises de Mexico","og_description":"1270HF 15\u00b0 de inclinaci\u00f3n Dise\u00f1o reforzado para soportar torques aplicados con el dado flexible Estr\u00eda lobular, dado de 12 puntas Dado flexible que permite trabajar en lugares de dif\u00edcil acceso Fabricados en acero cromo vanadio y terminado pulido espejo Ideal para trabajos en el ramo automotriz 180\u00b0 de movimiento Medidas: 3\/8&#8243;, 7\/16&#8243;, 1\/2&#8243;, 9\/16&#8243;, 5\/8&#8243;, [&hellip;]","og_url":"https:\/\/thoro.com.mx\/ethoro\/shop\/herramientas\/juegos-de-herramientas-herramientas\/juegos-de-llaves-juegos-de-herramientas-herramientas\/juego-de-llaves-flexibles-urrea-1270hf-con-7-piezas-en-pulgadas\/","og_site_name":"Thoro enterprises de Mexico","article_publisher":"https:\/\/www.facebook.com\/ThoroEnterprises","article_modified_time":"2026-04-07T06:53:49+00:00","og_image":[{"width":1000,"height":1000,"url":"https:\/\/thoro.com.mx\/ethoro\/wp-content\/uploads\/2025\/02\/H4648.jpg","type":"image\/jpeg"}],"twitter_card":"summary_large_image","schema":{"@context":"https:\/\/schema.org","@graph":[{"@type":"WebPage","@id":"https:\/\/thoro.com.mx\/ethoro\/shop\/herramientas\/juegos-de-herramientas-herramientas\/juegos-de-llaves-juegos-de-herramientas-herramientas\/juego-de-llaves-flexibles-urrea-1270hf-con-7-piezas-en-pulgadas\/","url":"https:\/\/thoro.com.mx\/ethoro\/shop\/herramientas\/juegos-de-herramientas-herramientas\/juegos-de-llaves-juegos-de-herramientas-herramientas\/juego-de-llaves-flexibles-urrea-1270hf-con-7-piezas-en-pulgadas\/","name":"JUEGO DE LLAVES FLEXIBLES URREA 1270HF CON 7 PIEZAS EN PULGADAS - Thoro enterprises de Mexico","isPartOf":{"@id":"https:\/\/72.167.50.119\/ethoro\/#website"},"primaryImageOfPage":{"@id":"https:\/\/thoro.com.mx\/ethoro\/shop\/herramientas\/juegos-de-herramientas-herramientas\/juegos-de-llaves-juegos-de-herramientas-herramientas\/juego-de-llaves-flexibles-urrea-1270hf-con-7-piezas-en-pulgadas\/#primaryimage"},"image":{"@id":"https:\/\/thoro.com.mx\/ethoro\/shop\/herramientas\/juegos-de-herramientas-herramientas\/juegos-de-llaves-juegos-de-herramientas-herramientas\/juego-de-llaves-flexibles-urrea-1270hf-con-7-piezas-en-pulgadas\/#primaryimage"},"thumbnailUrl":"https:\/\/thoro.com.mx\/ethoro\/wp-content\/uploads\/2025\/02\/H4648.jpg","datePublished":"2025-02-05T19:41:52+00:00","dateModified":"2026-04-07T06:53:49+00:00","breadcrumb":{"@id":"https:\/\/thoro.com.mx\/ethoro\/shop\/herramientas\/juegos-de-herramientas-herramientas\/juegos-de-llaves-juegos-de-herramientas-herramientas\/juego-de-llaves-flexibles-urrea-1270hf-con-7-piezas-en-pulgadas\/#breadcrumb"},"inLanguage":"es","potentialAction":[{"@type":"ReadAction","target":["https:\/\/thoro.com.mx\/ethoro\/shop\/herramientas\/juegos-de-herramientas-herramientas\/juegos-de-llaves-juegos-de-herramientas-herramientas\/juego-de-llaves-flexibles-urrea-1270hf-con-7-piezas-en-pulgadas\/"]}]},{"@type":"ImageObject","inLanguage":"es","@id":"https:\/\/thoro.com.mx\/ethoro\/shop\/herramientas\/juegos-de-herramientas-herramientas\/juegos-de-llaves-juegos-de-herramientas-herramientas\/juego-de-llaves-flexibles-urrea-1270hf-con-7-piezas-en-pulgadas\/#primaryimage","url":"https:\/\/thoro.com.mx\/ethoro\/wp-content\/uploads\/2025\/02\/H4648.jpg","contentUrl":"https:\/\/thoro.com.mx\/ethoro\/wp-content\/uploads\/2025\/02\/H4648.jpg","width":1000,"height":1000},{"@type":"BreadcrumbList","@id":"https:\/\/thoro.com.mx\/ethoro\/shop\/herramientas\/juegos-de-herramientas-herramientas\/juegos-de-llaves-juegos-de-herramientas-herramientas\/juego-de-llaves-flexibles-urrea-1270hf-con-7-piezas-en-pulgadas\/#breadcrumb","itemListElement":[{"@type":"ListItem","position":1,"name":"Inicio","item":"https:\/\/thoro.com.mx\/ethoro\/"},{"@type":"ListItem","position":2,"name":"Tienda","item":"https:\/\/thoro.com.mx\/ethoro\/shop\/"},{"@type":"ListItem","position":3,"name":"JUEGO DE LLAVES FLEXIBLES URREA 1270HF CON 7 PIEZAS EN PULGADAS"}]},{"@type":"WebSite","@id":"https:\/\/72.167.50.119\/ethoro\/#website","url":"https:\/\/72.167.50.119\/ethoro\/","name":"Thoro Enterprises de M\u00e9xico","description":"Todo en Thoro","publisher":{"@id":"https:\/\/72.167.50.119\/ethoro\/#organization"},"alternateName":"Thoro shop","potentialAction":[{"@type":"SearchAction","target":{"@type":"EntryPoint","urlTemplate":"https:\/\/72.167.50.119\/ethoro\/?s={search_term_string}"},"query-input":{"@type":"PropertyValueSpecification","valueRequired":true,"valueName":"search_term_string"}}],"inLanguage":"es"},{"@type":"Organization","@id":"https:\/\/72.167.50.119\/ethoro\/#organization","name":"Thoro Enterprises de M\u00e9xico","alternateName":"Thoro shop","url":"https:\/\/72.167.50.119\/ethoro\/","logo":{"@type":"ImageObject","inLanguage":"es","@id":"https:\/\/72.167.50.119\/ethoro\/#\/schema\/logo\/image\/","url":"https:\/\/72.167.50.119\/ethoro\/wp-content\/uploads\/2025\/01\/cropped-cropped-icono_t-180x180-1.png","contentUrl":"https:\/\/72.167.50.119\/ethoro\/wp-content\/uploads\/2025\/01\/cropped-cropped-icono_t-180x180-1.png","width":512,"height":512,"caption":"Thoro Enterprises de M\u00e9xico"},"image":{"@id":"https:\/\/72.167.50.119\/ethoro\/#\/schema\/logo\/image\/"},"sameAs":["https:\/\/www.facebook.com\/ThoroEnterprises","https:\/\/www.instagram.com\/thoro.mexico\/"]}]}},"_links":{"self":[{"href":"https:\/\/thoro.com.mx\/ethoro\/wp-json\/wp\/v2\/product\/10408","targetHints":{"allow":["GET"]}}],"collection":[{"href":"https:\/\/thoro.com.mx\/ethoro\/wp-json\/wp\/v2\/product"}],"about":[{"href":"https:\/\/thoro.com.mx\/ethoro\/wp-json\/wp\/v2\/types\/product"}],"replies":[{"embeddable":true,"href":"https:\/\/thoro.com.mx\/ethoro\/wp-json\/wp\/v2\/comments?post=10408"}],"wp:featuredmedia":[{"embeddable":true,"href":"https:\/\/thoro.com.mx\/ethoro\/wp-json\/wp\/v2\/media\/10407"}],"wp:attachment":[{"href":"https:\/\/thoro.com.mx\/ethoro\/wp-json\/wp\/v2\/media?parent=10408"}],"wp:term":[{"taxonomy":"product_brand","embeddable":true,"href":"https:\/\/thoro.com.mx\/ethoro\/wp-json\/wp\/v2\/product_brand?post=10408"},{"taxonomy":"product_cat","embeddable":true,"href":"https:\/\/thoro.com.mx\/ethoro\/wp-json\/wp\/v2\/product_cat?post=10408"},{"taxonomy":"product_tag","embeddable":true,"href":"https:\/\/thoro.com.mx\/ethoro\/wp-json\/wp\/v2\/product_tag?post=10408"}],"curies":[{"name":"wp","href":"https:\/\/api.w.org\/{rel}","templated":true}]}}