{"id":10841,"date":"2025-02-05T13:46:08","date_gmt":"2025-02-05T19:46:08","guid":{"rendered":"https:\/\/72.167.50.119\/ethoro\/shop\/sin categor\u00eda\/llave-de-estrias-urrea-8183-pulido-espejo-de-12-puntas-45-25-32-x-13-16\/"},"modified":"2026-04-05T00:45:22","modified_gmt":"2026-04-05T06:45:22","slug":"llave-de-estrias-urrea-8183-pulido-espejo-de-12-puntas-45-25-32-x-13-16","status":"publish","type":"product","link":"https:\/\/thoro.com.mx\/ethoro\/shop\/herramientas\/herramientas-manuales\/llaves-de-estrias-herramientas-manuales\/llave-de-estrias-urrea-8183-pulido-espejo-de-12-puntas-45-25-32-x-13-16\/","title":{"rendered":"LLAVE DE ESTRIAS URREA 8183 PULIDO ESPEJO DE 12 PUNTAS 45\u00b0 25\/32&#8221; X 13\/16&#8221;"},"content":{"rendered":"<h4>8183<\/h4>\n<ul>\n<li>Acero aleado con molibdeno-vanadio de alta calidad y tratamiento t\u00e9rmico controlado<\/li>\n<li>Cuerpo ovalado para una c\u00f3moda sujeci\u00f3n<\/li>\n<li>Disponible en dise\u00f1o de 12 puntas lo que permitir\u00e1 tener un \u00e1ngulo de recuperaci\u00f3n de 30\u00b0, as\u00ed como trabajar con tuercas hexagonales o cuadradas<\/li>\n<li>Bocas brochadas a precisi\u00f3n para una perfecta sujeci\u00f3n con la tuerca o tornillo<\/li>\n<li>Vibrado espejo con acabado al cromo-n\u00edquel para evitar la corrosi\u00f3n<\/li>\n<li>Ancho Cabeza Chica: 1  9\/64&#8243;<\/li>\n<li>Dimensi\u00f3n De Boca: 25\/32&#8243; X 13\/16&#8243;<\/li>\n<li>Grueso Cabeza Chica: 1\/2&#8243;<\/li>\n<li>Longitud: 11 1\/2&#8243;<\/li>\n<li>Resistencia Cabeza Chica: 3080 Lb-Pulg<\/li>\n<li>Resistencia Cabeza Grande: 3300 Lb-Pulg<\/li>\n<li>Sae O M\u00e9trico: Sae<\/li>\n<li><\/li>\n<li><\/li>\n<\/ul>\n","protected":false},"excerpt":{"rendered":"<p>8183 Acero aleado con molibdeno-vanadio de alta calidad y tratamiento t\u00e9rmico controlado Cuerpo ovalado para una c\u00f3moda sujeci\u00f3n Disponible en dise\u00f1o de 12 puntas lo que permitir\u00e1 tener un \u00e1ngulo de recuperaci\u00f3n de 30\u00b0, as\u00ed como trabajar con tuercas hexagonales o cuadradas Bocas brochadas a precisi\u00f3n para una perfecta sujeci\u00f3n con la tuerca o tornillo [&hellip;]<\/p>\n","protected":false},"featured_media":10840,"comment_status":"open","ping_status":"closed","template":"","meta":{"_monsterinsights_skip_tracking":false,"_monsterinsights_sitenote_active":false,"_monsterinsights_sitenote_note":"","_monsterinsights_sitenote_category":0,"_joinchat":[]},"product_brand":[],"product_cat":[9230],"product_tag":[],"class_list":{"0":"post-10841","1":"product","2":"type-product","3":"status-publish","4":"has-post-thumbnail","6":"product_cat-llaves-de-estrias-herramientas-manuales","8":"first","9":"instock","10":"taxable","11":"shipping-taxable","12":"purchasable","13":"product-type-simple","14":"add-to-wishlist-after_add_to_cart"},"yoast_head":"<!-- This site is optimized with the Yoast SEO plugin v27.1.1 - https:\/\/yoast.com\/product\/yoast-seo-wordpress\/ -->\n<title>LLAVE DE ESTRIAS URREA 8183 PULIDO ESPEJO DE 12 PUNTAS 45\u00b0 25\/32&#039;&#039; X 13\/16&#039;&#039; - Thoro enterprises de Mexico<\/title>\n<meta name=\"robots\" content=\"noindex, follow\" \/>\n<meta property=\"og:locale\" content=\"es_MX\" \/>\n<meta property=\"og:type\" content=\"article\" \/>\n<meta property=\"og:title\" content=\"LLAVE DE ESTRIAS URREA 8183 PULIDO ESPEJO DE 12 PUNTAS 45\u00b0 25\/32&#039;&#039; X 13\/16&#039;&#039; - Thoro enterprises de Mexico\" \/>\n<meta property=\"og:description\" content=\"8183 Acero aleado con molibdeno-vanadio de alta calidad y tratamiento t\u00e9rmico controlado Cuerpo ovalado para una c\u00f3moda sujeci\u00f3n Disponible en dise\u00f1o de 12 puntas lo que permitir\u00e1 tener un \u00e1ngulo de recuperaci\u00f3n de 30\u00b0, as\u00ed como trabajar con tuercas hexagonales o cuadradas Bocas brochadas a precisi\u00f3n para una perfecta sujeci\u00f3n con la tuerca o tornillo [&hellip;]\" \/>\n<meta property=\"og:url\" content=\"https:\/\/thoro.com.mx\/ethoro\/shop\/herramientas\/herramientas-manuales\/llaves-de-estrias-herramientas-manuales\/llave-de-estrias-urrea-8183-pulido-espejo-de-12-puntas-45-25-32-x-13-16\/\" \/>\n<meta property=\"og:site_name\" content=\"Thoro enterprises de Mexico\" \/>\n<meta property=\"article:publisher\" content=\"https:\/\/www.facebook.com\/ThoroEnterprises\" \/>\n<meta property=\"article:modified_time\" content=\"2026-04-05T06:45:22+00:00\" \/>\n<meta property=\"og:image\" content=\"https:\/\/thoro.com.mx\/ethoro\/wp-content\/uploads\/2025\/02\/H4882.jpg\" \/>\n\t<meta property=\"og:image:width\" content=\"1000\" \/>\n\t<meta property=\"og:image:height\" content=\"1000\" \/>\n\t<meta property=\"og:image:type\" content=\"image\/jpeg\" \/>\n<meta name=\"twitter:card\" content=\"summary_large_image\" \/>\n<script type=\"application\/ld+json\" class=\"yoast-schema-graph\">{\"@context\":\"https:\/\/schema.org\",\"@graph\":[{\"@type\":\"WebPage\",\"@id\":\"https:\/\/thoro.com.mx\/ethoro\/shop\/herramientas\/herramientas-manuales\/llaves-de-estrias-herramientas-manuales\/llave-de-estrias-urrea-8183-pulido-espejo-de-12-puntas-45-25-32-x-13-16\/\",\"url\":\"https:\/\/thoro.com.mx\/ethoro\/shop\/herramientas\/herramientas-manuales\/llaves-de-estrias-herramientas-manuales\/llave-de-estrias-urrea-8183-pulido-espejo-de-12-puntas-45-25-32-x-13-16\/\",\"name\":\"LLAVE DE ESTRIAS URREA 8183 PULIDO ESPEJO DE 12 PUNTAS 45\u00b0 25\/32'' X 13\/16'' - Thoro enterprises de Mexico\",\"isPartOf\":{\"@id\":\"https:\/\/72.167.50.119\/ethoro\/#website\"},\"primaryImageOfPage\":{\"@id\":\"https:\/\/thoro.com.mx\/ethoro\/shop\/herramientas\/herramientas-manuales\/llaves-de-estrias-herramientas-manuales\/llave-de-estrias-urrea-8183-pulido-espejo-de-12-puntas-45-25-32-x-13-16\/#primaryimage\"},\"image\":{\"@id\":\"https:\/\/thoro.com.mx\/ethoro\/shop\/herramientas\/herramientas-manuales\/llaves-de-estrias-herramientas-manuales\/llave-de-estrias-urrea-8183-pulido-espejo-de-12-puntas-45-25-32-x-13-16\/#primaryimage\"},\"thumbnailUrl\":\"https:\/\/thoro.com.mx\/ethoro\/wp-content\/uploads\/2025\/02\/H4882.jpg\",\"datePublished\":\"2025-02-05T19:46:08+00:00\",\"dateModified\":\"2026-04-05T06:45:22+00:00\",\"breadcrumb\":{\"@id\":\"https:\/\/thoro.com.mx\/ethoro\/shop\/herramientas\/herramientas-manuales\/llaves-de-estrias-herramientas-manuales\/llave-de-estrias-urrea-8183-pulido-espejo-de-12-puntas-45-25-32-x-13-16\/#breadcrumb\"},\"inLanguage\":\"es\",\"potentialAction\":[{\"@type\":\"ReadAction\",\"target\":[\"https:\/\/thoro.com.mx\/ethoro\/shop\/herramientas\/herramientas-manuales\/llaves-de-estrias-herramientas-manuales\/llave-de-estrias-urrea-8183-pulido-espejo-de-12-puntas-45-25-32-x-13-16\/\"]}]},{\"@type\":\"ImageObject\",\"inLanguage\":\"es\",\"@id\":\"https:\/\/thoro.com.mx\/ethoro\/shop\/herramientas\/herramientas-manuales\/llaves-de-estrias-herramientas-manuales\/llave-de-estrias-urrea-8183-pulido-espejo-de-12-puntas-45-25-32-x-13-16\/#primaryimage\",\"url\":\"https:\/\/thoro.com.mx\/ethoro\/wp-content\/uploads\/2025\/02\/H4882.jpg\",\"contentUrl\":\"https:\/\/thoro.com.mx\/ethoro\/wp-content\/uploads\/2025\/02\/H4882.jpg\",\"width\":1000,\"height\":1000},{\"@type\":\"BreadcrumbList\",\"@id\":\"https:\/\/thoro.com.mx\/ethoro\/shop\/herramientas\/herramientas-manuales\/llaves-de-estrias-herramientas-manuales\/llave-de-estrias-urrea-8183-pulido-espejo-de-12-puntas-45-25-32-x-13-16\/#breadcrumb\",\"itemListElement\":[{\"@type\":\"ListItem\",\"position\":1,\"name\":\"Inicio\",\"item\":\"https:\/\/thoro.com.mx\/ethoro\/\"},{\"@type\":\"ListItem\",\"position\":2,\"name\":\"Tienda\",\"item\":\"https:\/\/thoro.com.mx\/ethoro\/shop\/\"},{\"@type\":\"ListItem\",\"position\":3,\"name\":\"LLAVE DE ESTRIAS URREA 8183 PULIDO ESPEJO DE 12 PUNTAS 45\u00b0 25\/32&#8221; X 13\/16&#8221;\"}]},{\"@type\":\"WebSite\",\"@id\":\"https:\/\/72.167.50.119\/ethoro\/#website\",\"url\":\"https:\/\/72.167.50.119\/ethoro\/\",\"name\":\"Thoro Enterprises de M\u00e9xico\",\"description\":\"Todo en Thoro\",\"publisher\":{\"@id\":\"https:\/\/72.167.50.119\/ethoro\/#organization\"},\"alternateName\":\"Thoro shop\",\"potentialAction\":[{\"@type\":\"SearchAction\",\"target\":{\"@type\":\"EntryPoint\",\"urlTemplate\":\"https:\/\/72.167.50.119\/ethoro\/?s={search_term_string}\"},\"query-input\":{\"@type\":\"PropertyValueSpecification\",\"valueRequired\":true,\"valueName\":\"search_term_string\"}}],\"inLanguage\":\"es\"},{\"@type\":\"Organization\",\"@id\":\"https:\/\/72.167.50.119\/ethoro\/#organization\",\"name\":\"Thoro Enterprises de M\u00e9xico\",\"alternateName\":\"Thoro shop\",\"url\":\"https:\/\/72.167.50.119\/ethoro\/\",\"logo\":{\"@type\":\"ImageObject\",\"inLanguage\":\"es\",\"@id\":\"https:\/\/72.167.50.119\/ethoro\/#\/schema\/logo\/image\/\",\"url\":\"https:\/\/72.167.50.119\/ethoro\/wp-content\/uploads\/2025\/01\/cropped-cropped-icono_t-180x180-1.png\",\"contentUrl\":\"https:\/\/72.167.50.119\/ethoro\/wp-content\/uploads\/2025\/01\/cropped-cropped-icono_t-180x180-1.png\",\"width\":512,\"height\":512,\"caption\":\"Thoro Enterprises de M\u00e9xico\"},\"image\":{\"@id\":\"https:\/\/72.167.50.119\/ethoro\/#\/schema\/logo\/image\/\"},\"sameAs\":[\"https:\/\/www.facebook.com\/ThoroEnterprises\",\"https:\/\/www.instagram.com\/thoro.mexico\/\"]}]}<\/script>\n<!-- \/ Yoast SEO plugin. -->","yoast_head_json":{"title":"LLAVE DE ESTRIAS URREA 8183 PULIDO ESPEJO DE 12 PUNTAS 45\u00b0 25\/32'' X 13\/16'' - Thoro enterprises de Mexico","robots":{"index":"noindex","follow":"follow"},"og_locale":"es_MX","og_type":"article","og_title":"LLAVE DE ESTRIAS URREA 8183 PULIDO ESPEJO DE 12 PUNTAS 45\u00b0 25\/32'' X 13\/16'' - Thoro enterprises de Mexico","og_description":"8183 Acero aleado con molibdeno-vanadio de alta calidad y tratamiento t\u00e9rmico controlado Cuerpo ovalado para una c\u00f3moda sujeci\u00f3n Disponible en dise\u00f1o de 12 puntas lo que permitir\u00e1 tener un \u00e1ngulo de recuperaci\u00f3n de 30\u00b0, as\u00ed como trabajar con tuercas hexagonales o cuadradas Bocas brochadas a precisi\u00f3n para una perfecta sujeci\u00f3n con la tuerca o tornillo [&hellip;]","og_url":"https:\/\/thoro.com.mx\/ethoro\/shop\/herramientas\/herramientas-manuales\/llaves-de-estrias-herramientas-manuales\/llave-de-estrias-urrea-8183-pulido-espejo-de-12-puntas-45-25-32-x-13-16\/","og_site_name":"Thoro enterprises de Mexico","article_publisher":"https:\/\/www.facebook.com\/ThoroEnterprises","article_modified_time":"2026-04-05T06:45:22+00:00","og_image":[{"width":1000,"height":1000,"url":"https:\/\/thoro.com.mx\/ethoro\/wp-content\/uploads\/2025\/02\/H4882.jpg","type":"image\/jpeg"}],"twitter_card":"summary_large_image","schema":{"@context":"https:\/\/schema.org","@graph":[{"@type":"WebPage","@id":"https:\/\/thoro.com.mx\/ethoro\/shop\/herramientas\/herramientas-manuales\/llaves-de-estrias-herramientas-manuales\/llave-de-estrias-urrea-8183-pulido-espejo-de-12-puntas-45-25-32-x-13-16\/","url":"https:\/\/thoro.com.mx\/ethoro\/shop\/herramientas\/herramientas-manuales\/llaves-de-estrias-herramientas-manuales\/llave-de-estrias-urrea-8183-pulido-espejo-de-12-puntas-45-25-32-x-13-16\/","name":"LLAVE DE ESTRIAS URREA 8183 PULIDO ESPEJO DE 12 PUNTAS 45\u00b0 25\/32'' X 13\/16'' - Thoro enterprises de Mexico","isPartOf":{"@id":"https:\/\/72.167.50.119\/ethoro\/#website"},"primaryImageOfPage":{"@id":"https:\/\/thoro.com.mx\/ethoro\/shop\/herramientas\/herramientas-manuales\/llaves-de-estrias-herramientas-manuales\/llave-de-estrias-urrea-8183-pulido-espejo-de-12-puntas-45-25-32-x-13-16\/#primaryimage"},"image":{"@id":"https:\/\/thoro.com.mx\/ethoro\/shop\/herramientas\/herramientas-manuales\/llaves-de-estrias-herramientas-manuales\/llave-de-estrias-urrea-8183-pulido-espejo-de-12-puntas-45-25-32-x-13-16\/#primaryimage"},"thumbnailUrl":"https:\/\/thoro.com.mx\/ethoro\/wp-content\/uploads\/2025\/02\/H4882.jpg","datePublished":"2025-02-05T19:46:08+00:00","dateModified":"2026-04-05T06:45:22+00:00","breadcrumb":{"@id":"https:\/\/thoro.com.mx\/ethoro\/shop\/herramientas\/herramientas-manuales\/llaves-de-estrias-herramientas-manuales\/llave-de-estrias-urrea-8183-pulido-espejo-de-12-puntas-45-25-32-x-13-16\/#breadcrumb"},"inLanguage":"es","potentialAction":[{"@type":"ReadAction","target":["https:\/\/thoro.com.mx\/ethoro\/shop\/herramientas\/herramientas-manuales\/llaves-de-estrias-herramientas-manuales\/llave-de-estrias-urrea-8183-pulido-espejo-de-12-puntas-45-25-32-x-13-16\/"]}]},{"@type":"ImageObject","inLanguage":"es","@id":"https:\/\/thoro.com.mx\/ethoro\/shop\/herramientas\/herramientas-manuales\/llaves-de-estrias-herramientas-manuales\/llave-de-estrias-urrea-8183-pulido-espejo-de-12-puntas-45-25-32-x-13-16\/#primaryimage","url":"https:\/\/thoro.com.mx\/ethoro\/wp-content\/uploads\/2025\/02\/H4882.jpg","contentUrl":"https:\/\/thoro.com.mx\/ethoro\/wp-content\/uploads\/2025\/02\/H4882.jpg","width":1000,"height":1000},{"@type":"BreadcrumbList","@id":"https:\/\/thoro.com.mx\/ethoro\/shop\/herramientas\/herramientas-manuales\/llaves-de-estrias-herramientas-manuales\/llave-de-estrias-urrea-8183-pulido-espejo-de-12-puntas-45-25-32-x-13-16\/#breadcrumb","itemListElement":[{"@type":"ListItem","position":1,"name":"Inicio","item":"https:\/\/thoro.com.mx\/ethoro\/"},{"@type":"ListItem","position":2,"name":"Tienda","item":"https:\/\/thoro.com.mx\/ethoro\/shop\/"},{"@type":"ListItem","position":3,"name":"LLAVE DE ESTRIAS URREA 8183 PULIDO ESPEJO DE 12 PUNTAS 45\u00b0 25\/32&#8221; X 13\/16&#8221;"}]},{"@type":"WebSite","@id":"https:\/\/72.167.50.119\/ethoro\/#website","url":"https:\/\/72.167.50.119\/ethoro\/","name":"Thoro Enterprises de M\u00e9xico","description":"Todo en Thoro","publisher":{"@id":"https:\/\/72.167.50.119\/ethoro\/#organization"},"alternateName":"Thoro shop","potentialAction":[{"@type":"SearchAction","target":{"@type":"EntryPoint","urlTemplate":"https:\/\/72.167.50.119\/ethoro\/?s={search_term_string}"},"query-input":{"@type":"PropertyValueSpecification","valueRequired":true,"valueName":"search_term_string"}}],"inLanguage":"es"},{"@type":"Organization","@id":"https:\/\/72.167.50.119\/ethoro\/#organization","name":"Thoro Enterprises de M\u00e9xico","alternateName":"Thoro shop","url":"https:\/\/72.167.50.119\/ethoro\/","logo":{"@type":"ImageObject","inLanguage":"es","@id":"https:\/\/72.167.50.119\/ethoro\/#\/schema\/logo\/image\/","url":"https:\/\/72.167.50.119\/ethoro\/wp-content\/uploads\/2025\/01\/cropped-cropped-icono_t-180x180-1.png","contentUrl":"https:\/\/72.167.50.119\/ethoro\/wp-content\/uploads\/2025\/01\/cropped-cropped-icono_t-180x180-1.png","width":512,"height":512,"caption":"Thoro Enterprises de M\u00e9xico"},"image":{"@id":"https:\/\/72.167.50.119\/ethoro\/#\/schema\/logo\/image\/"},"sameAs":["https:\/\/www.facebook.com\/ThoroEnterprises","https:\/\/www.instagram.com\/thoro.mexico\/"]}]}},"_links":{"self":[{"href":"https:\/\/thoro.com.mx\/ethoro\/wp-json\/wp\/v2\/product\/10841","targetHints":{"allow":["GET"]}}],"collection":[{"href":"https:\/\/thoro.com.mx\/ethoro\/wp-json\/wp\/v2\/product"}],"about":[{"href":"https:\/\/thoro.com.mx\/ethoro\/wp-json\/wp\/v2\/types\/product"}],"replies":[{"embeddable":true,"href":"https:\/\/thoro.com.mx\/ethoro\/wp-json\/wp\/v2\/comments?post=10841"}],"wp:featuredmedia":[{"embeddable":true,"href":"https:\/\/thoro.com.mx\/ethoro\/wp-json\/wp\/v2\/media\/10840"}],"wp:attachment":[{"href":"https:\/\/thoro.com.mx\/ethoro\/wp-json\/wp\/v2\/media?parent=10841"}],"wp:term":[{"taxonomy":"product_brand","embeddable":true,"href":"https:\/\/thoro.com.mx\/ethoro\/wp-json\/wp\/v2\/product_brand?post=10841"},{"taxonomy":"product_cat","embeddable":true,"href":"https:\/\/thoro.com.mx\/ethoro\/wp-json\/wp\/v2\/product_cat?post=10841"},{"taxonomy":"product_tag","embeddable":true,"href":"https:\/\/thoro.com.mx\/ethoro\/wp-json\/wp\/v2\/product_tag?post=10841"}],"curies":[{"name":"wp","href":"https:\/\/api.w.org\/{rel}","templated":true}]}}