{"id":11179,"date":"2025-02-05T13:51:19","date_gmt":"2025-02-05T19:51:19","guid":{"rendered":"https:\/\/72.167.50.119\/ethoro\/shop\/sin categor\u00eda\/llave-de-golpe-urrea-2730swm-plana-fosfatizada-metrica-con-12-puntas-de-30-milimetros\/"},"modified":"2026-04-04T00:44:01","modified_gmt":"2026-04-04T06:44:01","slug":"llave-de-golpe-urrea-2730swm-plana-fosfatizada-metrica-con-12-puntas-de-30-milimetros","status":"publish","type":"product","link":"https:\/\/thoro.com.mx\/ethoro\/shop\/herramientas\/herramientas-manuales\/llaves-de-golpe\/llave-de-golpe-urrea-2730swm-plana-fosfatizada-metrica-con-12-puntas-de-30-milimetros\/","title":{"rendered":"LLAVE DE GOLPE URREA 2730SWM PLANA FOSFATIZADA METRICA CON 12 PUNTAS DE 30 MILIMETROS"},"content":{"rendered":"<h4>2730SWM<\/h4>\n<ul>\n<li>12 puntas dise\u00f1adas para ajustar perfectamente entre la tuerca y la herramienta<\/li>\n<li>La estructura molecular es uniforme para ofrecer mayor resistencia<\/li>\n<li>El mango cuenta con un conveniente radio que mantiene la zona de golpe en un plano superior al plano de la estr\u00eda haciendo m\u00e1s c\u00f3modo y seguro el golpe de la llave<\/li>\n<li>Su acabado fosfatado black las protege de la corrosi\u00f3n y evita el eventual desprendimiento de part\u00edculas de cromo al estar sujetas a los golpes continuos<\/li>\n<li>Grosor De Cabeza: 55\/64&#8243;<\/li>\n<li>Longitud: 9  1\/2&#8243;<\/li>\n<li>Sae O M\u00e9trico: M\u00e9trico<\/li>\n<li><\/li>\n<\/ul>\n","protected":false},"excerpt":{"rendered":"<p>2730SWM 12 puntas dise\u00f1adas para ajustar perfectamente entre la tuerca y la herramienta La estructura molecular es uniforme para ofrecer mayor resistencia El mango cuenta con un conveniente radio que mantiene la zona de golpe en un plano superior al plano de la estr\u00eda haciendo m\u00e1s c\u00f3modo y seguro el golpe de la llave Su [&hellip;]<\/p>\n","protected":false},"featured_media":11178,"comment_status":"open","ping_status":"closed","template":"","meta":{"_monsterinsights_skip_tracking":false,"_monsterinsights_sitenote_active":false,"_monsterinsights_sitenote_note":"","_monsterinsights_sitenote_category":0,"_joinchat":[]},"product_brand":[],"product_cat":[9236],"product_tag":[],"class_list":{"0":"post-11179","1":"product","2":"type-product","3":"status-publish","4":"has-post-thumbnail","6":"product_cat-llaves-de-golpe","8":"first","9":"instock","10":"taxable","11":"shipping-taxable","12":"purchasable","13":"product-type-simple","14":"add-to-wishlist-after_add_to_cart"},"yoast_head":"<!-- This site is optimized with the Yoast SEO plugin v27.1.1 - https:\/\/yoast.com\/product\/yoast-seo-wordpress\/ -->\n<title>LLAVE DE GOLPE URREA 2730SWM PLANA FOSFATIZADA METRICA CON 12 PUNTAS DE 30 MILIMETROS - Thoro enterprises de Mexico<\/title>\n<meta name=\"robots\" content=\"noindex, follow\" \/>\n<meta property=\"og:locale\" content=\"es_MX\" \/>\n<meta property=\"og:type\" content=\"article\" \/>\n<meta property=\"og:title\" content=\"LLAVE DE GOLPE URREA 2730SWM PLANA FOSFATIZADA METRICA CON 12 PUNTAS DE 30 MILIMETROS - Thoro enterprises de Mexico\" \/>\n<meta property=\"og:description\" content=\"2730SWM 12 puntas dise\u00f1adas para ajustar perfectamente entre la tuerca y la herramienta La estructura molecular es uniforme para ofrecer mayor resistencia El mango cuenta con un conveniente radio que mantiene la zona de golpe en un plano superior al plano de la estr\u00eda haciendo m\u00e1s c\u00f3modo y seguro el golpe de la llave Su [&hellip;]\" \/>\n<meta property=\"og:url\" content=\"https:\/\/thoro.com.mx\/ethoro\/shop\/herramientas\/herramientas-manuales\/llaves-de-golpe\/llave-de-golpe-urrea-2730swm-plana-fosfatizada-metrica-con-12-puntas-de-30-milimetros\/\" \/>\n<meta property=\"og:site_name\" content=\"Thoro enterprises de Mexico\" \/>\n<meta property=\"article:publisher\" content=\"https:\/\/www.facebook.com\/ThoroEnterprises\" \/>\n<meta property=\"article:modified_time\" content=\"2026-04-04T06:44:01+00:00\" \/>\n<meta property=\"og:image\" content=\"https:\/\/thoro.com.mx\/ethoro\/wp-content\/uploads\/2025\/02\/H5098.jpg\" \/>\n\t<meta property=\"og:image:width\" content=\"1000\" \/>\n\t<meta property=\"og:image:height\" content=\"1000\" \/>\n\t<meta property=\"og:image:type\" content=\"image\/jpeg\" \/>\n<meta name=\"twitter:card\" content=\"summary_large_image\" \/>\n<script type=\"application\/ld+json\" class=\"yoast-schema-graph\">{\"@context\":\"https:\/\/schema.org\",\"@graph\":[{\"@type\":\"WebPage\",\"@id\":\"https:\/\/thoro.com.mx\/ethoro\/shop\/herramientas\/herramientas-manuales\/llaves-de-golpe\/llave-de-golpe-urrea-2730swm-plana-fosfatizada-metrica-con-12-puntas-de-30-milimetros\/\",\"url\":\"https:\/\/thoro.com.mx\/ethoro\/shop\/herramientas\/herramientas-manuales\/llaves-de-golpe\/llave-de-golpe-urrea-2730swm-plana-fosfatizada-metrica-con-12-puntas-de-30-milimetros\/\",\"name\":\"LLAVE DE GOLPE URREA 2730SWM PLANA FOSFATIZADA METRICA CON 12 PUNTAS DE 30 MILIMETROS - Thoro enterprises de Mexico\",\"isPartOf\":{\"@id\":\"https:\/\/72.167.50.119\/ethoro\/#website\"},\"primaryImageOfPage\":{\"@id\":\"https:\/\/thoro.com.mx\/ethoro\/shop\/herramientas\/herramientas-manuales\/llaves-de-golpe\/llave-de-golpe-urrea-2730swm-plana-fosfatizada-metrica-con-12-puntas-de-30-milimetros\/#primaryimage\"},\"image\":{\"@id\":\"https:\/\/thoro.com.mx\/ethoro\/shop\/herramientas\/herramientas-manuales\/llaves-de-golpe\/llave-de-golpe-urrea-2730swm-plana-fosfatizada-metrica-con-12-puntas-de-30-milimetros\/#primaryimage\"},\"thumbnailUrl\":\"https:\/\/thoro.com.mx\/ethoro\/wp-content\/uploads\/2025\/02\/H5098.jpg\",\"datePublished\":\"2025-02-05T19:51:19+00:00\",\"dateModified\":\"2026-04-04T06:44:01+00:00\",\"breadcrumb\":{\"@id\":\"https:\/\/thoro.com.mx\/ethoro\/shop\/herramientas\/herramientas-manuales\/llaves-de-golpe\/llave-de-golpe-urrea-2730swm-plana-fosfatizada-metrica-con-12-puntas-de-30-milimetros\/#breadcrumb\"},\"inLanguage\":\"es\",\"potentialAction\":[{\"@type\":\"ReadAction\",\"target\":[\"https:\/\/thoro.com.mx\/ethoro\/shop\/herramientas\/herramientas-manuales\/llaves-de-golpe\/llave-de-golpe-urrea-2730swm-plana-fosfatizada-metrica-con-12-puntas-de-30-milimetros\/\"]}]},{\"@type\":\"ImageObject\",\"inLanguage\":\"es\",\"@id\":\"https:\/\/thoro.com.mx\/ethoro\/shop\/herramientas\/herramientas-manuales\/llaves-de-golpe\/llave-de-golpe-urrea-2730swm-plana-fosfatizada-metrica-con-12-puntas-de-30-milimetros\/#primaryimage\",\"url\":\"https:\/\/thoro.com.mx\/ethoro\/wp-content\/uploads\/2025\/02\/H5098.jpg\",\"contentUrl\":\"https:\/\/thoro.com.mx\/ethoro\/wp-content\/uploads\/2025\/02\/H5098.jpg\",\"width\":1000,\"height\":1000},{\"@type\":\"BreadcrumbList\",\"@id\":\"https:\/\/thoro.com.mx\/ethoro\/shop\/herramientas\/herramientas-manuales\/llaves-de-golpe\/llave-de-golpe-urrea-2730swm-plana-fosfatizada-metrica-con-12-puntas-de-30-milimetros\/#breadcrumb\",\"itemListElement\":[{\"@type\":\"ListItem\",\"position\":1,\"name\":\"Inicio\",\"item\":\"https:\/\/thoro.com.mx\/ethoro\/\"},{\"@type\":\"ListItem\",\"position\":2,\"name\":\"Tienda\",\"item\":\"https:\/\/thoro.com.mx\/ethoro\/shop\/\"},{\"@type\":\"ListItem\",\"position\":3,\"name\":\"LLAVE DE GOLPE URREA 2730SWM PLANA FOSFATIZADA METRICA CON 12 PUNTAS DE 30 MILIMETROS\"}]},{\"@type\":\"WebSite\",\"@id\":\"https:\/\/72.167.50.119\/ethoro\/#website\",\"url\":\"https:\/\/72.167.50.119\/ethoro\/\",\"name\":\"Thoro Enterprises de M\u00e9xico\",\"description\":\"Todo en Thoro\",\"publisher\":{\"@id\":\"https:\/\/72.167.50.119\/ethoro\/#organization\"},\"alternateName\":\"Thoro shop\",\"potentialAction\":[{\"@type\":\"SearchAction\",\"target\":{\"@type\":\"EntryPoint\",\"urlTemplate\":\"https:\/\/72.167.50.119\/ethoro\/?s={search_term_string}\"},\"query-input\":{\"@type\":\"PropertyValueSpecification\",\"valueRequired\":true,\"valueName\":\"search_term_string\"}}],\"inLanguage\":\"es\"},{\"@type\":\"Organization\",\"@id\":\"https:\/\/72.167.50.119\/ethoro\/#organization\",\"name\":\"Thoro Enterprises de M\u00e9xico\",\"alternateName\":\"Thoro shop\",\"url\":\"https:\/\/72.167.50.119\/ethoro\/\",\"logo\":{\"@type\":\"ImageObject\",\"inLanguage\":\"es\",\"@id\":\"https:\/\/72.167.50.119\/ethoro\/#\/schema\/logo\/image\/\",\"url\":\"https:\/\/72.167.50.119\/ethoro\/wp-content\/uploads\/2025\/01\/cropped-cropped-icono_t-180x180-1.png\",\"contentUrl\":\"https:\/\/72.167.50.119\/ethoro\/wp-content\/uploads\/2025\/01\/cropped-cropped-icono_t-180x180-1.png\",\"width\":512,\"height\":512,\"caption\":\"Thoro Enterprises de M\u00e9xico\"},\"image\":{\"@id\":\"https:\/\/72.167.50.119\/ethoro\/#\/schema\/logo\/image\/\"},\"sameAs\":[\"https:\/\/www.facebook.com\/ThoroEnterprises\",\"https:\/\/www.instagram.com\/thoro.mexico\/\"]}]}<\/script>\n<!-- \/ Yoast SEO plugin. -->","yoast_head_json":{"title":"LLAVE DE GOLPE URREA 2730SWM PLANA FOSFATIZADA METRICA CON 12 PUNTAS DE 30 MILIMETROS - Thoro enterprises de Mexico","robots":{"index":"noindex","follow":"follow"},"og_locale":"es_MX","og_type":"article","og_title":"LLAVE DE GOLPE URREA 2730SWM PLANA FOSFATIZADA METRICA CON 12 PUNTAS DE 30 MILIMETROS - Thoro enterprises de Mexico","og_description":"2730SWM 12 puntas dise\u00f1adas para ajustar perfectamente entre la tuerca y la herramienta La estructura molecular es uniforme para ofrecer mayor resistencia El mango cuenta con un conveniente radio que mantiene la zona de golpe en un plano superior al plano de la estr\u00eda haciendo m\u00e1s c\u00f3modo y seguro el golpe de la llave Su [&hellip;]","og_url":"https:\/\/thoro.com.mx\/ethoro\/shop\/herramientas\/herramientas-manuales\/llaves-de-golpe\/llave-de-golpe-urrea-2730swm-plana-fosfatizada-metrica-con-12-puntas-de-30-milimetros\/","og_site_name":"Thoro enterprises de Mexico","article_publisher":"https:\/\/www.facebook.com\/ThoroEnterprises","article_modified_time":"2026-04-04T06:44:01+00:00","og_image":[{"width":1000,"height":1000,"url":"https:\/\/thoro.com.mx\/ethoro\/wp-content\/uploads\/2025\/02\/H5098.jpg","type":"image\/jpeg"}],"twitter_card":"summary_large_image","schema":{"@context":"https:\/\/schema.org","@graph":[{"@type":"WebPage","@id":"https:\/\/thoro.com.mx\/ethoro\/shop\/herramientas\/herramientas-manuales\/llaves-de-golpe\/llave-de-golpe-urrea-2730swm-plana-fosfatizada-metrica-con-12-puntas-de-30-milimetros\/","url":"https:\/\/thoro.com.mx\/ethoro\/shop\/herramientas\/herramientas-manuales\/llaves-de-golpe\/llave-de-golpe-urrea-2730swm-plana-fosfatizada-metrica-con-12-puntas-de-30-milimetros\/","name":"LLAVE DE GOLPE URREA 2730SWM PLANA FOSFATIZADA METRICA CON 12 PUNTAS DE 30 MILIMETROS - Thoro enterprises de Mexico","isPartOf":{"@id":"https:\/\/72.167.50.119\/ethoro\/#website"},"primaryImageOfPage":{"@id":"https:\/\/thoro.com.mx\/ethoro\/shop\/herramientas\/herramientas-manuales\/llaves-de-golpe\/llave-de-golpe-urrea-2730swm-plana-fosfatizada-metrica-con-12-puntas-de-30-milimetros\/#primaryimage"},"image":{"@id":"https:\/\/thoro.com.mx\/ethoro\/shop\/herramientas\/herramientas-manuales\/llaves-de-golpe\/llave-de-golpe-urrea-2730swm-plana-fosfatizada-metrica-con-12-puntas-de-30-milimetros\/#primaryimage"},"thumbnailUrl":"https:\/\/thoro.com.mx\/ethoro\/wp-content\/uploads\/2025\/02\/H5098.jpg","datePublished":"2025-02-05T19:51:19+00:00","dateModified":"2026-04-04T06:44:01+00:00","breadcrumb":{"@id":"https:\/\/thoro.com.mx\/ethoro\/shop\/herramientas\/herramientas-manuales\/llaves-de-golpe\/llave-de-golpe-urrea-2730swm-plana-fosfatizada-metrica-con-12-puntas-de-30-milimetros\/#breadcrumb"},"inLanguage":"es","potentialAction":[{"@type":"ReadAction","target":["https:\/\/thoro.com.mx\/ethoro\/shop\/herramientas\/herramientas-manuales\/llaves-de-golpe\/llave-de-golpe-urrea-2730swm-plana-fosfatizada-metrica-con-12-puntas-de-30-milimetros\/"]}]},{"@type":"ImageObject","inLanguage":"es","@id":"https:\/\/thoro.com.mx\/ethoro\/shop\/herramientas\/herramientas-manuales\/llaves-de-golpe\/llave-de-golpe-urrea-2730swm-plana-fosfatizada-metrica-con-12-puntas-de-30-milimetros\/#primaryimage","url":"https:\/\/thoro.com.mx\/ethoro\/wp-content\/uploads\/2025\/02\/H5098.jpg","contentUrl":"https:\/\/thoro.com.mx\/ethoro\/wp-content\/uploads\/2025\/02\/H5098.jpg","width":1000,"height":1000},{"@type":"BreadcrumbList","@id":"https:\/\/thoro.com.mx\/ethoro\/shop\/herramientas\/herramientas-manuales\/llaves-de-golpe\/llave-de-golpe-urrea-2730swm-plana-fosfatizada-metrica-con-12-puntas-de-30-milimetros\/#breadcrumb","itemListElement":[{"@type":"ListItem","position":1,"name":"Inicio","item":"https:\/\/thoro.com.mx\/ethoro\/"},{"@type":"ListItem","position":2,"name":"Tienda","item":"https:\/\/thoro.com.mx\/ethoro\/shop\/"},{"@type":"ListItem","position":3,"name":"LLAVE DE GOLPE URREA 2730SWM PLANA FOSFATIZADA METRICA CON 12 PUNTAS DE 30 MILIMETROS"}]},{"@type":"WebSite","@id":"https:\/\/72.167.50.119\/ethoro\/#website","url":"https:\/\/72.167.50.119\/ethoro\/","name":"Thoro Enterprises de M\u00e9xico","description":"Todo en Thoro","publisher":{"@id":"https:\/\/72.167.50.119\/ethoro\/#organization"},"alternateName":"Thoro shop","potentialAction":[{"@type":"SearchAction","target":{"@type":"EntryPoint","urlTemplate":"https:\/\/72.167.50.119\/ethoro\/?s={search_term_string}"},"query-input":{"@type":"PropertyValueSpecification","valueRequired":true,"valueName":"search_term_string"}}],"inLanguage":"es"},{"@type":"Organization","@id":"https:\/\/72.167.50.119\/ethoro\/#organization","name":"Thoro Enterprises de M\u00e9xico","alternateName":"Thoro shop","url":"https:\/\/72.167.50.119\/ethoro\/","logo":{"@type":"ImageObject","inLanguage":"es","@id":"https:\/\/72.167.50.119\/ethoro\/#\/schema\/logo\/image\/","url":"https:\/\/72.167.50.119\/ethoro\/wp-content\/uploads\/2025\/01\/cropped-cropped-icono_t-180x180-1.png","contentUrl":"https:\/\/72.167.50.119\/ethoro\/wp-content\/uploads\/2025\/01\/cropped-cropped-icono_t-180x180-1.png","width":512,"height":512,"caption":"Thoro Enterprises de M\u00e9xico"},"image":{"@id":"https:\/\/72.167.50.119\/ethoro\/#\/schema\/logo\/image\/"},"sameAs":["https:\/\/www.facebook.com\/ThoroEnterprises","https:\/\/www.instagram.com\/thoro.mexico\/"]}]}},"_links":{"self":[{"href":"https:\/\/thoro.com.mx\/ethoro\/wp-json\/wp\/v2\/product\/11179","targetHints":{"allow":["GET"]}}],"collection":[{"href":"https:\/\/thoro.com.mx\/ethoro\/wp-json\/wp\/v2\/product"}],"about":[{"href":"https:\/\/thoro.com.mx\/ethoro\/wp-json\/wp\/v2\/types\/product"}],"replies":[{"embeddable":true,"href":"https:\/\/thoro.com.mx\/ethoro\/wp-json\/wp\/v2\/comments?post=11179"}],"wp:featuredmedia":[{"embeddable":true,"href":"https:\/\/thoro.com.mx\/ethoro\/wp-json\/wp\/v2\/media\/11178"}],"wp:attachment":[{"href":"https:\/\/thoro.com.mx\/ethoro\/wp-json\/wp\/v2\/media?parent=11179"}],"wp:term":[{"taxonomy":"product_brand","embeddable":true,"href":"https:\/\/thoro.com.mx\/ethoro\/wp-json\/wp\/v2\/product_brand?post=11179"},{"taxonomy":"product_cat","embeddable":true,"href":"https:\/\/thoro.com.mx\/ethoro\/wp-json\/wp\/v2\/product_cat?post=11179"},{"taxonomy":"product_tag","embeddable":true,"href":"https:\/\/thoro.com.mx\/ethoro\/wp-json\/wp\/v2\/product_tag?post=11179"}],"curies":[{"name":"wp","href":"https:\/\/api.w.org\/{rel}","templated":true}]}}