{"id":11480,"date":"2025-02-05T13:54:21","date_gmt":"2025-02-05T19:54:21","guid":{"rendered":"https:\/\/72.167.50.119\/ethoro\/shop\/sin categor\u00eda\/torquimetro-preajustado-urrea-6000-1-4-1-5-pie-libra\/"},"modified":"2026-05-06T00:46:05","modified_gmt":"2026-05-06T06:46:05","slug":"torquimetro-preajustado-urrea-6000-1-4-1-5-pie-libra","status":"publish","type":"product","link":"https:\/\/thoro.com.mx\/ethoro\/shop\/herramientas\/herramientas-manuales\/torquimetros\/torquimetro-preajustado-urrea-6000-1-4-1-5-pie-libra\/","title":{"rendered":"TORQU\u00cdMETRO PREAJUSTADO URREA 6000 1\/4&#8221; 1-5 PIE-LIBRA"},"content":{"rendered":"<h4>6000<\/h4>\n<ul>\n<li>Dise\u00f1ados para usarse en l\u00edneas de producci\u00f3n y ensambles donde se requiere un torque espec\u00edfico para operaciones repetitivas<\/li>\n<li>El torque ajustado no puede ser cambiado sin usar la llave de ajuste, esto previene que el usuario modifique accidentalmente el torque<\/li>\n<li>Cuadro 1\/4&#8243;<\/li>\n<li>Largo 6 1\/2&#8243;<\/li>\n<li>Rango de torque 1-5 ft-lb<\/li>\n<li>Rango de torque 12-60 in-lb<\/li>\n<li>Rango de torque 6.8-16.3 nm<\/li>\n<li>Cabeza de Matraca<\/li>\n<\/ul>\n","protected":false},"excerpt":{"rendered":"<p>6000 Dise\u00f1ados para usarse en l\u00edneas de producci\u00f3n y ensambles donde se requiere un torque espec\u00edfico para operaciones repetitivas El torque ajustado no puede ser cambiado sin usar la llave de ajuste, esto previene que el usuario modifique accidentalmente el torque Cuadro 1\/4&#8243; Largo 6 1\/2&#8243; Rango de torque 1-5 ft-lb Rango de torque 12-60 [&hellip;]<\/p>\n","protected":false},"featured_media":11479,"comment_status":"open","ping_status":"closed","template":"","meta":{"_monsterinsights_skip_tracking":false,"_monsterinsights_sitenote_active":false,"_monsterinsights_sitenote_note":"","_monsterinsights_sitenote_category":0,"_joinchat":[]},"product_brand":[],"product_cat":[541],"product_tag":[],"class_list":{"0":"post-11480","1":"product","2":"type-product","3":"status-publish","4":"has-post-thumbnail","6":"product_cat-torquimetros","8":"first","9":"instock","10":"taxable","11":"shipping-taxable","12":"purchasable","13":"product-type-simple","14":"add-to-wishlist-after_add_to_cart"},"yoast_head":"<!-- This site is optimized with the Yoast SEO plugin v27.3 - https:\/\/yoast.com\/product\/yoast-seo-wordpress\/ -->\n<title>TORQU\u00cdMETRO PREAJUSTADO URREA 6000 1\/4&#039;&#039; 1-5 PIE-LIBRA - Thoro enterprises de Mexico<\/title>\n<meta name=\"robots\" content=\"noindex, follow\" \/>\n<meta property=\"og:locale\" content=\"es_MX\" \/>\n<meta property=\"og:type\" content=\"article\" \/>\n<meta property=\"og:title\" content=\"TORQU\u00cdMETRO PREAJUSTADO URREA 6000 1\/4&#039;&#039; 1-5 PIE-LIBRA - Thoro enterprises de Mexico\" \/>\n<meta property=\"og:description\" content=\"6000 Dise\u00f1ados para usarse en l\u00edneas de producci\u00f3n y ensambles donde se requiere un torque espec\u00edfico para operaciones repetitivas El torque ajustado no puede ser cambiado sin usar la llave de ajuste, esto previene que el usuario modifique accidentalmente el torque Cuadro 1\/4&#8243; Largo 6 1\/2&#8243; Rango de torque 1-5 ft-lb Rango de torque 12-60 [&hellip;]\" \/>\n<meta property=\"og:url\" content=\"https:\/\/thoro.com.mx\/ethoro\/shop\/herramientas\/herramientas-manuales\/torquimetros\/torquimetro-preajustado-urrea-6000-1-4-1-5-pie-libra\/\" \/>\n<meta property=\"og:site_name\" content=\"Thoro enterprises de Mexico\" \/>\n<meta property=\"article:publisher\" content=\"https:\/\/www.facebook.com\/ThoroEnterprises\" \/>\n<meta property=\"article:modified_time\" content=\"2026-05-06T06:46:05+00:00\" \/>\n<meta property=\"og:image\" content=\"https:\/\/thoro.com.mx\/ethoro\/wp-content\/uploads\/2025\/02\/H5258.jpg\" \/>\n\t<meta property=\"og:image:width\" content=\"1000\" \/>\n\t<meta property=\"og:image:height\" content=\"1000\" \/>\n\t<meta property=\"og:image:type\" content=\"image\/jpeg\" \/>\n<meta name=\"twitter:card\" content=\"summary_large_image\" \/>\n<script type=\"application\/ld+json\" class=\"yoast-schema-graph\">{\"@context\":\"https:\\\/\\\/schema.org\",\"@graph\":[{\"@type\":\"WebPage\",\"@id\":\"https:\\\/\\\/thoro.com.mx\\\/ethoro\\\/shop\\\/herramientas\\\/herramientas-manuales\\\/torquimetros\\\/torquimetro-preajustado-urrea-6000-1-4-1-5-pie-libra\\\/\",\"url\":\"https:\\\/\\\/thoro.com.mx\\\/ethoro\\\/shop\\\/herramientas\\\/herramientas-manuales\\\/torquimetros\\\/torquimetro-preajustado-urrea-6000-1-4-1-5-pie-libra\\\/\",\"name\":\"TORQU\u00cdMETRO PREAJUSTADO URREA 6000 1\\\/4'' 1-5 PIE-LIBRA - Thoro enterprises de Mexico\",\"isPartOf\":{\"@id\":\"https:\\\/\\\/72.167.50.119\\\/ethoro\\\/#website\"},\"primaryImageOfPage\":{\"@id\":\"https:\\\/\\\/thoro.com.mx\\\/ethoro\\\/shop\\\/herramientas\\\/herramientas-manuales\\\/torquimetros\\\/torquimetro-preajustado-urrea-6000-1-4-1-5-pie-libra\\\/#primaryimage\"},\"image\":{\"@id\":\"https:\\\/\\\/thoro.com.mx\\\/ethoro\\\/shop\\\/herramientas\\\/herramientas-manuales\\\/torquimetros\\\/torquimetro-preajustado-urrea-6000-1-4-1-5-pie-libra\\\/#primaryimage\"},\"thumbnailUrl\":\"https:\\\/\\\/thoro.com.mx\\\/ethoro\\\/wp-content\\\/uploads\\\/2025\\\/02\\\/H5258.jpg\",\"datePublished\":\"2025-02-05T19:54:21+00:00\",\"dateModified\":\"2026-05-06T06:46:05+00:00\",\"breadcrumb\":{\"@id\":\"https:\\\/\\\/thoro.com.mx\\\/ethoro\\\/shop\\\/herramientas\\\/herramientas-manuales\\\/torquimetros\\\/torquimetro-preajustado-urrea-6000-1-4-1-5-pie-libra\\\/#breadcrumb\"},\"inLanguage\":\"es\",\"potentialAction\":[{\"@type\":\"ReadAction\",\"target\":[\"https:\\\/\\\/thoro.com.mx\\\/ethoro\\\/shop\\\/herramientas\\\/herramientas-manuales\\\/torquimetros\\\/torquimetro-preajustado-urrea-6000-1-4-1-5-pie-libra\\\/\"]}]},{\"@type\":\"ImageObject\",\"inLanguage\":\"es\",\"@id\":\"https:\\\/\\\/thoro.com.mx\\\/ethoro\\\/shop\\\/herramientas\\\/herramientas-manuales\\\/torquimetros\\\/torquimetro-preajustado-urrea-6000-1-4-1-5-pie-libra\\\/#primaryimage\",\"url\":\"https:\\\/\\\/thoro.com.mx\\\/ethoro\\\/wp-content\\\/uploads\\\/2025\\\/02\\\/H5258.jpg\",\"contentUrl\":\"https:\\\/\\\/thoro.com.mx\\\/ethoro\\\/wp-content\\\/uploads\\\/2025\\\/02\\\/H5258.jpg\",\"width\":1000,\"height\":1000},{\"@type\":\"BreadcrumbList\",\"@id\":\"https:\\\/\\\/thoro.com.mx\\\/ethoro\\\/shop\\\/herramientas\\\/herramientas-manuales\\\/torquimetros\\\/torquimetro-preajustado-urrea-6000-1-4-1-5-pie-libra\\\/#breadcrumb\",\"itemListElement\":[{\"@type\":\"ListItem\",\"position\":1,\"name\":\"Inicio\",\"item\":\"https:\\\/\\\/thoro.com.mx\\\/ethoro\\\/\"},{\"@type\":\"ListItem\",\"position\":2,\"name\":\"Tienda\",\"item\":\"https:\\\/\\\/thoro.com.mx\\\/ethoro\\\/shop\\\/\"},{\"@type\":\"ListItem\",\"position\":3,\"name\":\"TORQU\u00cdMETRO PREAJUSTADO URREA 6000 1\\\/4&#8221; 1-5 PIE-LIBRA\"}]},{\"@type\":\"WebSite\",\"@id\":\"https:\\\/\\\/72.167.50.119\\\/ethoro\\\/#website\",\"url\":\"https:\\\/\\\/72.167.50.119\\\/ethoro\\\/\",\"name\":\"Thoro Enterprises de M\u00e9xico\",\"description\":\"Todo en Thoro\",\"publisher\":{\"@id\":\"https:\\\/\\\/72.167.50.119\\\/ethoro\\\/#organization\"},\"alternateName\":\"Thoro shop\",\"potentialAction\":[{\"@type\":\"SearchAction\",\"target\":{\"@type\":\"EntryPoint\",\"urlTemplate\":\"https:\\\/\\\/72.167.50.119\\\/ethoro\\\/?s={search_term_string}\"},\"query-input\":{\"@type\":\"PropertyValueSpecification\",\"valueRequired\":true,\"valueName\":\"search_term_string\"}}],\"inLanguage\":\"es\"},{\"@type\":\"Organization\",\"@id\":\"https:\\\/\\\/72.167.50.119\\\/ethoro\\\/#organization\",\"name\":\"Thoro Enterprises de M\u00e9xico\",\"alternateName\":\"Thoro shop\",\"url\":\"https:\\\/\\\/72.167.50.119\\\/ethoro\\\/\",\"logo\":{\"@type\":\"ImageObject\",\"inLanguage\":\"es\",\"@id\":\"https:\\\/\\\/72.167.50.119\\\/ethoro\\\/#\\\/schema\\\/logo\\\/image\\\/\",\"url\":\"https:\\\/\\\/72.167.50.119\\\/ethoro\\\/wp-content\\\/uploads\\\/2025\\\/01\\\/cropped-cropped-icono_t-180x180-1.png\",\"contentUrl\":\"https:\\\/\\\/72.167.50.119\\\/ethoro\\\/wp-content\\\/uploads\\\/2025\\\/01\\\/cropped-cropped-icono_t-180x180-1.png\",\"width\":512,\"height\":512,\"caption\":\"Thoro Enterprises de M\u00e9xico\"},\"image\":{\"@id\":\"https:\\\/\\\/72.167.50.119\\\/ethoro\\\/#\\\/schema\\\/logo\\\/image\\\/\"},\"sameAs\":[\"https:\\\/\\\/www.facebook.com\\\/ThoroEnterprises\",\"https:\\\/\\\/www.instagram.com\\\/thoro.mexico\\\/\"]}]}<\/script>\n<!-- \/ Yoast SEO plugin. -->","yoast_head_json":{"title":"TORQU\u00cdMETRO PREAJUSTADO URREA 6000 1\/4'' 1-5 PIE-LIBRA - Thoro enterprises de Mexico","robots":{"index":"noindex","follow":"follow"},"og_locale":"es_MX","og_type":"article","og_title":"TORQU\u00cdMETRO PREAJUSTADO URREA 6000 1\/4'' 1-5 PIE-LIBRA - Thoro enterprises de Mexico","og_description":"6000 Dise\u00f1ados para usarse en l\u00edneas de producci\u00f3n y ensambles donde se requiere un torque espec\u00edfico para operaciones repetitivas El torque ajustado no puede ser cambiado sin usar la llave de ajuste, esto previene que el usuario modifique accidentalmente el torque Cuadro 1\/4&#8243; Largo 6 1\/2&#8243; Rango de torque 1-5 ft-lb Rango de torque 12-60 [&hellip;]","og_url":"https:\/\/thoro.com.mx\/ethoro\/shop\/herramientas\/herramientas-manuales\/torquimetros\/torquimetro-preajustado-urrea-6000-1-4-1-5-pie-libra\/","og_site_name":"Thoro enterprises de Mexico","article_publisher":"https:\/\/www.facebook.com\/ThoroEnterprises","article_modified_time":"2026-05-06T06:46:05+00:00","og_image":[{"width":1000,"height":1000,"url":"https:\/\/thoro.com.mx\/ethoro\/wp-content\/uploads\/2025\/02\/H5258.jpg","type":"image\/jpeg"}],"twitter_card":"summary_large_image","schema":{"@context":"https:\/\/schema.org","@graph":[{"@type":"WebPage","@id":"https:\/\/thoro.com.mx\/ethoro\/shop\/herramientas\/herramientas-manuales\/torquimetros\/torquimetro-preajustado-urrea-6000-1-4-1-5-pie-libra\/","url":"https:\/\/thoro.com.mx\/ethoro\/shop\/herramientas\/herramientas-manuales\/torquimetros\/torquimetro-preajustado-urrea-6000-1-4-1-5-pie-libra\/","name":"TORQU\u00cdMETRO PREAJUSTADO URREA 6000 1\/4'' 1-5 PIE-LIBRA - Thoro enterprises de Mexico","isPartOf":{"@id":"https:\/\/72.167.50.119\/ethoro\/#website"},"primaryImageOfPage":{"@id":"https:\/\/thoro.com.mx\/ethoro\/shop\/herramientas\/herramientas-manuales\/torquimetros\/torquimetro-preajustado-urrea-6000-1-4-1-5-pie-libra\/#primaryimage"},"image":{"@id":"https:\/\/thoro.com.mx\/ethoro\/shop\/herramientas\/herramientas-manuales\/torquimetros\/torquimetro-preajustado-urrea-6000-1-4-1-5-pie-libra\/#primaryimage"},"thumbnailUrl":"https:\/\/thoro.com.mx\/ethoro\/wp-content\/uploads\/2025\/02\/H5258.jpg","datePublished":"2025-02-05T19:54:21+00:00","dateModified":"2026-05-06T06:46:05+00:00","breadcrumb":{"@id":"https:\/\/thoro.com.mx\/ethoro\/shop\/herramientas\/herramientas-manuales\/torquimetros\/torquimetro-preajustado-urrea-6000-1-4-1-5-pie-libra\/#breadcrumb"},"inLanguage":"es","potentialAction":[{"@type":"ReadAction","target":["https:\/\/thoro.com.mx\/ethoro\/shop\/herramientas\/herramientas-manuales\/torquimetros\/torquimetro-preajustado-urrea-6000-1-4-1-5-pie-libra\/"]}]},{"@type":"ImageObject","inLanguage":"es","@id":"https:\/\/thoro.com.mx\/ethoro\/shop\/herramientas\/herramientas-manuales\/torquimetros\/torquimetro-preajustado-urrea-6000-1-4-1-5-pie-libra\/#primaryimage","url":"https:\/\/thoro.com.mx\/ethoro\/wp-content\/uploads\/2025\/02\/H5258.jpg","contentUrl":"https:\/\/thoro.com.mx\/ethoro\/wp-content\/uploads\/2025\/02\/H5258.jpg","width":1000,"height":1000},{"@type":"BreadcrumbList","@id":"https:\/\/thoro.com.mx\/ethoro\/shop\/herramientas\/herramientas-manuales\/torquimetros\/torquimetro-preajustado-urrea-6000-1-4-1-5-pie-libra\/#breadcrumb","itemListElement":[{"@type":"ListItem","position":1,"name":"Inicio","item":"https:\/\/thoro.com.mx\/ethoro\/"},{"@type":"ListItem","position":2,"name":"Tienda","item":"https:\/\/thoro.com.mx\/ethoro\/shop\/"},{"@type":"ListItem","position":3,"name":"TORQU\u00cdMETRO PREAJUSTADO URREA 6000 1\/4&#8221; 1-5 PIE-LIBRA"}]},{"@type":"WebSite","@id":"https:\/\/72.167.50.119\/ethoro\/#website","url":"https:\/\/72.167.50.119\/ethoro\/","name":"Thoro Enterprises de M\u00e9xico","description":"Todo en Thoro","publisher":{"@id":"https:\/\/72.167.50.119\/ethoro\/#organization"},"alternateName":"Thoro shop","potentialAction":[{"@type":"SearchAction","target":{"@type":"EntryPoint","urlTemplate":"https:\/\/72.167.50.119\/ethoro\/?s={search_term_string}"},"query-input":{"@type":"PropertyValueSpecification","valueRequired":true,"valueName":"search_term_string"}}],"inLanguage":"es"},{"@type":"Organization","@id":"https:\/\/72.167.50.119\/ethoro\/#organization","name":"Thoro Enterprises de M\u00e9xico","alternateName":"Thoro shop","url":"https:\/\/72.167.50.119\/ethoro\/","logo":{"@type":"ImageObject","inLanguage":"es","@id":"https:\/\/72.167.50.119\/ethoro\/#\/schema\/logo\/image\/","url":"https:\/\/72.167.50.119\/ethoro\/wp-content\/uploads\/2025\/01\/cropped-cropped-icono_t-180x180-1.png","contentUrl":"https:\/\/72.167.50.119\/ethoro\/wp-content\/uploads\/2025\/01\/cropped-cropped-icono_t-180x180-1.png","width":512,"height":512,"caption":"Thoro Enterprises de M\u00e9xico"},"image":{"@id":"https:\/\/72.167.50.119\/ethoro\/#\/schema\/logo\/image\/"},"sameAs":["https:\/\/www.facebook.com\/ThoroEnterprises","https:\/\/www.instagram.com\/thoro.mexico\/"]}]}},"_links":{"self":[{"href":"https:\/\/thoro.com.mx\/ethoro\/wp-json\/wp\/v2\/product\/11480","targetHints":{"allow":["GET"]}}],"collection":[{"href":"https:\/\/thoro.com.mx\/ethoro\/wp-json\/wp\/v2\/product"}],"about":[{"href":"https:\/\/thoro.com.mx\/ethoro\/wp-json\/wp\/v2\/types\/product"}],"replies":[{"embeddable":true,"href":"https:\/\/thoro.com.mx\/ethoro\/wp-json\/wp\/v2\/comments?post=11480"}],"wp:featuredmedia":[{"embeddable":true,"href":"https:\/\/thoro.com.mx\/ethoro\/wp-json\/wp\/v2\/media\/11479"}],"wp:attachment":[{"href":"https:\/\/thoro.com.mx\/ethoro\/wp-json\/wp\/v2\/media?parent=11480"}],"wp:term":[{"taxonomy":"product_brand","embeddable":true,"href":"https:\/\/thoro.com.mx\/ethoro\/wp-json\/wp\/v2\/product_brand?post=11480"},{"taxonomy":"product_cat","embeddable":true,"href":"https:\/\/thoro.com.mx\/ethoro\/wp-json\/wp\/v2\/product_cat?post=11480"},{"taxonomy":"product_tag","embeddable":true,"href":"https:\/\/thoro.com.mx\/ethoro\/wp-json\/wp\/v2\/product_tag?post=11480"}],"curies":[{"name":"wp","href":"https:\/\/api.w.org\/{rel}","templated":true}]}}