{"id":11498,"date":"2025-02-05T13:54:32","date_gmt":"2025-02-05T19:54:32","guid":{"rendered":"https:\/\/72.167.50.119\/ethoro\/shop\/sin categor\u00eda\/multiplicador-de-torque-de-reaccion-esclava-urrea-6262-11750-ft-lb\/"},"modified":"2025-03-11T00:19:00","modified_gmt":"2025-03-11T06:19:00","slug":"multiplicador-de-torque-de-reaccion-esclava-urrea-6262-11750-ft-lb","status":"publish","type":"product","link":"https:\/\/thoro.com.mx\/ethoro\/shop\/herramientas\/herramientas-manuales\/multiplicadores-de-torque\/multiplicador-de-torque-de-reaccion-esclava-urrea-6262-11750-ft-lb\/","title":{"rendered":"MULTIPLICADOR DE TORQUE DE REACCI\u00d3N ESCLAVA URREA 6262 11750 FT-LB"},"content":{"rendered":"<h4>6262<\/h4>\n<ul>\n<li>Reduce el esfuerzo de aplicaci\u00f3n en un torque grande<\/li>\n<li>Trabaja en espacios muy reducidos donde no es f\u00e1cil aplicar un torque grande con palancas largas<\/li>\n<li>Es mucho mas seguro utilizar un multiplicador que un torqu\u00edmetro al aplicar torques grandes<\/li>\n<li>Cuadro M: 2 1\/2&#8243;<\/li>\n<li>Relaci\u00f3n Torque: 1 a 75<\/li>\n<li>Torque m\u00e1ximo: 11 750 ft-lb<\/li>\n<li>Cuadro H: 3\/4&#8243;<\/li>\n<\/ul>\n","protected":false},"excerpt":{"rendered":"<p>6262 Reduce el esfuerzo de aplicaci\u00f3n en un torque grande Trabaja en espacios muy reducidos donde no es f\u00e1cil aplicar un torque grande con palancas largas Es mucho mas seguro utilizar un multiplicador que un torqu\u00edmetro al aplicar torques grandes Cuadro M: 2 1\/2&#8243; Relaci\u00f3n Torque: 1 a 75 Torque m\u00e1ximo: 11 750 ft-lb Cuadro [&hellip;]<\/p>\n","protected":false},"featured_media":11497,"comment_status":"open","ping_status":"closed","template":"","meta":{"_monsterinsights_skip_tracking":false,"_monsterinsights_sitenote_active":false,"_monsterinsights_sitenote_note":"","_monsterinsights_sitenote_category":0,"_joinchat":[]},"product_brand":[],"product_cat":[10234],"product_tag":[],"class_list":{"0":"post-11498","1":"product","2":"type-product","3":"status-publish","4":"has-post-thumbnail","6":"product_cat-multiplicadores-de-torque","8":"first","9":"outofstock","10":"sale","11":"taxable","12":"shipping-taxable","13":"purchasable","14":"product-type-simple","15":"add-to-wishlist-after_add_to_cart"},"yoast_head":"<!-- This site is optimized with the Yoast SEO plugin v27.1.1 - https:\/\/yoast.com\/product\/yoast-seo-wordpress\/ -->\n<title>MULTIPLICADOR DE TORQUE DE REACCI\u00d3N ESCLAVA URREA 6262 11750 FT-LB - Thoro enterprises de Mexico<\/title>\n<meta name=\"robots\" content=\"noindex, follow\" \/>\n<meta property=\"og:locale\" content=\"es_MX\" \/>\n<meta property=\"og:type\" content=\"article\" \/>\n<meta property=\"og:title\" content=\"MULTIPLICADOR DE TORQUE DE REACCI\u00d3N ESCLAVA URREA 6262 11750 FT-LB - Thoro enterprises de Mexico\" \/>\n<meta property=\"og:description\" content=\"6262 Reduce el esfuerzo de aplicaci\u00f3n en un torque grande Trabaja en espacios muy reducidos donde no es f\u00e1cil aplicar un torque grande con palancas largas Es mucho mas seguro utilizar un multiplicador que un torqu\u00edmetro al aplicar torques grandes Cuadro M: 2 1\/2&#8243; Relaci\u00f3n Torque: 1 a 75 Torque m\u00e1ximo: 11 750 ft-lb Cuadro [&hellip;]\" \/>\n<meta property=\"og:url\" content=\"https:\/\/thoro.com.mx\/ethoro\/shop\/herramientas\/herramientas-manuales\/multiplicadores-de-torque\/multiplicador-de-torque-de-reaccion-esclava-urrea-6262-11750-ft-lb\/\" \/>\n<meta property=\"og:site_name\" content=\"Thoro enterprises de Mexico\" \/>\n<meta property=\"article:publisher\" content=\"https:\/\/www.facebook.com\/ThoroEnterprises\" \/>\n<meta property=\"article:modified_time\" content=\"2025-03-11T06:19:00+00:00\" \/>\n<meta property=\"og:image\" content=\"https:\/\/thoro.com.mx\/ethoro\/wp-content\/uploads\/2025\/02\/H5267.jpg\" \/>\n\t<meta property=\"og:image:width\" content=\"1000\" \/>\n\t<meta property=\"og:image:height\" content=\"1000\" \/>\n\t<meta property=\"og:image:type\" content=\"image\/jpeg\" \/>\n<meta name=\"twitter:card\" content=\"summary_large_image\" \/>\n<script type=\"application\/ld+json\" class=\"yoast-schema-graph\">{\"@context\":\"https:\/\/schema.org\",\"@graph\":[{\"@type\":\"WebPage\",\"@id\":\"https:\/\/thoro.com.mx\/ethoro\/shop\/herramientas\/herramientas-manuales\/multiplicadores-de-torque\/multiplicador-de-torque-de-reaccion-esclava-urrea-6262-11750-ft-lb\/\",\"url\":\"https:\/\/thoro.com.mx\/ethoro\/shop\/herramientas\/herramientas-manuales\/multiplicadores-de-torque\/multiplicador-de-torque-de-reaccion-esclava-urrea-6262-11750-ft-lb\/\",\"name\":\"MULTIPLICADOR DE TORQUE DE REACCI\u00d3N ESCLAVA URREA 6262 11750 FT-LB - Thoro enterprises de Mexico\",\"isPartOf\":{\"@id\":\"https:\/\/72.167.50.119\/ethoro\/#website\"},\"primaryImageOfPage\":{\"@id\":\"https:\/\/thoro.com.mx\/ethoro\/shop\/herramientas\/herramientas-manuales\/multiplicadores-de-torque\/multiplicador-de-torque-de-reaccion-esclava-urrea-6262-11750-ft-lb\/#primaryimage\"},\"image\":{\"@id\":\"https:\/\/thoro.com.mx\/ethoro\/shop\/herramientas\/herramientas-manuales\/multiplicadores-de-torque\/multiplicador-de-torque-de-reaccion-esclava-urrea-6262-11750-ft-lb\/#primaryimage\"},\"thumbnailUrl\":\"https:\/\/thoro.com.mx\/ethoro\/wp-content\/uploads\/2025\/02\/H5267.jpg\",\"datePublished\":\"2025-02-05T19:54:32+00:00\",\"dateModified\":\"2025-03-11T06:19:00+00:00\",\"breadcrumb\":{\"@id\":\"https:\/\/thoro.com.mx\/ethoro\/shop\/herramientas\/herramientas-manuales\/multiplicadores-de-torque\/multiplicador-de-torque-de-reaccion-esclava-urrea-6262-11750-ft-lb\/#breadcrumb\"},\"inLanguage\":\"es\",\"potentialAction\":[{\"@type\":\"ReadAction\",\"target\":[\"https:\/\/thoro.com.mx\/ethoro\/shop\/herramientas\/herramientas-manuales\/multiplicadores-de-torque\/multiplicador-de-torque-de-reaccion-esclava-urrea-6262-11750-ft-lb\/\"]}]},{\"@type\":\"ImageObject\",\"inLanguage\":\"es\",\"@id\":\"https:\/\/thoro.com.mx\/ethoro\/shop\/herramientas\/herramientas-manuales\/multiplicadores-de-torque\/multiplicador-de-torque-de-reaccion-esclava-urrea-6262-11750-ft-lb\/#primaryimage\",\"url\":\"https:\/\/thoro.com.mx\/ethoro\/wp-content\/uploads\/2025\/02\/H5267.jpg\",\"contentUrl\":\"https:\/\/thoro.com.mx\/ethoro\/wp-content\/uploads\/2025\/02\/H5267.jpg\",\"width\":1000,\"height\":1000},{\"@type\":\"BreadcrumbList\",\"@id\":\"https:\/\/thoro.com.mx\/ethoro\/shop\/herramientas\/herramientas-manuales\/multiplicadores-de-torque\/multiplicador-de-torque-de-reaccion-esclava-urrea-6262-11750-ft-lb\/#breadcrumb\",\"itemListElement\":[{\"@type\":\"ListItem\",\"position\":1,\"name\":\"Inicio\",\"item\":\"https:\/\/thoro.com.mx\/ethoro\/\"},{\"@type\":\"ListItem\",\"position\":2,\"name\":\"Tienda\",\"item\":\"https:\/\/thoro.com.mx\/ethoro\/shop\/\"},{\"@type\":\"ListItem\",\"position\":3,\"name\":\"MULTIPLICADOR DE TORQUE DE REACCI\u00d3N ESCLAVA URREA 6262 11750 FT-LB\"}]},{\"@type\":\"WebSite\",\"@id\":\"https:\/\/72.167.50.119\/ethoro\/#website\",\"url\":\"https:\/\/72.167.50.119\/ethoro\/\",\"name\":\"Thoro Enterprises de M\u00e9xico\",\"description\":\"Todo en Thoro\",\"publisher\":{\"@id\":\"https:\/\/72.167.50.119\/ethoro\/#organization\"},\"alternateName\":\"Thoro shop\",\"potentialAction\":[{\"@type\":\"SearchAction\",\"target\":{\"@type\":\"EntryPoint\",\"urlTemplate\":\"https:\/\/72.167.50.119\/ethoro\/?s={search_term_string}\"},\"query-input\":{\"@type\":\"PropertyValueSpecification\",\"valueRequired\":true,\"valueName\":\"search_term_string\"}}],\"inLanguage\":\"es\"},{\"@type\":\"Organization\",\"@id\":\"https:\/\/72.167.50.119\/ethoro\/#organization\",\"name\":\"Thoro Enterprises de M\u00e9xico\",\"alternateName\":\"Thoro shop\",\"url\":\"https:\/\/72.167.50.119\/ethoro\/\",\"logo\":{\"@type\":\"ImageObject\",\"inLanguage\":\"es\",\"@id\":\"https:\/\/72.167.50.119\/ethoro\/#\/schema\/logo\/image\/\",\"url\":\"https:\/\/72.167.50.119\/ethoro\/wp-content\/uploads\/2025\/01\/cropped-cropped-icono_t-180x180-1.png\",\"contentUrl\":\"https:\/\/72.167.50.119\/ethoro\/wp-content\/uploads\/2025\/01\/cropped-cropped-icono_t-180x180-1.png\",\"width\":512,\"height\":512,\"caption\":\"Thoro Enterprises de M\u00e9xico\"},\"image\":{\"@id\":\"https:\/\/72.167.50.119\/ethoro\/#\/schema\/logo\/image\/\"},\"sameAs\":[\"https:\/\/www.facebook.com\/ThoroEnterprises\",\"https:\/\/www.instagram.com\/thoro.mexico\/\"]}]}<\/script>\n<!-- \/ Yoast SEO plugin. -->","yoast_head_json":{"title":"MULTIPLICADOR DE TORQUE DE REACCI\u00d3N ESCLAVA URREA 6262 11750 FT-LB - Thoro enterprises de Mexico","robots":{"index":"noindex","follow":"follow"},"og_locale":"es_MX","og_type":"article","og_title":"MULTIPLICADOR DE TORQUE DE REACCI\u00d3N ESCLAVA URREA 6262 11750 FT-LB - Thoro enterprises de Mexico","og_description":"6262 Reduce el esfuerzo de aplicaci\u00f3n en un torque grande Trabaja en espacios muy reducidos donde no es f\u00e1cil aplicar un torque grande con palancas largas Es mucho mas seguro utilizar un multiplicador que un torqu\u00edmetro al aplicar torques grandes Cuadro M: 2 1\/2&#8243; Relaci\u00f3n Torque: 1 a 75 Torque m\u00e1ximo: 11 750 ft-lb Cuadro [&hellip;]","og_url":"https:\/\/thoro.com.mx\/ethoro\/shop\/herramientas\/herramientas-manuales\/multiplicadores-de-torque\/multiplicador-de-torque-de-reaccion-esclava-urrea-6262-11750-ft-lb\/","og_site_name":"Thoro enterprises de Mexico","article_publisher":"https:\/\/www.facebook.com\/ThoroEnterprises","article_modified_time":"2025-03-11T06:19:00+00:00","og_image":[{"width":1000,"height":1000,"url":"https:\/\/thoro.com.mx\/ethoro\/wp-content\/uploads\/2025\/02\/H5267.jpg","type":"image\/jpeg"}],"twitter_card":"summary_large_image","schema":{"@context":"https:\/\/schema.org","@graph":[{"@type":"WebPage","@id":"https:\/\/thoro.com.mx\/ethoro\/shop\/herramientas\/herramientas-manuales\/multiplicadores-de-torque\/multiplicador-de-torque-de-reaccion-esclava-urrea-6262-11750-ft-lb\/","url":"https:\/\/thoro.com.mx\/ethoro\/shop\/herramientas\/herramientas-manuales\/multiplicadores-de-torque\/multiplicador-de-torque-de-reaccion-esclava-urrea-6262-11750-ft-lb\/","name":"MULTIPLICADOR DE TORQUE DE REACCI\u00d3N ESCLAVA URREA 6262 11750 FT-LB - Thoro enterprises de Mexico","isPartOf":{"@id":"https:\/\/72.167.50.119\/ethoro\/#website"},"primaryImageOfPage":{"@id":"https:\/\/thoro.com.mx\/ethoro\/shop\/herramientas\/herramientas-manuales\/multiplicadores-de-torque\/multiplicador-de-torque-de-reaccion-esclava-urrea-6262-11750-ft-lb\/#primaryimage"},"image":{"@id":"https:\/\/thoro.com.mx\/ethoro\/shop\/herramientas\/herramientas-manuales\/multiplicadores-de-torque\/multiplicador-de-torque-de-reaccion-esclava-urrea-6262-11750-ft-lb\/#primaryimage"},"thumbnailUrl":"https:\/\/thoro.com.mx\/ethoro\/wp-content\/uploads\/2025\/02\/H5267.jpg","datePublished":"2025-02-05T19:54:32+00:00","dateModified":"2025-03-11T06:19:00+00:00","breadcrumb":{"@id":"https:\/\/thoro.com.mx\/ethoro\/shop\/herramientas\/herramientas-manuales\/multiplicadores-de-torque\/multiplicador-de-torque-de-reaccion-esclava-urrea-6262-11750-ft-lb\/#breadcrumb"},"inLanguage":"es","potentialAction":[{"@type":"ReadAction","target":["https:\/\/thoro.com.mx\/ethoro\/shop\/herramientas\/herramientas-manuales\/multiplicadores-de-torque\/multiplicador-de-torque-de-reaccion-esclava-urrea-6262-11750-ft-lb\/"]}]},{"@type":"ImageObject","inLanguage":"es","@id":"https:\/\/thoro.com.mx\/ethoro\/shop\/herramientas\/herramientas-manuales\/multiplicadores-de-torque\/multiplicador-de-torque-de-reaccion-esclava-urrea-6262-11750-ft-lb\/#primaryimage","url":"https:\/\/thoro.com.mx\/ethoro\/wp-content\/uploads\/2025\/02\/H5267.jpg","contentUrl":"https:\/\/thoro.com.mx\/ethoro\/wp-content\/uploads\/2025\/02\/H5267.jpg","width":1000,"height":1000},{"@type":"BreadcrumbList","@id":"https:\/\/thoro.com.mx\/ethoro\/shop\/herramientas\/herramientas-manuales\/multiplicadores-de-torque\/multiplicador-de-torque-de-reaccion-esclava-urrea-6262-11750-ft-lb\/#breadcrumb","itemListElement":[{"@type":"ListItem","position":1,"name":"Inicio","item":"https:\/\/thoro.com.mx\/ethoro\/"},{"@type":"ListItem","position":2,"name":"Tienda","item":"https:\/\/thoro.com.mx\/ethoro\/shop\/"},{"@type":"ListItem","position":3,"name":"MULTIPLICADOR DE TORQUE DE REACCI\u00d3N ESCLAVA URREA 6262 11750 FT-LB"}]},{"@type":"WebSite","@id":"https:\/\/72.167.50.119\/ethoro\/#website","url":"https:\/\/72.167.50.119\/ethoro\/","name":"Thoro Enterprises de M\u00e9xico","description":"Todo en Thoro","publisher":{"@id":"https:\/\/72.167.50.119\/ethoro\/#organization"},"alternateName":"Thoro shop","potentialAction":[{"@type":"SearchAction","target":{"@type":"EntryPoint","urlTemplate":"https:\/\/72.167.50.119\/ethoro\/?s={search_term_string}"},"query-input":{"@type":"PropertyValueSpecification","valueRequired":true,"valueName":"search_term_string"}}],"inLanguage":"es"},{"@type":"Organization","@id":"https:\/\/72.167.50.119\/ethoro\/#organization","name":"Thoro Enterprises de M\u00e9xico","alternateName":"Thoro shop","url":"https:\/\/72.167.50.119\/ethoro\/","logo":{"@type":"ImageObject","inLanguage":"es","@id":"https:\/\/72.167.50.119\/ethoro\/#\/schema\/logo\/image\/","url":"https:\/\/72.167.50.119\/ethoro\/wp-content\/uploads\/2025\/01\/cropped-cropped-icono_t-180x180-1.png","contentUrl":"https:\/\/72.167.50.119\/ethoro\/wp-content\/uploads\/2025\/01\/cropped-cropped-icono_t-180x180-1.png","width":512,"height":512,"caption":"Thoro Enterprises de M\u00e9xico"},"image":{"@id":"https:\/\/72.167.50.119\/ethoro\/#\/schema\/logo\/image\/"},"sameAs":["https:\/\/www.facebook.com\/ThoroEnterprises","https:\/\/www.instagram.com\/thoro.mexico\/"]}]}},"_links":{"self":[{"href":"https:\/\/thoro.com.mx\/ethoro\/wp-json\/wp\/v2\/product\/11498","targetHints":{"allow":["GET"]}}],"collection":[{"href":"https:\/\/thoro.com.mx\/ethoro\/wp-json\/wp\/v2\/product"}],"about":[{"href":"https:\/\/thoro.com.mx\/ethoro\/wp-json\/wp\/v2\/types\/product"}],"replies":[{"embeddable":true,"href":"https:\/\/thoro.com.mx\/ethoro\/wp-json\/wp\/v2\/comments?post=11498"}],"wp:featuredmedia":[{"embeddable":true,"href":"https:\/\/thoro.com.mx\/ethoro\/wp-json\/wp\/v2\/media\/11497"}],"wp:attachment":[{"href":"https:\/\/thoro.com.mx\/ethoro\/wp-json\/wp\/v2\/media?parent=11498"}],"wp:term":[{"taxonomy":"product_brand","embeddable":true,"href":"https:\/\/thoro.com.mx\/ethoro\/wp-json\/wp\/v2\/product_brand?post=11498"},{"taxonomy":"product_cat","embeddable":true,"href":"https:\/\/thoro.com.mx\/ethoro\/wp-json\/wp\/v2\/product_cat?post=11498"},{"taxonomy":"product_tag","embeddable":true,"href":"https:\/\/thoro.com.mx\/ethoro\/wp-json\/wp\/v2\/product_tag?post=11498"}],"curies":[{"name":"wp","href":"https:\/\/api.w.org\/{rel}","templated":true}]}}