{"id":11594,"date":"2025-02-05T13:55:32","date_gmt":"2025-02-05T19:55:32","guid":{"rendered":"https:\/\/72.167.50.119\/ethoro\/shop\/sin categor\u00eda\/barra-para-llave-alta-palanca-urrea-26hl2b-3-4\/"},"modified":"2025-03-11T00:19:12","modified_gmt":"2025-03-11T06:19:12","slug":"barra-para-llave-alta-palanca-urrea-26hl2b-3-4","status":"publish","type":"product","link":"https:\/\/thoro.com.mx\/ethoro\/shop\/herramientas\/herramientas-manuales\/llaves-alta-palanca\/barra-para-llave-alta-palanca-urrea-26hl2b-3-4\/","title":{"rendered":"BARRA PARA LLAVE ALTA PALANCA URREA 26HL2B 3\/4&#8221;"},"content":{"rendered":"<h4>26HL2B<\/h4>\n<ul>\n<li>Barra de extensi\u00f3n que brinda un mayor brazo de palanca<\/li>\n<li>Grip antiderrapante que permite una mayor  sujeci\u00f3n al trabajar<\/li>\n<li>Acoplamiento con sistema uas (urrea assembling system) permite un acoplamiento m\u00e1s r\u00e1pido, seguro y sencillo<\/li>\n<li>Con cuatro balines<\/li>\n<li>Acabado fosfatado black que la protege contra la corrosi\u00f3n<\/li>\n<li>Di\u00e1metro Interno: 3\/4&#8243;<\/li>\n<li>Longitud: 26&#8243;<\/li>\n<\/ul>\n","protected":false},"excerpt":{"rendered":"<p>26HL2B Barra de extensi\u00f3n que brinda un mayor brazo de palanca Grip antiderrapante que permite una mayor sujeci\u00f3n al trabajar Acoplamiento con sistema uas (urrea assembling system) permite un acoplamiento m\u00e1s r\u00e1pido, seguro y sencillo Con cuatro balines Acabado fosfatado black que la protege contra la corrosi\u00f3n Di\u00e1metro Interno: 3\/4&#8243; Longitud: 26&#8243;<\/p>\n","protected":false},"featured_media":11593,"comment_status":"open","ping_status":"closed","template":"","meta":{"_monsterinsights_skip_tracking":false,"_monsterinsights_sitenote_active":false,"_monsterinsights_sitenote_note":"","_monsterinsights_sitenote_category":0,"_joinchat":[]},"product_brand":[],"product_cat":[10235],"product_tag":[],"class_list":{"0":"post-11594","1":"product","2":"type-product","3":"status-publish","4":"has-post-thumbnail","6":"product_cat-llaves-alta-palanca","8":"first","9":"outofstock","10":"taxable","11":"shipping-taxable","12":"purchasable","13":"product-type-simple","14":"add-to-wishlist-after_add_to_cart"},"yoast_head":"<!-- This site is optimized with the Yoast SEO plugin v27.1.1 - https:\/\/yoast.com\/product\/yoast-seo-wordpress\/ -->\n<title>BARRA PARA LLAVE ALTA PALANCA URREA 26HL2B 3\/4&#039;&#039; - Thoro enterprises de Mexico<\/title>\n<meta name=\"robots\" content=\"noindex, follow\" \/>\n<meta property=\"og:locale\" content=\"es_MX\" \/>\n<meta property=\"og:type\" content=\"article\" \/>\n<meta property=\"og:title\" content=\"BARRA PARA LLAVE ALTA PALANCA URREA 26HL2B 3\/4&#039;&#039; - Thoro enterprises de Mexico\" \/>\n<meta property=\"og:description\" content=\"26HL2B Barra de extensi\u00f3n que brinda un mayor brazo de palanca Grip antiderrapante que permite una mayor sujeci\u00f3n al trabajar Acoplamiento con sistema uas (urrea assembling system) permite un acoplamiento m\u00e1s r\u00e1pido, seguro y sencillo Con cuatro balines Acabado fosfatado black que la protege contra la corrosi\u00f3n Di\u00e1metro Interno: 3\/4&#8243; Longitud: 26&#8243;\" \/>\n<meta property=\"og:url\" content=\"https:\/\/thoro.com.mx\/ethoro\/shop\/herramientas\/herramientas-manuales\/llaves-alta-palanca\/barra-para-llave-alta-palanca-urrea-26hl2b-3-4\/\" \/>\n<meta property=\"og:site_name\" content=\"Thoro enterprises de Mexico\" \/>\n<meta property=\"article:publisher\" content=\"https:\/\/www.facebook.com\/ThoroEnterprises\" \/>\n<meta property=\"article:modified_time\" content=\"2025-03-11T06:19:12+00:00\" \/>\n<meta property=\"og:image\" content=\"https:\/\/thoro.com.mx\/ethoro\/wp-content\/uploads\/2025\/02\/H5318.jpg\" \/>\n\t<meta property=\"og:image:width\" content=\"1000\" \/>\n\t<meta property=\"og:image:height\" content=\"1000\" \/>\n\t<meta property=\"og:image:type\" content=\"image\/jpeg\" \/>\n<meta name=\"twitter:card\" content=\"summary_large_image\" \/>\n<script type=\"application\/ld+json\" class=\"yoast-schema-graph\">{\"@context\":\"https:\/\/schema.org\",\"@graph\":[{\"@type\":\"WebPage\",\"@id\":\"https:\/\/thoro.com.mx\/ethoro\/shop\/herramientas\/herramientas-manuales\/llaves-alta-palanca\/barra-para-llave-alta-palanca-urrea-26hl2b-3-4\/\",\"url\":\"https:\/\/thoro.com.mx\/ethoro\/shop\/herramientas\/herramientas-manuales\/llaves-alta-palanca\/barra-para-llave-alta-palanca-urrea-26hl2b-3-4\/\",\"name\":\"BARRA PARA LLAVE ALTA PALANCA URREA 26HL2B 3\/4'' - Thoro enterprises de Mexico\",\"isPartOf\":{\"@id\":\"https:\/\/72.167.50.119\/ethoro\/#website\"},\"primaryImageOfPage\":{\"@id\":\"https:\/\/thoro.com.mx\/ethoro\/shop\/herramientas\/herramientas-manuales\/llaves-alta-palanca\/barra-para-llave-alta-palanca-urrea-26hl2b-3-4\/#primaryimage\"},\"image\":{\"@id\":\"https:\/\/thoro.com.mx\/ethoro\/shop\/herramientas\/herramientas-manuales\/llaves-alta-palanca\/barra-para-llave-alta-palanca-urrea-26hl2b-3-4\/#primaryimage\"},\"thumbnailUrl\":\"https:\/\/thoro.com.mx\/ethoro\/wp-content\/uploads\/2025\/02\/H5318.jpg\",\"datePublished\":\"2025-02-05T19:55:32+00:00\",\"dateModified\":\"2025-03-11T06:19:12+00:00\",\"breadcrumb\":{\"@id\":\"https:\/\/thoro.com.mx\/ethoro\/shop\/herramientas\/herramientas-manuales\/llaves-alta-palanca\/barra-para-llave-alta-palanca-urrea-26hl2b-3-4\/#breadcrumb\"},\"inLanguage\":\"es\",\"potentialAction\":[{\"@type\":\"ReadAction\",\"target\":[\"https:\/\/thoro.com.mx\/ethoro\/shop\/herramientas\/herramientas-manuales\/llaves-alta-palanca\/barra-para-llave-alta-palanca-urrea-26hl2b-3-4\/\"]}]},{\"@type\":\"ImageObject\",\"inLanguage\":\"es\",\"@id\":\"https:\/\/thoro.com.mx\/ethoro\/shop\/herramientas\/herramientas-manuales\/llaves-alta-palanca\/barra-para-llave-alta-palanca-urrea-26hl2b-3-4\/#primaryimage\",\"url\":\"https:\/\/thoro.com.mx\/ethoro\/wp-content\/uploads\/2025\/02\/H5318.jpg\",\"contentUrl\":\"https:\/\/thoro.com.mx\/ethoro\/wp-content\/uploads\/2025\/02\/H5318.jpg\",\"width\":1000,\"height\":1000},{\"@type\":\"BreadcrumbList\",\"@id\":\"https:\/\/thoro.com.mx\/ethoro\/shop\/herramientas\/herramientas-manuales\/llaves-alta-palanca\/barra-para-llave-alta-palanca-urrea-26hl2b-3-4\/#breadcrumb\",\"itemListElement\":[{\"@type\":\"ListItem\",\"position\":1,\"name\":\"Inicio\",\"item\":\"https:\/\/thoro.com.mx\/ethoro\/\"},{\"@type\":\"ListItem\",\"position\":2,\"name\":\"Tienda\",\"item\":\"https:\/\/thoro.com.mx\/ethoro\/shop\/\"},{\"@type\":\"ListItem\",\"position\":3,\"name\":\"BARRA PARA LLAVE ALTA PALANCA URREA 26HL2B 3\/4&#8221;\"}]},{\"@type\":\"WebSite\",\"@id\":\"https:\/\/72.167.50.119\/ethoro\/#website\",\"url\":\"https:\/\/72.167.50.119\/ethoro\/\",\"name\":\"Thoro Enterprises de M\u00e9xico\",\"description\":\"Todo en Thoro\",\"publisher\":{\"@id\":\"https:\/\/72.167.50.119\/ethoro\/#organization\"},\"alternateName\":\"Thoro shop\",\"potentialAction\":[{\"@type\":\"SearchAction\",\"target\":{\"@type\":\"EntryPoint\",\"urlTemplate\":\"https:\/\/72.167.50.119\/ethoro\/?s={search_term_string}\"},\"query-input\":{\"@type\":\"PropertyValueSpecification\",\"valueRequired\":true,\"valueName\":\"search_term_string\"}}],\"inLanguage\":\"es\"},{\"@type\":\"Organization\",\"@id\":\"https:\/\/72.167.50.119\/ethoro\/#organization\",\"name\":\"Thoro Enterprises de M\u00e9xico\",\"alternateName\":\"Thoro shop\",\"url\":\"https:\/\/72.167.50.119\/ethoro\/\",\"logo\":{\"@type\":\"ImageObject\",\"inLanguage\":\"es\",\"@id\":\"https:\/\/72.167.50.119\/ethoro\/#\/schema\/logo\/image\/\",\"url\":\"https:\/\/72.167.50.119\/ethoro\/wp-content\/uploads\/2025\/01\/cropped-cropped-icono_t-180x180-1.png\",\"contentUrl\":\"https:\/\/72.167.50.119\/ethoro\/wp-content\/uploads\/2025\/01\/cropped-cropped-icono_t-180x180-1.png\",\"width\":512,\"height\":512,\"caption\":\"Thoro Enterprises de M\u00e9xico\"},\"image\":{\"@id\":\"https:\/\/72.167.50.119\/ethoro\/#\/schema\/logo\/image\/\"},\"sameAs\":[\"https:\/\/www.facebook.com\/ThoroEnterprises\",\"https:\/\/www.instagram.com\/thoro.mexico\/\"]}]}<\/script>\n<!-- \/ Yoast SEO plugin. -->","yoast_head_json":{"title":"BARRA PARA LLAVE ALTA PALANCA URREA 26HL2B 3\/4'' - Thoro enterprises de Mexico","robots":{"index":"noindex","follow":"follow"},"og_locale":"es_MX","og_type":"article","og_title":"BARRA PARA LLAVE ALTA PALANCA URREA 26HL2B 3\/4'' - Thoro enterprises de Mexico","og_description":"26HL2B Barra de extensi\u00f3n que brinda un mayor brazo de palanca Grip antiderrapante que permite una mayor sujeci\u00f3n al trabajar Acoplamiento con sistema uas (urrea assembling system) permite un acoplamiento m\u00e1s r\u00e1pido, seguro y sencillo Con cuatro balines Acabado fosfatado black que la protege contra la corrosi\u00f3n Di\u00e1metro Interno: 3\/4&#8243; Longitud: 26&#8243;","og_url":"https:\/\/thoro.com.mx\/ethoro\/shop\/herramientas\/herramientas-manuales\/llaves-alta-palanca\/barra-para-llave-alta-palanca-urrea-26hl2b-3-4\/","og_site_name":"Thoro enterprises de Mexico","article_publisher":"https:\/\/www.facebook.com\/ThoroEnterprises","article_modified_time":"2025-03-11T06:19:12+00:00","og_image":[{"width":1000,"height":1000,"url":"https:\/\/thoro.com.mx\/ethoro\/wp-content\/uploads\/2025\/02\/H5318.jpg","type":"image\/jpeg"}],"twitter_card":"summary_large_image","schema":{"@context":"https:\/\/schema.org","@graph":[{"@type":"WebPage","@id":"https:\/\/thoro.com.mx\/ethoro\/shop\/herramientas\/herramientas-manuales\/llaves-alta-palanca\/barra-para-llave-alta-palanca-urrea-26hl2b-3-4\/","url":"https:\/\/thoro.com.mx\/ethoro\/shop\/herramientas\/herramientas-manuales\/llaves-alta-palanca\/barra-para-llave-alta-palanca-urrea-26hl2b-3-4\/","name":"BARRA PARA LLAVE ALTA PALANCA URREA 26HL2B 3\/4'' - Thoro enterprises de Mexico","isPartOf":{"@id":"https:\/\/72.167.50.119\/ethoro\/#website"},"primaryImageOfPage":{"@id":"https:\/\/thoro.com.mx\/ethoro\/shop\/herramientas\/herramientas-manuales\/llaves-alta-palanca\/barra-para-llave-alta-palanca-urrea-26hl2b-3-4\/#primaryimage"},"image":{"@id":"https:\/\/thoro.com.mx\/ethoro\/shop\/herramientas\/herramientas-manuales\/llaves-alta-palanca\/barra-para-llave-alta-palanca-urrea-26hl2b-3-4\/#primaryimage"},"thumbnailUrl":"https:\/\/thoro.com.mx\/ethoro\/wp-content\/uploads\/2025\/02\/H5318.jpg","datePublished":"2025-02-05T19:55:32+00:00","dateModified":"2025-03-11T06:19:12+00:00","breadcrumb":{"@id":"https:\/\/thoro.com.mx\/ethoro\/shop\/herramientas\/herramientas-manuales\/llaves-alta-palanca\/barra-para-llave-alta-palanca-urrea-26hl2b-3-4\/#breadcrumb"},"inLanguage":"es","potentialAction":[{"@type":"ReadAction","target":["https:\/\/thoro.com.mx\/ethoro\/shop\/herramientas\/herramientas-manuales\/llaves-alta-palanca\/barra-para-llave-alta-palanca-urrea-26hl2b-3-4\/"]}]},{"@type":"ImageObject","inLanguage":"es","@id":"https:\/\/thoro.com.mx\/ethoro\/shop\/herramientas\/herramientas-manuales\/llaves-alta-palanca\/barra-para-llave-alta-palanca-urrea-26hl2b-3-4\/#primaryimage","url":"https:\/\/thoro.com.mx\/ethoro\/wp-content\/uploads\/2025\/02\/H5318.jpg","contentUrl":"https:\/\/thoro.com.mx\/ethoro\/wp-content\/uploads\/2025\/02\/H5318.jpg","width":1000,"height":1000},{"@type":"BreadcrumbList","@id":"https:\/\/thoro.com.mx\/ethoro\/shop\/herramientas\/herramientas-manuales\/llaves-alta-palanca\/barra-para-llave-alta-palanca-urrea-26hl2b-3-4\/#breadcrumb","itemListElement":[{"@type":"ListItem","position":1,"name":"Inicio","item":"https:\/\/thoro.com.mx\/ethoro\/"},{"@type":"ListItem","position":2,"name":"Tienda","item":"https:\/\/thoro.com.mx\/ethoro\/shop\/"},{"@type":"ListItem","position":3,"name":"BARRA PARA LLAVE ALTA PALANCA URREA 26HL2B 3\/4&#8221;"}]},{"@type":"WebSite","@id":"https:\/\/72.167.50.119\/ethoro\/#website","url":"https:\/\/72.167.50.119\/ethoro\/","name":"Thoro Enterprises de M\u00e9xico","description":"Todo en Thoro","publisher":{"@id":"https:\/\/72.167.50.119\/ethoro\/#organization"},"alternateName":"Thoro shop","potentialAction":[{"@type":"SearchAction","target":{"@type":"EntryPoint","urlTemplate":"https:\/\/72.167.50.119\/ethoro\/?s={search_term_string}"},"query-input":{"@type":"PropertyValueSpecification","valueRequired":true,"valueName":"search_term_string"}}],"inLanguage":"es"},{"@type":"Organization","@id":"https:\/\/72.167.50.119\/ethoro\/#organization","name":"Thoro Enterprises de M\u00e9xico","alternateName":"Thoro shop","url":"https:\/\/72.167.50.119\/ethoro\/","logo":{"@type":"ImageObject","inLanguage":"es","@id":"https:\/\/72.167.50.119\/ethoro\/#\/schema\/logo\/image\/","url":"https:\/\/72.167.50.119\/ethoro\/wp-content\/uploads\/2025\/01\/cropped-cropped-icono_t-180x180-1.png","contentUrl":"https:\/\/72.167.50.119\/ethoro\/wp-content\/uploads\/2025\/01\/cropped-cropped-icono_t-180x180-1.png","width":512,"height":512,"caption":"Thoro Enterprises de M\u00e9xico"},"image":{"@id":"https:\/\/72.167.50.119\/ethoro\/#\/schema\/logo\/image\/"},"sameAs":["https:\/\/www.facebook.com\/ThoroEnterprises","https:\/\/www.instagram.com\/thoro.mexico\/"]}]}},"_links":{"self":[{"href":"https:\/\/thoro.com.mx\/ethoro\/wp-json\/wp\/v2\/product\/11594","targetHints":{"allow":["GET"]}}],"collection":[{"href":"https:\/\/thoro.com.mx\/ethoro\/wp-json\/wp\/v2\/product"}],"about":[{"href":"https:\/\/thoro.com.mx\/ethoro\/wp-json\/wp\/v2\/types\/product"}],"replies":[{"embeddable":true,"href":"https:\/\/thoro.com.mx\/ethoro\/wp-json\/wp\/v2\/comments?post=11594"}],"wp:featuredmedia":[{"embeddable":true,"href":"https:\/\/thoro.com.mx\/ethoro\/wp-json\/wp\/v2\/media\/11593"}],"wp:attachment":[{"href":"https:\/\/thoro.com.mx\/ethoro\/wp-json\/wp\/v2\/media?parent=11594"}],"wp:term":[{"taxonomy":"product_brand","embeddable":true,"href":"https:\/\/thoro.com.mx\/ethoro\/wp-json\/wp\/v2\/product_brand?post=11594"},{"taxonomy":"product_cat","embeddable":true,"href":"https:\/\/thoro.com.mx\/ethoro\/wp-json\/wp\/v2\/product_cat?post=11594"},{"taxonomy":"product_tag","embeddable":true,"href":"https:\/\/thoro.com.mx\/ethoro\/wp-json\/wp\/v2\/product_tag?post=11594"}],"curies":[{"name":"wp","href":"https:\/\/api.w.org\/{rel}","templated":true}]}}