{"id":11640,"date":"2025-02-05T13:56:01","date_gmt":"2025-02-05T19:56:01","guid":{"rendered":"https:\/\/72.167.50.119\/ethoro\/shop\/sin categor\u00eda\/llave-esctructural-de-estrias-urrea-2621-con-12-puntas-1-5-16\/"},"modified":"2026-04-04T00:45:34","modified_gmt":"2026-04-04T06:45:34","slug":"llave-esctructural-de-estrias-urrea-2621-con-12-puntas-1-5-16","status":"publish","type":"product","link":"https:\/\/thoro.com.mx\/ethoro\/shop\/herramientas\/herramientas-manuales\/llaves-estructurales\/llave-esctructural-de-estrias-urrea-2621-con-12-puntas-1-5-16\/","title":{"rendered":"LLAVE ESCTRUCTURAL DE ESTRIAS URREA 2621 CON 12 PUNTAS 1-5\/16&#8221;"},"content":{"rendered":"<h4>2621<\/h4>\n<ul>\n<li>La cabeza de estr\u00edas se utiliza para apretar tuercas o cabezas de tornillo con un torque mayor<\/li>\n<li>Estas llaves cuentan con una boca de estr\u00edas robusta<\/li>\n<li>El mango de la cola es una barra c\u00f3nica la cual puede utilizarse como barra de alineaci\u00f3n en el centrado de barrenos en operaciones de montaje<\/li>\n<li>Altura: 1  1\/16&#8243;<\/li>\n<li>Dimensi\u00f3n De Boca: 1  5\/16&#8243;<\/li>\n<li>Longitud: 17&#8243;<\/li>\n<li>Resistencia De Torsi\u00f3n: 13000 Lb-Pulg<\/li>\n<li><\/li>\n<\/ul>\n","protected":false},"excerpt":{"rendered":"<p>2621 La cabeza de estr\u00edas se utiliza para apretar tuercas o cabezas de tornillo con un torque mayor Estas llaves cuentan con una boca de estr\u00edas robusta El mango de la cola es una barra c\u00f3nica la cual puede utilizarse como barra de alineaci\u00f3n en el centrado de barrenos en operaciones de montaje Altura: 1 [&hellip;]<\/p>\n","protected":false},"featured_media":11639,"comment_status":"open","ping_status":"closed","template":"","meta":{"_monsterinsights_skip_tracking":false,"_monsterinsights_sitenote_active":false,"_monsterinsights_sitenote_note":"","_monsterinsights_sitenote_category":0,"_joinchat":[]},"product_brand":[],"product_cat":[10231],"product_tag":[],"class_list":{"0":"post-11640","1":"product","2":"type-product","3":"status-publish","4":"has-post-thumbnail","6":"product_cat-llaves-estructurales","8":"first","9":"instock","10":"taxable","11":"shipping-taxable","12":"purchasable","13":"product-type-simple","14":"add-to-wishlist-after_add_to_cart"},"yoast_head":"<!-- This site is optimized with the Yoast SEO plugin v27.1.1 - https:\/\/yoast.com\/product\/yoast-seo-wordpress\/ -->\n<title>LLAVE ESCTRUCTURAL DE ESTRIAS URREA 2621 CON 12 PUNTAS 1-5\/16&#039;&#039; - Thoro enterprises de Mexico<\/title>\n<meta name=\"robots\" content=\"noindex, follow\" \/>\n<meta property=\"og:locale\" content=\"es_MX\" \/>\n<meta property=\"og:type\" content=\"article\" \/>\n<meta property=\"og:title\" content=\"LLAVE ESCTRUCTURAL DE ESTRIAS URREA 2621 CON 12 PUNTAS 1-5\/16&#039;&#039; - Thoro enterprises de Mexico\" \/>\n<meta property=\"og:description\" content=\"2621 La cabeza de estr\u00edas se utiliza para apretar tuercas o cabezas de tornillo con un torque mayor Estas llaves cuentan con una boca de estr\u00edas robusta El mango de la cola es una barra c\u00f3nica la cual puede utilizarse como barra de alineaci\u00f3n en el centrado de barrenos en operaciones de montaje Altura: 1 [&hellip;]\" \/>\n<meta property=\"og:url\" content=\"https:\/\/thoro.com.mx\/ethoro\/shop\/herramientas\/herramientas-manuales\/llaves-estructurales\/llave-esctructural-de-estrias-urrea-2621-con-12-puntas-1-5-16\/\" \/>\n<meta property=\"og:site_name\" content=\"Thoro enterprises de Mexico\" \/>\n<meta property=\"article:publisher\" content=\"https:\/\/www.facebook.com\/ThoroEnterprises\" \/>\n<meta property=\"article:modified_time\" content=\"2026-04-04T06:45:34+00:00\" \/>\n<meta property=\"og:image\" content=\"https:\/\/thoro.com.mx\/ethoro\/wp-content\/uploads\/2025\/02\/H5358.jpg\" \/>\n\t<meta property=\"og:image:width\" content=\"1000\" \/>\n\t<meta property=\"og:image:height\" content=\"1000\" \/>\n\t<meta property=\"og:image:type\" content=\"image\/jpeg\" \/>\n<meta name=\"twitter:card\" content=\"summary_large_image\" \/>\n<script type=\"application\/ld+json\" class=\"yoast-schema-graph\">{\"@context\":\"https:\/\/schema.org\",\"@graph\":[{\"@type\":\"WebPage\",\"@id\":\"https:\/\/thoro.com.mx\/ethoro\/shop\/herramientas\/herramientas-manuales\/llaves-estructurales\/llave-esctructural-de-estrias-urrea-2621-con-12-puntas-1-5-16\/\",\"url\":\"https:\/\/thoro.com.mx\/ethoro\/shop\/herramientas\/herramientas-manuales\/llaves-estructurales\/llave-esctructural-de-estrias-urrea-2621-con-12-puntas-1-5-16\/\",\"name\":\"LLAVE ESCTRUCTURAL DE ESTRIAS URREA 2621 CON 12 PUNTAS 1-5\/16'' - Thoro enterprises de Mexico\",\"isPartOf\":{\"@id\":\"https:\/\/72.167.50.119\/ethoro\/#website\"},\"primaryImageOfPage\":{\"@id\":\"https:\/\/thoro.com.mx\/ethoro\/shop\/herramientas\/herramientas-manuales\/llaves-estructurales\/llave-esctructural-de-estrias-urrea-2621-con-12-puntas-1-5-16\/#primaryimage\"},\"image\":{\"@id\":\"https:\/\/thoro.com.mx\/ethoro\/shop\/herramientas\/herramientas-manuales\/llaves-estructurales\/llave-esctructural-de-estrias-urrea-2621-con-12-puntas-1-5-16\/#primaryimage\"},\"thumbnailUrl\":\"https:\/\/thoro.com.mx\/ethoro\/wp-content\/uploads\/2025\/02\/H5358.jpg\",\"datePublished\":\"2025-02-05T19:56:01+00:00\",\"dateModified\":\"2026-04-04T06:45:34+00:00\",\"breadcrumb\":{\"@id\":\"https:\/\/thoro.com.mx\/ethoro\/shop\/herramientas\/herramientas-manuales\/llaves-estructurales\/llave-esctructural-de-estrias-urrea-2621-con-12-puntas-1-5-16\/#breadcrumb\"},\"inLanguage\":\"es\",\"potentialAction\":[{\"@type\":\"ReadAction\",\"target\":[\"https:\/\/thoro.com.mx\/ethoro\/shop\/herramientas\/herramientas-manuales\/llaves-estructurales\/llave-esctructural-de-estrias-urrea-2621-con-12-puntas-1-5-16\/\"]}]},{\"@type\":\"ImageObject\",\"inLanguage\":\"es\",\"@id\":\"https:\/\/thoro.com.mx\/ethoro\/shop\/herramientas\/herramientas-manuales\/llaves-estructurales\/llave-esctructural-de-estrias-urrea-2621-con-12-puntas-1-5-16\/#primaryimage\",\"url\":\"https:\/\/thoro.com.mx\/ethoro\/wp-content\/uploads\/2025\/02\/H5358.jpg\",\"contentUrl\":\"https:\/\/thoro.com.mx\/ethoro\/wp-content\/uploads\/2025\/02\/H5358.jpg\",\"width\":1000,\"height\":1000},{\"@type\":\"BreadcrumbList\",\"@id\":\"https:\/\/thoro.com.mx\/ethoro\/shop\/herramientas\/herramientas-manuales\/llaves-estructurales\/llave-esctructural-de-estrias-urrea-2621-con-12-puntas-1-5-16\/#breadcrumb\",\"itemListElement\":[{\"@type\":\"ListItem\",\"position\":1,\"name\":\"Inicio\",\"item\":\"https:\/\/thoro.com.mx\/ethoro\/\"},{\"@type\":\"ListItem\",\"position\":2,\"name\":\"Tienda\",\"item\":\"https:\/\/thoro.com.mx\/ethoro\/shop\/\"},{\"@type\":\"ListItem\",\"position\":3,\"name\":\"LLAVE ESCTRUCTURAL DE ESTRIAS URREA 2621 CON 12 PUNTAS 1-5\/16&#8221;\"}]},{\"@type\":\"WebSite\",\"@id\":\"https:\/\/72.167.50.119\/ethoro\/#website\",\"url\":\"https:\/\/72.167.50.119\/ethoro\/\",\"name\":\"Thoro Enterprises de M\u00e9xico\",\"description\":\"Todo en Thoro\",\"publisher\":{\"@id\":\"https:\/\/72.167.50.119\/ethoro\/#organization\"},\"alternateName\":\"Thoro shop\",\"potentialAction\":[{\"@type\":\"SearchAction\",\"target\":{\"@type\":\"EntryPoint\",\"urlTemplate\":\"https:\/\/72.167.50.119\/ethoro\/?s={search_term_string}\"},\"query-input\":{\"@type\":\"PropertyValueSpecification\",\"valueRequired\":true,\"valueName\":\"search_term_string\"}}],\"inLanguage\":\"es\"},{\"@type\":\"Organization\",\"@id\":\"https:\/\/72.167.50.119\/ethoro\/#organization\",\"name\":\"Thoro Enterprises de M\u00e9xico\",\"alternateName\":\"Thoro shop\",\"url\":\"https:\/\/72.167.50.119\/ethoro\/\",\"logo\":{\"@type\":\"ImageObject\",\"inLanguage\":\"es\",\"@id\":\"https:\/\/72.167.50.119\/ethoro\/#\/schema\/logo\/image\/\",\"url\":\"https:\/\/72.167.50.119\/ethoro\/wp-content\/uploads\/2025\/01\/cropped-cropped-icono_t-180x180-1.png\",\"contentUrl\":\"https:\/\/72.167.50.119\/ethoro\/wp-content\/uploads\/2025\/01\/cropped-cropped-icono_t-180x180-1.png\",\"width\":512,\"height\":512,\"caption\":\"Thoro Enterprises de M\u00e9xico\"},\"image\":{\"@id\":\"https:\/\/72.167.50.119\/ethoro\/#\/schema\/logo\/image\/\"},\"sameAs\":[\"https:\/\/www.facebook.com\/ThoroEnterprises\",\"https:\/\/www.instagram.com\/thoro.mexico\/\"]}]}<\/script>\n<!-- \/ Yoast SEO plugin. -->","yoast_head_json":{"title":"LLAVE ESCTRUCTURAL DE ESTRIAS URREA 2621 CON 12 PUNTAS 1-5\/16'' - Thoro enterprises de Mexico","robots":{"index":"noindex","follow":"follow"},"og_locale":"es_MX","og_type":"article","og_title":"LLAVE ESCTRUCTURAL DE ESTRIAS URREA 2621 CON 12 PUNTAS 1-5\/16'' - Thoro enterprises de Mexico","og_description":"2621 La cabeza de estr\u00edas se utiliza para apretar tuercas o cabezas de tornillo con un torque mayor Estas llaves cuentan con una boca de estr\u00edas robusta El mango de la cola es una barra c\u00f3nica la cual puede utilizarse como barra de alineaci\u00f3n en el centrado de barrenos en operaciones de montaje Altura: 1 [&hellip;]","og_url":"https:\/\/thoro.com.mx\/ethoro\/shop\/herramientas\/herramientas-manuales\/llaves-estructurales\/llave-esctructural-de-estrias-urrea-2621-con-12-puntas-1-5-16\/","og_site_name":"Thoro enterprises de Mexico","article_publisher":"https:\/\/www.facebook.com\/ThoroEnterprises","article_modified_time":"2026-04-04T06:45:34+00:00","og_image":[{"width":1000,"height":1000,"url":"https:\/\/thoro.com.mx\/ethoro\/wp-content\/uploads\/2025\/02\/H5358.jpg","type":"image\/jpeg"}],"twitter_card":"summary_large_image","schema":{"@context":"https:\/\/schema.org","@graph":[{"@type":"WebPage","@id":"https:\/\/thoro.com.mx\/ethoro\/shop\/herramientas\/herramientas-manuales\/llaves-estructurales\/llave-esctructural-de-estrias-urrea-2621-con-12-puntas-1-5-16\/","url":"https:\/\/thoro.com.mx\/ethoro\/shop\/herramientas\/herramientas-manuales\/llaves-estructurales\/llave-esctructural-de-estrias-urrea-2621-con-12-puntas-1-5-16\/","name":"LLAVE ESCTRUCTURAL DE ESTRIAS URREA 2621 CON 12 PUNTAS 1-5\/16'' - Thoro enterprises de Mexico","isPartOf":{"@id":"https:\/\/72.167.50.119\/ethoro\/#website"},"primaryImageOfPage":{"@id":"https:\/\/thoro.com.mx\/ethoro\/shop\/herramientas\/herramientas-manuales\/llaves-estructurales\/llave-esctructural-de-estrias-urrea-2621-con-12-puntas-1-5-16\/#primaryimage"},"image":{"@id":"https:\/\/thoro.com.mx\/ethoro\/shop\/herramientas\/herramientas-manuales\/llaves-estructurales\/llave-esctructural-de-estrias-urrea-2621-con-12-puntas-1-5-16\/#primaryimage"},"thumbnailUrl":"https:\/\/thoro.com.mx\/ethoro\/wp-content\/uploads\/2025\/02\/H5358.jpg","datePublished":"2025-02-05T19:56:01+00:00","dateModified":"2026-04-04T06:45:34+00:00","breadcrumb":{"@id":"https:\/\/thoro.com.mx\/ethoro\/shop\/herramientas\/herramientas-manuales\/llaves-estructurales\/llave-esctructural-de-estrias-urrea-2621-con-12-puntas-1-5-16\/#breadcrumb"},"inLanguage":"es","potentialAction":[{"@type":"ReadAction","target":["https:\/\/thoro.com.mx\/ethoro\/shop\/herramientas\/herramientas-manuales\/llaves-estructurales\/llave-esctructural-de-estrias-urrea-2621-con-12-puntas-1-5-16\/"]}]},{"@type":"ImageObject","inLanguage":"es","@id":"https:\/\/thoro.com.mx\/ethoro\/shop\/herramientas\/herramientas-manuales\/llaves-estructurales\/llave-esctructural-de-estrias-urrea-2621-con-12-puntas-1-5-16\/#primaryimage","url":"https:\/\/thoro.com.mx\/ethoro\/wp-content\/uploads\/2025\/02\/H5358.jpg","contentUrl":"https:\/\/thoro.com.mx\/ethoro\/wp-content\/uploads\/2025\/02\/H5358.jpg","width":1000,"height":1000},{"@type":"BreadcrumbList","@id":"https:\/\/thoro.com.mx\/ethoro\/shop\/herramientas\/herramientas-manuales\/llaves-estructurales\/llave-esctructural-de-estrias-urrea-2621-con-12-puntas-1-5-16\/#breadcrumb","itemListElement":[{"@type":"ListItem","position":1,"name":"Inicio","item":"https:\/\/thoro.com.mx\/ethoro\/"},{"@type":"ListItem","position":2,"name":"Tienda","item":"https:\/\/thoro.com.mx\/ethoro\/shop\/"},{"@type":"ListItem","position":3,"name":"LLAVE ESCTRUCTURAL DE ESTRIAS URREA 2621 CON 12 PUNTAS 1-5\/16&#8221;"}]},{"@type":"WebSite","@id":"https:\/\/72.167.50.119\/ethoro\/#website","url":"https:\/\/72.167.50.119\/ethoro\/","name":"Thoro Enterprises de M\u00e9xico","description":"Todo en Thoro","publisher":{"@id":"https:\/\/72.167.50.119\/ethoro\/#organization"},"alternateName":"Thoro shop","potentialAction":[{"@type":"SearchAction","target":{"@type":"EntryPoint","urlTemplate":"https:\/\/72.167.50.119\/ethoro\/?s={search_term_string}"},"query-input":{"@type":"PropertyValueSpecification","valueRequired":true,"valueName":"search_term_string"}}],"inLanguage":"es"},{"@type":"Organization","@id":"https:\/\/72.167.50.119\/ethoro\/#organization","name":"Thoro Enterprises de M\u00e9xico","alternateName":"Thoro shop","url":"https:\/\/72.167.50.119\/ethoro\/","logo":{"@type":"ImageObject","inLanguage":"es","@id":"https:\/\/72.167.50.119\/ethoro\/#\/schema\/logo\/image\/","url":"https:\/\/72.167.50.119\/ethoro\/wp-content\/uploads\/2025\/01\/cropped-cropped-icono_t-180x180-1.png","contentUrl":"https:\/\/72.167.50.119\/ethoro\/wp-content\/uploads\/2025\/01\/cropped-cropped-icono_t-180x180-1.png","width":512,"height":512,"caption":"Thoro Enterprises de M\u00e9xico"},"image":{"@id":"https:\/\/72.167.50.119\/ethoro\/#\/schema\/logo\/image\/"},"sameAs":["https:\/\/www.facebook.com\/ThoroEnterprises","https:\/\/www.instagram.com\/thoro.mexico\/"]}]}},"_links":{"self":[{"href":"https:\/\/thoro.com.mx\/ethoro\/wp-json\/wp\/v2\/product\/11640","targetHints":{"allow":["GET"]}}],"collection":[{"href":"https:\/\/thoro.com.mx\/ethoro\/wp-json\/wp\/v2\/product"}],"about":[{"href":"https:\/\/thoro.com.mx\/ethoro\/wp-json\/wp\/v2\/types\/product"}],"replies":[{"embeddable":true,"href":"https:\/\/thoro.com.mx\/ethoro\/wp-json\/wp\/v2\/comments?post=11640"}],"wp:featuredmedia":[{"embeddable":true,"href":"https:\/\/thoro.com.mx\/ethoro\/wp-json\/wp\/v2\/media\/11639"}],"wp:attachment":[{"href":"https:\/\/thoro.com.mx\/ethoro\/wp-json\/wp\/v2\/media?parent=11640"}],"wp:term":[{"taxonomy":"product_brand","embeddable":true,"href":"https:\/\/thoro.com.mx\/ethoro\/wp-json\/wp\/v2\/product_brand?post=11640"},{"taxonomy":"product_cat","embeddable":true,"href":"https:\/\/thoro.com.mx\/ethoro\/wp-json\/wp\/v2\/product_cat?post=11640"},{"taxonomy":"product_tag","embeddable":true,"href":"https:\/\/thoro.com.mx\/ethoro\/wp-json\/wp\/v2\/product_tag?post=11640"}],"curies":[{"name":"wp","href":"https:\/\/api.w.org\/{rel}","templated":true}]}}