{"id":11776,"date":"2025-02-05T13:57:23","date_gmt":"2025-02-05T19:57:23","guid":{"rendered":"https:\/\/72.167.50.119\/ethoro\/shop\/sin categor\u00eda\/eslinga-reforzada-tipo-ojo-ojo-urrea-ep236-de-3-x-6-metros-con-2-capas\/"},"modified":"2026-04-07T02:32:31","modified_gmt":"2026-04-07T08:32:31","slug":"eslinga-reforzada-tipo-ojo-ojo-urrea-ep236-de-3-x-6-metros-con-2-capas","status":"publish","type":"product","link":"https:\/\/thoro.com.mx\/ethoro\/shop\/herramientas\/herramientas-de-carga\/eslingas-herramientas-de-carga\/eslinga-reforzada-tipo-ojo-ojo-urrea-ep236-de-3-x-6-metros-con-2-capas\/","title":{"rendered":"ESLINGA REFORZADA TIPO OJO-OJO URREA EP236 DE 3&#8221; X 6 METROS CON 2 CAPAS"},"content":{"rendered":"<h4>EP236<\/h4>\n<ul>\n<li>Fabricados en poli\u00e9ster de alta Tenacidad con recubrimiento UV<\/li>\n<li>Resistentes a la abrasi\u00f3n y a la mayor\u00eda de \u00e1cidos<\/li>\n<li>Al ser flexibles, se ajustan al contorno de la carga manteni\u00e9ndola segura<\/li>\n<li>Kg Canasta 45\u00b0: 5646<\/li>\n<li>Ancho: 3&#8243;<\/li>\n<li>Color: Rojo<\/li>\n<li>Kg Canasta 60\u00b0: 6915<\/li>\n<li>Kg Canasta 30\u00b0: 3992<\/li>\n<li>Longitud: 6m<\/li>\n<li>Capas: 2<\/li>\n<li>Kg canasta 90\u00b0: 7985<\/li>\n<\/ul>\n","protected":false},"excerpt":{"rendered":"<p>EP236 Fabricados en poli\u00e9ster de alta Tenacidad con recubrimiento UV Resistentes a la abrasi\u00f3n y a la mayor\u00eda de \u00e1cidos Al ser flexibles, se ajustan al contorno de la carga manteni\u00e9ndola segura Kg Canasta 45\u00b0: 5646 Ancho: 3&#8243; Color: Rojo Kg Canasta 60\u00b0: 6915 Kg Canasta 30\u00b0: 3992 Longitud: 6m Capas: 2 Kg canasta 90\u00b0: [&hellip;]<\/p>\n","protected":false},"featured_media":11775,"comment_status":"open","ping_status":"closed","template":"","meta":{"_monsterinsights_skip_tracking":false,"_monsterinsights_sitenote_active":false,"_monsterinsights_sitenote_note":"","_monsterinsights_sitenote_category":0,"_joinchat":[]},"product_brand":[],"product_cat":[10240],"product_tag":[],"class_list":{"0":"post-11776","1":"product","2":"type-product","3":"status-publish","4":"has-post-thumbnail","6":"product_cat-eslingas-herramientas-de-carga","8":"first","9":"instock","10":"sale","11":"taxable","12":"shipping-taxable","13":"purchasable","14":"product-type-simple","15":"add-to-wishlist-after_add_to_cart"},"yoast_head":"<!-- This site is optimized with the Yoast SEO plugin v27.1.1 - https:\/\/yoast.com\/product\/yoast-seo-wordpress\/ -->\n<title>ESLINGA REFORZADA TIPO OJO-OJO URREA EP236 DE 3&#039;&#039; X 6 METROS CON 2 CAPAS - Thoro enterprises de Mexico<\/title>\n<meta name=\"robots\" content=\"noindex, follow\" \/>\n<meta property=\"og:locale\" content=\"es_MX\" \/>\n<meta property=\"og:type\" content=\"article\" \/>\n<meta property=\"og:title\" content=\"ESLINGA REFORZADA TIPO OJO-OJO URREA EP236 DE 3&#039;&#039; X 6 METROS CON 2 CAPAS - Thoro enterprises de Mexico\" \/>\n<meta property=\"og:description\" content=\"EP236 Fabricados en poli\u00e9ster de alta Tenacidad con recubrimiento UV Resistentes a la abrasi\u00f3n y a la mayor\u00eda de \u00e1cidos Al ser flexibles, se ajustan al contorno de la carga manteni\u00e9ndola segura Kg Canasta 45\u00b0: 5646 Ancho: 3&#8243; Color: Rojo Kg Canasta 60\u00b0: 6915 Kg Canasta 30\u00b0: 3992 Longitud: 6m Capas: 2 Kg canasta 90\u00b0: [&hellip;]\" \/>\n<meta property=\"og:url\" content=\"https:\/\/thoro.com.mx\/ethoro\/shop\/herramientas\/herramientas-de-carga\/eslingas-herramientas-de-carga\/eslinga-reforzada-tipo-ojo-ojo-urrea-ep236-de-3-x-6-metros-con-2-capas\/\" \/>\n<meta property=\"og:site_name\" content=\"Thoro enterprises de Mexico\" \/>\n<meta property=\"article:publisher\" content=\"https:\/\/www.facebook.com\/ThoroEnterprises\" \/>\n<meta property=\"article:modified_time\" content=\"2026-04-07T08:32:31+00:00\" \/>\n<meta property=\"og:image\" content=\"https:\/\/thoro.com.mx\/ethoro\/wp-content\/uploads\/2025\/02\/H5817.jpg\" \/>\n\t<meta property=\"og:image:width\" content=\"1000\" \/>\n\t<meta property=\"og:image:height\" content=\"1000\" \/>\n\t<meta property=\"og:image:type\" content=\"image\/jpeg\" \/>\n<meta name=\"twitter:card\" content=\"summary_large_image\" \/>\n<script type=\"application\/ld+json\" class=\"yoast-schema-graph\">{\"@context\":\"https:\/\/schema.org\",\"@graph\":[{\"@type\":\"WebPage\",\"@id\":\"https:\/\/thoro.com.mx\/ethoro\/shop\/herramientas\/herramientas-de-carga\/eslingas-herramientas-de-carga\/eslinga-reforzada-tipo-ojo-ojo-urrea-ep236-de-3-x-6-metros-con-2-capas\/\",\"url\":\"https:\/\/thoro.com.mx\/ethoro\/shop\/herramientas\/herramientas-de-carga\/eslingas-herramientas-de-carga\/eslinga-reforzada-tipo-ojo-ojo-urrea-ep236-de-3-x-6-metros-con-2-capas\/\",\"name\":\"ESLINGA REFORZADA TIPO OJO-OJO URREA EP236 DE 3'' X 6 METROS CON 2 CAPAS - Thoro enterprises de Mexico\",\"isPartOf\":{\"@id\":\"https:\/\/72.167.50.119\/ethoro\/#website\"},\"primaryImageOfPage\":{\"@id\":\"https:\/\/thoro.com.mx\/ethoro\/shop\/herramientas\/herramientas-de-carga\/eslingas-herramientas-de-carga\/eslinga-reforzada-tipo-ojo-ojo-urrea-ep236-de-3-x-6-metros-con-2-capas\/#primaryimage\"},\"image\":{\"@id\":\"https:\/\/thoro.com.mx\/ethoro\/shop\/herramientas\/herramientas-de-carga\/eslingas-herramientas-de-carga\/eslinga-reforzada-tipo-ojo-ojo-urrea-ep236-de-3-x-6-metros-con-2-capas\/#primaryimage\"},\"thumbnailUrl\":\"https:\/\/thoro.com.mx\/ethoro\/wp-content\/uploads\/2025\/02\/H5817.jpg\",\"datePublished\":\"2025-02-05T19:57:23+00:00\",\"dateModified\":\"2026-04-07T08:32:31+00:00\",\"breadcrumb\":{\"@id\":\"https:\/\/thoro.com.mx\/ethoro\/shop\/herramientas\/herramientas-de-carga\/eslingas-herramientas-de-carga\/eslinga-reforzada-tipo-ojo-ojo-urrea-ep236-de-3-x-6-metros-con-2-capas\/#breadcrumb\"},\"inLanguage\":\"es\",\"potentialAction\":[{\"@type\":\"ReadAction\",\"target\":[\"https:\/\/thoro.com.mx\/ethoro\/shop\/herramientas\/herramientas-de-carga\/eslingas-herramientas-de-carga\/eslinga-reforzada-tipo-ojo-ojo-urrea-ep236-de-3-x-6-metros-con-2-capas\/\"]}]},{\"@type\":\"ImageObject\",\"inLanguage\":\"es\",\"@id\":\"https:\/\/thoro.com.mx\/ethoro\/shop\/herramientas\/herramientas-de-carga\/eslingas-herramientas-de-carga\/eslinga-reforzada-tipo-ojo-ojo-urrea-ep236-de-3-x-6-metros-con-2-capas\/#primaryimage\",\"url\":\"https:\/\/thoro.com.mx\/ethoro\/wp-content\/uploads\/2025\/02\/H5817.jpg\",\"contentUrl\":\"https:\/\/thoro.com.mx\/ethoro\/wp-content\/uploads\/2025\/02\/H5817.jpg\",\"width\":1000,\"height\":1000},{\"@type\":\"BreadcrumbList\",\"@id\":\"https:\/\/thoro.com.mx\/ethoro\/shop\/herramientas\/herramientas-de-carga\/eslingas-herramientas-de-carga\/eslinga-reforzada-tipo-ojo-ojo-urrea-ep236-de-3-x-6-metros-con-2-capas\/#breadcrumb\",\"itemListElement\":[{\"@type\":\"ListItem\",\"position\":1,\"name\":\"Inicio\",\"item\":\"https:\/\/thoro.com.mx\/ethoro\/\"},{\"@type\":\"ListItem\",\"position\":2,\"name\":\"Tienda\",\"item\":\"https:\/\/thoro.com.mx\/ethoro\/shop\/\"},{\"@type\":\"ListItem\",\"position\":3,\"name\":\"ESLINGA REFORZADA TIPO OJO-OJO URREA EP236 DE 3&#8221; X 6 METROS CON 2 CAPAS\"}]},{\"@type\":\"WebSite\",\"@id\":\"https:\/\/72.167.50.119\/ethoro\/#website\",\"url\":\"https:\/\/72.167.50.119\/ethoro\/\",\"name\":\"Thoro Enterprises de M\u00e9xico\",\"description\":\"Todo en Thoro\",\"publisher\":{\"@id\":\"https:\/\/72.167.50.119\/ethoro\/#organization\"},\"alternateName\":\"Thoro shop\",\"potentialAction\":[{\"@type\":\"SearchAction\",\"target\":{\"@type\":\"EntryPoint\",\"urlTemplate\":\"https:\/\/72.167.50.119\/ethoro\/?s={search_term_string}\"},\"query-input\":{\"@type\":\"PropertyValueSpecification\",\"valueRequired\":true,\"valueName\":\"search_term_string\"}}],\"inLanguage\":\"es\"},{\"@type\":\"Organization\",\"@id\":\"https:\/\/72.167.50.119\/ethoro\/#organization\",\"name\":\"Thoro Enterprises de M\u00e9xico\",\"alternateName\":\"Thoro shop\",\"url\":\"https:\/\/72.167.50.119\/ethoro\/\",\"logo\":{\"@type\":\"ImageObject\",\"inLanguage\":\"es\",\"@id\":\"https:\/\/72.167.50.119\/ethoro\/#\/schema\/logo\/image\/\",\"url\":\"https:\/\/72.167.50.119\/ethoro\/wp-content\/uploads\/2025\/01\/cropped-cropped-icono_t-180x180-1.png\",\"contentUrl\":\"https:\/\/72.167.50.119\/ethoro\/wp-content\/uploads\/2025\/01\/cropped-cropped-icono_t-180x180-1.png\",\"width\":512,\"height\":512,\"caption\":\"Thoro Enterprises de M\u00e9xico\"},\"image\":{\"@id\":\"https:\/\/72.167.50.119\/ethoro\/#\/schema\/logo\/image\/\"},\"sameAs\":[\"https:\/\/www.facebook.com\/ThoroEnterprises\",\"https:\/\/www.instagram.com\/thoro.mexico\/\"]}]}<\/script>\n<!-- \/ Yoast SEO plugin. -->","yoast_head_json":{"title":"ESLINGA REFORZADA TIPO OJO-OJO URREA EP236 DE 3'' X 6 METROS CON 2 CAPAS - Thoro enterprises de Mexico","robots":{"index":"noindex","follow":"follow"},"og_locale":"es_MX","og_type":"article","og_title":"ESLINGA REFORZADA TIPO OJO-OJO URREA EP236 DE 3'' X 6 METROS CON 2 CAPAS - Thoro enterprises de Mexico","og_description":"EP236 Fabricados en poli\u00e9ster de alta Tenacidad con recubrimiento UV Resistentes a la abrasi\u00f3n y a la mayor\u00eda de \u00e1cidos Al ser flexibles, se ajustan al contorno de la carga manteni\u00e9ndola segura Kg Canasta 45\u00b0: 5646 Ancho: 3&#8243; Color: Rojo Kg Canasta 60\u00b0: 6915 Kg Canasta 30\u00b0: 3992 Longitud: 6m Capas: 2 Kg canasta 90\u00b0: [&hellip;]","og_url":"https:\/\/thoro.com.mx\/ethoro\/shop\/herramientas\/herramientas-de-carga\/eslingas-herramientas-de-carga\/eslinga-reforzada-tipo-ojo-ojo-urrea-ep236-de-3-x-6-metros-con-2-capas\/","og_site_name":"Thoro enterprises de Mexico","article_publisher":"https:\/\/www.facebook.com\/ThoroEnterprises","article_modified_time":"2026-04-07T08:32:31+00:00","og_image":[{"width":1000,"height":1000,"url":"https:\/\/thoro.com.mx\/ethoro\/wp-content\/uploads\/2025\/02\/H5817.jpg","type":"image\/jpeg"}],"twitter_card":"summary_large_image","schema":{"@context":"https:\/\/schema.org","@graph":[{"@type":"WebPage","@id":"https:\/\/thoro.com.mx\/ethoro\/shop\/herramientas\/herramientas-de-carga\/eslingas-herramientas-de-carga\/eslinga-reforzada-tipo-ojo-ojo-urrea-ep236-de-3-x-6-metros-con-2-capas\/","url":"https:\/\/thoro.com.mx\/ethoro\/shop\/herramientas\/herramientas-de-carga\/eslingas-herramientas-de-carga\/eslinga-reforzada-tipo-ojo-ojo-urrea-ep236-de-3-x-6-metros-con-2-capas\/","name":"ESLINGA REFORZADA TIPO OJO-OJO URREA EP236 DE 3'' X 6 METROS CON 2 CAPAS - Thoro enterprises de Mexico","isPartOf":{"@id":"https:\/\/72.167.50.119\/ethoro\/#website"},"primaryImageOfPage":{"@id":"https:\/\/thoro.com.mx\/ethoro\/shop\/herramientas\/herramientas-de-carga\/eslingas-herramientas-de-carga\/eslinga-reforzada-tipo-ojo-ojo-urrea-ep236-de-3-x-6-metros-con-2-capas\/#primaryimage"},"image":{"@id":"https:\/\/thoro.com.mx\/ethoro\/shop\/herramientas\/herramientas-de-carga\/eslingas-herramientas-de-carga\/eslinga-reforzada-tipo-ojo-ojo-urrea-ep236-de-3-x-6-metros-con-2-capas\/#primaryimage"},"thumbnailUrl":"https:\/\/thoro.com.mx\/ethoro\/wp-content\/uploads\/2025\/02\/H5817.jpg","datePublished":"2025-02-05T19:57:23+00:00","dateModified":"2026-04-07T08:32:31+00:00","breadcrumb":{"@id":"https:\/\/thoro.com.mx\/ethoro\/shop\/herramientas\/herramientas-de-carga\/eslingas-herramientas-de-carga\/eslinga-reforzada-tipo-ojo-ojo-urrea-ep236-de-3-x-6-metros-con-2-capas\/#breadcrumb"},"inLanguage":"es","potentialAction":[{"@type":"ReadAction","target":["https:\/\/thoro.com.mx\/ethoro\/shop\/herramientas\/herramientas-de-carga\/eslingas-herramientas-de-carga\/eslinga-reforzada-tipo-ojo-ojo-urrea-ep236-de-3-x-6-metros-con-2-capas\/"]}]},{"@type":"ImageObject","inLanguage":"es","@id":"https:\/\/thoro.com.mx\/ethoro\/shop\/herramientas\/herramientas-de-carga\/eslingas-herramientas-de-carga\/eslinga-reforzada-tipo-ojo-ojo-urrea-ep236-de-3-x-6-metros-con-2-capas\/#primaryimage","url":"https:\/\/thoro.com.mx\/ethoro\/wp-content\/uploads\/2025\/02\/H5817.jpg","contentUrl":"https:\/\/thoro.com.mx\/ethoro\/wp-content\/uploads\/2025\/02\/H5817.jpg","width":1000,"height":1000},{"@type":"BreadcrumbList","@id":"https:\/\/thoro.com.mx\/ethoro\/shop\/herramientas\/herramientas-de-carga\/eslingas-herramientas-de-carga\/eslinga-reforzada-tipo-ojo-ojo-urrea-ep236-de-3-x-6-metros-con-2-capas\/#breadcrumb","itemListElement":[{"@type":"ListItem","position":1,"name":"Inicio","item":"https:\/\/thoro.com.mx\/ethoro\/"},{"@type":"ListItem","position":2,"name":"Tienda","item":"https:\/\/thoro.com.mx\/ethoro\/shop\/"},{"@type":"ListItem","position":3,"name":"ESLINGA REFORZADA TIPO OJO-OJO URREA EP236 DE 3&#8221; X 6 METROS CON 2 CAPAS"}]},{"@type":"WebSite","@id":"https:\/\/72.167.50.119\/ethoro\/#website","url":"https:\/\/72.167.50.119\/ethoro\/","name":"Thoro Enterprises de M\u00e9xico","description":"Todo en Thoro","publisher":{"@id":"https:\/\/72.167.50.119\/ethoro\/#organization"},"alternateName":"Thoro shop","potentialAction":[{"@type":"SearchAction","target":{"@type":"EntryPoint","urlTemplate":"https:\/\/72.167.50.119\/ethoro\/?s={search_term_string}"},"query-input":{"@type":"PropertyValueSpecification","valueRequired":true,"valueName":"search_term_string"}}],"inLanguage":"es"},{"@type":"Organization","@id":"https:\/\/72.167.50.119\/ethoro\/#organization","name":"Thoro Enterprises de M\u00e9xico","alternateName":"Thoro shop","url":"https:\/\/72.167.50.119\/ethoro\/","logo":{"@type":"ImageObject","inLanguage":"es","@id":"https:\/\/72.167.50.119\/ethoro\/#\/schema\/logo\/image\/","url":"https:\/\/72.167.50.119\/ethoro\/wp-content\/uploads\/2025\/01\/cropped-cropped-icono_t-180x180-1.png","contentUrl":"https:\/\/72.167.50.119\/ethoro\/wp-content\/uploads\/2025\/01\/cropped-cropped-icono_t-180x180-1.png","width":512,"height":512,"caption":"Thoro Enterprises de M\u00e9xico"},"image":{"@id":"https:\/\/72.167.50.119\/ethoro\/#\/schema\/logo\/image\/"},"sameAs":["https:\/\/www.facebook.com\/ThoroEnterprises","https:\/\/www.instagram.com\/thoro.mexico\/"]}]}},"_links":{"self":[{"href":"https:\/\/thoro.com.mx\/ethoro\/wp-json\/wp\/v2\/product\/11776","targetHints":{"allow":["GET"]}}],"collection":[{"href":"https:\/\/thoro.com.mx\/ethoro\/wp-json\/wp\/v2\/product"}],"about":[{"href":"https:\/\/thoro.com.mx\/ethoro\/wp-json\/wp\/v2\/types\/product"}],"replies":[{"embeddable":true,"href":"https:\/\/thoro.com.mx\/ethoro\/wp-json\/wp\/v2\/comments?post=11776"}],"wp:featuredmedia":[{"embeddable":true,"href":"https:\/\/thoro.com.mx\/ethoro\/wp-json\/wp\/v2\/media\/11775"}],"wp:attachment":[{"href":"https:\/\/thoro.com.mx\/ethoro\/wp-json\/wp\/v2\/media?parent=11776"}],"wp:term":[{"taxonomy":"product_brand","embeddable":true,"href":"https:\/\/thoro.com.mx\/ethoro\/wp-json\/wp\/v2\/product_brand?post=11776"},{"taxonomy":"product_cat","embeddable":true,"href":"https:\/\/thoro.com.mx\/ethoro\/wp-json\/wp\/v2\/product_cat?post=11776"},{"taxonomy":"product_tag","embeddable":true,"href":"https:\/\/thoro.com.mx\/ethoro\/wp-json\/wp\/v2\/product_tag?post=11776"}],"curies":[{"name":"wp","href":"https:\/\/api.w.org\/{rel}","templated":true}]}}