{"id":11780,"date":"2025-02-05T13:57:26","date_gmt":"2025-02-05T19:57:26","guid":{"rendered":"https:\/\/72.167.50.119\/ethoro\/shop\/sin categor\u00eda\/juego-de-herramienta-urrea-jel9-con-9-piezas-para-electronico\/"},"modified":"2025-03-11T00:19:35","modified_gmt":"2025-03-11T06:19:35","slug":"juego-de-herramienta-urrea-jel9-con-9-piezas-para-electronico","status":"publish","type":"product","link":"https:\/\/thoro.com.mx\/ethoro\/shop\/herramientas\/juegos-de-herramientas-herramientas\/juegos-de-herramientas-juegos-de-herramientas-herramientas\/juego-de-herramienta-urrea-jel9-con-9-piezas-para-electronico\/","title":{"rendered":"JUEGO DE HERRAMIENTA URREA JEL9 CON 9 PIEZAS PARA ELECTRONICO"},"content":{"rendered":"<h4>JEL9<\/h4>\n<ul>\n<li>Juego de herramientas Urrea dise\u00f1ado con la combinaci\u00f3n perfecta para ti <\/li>\n<li>Caja de pl\u00e1stico de alta resistencia <\/li>\n<li>Asa met\u00e1lica <\/li>\n<li>Cuerpo con costillas de refuerzo que incrementa la resistencia <\/li>\n<li>Mult\u00edmetro digital compacto <\/li>\n<li>Alarma de continuidad <\/li>\n<li>Selector de rango manual<\/li>\n<li>Las pinzas cuentan con un resorte para facilitar la apertura <\/li>\n<li>El caut\u00edn incluye un pr\u00e1ctico soporte para descansar el caut\u00edn cuando no se est\u00e1 operando <\/li>\n<li>Los destornilladores ESD bimaterial con anillo de color para identificar con facilidad el tipo de punta<\/li>\n<li>Los juegos de herramientas para la industria electr\u00f3nica est\u00e1n pensados y creados para los trabajos profesionales y de bricolaje, contienen el rango de herramientas de mayor uso <\/li>\n<li>Para el mantenimiento, reparaci\u00f3n e instalaci\u00f3n de sistemas el\u00e9ctricos y electr\u00f3nicos se requiere de herramientas apropiadas que proporcionen el soporte preciso que garanticen un resultado profesional y duradero <\/li>\n<li>Las herramientas URREA suministran este soporte de manera eficiente <\/li>\n<li>Almacena la herramienta que necesitas en un solo lugar<\/li>\n<\/ul>\n","protected":false},"excerpt":{"rendered":"<p>JEL9 Juego de herramientas Urrea dise\u00f1ado con la combinaci\u00f3n perfecta para ti Caja de pl\u00e1stico de alta resistencia Asa met\u00e1lica Cuerpo con costillas de refuerzo que incrementa la resistencia Mult\u00edmetro digital compacto Alarma de continuidad Selector de rango manual Las pinzas cuentan con un resorte para facilitar la apertura El caut\u00edn incluye un pr\u00e1ctico soporte [&hellip;]<\/p>\n","protected":false},"featured_media":11779,"comment_status":"open","ping_status":"closed","template":"","meta":{"_monsterinsights_skip_tracking":false,"_monsterinsights_sitenote_active":false,"_monsterinsights_sitenote_note":"","_monsterinsights_sitenote_category":0,"_joinchat":[]},"product_brand":[],"product_cat":[388],"product_tag":[],"class_list":{"0":"post-11780","1":"product","2":"type-product","3":"status-publish","4":"has-post-thumbnail","6":"product_cat-juegos-de-herramientas-juegos-de-herramientas-herramientas","8":"first","9":"outofstock","10":"sale","11":"taxable","12":"shipping-taxable","13":"purchasable","14":"product-type-simple","15":"add-to-wishlist-after_add_to_cart"},"yoast_head":"<!-- This site is optimized with the Yoast SEO plugin v27.1.1 - https:\/\/yoast.com\/product\/yoast-seo-wordpress\/ -->\n<title>JUEGO DE HERRAMIENTA URREA JEL9 CON 9 PIEZAS PARA ELECTRONICO - Thoro enterprises de Mexico<\/title>\n<meta name=\"robots\" content=\"noindex, follow\" \/>\n<meta property=\"og:locale\" content=\"es_MX\" \/>\n<meta property=\"og:type\" content=\"article\" \/>\n<meta property=\"og:title\" content=\"JUEGO DE HERRAMIENTA URREA JEL9 CON 9 PIEZAS PARA ELECTRONICO - Thoro enterprises de Mexico\" \/>\n<meta property=\"og:description\" content=\"JEL9 Juego de herramientas Urrea dise\u00f1ado con la combinaci\u00f3n perfecta para ti Caja de pl\u00e1stico de alta resistencia Asa met\u00e1lica Cuerpo con costillas de refuerzo que incrementa la resistencia Mult\u00edmetro digital compacto Alarma de continuidad Selector de rango manual Las pinzas cuentan con un resorte para facilitar la apertura El caut\u00edn incluye un pr\u00e1ctico soporte [&hellip;]\" \/>\n<meta property=\"og:url\" content=\"https:\/\/thoro.com.mx\/ethoro\/shop\/herramientas\/juegos-de-herramientas-herramientas\/juegos-de-herramientas-juegos-de-herramientas-herramientas\/juego-de-herramienta-urrea-jel9-con-9-piezas-para-electronico\/\" \/>\n<meta property=\"og:site_name\" content=\"Thoro enterprises de Mexico\" \/>\n<meta property=\"article:publisher\" content=\"https:\/\/www.facebook.com\/ThoroEnterprises\" \/>\n<meta property=\"article:modified_time\" content=\"2025-03-11T06:19:35+00:00\" \/>\n<meta property=\"og:image\" content=\"https:\/\/thoro.com.mx\/ethoro\/wp-content\/uploads\/2025\/02\/H5887.jpg\" \/>\n\t<meta property=\"og:image:width\" content=\"1000\" \/>\n\t<meta property=\"og:image:height\" content=\"1000\" \/>\n\t<meta property=\"og:image:type\" content=\"image\/jpeg\" \/>\n<meta name=\"twitter:card\" content=\"summary_large_image\" \/>\n<meta name=\"twitter:label1\" content=\"Tiempo de lectura\" \/>\n\t<meta name=\"twitter:data1\" content=\"1 minuto\" \/>\n<script type=\"application\/ld+json\" class=\"yoast-schema-graph\">{\"@context\":\"https:\/\/schema.org\",\"@graph\":[{\"@type\":\"WebPage\",\"@id\":\"https:\/\/thoro.com.mx\/ethoro\/shop\/herramientas\/juegos-de-herramientas-herramientas\/juegos-de-herramientas-juegos-de-herramientas-herramientas\/juego-de-herramienta-urrea-jel9-con-9-piezas-para-electronico\/\",\"url\":\"https:\/\/thoro.com.mx\/ethoro\/shop\/herramientas\/juegos-de-herramientas-herramientas\/juegos-de-herramientas-juegos-de-herramientas-herramientas\/juego-de-herramienta-urrea-jel9-con-9-piezas-para-electronico\/\",\"name\":\"JUEGO DE HERRAMIENTA URREA JEL9 CON 9 PIEZAS PARA ELECTRONICO - Thoro enterprises de Mexico\",\"isPartOf\":{\"@id\":\"https:\/\/72.167.50.119\/ethoro\/#website\"},\"primaryImageOfPage\":{\"@id\":\"https:\/\/thoro.com.mx\/ethoro\/shop\/herramientas\/juegos-de-herramientas-herramientas\/juegos-de-herramientas-juegos-de-herramientas-herramientas\/juego-de-herramienta-urrea-jel9-con-9-piezas-para-electronico\/#primaryimage\"},\"image\":{\"@id\":\"https:\/\/thoro.com.mx\/ethoro\/shop\/herramientas\/juegos-de-herramientas-herramientas\/juegos-de-herramientas-juegos-de-herramientas-herramientas\/juego-de-herramienta-urrea-jel9-con-9-piezas-para-electronico\/#primaryimage\"},\"thumbnailUrl\":\"https:\/\/thoro.com.mx\/ethoro\/wp-content\/uploads\/2025\/02\/H5887.jpg\",\"datePublished\":\"2025-02-05T19:57:26+00:00\",\"dateModified\":\"2025-03-11T06:19:35+00:00\",\"breadcrumb\":{\"@id\":\"https:\/\/thoro.com.mx\/ethoro\/shop\/herramientas\/juegos-de-herramientas-herramientas\/juegos-de-herramientas-juegos-de-herramientas-herramientas\/juego-de-herramienta-urrea-jel9-con-9-piezas-para-electronico\/#breadcrumb\"},\"inLanguage\":\"es\",\"potentialAction\":[{\"@type\":\"ReadAction\",\"target\":[\"https:\/\/thoro.com.mx\/ethoro\/shop\/herramientas\/juegos-de-herramientas-herramientas\/juegos-de-herramientas-juegos-de-herramientas-herramientas\/juego-de-herramienta-urrea-jel9-con-9-piezas-para-electronico\/\"]}]},{\"@type\":\"ImageObject\",\"inLanguage\":\"es\",\"@id\":\"https:\/\/thoro.com.mx\/ethoro\/shop\/herramientas\/juegos-de-herramientas-herramientas\/juegos-de-herramientas-juegos-de-herramientas-herramientas\/juego-de-herramienta-urrea-jel9-con-9-piezas-para-electronico\/#primaryimage\",\"url\":\"https:\/\/thoro.com.mx\/ethoro\/wp-content\/uploads\/2025\/02\/H5887.jpg\",\"contentUrl\":\"https:\/\/thoro.com.mx\/ethoro\/wp-content\/uploads\/2025\/02\/H5887.jpg\",\"width\":1000,\"height\":1000},{\"@type\":\"BreadcrumbList\",\"@id\":\"https:\/\/thoro.com.mx\/ethoro\/shop\/herramientas\/juegos-de-herramientas-herramientas\/juegos-de-herramientas-juegos-de-herramientas-herramientas\/juego-de-herramienta-urrea-jel9-con-9-piezas-para-electronico\/#breadcrumb\",\"itemListElement\":[{\"@type\":\"ListItem\",\"position\":1,\"name\":\"Inicio\",\"item\":\"https:\/\/thoro.com.mx\/ethoro\/\"},{\"@type\":\"ListItem\",\"position\":2,\"name\":\"Tienda\",\"item\":\"https:\/\/thoro.com.mx\/ethoro\/shop\/\"},{\"@type\":\"ListItem\",\"position\":3,\"name\":\"JUEGO DE HERRAMIENTA URREA JEL9 CON 9 PIEZAS PARA ELECTRONICO\"}]},{\"@type\":\"WebSite\",\"@id\":\"https:\/\/72.167.50.119\/ethoro\/#website\",\"url\":\"https:\/\/72.167.50.119\/ethoro\/\",\"name\":\"Thoro Enterprises de M\u00e9xico\",\"description\":\"Todo en Thoro\",\"publisher\":{\"@id\":\"https:\/\/72.167.50.119\/ethoro\/#organization\"},\"alternateName\":\"Thoro shop\",\"potentialAction\":[{\"@type\":\"SearchAction\",\"target\":{\"@type\":\"EntryPoint\",\"urlTemplate\":\"https:\/\/72.167.50.119\/ethoro\/?s={search_term_string}\"},\"query-input\":{\"@type\":\"PropertyValueSpecification\",\"valueRequired\":true,\"valueName\":\"search_term_string\"}}],\"inLanguage\":\"es\"},{\"@type\":\"Organization\",\"@id\":\"https:\/\/72.167.50.119\/ethoro\/#organization\",\"name\":\"Thoro Enterprises de M\u00e9xico\",\"alternateName\":\"Thoro shop\",\"url\":\"https:\/\/72.167.50.119\/ethoro\/\",\"logo\":{\"@type\":\"ImageObject\",\"inLanguage\":\"es\",\"@id\":\"https:\/\/72.167.50.119\/ethoro\/#\/schema\/logo\/image\/\",\"url\":\"https:\/\/72.167.50.119\/ethoro\/wp-content\/uploads\/2025\/01\/cropped-cropped-icono_t-180x180-1.png\",\"contentUrl\":\"https:\/\/72.167.50.119\/ethoro\/wp-content\/uploads\/2025\/01\/cropped-cropped-icono_t-180x180-1.png\",\"width\":512,\"height\":512,\"caption\":\"Thoro Enterprises de M\u00e9xico\"},\"image\":{\"@id\":\"https:\/\/72.167.50.119\/ethoro\/#\/schema\/logo\/image\/\"},\"sameAs\":[\"https:\/\/www.facebook.com\/ThoroEnterprises\",\"https:\/\/www.instagram.com\/thoro.mexico\/\"]}]}<\/script>\n<!-- \/ Yoast SEO plugin. -->","yoast_head_json":{"title":"JUEGO DE HERRAMIENTA URREA JEL9 CON 9 PIEZAS PARA ELECTRONICO - Thoro enterprises de Mexico","robots":{"index":"noindex","follow":"follow"},"og_locale":"es_MX","og_type":"article","og_title":"JUEGO DE HERRAMIENTA URREA JEL9 CON 9 PIEZAS PARA ELECTRONICO - Thoro enterprises de Mexico","og_description":"JEL9 Juego de herramientas Urrea dise\u00f1ado con la combinaci\u00f3n perfecta para ti Caja de pl\u00e1stico de alta resistencia Asa met\u00e1lica Cuerpo con costillas de refuerzo que incrementa la resistencia Mult\u00edmetro digital compacto Alarma de continuidad Selector de rango manual Las pinzas cuentan con un resorte para facilitar la apertura El caut\u00edn incluye un pr\u00e1ctico soporte [&hellip;]","og_url":"https:\/\/thoro.com.mx\/ethoro\/shop\/herramientas\/juegos-de-herramientas-herramientas\/juegos-de-herramientas-juegos-de-herramientas-herramientas\/juego-de-herramienta-urrea-jel9-con-9-piezas-para-electronico\/","og_site_name":"Thoro enterprises de Mexico","article_publisher":"https:\/\/www.facebook.com\/ThoroEnterprises","article_modified_time":"2025-03-11T06:19:35+00:00","og_image":[{"width":1000,"height":1000,"url":"https:\/\/thoro.com.mx\/ethoro\/wp-content\/uploads\/2025\/02\/H5887.jpg","type":"image\/jpeg"}],"twitter_card":"summary_large_image","twitter_misc":{"Tiempo de lectura":"1 minuto"},"schema":{"@context":"https:\/\/schema.org","@graph":[{"@type":"WebPage","@id":"https:\/\/thoro.com.mx\/ethoro\/shop\/herramientas\/juegos-de-herramientas-herramientas\/juegos-de-herramientas-juegos-de-herramientas-herramientas\/juego-de-herramienta-urrea-jel9-con-9-piezas-para-electronico\/","url":"https:\/\/thoro.com.mx\/ethoro\/shop\/herramientas\/juegos-de-herramientas-herramientas\/juegos-de-herramientas-juegos-de-herramientas-herramientas\/juego-de-herramienta-urrea-jel9-con-9-piezas-para-electronico\/","name":"JUEGO DE HERRAMIENTA URREA JEL9 CON 9 PIEZAS PARA ELECTRONICO - Thoro enterprises de Mexico","isPartOf":{"@id":"https:\/\/72.167.50.119\/ethoro\/#website"},"primaryImageOfPage":{"@id":"https:\/\/thoro.com.mx\/ethoro\/shop\/herramientas\/juegos-de-herramientas-herramientas\/juegos-de-herramientas-juegos-de-herramientas-herramientas\/juego-de-herramienta-urrea-jel9-con-9-piezas-para-electronico\/#primaryimage"},"image":{"@id":"https:\/\/thoro.com.mx\/ethoro\/shop\/herramientas\/juegos-de-herramientas-herramientas\/juegos-de-herramientas-juegos-de-herramientas-herramientas\/juego-de-herramienta-urrea-jel9-con-9-piezas-para-electronico\/#primaryimage"},"thumbnailUrl":"https:\/\/thoro.com.mx\/ethoro\/wp-content\/uploads\/2025\/02\/H5887.jpg","datePublished":"2025-02-05T19:57:26+00:00","dateModified":"2025-03-11T06:19:35+00:00","breadcrumb":{"@id":"https:\/\/thoro.com.mx\/ethoro\/shop\/herramientas\/juegos-de-herramientas-herramientas\/juegos-de-herramientas-juegos-de-herramientas-herramientas\/juego-de-herramienta-urrea-jel9-con-9-piezas-para-electronico\/#breadcrumb"},"inLanguage":"es","potentialAction":[{"@type":"ReadAction","target":["https:\/\/thoro.com.mx\/ethoro\/shop\/herramientas\/juegos-de-herramientas-herramientas\/juegos-de-herramientas-juegos-de-herramientas-herramientas\/juego-de-herramienta-urrea-jel9-con-9-piezas-para-electronico\/"]}]},{"@type":"ImageObject","inLanguage":"es","@id":"https:\/\/thoro.com.mx\/ethoro\/shop\/herramientas\/juegos-de-herramientas-herramientas\/juegos-de-herramientas-juegos-de-herramientas-herramientas\/juego-de-herramienta-urrea-jel9-con-9-piezas-para-electronico\/#primaryimage","url":"https:\/\/thoro.com.mx\/ethoro\/wp-content\/uploads\/2025\/02\/H5887.jpg","contentUrl":"https:\/\/thoro.com.mx\/ethoro\/wp-content\/uploads\/2025\/02\/H5887.jpg","width":1000,"height":1000},{"@type":"BreadcrumbList","@id":"https:\/\/thoro.com.mx\/ethoro\/shop\/herramientas\/juegos-de-herramientas-herramientas\/juegos-de-herramientas-juegos-de-herramientas-herramientas\/juego-de-herramienta-urrea-jel9-con-9-piezas-para-electronico\/#breadcrumb","itemListElement":[{"@type":"ListItem","position":1,"name":"Inicio","item":"https:\/\/thoro.com.mx\/ethoro\/"},{"@type":"ListItem","position":2,"name":"Tienda","item":"https:\/\/thoro.com.mx\/ethoro\/shop\/"},{"@type":"ListItem","position":3,"name":"JUEGO DE HERRAMIENTA URREA JEL9 CON 9 PIEZAS PARA ELECTRONICO"}]},{"@type":"WebSite","@id":"https:\/\/72.167.50.119\/ethoro\/#website","url":"https:\/\/72.167.50.119\/ethoro\/","name":"Thoro Enterprises de M\u00e9xico","description":"Todo en Thoro","publisher":{"@id":"https:\/\/72.167.50.119\/ethoro\/#organization"},"alternateName":"Thoro shop","potentialAction":[{"@type":"SearchAction","target":{"@type":"EntryPoint","urlTemplate":"https:\/\/72.167.50.119\/ethoro\/?s={search_term_string}"},"query-input":{"@type":"PropertyValueSpecification","valueRequired":true,"valueName":"search_term_string"}}],"inLanguage":"es"},{"@type":"Organization","@id":"https:\/\/72.167.50.119\/ethoro\/#organization","name":"Thoro Enterprises de M\u00e9xico","alternateName":"Thoro shop","url":"https:\/\/72.167.50.119\/ethoro\/","logo":{"@type":"ImageObject","inLanguage":"es","@id":"https:\/\/72.167.50.119\/ethoro\/#\/schema\/logo\/image\/","url":"https:\/\/72.167.50.119\/ethoro\/wp-content\/uploads\/2025\/01\/cropped-cropped-icono_t-180x180-1.png","contentUrl":"https:\/\/72.167.50.119\/ethoro\/wp-content\/uploads\/2025\/01\/cropped-cropped-icono_t-180x180-1.png","width":512,"height":512,"caption":"Thoro Enterprises de M\u00e9xico"},"image":{"@id":"https:\/\/72.167.50.119\/ethoro\/#\/schema\/logo\/image\/"},"sameAs":["https:\/\/www.facebook.com\/ThoroEnterprises","https:\/\/www.instagram.com\/thoro.mexico\/"]}]}},"_links":{"self":[{"href":"https:\/\/thoro.com.mx\/ethoro\/wp-json\/wp\/v2\/product\/11780","targetHints":{"allow":["GET"]}}],"collection":[{"href":"https:\/\/thoro.com.mx\/ethoro\/wp-json\/wp\/v2\/product"}],"about":[{"href":"https:\/\/thoro.com.mx\/ethoro\/wp-json\/wp\/v2\/types\/product"}],"replies":[{"embeddable":true,"href":"https:\/\/thoro.com.mx\/ethoro\/wp-json\/wp\/v2\/comments?post=11780"}],"wp:featuredmedia":[{"embeddable":true,"href":"https:\/\/thoro.com.mx\/ethoro\/wp-json\/wp\/v2\/media\/11779"}],"wp:attachment":[{"href":"https:\/\/thoro.com.mx\/ethoro\/wp-json\/wp\/v2\/media?parent=11780"}],"wp:term":[{"taxonomy":"product_brand","embeddable":true,"href":"https:\/\/thoro.com.mx\/ethoro\/wp-json\/wp\/v2\/product_brand?post=11780"},{"taxonomy":"product_cat","embeddable":true,"href":"https:\/\/thoro.com.mx\/ethoro\/wp-json\/wp\/v2\/product_cat?post=11780"},{"taxonomy":"product_tag","embeddable":true,"href":"https:\/\/thoro.com.mx\/ethoro\/wp-json\/wp\/v2\/product_tag?post=11780"}],"curies":[{"name":"wp","href":"https:\/\/api.w.org\/{rel}","templated":true}]}}