{"id":11970,"date":"2025-02-05T13:59:30","date_gmt":"2025-02-05T19:59:30","guid":{"rendered":"https:\/\/72.167.50.119\/ethoro\/shop\/sin categor\u00eda\/gato-hidraulico-de-botella-urrea-2450-capacidad-de-50-toneladas\/"},"modified":"2026-04-05T02:42:31","modified_gmt":"2026-04-05T08:42:31","slug":"gato-hidraulico-de-botella-urrea-2450-capacidad-de-50-toneladas","status":"publish","type":"product","link":"https:\/\/thoro.com.mx\/ethoro\/shop\/herramientas\/herramientas-automotrices-herramientas\/gatos-hidraulicos-herramientas-automotrices-herramientas\/gato-hidraulico-de-botella-urrea-2450-capacidad-de-50-toneladas\/","title":{"rendered":"GATO HIDR\u00c1ULICO DE BOTELLA URREA 2450 CAPACIDAD DE 50 TONELADAS"},"content":{"rendered":"<h4>2450<\/h4>\n<ul>\n<li>Ideal para levantar autos o camiones<\/li>\n<li>Orificio de llenado y verificaci\u00f3n del aceite<\/li>\n<li>Dise\u00f1ados especialmente para trabajos pesados<\/li>\n<li>Cuentan con una v\u00e1lvula de seguridad contra sobrecargas<\/li>\n<li>Incorpora asa de transporte<\/li>\n<li>V\u00e1lvula de paso que permite el fluido hidr\u00e1ulico en una sola direcci\u00f3n<\/li>\n<li>La base del cilindro y del dep\u00f3sito, forman un bloque compacto que proporciona mayor robustez y seguridad.<\/li>\n<\/ul>\n","protected":false},"excerpt":{"rendered":"<p>2450 Ideal para levantar autos o camiones Orificio de llenado y verificaci\u00f3n del aceite Dise\u00f1ados especialmente para trabajos pesados Cuentan con una v\u00e1lvula de seguridad contra sobrecargas Incorpora asa de transporte V\u00e1lvula de paso que permite el fluido hidr\u00e1ulico en una sola direcci\u00f3n La base del cilindro y del dep\u00f3sito, forman un bloque compacto que [&hellip;]<\/p>\n","protected":false},"featured_media":11969,"comment_status":"open","ping_status":"closed","template":"","meta":{"_monsterinsights_skip_tracking":false,"_monsterinsights_sitenote_active":false,"_monsterinsights_sitenote_note":"","_monsterinsights_sitenote_category":0,"_joinchat":[]},"product_brand":[],"product_cat":[10244],"product_tag":[],"class_list":{"0":"post-11970","1":"product","2":"type-product","3":"status-publish","4":"has-post-thumbnail","6":"product_cat-gatos-hidraulicos-herramientas-automotrices-herramientas","8":"first","9":"instock","10":"taxable","11":"shipping-taxable","12":"purchasable","13":"product-type-simple","14":"add-to-wishlist-after_add_to_cart"},"yoast_head":"<!-- This site is optimized with the Yoast SEO plugin v27.1.1 - https:\/\/yoast.com\/product\/yoast-seo-wordpress\/ -->\n<title>GATO HIDR\u00c1ULICO DE BOTELLA URREA 2450 CAPACIDAD DE 50 TONELADAS - Thoro enterprises de Mexico<\/title>\n<meta name=\"robots\" content=\"noindex, follow\" \/>\n<meta property=\"og:locale\" content=\"es_MX\" \/>\n<meta property=\"og:type\" content=\"article\" \/>\n<meta property=\"og:title\" content=\"GATO HIDR\u00c1ULICO DE BOTELLA URREA 2450 CAPACIDAD DE 50 TONELADAS - Thoro enterprises de Mexico\" \/>\n<meta property=\"og:description\" content=\"2450 Ideal para levantar autos o camiones Orificio de llenado y verificaci\u00f3n del aceite Dise\u00f1ados especialmente para trabajos pesados Cuentan con una v\u00e1lvula de seguridad contra sobrecargas Incorpora asa de transporte V\u00e1lvula de paso que permite el fluido hidr\u00e1ulico en una sola direcci\u00f3n La base del cilindro y del dep\u00f3sito, forman un bloque compacto que [&hellip;]\" \/>\n<meta property=\"og:url\" content=\"https:\/\/thoro.com.mx\/ethoro\/shop\/herramientas\/herramientas-automotrices-herramientas\/gatos-hidraulicos-herramientas-automotrices-herramientas\/gato-hidraulico-de-botella-urrea-2450-capacidad-de-50-toneladas\/\" \/>\n<meta property=\"og:site_name\" content=\"Thoro enterprises de Mexico\" \/>\n<meta property=\"article:publisher\" content=\"https:\/\/www.facebook.com\/ThoroEnterprises\" \/>\n<meta property=\"article:modified_time\" content=\"2026-04-05T08:42:31+00:00\" \/>\n<meta property=\"og:image\" content=\"https:\/\/thoro.com.mx\/ethoro\/wp-content\/uploads\/2025\/02\/H6703.jpg\" \/>\n\t<meta property=\"og:image:width\" content=\"1000\" \/>\n\t<meta property=\"og:image:height\" content=\"1000\" \/>\n\t<meta property=\"og:image:type\" content=\"image\/jpeg\" \/>\n<meta name=\"twitter:card\" content=\"summary_large_image\" \/>\n<script type=\"application\/ld+json\" class=\"yoast-schema-graph\">{\"@context\":\"https:\/\/schema.org\",\"@graph\":[{\"@type\":\"WebPage\",\"@id\":\"https:\/\/thoro.com.mx\/ethoro\/shop\/herramientas\/herramientas-automotrices-herramientas\/gatos-hidraulicos-herramientas-automotrices-herramientas\/gato-hidraulico-de-botella-urrea-2450-capacidad-de-50-toneladas\/\",\"url\":\"https:\/\/thoro.com.mx\/ethoro\/shop\/herramientas\/herramientas-automotrices-herramientas\/gatos-hidraulicos-herramientas-automotrices-herramientas\/gato-hidraulico-de-botella-urrea-2450-capacidad-de-50-toneladas\/\",\"name\":\"GATO HIDR\u00c1ULICO DE BOTELLA URREA 2450 CAPACIDAD DE 50 TONELADAS - Thoro enterprises de Mexico\",\"isPartOf\":{\"@id\":\"https:\/\/72.167.50.119\/ethoro\/#website\"},\"primaryImageOfPage\":{\"@id\":\"https:\/\/thoro.com.mx\/ethoro\/shop\/herramientas\/herramientas-automotrices-herramientas\/gatos-hidraulicos-herramientas-automotrices-herramientas\/gato-hidraulico-de-botella-urrea-2450-capacidad-de-50-toneladas\/#primaryimage\"},\"image\":{\"@id\":\"https:\/\/thoro.com.mx\/ethoro\/shop\/herramientas\/herramientas-automotrices-herramientas\/gatos-hidraulicos-herramientas-automotrices-herramientas\/gato-hidraulico-de-botella-urrea-2450-capacidad-de-50-toneladas\/#primaryimage\"},\"thumbnailUrl\":\"https:\/\/thoro.com.mx\/ethoro\/wp-content\/uploads\/2025\/02\/H6703.jpg\",\"datePublished\":\"2025-02-05T19:59:30+00:00\",\"dateModified\":\"2026-04-05T08:42:31+00:00\",\"breadcrumb\":{\"@id\":\"https:\/\/thoro.com.mx\/ethoro\/shop\/herramientas\/herramientas-automotrices-herramientas\/gatos-hidraulicos-herramientas-automotrices-herramientas\/gato-hidraulico-de-botella-urrea-2450-capacidad-de-50-toneladas\/#breadcrumb\"},\"inLanguage\":\"es\",\"potentialAction\":[{\"@type\":\"ReadAction\",\"target\":[\"https:\/\/thoro.com.mx\/ethoro\/shop\/herramientas\/herramientas-automotrices-herramientas\/gatos-hidraulicos-herramientas-automotrices-herramientas\/gato-hidraulico-de-botella-urrea-2450-capacidad-de-50-toneladas\/\"]}]},{\"@type\":\"ImageObject\",\"inLanguage\":\"es\",\"@id\":\"https:\/\/thoro.com.mx\/ethoro\/shop\/herramientas\/herramientas-automotrices-herramientas\/gatos-hidraulicos-herramientas-automotrices-herramientas\/gato-hidraulico-de-botella-urrea-2450-capacidad-de-50-toneladas\/#primaryimage\",\"url\":\"https:\/\/thoro.com.mx\/ethoro\/wp-content\/uploads\/2025\/02\/H6703.jpg\",\"contentUrl\":\"https:\/\/thoro.com.mx\/ethoro\/wp-content\/uploads\/2025\/02\/H6703.jpg\",\"width\":1000,\"height\":1000},{\"@type\":\"BreadcrumbList\",\"@id\":\"https:\/\/thoro.com.mx\/ethoro\/shop\/herramientas\/herramientas-automotrices-herramientas\/gatos-hidraulicos-herramientas-automotrices-herramientas\/gato-hidraulico-de-botella-urrea-2450-capacidad-de-50-toneladas\/#breadcrumb\",\"itemListElement\":[{\"@type\":\"ListItem\",\"position\":1,\"name\":\"Inicio\",\"item\":\"https:\/\/thoro.com.mx\/ethoro\/\"},{\"@type\":\"ListItem\",\"position\":2,\"name\":\"Tienda\",\"item\":\"https:\/\/thoro.com.mx\/ethoro\/shop\/\"},{\"@type\":\"ListItem\",\"position\":3,\"name\":\"GATO HIDR\u00c1ULICO DE BOTELLA URREA 2450 CAPACIDAD DE 50 TONELADAS\"}]},{\"@type\":\"WebSite\",\"@id\":\"https:\/\/72.167.50.119\/ethoro\/#website\",\"url\":\"https:\/\/72.167.50.119\/ethoro\/\",\"name\":\"Thoro Enterprises de M\u00e9xico\",\"description\":\"Todo en Thoro\",\"publisher\":{\"@id\":\"https:\/\/72.167.50.119\/ethoro\/#organization\"},\"alternateName\":\"Thoro shop\",\"potentialAction\":[{\"@type\":\"SearchAction\",\"target\":{\"@type\":\"EntryPoint\",\"urlTemplate\":\"https:\/\/72.167.50.119\/ethoro\/?s={search_term_string}\"},\"query-input\":{\"@type\":\"PropertyValueSpecification\",\"valueRequired\":true,\"valueName\":\"search_term_string\"}}],\"inLanguage\":\"es\"},{\"@type\":\"Organization\",\"@id\":\"https:\/\/72.167.50.119\/ethoro\/#organization\",\"name\":\"Thoro Enterprises de M\u00e9xico\",\"alternateName\":\"Thoro shop\",\"url\":\"https:\/\/72.167.50.119\/ethoro\/\",\"logo\":{\"@type\":\"ImageObject\",\"inLanguage\":\"es\",\"@id\":\"https:\/\/72.167.50.119\/ethoro\/#\/schema\/logo\/image\/\",\"url\":\"https:\/\/72.167.50.119\/ethoro\/wp-content\/uploads\/2025\/01\/cropped-cropped-icono_t-180x180-1.png\",\"contentUrl\":\"https:\/\/72.167.50.119\/ethoro\/wp-content\/uploads\/2025\/01\/cropped-cropped-icono_t-180x180-1.png\",\"width\":512,\"height\":512,\"caption\":\"Thoro Enterprises de M\u00e9xico\"},\"image\":{\"@id\":\"https:\/\/72.167.50.119\/ethoro\/#\/schema\/logo\/image\/\"},\"sameAs\":[\"https:\/\/www.facebook.com\/ThoroEnterprises\",\"https:\/\/www.instagram.com\/thoro.mexico\/\"]}]}<\/script>\n<!-- \/ Yoast SEO plugin. -->","yoast_head_json":{"title":"GATO HIDR\u00c1ULICO DE BOTELLA URREA 2450 CAPACIDAD DE 50 TONELADAS - Thoro enterprises de Mexico","robots":{"index":"noindex","follow":"follow"},"og_locale":"es_MX","og_type":"article","og_title":"GATO HIDR\u00c1ULICO DE BOTELLA URREA 2450 CAPACIDAD DE 50 TONELADAS - Thoro enterprises de Mexico","og_description":"2450 Ideal para levantar autos o camiones Orificio de llenado y verificaci\u00f3n del aceite Dise\u00f1ados especialmente para trabajos pesados Cuentan con una v\u00e1lvula de seguridad contra sobrecargas Incorpora asa de transporte V\u00e1lvula de paso que permite el fluido hidr\u00e1ulico en una sola direcci\u00f3n La base del cilindro y del dep\u00f3sito, forman un bloque compacto que [&hellip;]","og_url":"https:\/\/thoro.com.mx\/ethoro\/shop\/herramientas\/herramientas-automotrices-herramientas\/gatos-hidraulicos-herramientas-automotrices-herramientas\/gato-hidraulico-de-botella-urrea-2450-capacidad-de-50-toneladas\/","og_site_name":"Thoro enterprises de Mexico","article_publisher":"https:\/\/www.facebook.com\/ThoroEnterprises","article_modified_time":"2026-04-05T08:42:31+00:00","og_image":[{"width":1000,"height":1000,"url":"https:\/\/thoro.com.mx\/ethoro\/wp-content\/uploads\/2025\/02\/H6703.jpg","type":"image\/jpeg"}],"twitter_card":"summary_large_image","schema":{"@context":"https:\/\/schema.org","@graph":[{"@type":"WebPage","@id":"https:\/\/thoro.com.mx\/ethoro\/shop\/herramientas\/herramientas-automotrices-herramientas\/gatos-hidraulicos-herramientas-automotrices-herramientas\/gato-hidraulico-de-botella-urrea-2450-capacidad-de-50-toneladas\/","url":"https:\/\/thoro.com.mx\/ethoro\/shop\/herramientas\/herramientas-automotrices-herramientas\/gatos-hidraulicos-herramientas-automotrices-herramientas\/gato-hidraulico-de-botella-urrea-2450-capacidad-de-50-toneladas\/","name":"GATO HIDR\u00c1ULICO DE BOTELLA URREA 2450 CAPACIDAD DE 50 TONELADAS - Thoro enterprises de Mexico","isPartOf":{"@id":"https:\/\/72.167.50.119\/ethoro\/#website"},"primaryImageOfPage":{"@id":"https:\/\/thoro.com.mx\/ethoro\/shop\/herramientas\/herramientas-automotrices-herramientas\/gatos-hidraulicos-herramientas-automotrices-herramientas\/gato-hidraulico-de-botella-urrea-2450-capacidad-de-50-toneladas\/#primaryimage"},"image":{"@id":"https:\/\/thoro.com.mx\/ethoro\/shop\/herramientas\/herramientas-automotrices-herramientas\/gatos-hidraulicos-herramientas-automotrices-herramientas\/gato-hidraulico-de-botella-urrea-2450-capacidad-de-50-toneladas\/#primaryimage"},"thumbnailUrl":"https:\/\/thoro.com.mx\/ethoro\/wp-content\/uploads\/2025\/02\/H6703.jpg","datePublished":"2025-02-05T19:59:30+00:00","dateModified":"2026-04-05T08:42:31+00:00","breadcrumb":{"@id":"https:\/\/thoro.com.mx\/ethoro\/shop\/herramientas\/herramientas-automotrices-herramientas\/gatos-hidraulicos-herramientas-automotrices-herramientas\/gato-hidraulico-de-botella-urrea-2450-capacidad-de-50-toneladas\/#breadcrumb"},"inLanguage":"es","potentialAction":[{"@type":"ReadAction","target":["https:\/\/thoro.com.mx\/ethoro\/shop\/herramientas\/herramientas-automotrices-herramientas\/gatos-hidraulicos-herramientas-automotrices-herramientas\/gato-hidraulico-de-botella-urrea-2450-capacidad-de-50-toneladas\/"]}]},{"@type":"ImageObject","inLanguage":"es","@id":"https:\/\/thoro.com.mx\/ethoro\/shop\/herramientas\/herramientas-automotrices-herramientas\/gatos-hidraulicos-herramientas-automotrices-herramientas\/gato-hidraulico-de-botella-urrea-2450-capacidad-de-50-toneladas\/#primaryimage","url":"https:\/\/thoro.com.mx\/ethoro\/wp-content\/uploads\/2025\/02\/H6703.jpg","contentUrl":"https:\/\/thoro.com.mx\/ethoro\/wp-content\/uploads\/2025\/02\/H6703.jpg","width":1000,"height":1000},{"@type":"BreadcrumbList","@id":"https:\/\/thoro.com.mx\/ethoro\/shop\/herramientas\/herramientas-automotrices-herramientas\/gatos-hidraulicos-herramientas-automotrices-herramientas\/gato-hidraulico-de-botella-urrea-2450-capacidad-de-50-toneladas\/#breadcrumb","itemListElement":[{"@type":"ListItem","position":1,"name":"Inicio","item":"https:\/\/thoro.com.mx\/ethoro\/"},{"@type":"ListItem","position":2,"name":"Tienda","item":"https:\/\/thoro.com.mx\/ethoro\/shop\/"},{"@type":"ListItem","position":3,"name":"GATO HIDR\u00c1ULICO DE BOTELLA URREA 2450 CAPACIDAD DE 50 TONELADAS"}]},{"@type":"WebSite","@id":"https:\/\/72.167.50.119\/ethoro\/#website","url":"https:\/\/72.167.50.119\/ethoro\/","name":"Thoro Enterprises de M\u00e9xico","description":"Todo en Thoro","publisher":{"@id":"https:\/\/72.167.50.119\/ethoro\/#organization"},"alternateName":"Thoro shop","potentialAction":[{"@type":"SearchAction","target":{"@type":"EntryPoint","urlTemplate":"https:\/\/72.167.50.119\/ethoro\/?s={search_term_string}"},"query-input":{"@type":"PropertyValueSpecification","valueRequired":true,"valueName":"search_term_string"}}],"inLanguage":"es"},{"@type":"Organization","@id":"https:\/\/72.167.50.119\/ethoro\/#organization","name":"Thoro Enterprises de M\u00e9xico","alternateName":"Thoro shop","url":"https:\/\/72.167.50.119\/ethoro\/","logo":{"@type":"ImageObject","inLanguage":"es","@id":"https:\/\/72.167.50.119\/ethoro\/#\/schema\/logo\/image\/","url":"https:\/\/72.167.50.119\/ethoro\/wp-content\/uploads\/2025\/01\/cropped-cropped-icono_t-180x180-1.png","contentUrl":"https:\/\/72.167.50.119\/ethoro\/wp-content\/uploads\/2025\/01\/cropped-cropped-icono_t-180x180-1.png","width":512,"height":512,"caption":"Thoro Enterprises de M\u00e9xico"},"image":{"@id":"https:\/\/72.167.50.119\/ethoro\/#\/schema\/logo\/image\/"},"sameAs":["https:\/\/www.facebook.com\/ThoroEnterprises","https:\/\/www.instagram.com\/thoro.mexico\/"]}]}},"_links":{"self":[{"href":"https:\/\/thoro.com.mx\/ethoro\/wp-json\/wp\/v2\/product\/11970","targetHints":{"allow":["GET"]}}],"collection":[{"href":"https:\/\/thoro.com.mx\/ethoro\/wp-json\/wp\/v2\/product"}],"about":[{"href":"https:\/\/thoro.com.mx\/ethoro\/wp-json\/wp\/v2\/types\/product"}],"replies":[{"embeddable":true,"href":"https:\/\/thoro.com.mx\/ethoro\/wp-json\/wp\/v2\/comments?post=11970"}],"wp:featuredmedia":[{"embeddable":true,"href":"https:\/\/thoro.com.mx\/ethoro\/wp-json\/wp\/v2\/media\/11969"}],"wp:attachment":[{"href":"https:\/\/thoro.com.mx\/ethoro\/wp-json\/wp\/v2\/media?parent=11970"}],"wp:term":[{"taxonomy":"product_brand","embeddable":true,"href":"https:\/\/thoro.com.mx\/ethoro\/wp-json\/wp\/v2\/product_brand?post=11970"},{"taxonomy":"product_cat","embeddable":true,"href":"https:\/\/thoro.com.mx\/ethoro\/wp-json\/wp\/v2\/product_cat?post=11970"},{"taxonomy":"product_tag","embeddable":true,"href":"https:\/\/thoro.com.mx\/ethoro\/wp-json\/wp\/v2\/product_tag?post=11970"}],"curies":[{"name":"wp","href":"https:\/\/api.w.org\/{rel}","templated":true}]}}