{"id":12126,"date":"2025-02-05T14:02:40","date_gmt":"2025-02-05T20:02:40","guid":{"rendered":"https:\/\/72.167.50.119\/ethoro\/shop\/sin categor\u00eda\/carretilla-con-bastidor-metalico-surtek-cat604-llanta-neumatica-reforzada-de-4-capas-6-pies-cubicos\/"},"modified":"2026-04-05T02:39:39","modified_gmt":"2026-04-05T08:39:39","slug":"carretilla-con-bastidor-metalico-surtek-cat604-llanta-neumatica-reforzada-de-4-capas-6-pies-cubicos","status":"publish","type":"product","link":"https:\/\/thoro.com.mx\/ethoro\/shop\/herramientas\/herramientas-para-campo-y-jardin\/carretillas-herramientas-para-campo-y-jardin\/carretilla-con-bastidor-metalico-surtek-cat604-llanta-neumatica-reforzada-de-4-capas-6-pies-cubicos\/","title":{"rendered":"CARRETILLA CON BASTIDOR MET\u00c1LICO SURTEK CAT604 LLANTA NEUM\u00c1TICA REFORZADA DE 4 CAPAS 6 PIES C\u00daBICOS"},"content":{"rendered":"<h4>CAT604<\/h4>\n<ul>\n<li>Carretillas reforzadas con bastidor met\u00e1lico y herrajes tipo Americano<\/li>\n<li>Cuenta con nuevo estabilizador mejora la estabilidad de la carretilla y aumenta la capacidad de carga sin deformaci\u00f3n, al tener mayor \u00e1rea de contacto en el suelo<\/li>\n<li>Material de concha L\u00e1mina de acero<\/li>\n<li>Calibre de l\u00e1mina 20<\/li>\n<li>Capacidad 105 Lt<\/li>\n<li>Llanta Reforzada<\/li>\n<li>Material de herraje Metal<\/li>\n<li>Capacidad de carga 580 Kg<\/li>\n<li>Di\u00e1metro de llanta 16&#8243;<\/li>\n<\/ul>\n","protected":false},"excerpt":{"rendered":"<p>CAT604 Carretillas reforzadas con bastidor met\u00e1lico y herrajes tipo Americano Cuenta con nuevo estabilizador mejora la estabilidad de la carretilla y aumenta la capacidad de carga sin deformaci\u00f3n, al tener mayor \u00e1rea de contacto en el suelo Material de concha L\u00e1mina de acero Calibre de l\u00e1mina 20 Capacidad 105 Lt Llanta Reforzada Material de herraje [&hellip;]<\/p>\n","protected":false},"featured_media":12125,"comment_status":"open","ping_status":"closed","template":"","meta":{"_monsterinsights_skip_tracking":false,"_monsterinsights_sitenote_active":false,"_monsterinsights_sitenote_note":"","_monsterinsights_sitenote_category":0,"_joinchat":[]},"product_brand":[],"product_cat":[1737],"product_tag":[],"class_list":{"0":"post-12126","1":"product","2":"type-product","3":"status-publish","4":"has-post-thumbnail","6":"product_cat-carretillas-herramientas-para-campo-y-jardin","8":"first","9":"instock","10":"taxable","11":"shipping-taxable","12":"purchasable","13":"product-type-simple","14":"add-to-wishlist-after_add_to_cart"},"yoast_head":"<!-- This site is optimized with the Yoast SEO plugin v27.1.1 - https:\/\/yoast.com\/product\/yoast-seo-wordpress\/ -->\n<title>CARRETILLA CON BASTIDOR MET\u00c1LICO SURTEK CAT604 LLANTA NEUM\u00c1TICA REFORZADA DE 4 CAPAS 6 PIES C\u00daBICOS - Thoro enterprises de Mexico<\/title>\n<meta name=\"robots\" content=\"noindex, follow\" \/>\n<meta property=\"og:locale\" content=\"es_MX\" \/>\n<meta property=\"og:type\" content=\"article\" \/>\n<meta property=\"og:title\" content=\"CARRETILLA CON BASTIDOR MET\u00c1LICO SURTEK CAT604 LLANTA NEUM\u00c1TICA REFORZADA DE 4 CAPAS 6 PIES C\u00daBICOS - Thoro enterprises de Mexico\" \/>\n<meta property=\"og:description\" content=\"CAT604 Carretillas reforzadas con bastidor met\u00e1lico y herrajes tipo Americano Cuenta con nuevo estabilizador mejora la estabilidad de la carretilla y aumenta la capacidad de carga sin deformaci\u00f3n, al tener mayor \u00e1rea de contacto en el suelo Material de concha L\u00e1mina de acero Calibre de l\u00e1mina 20 Capacidad 105 Lt Llanta Reforzada Material de herraje [&hellip;]\" \/>\n<meta property=\"og:url\" content=\"https:\/\/thoro.com.mx\/ethoro\/shop\/herramientas\/herramientas-para-campo-y-jardin\/carretillas-herramientas-para-campo-y-jardin\/carretilla-con-bastidor-metalico-surtek-cat604-llanta-neumatica-reforzada-de-4-capas-6-pies-cubicos\/\" \/>\n<meta property=\"og:site_name\" content=\"Thoro enterprises de Mexico\" \/>\n<meta property=\"article:publisher\" content=\"https:\/\/www.facebook.com\/ThoroEnterprises\" \/>\n<meta property=\"article:modified_time\" content=\"2026-04-05T08:39:39+00:00\" \/>\n<meta property=\"og:image\" content=\"https:\/\/thoro.com.mx\/ethoro\/wp-content\/uploads\/2025\/02\/H6992.jpg\" \/>\n\t<meta property=\"og:image:width\" content=\"1000\" \/>\n\t<meta property=\"og:image:height\" content=\"1000\" \/>\n\t<meta property=\"og:image:type\" content=\"image\/jpeg\" \/>\n<meta name=\"twitter:card\" content=\"summary_large_image\" \/>\n<script type=\"application\/ld+json\" class=\"yoast-schema-graph\">{\"@context\":\"https:\/\/schema.org\",\"@graph\":[{\"@type\":\"WebPage\",\"@id\":\"https:\/\/thoro.com.mx\/ethoro\/shop\/herramientas\/herramientas-para-campo-y-jardin\/carretillas-herramientas-para-campo-y-jardin\/carretilla-con-bastidor-metalico-surtek-cat604-llanta-neumatica-reforzada-de-4-capas-6-pies-cubicos\/\",\"url\":\"https:\/\/thoro.com.mx\/ethoro\/shop\/herramientas\/herramientas-para-campo-y-jardin\/carretillas-herramientas-para-campo-y-jardin\/carretilla-con-bastidor-metalico-surtek-cat604-llanta-neumatica-reforzada-de-4-capas-6-pies-cubicos\/\",\"name\":\"CARRETILLA CON BASTIDOR MET\u00c1LICO SURTEK CAT604 LLANTA NEUM\u00c1TICA REFORZADA DE 4 CAPAS 6 PIES C\u00daBICOS - Thoro enterprises de Mexico\",\"isPartOf\":{\"@id\":\"https:\/\/72.167.50.119\/ethoro\/#website\"},\"primaryImageOfPage\":{\"@id\":\"https:\/\/thoro.com.mx\/ethoro\/shop\/herramientas\/herramientas-para-campo-y-jardin\/carretillas-herramientas-para-campo-y-jardin\/carretilla-con-bastidor-metalico-surtek-cat604-llanta-neumatica-reforzada-de-4-capas-6-pies-cubicos\/#primaryimage\"},\"image\":{\"@id\":\"https:\/\/thoro.com.mx\/ethoro\/shop\/herramientas\/herramientas-para-campo-y-jardin\/carretillas-herramientas-para-campo-y-jardin\/carretilla-con-bastidor-metalico-surtek-cat604-llanta-neumatica-reforzada-de-4-capas-6-pies-cubicos\/#primaryimage\"},\"thumbnailUrl\":\"https:\/\/thoro.com.mx\/ethoro\/wp-content\/uploads\/2025\/02\/H6992.jpg\",\"datePublished\":\"2025-02-05T20:02:40+00:00\",\"dateModified\":\"2026-04-05T08:39:39+00:00\",\"breadcrumb\":{\"@id\":\"https:\/\/thoro.com.mx\/ethoro\/shop\/herramientas\/herramientas-para-campo-y-jardin\/carretillas-herramientas-para-campo-y-jardin\/carretilla-con-bastidor-metalico-surtek-cat604-llanta-neumatica-reforzada-de-4-capas-6-pies-cubicos\/#breadcrumb\"},\"inLanguage\":\"es\",\"potentialAction\":[{\"@type\":\"ReadAction\",\"target\":[\"https:\/\/thoro.com.mx\/ethoro\/shop\/herramientas\/herramientas-para-campo-y-jardin\/carretillas-herramientas-para-campo-y-jardin\/carretilla-con-bastidor-metalico-surtek-cat604-llanta-neumatica-reforzada-de-4-capas-6-pies-cubicos\/\"]}]},{\"@type\":\"ImageObject\",\"inLanguage\":\"es\",\"@id\":\"https:\/\/thoro.com.mx\/ethoro\/shop\/herramientas\/herramientas-para-campo-y-jardin\/carretillas-herramientas-para-campo-y-jardin\/carretilla-con-bastidor-metalico-surtek-cat604-llanta-neumatica-reforzada-de-4-capas-6-pies-cubicos\/#primaryimage\",\"url\":\"https:\/\/thoro.com.mx\/ethoro\/wp-content\/uploads\/2025\/02\/H6992.jpg\",\"contentUrl\":\"https:\/\/thoro.com.mx\/ethoro\/wp-content\/uploads\/2025\/02\/H6992.jpg\",\"width\":1000,\"height\":1000},{\"@type\":\"BreadcrumbList\",\"@id\":\"https:\/\/thoro.com.mx\/ethoro\/shop\/herramientas\/herramientas-para-campo-y-jardin\/carretillas-herramientas-para-campo-y-jardin\/carretilla-con-bastidor-metalico-surtek-cat604-llanta-neumatica-reforzada-de-4-capas-6-pies-cubicos\/#breadcrumb\",\"itemListElement\":[{\"@type\":\"ListItem\",\"position\":1,\"name\":\"Inicio\",\"item\":\"https:\/\/thoro.com.mx\/ethoro\/\"},{\"@type\":\"ListItem\",\"position\":2,\"name\":\"Tienda\",\"item\":\"https:\/\/thoro.com.mx\/ethoro\/shop\/\"},{\"@type\":\"ListItem\",\"position\":3,\"name\":\"CARRETILLA CON BASTIDOR MET\u00c1LICO SURTEK CAT604 LLANTA NEUM\u00c1TICA REFORZADA DE 4 CAPAS 6 PIES C\u00daBICOS\"}]},{\"@type\":\"WebSite\",\"@id\":\"https:\/\/72.167.50.119\/ethoro\/#website\",\"url\":\"https:\/\/72.167.50.119\/ethoro\/\",\"name\":\"Thoro Enterprises de M\u00e9xico\",\"description\":\"Todo en Thoro\",\"publisher\":{\"@id\":\"https:\/\/72.167.50.119\/ethoro\/#organization\"},\"alternateName\":\"Thoro shop\",\"potentialAction\":[{\"@type\":\"SearchAction\",\"target\":{\"@type\":\"EntryPoint\",\"urlTemplate\":\"https:\/\/72.167.50.119\/ethoro\/?s={search_term_string}\"},\"query-input\":{\"@type\":\"PropertyValueSpecification\",\"valueRequired\":true,\"valueName\":\"search_term_string\"}}],\"inLanguage\":\"es\"},{\"@type\":\"Organization\",\"@id\":\"https:\/\/72.167.50.119\/ethoro\/#organization\",\"name\":\"Thoro Enterprises de M\u00e9xico\",\"alternateName\":\"Thoro shop\",\"url\":\"https:\/\/72.167.50.119\/ethoro\/\",\"logo\":{\"@type\":\"ImageObject\",\"inLanguage\":\"es\",\"@id\":\"https:\/\/72.167.50.119\/ethoro\/#\/schema\/logo\/image\/\",\"url\":\"https:\/\/72.167.50.119\/ethoro\/wp-content\/uploads\/2025\/01\/cropped-cropped-icono_t-180x180-1.png\",\"contentUrl\":\"https:\/\/72.167.50.119\/ethoro\/wp-content\/uploads\/2025\/01\/cropped-cropped-icono_t-180x180-1.png\",\"width\":512,\"height\":512,\"caption\":\"Thoro Enterprises de M\u00e9xico\"},\"image\":{\"@id\":\"https:\/\/72.167.50.119\/ethoro\/#\/schema\/logo\/image\/\"},\"sameAs\":[\"https:\/\/www.facebook.com\/ThoroEnterprises\",\"https:\/\/www.instagram.com\/thoro.mexico\/\"]}]}<\/script>\n<!-- \/ Yoast SEO plugin. -->","yoast_head_json":{"title":"CARRETILLA CON BASTIDOR MET\u00c1LICO SURTEK CAT604 LLANTA NEUM\u00c1TICA REFORZADA DE 4 CAPAS 6 PIES C\u00daBICOS - Thoro enterprises de Mexico","robots":{"index":"noindex","follow":"follow"},"og_locale":"es_MX","og_type":"article","og_title":"CARRETILLA CON BASTIDOR MET\u00c1LICO SURTEK CAT604 LLANTA NEUM\u00c1TICA REFORZADA DE 4 CAPAS 6 PIES C\u00daBICOS - Thoro enterprises de Mexico","og_description":"CAT604 Carretillas reforzadas con bastidor met\u00e1lico y herrajes tipo Americano Cuenta con nuevo estabilizador mejora la estabilidad de la carretilla y aumenta la capacidad de carga sin deformaci\u00f3n, al tener mayor \u00e1rea de contacto en el suelo Material de concha L\u00e1mina de acero Calibre de l\u00e1mina 20 Capacidad 105 Lt Llanta Reforzada Material de herraje [&hellip;]","og_url":"https:\/\/thoro.com.mx\/ethoro\/shop\/herramientas\/herramientas-para-campo-y-jardin\/carretillas-herramientas-para-campo-y-jardin\/carretilla-con-bastidor-metalico-surtek-cat604-llanta-neumatica-reforzada-de-4-capas-6-pies-cubicos\/","og_site_name":"Thoro enterprises de Mexico","article_publisher":"https:\/\/www.facebook.com\/ThoroEnterprises","article_modified_time":"2026-04-05T08:39:39+00:00","og_image":[{"width":1000,"height":1000,"url":"https:\/\/thoro.com.mx\/ethoro\/wp-content\/uploads\/2025\/02\/H6992.jpg","type":"image\/jpeg"}],"twitter_card":"summary_large_image","schema":{"@context":"https:\/\/schema.org","@graph":[{"@type":"WebPage","@id":"https:\/\/thoro.com.mx\/ethoro\/shop\/herramientas\/herramientas-para-campo-y-jardin\/carretillas-herramientas-para-campo-y-jardin\/carretilla-con-bastidor-metalico-surtek-cat604-llanta-neumatica-reforzada-de-4-capas-6-pies-cubicos\/","url":"https:\/\/thoro.com.mx\/ethoro\/shop\/herramientas\/herramientas-para-campo-y-jardin\/carretillas-herramientas-para-campo-y-jardin\/carretilla-con-bastidor-metalico-surtek-cat604-llanta-neumatica-reforzada-de-4-capas-6-pies-cubicos\/","name":"CARRETILLA CON BASTIDOR MET\u00c1LICO SURTEK CAT604 LLANTA NEUM\u00c1TICA REFORZADA DE 4 CAPAS 6 PIES C\u00daBICOS - Thoro enterprises de Mexico","isPartOf":{"@id":"https:\/\/72.167.50.119\/ethoro\/#website"},"primaryImageOfPage":{"@id":"https:\/\/thoro.com.mx\/ethoro\/shop\/herramientas\/herramientas-para-campo-y-jardin\/carretillas-herramientas-para-campo-y-jardin\/carretilla-con-bastidor-metalico-surtek-cat604-llanta-neumatica-reforzada-de-4-capas-6-pies-cubicos\/#primaryimage"},"image":{"@id":"https:\/\/thoro.com.mx\/ethoro\/shop\/herramientas\/herramientas-para-campo-y-jardin\/carretillas-herramientas-para-campo-y-jardin\/carretilla-con-bastidor-metalico-surtek-cat604-llanta-neumatica-reforzada-de-4-capas-6-pies-cubicos\/#primaryimage"},"thumbnailUrl":"https:\/\/thoro.com.mx\/ethoro\/wp-content\/uploads\/2025\/02\/H6992.jpg","datePublished":"2025-02-05T20:02:40+00:00","dateModified":"2026-04-05T08:39:39+00:00","breadcrumb":{"@id":"https:\/\/thoro.com.mx\/ethoro\/shop\/herramientas\/herramientas-para-campo-y-jardin\/carretillas-herramientas-para-campo-y-jardin\/carretilla-con-bastidor-metalico-surtek-cat604-llanta-neumatica-reforzada-de-4-capas-6-pies-cubicos\/#breadcrumb"},"inLanguage":"es","potentialAction":[{"@type":"ReadAction","target":["https:\/\/thoro.com.mx\/ethoro\/shop\/herramientas\/herramientas-para-campo-y-jardin\/carretillas-herramientas-para-campo-y-jardin\/carretilla-con-bastidor-metalico-surtek-cat604-llanta-neumatica-reforzada-de-4-capas-6-pies-cubicos\/"]}]},{"@type":"ImageObject","inLanguage":"es","@id":"https:\/\/thoro.com.mx\/ethoro\/shop\/herramientas\/herramientas-para-campo-y-jardin\/carretillas-herramientas-para-campo-y-jardin\/carretilla-con-bastidor-metalico-surtek-cat604-llanta-neumatica-reforzada-de-4-capas-6-pies-cubicos\/#primaryimage","url":"https:\/\/thoro.com.mx\/ethoro\/wp-content\/uploads\/2025\/02\/H6992.jpg","contentUrl":"https:\/\/thoro.com.mx\/ethoro\/wp-content\/uploads\/2025\/02\/H6992.jpg","width":1000,"height":1000},{"@type":"BreadcrumbList","@id":"https:\/\/thoro.com.mx\/ethoro\/shop\/herramientas\/herramientas-para-campo-y-jardin\/carretillas-herramientas-para-campo-y-jardin\/carretilla-con-bastidor-metalico-surtek-cat604-llanta-neumatica-reforzada-de-4-capas-6-pies-cubicos\/#breadcrumb","itemListElement":[{"@type":"ListItem","position":1,"name":"Inicio","item":"https:\/\/thoro.com.mx\/ethoro\/"},{"@type":"ListItem","position":2,"name":"Tienda","item":"https:\/\/thoro.com.mx\/ethoro\/shop\/"},{"@type":"ListItem","position":3,"name":"CARRETILLA CON BASTIDOR MET\u00c1LICO SURTEK CAT604 LLANTA NEUM\u00c1TICA REFORZADA DE 4 CAPAS 6 PIES C\u00daBICOS"}]},{"@type":"WebSite","@id":"https:\/\/72.167.50.119\/ethoro\/#website","url":"https:\/\/72.167.50.119\/ethoro\/","name":"Thoro Enterprises de M\u00e9xico","description":"Todo en Thoro","publisher":{"@id":"https:\/\/72.167.50.119\/ethoro\/#organization"},"alternateName":"Thoro shop","potentialAction":[{"@type":"SearchAction","target":{"@type":"EntryPoint","urlTemplate":"https:\/\/72.167.50.119\/ethoro\/?s={search_term_string}"},"query-input":{"@type":"PropertyValueSpecification","valueRequired":true,"valueName":"search_term_string"}}],"inLanguage":"es"},{"@type":"Organization","@id":"https:\/\/72.167.50.119\/ethoro\/#organization","name":"Thoro Enterprises de M\u00e9xico","alternateName":"Thoro shop","url":"https:\/\/72.167.50.119\/ethoro\/","logo":{"@type":"ImageObject","inLanguage":"es","@id":"https:\/\/72.167.50.119\/ethoro\/#\/schema\/logo\/image\/","url":"https:\/\/72.167.50.119\/ethoro\/wp-content\/uploads\/2025\/01\/cropped-cropped-icono_t-180x180-1.png","contentUrl":"https:\/\/72.167.50.119\/ethoro\/wp-content\/uploads\/2025\/01\/cropped-cropped-icono_t-180x180-1.png","width":512,"height":512,"caption":"Thoro Enterprises de M\u00e9xico"},"image":{"@id":"https:\/\/72.167.50.119\/ethoro\/#\/schema\/logo\/image\/"},"sameAs":["https:\/\/www.facebook.com\/ThoroEnterprises","https:\/\/www.instagram.com\/thoro.mexico\/"]}]}},"_links":{"self":[{"href":"https:\/\/thoro.com.mx\/ethoro\/wp-json\/wp\/v2\/product\/12126","targetHints":{"allow":["GET"]}}],"collection":[{"href":"https:\/\/thoro.com.mx\/ethoro\/wp-json\/wp\/v2\/product"}],"about":[{"href":"https:\/\/thoro.com.mx\/ethoro\/wp-json\/wp\/v2\/types\/product"}],"replies":[{"embeddable":true,"href":"https:\/\/thoro.com.mx\/ethoro\/wp-json\/wp\/v2\/comments?post=12126"}],"wp:featuredmedia":[{"embeddable":true,"href":"https:\/\/thoro.com.mx\/ethoro\/wp-json\/wp\/v2\/media\/12125"}],"wp:attachment":[{"href":"https:\/\/thoro.com.mx\/ethoro\/wp-json\/wp\/v2\/media?parent=12126"}],"wp:term":[{"taxonomy":"product_brand","embeddable":true,"href":"https:\/\/thoro.com.mx\/ethoro\/wp-json\/wp\/v2\/product_brand?post=12126"},{"taxonomy":"product_cat","embeddable":true,"href":"https:\/\/thoro.com.mx\/ethoro\/wp-json\/wp\/v2\/product_cat?post=12126"},{"taxonomy":"product_tag","embeddable":true,"href":"https:\/\/thoro.com.mx\/ethoro\/wp-json\/wp\/v2\/product_tag?post=12126"}],"curies":[{"name":"wp","href":"https:\/\/api.w.org\/{rel}","templated":true}]}}