{"id":12573,"date":"2025-02-05T14:07:32","date_gmt":"2025-02-05T20:07:32","guid":{"rendered":"https:\/\/72.167.50.119\/ethoro\/shop\/sin categor\u00eda\/llave-combinada-foy-140811-pulido-espejo-metrica-de-12-puntas-11-milimetros\/"},"modified":"2026-04-05T00:54:22","modified_gmt":"2026-04-05T06:54:22","slug":"llave-combinada-foy-140811-pulido-espejo-metrica-de-12-puntas-11-milimetros","status":"publish","type":"product","link":"https:\/\/thoro.com.mx\/ethoro\/shop\/herramientas\/herramientas-manuales\/llaves-combinadas\/llave-combinada-foy-140811-pulido-espejo-metrica-de-12-puntas-11-milimetros\/","title":{"rendered":"LLAVE COMBINADA FOY 140811 PULIDO ESPEJO M\u00c9TRICA DE 12 PUNTAS 11 MILIMETROS"},"content":{"rendered":"<h4>140811<\/h4>\n<ul>\n<li>Pulido espejo<\/li>\n<li>Forjada en acero al cromo vanadio<\/li>\n<li>M\u00e9trico<\/li>\n<li>Ancho cabeza espa\u00f1ola 22.2mm<\/li>\n<li>Longitud total 151.2mm<\/li>\n<li>Grosor cabeza estr\u00eda 6.6mm<\/li>\n<li>Medida de boca 11mm<\/li>\n<li>Ancho de cabeza estr\u00eda 17.5mm<\/li>\n<li>Grosor cabeza espa\u00f1ola 5.1mm<\/li>\n<\/ul>\n","protected":false},"excerpt":{"rendered":"<p>140811 Pulido espejo Forjada en acero al cromo vanadio M\u00e9trico Ancho cabeza espa\u00f1ola 22.2mm Longitud total 151.2mm Grosor cabeza estr\u00eda 6.6mm Medida de boca 11mm Ancho de cabeza estr\u00eda 17.5mm Grosor cabeza espa\u00f1ola 5.1mm<\/p>\n","protected":false},"featured_media":12572,"comment_status":"open","ping_status":"closed","template":"","meta":{"_monsterinsights_skip_tracking":false,"_monsterinsights_sitenote_active":false,"_monsterinsights_sitenote_note":"","_monsterinsights_sitenote_category":0,"_joinchat":[]},"product_brand":[],"product_cat":[312],"product_tag":[],"class_list":{"0":"post-12573","1":"product","2":"type-product","3":"status-publish","4":"has-post-thumbnail","6":"product_cat-llaves-combinadas","8":"first","9":"instock","10":"taxable","11":"shipping-taxable","12":"purchasable","13":"product-type-simple","14":"add-to-wishlist-after_add_to_cart"},"yoast_head":"<!-- This site is optimized with the Yoast SEO plugin v27.1.1 - https:\/\/yoast.com\/product\/yoast-seo-wordpress\/ -->\n<title>LLAVE COMBINADA FOY 140811 PULIDO ESPEJO M\u00c9TRICA DE 12 PUNTAS 11 MILIMETROS - Thoro enterprises de Mexico<\/title>\n<meta name=\"robots\" content=\"noindex, follow\" \/>\n<meta property=\"og:locale\" content=\"es_MX\" \/>\n<meta property=\"og:type\" content=\"article\" \/>\n<meta property=\"og:title\" content=\"LLAVE COMBINADA FOY 140811 PULIDO ESPEJO M\u00c9TRICA DE 12 PUNTAS 11 MILIMETROS - Thoro enterprises de Mexico\" \/>\n<meta property=\"og:description\" content=\"140811 Pulido espejo Forjada en acero al cromo vanadio M\u00e9trico Ancho cabeza espa\u00f1ola 22.2mm Longitud total 151.2mm Grosor cabeza estr\u00eda 6.6mm Medida de boca 11mm Ancho de cabeza estr\u00eda 17.5mm Grosor cabeza espa\u00f1ola 5.1mm\" \/>\n<meta property=\"og:url\" content=\"https:\/\/thoro.com.mx\/ethoro\/shop\/herramientas\/herramientas-manuales\/llaves-combinadas\/llave-combinada-foy-140811-pulido-espejo-metrica-de-12-puntas-11-milimetros\/\" \/>\n<meta property=\"og:site_name\" content=\"Thoro enterprises de Mexico\" \/>\n<meta property=\"article:publisher\" content=\"https:\/\/www.facebook.com\/ThoroEnterprises\" \/>\n<meta property=\"article:modified_time\" content=\"2026-04-05T06:54:22+00:00\" \/>\n<meta property=\"og:image\" content=\"https:\/\/thoro.com.mx\/ethoro\/wp-content\/uploads\/2025\/02\/H7498.jpg\" \/>\n\t<meta property=\"og:image:width\" content=\"1000\" \/>\n\t<meta property=\"og:image:height\" content=\"1000\" \/>\n\t<meta property=\"og:image:type\" content=\"image\/jpeg\" \/>\n<meta name=\"twitter:card\" content=\"summary_large_image\" \/>\n<script type=\"application\/ld+json\" class=\"yoast-schema-graph\">{\"@context\":\"https:\/\/schema.org\",\"@graph\":[{\"@type\":\"WebPage\",\"@id\":\"https:\/\/thoro.com.mx\/ethoro\/shop\/herramientas\/herramientas-manuales\/llaves-combinadas\/llave-combinada-foy-140811-pulido-espejo-metrica-de-12-puntas-11-milimetros\/\",\"url\":\"https:\/\/thoro.com.mx\/ethoro\/shop\/herramientas\/herramientas-manuales\/llaves-combinadas\/llave-combinada-foy-140811-pulido-espejo-metrica-de-12-puntas-11-milimetros\/\",\"name\":\"LLAVE COMBINADA FOY 140811 PULIDO ESPEJO M\u00c9TRICA DE 12 PUNTAS 11 MILIMETROS - Thoro enterprises de Mexico\",\"isPartOf\":{\"@id\":\"https:\/\/72.167.50.119\/ethoro\/#website\"},\"primaryImageOfPage\":{\"@id\":\"https:\/\/thoro.com.mx\/ethoro\/shop\/herramientas\/herramientas-manuales\/llaves-combinadas\/llave-combinada-foy-140811-pulido-espejo-metrica-de-12-puntas-11-milimetros\/#primaryimage\"},\"image\":{\"@id\":\"https:\/\/thoro.com.mx\/ethoro\/shop\/herramientas\/herramientas-manuales\/llaves-combinadas\/llave-combinada-foy-140811-pulido-espejo-metrica-de-12-puntas-11-milimetros\/#primaryimage\"},\"thumbnailUrl\":\"https:\/\/thoro.com.mx\/ethoro\/wp-content\/uploads\/2025\/02\/H7498.jpg\",\"datePublished\":\"2025-02-05T20:07:32+00:00\",\"dateModified\":\"2026-04-05T06:54:22+00:00\",\"breadcrumb\":{\"@id\":\"https:\/\/thoro.com.mx\/ethoro\/shop\/herramientas\/herramientas-manuales\/llaves-combinadas\/llave-combinada-foy-140811-pulido-espejo-metrica-de-12-puntas-11-milimetros\/#breadcrumb\"},\"inLanguage\":\"es\",\"potentialAction\":[{\"@type\":\"ReadAction\",\"target\":[\"https:\/\/thoro.com.mx\/ethoro\/shop\/herramientas\/herramientas-manuales\/llaves-combinadas\/llave-combinada-foy-140811-pulido-espejo-metrica-de-12-puntas-11-milimetros\/\"]}]},{\"@type\":\"ImageObject\",\"inLanguage\":\"es\",\"@id\":\"https:\/\/thoro.com.mx\/ethoro\/shop\/herramientas\/herramientas-manuales\/llaves-combinadas\/llave-combinada-foy-140811-pulido-espejo-metrica-de-12-puntas-11-milimetros\/#primaryimage\",\"url\":\"https:\/\/thoro.com.mx\/ethoro\/wp-content\/uploads\/2025\/02\/H7498.jpg\",\"contentUrl\":\"https:\/\/thoro.com.mx\/ethoro\/wp-content\/uploads\/2025\/02\/H7498.jpg\",\"width\":1000,\"height\":1000},{\"@type\":\"BreadcrumbList\",\"@id\":\"https:\/\/thoro.com.mx\/ethoro\/shop\/herramientas\/herramientas-manuales\/llaves-combinadas\/llave-combinada-foy-140811-pulido-espejo-metrica-de-12-puntas-11-milimetros\/#breadcrumb\",\"itemListElement\":[{\"@type\":\"ListItem\",\"position\":1,\"name\":\"Inicio\",\"item\":\"https:\/\/thoro.com.mx\/ethoro\/\"},{\"@type\":\"ListItem\",\"position\":2,\"name\":\"Tienda\",\"item\":\"https:\/\/thoro.com.mx\/ethoro\/shop\/\"},{\"@type\":\"ListItem\",\"position\":3,\"name\":\"LLAVE COMBINADA FOY 140811 PULIDO ESPEJO M\u00c9TRICA DE 12 PUNTAS 11 MILIMETROS\"}]},{\"@type\":\"WebSite\",\"@id\":\"https:\/\/72.167.50.119\/ethoro\/#website\",\"url\":\"https:\/\/72.167.50.119\/ethoro\/\",\"name\":\"Thoro Enterprises de M\u00e9xico\",\"description\":\"Todo en Thoro\",\"publisher\":{\"@id\":\"https:\/\/72.167.50.119\/ethoro\/#organization\"},\"alternateName\":\"Thoro shop\",\"potentialAction\":[{\"@type\":\"SearchAction\",\"target\":{\"@type\":\"EntryPoint\",\"urlTemplate\":\"https:\/\/72.167.50.119\/ethoro\/?s={search_term_string}\"},\"query-input\":{\"@type\":\"PropertyValueSpecification\",\"valueRequired\":true,\"valueName\":\"search_term_string\"}}],\"inLanguage\":\"es\"},{\"@type\":\"Organization\",\"@id\":\"https:\/\/72.167.50.119\/ethoro\/#organization\",\"name\":\"Thoro Enterprises de M\u00e9xico\",\"alternateName\":\"Thoro shop\",\"url\":\"https:\/\/72.167.50.119\/ethoro\/\",\"logo\":{\"@type\":\"ImageObject\",\"inLanguage\":\"es\",\"@id\":\"https:\/\/72.167.50.119\/ethoro\/#\/schema\/logo\/image\/\",\"url\":\"https:\/\/72.167.50.119\/ethoro\/wp-content\/uploads\/2025\/01\/cropped-cropped-icono_t-180x180-1.png\",\"contentUrl\":\"https:\/\/72.167.50.119\/ethoro\/wp-content\/uploads\/2025\/01\/cropped-cropped-icono_t-180x180-1.png\",\"width\":512,\"height\":512,\"caption\":\"Thoro Enterprises de M\u00e9xico\"},\"image\":{\"@id\":\"https:\/\/72.167.50.119\/ethoro\/#\/schema\/logo\/image\/\"},\"sameAs\":[\"https:\/\/www.facebook.com\/ThoroEnterprises\",\"https:\/\/www.instagram.com\/thoro.mexico\/\"]}]}<\/script>\n<!-- \/ Yoast SEO plugin. -->","yoast_head_json":{"title":"LLAVE COMBINADA FOY 140811 PULIDO ESPEJO M\u00c9TRICA DE 12 PUNTAS 11 MILIMETROS - Thoro enterprises de Mexico","robots":{"index":"noindex","follow":"follow"},"og_locale":"es_MX","og_type":"article","og_title":"LLAVE COMBINADA FOY 140811 PULIDO ESPEJO M\u00c9TRICA DE 12 PUNTAS 11 MILIMETROS - Thoro enterprises de Mexico","og_description":"140811 Pulido espejo Forjada en acero al cromo vanadio M\u00e9trico Ancho cabeza espa\u00f1ola 22.2mm Longitud total 151.2mm Grosor cabeza estr\u00eda 6.6mm Medida de boca 11mm Ancho de cabeza estr\u00eda 17.5mm Grosor cabeza espa\u00f1ola 5.1mm","og_url":"https:\/\/thoro.com.mx\/ethoro\/shop\/herramientas\/herramientas-manuales\/llaves-combinadas\/llave-combinada-foy-140811-pulido-espejo-metrica-de-12-puntas-11-milimetros\/","og_site_name":"Thoro enterprises de Mexico","article_publisher":"https:\/\/www.facebook.com\/ThoroEnterprises","article_modified_time":"2026-04-05T06:54:22+00:00","og_image":[{"width":1000,"height":1000,"url":"https:\/\/thoro.com.mx\/ethoro\/wp-content\/uploads\/2025\/02\/H7498.jpg","type":"image\/jpeg"}],"twitter_card":"summary_large_image","schema":{"@context":"https:\/\/schema.org","@graph":[{"@type":"WebPage","@id":"https:\/\/thoro.com.mx\/ethoro\/shop\/herramientas\/herramientas-manuales\/llaves-combinadas\/llave-combinada-foy-140811-pulido-espejo-metrica-de-12-puntas-11-milimetros\/","url":"https:\/\/thoro.com.mx\/ethoro\/shop\/herramientas\/herramientas-manuales\/llaves-combinadas\/llave-combinada-foy-140811-pulido-espejo-metrica-de-12-puntas-11-milimetros\/","name":"LLAVE COMBINADA FOY 140811 PULIDO ESPEJO M\u00c9TRICA DE 12 PUNTAS 11 MILIMETROS - Thoro enterprises de Mexico","isPartOf":{"@id":"https:\/\/72.167.50.119\/ethoro\/#website"},"primaryImageOfPage":{"@id":"https:\/\/thoro.com.mx\/ethoro\/shop\/herramientas\/herramientas-manuales\/llaves-combinadas\/llave-combinada-foy-140811-pulido-espejo-metrica-de-12-puntas-11-milimetros\/#primaryimage"},"image":{"@id":"https:\/\/thoro.com.mx\/ethoro\/shop\/herramientas\/herramientas-manuales\/llaves-combinadas\/llave-combinada-foy-140811-pulido-espejo-metrica-de-12-puntas-11-milimetros\/#primaryimage"},"thumbnailUrl":"https:\/\/thoro.com.mx\/ethoro\/wp-content\/uploads\/2025\/02\/H7498.jpg","datePublished":"2025-02-05T20:07:32+00:00","dateModified":"2026-04-05T06:54:22+00:00","breadcrumb":{"@id":"https:\/\/thoro.com.mx\/ethoro\/shop\/herramientas\/herramientas-manuales\/llaves-combinadas\/llave-combinada-foy-140811-pulido-espejo-metrica-de-12-puntas-11-milimetros\/#breadcrumb"},"inLanguage":"es","potentialAction":[{"@type":"ReadAction","target":["https:\/\/thoro.com.mx\/ethoro\/shop\/herramientas\/herramientas-manuales\/llaves-combinadas\/llave-combinada-foy-140811-pulido-espejo-metrica-de-12-puntas-11-milimetros\/"]}]},{"@type":"ImageObject","inLanguage":"es","@id":"https:\/\/thoro.com.mx\/ethoro\/shop\/herramientas\/herramientas-manuales\/llaves-combinadas\/llave-combinada-foy-140811-pulido-espejo-metrica-de-12-puntas-11-milimetros\/#primaryimage","url":"https:\/\/thoro.com.mx\/ethoro\/wp-content\/uploads\/2025\/02\/H7498.jpg","contentUrl":"https:\/\/thoro.com.mx\/ethoro\/wp-content\/uploads\/2025\/02\/H7498.jpg","width":1000,"height":1000},{"@type":"BreadcrumbList","@id":"https:\/\/thoro.com.mx\/ethoro\/shop\/herramientas\/herramientas-manuales\/llaves-combinadas\/llave-combinada-foy-140811-pulido-espejo-metrica-de-12-puntas-11-milimetros\/#breadcrumb","itemListElement":[{"@type":"ListItem","position":1,"name":"Inicio","item":"https:\/\/thoro.com.mx\/ethoro\/"},{"@type":"ListItem","position":2,"name":"Tienda","item":"https:\/\/thoro.com.mx\/ethoro\/shop\/"},{"@type":"ListItem","position":3,"name":"LLAVE COMBINADA FOY 140811 PULIDO ESPEJO M\u00c9TRICA DE 12 PUNTAS 11 MILIMETROS"}]},{"@type":"WebSite","@id":"https:\/\/72.167.50.119\/ethoro\/#website","url":"https:\/\/72.167.50.119\/ethoro\/","name":"Thoro Enterprises de M\u00e9xico","description":"Todo en Thoro","publisher":{"@id":"https:\/\/72.167.50.119\/ethoro\/#organization"},"alternateName":"Thoro shop","potentialAction":[{"@type":"SearchAction","target":{"@type":"EntryPoint","urlTemplate":"https:\/\/72.167.50.119\/ethoro\/?s={search_term_string}"},"query-input":{"@type":"PropertyValueSpecification","valueRequired":true,"valueName":"search_term_string"}}],"inLanguage":"es"},{"@type":"Organization","@id":"https:\/\/72.167.50.119\/ethoro\/#organization","name":"Thoro Enterprises de M\u00e9xico","alternateName":"Thoro shop","url":"https:\/\/72.167.50.119\/ethoro\/","logo":{"@type":"ImageObject","inLanguage":"es","@id":"https:\/\/72.167.50.119\/ethoro\/#\/schema\/logo\/image\/","url":"https:\/\/72.167.50.119\/ethoro\/wp-content\/uploads\/2025\/01\/cropped-cropped-icono_t-180x180-1.png","contentUrl":"https:\/\/72.167.50.119\/ethoro\/wp-content\/uploads\/2025\/01\/cropped-cropped-icono_t-180x180-1.png","width":512,"height":512,"caption":"Thoro Enterprises de M\u00e9xico"},"image":{"@id":"https:\/\/72.167.50.119\/ethoro\/#\/schema\/logo\/image\/"},"sameAs":["https:\/\/www.facebook.com\/ThoroEnterprises","https:\/\/www.instagram.com\/thoro.mexico\/"]}]}},"_links":{"self":[{"href":"https:\/\/thoro.com.mx\/ethoro\/wp-json\/wp\/v2\/product\/12573","targetHints":{"allow":["GET"]}}],"collection":[{"href":"https:\/\/thoro.com.mx\/ethoro\/wp-json\/wp\/v2\/product"}],"about":[{"href":"https:\/\/thoro.com.mx\/ethoro\/wp-json\/wp\/v2\/types\/product"}],"replies":[{"embeddable":true,"href":"https:\/\/thoro.com.mx\/ethoro\/wp-json\/wp\/v2\/comments?post=12573"}],"wp:featuredmedia":[{"embeddable":true,"href":"https:\/\/thoro.com.mx\/ethoro\/wp-json\/wp\/v2\/media\/12572"}],"wp:attachment":[{"href":"https:\/\/thoro.com.mx\/ethoro\/wp-json\/wp\/v2\/media?parent=12573"}],"wp:term":[{"taxonomy":"product_brand","embeddable":true,"href":"https:\/\/thoro.com.mx\/ethoro\/wp-json\/wp\/v2\/product_brand?post=12573"},{"taxonomy":"product_cat","embeddable":true,"href":"https:\/\/thoro.com.mx\/ethoro\/wp-json\/wp\/v2\/product_cat?post=12573"},{"taxonomy":"product_tag","embeddable":true,"href":"https:\/\/thoro.com.mx\/ethoro\/wp-json\/wp\/v2\/product_tag?post=12573"}],"curies":[{"name":"wp","href":"https:\/\/api.w.org\/{rel}","templated":true}]}}