{"id":12644,"date":"2025-02-05T14:08:22","date_gmt":"2025-02-05T20:08:22","guid":{"rendered":"https:\/\/72.167.50.119\/ethoro\/shop\/sin categor\u00eda\/dado-de-impacto-urrea-7312mt-largo-metrico-cuadro-de-1-2-con-12-puntas-12-milimetros\/"},"modified":"2026-04-09T01:08:20","modified_gmt":"2026-04-09T07:08:20","slug":"dado-de-impacto-urrea-7312mt-largo-metrico-cuadro-de-1-2-con-12-puntas-12-milimetros","status":"publish","type":"product","link":"https:\/\/thoro.com.mx\/ethoro\/shop\/herramientas\/herramientas-neumaticas\/dados-de-impacto\/dado-de-impacto-urrea-7312mt-largo-metrico-cuadro-de-1-2-con-12-puntas-12-milimetros\/","title":{"rendered":"DADO DE IMPACTO URREA 7312MT LARGO M\u00c9TRICO CUADRO DE 1\/2&#8221; CON 12 PUNTAS 12 MILIMETROS"},"content":{"rendered":"<h4>7312MT<\/h4>\n<ul>\n<li>Dado de impacto cuadro 1\/2&#8243;<\/li>\n<li>12 puntas<\/li>\n<li>Dado largo<\/li>\n<li>Geometr\u00eda lobular<\/li>\n<li>SUPER DRIVE<\/li>\n<li>Acabado fosfatado<\/li>\n<li>Di\u00e1metro exterior de cuadro22 mm<\/li>\n<li>Medida de boca 12 mm<\/li>\n<li>Profundidad estr\u00eda 15.9 mm<\/li>\n<li>Tipo de boca cuadrado<\/li>\n<li>Di\u00e1metro de boca 19 mm<\/li>\n<li>Acabado fosfatado<\/li>\n<li>Numero de puntas 12 <\/li>\n<li>Longitud total 3 1\/4&#8243;<\/li>\n<li>Medida de cuadro 1\/2&#8243;<\/li>\n<li>Material cromo-molibdeno<\/li>\n<\/ul>\n","protected":false},"excerpt":{"rendered":"<p>7312MT Dado de impacto cuadro 1\/2&#8243; 12 puntas Dado largo Geometr\u00eda lobular SUPER DRIVE Acabado fosfatado Di\u00e1metro exterior de cuadro22 mm Medida de boca 12 mm Profundidad estr\u00eda 15.9 mm Tipo de boca cuadrado Di\u00e1metro de boca 19 mm Acabado fosfatado Numero de puntas 12 Longitud total 3 1\/4&#8243; Medida de cuadro 1\/2&#8243; Material cromo-molibdeno<\/p>\n","protected":false},"featured_media":12643,"comment_status":"open","ping_status":"closed","template":"","meta":{"_monsterinsights_skip_tracking":false,"_monsterinsights_sitenote_active":false,"_monsterinsights_sitenote_note":"","_monsterinsights_sitenote_category":0,"_joinchat":[]},"product_brand":[],"product_cat":[379],"product_tag":[],"class_list":{"0":"post-12644","1":"product","2":"type-product","3":"status-publish","4":"has-post-thumbnail","6":"product_cat-dados-de-impacto","8":"first","9":"instock","10":"sale","11":"taxable","12":"shipping-taxable","13":"purchasable","14":"product-type-simple","15":"add-to-wishlist-after_add_to_cart"},"yoast_head":"<!-- This site is optimized with the Yoast SEO plugin v27.3 - https:\/\/yoast.com\/product\/yoast-seo-wordpress\/ -->\n<title>DADO DE IMPACTO URREA 7312MT LARGO M\u00c9TRICO CUADRO DE 1\/2&#039;&#039; CON 12 PUNTAS 12 MILIMETROS - Thoro enterprises de Mexico<\/title>\n<meta name=\"robots\" content=\"noindex, follow\" \/>\n<meta property=\"og:locale\" content=\"es_MX\" \/>\n<meta property=\"og:type\" content=\"article\" \/>\n<meta property=\"og:title\" content=\"DADO DE IMPACTO URREA 7312MT LARGO M\u00c9TRICO CUADRO DE 1\/2&#039;&#039; CON 12 PUNTAS 12 MILIMETROS - Thoro enterprises de Mexico\" \/>\n<meta property=\"og:description\" content=\"7312MT Dado de impacto cuadro 1\/2&#8243; 12 puntas Dado largo Geometr\u00eda lobular SUPER DRIVE Acabado fosfatado Di\u00e1metro exterior de cuadro22 mm Medida de boca 12 mm Profundidad estr\u00eda 15.9 mm Tipo de boca cuadrado Di\u00e1metro de boca 19 mm Acabado fosfatado Numero de puntas 12 Longitud total 3 1\/4&#8243; Medida de cuadro 1\/2&#8243; Material cromo-molibdeno\" \/>\n<meta property=\"og:url\" content=\"https:\/\/thoro.com.mx\/ethoro\/shop\/herramientas\/herramientas-neumaticas\/dados-de-impacto\/dado-de-impacto-urrea-7312mt-largo-metrico-cuadro-de-1-2-con-12-puntas-12-milimetros\/\" \/>\n<meta property=\"og:site_name\" content=\"Thoro enterprises de Mexico\" \/>\n<meta property=\"article:publisher\" content=\"https:\/\/www.facebook.com\/ThoroEnterprises\" \/>\n<meta property=\"article:modified_time\" content=\"2026-04-09T07:08:20+00:00\" \/>\n<meta property=\"og:image\" content=\"https:\/\/thoro.com.mx\/ethoro\/wp-content\/uploads\/2025\/02\/H7658.jpg\" \/>\n\t<meta property=\"og:image:width\" content=\"1000\" \/>\n\t<meta property=\"og:image:height\" content=\"1000\" \/>\n\t<meta property=\"og:image:type\" content=\"image\/jpeg\" \/>\n<meta name=\"twitter:card\" content=\"summary_large_image\" \/>\n<script type=\"application\/ld+json\" class=\"yoast-schema-graph\">{\"@context\":\"https:\\\/\\\/schema.org\",\"@graph\":[{\"@type\":\"WebPage\",\"@id\":\"https:\\\/\\\/thoro.com.mx\\\/ethoro\\\/shop\\\/herramientas\\\/herramientas-neumaticas\\\/dados-de-impacto\\\/dado-de-impacto-urrea-7312mt-largo-metrico-cuadro-de-1-2-con-12-puntas-12-milimetros\\\/\",\"url\":\"https:\\\/\\\/thoro.com.mx\\\/ethoro\\\/shop\\\/herramientas\\\/herramientas-neumaticas\\\/dados-de-impacto\\\/dado-de-impacto-urrea-7312mt-largo-metrico-cuadro-de-1-2-con-12-puntas-12-milimetros\\\/\",\"name\":\"DADO DE IMPACTO URREA 7312MT LARGO M\u00c9TRICO CUADRO DE 1\\\/2'' CON 12 PUNTAS 12 MILIMETROS - Thoro enterprises de Mexico\",\"isPartOf\":{\"@id\":\"https:\\\/\\\/72.167.50.119\\\/ethoro\\\/#website\"},\"primaryImageOfPage\":{\"@id\":\"https:\\\/\\\/thoro.com.mx\\\/ethoro\\\/shop\\\/herramientas\\\/herramientas-neumaticas\\\/dados-de-impacto\\\/dado-de-impacto-urrea-7312mt-largo-metrico-cuadro-de-1-2-con-12-puntas-12-milimetros\\\/#primaryimage\"},\"image\":{\"@id\":\"https:\\\/\\\/thoro.com.mx\\\/ethoro\\\/shop\\\/herramientas\\\/herramientas-neumaticas\\\/dados-de-impacto\\\/dado-de-impacto-urrea-7312mt-largo-metrico-cuadro-de-1-2-con-12-puntas-12-milimetros\\\/#primaryimage\"},\"thumbnailUrl\":\"https:\\\/\\\/thoro.com.mx\\\/ethoro\\\/wp-content\\\/uploads\\\/2025\\\/02\\\/H7658.jpg\",\"datePublished\":\"2025-02-05T20:08:22+00:00\",\"dateModified\":\"2026-04-09T07:08:20+00:00\",\"breadcrumb\":{\"@id\":\"https:\\\/\\\/thoro.com.mx\\\/ethoro\\\/shop\\\/herramientas\\\/herramientas-neumaticas\\\/dados-de-impacto\\\/dado-de-impacto-urrea-7312mt-largo-metrico-cuadro-de-1-2-con-12-puntas-12-milimetros\\\/#breadcrumb\"},\"inLanguage\":\"es\",\"potentialAction\":[{\"@type\":\"ReadAction\",\"target\":[\"https:\\\/\\\/thoro.com.mx\\\/ethoro\\\/shop\\\/herramientas\\\/herramientas-neumaticas\\\/dados-de-impacto\\\/dado-de-impacto-urrea-7312mt-largo-metrico-cuadro-de-1-2-con-12-puntas-12-milimetros\\\/\"]}]},{\"@type\":\"ImageObject\",\"inLanguage\":\"es\",\"@id\":\"https:\\\/\\\/thoro.com.mx\\\/ethoro\\\/shop\\\/herramientas\\\/herramientas-neumaticas\\\/dados-de-impacto\\\/dado-de-impacto-urrea-7312mt-largo-metrico-cuadro-de-1-2-con-12-puntas-12-milimetros\\\/#primaryimage\",\"url\":\"https:\\\/\\\/thoro.com.mx\\\/ethoro\\\/wp-content\\\/uploads\\\/2025\\\/02\\\/H7658.jpg\",\"contentUrl\":\"https:\\\/\\\/thoro.com.mx\\\/ethoro\\\/wp-content\\\/uploads\\\/2025\\\/02\\\/H7658.jpg\",\"width\":1000,\"height\":1000},{\"@type\":\"BreadcrumbList\",\"@id\":\"https:\\\/\\\/thoro.com.mx\\\/ethoro\\\/shop\\\/herramientas\\\/herramientas-neumaticas\\\/dados-de-impacto\\\/dado-de-impacto-urrea-7312mt-largo-metrico-cuadro-de-1-2-con-12-puntas-12-milimetros\\\/#breadcrumb\",\"itemListElement\":[{\"@type\":\"ListItem\",\"position\":1,\"name\":\"Inicio\",\"item\":\"https:\\\/\\\/thoro.com.mx\\\/ethoro\\\/\"},{\"@type\":\"ListItem\",\"position\":2,\"name\":\"Tienda\",\"item\":\"https:\\\/\\\/thoro.com.mx\\\/ethoro\\\/shop\\\/\"},{\"@type\":\"ListItem\",\"position\":3,\"name\":\"DADO DE IMPACTO URREA 7312MT LARGO M\u00c9TRICO CUADRO DE 1\\\/2&#8221; CON 12 PUNTAS 12 MILIMETROS\"}]},{\"@type\":\"WebSite\",\"@id\":\"https:\\\/\\\/72.167.50.119\\\/ethoro\\\/#website\",\"url\":\"https:\\\/\\\/72.167.50.119\\\/ethoro\\\/\",\"name\":\"Thoro Enterprises de M\u00e9xico\",\"description\":\"Todo en Thoro\",\"publisher\":{\"@id\":\"https:\\\/\\\/72.167.50.119\\\/ethoro\\\/#organization\"},\"alternateName\":\"Thoro shop\",\"potentialAction\":[{\"@type\":\"SearchAction\",\"target\":{\"@type\":\"EntryPoint\",\"urlTemplate\":\"https:\\\/\\\/72.167.50.119\\\/ethoro\\\/?s={search_term_string}\"},\"query-input\":{\"@type\":\"PropertyValueSpecification\",\"valueRequired\":true,\"valueName\":\"search_term_string\"}}],\"inLanguage\":\"es\"},{\"@type\":\"Organization\",\"@id\":\"https:\\\/\\\/72.167.50.119\\\/ethoro\\\/#organization\",\"name\":\"Thoro Enterprises de M\u00e9xico\",\"alternateName\":\"Thoro shop\",\"url\":\"https:\\\/\\\/72.167.50.119\\\/ethoro\\\/\",\"logo\":{\"@type\":\"ImageObject\",\"inLanguage\":\"es\",\"@id\":\"https:\\\/\\\/72.167.50.119\\\/ethoro\\\/#\\\/schema\\\/logo\\\/image\\\/\",\"url\":\"https:\\\/\\\/72.167.50.119\\\/ethoro\\\/wp-content\\\/uploads\\\/2025\\\/01\\\/cropped-cropped-icono_t-180x180-1.png\",\"contentUrl\":\"https:\\\/\\\/72.167.50.119\\\/ethoro\\\/wp-content\\\/uploads\\\/2025\\\/01\\\/cropped-cropped-icono_t-180x180-1.png\",\"width\":512,\"height\":512,\"caption\":\"Thoro Enterprises de M\u00e9xico\"},\"image\":{\"@id\":\"https:\\\/\\\/72.167.50.119\\\/ethoro\\\/#\\\/schema\\\/logo\\\/image\\\/\"},\"sameAs\":[\"https:\\\/\\\/www.facebook.com\\\/ThoroEnterprises\",\"https:\\\/\\\/www.instagram.com\\\/thoro.mexico\\\/\"]}]}<\/script>\n<!-- \/ Yoast SEO plugin. -->","yoast_head_json":{"title":"DADO DE IMPACTO URREA 7312MT LARGO M\u00c9TRICO CUADRO DE 1\/2'' CON 12 PUNTAS 12 MILIMETROS - Thoro enterprises de Mexico","robots":{"index":"noindex","follow":"follow"},"og_locale":"es_MX","og_type":"article","og_title":"DADO DE IMPACTO URREA 7312MT LARGO M\u00c9TRICO CUADRO DE 1\/2'' CON 12 PUNTAS 12 MILIMETROS - Thoro enterprises de Mexico","og_description":"7312MT Dado de impacto cuadro 1\/2&#8243; 12 puntas Dado largo Geometr\u00eda lobular SUPER DRIVE Acabado fosfatado Di\u00e1metro exterior de cuadro22 mm Medida de boca 12 mm Profundidad estr\u00eda 15.9 mm Tipo de boca cuadrado Di\u00e1metro de boca 19 mm Acabado fosfatado Numero de puntas 12 Longitud total 3 1\/4&#8243; Medida de cuadro 1\/2&#8243; Material cromo-molibdeno","og_url":"https:\/\/thoro.com.mx\/ethoro\/shop\/herramientas\/herramientas-neumaticas\/dados-de-impacto\/dado-de-impacto-urrea-7312mt-largo-metrico-cuadro-de-1-2-con-12-puntas-12-milimetros\/","og_site_name":"Thoro enterprises de Mexico","article_publisher":"https:\/\/www.facebook.com\/ThoroEnterprises","article_modified_time":"2026-04-09T07:08:20+00:00","og_image":[{"width":1000,"height":1000,"url":"https:\/\/thoro.com.mx\/ethoro\/wp-content\/uploads\/2025\/02\/H7658.jpg","type":"image\/jpeg"}],"twitter_card":"summary_large_image","schema":{"@context":"https:\/\/schema.org","@graph":[{"@type":"WebPage","@id":"https:\/\/thoro.com.mx\/ethoro\/shop\/herramientas\/herramientas-neumaticas\/dados-de-impacto\/dado-de-impacto-urrea-7312mt-largo-metrico-cuadro-de-1-2-con-12-puntas-12-milimetros\/","url":"https:\/\/thoro.com.mx\/ethoro\/shop\/herramientas\/herramientas-neumaticas\/dados-de-impacto\/dado-de-impacto-urrea-7312mt-largo-metrico-cuadro-de-1-2-con-12-puntas-12-milimetros\/","name":"DADO DE IMPACTO URREA 7312MT LARGO M\u00c9TRICO CUADRO DE 1\/2'' CON 12 PUNTAS 12 MILIMETROS - Thoro enterprises de Mexico","isPartOf":{"@id":"https:\/\/72.167.50.119\/ethoro\/#website"},"primaryImageOfPage":{"@id":"https:\/\/thoro.com.mx\/ethoro\/shop\/herramientas\/herramientas-neumaticas\/dados-de-impacto\/dado-de-impacto-urrea-7312mt-largo-metrico-cuadro-de-1-2-con-12-puntas-12-milimetros\/#primaryimage"},"image":{"@id":"https:\/\/thoro.com.mx\/ethoro\/shop\/herramientas\/herramientas-neumaticas\/dados-de-impacto\/dado-de-impacto-urrea-7312mt-largo-metrico-cuadro-de-1-2-con-12-puntas-12-milimetros\/#primaryimage"},"thumbnailUrl":"https:\/\/thoro.com.mx\/ethoro\/wp-content\/uploads\/2025\/02\/H7658.jpg","datePublished":"2025-02-05T20:08:22+00:00","dateModified":"2026-04-09T07:08:20+00:00","breadcrumb":{"@id":"https:\/\/thoro.com.mx\/ethoro\/shop\/herramientas\/herramientas-neumaticas\/dados-de-impacto\/dado-de-impacto-urrea-7312mt-largo-metrico-cuadro-de-1-2-con-12-puntas-12-milimetros\/#breadcrumb"},"inLanguage":"es","potentialAction":[{"@type":"ReadAction","target":["https:\/\/thoro.com.mx\/ethoro\/shop\/herramientas\/herramientas-neumaticas\/dados-de-impacto\/dado-de-impacto-urrea-7312mt-largo-metrico-cuadro-de-1-2-con-12-puntas-12-milimetros\/"]}]},{"@type":"ImageObject","inLanguage":"es","@id":"https:\/\/thoro.com.mx\/ethoro\/shop\/herramientas\/herramientas-neumaticas\/dados-de-impacto\/dado-de-impacto-urrea-7312mt-largo-metrico-cuadro-de-1-2-con-12-puntas-12-milimetros\/#primaryimage","url":"https:\/\/thoro.com.mx\/ethoro\/wp-content\/uploads\/2025\/02\/H7658.jpg","contentUrl":"https:\/\/thoro.com.mx\/ethoro\/wp-content\/uploads\/2025\/02\/H7658.jpg","width":1000,"height":1000},{"@type":"BreadcrumbList","@id":"https:\/\/thoro.com.mx\/ethoro\/shop\/herramientas\/herramientas-neumaticas\/dados-de-impacto\/dado-de-impacto-urrea-7312mt-largo-metrico-cuadro-de-1-2-con-12-puntas-12-milimetros\/#breadcrumb","itemListElement":[{"@type":"ListItem","position":1,"name":"Inicio","item":"https:\/\/thoro.com.mx\/ethoro\/"},{"@type":"ListItem","position":2,"name":"Tienda","item":"https:\/\/thoro.com.mx\/ethoro\/shop\/"},{"@type":"ListItem","position":3,"name":"DADO DE IMPACTO URREA 7312MT LARGO M\u00c9TRICO CUADRO DE 1\/2&#8221; CON 12 PUNTAS 12 MILIMETROS"}]},{"@type":"WebSite","@id":"https:\/\/72.167.50.119\/ethoro\/#website","url":"https:\/\/72.167.50.119\/ethoro\/","name":"Thoro Enterprises de M\u00e9xico","description":"Todo en Thoro","publisher":{"@id":"https:\/\/72.167.50.119\/ethoro\/#organization"},"alternateName":"Thoro shop","potentialAction":[{"@type":"SearchAction","target":{"@type":"EntryPoint","urlTemplate":"https:\/\/72.167.50.119\/ethoro\/?s={search_term_string}"},"query-input":{"@type":"PropertyValueSpecification","valueRequired":true,"valueName":"search_term_string"}}],"inLanguage":"es"},{"@type":"Organization","@id":"https:\/\/72.167.50.119\/ethoro\/#organization","name":"Thoro Enterprises de M\u00e9xico","alternateName":"Thoro shop","url":"https:\/\/72.167.50.119\/ethoro\/","logo":{"@type":"ImageObject","inLanguage":"es","@id":"https:\/\/72.167.50.119\/ethoro\/#\/schema\/logo\/image\/","url":"https:\/\/72.167.50.119\/ethoro\/wp-content\/uploads\/2025\/01\/cropped-cropped-icono_t-180x180-1.png","contentUrl":"https:\/\/72.167.50.119\/ethoro\/wp-content\/uploads\/2025\/01\/cropped-cropped-icono_t-180x180-1.png","width":512,"height":512,"caption":"Thoro Enterprises de M\u00e9xico"},"image":{"@id":"https:\/\/72.167.50.119\/ethoro\/#\/schema\/logo\/image\/"},"sameAs":["https:\/\/www.facebook.com\/ThoroEnterprises","https:\/\/www.instagram.com\/thoro.mexico\/"]}]}},"_links":{"self":[{"href":"https:\/\/thoro.com.mx\/ethoro\/wp-json\/wp\/v2\/product\/12644","targetHints":{"allow":["GET"]}}],"collection":[{"href":"https:\/\/thoro.com.mx\/ethoro\/wp-json\/wp\/v2\/product"}],"about":[{"href":"https:\/\/thoro.com.mx\/ethoro\/wp-json\/wp\/v2\/types\/product"}],"replies":[{"embeddable":true,"href":"https:\/\/thoro.com.mx\/ethoro\/wp-json\/wp\/v2\/comments?post=12644"}],"wp:featuredmedia":[{"embeddable":true,"href":"https:\/\/thoro.com.mx\/ethoro\/wp-json\/wp\/v2\/media\/12643"}],"wp:attachment":[{"href":"https:\/\/thoro.com.mx\/ethoro\/wp-json\/wp\/v2\/media?parent=12644"}],"wp:term":[{"taxonomy":"product_brand","embeddable":true,"href":"https:\/\/thoro.com.mx\/ethoro\/wp-json\/wp\/v2\/product_brand?post=12644"},{"taxonomy":"product_cat","embeddable":true,"href":"https:\/\/thoro.com.mx\/ethoro\/wp-json\/wp\/v2\/product_cat?post=12644"},{"taxonomy":"product_tag","embeddable":true,"href":"https:\/\/thoro.com.mx\/ethoro\/wp-json\/wp\/v2\/product_tag?post=12644"}],"curies":[{"name":"wp","href":"https:\/\/api.w.org\/{rel}","templated":true}]}}