{"id":13887,"date":"2025-02-05T14:25:02","date_gmt":"2025-02-05T20:25:02","guid":{"rendered":"https:\/\/72.167.50.119\/ethoro\/shop\/sin categor\u00eda\/cadena-de-acero-al-carbon-surtek-150836-tipo-victor-2-milimetros-x-30-metros\/"},"modified":"2025-04-22T02:23:57","modified_gmt":"2025-04-22T08:23:57","slug":"cadena-de-acero-al-carbon-surtek-150836-tipo-victor-2-milimetros-x-30-metros","status":"publish","type":"product","link":"https:\/\/thoro.com.mx\/ethoro\/shop\/herramientas\/herramientas-de-carga\/cadenas-de-acero-herramientas-de-carga\/cadena-de-acero-al-carbon-surtek-150836-tipo-victor-2-milimetros-x-30-metros\/","title":{"rendered":"CADENA DE ACERO AL CARB\u00d3N SURTEK 150836 TIPO V\u00cdCTOR 2 MILIMETROS X 30 METROS"},"content":{"rendered":"<h4>150836<\/h4>\n<ul>\n<li>Fabricadas en acero al carb\u00f3n con acabado galvanizado<\/li>\n<li>L\u00edmite de carga de trabajo 180 kg<\/li>\n<li>Tama\u00f1o comercial 2 mil\u00edmetros<\/li>\n<li>Longitud 30 m<\/li>\n<li>Clasificaci\u00f3n de filtro 11<\/li>\n<li><\/li>\n<\/ul>\n","protected":false},"excerpt":{"rendered":"<p>150836 Fabricadas en acero al carb\u00f3n con acabado galvanizado L\u00edmite de carga de trabajo 180 kg Tama\u00f1o comercial 2 mil\u00edmetros Longitud 30 m Clasificaci\u00f3n de filtro 11<\/p>\n","protected":false},"featured_media":13886,"comment_status":"open","ping_status":"closed","template":"","meta":{"_monsterinsights_skip_tracking":false,"_monsterinsights_sitenote_active":false,"_monsterinsights_sitenote_note":"","_monsterinsights_sitenote_category":0,"_joinchat":[]},"product_brand":[],"product_cat":[12214],"product_tag":[],"class_list":{"0":"post-13887","1":"product","2":"type-product","3":"status-publish","4":"has-post-thumbnail","6":"product_cat-cadenas-de-acero-herramientas-de-carga","8":"first","9":"outofstock","10":"sale","11":"taxable","12":"shipping-taxable","13":"purchasable","14":"product-type-simple","15":"add-to-wishlist-after_add_to_cart"},"yoast_head":"<!-- This site is optimized with the Yoast SEO plugin v27.3 - https:\/\/yoast.com\/product\/yoast-seo-wordpress\/ -->\n<title>CADENA DE ACERO AL CARB\u00d3N SURTEK 150836 TIPO V\u00cdCTOR 2 MILIMETROS X 30 METROS - Thoro enterprises de Mexico<\/title>\n<meta name=\"robots\" content=\"noindex, follow\" \/>\n<meta property=\"og:locale\" content=\"es_MX\" \/>\n<meta property=\"og:type\" content=\"article\" \/>\n<meta property=\"og:title\" content=\"CADENA DE ACERO AL CARB\u00d3N SURTEK 150836 TIPO V\u00cdCTOR 2 MILIMETROS X 30 METROS - Thoro enterprises de Mexico\" \/>\n<meta property=\"og:description\" content=\"150836 Fabricadas en acero al carb\u00f3n con acabado galvanizado L\u00edmite de carga de trabajo 180 kg Tama\u00f1o comercial 2 mil\u00edmetros Longitud 30 m Clasificaci\u00f3n de filtro 11\" \/>\n<meta property=\"og:url\" content=\"https:\/\/thoro.com.mx\/ethoro\/shop\/herramientas\/herramientas-de-carga\/cadenas-de-acero-herramientas-de-carga\/cadena-de-acero-al-carbon-surtek-150836-tipo-victor-2-milimetros-x-30-metros\/\" \/>\n<meta property=\"og:site_name\" content=\"Thoro enterprises de Mexico\" \/>\n<meta property=\"article:publisher\" content=\"https:\/\/www.facebook.com\/ThoroEnterprises\" \/>\n<meta property=\"article:modified_time\" content=\"2025-04-22T08:23:57+00:00\" \/>\n<meta property=\"og:image\" content=\"https:\/\/thoro.com.mx\/ethoro\/wp-content\/uploads\/2025\/02\/H8989.jpg\" \/>\n\t<meta property=\"og:image:width\" content=\"1000\" \/>\n\t<meta property=\"og:image:height\" content=\"1000\" \/>\n\t<meta property=\"og:image:type\" content=\"image\/jpeg\" \/>\n<meta name=\"twitter:card\" content=\"summary_large_image\" \/>\n<script type=\"application\/ld+json\" class=\"yoast-schema-graph\">{\"@context\":\"https:\\\/\\\/schema.org\",\"@graph\":[{\"@type\":\"WebPage\",\"@id\":\"https:\\\/\\\/thoro.com.mx\\\/ethoro\\\/shop\\\/herramientas\\\/herramientas-de-carga\\\/cadenas-de-acero-herramientas-de-carga\\\/cadena-de-acero-al-carbon-surtek-150836-tipo-victor-2-milimetros-x-30-metros\\\/\",\"url\":\"https:\\\/\\\/thoro.com.mx\\\/ethoro\\\/shop\\\/herramientas\\\/herramientas-de-carga\\\/cadenas-de-acero-herramientas-de-carga\\\/cadena-de-acero-al-carbon-surtek-150836-tipo-victor-2-milimetros-x-30-metros\\\/\",\"name\":\"CADENA DE ACERO AL CARB\u00d3N SURTEK 150836 TIPO V\u00cdCTOR 2 MILIMETROS X 30 METROS - Thoro enterprises de Mexico\",\"isPartOf\":{\"@id\":\"https:\\\/\\\/72.167.50.119\\\/ethoro\\\/#website\"},\"primaryImageOfPage\":{\"@id\":\"https:\\\/\\\/thoro.com.mx\\\/ethoro\\\/shop\\\/herramientas\\\/herramientas-de-carga\\\/cadenas-de-acero-herramientas-de-carga\\\/cadena-de-acero-al-carbon-surtek-150836-tipo-victor-2-milimetros-x-30-metros\\\/#primaryimage\"},\"image\":{\"@id\":\"https:\\\/\\\/thoro.com.mx\\\/ethoro\\\/shop\\\/herramientas\\\/herramientas-de-carga\\\/cadenas-de-acero-herramientas-de-carga\\\/cadena-de-acero-al-carbon-surtek-150836-tipo-victor-2-milimetros-x-30-metros\\\/#primaryimage\"},\"thumbnailUrl\":\"https:\\\/\\\/thoro.com.mx\\\/ethoro\\\/wp-content\\\/uploads\\\/2025\\\/02\\\/H8989.jpg\",\"datePublished\":\"2025-02-05T20:25:02+00:00\",\"dateModified\":\"2025-04-22T08:23:57+00:00\",\"breadcrumb\":{\"@id\":\"https:\\\/\\\/thoro.com.mx\\\/ethoro\\\/shop\\\/herramientas\\\/herramientas-de-carga\\\/cadenas-de-acero-herramientas-de-carga\\\/cadena-de-acero-al-carbon-surtek-150836-tipo-victor-2-milimetros-x-30-metros\\\/#breadcrumb\"},\"inLanguage\":\"es\",\"potentialAction\":[{\"@type\":\"ReadAction\",\"target\":[\"https:\\\/\\\/thoro.com.mx\\\/ethoro\\\/shop\\\/herramientas\\\/herramientas-de-carga\\\/cadenas-de-acero-herramientas-de-carga\\\/cadena-de-acero-al-carbon-surtek-150836-tipo-victor-2-milimetros-x-30-metros\\\/\"]}]},{\"@type\":\"ImageObject\",\"inLanguage\":\"es\",\"@id\":\"https:\\\/\\\/thoro.com.mx\\\/ethoro\\\/shop\\\/herramientas\\\/herramientas-de-carga\\\/cadenas-de-acero-herramientas-de-carga\\\/cadena-de-acero-al-carbon-surtek-150836-tipo-victor-2-milimetros-x-30-metros\\\/#primaryimage\",\"url\":\"https:\\\/\\\/thoro.com.mx\\\/ethoro\\\/wp-content\\\/uploads\\\/2025\\\/02\\\/H8989.jpg\",\"contentUrl\":\"https:\\\/\\\/thoro.com.mx\\\/ethoro\\\/wp-content\\\/uploads\\\/2025\\\/02\\\/H8989.jpg\",\"width\":1000,\"height\":1000},{\"@type\":\"BreadcrumbList\",\"@id\":\"https:\\\/\\\/thoro.com.mx\\\/ethoro\\\/shop\\\/herramientas\\\/herramientas-de-carga\\\/cadenas-de-acero-herramientas-de-carga\\\/cadena-de-acero-al-carbon-surtek-150836-tipo-victor-2-milimetros-x-30-metros\\\/#breadcrumb\",\"itemListElement\":[{\"@type\":\"ListItem\",\"position\":1,\"name\":\"Inicio\",\"item\":\"https:\\\/\\\/thoro.com.mx\\\/ethoro\\\/\"},{\"@type\":\"ListItem\",\"position\":2,\"name\":\"Tienda\",\"item\":\"https:\\\/\\\/thoro.com.mx\\\/ethoro\\\/shop\\\/\"},{\"@type\":\"ListItem\",\"position\":3,\"name\":\"CADENA DE ACERO AL CARB\u00d3N SURTEK 150836 TIPO V\u00cdCTOR 2 MILIMETROS X 30 METROS\"}]},{\"@type\":\"WebSite\",\"@id\":\"https:\\\/\\\/72.167.50.119\\\/ethoro\\\/#website\",\"url\":\"https:\\\/\\\/72.167.50.119\\\/ethoro\\\/\",\"name\":\"Thoro Enterprises de M\u00e9xico\",\"description\":\"Todo en Thoro\",\"publisher\":{\"@id\":\"https:\\\/\\\/72.167.50.119\\\/ethoro\\\/#organization\"},\"alternateName\":\"Thoro shop\",\"potentialAction\":[{\"@type\":\"SearchAction\",\"target\":{\"@type\":\"EntryPoint\",\"urlTemplate\":\"https:\\\/\\\/72.167.50.119\\\/ethoro\\\/?s={search_term_string}\"},\"query-input\":{\"@type\":\"PropertyValueSpecification\",\"valueRequired\":true,\"valueName\":\"search_term_string\"}}],\"inLanguage\":\"es\"},{\"@type\":\"Organization\",\"@id\":\"https:\\\/\\\/72.167.50.119\\\/ethoro\\\/#organization\",\"name\":\"Thoro Enterprises de M\u00e9xico\",\"alternateName\":\"Thoro shop\",\"url\":\"https:\\\/\\\/72.167.50.119\\\/ethoro\\\/\",\"logo\":{\"@type\":\"ImageObject\",\"inLanguage\":\"es\",\"@id\":\"https:\\\/\\\/72.167.50.119\\\/ethoro\\\/#\\\/schema\\\/logo\\\/image\\\/\",\"url\":\"https:\\\/\\\/72.167.50.119\\\/ethoro\\\/wp-content\\\/uploads\\\/2025\\\/01\\\/cropped-cropped-icono_t-180x180-1.png\",\"contentUrl\":\"https:\\\/\\\/72.167.50.119\\\/ethoro\\\/wp-content\\\/uploads\\\/2025\\\/01\\\/cropped-cropped-icono_t-180x180-1.png\",\"width\":512,\"height\":512,\"caption\":\"Thoro Enterprises de M\u00e9xico\"},\"image\":{\"@id\":\"https:\\\/\\\/72.167.50.119\\\/ethoro\\\/#\\\/schema\\\/logo\\\/image\\\/\"},\"sameAs\":[\"https:\\\/\\\/www.facebook.com\\\/ThoroEnterprises\",\"https:\\\/\\\/www.instagram.com\\\/thoro.mexico\\\/\"]}]}<\/script>\n<!-- \/ Yoast SEO plugin. -->","yoast_head_json":{"title":"CADENA DE ACERO AL CARB\u00d3N SURTEK 150836 TIPO V\u00cdCTOR 2 MILIMETROS X 30 METROS - Thoro enterprises de Mexico","robots":{"index":"noindex","follow":"follow"},"og_locale":"es_MX","og_type":"article","og_title":"CADENA DE ACERO AL CARB\u00d3N SURTEK 150836 TIPO V\u00cdCTOR 2 MILIMETROS X 30 METROS - Thoro enterprises de Mexico","og_description":"150836 Fabricadas en acero al carb\u00f3n con acabado galvanizado L\u00edmite de carga de trabajo 180 kg Tama\u00f1o comercial 2 mil\u00edmetros Longitud 30 m Clasificaci\u00f3n de filtro 11","og_url":"https:\/\/thoro.com.mx\/ethoro\/shop\/herramientas\/herramientas-de-carga\/cadenas-de-acero-herramientas-de-carga\/cadena-de-acero-al-carbon-surtek-150836-tipo-victor-2-milimetros-x-30-metros\/","og_site_name":"Thoro enterprises de Mexico","article_publisher":"https:\/\/www.facebook.com\/ThoroEnterprises","article_modified_time":"2025-04-22T08:23:57+00:00","og_image":[{"width":1000,"height":1000,"url":"https:\/\/thoro.com.mx\/ethoro\/wp-content\/uploads\/2025\/02\/H8989.jpg","type":"image\/jpeg"}],"twitter_card":"summary_large_image","schema":{"@context":"https:\/\/schema.org","@graph":[{"@type":"WebPage","@id":"https:\/\/thoro.com.mx\/ethoro\/shop\/herramientas\/herramientas-de-carga\/cadenas-de-acero-herramientas-de-carga\/cadena-de-acero-al-carbon-surtek-150836-tipo-victor-2-milimetros-x-30-metros\/","url":"https:\/\/thoro.com.mx\/ethoro\/shop\/herramientas\/herramientas-de-carga\/cadenas-de-acero-herramientas-de-carga\/cadena-de-acero-al-carbon-surtek-150836-tipo-victor-2-milimetros-x-30-metros\/","name":"CADENA DE ACERO AL CARB\u00d3N SURTEK 150836 TIPO V\u00cdCTOR 2 MILIMETROS X 30 METROS - Thoro enterprises de Mexico","isPartOf":{"@id":"https:\/\/72.167.50.119\/ethoro\/#website"},"primaryImageOfPage":{"@id":"https:\/\/thoro.com.mx\/ethoro\/shop\/herramientas\/herramientas-de-carga\/cadenas-de-acero-herramientas-de-carga\/cadena-de-acero-al-carbon-surtek-150836-tipo-victor-2-milimetros-x-30-metros\/#primaryimage"},"image":{"@id":"https:\/\/thoro.com.mx\/ethoro\/shop\/herramientas\/herramientas-de-carga\/cadenas-de-acero-herramientas-de-carga\/cadena-de-acero-al-carbon-surtek-150836-tipo-victor-2-milimetros-x-30-metros\/#primaryimage"},"thumbnailUrl":"https:\/\/thoro.com.mx\/ethoro\/wp-content\/uploads\/2025\/02\/H8989.jpg","datePublished":"2025-02-05T20:25:02+00:00","dateModified":"2025-04-22T08:23:57+00:00","breadcrumb":{"@id":"https:\/\/thoro.com.mx\/ethoro\/shop\/herramientas\/herramientas-de-carga\/cadenas-de-acero-herramientas-de-carga\/cadena-de-acero-al-carbon-surtek-150836-tipo-victor-2-milimetros-x-30-metros\/#breadcrumb"},"inLanguage":"es","potentialAction":[{"@type":"ReadAction","target":["https:\/\/thoro.com.mx\/ethoro\/shop\/herramientas\/herramientas-de-carga\/cadenas-de-acero-herramientas-de-carga\/cadena-de-acero-al-carbon-surtek-150836-tipo-victor-2-milimetros-x-30-metros\/"]}]},{"@type":"ImageObject","inLanguage":"es","@id":"https:\/\/thoro.com.mx\/ethoro\/shop\/herramientas\/herramientas-de-carga\/cadenas-de-acero-herramientas-de-carga\/cadena-de-acero-al-carbon-surtek-150836-tipo-victor-2-milimetros-x-30-metros\/#primaryimage","url":"https:\/\/thoro.com.mx\/ethoro\/wp-content\/uploads\/2025\/02\/H8989.jpg","contentUrl":"https:\/\/thoro.com.mx\/ethoro\/wp-content\/uploads\/2025\/02\/H8989.jpg","width":1000,"height":1000},{"@type":"BreadcrumbList","@id":"https:\/\/thoro.com.mx\/ethoro\/shop\/herramientas\/herramientas-de-carga\/cadenas-de-acero-herramientas-de-carga\/cadena-de-acero-al-carbon-surtek-150836-tipo-victor-2-milimetros-x-30-metros\/#breadcrumb","itemListElement":[{"@type":"ListItem","position":1,"name":"Inicio","item":"https:\/\/thoro.com.mx\/ethoro\/"},{"@type":"ListItem","position":2,"name":"Tienda","item":"https:\/\/thoro.com.mx\/ethoro\/shop\/"},{"@type":"ListItem","position":3,"name":"CADENA DE ACERO AL CARB\u00d3N SURTEK 150836 TIPO V\u00cdCTOR 2 MILIMETROS X 30 METROS"}]},{"@type":"WebSite","@id":"https:\/\/72.167.50.119\/ethoro\/#website","url":"https:\/\/72.167.50.119\/ethoro\/","name":"Thoro Enterprises de M\u00e9xico","description":"Todo en Thoro","publisher":{"@id":"https:\/\/72.167.50.119\/ethoro\/#organization"},"alternateName":"Thoro shop","potentialAction":[{"@type":"SearchAction","target":{"@type":"EntryPoint","urlTemplate":"https:\/\/72.167.50.119\/ethoro\/?s={search_term_string}"},"query-input":{"@type":"PropertyValueSpecification","valueRequired":true,"valueName":"search_term_string"}}],"inLanguage":"es"},{"@type":"Organization","@id":"https:\/\/72.167.50.119\/ethoro\/#organization","name":"Thoro Enterprises de M\u00e9xico","alternateName":"Thoro shop","url":"https:\/\/72.167.50.119\/ethoro\/","logo":{"@type":"ImageObject","inLanguage":"es","@id":"https:\/\/72.167.50.119\/ethoro\/#\/schema\/logo\/image\/","url":"https:\/\/72.167.50.119\/ethoro\/wp-content\/uploads\/2025\/01\/cropped-cropped-icono_t-180x180-1.png","contentUrl":"https:\/\/72.167.50.119\/ethoro\/wp-content\/uploads\/2025\/01\/cropped-cropped-icono_t-180x180-1.png","width":512,"height":512,"caption":"Thoro Enterprises de M\u00e9xico"},"image":{"@id":"https:\/\/72.167.50.119\/ethoro\/#\/schema\/logo\/image\/"},"sameAs":["https:\/\/www.facebook.com\/ThoroEnterprises","https:\/\/www.instagram.com\/thoro.mexico\/"]}]}},"_links":{"self":[{"href":"https:\/\/thoro.com.mx\/ethoro\/wp-json\/wp\/v2\/product\/13887","targetHints":{"allow":["GET"]}}],"collection":[{"href":"https:\/\/thoro.com.mx\/ethoro\/wp-json\/wp\/v2\/product"}],"about":[{"href":"https:\/\/thoro.com.mx\/ethoro\/wp-json\/wp\/v2\/types\/product"}],"replies":[{"embeddable":true,"href":"https:\/\/thoro.com.mx\/ethoro\/wp-json\/wp\/v2\/comments?post=13887"}],"wp:featuredmedia":[{"embeddable":true,"href":"https:\/\/thoro.com.mx\/ethoro\/wp-json\/wp\/v2\/media\/13886"}],"wp:attachment":[{"href":"https:\/\/thoro.com.mx\/ethoro\/wp-json\/wp\/v2\/media?parent=13887"}],"wp:term":[{"taxonomy":"product_brand","embeddable":true,"href":"https:\/\/thoro.com.mx\/ethoro\/wp-json\/wp\/v2\/product_brand?post=13887"},{"taxonomy":"product_cat","embeddable":true,"href":"https:\/\/thoro.com.mx\/ethoro\/wp-json\/wp\/v2\/product_cat?post=13887"},{"taxonomy":"product_tag","embeddable":true,"href":"https:\/\/thoro.com.mx\/ethoro\/wp-json\/wp\/v2\/product_tag?post=13887"}],"curies":[{"name":"wp","href":"https:\/\/api.w.org\/{rel}","templated":true}]}}