{"id":14429,"date":"2025-02-05T14:33:56","date_gmt":"2025-02-05T20:33:56","guid":{"rendered":"https:\/\/72.167.50.119\/ethoro\/shop\/sin categor\u00eda\/taladro-neumatico-surtek-tn538-reversible-broquero-de-3-8-1800-rpm\/"},"modified":"2026-03-30T02:33:59","modified_gmt":"2026-03-30T08:33:59","slug":"taladro-neumatico-surtek-tn538-reversible-broquero-de-3-8-1800-rpm","status":"publish","type":"product","link":"https:\/\/thoro.com.mx\/ethoro\/shop\/herramientas\/herramientas-neumaticas\/taladros-herramientas-neumaticas\/taladro-neumatico-surtek-tn538-reversible-broquero-de-3-8-1800-rpm\/","title":{"rendered":"TALADRO NEUM\u00c1TICO SURTEK TN538 REVERSIBLE BROQUERO DE 3\/8&#8221; 1800 RPM"},"content":{"rendered":"<h4>TN538<\/h4>\n<ul>\n<li>Taladro neum\u00e1tico<\/li>\n<li>Broquero 3\/8&#8243;<\/li>\n<li>Entrada de aire de 1\/4&#8243; NPT<\/li>\n<li>Flujo de aire 4.5 CFM<\/li>\n<li>Presi\u00f3n de trabajo 90 PSI<\/li>\n<li>Velocidad en vac\u00edo de 1800 r\/min<\/li>\n<li>Ideal para taladrar en \u00e1reas estrechas<\/li>\n<li>Utilizados en el mantenimiento y reparaci\u00f3n de autom\u00f3viles<\/li>\n<li>Dise\u00f1o compacto y ligero para trabajos en lugares reducidos y de dif\u00edcil acceso<\/li>\n<\/ul>\n","protected":false},"excerpt":{"rendered":"<p>TN538 Taladro neum\u00e1tico Broquero 3\/8&#8243; Entrada de aire de 1\/4&#8243; NPT Flujo de aire 4.5 CFM Presi\u00f3n de trabajo 90 PSI Velocidad en vac\u00edo de 1800 r\/min Ideal para taladrar en \u00e1reas estrechas Utilizados en el mantenimiento y reparaci\u00f3n de autom\u00f3viles Dise\u00f1o compacto y ligero para trabajos en lugares reducidos y de dif\u00edcil acceso<\/p>\n","protected":false},"featured_media":14428,"comment_status":"open","ping_status":"closed","template":"","meta":{"_monsterinsights_skip_tracking":false,"_monsterinsights_sitenote_active":false,"_monsterinsights_sitenote_note":"","_monsterinsights_sitenote_category":0,"_joinchat":[]},"product_brand":[],"product_cat":[4414],"product_tag":[],"class_list":{"0":"post-14429","1":"product","2":"type-product","3":"status-publish","4":"has-post-thumbnail","6":"product_cat-taladros-herramientas-neumaticas","8":"first","9":"outofstock","10":"taxable","11":"shipping-taxable","12":"purchasable","13":"product-type-simple","14":"add-to-wishlist-after_add_to_cart"},"yoast_head":"<!-- This site is optimized with the Yoast SEO plugin v27.1.1 - https:\/\/yoast.com\/product\/yoast-seo-wordpress\/ -->\n<title>TALADRO NEUM\u00c1TICO SURTEK TN538 REVERSIBLE BROQUERO DE 3\/8&#039;&#039; 1800 RPM - Thoro enterprises de Mexico<\/title>\n<meta name=\"robots\" content=\"noindex, follow\" \/>\n<meta property=\"og:locale\" content=\"es_MX\" \/>\n<meta property=\"og:type\" content=\"article\" \/>\n<meta property=\"og:title\" content=\"TALADRO NEUM\u00c1TICO SURTEK TN538 REVERSIBLE BROQUERO DE 3\/8&#039;&#039; 1800 RPM - Thoro enterprises de Mexico\" \/>\n<meta property=\"og:description\" content=\"TN538 Taladro neum\u00e1tico Broquero 3\/8&#8243; Entrada de aire de 1\/4&#8243; NPT Flujo de aire 4.5 CFM Presi\u00f3n de trabajo 90 PSI Velocidad en vac\u00edo de 1800 r\/min Ideal para taladrar en \u00e1reas estrechas Utilizados en el mantenimiento y reparaci\u00f3n de autom\u00f3viles Dise\u00f1o compacto y ligero para trabajos en lugares reducidos y de dif\u00edcil acceso\" \/>\n<meta property=\"og:url\" content=\"https:\/\/thoro.com.mx\/ethoro\/shop\/herramientas\/herramientas-neumaticas\/taladros-herramientas-neumaticas\/taladro-neumatico-surtek-tn538-reversible-broquero-de-3-8-1800-rpm\/\" \/>\n<meta property=\"og:site_name\" content=\"Thoro enterprises de Mexico\" \/>\n<meta property=\"article:publisher\" content=\"https:\/\/www.facebook.com\/ThoroEnterprises\" \/>\n<meta property=\"article:modified_time\" content=\"2026-03-30T08:33:59+00:00\" \/>\n<meta property=\"og:image\" content=\"https:\/\/thoro.com.mx\/ethoro\/wp-content\/uploads\/2025\/02\/H9640.jpg\" \/>\n\t<meta property=\"og:image:width\" content=\"1000\" \/>\n\t<meta property=\"og:image:height\" content=\"1000\" \/>\n\t<meta property=\"og:image:type\" content=\"image\/jpeg\" \/>\n<meta name=\"twitter:card\" content=\"summary_large_image\" \/>\n<script type=\"application\/ld+json\" class=\"yoast-schema-graph\">{\"@context\":\"https:\/\/schema.org\",\"@graph\":[{\"@type\":\"WebPage\",\"@id\":\"https:\/\/thoro.com.mx\/ethoro\/shop\/herramientas\/herramientas-neumaticas\/taladros-herramientas-neumaticas\/taladro-neumatico-surtek-tn538-reversible-broquero-de-3-8-1800-rpm\/\",\"url\":\"https:\/\/thoro.com.mx\/ethoro\/shop\/herramientas\/herramientas-neumaticas\/taladros-herramientas-neumaticas\/taladro-neumatico-surtek-tn538-reversible-broquero-de-3-8-1800-rpm\/\",\"name\":\"TALADRO NEUM\u00c1TICO SURTEK TN538 REVERSIBLE BROQUERO DE 3\/8'' 1800 RPM - Thoro enterprises de Mexico\",\"isPartOf\":{\"@id\":\"https:\/\/72.167.50.119\/ethoro\/#website\"},\"primaryImageOfPage\":{\"@id\":\"https:\/\/thoro.com.mx\/ethoro\/shop\/herramientas\/herramientas-neumaticas\/taladros-herramientas-neumaticas\/taladro-neumatico-surtek-tn538-reversible-broquero-de-3-8-1800-rpm\/#primaryimage\"},\"image\":{\"@id\":\"https:\/\/thoro.com.mx\/ethoro\/shop\/herramientas\/herramientas-neumaticas\/taladros-herramientas-neumaticas\/taladro-neumatico-surtek-tn538-reversible-broquero-de-3-8-1800-rpm\/#primaryimage\"},\"thumbnailUrl\":\"https:\/\/thoro.com.mx\/ethoro\/wp-content\/uploads\/2025\/02\/H9640.jpg\",\"datePublished\":\"2025-02-05T20:33:56+00:00\",\"dateModified\":\"2026-03-30T08:33:59+00:00\",\"breadcrumb\":{\"@id\":\"https:\/\/thoro.com.mx\/ethoro\/shop\/herramientas\/herramientas-neumaticas\/taladros-herramientas-neumaticas\/taladro-neumatico-surtek-tn538-reversible-broquero-de-3-8-1800-rpm\/#breadcrumb\"},\"inLanguage\":\"es\",\"potentialAction\":[{\"@type\":\"ReadAction\",\"target\":[\"https:\/\/thoro.com.mx\/ethoro\/shop\/herramientas\/herramientas-neumaticas\/taladros-herramientas-neumaticas\/taladro-neumatico-surtek-tn538-reversible-broquero-de-3-8-1800-rpm\/\"]}]},{\"@type\":\"ImageObject\",\"inLanguage\":\"es\",\"@id\":\"https:\/\/thoro.com.mx\/ethoro\/shop\/herramientas\/herramientas-neumaticas\/taladros-herramientas-neumaticas\/taladro-neumatico-surtek-tn538-reversible-broquero-de-3-8-1800-rpm\/#primaryimage\",\"url\":\"https:\/\/thoro.com.mx\/ethoro\/wp-content\/uploads\/2025\/02\/H9640.jpg\",\"contentUrl\":\"https:\/\/thoro.com.mx\/ethoro\/wp-content\/uploads\/2025\/02\/H9640.jpg\",\"width\":1000,\"height\":1000},{\"@type\":\"BreadcrumbList\",\"@id\":\"https:\/\/thoro.com.mx\/ethoro\/shop\/herramientas\/herramientas-neumaticas\/taladros-herramientas-neumaticas\/taladro-neumatico-surtek-tn538-reversible-broquero-de-3-8-1800-rpm\/#breadcrumb\",\"itemListElement\":[{\"@type\":\"ListItem\",\"position\":1,\"name\":\"Inicio\",\"item\":\"https:\/\/thoro.com.mx\/ethoro\/\"},{\"@type\":\"ListItem\",\"position\":2,\"name\":\"Tienda\",\"item\":\"https:\/\/thoro.com.mx\/ethoro\/shop\/\"},{\"@type\":\"ListItem\",\"position\":3,\"name\":\"TALADRO NEUM\u00c1TICO SURTEK TN538 REVERSIBLE BROQUERO DE 3\/8&#8221; 1800 RPM\"}]},{\"@type\":\"WebSite\",\"@id\":\"https:\/\/72.167.50.119\/ethoro\/#website\",\"url\":\"https:\/\/72.167.50.119\/ethoro\/\",\"name\":\"Thoro Enterprises de M\u00e9xico\",\"description\":\"Todo en Thoro\",\"publisher\":{\"@id\":\"https:\/\/72.167.50.119\/ethoro\/#organization\"},\"alternateName\":\"Thoro shop\",\"potentialAction\":[{\"@type\":\"SearchAction\",\"target\":{\"@type\":\"EntryPoint\",\"urlTemplate\":\"https:\/\/72.167.50.119\/ethoro\/?s={search_term_string}\"},\"query-input\":{\"@type\":\"PropertyValueSpecification\",\"valueRequired\":true,\"valueName\":\"search_term_string\"}}],\"inLanguage\":\"es\"},{\"@type\":\"Organization\",\"@id\":\"https:\/\/72.167.50.119\/ethoro\/#organization\",\"name\":\"Thoro Enterprises de M\u00e9xico\",\"alternateName\":\"Thoro shop\",\"url\":\"https:\/\/72.167.50.119\/ethoro\/\",\"logo\":{\"@type\":\"ImageObject\",\"inLanguage\":\"es\",\"@id\":\"https:\/\/72.167.50.119\/ethoro\/#\/schema\/logo\/image\/\",\"url\":\"https:\/\/72.167.50.119\/ethoro\/wp-content\/uploads\/2025\/01\/cropped-cropped-icono_t-180x180-1.png\",\"contentUrl\":\"https:\/\/72.167.50.119\/ethoro\/wp-content\/uploads\/2025\/01\/cropped-cropped-icono_t-180x180-1.png\",\"width\":512,\"height\":512,\"caption\":\"Thoro Enterprises de M\u00e9xico\"},\"image\":{\"@id\":\"https:\/\/72.167.50.119\/ethoro\/#\/schema\/logo\/image\/\"},\"sameAs\":[\"https:\/\/www.facebook.com\/ThoroEnterprises\",\"https:\/\/www.instagram.com\/thoro.mexico\/\"]}]}<\/script>\n<!-- \/ Yoast SEO plugin. -->","yoast_head_json":{"title":"TALADRO NEUM\u00c1TICO SURTEK TN538 REVERSIBLE BROQUERO DE 3\/8'' 1800 RPM - Thoro enterprises de Mexico","robots":{"index":"noindex","follow":"follow"},"og_locale":"es_MX","og_type":"article","og_title":"TALADRO NEUM\u00c1TICO SURTEK TN538 REVERSIBLE BROQUERO DE 3\/8'' 1800 RPM - Thoro enterprises de Mexico","og_description":"TN538 Taladro neum\u00e1tico Broquero 3\/8&#8243; Entrada de aire de 1\/4&#8243; NPT Flujo de aire 4.5 CFM Presi\u00f3n de trabajo 90 PSI Velocidad en vac\u00edo de 1800 r\/min Ideal para taladrar en \u00e1reas estrechas Utilizados en el mantenimiento y reparaci\u00f3n de autom\u00f3viles Dise\u00f1o compacto y ligero para trabajos en lugares reducidos y de dif\u00edcil acceso","og_url":"https:\/\/thoro.com.mx\/ethoro\/shop\/herramientas\/herramientas-neumaticas\/taladros-herramientas-neumaticas\/taladro-neumatico-surtek-tn538-reversible-broquero-de-3-8-1800-rpm\/","og_site_name":"Thoro enterprises de Mexico","article_publisher":"https:\/\/www.facebook.com\/ThoroEnterprises","article_modified_time":"2026-03-30T08:33:59+00:00","og_image":[{"width":1000,"height":1000,"url":"https:\/\/thoro.com.mx\/ethoro\/wp-content\/uploads\/2025\/02\/H9640.jpg","type":"image\/jpeg"}],"twitter_card":"summary_large_image","schema":{"@context":"https:\/\/schema.org","@graph":[{"@type":"WebPage","@id":"https:\/\/thoro.com.mx\/ethoro\/shop\/herramientas\/herramientas-neumaticas\/taladros-herramientas-neumaticas\/taladro-neumatico-surtek-tn538-reversible-broquero-de-3-8-1800-rpm\/","url":"https:\/\/thoro.com.mx\/ethoro\/shop\/herramientas\/herramientas-neumaticas\/taladros-herramientas-neumaticas\/taladro-neumatico-surtek-tn538-reversible-broquero-de-3-8-1800-rpm\/","name":"TALADRO NEUM\u00c1TICO SURTEK TN538 REVERSIBLE BROQUERO DE 3\/8'' 1800 RPM - Thoro enterprises de Mexico","isPartOf":{"@id":"https:\/\/72.167.50.119\/ethoro\/#website"},"primaryImageOfPage":{"@id":"https:\/\/thoro.com.mx\/ethoro\/shop\/herramientas\/herramientas-neumaticas\/taladros-herramientas-neumaticas\/taladro-neumatico-surtek-tn538-reversible-broquero-de-3-8-1800-rpm\/#primaryimage"},"image":{"@id":"https:\/\/thoro.com.mx\/ethoro\/shop\/herramientas\/herramientas-neumaticas\/taladros-herramientas-neumaticas\/taladro-neumatico-surtek-tn538-reversible-broquero-de-3-8-1800-rpm\/#primaryimage"},"thumbnailUrl":"https:\/\/thoro.com.mx\/ethoro\/wp-content\/uploads\/2025\/02\/H9640.jpg","datePublished":"2025-02-05T20:33:56+00:00","dateModified":"2026-03-30T08:33:59+00:00","breadcrumb":{"@id":"https:\/\/thoro.com.mx\/ethoro\/shop\/herramientas\/herramientas-neumaticas\/taladros-herramientas-neumaticas\/taladro-neumatico-surtek-tn538-reversible-broquero-de-3-8-1800-rpm\/#breadcrumb"},"inLanguage":"es","potentialAction":[{"@type":"ReadAction","target":["https:\/\/thoro.com.mx\/ethoro\/shop\/herramientas\/herramientas-neumaticas\/taladros-herramientas-neumaticas\/taladro-neumatico-surtek-tn538-reversible-broquero-de-3-8-1800-rpm\/"]}]},{"@type":"ImageObject","inLanguage":"es","@id":"https:\/\/thoro.com.mx\/ethoro\/shop\/herramientas\/herramientas-neumaticas\/taladros-herramientas-neumaticas\/taladro-neumatico-surtek-tn538-reversible-broquero-de-3-8-1800-rpm\/#primaryimage","url":"https:\/\/thoro.com.mx\/ethoro\/wp-content\/uploads\/2025\/02\/H9640.jpg","contentUrl":"https:\/\/thoro.com.mx\/ethoro\/wp-content\/uploads\/2025\/02\/H9640.jpg","width":1000,"height":1000},{"@type":"BreadcrumbList","@id":"https:\/\/thoro.com.mx\/ethoro\/shop\/herramientas\/herramientas-neumaticas\/taladros-herramientas-neumaticas\/taladro-neumatico-surtek-tn538-reversible-broquero-de-3-8-1800-rpm\/#breadcrumb","itemListElement":[{"@type":"ListItem","position":1,"name":"Inicio","item":"https:\/\/thoro.com.mx\/ethoro\/"},{"@type":"ListItem","position":2,"name":"Tienda","item":"https:\/\/thoro.com.mx\/ethoro\/shop\/"},{"@type":"ListItem","position":3,"name":"TALADRO NEUM\u00c1TICO SURTEK TN538 REVERSIBLE BROQUERO DE 3\/8&#8221; 1800 RPM"}]},{"@type":"WebSite","@id":"https:\/\/72.167.50.119\/ethoro\/#website","url":"https:\/\/72.167.50.119\/ethoro\/","name":"Thoro Enterprises de M\u00e9xico","description":"Todo en Thoro","publisher":{"@id":"https:\/\/72.167.50.119\/ethoro\/#organization"},"alternateName":"Thoro shop","potentialAction":[{"@type":"SearchAction","target":{"@type":"EntryPoint","urlTemplate":"https:\/\/72.167.50.119\/ethoro\/?s={search_term_string}"},"query-input":{"@type":"PropertyValueSpecification","valueRequired":true,"valueName":"search_term_string"}}],"inLanguage":"es"},{"@type":"Organization","@id":"https:\/\/72.167.50.119\/ethoro\/#organization","name":"Thoro Enterprises de M\u00e9xico","alternateName":"Thoro shop","url":"https:\/\/72.167.50.119\/ethoro\/","logo":{"@type":"ImageObject","inLanguage":"es","@id":"https:\/\/72.167.50.119\/ethoro\/#\/schema\/logo\/image\/","url":"https:\/\/72.167.50.119\/ethoro\/wp-content\/uploads\/2025\/01\/cropped-cropped-icono_t-180x180-1.png","contentUrl":"https:\/\/72.167.50.119\/ethoro\/wp-content\/uploads\/2025\/01\/cropped-cropped-icono_t-180x180-1.png","width":512,"height":512,"caption":"Thoro Enterprises de M\u00e9xico"},"image":{"@id":"https:\/\/72.167.50.119\/ethoro\/#\/schema\/logo\/image\/"},"sameAs":["https:\/\/www.facebook.com\/ThoroEnterprises","https:\/\/www.instagram.com\/thoro.mexico\/"]}]}},"_links":{"self":[{"href":"https:\/\/thoro.com.mx\/ethoro\/wp-json\/wp\/v2\/product\/14429","targetHints":{"allow":["GET"]}}],"collection":[{"href":"https:\/\/thoro.com.mx\/ethoro\/wp-json\/wp\/v2\/product"}],"about":[{"href":"https:\/\/thoro.com.mx\/ethoro\/wp-json\/wp\/v2\/types\/product"}],"replies":[{"embeddable":true,"href":"https:\/\/thoro.com.mx\/ethoro\/wp-json\/wp\/v2\/comments?post=14429"}],"wp:featuredmedia":[{"embeddable":true,"href":"https:\/\/thoro.com.mx\/ethoro\/wp-json\/wp\/v2\/media\/14428"}],"wp:attachment":[{"href":"https:\/\/thoro.com.mx\/ethoro\/wp-json\/wp\/v2\/media?parent=14429"}],"wp:term":[{"taxonomy":"product_brand","embeddable":true,"href":"https:\/\/thoro.com.mx\/ethoro\/wp-json\/wp\/v2\/product_brand?post=14429"},{"taxonomy":"product_cat","embeddable":true,"href":"https:\/\/thoro.com.mx\/ethoro\/wp-json\/wp\/v2\/product_cat?post=14429"},{"taxonomy":"product_tag","embeddable":true,"href":"https:\/\/thoro.com.mx\/ethoro\/wp-json\/wp\/v2\/product_tag?post=14429"}],"curies":[{"name":"wp","href":"https:\/\/api.w.org\/{rel}","templated":true}]}}