{"id":14439,"date":"2025-02-05T14:34:05","date_gmt":"2025-02-05T20:34:05","guid":{"rendered":"https:\/\/72.167.50.119\/ethoro\/shop\/sin categor\u00eda\/gato-hidraulico-de-patin-surtek-gpf1-compacto-1-5-toneladas\/"},"modified":"2026-01-16T02:23:50","modified_gmt":"2026-01-16T08:23:50","slug":"gato-hidraulico-de-patin-surtek-gpf1-compacto-1-5-toneladas","status":"publish","type":"product","link":"https:\/\/thoro.com.mx\/ethoro\/shop\/herramientas\/herramientas-automotrices-herramientas\/gatos-hidraulicos-herramientas-automotrices-herramientas\/gato-hidraulico-de-patin-surtek-gpf1-compacto-1-5-toneladas\/","title":{"rendered":"GATO HIDR\u00c1ULICO DE PAT\u00cdN SURTEK GPF1  COMPACTO 1.5 TONELADAS"},"content":{"rendered":"<h4>GPF1<\/h4>\n<ul>\n<li>Cuenta con v\u00e1lvula de seguridad para prevenir sobrecargas<\/li>\n<li>Maneral de levante desmontable con mango de grip pl\u00e1stico antiderrapante<\/li>\n<li>Altura m\u00e1xima 130 cm<\/li>\n<li>Longitud de base 38 cm<\/li>\n<li>Material de mango Acero con grip<\/li>\n<li>N\u00famero de ruedas 4<\/li>\n<li>Capacidad de carga 1.5 ton<\/li>\n<li>Altura m\u00ednima 13.5 cm<\/li>\n<\/ul>\n","protected":false},"excerpt":{"rendered":"<p>GPF1 Cuenta con v\u00e1lvula de seguridad para prevenir sobrecargas Maneral de levante desmontable con mango de grip pl\u00e1stico antiderrapante Altura m\u00e1xima 130 cm Longitud de base 38 cm Material de mango Acero con grip N\u00famero de ruedas 4 Capacidad de carga 1.5 ton Altura m\u00ednima 13.5 cm<\/p>\n","protected":false},"featured_media":14438,"comment_status":"open","ping_status":"closed","template":"","meta":{"_monsterinsights_skip_tracking":false,"_monsterinsights_sitenote_active":false,"_monsterinsights_sitenote_note":"","_monsterinsights_sitenote_category":0,"_joinchat":[]},"product_brand":[],"product_cat":[10244],"product_tag":[],"class_list":{"0":"post-14439","1":"product","2":"type-product","3":"status-publish","4":"has-post-thumbnail","6":"product_cat-gatos-hidraulicos-herramientas-automotrices-herramientas","8":"first","9":"outofstock","10":"taxable","11":"shipping-taxable","12":"purchasable","13":"product-type-simple","14":"add-to-wishlist-after_add_to_cart"},"yoast_head":"<!-- This site is optimized with the Yoast SEO plugin v27.1.1 - https:\/\/yoast.com\/product\/yoast-seo-wordpress\/ -->\n<title>GATO HIDR\u00c1ULICO DE PAT\u00cdN SURTEK GPF1 COMPACTO 1.5 TONELADAS - Thoro enterprises de Mexico<\/title>\n<meta name=\"robots\" content=\"noindex, follow\" \/>\n<meta property=\"og:locale\" content=\"es_MX\" \/>\n<meta property=\"og:type\" content=\"article\" \/>\n<meta property=\"og:title\" content=\"GATO HIDR\u00c1ULICO DE PAT\u00cdN SURTEK GPF1 COMPACTO 1.5 TONELADAS - Thoro enterprises de Mexico\" \/>\n<meta property=\"og:description\" content=\"GPF1 Cuenta con v\u00e1lvula de seguridad para prevenir sobrecargas Maneral de levante desmontable con mango de grip pl\u00e1stico antiderrapante Altura m\u00e1xima 130 cm Longitud de base 38 cm Material de mango Acero con grip N\u00famero de ruedas 4 Capacidad de carga 1.5 ton Altura m\u00ednima 13.5 cm\" \/>\n<meta property=\"og:url\" content=\"https:\/\/thoro.com.mx\/ethoro\/shop\/herramientas\/herramientas-automotrices-herramientas\/gatos-hidraulicos-herramientas-automotrices-herramientas\/gato-hidraulico-de-patin-surtek-gpf1-compacto-1-5-toneladas\/\" \/>\n<meta property=\"og:site_name\" content=\"Thoro enterprises de Mexico\" \/>\n<meta property=\"article:publisher\" content=\"https:\/\/www.facebook.com\/ThoroEnterprises\" \/>\n<meta property=\"article:modified_time\" content=\"2026-01-16T08:23:50+00:00\" \/>\n<meta property=\"og:image\" content=\"https:\/\/thoro.com.mx\/ethoro\/wp-content\/uploads\/2025\/02\/H9701.jpg\" \/>\n\t<meta property=\"og:image:width\" content=\"1000\" \/>\n\t<meta property=\"og:image:height\" content=\"1000\" \/>\n\t<meta property=\"og:image:type\" content=\"image\/jpeg\" \/>\n<meta name=\"twitter:card\" content=\"summary_large_image\" \/>\n<script type=\"application\/ld+json\" class=\"yoast-schema-graph\">{\"@context\":\"https:\/\/schema.org\",\"@graph\":[{\"@type\":\"WebPage\",\"@id\":\"https:\/\/thoro.com.mx\/ethoro\/shop\/herramientas\/herramientas-automotrices-herramientas\/gatos-hidraulicos-herramientas-automotrices-herramientas\/gato-hidraulico-de-patin-surtek-gpf1-compacto-1-5-toneladas\/\",\"url\":\"https:\/\/thoro.com.mx\/ethoro\/shop\/herramientas\/herramientas-automotrices-herramientas\/gatos-hidraulicos-herramientas-automotrices-herramientas\/gato-hidraulico-de-patin-surtek-gpf1-compacto-1-5-toneladas\/\",\"name\":\"GATO HIDR\u00c1ULICO DE PAT\u00cdN SURTEK GPF1 COMPACTO 1.5 TONELADAS - Thoro enterprises de Mexico\",\"isPartOf\":{\"@id\":\"https:\/\/72.167.50.119\/ethoro\/#website\"},\"primaryImageOfPage\":{\"@id\":\"https:\/\/thoro.com.mx\/ethoro\/shop\/herramientas\/herramientas-automotrices-herramientas\/gatos-hidraulicos-herramientas-automotrices-herramientas\/gato-hidraulico-de-patin-surtek-gpf1-compacto-1-5-toneladas\/#primaryimage\"},\"image\":{\"@id\":\"https:\/\/thoro.com.mx\/ethoro\/shop\/herramientas\/herramientas-automotrices-herramientas\/gatos-hidraulicos-herramientas-automotrices-herramientas\/gato-hidraulico-de-patin-surtek-gpf1-compacto-1-5-toneladas\/#primaryimage\"},\"thumbnailUrl\":\"https:\/\/thoro.com.mx\/ethoro\/wp-content\/uploads\/2025\/02\/H9701.jpg\",\"datePublished\":\"2025-02-05T20:34:05+00:00\",\"dateModified\":\"2026-01-16T08:23:50+00:00\",\"breadcrumb\":{\"@id\":\"https:\/\/thoro.com.mx\/ethoro\/shop\/herramientas\/herramientas-automotrices-herramientas\/gatos-hidraulicos-herramientas-automotrices-herramientas\/gato-hidraulico-de-patin-surtek-gpf1-compacto-1-5-toneladas\/#breadcrumb\"},\"inLanguage\":\"es\",\"potentialAction\":[{\"@type\":\"ReadAction\",\"target\":[\"https:\/\/thoro.com.mx\/ethoro\/shop\/herramientas\/herramientas-automotrices-herramientas\/gatos-hidraulicos-herramientas-automotrices-herramientas\/gato-hidraulico-de-patin-surtek-gpf1-compacto-1-5-toneladas\/\"]}]},{\"@type\":\"ImageObject\",\"inLanguage\":\"es\",\"@id\":\"https:\/\/thoro.com.mx\/ethoro\/shop\/herramientas\/herramientas-automotrices-herramientas\/gatos-hidraulicos-herramientas-automotrices-herramientas\/gato-hidraulico-de-patin-surtek-gpf1-compacto-1-5-toneladas\/#primaryimage\",\"url\":\"https:\/\/thoro.com.mx\/ethoro\/wp-content\/uploads\/2025\/02\/H9701.jpg\",\"contentUrl\":\"https:\/\/thoro.com.mx\/ethoro\/wp-content\/uploads\/2025\/02\/H9701.jpg\",\"width\":1000,\"height\":1000},{\"@type\":\"BreadcrumbList\",\"@id\":\"https:\/\/thoro.com.mx\/ethoro\/shop\/herramientas\/herramientas-automotrices-herramientas\/gatos-hidraulicos-herramientas-automotrices-herramientas\/gato-hidraulico-de-patin-surtek-gpf1-compacto-1-5-toneladas\/#breadcrumb\",\"itemListElement\":[{\"@type\":\"ListItem\",\"position\":1,\"name\":\"Inicio\",\"item\":\"https:\/\/thoro.com.mx\/ethoro\/\"},{\"@type\":\"ListItem\",\"position\":2,\"name\":\"Tienda\",\"item\":\"https:\/\/thoro.com.mx\/ethoro\/shop\/\"},{\"@type\":\"ListItem\",\"position\":3,\"name\":\"GATO HIDR\u00c1ULICO DE PAT\u00cdN SURTEK GPF1 COMPACTO 1.5 TONELADAS\"}]},{\"@type\":\"WebSite\",\"@id\":\"https:\/\/72.167.50.119\/ethoro\/#website\",\"url\":\"https:\/\/72.167.50.119\/ethoro\/\",\"name\":\"Thoro Enterprises de M\u00e9xico\",\"description\":\"Todo en Thoro\",\"publisher\":{\"@id\":\"https:\/\/72.167.50.119\/ethoro\/#organization\"},\"alternateName\":\"Thoro shop\",\"potentialAction\":[{\"@type\":\"SearchAction\",\"target\":{\"@type\":\"EntryPoint\",\"urlTemplate\":\"https:\/\/72.167.50.119\/ethoro\/?s={search_term_string}\"},\"query-input\":{\"@type\":\"PropertyValueSpecification\",\"valueRequired\":true,\"valueName\":\"search_term_string\"}}],\"inLanguage\":\"es\"},{\"@type\":\"Organization\",\"@id\":\"https:\/\/72.167.50.119\/ethoro\/#organization\",\"name\":\"Thoro Enterprises de M\u00e9xico\",\"alternateName\":\"Thoro shop\",\"url\":\"https:\/\/72.167.50.119\/ethoro\/\",\"logo\":{\"@type\":\"ImageObject\",\"inLanguage\":\"es\",\"@id\":\"https:\/\/72.167.50.119\/ethoro\/#\/schema\/logo\/image\/\",\"url\":\"https:\/\/72.167.50.119\/ethoro\/wp-content\/uploads\/2025\/01\/cropped-cropped-icono_t-180x180-1.png\",\"contentUrl\":\"https:\/\/72.167.50.119\/ethoro\/wp-content\/uploads\/2025\/01\/cropped-cropped-icono_t-180x180-1.png\",\"width\":512,\"height\":512,\"caption\":\"Thoro Enterprises de M\u00e9xico\"},\"image\":{\"@id\":\"https:\/\/72.167.50.119\/ethoro\/#\/schema\/logo\/image\/\"},\"sameAs\":[\"https:\/\/www.facebook.com\/ThoroEnterprises\",\"https:\/\/www.instagram.com\/thoro.mexico\/\"]}]}<\/script>\n<!-- \/ Yoast SEO plugin. -->","yoast_head_json":{"title":"GATO HIDR\u00c1ULICO DE PAT\u00cdN SURTEK GPF1 COMPACTO 1.5 TONELADAS - Thoro enterprises de Mexico","robots":{"index":"noindex","follow":"follow"},"og_locale":"es_MX","og_type":"article","og_title":"GATO HIDR\u00c1ULICO DE PAT\u00cdN SURTEK GPF1 COMPACTO 1.5 TONELADAS - Thoro enterprises de Mexico","og_description":"GPF1 Cuenta con v\u00e1lvula de seguridad para prevenir sobrecargas Maneral de levante desmontable con mango de grip pl\u00e1stico antiderrapante Altura m\u00e1xima 130 cm Longitud de base 38 cm Material de mango Acero con grip N\u00famero de ruedas 4 Capacidad de carga 1.5 ton Altura m\u00ednima 13.5 cm","og_url":"https:\/\/thoro.com.mx\/ethoro\/shop\/herramientas\/herramientas-automotrices-herramientas\/gatos-hidraulicos-herramientas-automotrices-herramientas\/gato-hidraulico-de-patin-surtek-gpf1-compacto-1-5-toneladas\/","og_site_name":"Thoro enterprises de Mexico","article_publisher":"https:\/\/www.facebook.com\/ThoroEnterprises","article_modified_time":"2026-01-16T08:23:50+00:00","og_image":[{"width":1000,"height":1000,"url":"https:\/\/thoro.com.mx\/ethoro\/wp-content\/uploads\/2025\/02\/H9701.jpg","type":"image\/jpeg"}],"twitter_card":"summary_large_image","schema":{"@context":"https:\/\/schema.org","@graph":[{"@type":"WebPage","@id":"https:\/\/thoro.com.mx\/ethoro\/shop\/herramientas\/herramientas-automotrices-herramientas\/gatos-hidraulicos-herramientas-automotrices-herramientas\/gato-hidraulico-de-patin-surtek-gpf1-compacto-1-5-toneladas\/","url":"https:\/\/thoro.com.mx\/ethoro\/shop\/herramientas\/herramientas-automotrices-herramientas\/gatos-hidraulicos-herramientas-automotrices-herramientas\/gato-hidraulico-de-patin-surtek-gpf1-compacto-1-5-toneladas\/","name":"GATO HIDR\u00c1ULICO DE PAT\u00cdN SURTEK GPF1 COMPACTO 1.5 TONELADAS - Thoro enterprises de Mexico","isPartOf":{"@id":"https:\/\/72.167.50.119\/ethoro\/#website"},"primaryImageOfPage":{"@id":"https:\/\/thoro.com.mx\/ethoro\/shop\/herramientas\/herramientas-automotrices-herramientas\/gatos-hidraulicos-herramientas-automotrices-herramientas\/gato-hidraulico-de-patin-surtek-gpf1-compacto-1-5-toneladas\/#primaryimage"},"image":{"@id":"https:\/\/thoro.com.mx\/ethoro\/shop\/herramientas\/herramientas-automotrices-herramientas\/gatos-hidraulicos-herramientas-automotrices-herramientas\/gato-hidraulico-de-patin-surtek-gpf1-compacto-1-5-toneladas\/#primaryimage"},"thumbnailUrl":"https:\/\/thoro.com.mx\/ethoro\/wp-content\/uploads\/2025\/02\/H9701.jpg","datePublished":"2025-02-05T20:34:05+00:00","dateModified":"2026-01-16T08:23:50+00:00","breadcrumb":{"@id":"https:\/\/thoro.com.mx\/ethoro\/shop\/herramientas\/herramientas-automotrices-herramientas\/gatos-hidraulicos-herramientas-automotrices-herramientas\/gato-hidraulico-de-patin-surtek-gpf1-compacto-1-5-toneladas\/#breadcrumb"},"inLanguage":"es","potentialAction":[{"@type":"ReadAction","target":["https:\/\/thoro.com.mx\/ethoro\/shop\/herramientas\/herramientas-automotrices-herramientas\/gatos-hidraulicos-herramientas-automotrices-herramientas\/gato-hidraulico-de-patin-surtek-gpf1-compacto-1-5-toneladas\/"]}]},{"@type":"ImageObject","inLanguage":"es","@id":"https:\/\/thoro.com.mx\/ethoro\/shop\/herramientas\/herramientas-automotrices-herramientas\/gatos-hidraulicos-herramientas-automotrices-herramientas\/gato-hidraulico-de-patin-surtek-gpf1-compacto-1-5-toneladas\/#primaryimage","url":"https:\/\/thoro.com.mx\/ethoro\/wp-content\/uploads\/2025\/02\/H9701.jpg","contentUrl":"https:\/\/thoro.com.mx\/ethoro\/wp-content\/uploads\/2025\/02\/H9701.jpg","width":1000,"height":1000},{"@type":"BreadcrumbList","@id":"https:\/\/thoro.com.mx\/ethoro\/shop\/herramientas\/herramientas-automotrices-herramientas\/gatos-hidraulicos-herramientas-automotrices-herramientas\/gato-hidraulico-de-patin-surtek-gpf1-compacto-1-5-toneladas\/#breadcrumb","itemListElement":[{"@type":"ListItem","position":1,"name":"Inicio","item":"https:\/\/thoro.com.mx\/ethoro\/"},{"@type":"ListItem","position":2,"name":"Tienda","item":"https:\/\/thoro.com.mx\/ethoro\/shop\/"},{"@type":"ListItem","position":3,"name":"GATO HIDR\u00c1ULICO DE PAT\u00cdN SURTEK GPF1 COMPACTO 1.5 TONELADAS"}]},{"@type":"WebSite","@id":"https:\/\/72.167.50.119\/ethoro\/#website","url":"https:\/\/72.167.50.119\/ethoro\/","name":"Thoro Enterprises de M\u00e9xico","description":"Todo en Thoro","publisher":{"@id":"https:\/\/72.167.50.119\/ethoro\/#organization"},"alternateName":"Thoro shop","potentialAction":[{"@type":"SearchAction","target":{"@type":"EntryPoint","urlTemplate":"https:\/\/72.167.50.119\/ethoro\/?s={search_term_string}"},"query-input":{"@type":"PropertyValueSpecification","valueRequired":true,"valueName":"search_term_string"}}],"inLanguage":"es"},{"@type":"Organization","@id":"https:\/\/72.167.50.119\/ethoro\/#organization","name":"Thoro Enterprises de M\u00e9xico","alternateName":"Thoro shop","url":"https:\/\/72.167.50.119\/ethoro\/","logo":{"@type":"ImageObject","inLanguage":"es","@id":"https:\/\/72.167.50.119\/ethoro\/#\/schema\/logo\/image\/","url":"https:\/\/72.167.50.119\/ethoro\/wp-content\/uploads\/2025\/01\/cropped-cropped-icono_t-180x180-1.png","contentUrl":"https:\/\/72.167.50.119\/ethoro\/wp-content\/uploads\/2025\/01\/cropped-cropped-icono_t-180x180-1.png","width":512,"height":512,"caption":"Thoro Enterprises de M\u00e9xico"},"image":{"@id":"https:\/\/72.167.50.119\/ethoro\/#\/schema\/logo\/image\/"},"sameAs":["https:\/\/www.facebook.com\/ThoroEnterprises","https:\/\/www.instagram.com\/thoro.mexico\/"]}]}},"_links":{"self":[{"href":"https:\/\/thoro.com.mx\/ethoro\/wp-json\/wp\/v2\/product\/14439","targetHints":{"allow":["GET"]}}],"collection":[{"href":"https:\/\/thoro.com.mx\/ethoro\/wp-json\/wp\/v2\/product"}],"about":[{"href":"https:\/\/thoro.com.mx\/ethoro\/wp-json\/wp\/v2\/types\/product"}],"replies":[{"embeddable":true,"href":"https:\/\/thoro.com.mx\/ethoro\/wp-json\/wp\/v2\/comments?post=14439"}],"wp:featuredmedia":[{"embeddable":true,"href":"https:\/\/thoro.com.mx\/ethoro\/wp-json\/wp\/v2\/media\/14438"}],"wp:attachment":[{"href":"https:\/\/thoro.com.mx\/ethoro\/wp-json\/wp\/v2\/media?parent=14439"}],"wp:term":[{"taxonomy":"product_brand","embeddable":true,"href":"https:\/\/thoro.com.mx\/ethoro\/wp-json\/wp\/v2\/product_brand?post=14439"},{"taxonomy":"product_cat","embeddable":true,"href":"https:\/\/thoro.com.mx\/ethoro\/wp-json\/wp\/v2\/product_cat?post=14439"},{"taxonomy":"product_tag","embeddable":true,"href":"https:\/\/thoro.com.mx\/ethoro\/wp-json\/wp\/v2\/product_tag?post=14439"}],"curies":[{"name":"wp","href":"https:\/\/api.w.org\/{rel}","templated":true}]}}