{"id":14453,"date":"2025-02-05T14:34:16","date_gmt":"2025-02-05T20:34:16","guid":{"rendered":"https:\/\/72.167.50.119\/ethoro\/shop\/sin categor\u00eda\/juego-de-herramientas-para-electronica-surtek-jel18-con-18-piezas\/"},"modified":"2026-04-09T01:19:22","modified_gmt":"2026-04-09T07:19:22","slug":"juego-de-herramientas-para-electronica-surtek-jel18-con-18-piezas","status":"publish","type":"product","link":"https:\/\/thoro.com.mx\/ethoro\/shop\/herramientas\/juegos-de-herramientas-herramientas\/juegos-de-herramientas-juegos-de-herramientas-herramientas\/juego-de-herramientas-para-electronica-surtek-jel18-con-18-piezas\/","title":{"rendered":"JUEGO DE HERRAMIENTAS PARA ELECTR\u00d3NICA SURTEK JEL18 CON 18 PIEZAS"},"content":{"rendered":"<h4>JEL18<\/h4>\n<ul>\n<li>Juego de herramientas para la industria electr\u00f3nica. Caja de pl\u00e1stico de alta resistencia. Asa pl\u00e1stica. Cuerpo con costillas de refuerzo que incrementa la resistencia. <\/li>\n<li>Mult\u00edmetro digital compacto, alarma de continuidad, selecci\u00f3n de rango manual, pinzas pelacables de mordazas dentada, resorte de retorno seguro, capacidad de 10 a 26 AWG.<\/li>\n<li>Mordaza dentada. Resorte de retorno y seguro. Cuenta con dobla cable. Capacidad de 10 a 26 AWG.<\/li>\n<li>Con pinzas de precisi\u00f3n fabricadas en acero inoxidable, ideales para piezas peque\u00f1as.<\/li>\n<li>Facilidad de transporte y almacenamiento.<\/li>\n<li>Mantenimiento, reparaci\u00f3n e instalaci\u00f3n de sistemas electr\u00f3nicos de precisi\u00f3n.<\/li>\n<\/ul>\n","protected":false},"excerpt":{"rendered":"<p>JEL18 Juego de herramientas para la industria electr\u00f3nica. Caja de pl\u00e1stico de alta resistencia. Asa pl\u00e1stica. Cuerpo con costillas de refuerzo que incrementa la resistencia. Mult\u00edmetro digital compacto, alarma de continuidad, selecci\u00f3n de rango manual, pinzas pelacables de mordazas dentada, resorte de retorno seguro, capacidad de 10 a 26 AWG. Mordaza dentada. Resorte de retorno [&hellip;]<\/p>\n","protected":false},"featured_media":14452,"comment_status":"open","ping_status":"closed","template":"","meta":{"_monsterinsights_skip_tracking":false,"_monsterinsights_sitenote_active":false,"_monsterinsights_sitenote_note":"","_monsterinsights_sitenote_category":0,"_joinchat":[]},"product_brand":[],"product_cat":[388],"product_tag":[],"class_list":{"0":"post-14453","1":"product","2":"type-product","3":"status-publish","4":"has-post-thumbnail","6":"product_cat-juegos-de-herramientas-juegos-de-herramientas-herramientas","8":"first","9":"instock","10":"sale","11":"taxable","12":"shipping-taxable","13":"purchasable","14":"product-type-simple","15":"add-to-wishlist-after_add_to_cart"},"yoast_head":"<!-- This site is optimized with the Yoast SEO plugin v27.3 - https:\/\/yoast.com\/product\/yoast-seo-wordpress\/ -->\n<title>JUEGO DE HERRAMIENTAS PARA ELECTR\u00d3NICA SURTEK JEL18 CON 18 PIEZAS - Thoro enterprises de Mexico<\/title>\n<meta name=\"robots\" content=\"noindex, follow\" \/>\n<meta property=\"og:locale\" content=\"es_MX\" \/>\n<meta property=\"og:type\" content=\"article\" \/>\n<meta property=\"og:title\" content=\"JUEGO DE HERRAMIENTAS PARA ELECTR\u00d3NICA SURTEK JEL18 CON 18 PIEZAS - Thoro enterprises de Mexico\" \/>\n<meta property=\"og:description\" content=\"JEL18 Juego de herramientas para la industria electr\u00f3nica. Caja de pl\u00e1stico de alta resistencia. Asa pl\u00e1stica. Cuerpo con costillas de refuerzo que incrementa la resistencia. Mult\u00edmetro digital compacto, alarma de continuidad, selecci\u00f3n de rango manual, pinzas pelacables de mordazas dentada, resorte de retorno seguro, capacidad de 10 a 26 AWG. Mordaza dentada. Resorte de retorno [&hellip;]\" \/>\n<meta property=\"og:url\" content=\"https:\/\/thoro.com.mx\/ethoro\/shop\/herramientas\/juegos-de-herramientas-herramientas\/juegos-de-herramientas-juegos-de-herramientas-herramientas\/juego-de-herramientas-para-electronica-surtek-jel18-con-18-piezas\/\" \/>\n<meta property=\"og:site_name\" content=\"Thoro enterprises de Mexico\" \/>\n<meta property=\"article:publisher\" content=\"https:\/\/www.facebook.com\/ThoroEnterprises\" \/>\n<meta property=\"article:modified_time\" content=\"2026-04-09T07:19:22+00:00\" \/>\n<meta property=\"og:image\" content=\"https:\/\/thoro.com.mx\/ethoro\/wp-content\/uploads\/2025\/02\/H9778.jpg\" \/>\n\t<meta property=\"og:image:width\" content=\"1000\" \/>\n\t<meta property=\"og:image:height\" content=\"1000\" \/>\n\t<meta property=\"og:image:type\" content=\"image\/jpeg\" \/>\n<meta name=\"twitter:card\" content=\"summary_large_image\" \/>\n<meta name=\"twitter:label1\" content=\"Tiempo de lectura\" \/>\n\t<meta name=\"twitter:data1\" content=\"1 minuto\" \/>\n<script type=\"application\/ld+json\" class=\"yoast-schema-graph\">{\"@context\":\"https:\\\/\\\/schema.org\",\"@graph\":[{\"@type\":\"WebPage\",\"@id\":\"https:\\\/\\\/thoro.com.mx\\\/ethoro\\\/shop\\\/herramientas\\\/juegos-de-herramientas-herramientas\\\/juegos-de-herramientas-juegos-de-herramientas-herramientas\\\/juego-de-herramientas-para-electronica-surtek-jel18-con-18-piezas\\\/\",\"url\":\"https:\\\/\\\/thoro.com.mx\\\/ethoro\\\/shop\\\/herramientas\\\/juegos-de-herramientas-herramientas\\\/juegos-de-herramientas-juegos-de-herramientas-herramientas\\\/juego-de-herramientas-para-electronica-surtek-jel18-con-18-piezas\\\/\",\"name\":\"JUEGO DE HERRAMIENTAS PARA ELECTR\u00d3NICA SURTEK JEL18 CON 18 PIEZAS - Thoro enterprises de Mexico\",\"isPartOf\":{\"@id\":\"https:\\\/\\\/72.167.50.119\\\/ethoro\\\/#website\"},\"primaryImageOfPage\":{\"@id\":\"https:\\\/\\\/thoro.com.mx\\\/ethoro\\\/shop\\\/herramientas\\\/juegos-de-herramientas-herramientas\\\/juegos-de-herramientas-juegos-de-herramientas-herramientas\\\/juego-de-herramientas-para-electronica-surtek-jel18-con-18-piezas\\\/#primaryimage\"},\"image\":{\"@id\":\"https:\\\/\\\/thoro.com.mx\\\/ethoro\\\/shop\\\/herramientas\\\/juegos-de-herramientas-herramientas\\\/juegos-de-herramientas-juegos-de-herramientas-herramientas\\\/juego-de-herramientas-para-electronica-surtek-jel18-con-18-piezas\\\/#primaryimage\"},\"thumbnailUrl\":\"https:\\\/\\\/thoro.com.mx\\\/ethoro\\\/wp-content\\\/uploads\\\/2025\\\/02\\\/H9778.jpg\",\"datePublished\":\"2025-02-05T20:34:16+00:00\",\"dateModified\":\"2026-04-09T07:19:22+00:00\",\"breadcrumb\":{\"@id\":\"https:\\\/\\\/thoro.com.mx\\\/ethoro\\\/shop\\\/herramientas\\\/juegos-de-herramientas-herramientas\\\/juegos-de-herramientas-juegos-de-herramientas-herramientas\\\/juego-de-herramientas-para-electronica-surtek-jel18-con-18-piezas\\\/#breadcrumb\"},\"inLanguage\":\"es\",\"potentialAction\":[{\"@type\":\"ReadAction\",\"target\":[\"https:\\\/\\\/thoro.com.mx\\\/ethoro\\\/shop\\\/herramientas\\\/juegos-de-herramientas-herramientas\\\/juegos-de-herramientas-juegos-de-herramientas-herramientas\\\/juego-de-herramientas-para-electronica-surtek-jel18-con-18-piezas\\\/\"]}]},{\"@type\":\"ImageObject\",\"inLanguage\":\"es\",\"@id\":\"https:\\\/\\\/thoro.com.mx\\\/ethoro\\\/shop\\\/herramientas\\\/juegos-de-herramientas-herramientas\\\/juegos-de-herramientas-juegos-de-herramientas-herramientas\\\/juego-de-herramientas-para-electronica-surtek-jel18-con-18-piezas\\\/#primaryimage\",\"url\":\"https:\\\/\\\/thoro.com.mx\\\/ethoro\\\/wp-content\\\/uploads\\\/2025\\\/02\\\/H9778.jpg\",\"contentUrl\":\"https:\\\/\\\/thoro.com.mx\\\/ethoro\\\/wp-content\\\/uploads\\\/2025\\\/02\\\/H9778.jpg\",\"width\":1000,\"height\":1000},{\"@type\":\"BreadcrumbList\",\"@id\":\"https:\\\/\\\/thoro.com.mx\\\/ethoro\\\/shop\\\/herramientas\\\/juegos-de-herramientas-herramientas\\\/juegos-de-herramientas-juegos-de-herramientas-herramientas\\\/juego-de-herramientas-para-electronica-surtek-jel18-con-18-piezas\\\/#breadcrumb\",\"itemListElement\":[{\"@type\":\"ListItem\",\"position\":1,\"name\":\"Inicio\",\"item\":\"https:\\\/\\\/thoro.com.mx\\\/ethoro\\\/\"},{\"@type\":\"ListItem\",\"position\":2,\"name\":\"Tienda\",\"item\":\"https:\\\/\\\/thoro.com.mx\\\/ethoro\\\/shop\\\/\"},{\"@type\":\"ListItem\",\"position\":3,\"name\":\"JUEGO DE HERRAMIENTAS PARA ELECTR\u00d3NICA SURTEK JEL18 CON 18 PIEZAS\"}]},{\"@type\":\"WebSite\",\"@id\":\"https:\\\/\\\/72.167.50.119\\\/ethoro\\\/#website\",\"url\":\"https:\\\/\\\/72.167.50.119\\\/ethoro\\\/\",\"name\":\"Thoro Enterprises de M\u00e9xico\",\"description\":\"Todo en Thoro\",\"publisher\":{\"@id\":\"https:\\\/\\\/72.167.50.119\\\/ethoro\\\/#organization\"},\"alternateName\":\"Thoro shop\",\"potentialAction\":[{\"@type\":\"SearchAction\",\"target\":{\"@type\":\"EntryPoint\",\"urlTemplate\":\"https:\\\/\\\/72.167.50.119\\\/ethoro\\\/?s={search_term_string}\"},\"query-input\":{\"@type\":\"PropertyValueSpecification\",\"valueRequired\":true,\"valueName\":\"search_term_string\"}}],\"inLanguage\":\"es\"},{\"@type\":\"Organization\",\"@id\":\"https:\\\/\\\/72.167.50.119\\\/ethoro\\\/#organization\",\"name\":\"Thoro Enterprises de M\u00e9xico\",\"alternateName\":\"Thoro shop\",\"url\":\"https:\\\/\\\/72.167.50.119\\\/ethoro\\\/\",\"logo\":{\"@type\":\"ImageObject\",\"inLanguage\":\"es\",\"@id\":\"https:\\\/\\\/72.167.50.119\\\/ethoro\\\/#\\\/schema\\\/logo\\\/image\\\/\",\"url\":\"https:\\\/\\\/72.167.50.119\\\/ethoro\\\/wp-content\\\/uploads\\\/2025\\\/01\\\/cropped-cropped-icono_t-180x180-1.png\",\"contentUrl\":\"https:\\\/\\\/72.167.50.119\\\/ethoro\\\/wp-content\\\/uploads\\\/2025\\\/01\\\/cropped-cropped-icono_t-180x180-1.png\",\"width\":512,\"height\":512,\"caption\":\"Thoro Enterprises de M\u00e9xico\"},\"image\":{\"@id\":\"https:\\\/\\\/72.167.50.119\\\/ethoro\\\/#\\\/schema\\\/logo\\\/image\\\/\"},\"sameAs\":[\"https:\\\/\\\/www.facebook.com\\\/ThoroEnterprises\",\"https:\\\/\\\/www.instagram.com\\\/thoro.mexico\\\/\"]}]}<\/script>\n<!-- \/ Yoast SEO plugin. -->","yoast_head_json":{"title":"JUEGO DE HERRAMIENTAS PARA ELECTR\u00d3NICA SURTEK JEL18 CON 18 PIEZAS - Thoro enterprises de Mexico","robots":{"index":"noindex","follow":"follow"},"og_locale":"es_MX","og_type":"article","og_title":"JUEGO DE HERRAMIENTAS PARA ELECTR\u00d3NICA SURTEK JEL18 CON 18 PIEZAS - Thoro enterprises de Mexico","og_description":"JEL18 Juego de herramientas para la industria electr\u00f3nica. Caja de pl\u00e1stico de alta resistencia. Asa pl\u00e1stica. Cuerpo con costillas de refuerzo que incrementa la resistencia. Mult\u00edmetro digital compacto, alarma de continuidad, selecci\u00f3n de rango manual, pinzas pelacables de mordazas dentada, resorte de retorno seguro, capacidad de 10 a 26 AWG. Mordaza dentada. Resorte de retorno [&hellip;]","og_url":"https:\/\/thoro.com.mx\/ethoro\/shop\/herramientas\/juegos-de-herramientas-herramientas\/juegos-de-herramientas-juegos-de-herramientas-herramientas\/juego-de-herramientas-para-electronica-surtek-jel18-con-18-piezas\/","og_site_name":"Thoro enterprises de Mexico","article_publisher":"https:\/\/www.facebook.com\/ThoroEnterprises","article_modified_time":"2026-04-09T07:19:22+00:00","og_image":[{"width":1000,"height":1000,"url":"https:\/\/thoro.com.mx\/ethoro\/wp-content\/uploads\/2025\/02\/H9778.jpg","type":"image\/jpeg"}],"twitter_card":"summary_large_image","twitter_misc":{"Tiempo de lectura":"1 minuto"},"schema":{"@context":"https:\/\/schema.org","@graph":[{"@type":"WebPage","@id":"https:\/\/thoro.com.mx\/ethoro\/shop\/herramientas\/juegos-de-herramientas-herramientas\/juegos-de-herramientas-juegos-de-herramientas-herramientas\/juego-de-herramientas-para-electronica-surtek-jel18-con-18-piezas\/","url":"https:\/\/thoro.com.mx\/ethoro\/shop\/herramientas\/juegos-de-herramientas-herramientas\/juegos-de-herramientas-juegos-de-herramientas-herramientas\/juego-de-herramientas-para-electronica-surtek-jel18-con-18-piezas\/","name":"JUEGO DE HERRAMIENTAS PARA ELECTR\u00d3NICA SURTEK JEL18 CON 18 PIEZAS - Thoro enterprises de Mexico","isPartOf":{"@id":"https:\/\/72.167.50.119\/ethoro\/#website"},"primaryImageOfPage":{"@id":"https:\/\/thoro.com.mx\/ethoro\/shop\/herramientas\/juegos-de-herramientas-herramientas\/juegos-de-herramientas-juegos-de-herramientas-herramientas\/juego-de-herramientas-para-electronica-surtek-jel18-con-18-piezas\/#primaryimage"},"image":{"@id":"https:\/\/thoro.com.mx\/ethoro\/shop\/herramientas\/juegos-de-herramientas-herramientas\/juegos-de-herramientas-juegos-de-herramientas-herramientas\/juego-de-herramientas-para-electronica-surtek-jel18-con-18-piezas\/#primaryimage"},"thumbnailUrl":"https:\/\/thoro.com.mx\/ethoro\/wp-content\/uploads\/2025\/02\/H9778.jpg","datePublished":"2025-02-05T20:34:16+00:00","dateModified":"2026-04-09T07:19:22+00:00","breadcrumb":{"@id":"https:\/\/thoro.com.mx\/ethoro\/shop\/herramientas\/juegos-de-herramientas-herramientas\/juegos-de-herramientas-juegos-de-herramientas-herramientas\/juego-de-herramientas-para-electronica-surtek-jel18-con-18-piezas\/#breadcrumb"},"inLanguage":"es","potentialAction":[{"@type":"ReadAction","target":["https:\/\/thoro.com.mx\/ethoro\/shop\/herramientas\/juegos-de-herramientas-herramientas\/juegos-de-herramientas-juegos-de-herramientas-herramientas\/juego-de-herramientas-para-electronica-surtek-jel18-con-18-piezas\/"]}]},{"@type":"ImageObject","inLanguage":"es","@id":"https:\/\/thoro.com.mx\/ethoro\/shop\/herramientas\/juegos-de-herramientas-herramientas\/juegos-de-herramientas-juegos-de-herramientas-herramientas\/juego-de-herramientas-para-electronica-surtek-jel18-con-18-piezas\/#primaryimage","url":"https:\/\/thoro.com.mx\/ethoro\/wp-content\/uploads\/2025\/02\/H9778.jpg","contentUrl":"https:\/\/thoro.com.mx\/ethoro\/wp-content\/uploads\/2025\/02\/H9778.jpg","width":1000,"height":1000},{"@type":"BreadcrumbList","@id":"https:\/\/thoro.com.mx\/ethoro\/shop\/herramientas\/juegos-de-herramientas-herramientas\/juegos-de-herramientas-juegos-de-herramientas-herramientas\/juego-de-herramientas-para-electronica-surtek-jel18-con-18-piezas\/#breadcrumb","itemListElement":[{"@type":"ListItem","position":1,"name":"Inicio","item":"https:\/\/thoro.com.mx\/ethoro\/"},{"@type":"ListItem","position":2,"name":"Tienda","item":"https:\/\/thoro.com.mx\/ethoro\/shop\/"},{"@type":"ListItem","position":3,"name":"JUEGO DE HERRAMIENTAS PARA ELECTR\u00d3NICA SURTEK JEL18 CON 18 PIEZAS"}]},{"@type":"WebSite","@id":"https:\/\/72.167.50.119\/ethoro\/#website","url":"https:\/\/72.167.50.119\/ethoro\/","name":"Thoro Enterprises de M\u00e9xico","description":"Todo en Thoro","publisher":{"@id":"https:\/\/72.167.50.119\/ethoro\/#organization"},"alternateName":"Thoro shop","potentialAction":[{"@type":"SearchAction","target":{"@type":"EntryPoint","urlTemplate":"https:\/\/72.167.50.119\/ethoro\/?s={search_term_string}"},"query-input":{"@type":"PropertyValueSpecification","valueRequired":true,"valueName":"search_term_string"}}],"inLanguage":"es"},{"@type":"Organization","@id":"https:\/\/72.167.50.119\/ethoro\/#organization","name":"Thoro Enterprises de M\u00e9xico","alternateName":"Thoro shop","url":"https:\/\/72.167.50.119\/ethoro\/","logo":{"@type":"ImageObject","inLanguage":"es","@id":"https:\/\/72.167.50.119\/ethoro\/#\/schema\/logo\/image\/","url":"https:\/\/72.167.50.119\/ethoro\/wp-content\/uploads\/2025\/01\/cropped-cropped-icono_t-180x180-1.png","contentUrl":"https:\/\/72.167.50.119\/ethoro\/wp-content\/uploads\/2025\/01\/cropped-cropped-icono_t-180x180-1.png","width":512,"height":512,"caption":"Thoro Enterprises de M\u00e9xico"},"image":{"@id":"https:\/\/72.167.50.119\/ethoro\/#\/schema\/logo\/image\/"},"sameAs":["https:\/\/www.facebook.com\/ThoroEnterprises","https:\/\/www.instagram.com\/thoro.mexico\/"]}]}},"_links":{"self":[{"href":"https:\/\/thoro.com.mx\/ethoro\/wp-json\/wp\/v2\/product\/14453","targetHints":{"allow":["GET"]}}],"collection":[{"href":"https:\/\/thoro.com.mx\/ethoro\/wp-json\/wp\/v2\/product"}],"about":[{"href":"https:\/\/thoro.com.mx\/ethoro\/wp-json\/wp\/v2\/types\/product"}],"replies":[{"embeddable":true,"href":"https:\/\/thoro.com.mx\/ethoro\/wp-json\/wp\/v2\/comments?post=14453"}],"wp:featuredmedia":[{"embeddable":true,"href":"https:\/\/thoro.com.mx\/ethoro\/wp-json\/wp\/v2\/media\/14452"}],"wp:attachment":[{"href":"https:\/\/thoro.com.mx\/ethoro\/wp-json\/wp\/v2\/media?parent=14453"}],"wp:term":[{"taxonomy":"product_brand","embeddable":true,"href":"https:\/\/thoro.com.mx\/ethoro\/wp-json\/wp\/v2\/product_brand?post=14453"},{"taxonomy":"product_cat","embeddable":true,"href":"https:\/\/thoro.com.mx\/ethoro\/wp-json\/wp\/v2\/product_cat?post=14453"},{"taxonomy":"product_tag","embeddable":true,"href":"https:\/\/thoro.com.mx\/ethoro\/wp-json\/wp\/v2\/product_tag?post=14453"}],"curies":[{"name":"wp","href":"https:\/\/api.w.org\/{rel}","templated":true}]}}