{"id":15021,"date":"2025-02-05T14:42:31","date_gmt":"2025-02-05T20:42:31","guid":{"rendered":"https:\/\/72.167.50.119\/ethoro\/shop\/sin categor\u00eda\/linterna-milwaukee-2161-21-de-1100-lumens-recargable-mediante-usb\/"},"modified":"2026-04-04T01:02:21","modified_gmt":"2026-04-04T07:02:21","slug":"linterna-milwaukee-2161-21-de-1100-lumens-recargable-mediante-usb","status":"publish","type":"product","link":"https:\/\/thoro.com.mx\/ethoro\/shop\/material-electrico\/iluminacion-material-electrico\/lamparas-y-linternas\/linterna-milwaukee-2161-21-de-1100-lumens-recargable-mediante-usb\/","title":{"rendered":"LINTERNA MILWAUKEE 2161-21 DE 1100 LUMENS RECARGABLE MEDIANTE USB"},"content":{"rendered":"<h4>2161-21<\/h4>\n<ul>\n<li>Nuestra linterna de enfoque giratorio recargable mediante USB de 1100 L ofrece 1100 l\u00famenes con control de haz preciso. Aprovechando los avances en la tecnolog\u00eda LED, esta linterna recargable mantiene un cuerpo compacto mientras que ofrece 1100 L de salida TRUEVIEW\u2122 de alta definici\u00f3n que brinda la capacidad de ver hasta 175 metros (574 pies). La linterna cuenta con un enfoque giratorio de precisi\u00f3n para un control completo del tama\u00f1o y la intensidad del haz, lo que le permite buscar, rastrear o inspeccionar mejor. Dise\u00f1ada para transportar y almacenar f\u00e1cilmente, esta linterna compacta tiene un gancho desmontable para una conexi\u00f3n vers\u00e1til. El bot\u00f3n de encendido multifuncional est\u00e1 optimizado para la operaci\u00f3n con un solo clic y ofrece indicaci\u00f3n de la bater\u00eda y selecci\u00f3n de modo. La inteligencia de memoria de modos enciende la linterna en el \u00faltimo modo usado. Maximice el brillo o extienda el tiempo de operaci\u00f3n con las opciones de modos alto, medio y bajo con hasta 14 horas de tiempo de operaci\u00f3n. Fabricada para las condiciones m\u00e1s dif\u00edciles, esta linterna impermeable tiene una clasificaci\u00f3n IP67 y resiste la inmersi\u00f3n hasta 1 metro y tiene clasificaci\u00f3n para ca\u00eddas de 4 metros. La linterna de enfoque giratorio de 1100 L recargable mediante USB de MILWAUKEE\u00ae funciona con la bater\u00eda USB REDLITHIUM\u2122 3.0 AH, la que proporciona operaci\u00f3n durante todo el d\u00eda, m\u00e1s recargas y un tiempo de carga 3 veces m\u00e1s r\u00e1pido. La bater\u00eda USB REDLITHIUM\u2122 de Milwaukee se puede recargar en la linterna mediante Micro USB o se puede cambiar por bater\u00edas USB REDLITHIUM\u2122 adicionales para tener pr\u00e1cticamente cero tiempo de inactividad. La linterna de enfoque giratorio de 1100 L cuenta con una garant\u00eda limitada de por vida.<\/li>\n<\/ul>\n","protected":false},"excerpt":{"rendered":"<p>2161-21 Nuestra linterna de enfoque giratorio recargable mediante USB de 1100 L ofrece 1100 l\u00famenes con control de haz preciso. Aprovechando los avances en la tecnolog\u00eda LED, esta linterna recargable mantiene un cuerpo compacto mientras que ofrece 1100 L de salida TRUEVIEW\u2122 de alta definici\u00f3n que brinda la capacidad de ver hasta 175 metros (574 [&hellip;]<\/p>\n","protected":false},"featured_media":15020,"comment_status":"open","ping_status":"closed","template":"","meta":{"_monsterinsights_skip_tracking":false,"_monsterinsights_sitenote_active":false,"_monsterinsights_sitenote_note":"","_monsterinsights_sitenote_category":0,"_joinchat":[]},"product_brand":[],"product_cat":[439],"product_tag":[],"class_list":{"0":"post-15021","1":"product","2":"type-product","3":"status-publish","4":"has-post-thumbnail","6":"product_cat-lamparas-y-linternas","8":"first","9":"instock","10":"taxable","11":"shipping-taxable","12":"purchasable","13":"product-type-simple","14":"add-to-wishlist-after_add_to_cart"},"yoast_head":"<!-- This site is optimized with the Yoast SEO plugin v27.1.1 - https:\/\/yoast.com\/product\/yoast-seo-wordpress\/ -->\n<title>LINTERNA MILWAUKEE 2161-21 DE 1100 LUMENS RECARGABLE MEDIANTE USB - Thoro enterprises de Mexico<\/title>\n<meta name=\"robots\" content=\"noindex, follow\" \/>\n<meta property=\"og:locale\" content=\"es_MX\" \/>\n<meta property=\"og:type\" content=\"article\" \/>\n<meta property=\"og:title\" content=\"LINTERNA MILWAUKEE 2161-21 DE 1100 LUMENS RECARGABLE MEDIANTE USB - Thoro enterprises de Mexico\" \/>\n<meta property=\"og:description\" content=\"2161-21 Nuestra linterna de enfoque giratorio recargable mediante USB de 1100 L ofrece 1100 l\u00famenes con control de haz preciso. Aprovechando los avances en la tecnolog\u00eda LED, esta linterna recargable mantiene un cuerpo compacto mientras que ofrece 1100 L de salida TRUEVIEW\u2122 de alta definici\u00f3n que brinda la capacidad de ver hasta 175 metros (574 [&hellip;]\" \/>\n<meta property=\"og:url\" content=\"https:\/\/thoro.com.mx\/ethoro\/shop\/material-electrico\/iluminacion-material-electrico\/lamparas-y-linternas\/linterna-milwaukee-2161-21-de-1100-lumens-recargable-mediante-usb\/\" \/>\n<meta property=\"og:site_name\" content=\"Thoro enterprises de Mexico\" \/>\n<meta property=\"article:publisher\" content=\"https:\/\/www.facebook.com\/ThoroEnterprises\" \/>\n<meta property=\"article:modified_time\" content=\"2026-04-04T07:02:21+00:00\" \/>\n<meta property=\"og:image\" content=\"https:\/\/thoro.com.mx\/ethoro\/wp-content\/uploads\/2025\/02\/ME1200.jpg\" \/>\n\t<meta property=\"og:image:width\" content=\"1000\" \/>\n\t<meta property=\"og:image:height\" content=\"1000\" \/>\n\t<meta property=\"og:image:type\" content=\"image\/jpeg\" \/>\n<meta name=\"twitter:card\" content=\"summary_large_image\" \/>\n<meta name=\"twitter:label1\" content=\"Tiempo de lectura\" \/>\n\t<meta name=\"twitter:data1\" content=\"2 minutos\" \/>\n<script type=\"application\/ld+json\" class=\"yoast-schema-graph\">{\"@context\":\"https:\/\/schema.org\",\"@graph\":[{\"@type\":\"WebPage\",\"@id\":\"https:\/\/thoro.com.mx\/ethoro\/shop\/material-electrico\/iluminacion-material-electrico\/lamparas-y-linternas\/linterna-milwaukee-2161-21-de-1100-lumens-recargable-mediante-usb\/\",\"url\":\"https:\/\/thoro.com.mx\/ethoro\/shop\/material-electrico\/iluminacion-material-electrico\/lamparas-y-linternas\/linterna-milwaukee-2161-21-de-1100-lumens-recargable-mediante-usb\/\",\"name\":\"LINTERNA MILWAUKEE 2161-21 DE 1100 LUMENS RECARGABLE MEDIANTE USB - Thoro enterprises de Mexico\",\"isPartOf\":{\"@id\":\"https:\/\/72.167.50.119\/ethoro\/#website\"},\"primaryImageOfPage\":{\"@id\":\"https:\/\/thoro.com.mx\/ethoro\/shop\/material-electrico\/iluminacion-material-electrico\/lamparas-y-linternas\/linterna-milwaukee-2161-21-de-1100-lumens-recargable-mediante-usb\/#primaryimage\"},\"image\":{\"@id\":\"https:\/\/thoro.com.mx\/ethoro\/shop\/material-electrico\/iluminacion-material-electrico\/lamparas-y-linternas\/linterna-milwaukee-2161-21-de-1100-lumens-recargable-mediante-usb\/#primaryimage\"},\"thumbnailUrl\":\"https:\/\/thoro.com.mx\/ethoro\/wp-content\/uploads\/2025\/02\/ME1200.jpg\",\"datePublished\":\"2025-02-05T20:42:31+00:00\",\"dateModified\":\"2026-04-04T07:02:21+00:00\",\"breadcrumb\":{\"@id\":\"https:\/\/thoro.com.mx\/ethoro\/shop\/material-electrico\/iluminacion-material-electrico\/lamparas-y-linternas\/linterna-milwaukee-2161-21-de-1100-lumens-recargable-mediante-usb\/#breadcrumb\"},\"inLanguage\":\"es\",\"potentialAction\":[{\"@type\":\"ReadAction\",\"target\":[\"https:\/\/thoro.com.mx\/ethoro\/shop\/material-electrico\/iluminacion-material-electrico\/lamparas-y-linternas\/linterna-milwaukee-2161-21-de-1100-lumens-recargable-mediante-usb\/\"]}]},{\"@type\":\"ImageObject\",\"inLanguage\":\"es\",\"@id\":\"https:\/\/thoro.com.mx\/ethoro\/shop\/material-electrico\/iluminacion-material-electrico\/lamparas-y-linternas\/linterna-milwaukee-2161-21-de-1100-lumens-recargable-mediante-usb\/#primaryimage\",\"url\":\"https:\/\/thoro.com.mx\/ethoro\/wp-content\/uploads\/2025\/02\/ME1200.jpg\",\"contentUrl\":\"https:\/\/thoro.com.mx\/ethoro\/wp-content\/uploads\/2025\/02\/ME1200.jpg\",\"width\":1000,\"height\":1000},{\"@type\":\"BreadcrumbList\",\"@id\":\"https:\/\/thoro.com.mx\/ethoro\/shop\/material-electrico\/iluminacion-material-electrico\/lamparas-y-linternas\/linterna-milwaukee-2161-21-de-1100-lumens-recargable-mediante-usb\/#breadcrumb\",\"itemListElement\":[{\"@type\":\"ListItem\",\"position\":1,\"name\":\"Inicio\",\"item\":\"https:\/\/thoro.com.mx\/ethoro\/\"},{\"@type\":\"ListItem\",\"position\":2,\"name\":\"Tienda\",\"item\":\"https:\/\/thoro.com.mx\/ethoro\/shop\/\"},{\"@type\":\"ListItem\",\"position\":3,\"name\":\"LINTERNA MILWAUKEE 2161-21 DE 1100 LUMENS RECARGABLE MEDIANTE USB\"}]},{\"@type\":\"WebSite\",\"@id\":\"https:\/\/72.167.50.119\/ethoro\/#website\",\"url\":\"https:\/\/72.167.50.119\/ethoro\/\",\"name\":\"Thoro Enterprises de M\u00e9xico\",\"description\":\"Todo en Thoro\",\"publisher\":{\"@id\":\"https:\/\/72.167.50.119\/ethoro\/#organization\"},\"alternateName\":\"Thoro shop\",\"potentialAction\":[{\"@type\":\"SearchAction\",\"target\":{\"@type\":\"EntryPoint\",\"urlTemplate\":\"https:\/\/72.167.50.119\/ethoro\/?s={search_term_string}\"},\"query-input\":{\"@type\":\"PropertyValueSpecification\",\"valueRequired\":true,\"valueName\":\"search_term_string\"}}],\"inLanguage\":\"es\"},{\"@type\":\"Organization\",\"@id\":\"https:\/\/72.167.50.119\/ethoro\/#organization\",\"name\":\"Thoro Enterprises de M\u00e9xico\",\"alternateName\":\"Thoro shop\",\"url\":\"https:\/\/72.167.50.119\/ethoro\/\",\"logo\":{\"@type\":\"ImageObject\",\"inLanguage\":\"es\",\"@id\":\"https:\/\/72.167.50.119\/ethoro\/#\/schema\/logo\/image\/\",\"url\":\"https:\/\/72.167.50.119\/ethoro\/wp-content\/uploads\/2025\/01\/cropped-cropped-icono_t-180x180-1.png\",\"contentUrl\":\"https:\/\/72.167.50.119\/ethoro\/wp-content\/uploads\/2025\/01\/cropped-cropped-icono_t-180x180-1.png\",\"width\":512,\"height\":512,\"caption\":\"Thoro Enterprises de M\u00e9xico\"},\"image\":{\"@id\":\"https:\/\/72.167.50.119\/ethoro\/#\/schema\/logo\/image\/\"},\"sameAs\":[\"https:\/\/www.facebook.com\/ThoroEnterprises\",\"https:\/\/www.instagram.com\/thoro.mexico\/\"]}]}<\/script>\n<!-- \/ Yoast SEO plugin. -->","yoast_head_json":{"title":"LINTERNA MILWAUKEE 2161-21 DE 1100 LUMENS RECARGABLE MEDIANTE USB - Thoro enterprises de Mexico","robots":{"index":"noindex","follow":"follow"},"og_locale":"es_MX","og_type":"article","og_title":"LINTERNA MILWAUKEE 2161-21 DE 1100 LUMENS RECARGABLE MEDIANTE USB - Thoro enterprises de Mexico","og_description":"2161-21 Nuestra linterna de enfoque giratorio recargable mediante USB de 1100 L ofrece 1100 l\u00famenes con control de haz preciso. Aprovechando los avances en la tecnolog\u00eda LED, esta linterna recargable mantiene un cuerpo compacto mientras que ofrece 1100 L de salida TRUEVIEW\u2122 de alta definici\u00f3n que brinda la capacidad de ver hasta 175 metros (574 [&hellip;]","og_url":"https:\/\/thoro.com.mx\/ethoro\/shop\/material-electrico\/iluminacion-material-electrico\/lamparas-y-linternas\/linterna-milwaukee-2161-21-de-1100-lumens-recargable-mediante-usb\/","og_site_name":"Thoro enterprises de Mexico","article_publisher":"https:\/\/www.facebook.com\/ThoroEnterprises","article_modified_time":"2026-04-04T07:02:21+00:00","og_image":[{"width":1000,"height":1000,"url":"https:\/\/thoro.com.mx\/ethoro\/wp-content\/uploads\/2025\/02\/ME1200.jpg","type":"image\/jpeg"}],"twitter_card":"summary_large_image","twitter_misc":{"Tiempo de lectura":"2 minutos"},"schema":{"@context":"https:\/\/schema.org","@graph":[{"@type":"WebPage","@id":"https:\/\/thoro.com.mx\/ethoro\/shop\/material-electrico\/iluminacion-material-electrico\/lamparas-y-linternas\/linterna-milwaukee-2161-21-de-1100-lumens-recargable-mediante-usb\/","url":"https:\/\/thoro.com.mx\/ethoro\/shop\/material-electrico\/iluminacion-material-electrico\/lamparas-y-linternas\/linterna-milwaukee-2161-21-de-1100-lumens-recargable-mediante-usb\/","name":"LINTERNA MILWAUKEE 2161-21 DE 1100 LUMENS RECARGABLE MEDIANTE USB - Thoro enterprises de Mexico","isPartOf":{"@id":"https:\/\/72.167.50.119\/ethoro\/#website"},"primaryImageOfPage":{"@id":"https:\/\/thoro.com.mx\/ethoro\/shop\/material-electrico\/iluminacion-material-electrico\/lamparas-y-linternas\/linterna-milwaukee-2161-21-de-1100-lumens-recargable-mediante-usb\/#primaryimage"},"image":{"@id":"https:\/\/thoro.com.mx\/ethoro\/shop\/material-electrico\/iluminacion-material-electrico\/lamparas-y-linternas\/linterna-milwaukee-2161-21-de-1100-lumens-recargable-mediante-usb\/#primaryimage"},"thumbnailUrl":"https:\/\/thoro.com.mx\/ethoro\/wp-content\/uploads\/2025\/02\/ME1200.jpg","datePublished":"2025-02-05T20:42:31+00:00","dateModified":"2026-04-04T07:02:21+00:00","breadcrumb":{"@id":"https:\/\/thoro.com.mx\/ethoro\/shop\/material-electrico\/iluminacion-material-electrico\/lamparas-y-linternas\/linterna-milwaukee-2161-21-de-1100-lumens-recargable-mediante-usb\/#breadcrumb"},"inLanguage":"es","potentialAction":[{"@type":"ReadAction","target":["https:\/\/thoro.com.mx\/ethoro\/shop\/material-electrico\/iluminacion-material-electrico\/lamparas-y-linternas\/linterna-milwaukee-2161-21-de-1100-lumens-recargable-mediante-usb\/"]}]},{"@type":"ImageObject","inLanguage":"es","@id":"https:\/\/thoro.com.mx\/ethoro\/shop\/material-electrico\/iluminacion-material-electrico\/lamparas-y-linternas\/linterna-milwaukee-2161-21-de-1100-lumens-recargable-mediante-usb\/#primaryimage","url":"https:\/\/thoro.com.mx\/ethoro\/wp-content\/uploads\/2025\/02\/ME1200.jpg","contentUrl":"https:\/\/thoro.com.mx\/ethoro\/wp-content\/uploads\/2025\/02\/ME1200.jpg","width":1000,"height":1000},{"@type":"BreadcrumbList","@id":"https:\/\/thoro.com.mx\/ethoro\/shop\/material-electrico\/iluminacion-material-electrico\/lamparas-y-linternas\/linterna-milwaukee-2161-21-de-1100-lumens-recargable-mediante-usb\/#breadcrumb","itemListElement":[{"@type":"ListItem","position":1,"name":"Inicio","item":"https:\/\/thoro.com.mx\/ethoro\/"},{"@type":"ListItem","position":2,"name":"Tienda","item":"https:\/\/thoro.com.mx\/ethoro\/shop\/"},{"@type":"ListItem","position":3,"name":"LINTERNA MILWAUKEE 2161-21 DE 1100 LUMENS RECARGABLE MEDIANTE USB"}]},{"@type":"WebSite","@id":"https:\/\/72.167.50.119\/ethoro\/#website","url":"https:\/\/72.167.50.119\/ethoro\/","name":"Thoro Enterprises de M\u00e9xico","description":"Todo en Thoro","publisher":{"@id":"https:\/\/72.167.50.119\/ethoro\/#organization"},"alternateName":"Thoro shop","potentialAction":[{"@type":"SearchAction","target":{"@type":"EntryPoint","urlTemplate":"https:\/\/72.167.50.119\/ethoro\/?s={search_term_string}"},"query-input":{"@type":"PropertyValueSpecification","valueRequired":true,"valueName":"search_term_string"}}],"inLanguage":"es"},{"@type":"Organization","@id":"https:\/\/72.167.50.119\/ethoro\/#organization","name":"Thoro Enterprises de M\u00e9xico","alternateName":"Thoro shop","url":"https:\/\/72.167.50.119\/ethoro\/","logo":{"@type":"ImageObject","inLanguage":"es","@id":"https:\/\/72.167.50.119\/ethoro\/#\/schema\/logo\/image\/","url":"https:\/\/72.167.50.119\/ethoro\/wp-content\/uploads\/2025\/01\/cropped-cropped-icono_t-180x180-1.png","contentUrl":"https:\/\/72.167.50.119\/ethoro\/wp-content\/uploads\/2025\/01\/cropped-cropped-icono_t-180x180-1.png","width":512,"height":512,"caption":"Thoro Enterprises de M\u00e9xico"},"image":{"@id":"https:\/\/72.167.50.119\/ethoro\/#\/schema\/logo\/image\/"},"sameAs":["https:\/\/www.facebook.com\/ThoroEnterprises","https:\/\/www.instagram.com\/thoro.mexico\/"]}]}},"_links":{"self":[{"href":"https:\/\/thoro.com.mx\/ethoro\/wp-json\/wp\/v2\/product\/15021","targetHints":{"allow":["GET"]}}],"collection":[{"href":"https:\/\/thoro.com.mx\/ethoro\/wp-json\/wp\/v2\/product"}],"about":[{"href":"https:\/\/thoro.com.mx\/ethoro\/wp-json\/wp\/v2\/types\/product"}],"replies":[{"embeddable":true,"href":"https:\/\/thoro.com.mx\/ethoro\/wp-json\/wp\/v2\/comments?post=15021"}],"wp:featuredmedia":[{"embeddable":true,"href":"https:\/\/thoro.com.mx\/ethoro\/wp-json\/wp\/v2\/media\/15020"}],"wp:attachment":[{"href":"https:\/\/thoro.com.mx\/ethoro\/wp-json\/wp\/v2\/media?parent=15021"}],"wp:term":[{"taxonomy":"product_brand","embeddable":true,"href":"https:\/\/thoro.com.mx\/ethoro\/wp-json\/wp\/v2\/product_brand?post=15021"},{"taxonomy":"product_cat","embeddable":true,"href":"https:\/\/thoro.com.mx\/ethoro\/wp-json\/wp\/v2\/product_cat?post=15021"},{"taxonomy":"product_tag","embeddable":true,"href":"https:\/\/thoro.com.mx\/ethoro\/wp-json\/wp\/v2\/product_tag?post=15021"}],"curies":[{"name":"wp","href":"https:\/\/api.w.org\/{rel}","templated":true}]}}