{"id":15032,"date":"2025-02-05T14:42:38","date_gmt":"2025-02-05T20:42:38","guid":{"rendered":"https:\/\/72.167.50.119\/ethoro\/shop\/sin categor\u00eda\/linterna-de-minero-recargable-300-lumen-truper-li-ca-300r\/"},"modified":"2026-04-04T01:02:24","modified_gmt":"2026-04-04T07:02:24","slug":"linterna-de-minero-recargable-300-lumen-truper-li-ca-300r","status":"publish","type":"product","link":"https:\/\/thoro.com.mx\/ethoro\/shop\/material-electrico\/iluminacion-material-electrico\/lamparas-y-linternas\/linterna-de-minero-recargable-300-lumen-truper-li-ca-300r\/","title":{"rendered":"LINTERNA DE MINERO RECARGABLE 300 LUMEN TRUPER LI-CA-300R"},"content":{"rendered":"<h4>LI-CA-300R<\/h4>\n<ul>\n<li>Distancia del haz de luz: 165 m.<\/li>\n<li>Modos de iluminaci\u00f3n: Alto, bajo e intermitente.<\/li>\n<li>Tiempo \u00f3ptimo de carga: 8 h.<\/li>\n<li>Duraci\u00f3n de carga de la bater\u00eda: 5 horas (alto), 11 horas (bajo).<\/li>\n<li>1 LED alta intensidad.<\/li>\n<\/ul>\n","protected":false},"excerpt":{"rendered":"<p>LI-CA-300R Distancia del haz de luz: 165 m. Modos de iluminaci\u00f3n: Alto, bajo e intermitente. Tiempo \u00f3ptimo de carga: 8 h. Duraci\u00f3n de carga de la bater\u00eda: 5 horas (alto), 11 horas (bajo). 1 LED alta intensidad.<\/p>\n","protected":false},"featured_media":15031,"comment_status":"open","ping_status":"closed","template":"","meta":{"_monsterinsights_skip_tracking":false,"_monsterinsights_sitenote_active":false,"_monsterinsights_sitenote_note":"","_monsterinsights_sitenote_category":0,"_joinchat":[]},"product_brand":[],"product_cat":[439],"product_tag":[],"class_list":{"0":"post-15032","1":"product","2":"type-product","3":"status-publish","4":"has-post-thumbnail","6":"product_cat-lamparas-y-linternas","8":"first","9":"instock","10":"taxable","11":"shipping-taxable","12":"purchasable","13":"product-type-simple","14":"add-to-wishlist-after_add_to_cart"},"yoast_head":"<!-- This site is optimized with the Yoast SEO plugin v27.1.1 - https:\/\/yoast.com\/product\/yoast-seo-wordpress\/ -->\n<title>LINTERNA DE MINERO RECARGABLE 300 LUMEN TRUPER LI-CA-300R - Thoro enterprises de Mexico<\/title>\n<meta name=\"robots\" content=\"noindex, follow\" \/>\n<meta property=\"og:locale\" content=\"es_MX\" \/>\n<meta property=\"og:type\" content=\"article\" \/>\n<meta property=\"og:title\" content=\"LINTERNA DE MINERO RECARGABLE 300 LUMEN TRUPER LI-CA-300R - Thoro enterprises de Mexico\" \/>\n<meta property=\"og:description\" content=\"LI-CA-300R Distancia del haz de luz: 165 m. Modos de iluminaci\u00f3n: Alto, bajo e intermitente. Tiempo \u00f3ptimo de carga: 8 h. Duraci\u00f3n de carga de la bater\u00eda: 5 horas (alto), 11 horas (bajo). 1 LED alta intensidad.\" \/>\n<meta property=\"og:url\" content=\"https:\/\/thoro.com.mx\/ethoro\/shop\/material-electrico\/iluminacion-material-electrico\/lamparas-y-linternas\/linterna-de-minero-recargable-300-lumen-truper-li-ca-300r\/\" \/>\n<meta property=\"og:site_name\" content=\"Thoro enterprises de Mexico\" \/>\n<meta property=\"article:publisher\" content=\"https:\/\/www.facebook.com\/ThoroEnterprises\" \/>\n<meta property=\"article:modified_time\" content=\"2026-04-04T07:02:24+00:00\" \/>\n<meta property=\"og:image\" content=\"https:\/\/thoro.com.mx\/ethoro\/wp-content\/uploads\/2025\/02\/ME1234.jpg\" \/>\n\t<meta property=\"og:image:width\" content=\"1000\" \/>\n\t<meta property=\"og:image:height\" content=\"1000\" \/>\n\t<meta property=\"og:image:type\" content=\"image\/jpeg\" \/>\n<meta name=\"twitter:card\" content=\"summary_large_image\" \/>\n<script type=\"application\/ld+json\" class=\"yoast-schema-graph\">{\"@context\":\"https:\/\/schema.org\",\"@graph\":[{\"@type\":\"WebPage\",\"@id\":\"https:\/\/thoro.com.mx\/ethoro\/shop\/material-electrico\/iluminacion-material-electrico\/lamparas-y-linternas\/linterna-de-minero-recargable-300-lumen-truper-li-ca-300r\/\",\"url\":\"https:\/\/thoro.com.mx\/ethoro\/shop\/material-electrico\/iluminacion-material-electrico\/lamparas-y-linternas\/linterna-de-minero-recargable-300-lumen-truper-li-ca-300r\/\",\"name\":\"LINTERNA DE MINERO RECARGABLE 300 LUMEN TRUPER LI-CA-300R - Thoro enterprises de Mexico\",\"isPartOf\":{\"@id\":\"https:\/\/72.167.50.119\/ethoro\/#website\"},\"primaryImageOfPage\":{\"@id\":\"https:\/\/thoro.com.mx\/ethoro\/shop\/material-electrico\/iluminacion-material-electrico\/lamparas-y-linternas\/linterna-de-minero-recargable-300-lumen-truper-li-ca-300r\/#primaryimage\"},\"image\":{\"@id\":\"https:\/\/thoro.com.mx\/ethoro\/shop\/material-electrico\/iluminacion-material-electrico\/lamparas-y-linternas\/linterna-de-minero-recargable-300-lumen-truper-li-ca-300r\/#primaryimage\"},\"thumbnailUrl\":\"https:\/\/thoro.com.mx\/ethoro\/wp-content\/uploads\/2025\/02\/ME1234.jpg\",\"datePublished\":\"2025-02-05T20:42:38+00:00\",\"dateModified\":\"2026-04-04T07:02:24+00:00\",\"breadcrumb\":{\"@id\":\"https:\/\/thoro.com.mx\/ethoro\/shop\/material-electrico\/iluminacion-material-electrico\/lamparas-y-linternas\/linterna-de-minero-recargable-300-lumen-truper-li-ca-300r\/#breadcrumb\"},\"inLanguage\":\"es\",\"potentialAction\":[{\"@type\":\"ReadAction\",\"target\":[\"https:\/\/thoro.com.mx\/ethoro\/shop\/material-electrico\/iluminacion-material-electrico\/lamparas-y-linternas\/linterna-de-minero-recargable-300-lumen-truper-li-ca-300r\/\"]}]},{\"@type\":\"ImageObject\",\"inLanguage\":\"es\",\"@id\":\"https:\/\/thoro.com.mx\/ethoro\/shop\/material-electrico\/iluminacion-material-electrico\/lamparas-y-linternas\/linterna-de-minero-recargable-300-lumen-truper-li-ca-300r\/#primaryimage\",\"url\":\"https:\/\/thoro.com.mx\/ethoro\/wp-content\/uploads\/2025\/02\/ME1234.jpg\",\"contentUrl\":\"https:\/\/thoro.com.mx\/ethoro\/wp-content\/uploads\/2025\/02\/ME1234.jpg\",\"width\":1000,\"height\":1000},{\"@type\":\"BreadcrumbList\",\"@id\":\"https:\/\/thoro.com.mx\/ethoro\/shop\/material-electrico\/iluminacion-material-electrico\/lamparas-y-linternas\/linterna-de-minero-recargable-300-lumen-truper-li-ca-300r\/#breadcrumb\",\"itemListElement\":[{\"@type\":\"ListItem\",\"position\":1,\"name\":\"Inicio\",\"item\":\"https:\/\/thoro.com.mx\/ethoro\/\"},{\"@type\":\"ListItem\",\"position\":2,\"name\":\"Tienda\",\"item\":\"https:\/\/thoro.com.mx\/ethoro\/shop\/\"},{\"@type\":\"ListItem\",\"position\":3,\"name\":\"LINTERNA DE MINERO RECARGABLE 300 LUMEN TRUPER LI-CA-300R\"}]},{\"@type\":\"WebSite\",\"@id\":\"https:\/\/72.167.50.119\/ethoro\/#website\",\"url\":\"https:\/\/72.167.50.119\/ethoro\/\",\"name\":\"Thoro Enterprises de M\u00e9xico\",\"description\":\"Todo en Thoro\",\"publisher\":{\"@id\":\"https:\/\/72.167.50.119\/ethoro\/#organization\"},\"alternateName\":\"Thoro shop\",\"potentialAction\":[{\"@type\":\"SearchAction\",\"target\":{\"@type\":\"EntryPoint\",\"urlTemplate\":\"https:\/\/72.167.50.119\/ethoro\/?s={search_term_string}\"},\"query-input\":{\"@type\":\"PropertyValueSpecification\",\"valueRequired\":true,\"valueName\":\"search_term_string\"}}],\"inLanguage\":\"es\"},{\"@type\":\"Organization\",\"@id\":\"https:\/\/72.167.50.119\/ethoro\/#organization\",\"name\":\"Thoro Enterprises de M\u00e9xico\",\"alternateName\":\"Thoro shop\",\"url\":\"https:\/\/72.167.50.119\/ethoro\/\",\"logo\":{\"@type\":\"ImageObject\",\"inLanguage\":\"es\",\"@id\":\"https:\/\/72.167.50.119\/ethoro\/#\/schema\/logo\/image\/\",\"url\":\"https:\/\/72.167.50.119\/ethoro\/wp-content\/uploads\/2025\/01\/cropped-cropped-icono_t-180x180-1.png\",\"contentUrl\":\"https:\/\/72.167.50.119\/ethoro\/wp-content\/uploads\/2025\/01\/cropped-cropped-icono_t-180x180-1.png\",\"width\":512,\"height\":512,\"caption\":\"Thoro Enterprises de M\u00e9xico\"},\"image\":{\"@id\":\"https:\/\/72.167.50.119\/ethoro\/#\/schema\/logo\/image\/\"},\"sameAs\":[\"https:\/\/www.facebook.com\/ThoroEnterprises\",\"https:\/\/www.instagram.com\/thoro.mexico\/\"]}]}<\/script>\n<!-- \/ Yoast SEO plugin. -->","yoast_head_json":{"title":"LINTERNA DE MINERO RECARGABLE 300 LUMEN TRUPER LI-CA-300R - Thoro enterprises de Mexico","robots":{"index":"noindex","follow":"follow"},"og_locale":"es_MX","og_type":"article","og_title":"LINTERNA DE MINERO RECARGABLE 300 LUMEN TRUPER LI-CA-300R - Thoro enterprises de Mexico","og_description":"LI-CA-300R Distancia del haz de luz: 165 m. Modos de iluminaci\u00f3n: Alto, bajo e intermitente. Tiempo \u00f3ptimo de carga: 8 h. Duraci\u00f3n de carga de la bater\u00eda: 5 horas (alto), 11 horas (bajo). 1 LED alta intensidad.","og_url":"https:\/\/thoro.com.mx\/ethoro\/shop\/material-electrico\/iluminacion-material-electrico\/lamparas-y-linternas\/linterna-de-minero-recargable-300-lumen-truper-li-ca-300r\/","og_site_name":"Thoro enterprises de Mexico","article_publisher":"https:\/\/www.facebook.com\/ThoroEnterprises","article_modified_time":"2026-04-04T07:02:24+00:00","og_image":[{"width":1000,"height":1000,"url":"https:\/\/thoro.com.mx\/ethoro\/wp-content\/uploads\/2025\/02\/ME1234.jpg","type":"image\/jpeg"}],"twitter_card":"summary_large_image","schema":{"@context":"https:\/\/schema.org","@graph":[{"@type":"WebPage","@id":"https:\/\/thoro.com.mx\/ethoro\/shop\/material-electrico\/iluminacion-material-electrico\/lamparas-y-linternas\/linterna-de-minero-recargable-300-lumen-truper-li-ca-300r\/","url":"https:\/\/thoro.com.mx\/ethoro\/shop\/material-electrico\/iluminacion-material-electrico\/lamparas-y-linternas\/linterna-de-minero-recargable-300-lumen-truper-li-ca-300r\/","name":"LINTERNA DE MINERO RECARGABLE 300 LUMEN TRUPER LI-CA-300R - Thoro enterprises de Mexico","isPartOf":{"@id":"https:\/\/72.167.50.119\/ethoro\/#website"},"primaryImageOfPage":{"@id":"https:\/\/thoro.com.mx\/ethoro\/shop\/material-electrico\/iluminacion-material-electrico\/lamparas-y-linternas\/linterna-de-minero-recargable-300-lumen-truper-li-ca-300r\/#primaryimage"},"image":{"@id":"https:\/\/thoro.com.mx\/ethoro\/shop\/material-electrico\/iluminacion-material-electrico\/lamparas-y-linternas\/linterna-de-minero-recargable-300-lumen-truper-li-ca-300r\/#primaryimage"},"thumbnailUrl":"https:\/\/thoro.com.mx\/ethoro\/wp-content\/uploads\/2025\/02\/ME1234.jpg","datePublished":"2025-02-05T20:42:38+00:00","dateModified":"2026-04-04T07:02:24+00:00","breadcrumb":{"@id":"https:\/\/thoro.com.mx\/ethoro\/shop\/material-electrico\/iluminacion-material-electrico\/lamparas-y-linternas\/linterna-de-minero-recargable-300-lumen-truper-li-ca-300r\/#breadcrumb"},"inLanguage":"es","potentialAction":[{"@type":"ReadAction","target":["https:\/\/thoro.com.mx\/ethoro\/shop\/material-electrico\/iluminacion-material-electrico\/lamparas-y-linternas\/linterna-de-minero-recargable-300-lumen-truper-li-ca-300r\/"]}]},{"@type":"ImageObject","inLanguage":"es","@id":"https:\/\/thoro.com.mx\/ethoro\/shop\/material-electrico\/iluminacion-material-electrico\/lamparas-y-linternas\/linterna-de-minero-recargable-300-lumen-truper-li-ca-300r\/#primaryimage","url":"https:\/\/thoro.com.mx\/ethoro\/wp-content\/uploads\/2025\/02\/ME1234.jpg","contentUrl":"https:\/\/thoro.com.mx\/ethoro\/wp-content\/uploads\/2025\/02\/ME1234.jpg","width":1000,"height":1000},{"@type":"BreadcrumbList","@id":"https:\/\/thoro.com.mx\/ethoro\/shop\/material-electrico\/iluminacion-material-electrico\/lamparas-y-linternas\/linterna-de-minero-recargable-300-lumen-truper-li-ca-300r\/#breadcrumb","itemListElement":[{"@type":"ListItem","position":1,"name":"Inicio","item":"https:\/\/thoro.com.mx\/ethoro\/"},{"@type":"ListItem","position":2,"name":"Tienda","item":"https:\/\/thoro.com.mx\/ethoro\/shop\/"},{"@type":"ListItem","position":3,"name":"LINTERNA DE MINERO RECARGABLE 300 LUMEN TRUPER LI-CA-300R"}]},{"@type":"WebSite","@id":"https:\/\/72.167.50.119\/ethoro\/#website","url":"https:\/\/72.167.50.119\/ethoro\/","name":"Thoro Enterprises de M\u00e9xico","description":"Todo en Thoro","publisher":{"@id":"https:\/\/72.167.50.119\/ethoro\/#organization"},"alternateName":"Thoro shop","potentialAction":[{"@type":"SearchAction","target":{"@type":"EntryPoint","urlTemplate":"https:\/\/72.167.50.119\/ethoro\/?s={search_term_string}"},"query-input":{"@type":"PropertyValueSpecification","valueRequired":true,"valueName":"search_term_string"}}],"inLanguage":"es"},{"@type":"Organization","@id":"https:\/\/72.167.50.119\/ethoro\/#organization","name":"Thoro Enterprises de M\u00e9xico","alternateName":"Thoro shop","url":"https:\/\/72.167.50.119\/ethoro\/","logo":{"@type":"ImageObject","inLanguage":"es","@id":"https:\/\/72.167.50.119\/ethoro\/#\/schema\/logo\/image\/","url":"https:\/\/72.167.50.119\/ethoro\/wp-content\/uploads\/2025\/01\/cropped-cropped-icono_t-180x180-1.png","contentUrl":"https:\/\/72.167.50.119\/ethoro\/wp-content\/uploads\/2025\/01\/cropped-cropped-icono_t-180x180-1.png","width":512,"height":512,"caption":"Thoro Enterprises de M\u00e9xico"},"image":{"@id":"https:\/\/72.167.50.119\/ethoro\/#\/schema\/logo\/image\/"},"sameAs":["https:\/\/www.facebook.com\/ThoroEnterprises","https:\/\/www.instagram.com\/thoro.mexico\/"]}]}},"_links":{"self":[{"href":"https:\/\/thoro.com.mx\/ethoro\/wp-json\/wp\/v2\/product\/15032","targetHints":{"allow":["GET"]}}],"collection":[{"href":"https:\/\/thoro.com.mx\/ethoro\/wp-json\/wp\/v2\/product"}],"about":[{"href":"https:\/\/thoro.com.mx\/ethoro\/wp-json\/wp\/v2\/types\/product"}],"replies":[{"embeddable":true,"href":"https:\/\/thoro.com.mx\/ethoro\/wp-json\/wp\/v2\/comments?post=15032"}],"wp:featuredmedia":[{"embeddable":true,"href":"https:\/\/thoro.com.mx\/ethoro\/wp-json\/wp\/v2\/media\/15031"}],"wp:attachment":[{"href":"https:\/\/thoro.com.mx\/ethoro\/wp-json\/wp\/v2\/media?parent=15032"}],"wp:term":[{"taxonomy":"product_brand","embeddable":true,"href":"https:\/\/thoro.com.mx\/ethoro\/wp-json\/wp\/v2\/product_brand?post=15032"},{"taxonomy":"product_cat","embeddable":true,"href":"https:\/\/thoro.com.mx\/ethoro\/wp-json\/wp\/v2\/product_cat?post=15032"},{"taxonomy":"product_tag","embeddable":true,"href":"https:\/\/thoro.com.mx\/ethoro\/wp-json\/wp\/v2\/product_tag?post=15032"}],"curies":[{"name":"wp","href":"https:\/\/api.w.org\/{rel}","templated":true}]}}