{"id":15213,"date":"2025-02-05T14:44:17","date_gmt":"2025-02-05T20:44:17","guid":{"rendered":"https:\/\/72.167.50.119\/ethoro\/shop\/sin categor\u00eda\/cinta-adhesiva-reflejante-tuk-785-blanco-con-rojo-50-milimetros-x-45-7-metros\/"},"modified":"2026-04-07T02:18:27","modified_gmt":"2026-04-07T08:18:27","slug":"cinta-adhesiva-reflejante-tuk-785-blanco-con-rojo-50-milimetros-x-45-7-metros","status":"publish","type":"product","link":"https:\/\/thoro.com.mx\/ethoro\/shop\/equipo-de-seguridad\/cintas-equipo-de-seguridad\/cintas-adhesivas-cintas-equipo-de-seguridad\/cinta-adhesiva-reflejante-tuk-785-blanco-con-rojo-50-milimetros-x-45-7-metros\/","title":{"rendered":"CINTA ADHESIVA REFLEJANTE TUK 785 BLANCO CON ROJO 50 MILIMETROS X 45.7 METROS"},"content":{"rendered":"<h4>TUK 785<\/h4>\n<ul>\n<li>Cinta de Alta reflejancia fabricada con microperlas de vidrio en resina transparente sobre un respaldo de poli\u00e9ster, dise\u00f1ada para reflejar la luz, su adhesivo es de alta adhesi\u00f3n.<\/li>\n<li>Para remolques de camiones, autobuses escolares, equipos industriales y usos en general cuando la visibilidad durante la noche es requerida. Cumple con los est\u00e1ndares FMMVSS 108 y ASTM D-4965. Presenta impreso el DOT C-2. Aplicada correctamente resiste m\u00e1s de 5 a\u00f1os en condiciones de intemperie.<\/li>\n<\/ul>\n","protected":false},"excerpt":{"rendered":"<p>TUK 785 Cinta de Alta reflejancia fabricada con microperlas de vidrio en resina transparente sobre un respaldo de poli\u00e9ster, dise\u00f1ada para reflejar la luz, su adhesivo es de alta adhesi\u00f3n. Para remolques de camiones, autobuses escolares, equipos industriales y usos en general cuando la visibilidad durante la noche es requerida. Cumple con los est\u00e1ndares FMMVSS [&hellip;]<\/p>\n","protected":false},"featured_media":15212,"comment_status":"open","ping_status":"closed","template":"","meta":{"_monsterinsights_skip_tracking":false,"_monsterinsights_sitenote_active":false,"_monsterinsights_sitenote_note":"","_monsterinsights_sitenote_category":0,"_joinchat":[]},"product_brand":[],"product_cat":[14255],"product_tag":[],"class_list":{"0":"post-15213","1":"product","2":"type-product","3":"status-publish","4":"has-post-thumbnail","6":"product_cat-cintas-adhesivas-cintas-equipo-de-seguridad","8":"first","9":"instock","10":"sale","11":"taxable","12":"shipping-taxable","13":"purchasable","14":"product-type-simple","15":"add-to-wishlist-after_add_to_cart"},"yoast_head":"<!-- This site is optimized with the Yoast SEO plugin v27.1.1 - https:\/\/yoast.com\/product\/yoast-seo-wordpress\/ -->\n<title>CINTA ADHESIVA REFLEJANTE TUK 785 BLANCO CON ROJO 50 MILIMETROS X 45.7 METROS - Thoro enterprises de Mexico<\/title>\n<meta name=\"robots\" content=\"noindex, follow\" \/>\n<meta property=\"og:locale\" content=\"es_MX\" \/>\n<meta property=\"og:type\" content=\"article\" \/>\n<meta property=\"og:title\" content=\"CINTA ADHESIVA REFLEJANTE TUK 785 BLANCO CON ROJO 50 MILIMETROS X 45.7 METROS - Thoro enterprises de Mexico\" \/>\n<meta property=\"og:description\" content=\"TUK 785 Cinta de Alta reflejancia fabricada con microperlas de vidrio en resina transparente sobre un respaldo de poli\u00e9ster, dise\u00f1ada para reflejar la luz, su adhesivo es de alta adhesi\u00f3n. Para remolques de camiones, autobuses escolares, equipos industriales y usos en general cuando la visibilidad durante la noche es requerida. Cumple con los est\u00e1ndares FMMVSS [&hellip;]\" \/>\n<meta property=\"og:url\" content=\"https:\/\/thoro.com.mx\/ethoro\/shop\/equipo-de-seguridad\/cintas-equipo-de-seguridad\/cintas-adhesivas-cintas-equipo-de-seguridad\/cinta-adhesiva-reflejante-tuk-785-blanco-con-rojo-50-milimetros-x-45-7-metros\/\" \/>\n<meta property=\"og:site_name\" content=\"Thoro enterprises de Mexico\" \/>\n<meta property=\"article:publisher\" content=\"https:\/\/www.facebook.com\/ThoroEnterprises\" \/>\n<meta property=\"article:modified_time\" content=\"2026-04-07T08:18:27+00:00\" \/>\n<meta property=\"og:image\" content=\"https:\/\/thoro.com.mx\/ethoro\/wp-content\/uploads\/2025\/02\/PA0042.jpg\" \/>\n\t<meta property=\"og:image:width\" content=\"1000\" \/>\n\t<meta property=\"og:image:height\" content=\"1000\" \/>\n\t<meta property=\"og:image:type\" content=\"image\/jpeg\" \/>\n<meta name=\"twitter:card\" content=\"summary_large_image\" \/>\n<script type=\"application\/ld+json\" class=\"yoast-schema-graph\">{\"@context\":\"https:\/\/schema.org\",\"@graph\":[{\"@type\":\"WebPage\",\"@id\":\"https:\/\/thoro.com.mx\/ethoro\/shop\/equipo-de-seguridad\/cintas-equipo-de-seguridad\/cintas-adhesivas-cintas-equipo-de-seguridad\/cinta-adhesiva-reflejante-tuk-785-blanco-con-rojo-50-milimetros-x-45-7-metros\/\",\"url\":\"https:\/\/thoro.com.mx\/ethoro\/shop\/equipo-de-seguridad\/cintas-equipo-de-seguridad\/cintas-adhesivas-cintas-equipo-de-seguridad\/cinta-adhesiva-reflejante-tuk-785-blanco-con-rojo-50-milimetros-x-45-7-metros\/\",\"name\":\"CINTA ADHESIVA REFLEJANTE TUK 785 BLANCO CON ROJO 50 MILIMETROS X 45.7 METROS - Thoro enterprises de Mexico\",\"isPartOf\":{\"@id\":\"https:\/\/72.167.50.119\/ethoro\/#website\"},\"primaryImageOfPage\":{\"@id\":\"https:\/\/thoro.com.mx\/ethoro\/shop\/equipo-de-seguridad\/cintas-equipo-de-seguridad\/cintas-adhesivas-cintas-equipo-de-seguridad\/cinta-adhesiva-reflejante-tuk-785-blanco-con-rojo-50-milimetros-x-45-7-metros\/#primaryimage\"},\"image\":{\"@id\":\"https:\/\/thoro.com.mx\/ethoro\/shop\/equipo-de-seguridad\/cintas-equipo-de-seguridad\/cintas-adhesivas-cintas-equipo-de-seguridad\/cinta-adhesiva-reflejante-tuk-785-blanco-con-rojo-50-milimetros-x-45-7-metros\/#primaryimage\"},\"thumbnailUrl\":\"https:\/\/thoro.com.mx\/ethoro\/wp-content\/uploads\/2025\/02\/PA0042.jpg\",\"datePublished\":\"2025-02-05T20:44:17+00:00\",\"dateModified\":\"2026-04-07T08:18:27+00:00\",\"breadcrumb\":{\"@id\":\"https:\/\/thoro.com.mx\/ethoro\/shop\/equipo-de-seguridad\/cintas-equipo-de-seguridad\/cintas-adhesivas-cintas-equipo-de-seguridad\/cinta-adhesiva-reflejante-tuk-785-blanco-con-rojo-50-milimetros-x-45-7-metros\/#breadcrumb\"},\"inLanguage\":\"es\",\"potentialAction\":[{\"@type\":\"ReadAction\",\"target\":[\"https:\/\/thoro.com.mx\/ethoro\/shop\/equipo-de-seguridad\/cintas-equipo-de-seguridad\/cintas-adhesivas-cintas-equipo-de-seguridad\/cinta-adhesiva-reflejante-tuk-785-blanco-con-rojo-50-milimetros-x-45-7-metros\/\"]}]},{\"@type\":\"ImageObject\",\"inLanguage\":\"es\",\"@id\":\"https:\/\/thoro.com.mx\/ethoro\/shop\/equipo-de-seguridad\/cintas-equipo-de-seguridad\/cintas-adhesivas-cintas-equipo-de-seguridad\/cinta-adhesiva-reflejante-tuk-785-blanco-con-rojo-50-milimetros-x-45-7-metros\/#primaryimage\",\"url\":\"https:\/\/thoro.com.mx\/ethoro\/wp-content\/uploads\/2025\/02\/PA0042.jpg\",\"contentUrl\":\"https:\/\/thoro.com.mx\/ethoro\/wp-content\/uploads\/2025\/02\/PA0042.jpg\",\"width\":1000,\"height\":1000},{\"@type\":\"BreadcrumbList\",\"@id\":\"https:\/\/thoro.com.mx\/ethoro\/shop\/equipo-de-seguridad\/cintas-equipo-de-seguridad\/cintas-adhesivas-cintas-equipo-de-seguridad\/cinta-adhesiva-reflejante-tuk-785-blanco-con-rojo-50-milimetros-x-45-7-metros\/#breadcrumb\",\"itemListElement\":[{\"@type\":\"ListItem\",\"position\":1,\"name\":\"Inicio\",\"item\":\"https:\/\/thoro.com.mx\/ethoro\/\"},{\"@type\":\"ListItem\",\"position\":2,\"name\":\"Tienda\",\"item\":\"https:\/\/thoro.com.mx\/ethoro\/shop\/\"},{\"@type\":\"ListItem\",\"position\":3,\"name\":\"CINTA ADHESIVA REFLEJANTE TUK 785 BLANCO CON ROJO 50 MILIMETROS X 45.7 METROS\"}]},{\"@type\":\"WebSite\",\"@id\":\"https:\/\/72.167.50.119\/ethoro\/#website\",\"url\":\"https:\/\/72.167.50.119\/ethoro\/\",\"name\":\"Thoro Enterprises de M\u00e9xico\",\"description\":\"Todo en Thoro\",\"publisher\":{\"@id\":\"https:\/\/72.167.50.119\/ethoro\/#organization\"},\"alternateName\":\"Thoro shop\",\"potentialAction\":[{\"@type\":\"SearchAction\",\"target\":{\"@type\":\"EntryPoint\",\"urlTemplate\":\"https:\/\/72.167.50.119\/ethoro\/?s={search_term_string}\"},\"query-input\":{\"@type\":\"PropertyValueSpecification\",\"valueRequired\":true,\"valueName\":\"search_term_string\"}}],\"inLanguage\":\"es\"},{\"@type\":\"Organization\",\"@id\":\"https:\/\/72.167.50.119\/ethoro\/#organization\",\"name\":\"Thoro Enterprises de M\u00e9xico\",\"alternateName\":\"Thoro shop\",\"url\":\"https:\/\/72.167.50.119\/ethoro\/\",\"logo\":{\"@type\":\"ImageObject\",\"inLanguage\":\"es\",\"@id\":\"https:\/\/72.167.50.119\/ethoro\/#\/schema\/logo\/image\/\",\"url\":\"https:\/\/72.167.50.119\/ethoro\/wp-content\/uploads\/2025\/01\/cropped-cropped-icono_t-180x180-1.png\",\"contentUrl\":\"https:\/\/72.167.50.119\/ethoro\/wp-content\/uploads\/2025\/01\/cropped-cropped-icono_t-180x180-1.png\",\"width\":512,\"height\":512,\"caption\":\"Thoro Enterprises de M\u00e9xico\"},\"image\":{\"@id\":\"https:\/\/72.167.50.119\/ethoro\/#\/schema\/logo\/image\/\"},\"sameAs\":[\"https:\/\/www.facebook.com\/ThoroEnterprises\",\"https:\/\/www.instagram.com\/thoro.mexico\/\"]}]}<\/script>\n<!-- \/ Yoast SEO plugin. -->","yoast_head_json":{"title":"CINTA ADHESIVA REFLEJANTE TUK 785 BLANCO CON ROJO 50 MILIMETROS X 45.7 METROS - Thoro enterprises de Mexico","robots":{"index":"noindex","follow":"follow"},"og_locale":"es_MX","og_type":"article","og_title":"CINTA ADHESIVA REFLEJANTE TUK 785 BLANCO CON ROJO 50 MILIMETROS X 45.7 METROS - Thoro enterprises de Mexico","og_description":"TUK 785 Cinta de Alta reflejancia fabricada con microperlas de vidrio en resina transparente sobre un respaldo de poli\u00e9ster, dise\u00f1ada para reflejar la luz, su adhesivo es de alta adhesi\u00f3n. Para remolques de camiones, autobuses escolares, equipos industriales y usos en general cuando la visibilidad durante la noche es requerida. Cumple con los est\u00e1ndares FMMVSS [&hellip;]","og_url":"https:\/\/thoro.com.mx\/ethoro\/shop\/equipo-de-seguridad\/cintas-equipo-de-seguridad\/cintas-adhesivas-cintas-equipo-de-seguridad\/cinta-adhesiva-reflejante-tuk-785-blanco-con-rojo-50-milimetros-x-45-7-metros\/","og_site_name":"Thoro enterprises de Mexico","article_publisher":"https:\/\/www.facebook.com\/ThoroEnterprises","article_modified_time":"2026-04-07T08:18:27+00:00","og_image":[{"width":1000,"height":1000,"url":"https:\/\/thoro.com.mx\/ethoro\/wp-content\/uploads\/2025\/02\/PA0042.jpg","type":"image\/jpeg"}],"twitter_card":"summary_large_image","schema":{"@context":"https:\/\/schema.org","@graph":[{"@type":"WebPage","@id":"https:\/\/thoro.com.mx\/ethoro\/shop\/equipo-de-seguridad\/cintas-equipo-de-seguridad\/cintas-adhesivas-cintas-equipo-de-seguridad\/cinta-adhesiva-reflejante-tuk-785-blanco-con-rojo-50-milimetros-x-45-7-metros\/","url":"https:\/\/thoro.com.mx\/ethoro\/shop\/equipo-de-seguridad\/cintas-equipo-de-seguridad\/cintas-adhesivas-cintas-equipo-de-seguridad\/cinta-adhesiva-reflejante-tuk-785-blanco-con-rojo-50-milimetros-x-45-7-metros\/","name":"CINTA ADHESIVA REFLEJANTE TUK 785 BLANCO CON ROJO 50 MILIMETROS X 45.7 METROS - Thoro enterprises de Mexico","isPartOf":{"@id":"https:\/\/72.167.50.119\/ethoro\/#website"},"primaryImageOfPage":{"@id":"https:\/\/thoro.com.mx\/ethoro\/shop\/equipo-de-seguridad\/cintas-equipo-de-seguridad\/cintas-adhesivas-cintas-equipo-de-seguridad\/cinta-adhesiva-reflejante-tuk-785-blanco-con-rojo-50-milimetros-x-45-7-metros\/#primaryimage"},"image":{"@id":"https:\/\/thoro.com.mx\/ethoro\/shop\/equipo-de-seguridad\/cintas-equipo-de-seguridad\/cintas-adhesivas-cintas-equipo-de-seguridad\/cinta-adhesiva-reflejante-tuk-785-blanco-con-rojo-50-milimetros-x-45-7-metros\/#primaryimage"},"thumbnailUrl":"https:\/\/thoro.com.mx\/ethoro\/wp-content\/uploads\/2025\/02\/PA0042.jpg","datePublished":"2025-02-05T20:44:17+00:00","dateModified":"2026-04-07T08:18:27+00:00","breadcrumb":{"@id":"https:\/\/thoro.com.mx\/ethoro\/shop\/equipo-de-seguridad\/cintas-equipo-de-seguridad\/cintas-adhesivas-cintas-equipo-de-seguridad\/cinta-adhesiva-reflejante-tuk-785-blanco-con-rojo-50-milimetros-x-45-7-metros\/#breadcrumb"},"inLanguage":"es","potentialAction":[{"@type":"ReadAction","target":["https:\/\/thoro.com.mx\/ethoro\/shop\/equipo-de-seguridad\/cintas-equipo-de-seguridad\/cintas-adhesivas-cintas-equipo-de-seguridad\/cinta-adhesiva-reflejante-tuk-785-blanco-con-rojo-50-milimetros-x-45-7-metros\/"]}]},{"@type":"ImageObject","inLanguage":"es","@id":"https:\/\/thoro.com.mx\/ethoro\/shop\/equipo-de-seguridad\/cintas-equipo-de-seguridad\/cintas-adhesivas-cintas-equipo-de-seguridad\/cinta-adhesiva-reflejante-tuk-785-blanco-con-rojo-50-milimetros-x-45-7-metros\/#primaryimage","url":"https:\/\/thoro.com.mx\/ethoro\/wp-content\/uploads\/2025\/02\/PA0042.jpg","contentUrl":"https:\/\/thoro.com.mx\/ethoro\/wp-content\/uploads\/2025\/02\/PA0042.jpg","width":1000,"height":1000},{"@type":"BreadcrumbList","@id":"https:\/\/thoro.com.mx\/ethoro\/shop\/equipo-de-seguridad\/cintas-equipo-de-seguridad\/cintas-adhesivas-cintas-equipo-de-seguridad\/cinta-adhesiva-reflejante-tuk-785-blanco-con-rojo-50-milimetros-x-45-7-metros\/#breadcrumb","itemListElement":[{"@type":"ListItem","position":1,"name":"Inicio","item":"https:\/\/thoro.com.mx\/ethoro\/"},{"@type":"ListItem","position":2,"name":"Tienda","item":"https:\/\/thoro.com.mx\/ethoro\/shop\/"},{"@type":"ListItem","position":3,"name":"CINTA ADHESIVA REFLEJANTE TUK 785 BLANCO CON ROJO 50 MILIMETROS X 45.7 METROS"}]},{"@type":"WebSite","@id":"https:\/\/72.167.50.119\/ethoro\/#website","url":"https:\/\/72.167.50.119\/ethoro\/","name":"Thoro Enterprises de M\u00e9xico","description":"Todo en Thoro","publisher":{"@id":"https:\/\/72.167.50.119\/ethoro\/#organization"},"alternateName":"Thoro shop","potentialAction":[{"@type":"SearchAction","target":{"@type":"EntryPoint","urlTemplate":"https:\/\/72.167.50.119\/ethoro\/?s={search_term_string}"},"query-input":{"@type":"PropertyValueSpecification","valueRequired":true,"valueName":"search_term_string"}}],"inLanguage":"es"},{"@type":"Organization","@id":"https:\/\/72.167.50.119\/ethoro\/#organization","name":"Thoro Enterprises de M\u00e9xico","alternateName":"Thoro shop","url":"https:\/\/72.167.50.119\/ethoro\/","logo":{"@type":"ImageObject","inLanguage":"es","@id":"https:\/\/72.167.50.119\/ethoro\/#\/schema\/logo\/image\/","url":"https:\/\/72.167.50.119\/ethoro\/wp-content\/uploads\/2025\/01\/cropped-cropped-icono_t-180x180-1.png","contentUrl":"https:\/\/72.167.50.119\/ethoro\/wp-content\/uploads\/2025\/01\/cropped-cropped-icono_t-180x180-1.png","width":512,"height":512,"caption":"Thoro Enterprises de M\u00e9xico"},"image":{"@id":"https:\/\/72.167.50.119\/ethoro\/#\/schema\/logo\/image\/"},"sameAs":["https:\/\/www.facebook.com\/ThoroEnterprises","https:\/\/www.instagram.com\/thoro.mexico\/"]}]}},"_links":{"self":[{"href":"https:\/\/thoro.com.mx\/ethoro\/wp-json\/wp\/v2\/product\/15213","targetHints":{"allow":["GET"]}}],"collection":[{"href":"https:\/\/thoro.com.mx\/ethoro\/wp-json\/wp\/v2\/product"}],"about":[{"href":"https:\/\/thoro.com.mx\/ethoro\/wp-json\/wp\/v2\/types\/product"}],"replies":[{"embeddable":true,"href":"https:\/\/thoro.com.mx\/ethoro\/wp-json\/wp\/v2\/comments?post=15213"}],"wp:featuredmedia":[{"embeddable":true,"href":"https:\/\/thoro.com.mx\/ethoro\/wp-json\/wp\/v2\/media\/15212"}],"wp:attachment":[{"href":"https:\/\/thoro.com.mx\/ethoro\/wp-json\/wp\/v2\/media?parent=15213"}],"wp:term":[{"taxonomy":"product_brand","embeddable":true,"href":"https:\/\/thoro.com.mx\/ethoro\/wp-json\/wp\/v2\/product_brand?post=15213"},{"taxonomy":"product_cat","embeddable":true,"href":"https:\/\/thoro.com.mx\/ethoro\/wp-json\/wp\/v2\/product_cat?post=15213"},{"taxonomy":"product_tag","embeddable":true,"href":"https:\/\/thoro.com.mx\/ethoro\/wp-json\/wp\/v2\/product_tag?post=15213"}],"curies":[{"name":"wp","href":"https:\/\/api.w.org\/{rel}","templated":true}]}}