{"id":15253,"date":"2025-02-05T14:44:50","date_gmt":"2025-02-05T20:44:50","guid":{"rendered":"https:\/\/72.167.50.119\/ethoro\/shop\/sin categor\u00eda\/compuesto-antiadherente-vibra-tite-9071-cobre-227-gramos\/"},"modified":"2026-04-05T02:26:25","modified_gmt":"2026-04-05T08:26:25","slug":"compuesto-antiadherente-vibra-tite-9071-cobre-227-gramos","status":"publish","type":"product","link":"https:\/\/thoro.com.mx\/ethoro\/shop\/herramientas\/adhesivos-industriales\/compuestos-antiadherentes\/compuesto-antiadherente-vibra-tite-9071-cobre-227-gramos\/","title":{"rendered":"COMPUESTO ANTIADHERENTE VIBRA TITE 9071 COBRE 227 GRAMOS"},"content":{"rendered":"<h4>9071<\/h4>\n<ul>\n<li>COMPUESTO ANTIADHERENTE VIBRA TITE 9071 COBRE 227 GRAMOS <\/li>\n<li>Ventajas:<\/li>\n<li>\u2022 Facilita el montaje y el desmontaje<\/li>\n<li>\u2022 Reduce la fricci\u00f3n y el desgaste<\/li>\n<li>\u2022 Protege los conjuntos contra la corrosi\u00f3n<\/li>\n<li>\u2022 Resiste altas temperaturas y presiones<\/li>\n<li>Aplicaciones t\u00edpicas:<\/li>\n<li>\u2022 Engranajes, cadenas, cables, ruedas dentadas, roscas de sujetadores<\/li>\n<li><\/li>\n<li>Ideal para usar en piezas de metales m\u00e1s blandos como cobre y <\/li>\n<li>lat\u00f3n. Protege contra el \u00f3xido y la corrosi\u00f3n adem\u00e1s de impedir <\/li>\n<li>el agarrotamiento, las excoriaciones y el desgaste excesivo. <\/li>\n<li>Resistencia excelente a los ambientes qu\u00edmicos agresivos. <\/li>\n<li>Consiste en copos finos de aluminio y grafito suspendidos en una <\/li>\n<li>mezcla de lubricantes y aceites<\/li>\n<li><\/li>\n<li>Funci\u00f3n\t:Lubricante<\/li>\n<li>Tama\u00f1os disponibles: 1.8 mililitros, 3 onzas, 4 onzas, 8 onzas, 16 onzas, 1 gal\u00f3n, 5 galones.\t<\/li>\n<li>Compite con Loctite\u00ae C5-A\u00ae (C5-A y Loctite es marcas comerciales registradas de Henkel IP &#038; Holding GMBH LLC, Alemania)<\/li>\n<li>Pa\u00eds de origen: Estados Unidos<\/li>\n<li>UNSPSC\t:15121515<\/li>\n<li>Lista arancelaria armonizada: 3403.19<\/li>\n<li>vigencia: 5 a\u00f1os a partir de la fecha de fabricaci\u00f3n<\/li>\n<li>Gravedad espec\u00edfica:1.2<\/li>\n<li>Especificaciones satisfechas\t:GM-6108M, MIL-A-907E, MIL-PRF-907E, MIL-PRF-907F<\/li>\n<li>Rango temporal alto\t:1800\u00b0F<\/li>\n<li>Viscosidad (cP):120000, 175000<\/li>\n<li>Color: cobre<\/li>\n<li>k-Valor:0.15<\/li>\n<li>Base Material: cobre<\/li>\n<\/ul>\n","protected":false},"excerpt":{"rendered":"<p>9071 COMPUESTO ANTIADHERENTE VIBRA TITE 9071 COBRE 227 GRAMOS Ventajas: \u2022 Facilita el montaje y el desmontaje \u2022 Reduce la fricci\u00f3n y el desgaste \u2022 Protege los conjuntos contra la corrosi\u00f3n \u2022 Resiste altas temperaturas y presiones Aplicaciones t\u00edpicas: \u2022 Engranajes, cadenas, cables, ruedas dentadas, roscas de sujetadores Ideal para usar en piezas de metales [&hellip;]<\/p>\n","protected":false},"featured_media":15252,"comment_status":"open","ping_status":"closed","template":"","meta":{"_monsterinsights_skip_tracking":false,"_monsterinsights_sitenote_active":false,"_monsterinsights_sitenote_note":"","_monsterinsights_sitenote_category":0,"_joinchat":[]},"product_brand":[],"product_cat":[14261],"product_tag":[],"class_list":{"0":"post-15253","1":"product","2":"type-product","3":"status-publish","4":"has-post-thumbnail","6":"product_cat-compuestos-antiadherentes","8":"first","9":"instock","10":"taxable","11":"shipping-taxable","12":"purchasable","13":"product-type-simple","14":"add-to-wishlist-after_add_to_cart"},"yoast_head":"<!-- This site is optimized with the Yoast SEO plugin v27.1.1 - https:\/\/yoast.com\/product\/yoast-seo-wordpress\/ -->\n<title>COMPUESTO ANTIADHERENTE VIBRA TITE 9071 COBRE 227 GRAMOS - Thoro enterprises de Mexico<\/title>\n<meta name=\"robots\" content=\"noindex, follow\" \/>\n<meta property=\"og:locale\" content=\"es_MX\" \/>\n<meta property=\"og:type\" content=\"article\" \/>\n<meta property=\"og:title\" content=\"COMPUESTO ANTIADHERENTE VIBRA TITE 9071 COBRE 227 GRAMOS - Thoro enterprises de Mexico\" \/>\n<meta property=\"og:description\" content=\"9071 COMPUESTO ANTIADHERENTE VIBRA TITE 9071 COBRE 227 GRAMOS Ventajas: \u2022 Facilita el montaje y el desmontaje \u2022 Reduce la fricci\u00f3n y el desgaste \u2022 Protege los conjuntos contra la corrosi\u00f3n \u2022 Resiste altas temperaturas y presiones Aplicaciones t\u00edpicas: \u2022 Engranajes, cadenas, cables, ruedas dentadas, roscas de sujetadores Ideal para usar en piezas de metales [&hellip;]\" \/>\n<meta property=\"og:url\" content=\"https:\/\/thoro.com.mx\/ethoro\/shop\/herramientas\/adhesivos-industriales\/compuestos-antiadherentes\/compuesto-antiadherente-vibra-tite-9071-cobre-227-gramos\/\" \/>\n<meta property=\"og:site_name\" content=\"Thoro enterprises de Mexico\" \/>\n<meta property=\"article:publisher\" content=\"https:\/\/www.facebook.com\/ThoroEnterprises\" \/>\n<meta property=\"article:modified_time\" content=\"2026-04-05T08:26:25+00:00\" \/>\n<meta property=\"og:image\" content=\"https:\/\/thoro.com.mx\/ethoro\/wp-content\/uploads\/2025\/02\/745619907189.png\" \/>\n\t<meta property=\"og:image:width\" content=\"1000\" \/>\n\t<meta property=\"og:image:height\" content=\"1000\" \/>\n\t<meta property=\"og:image:type\" content=\"image\/png\" \/>\n<meta name=\"twitter:card\" content=\"summary_large_image\" \/>\n<meta name=\"twitter:label1\" content=\"Tiempo de lectura\" \/>\n\t<meta name=\"twitter:data1\" content=\"1 minuto\" \/>\n<script type=\"application\/ld+json\" class=\"yoast-schema-graph\">{\"@context\":\"https:\/\/schema.org\",\"@graph\":[{\"@type\":\"WebPage\",\"@id\":\"https:\/\/thoro.com.mx\/ethoro\/shop\/herramientas\/adhesivos-industriales\/compuestos-antiadherentes\/compuesto-antiadherente-vibra-tite-9071-cobre-227-gramos\/\",\"url\":\"https:\/\/thoro.com.mx\/ethoro\/shop\/herramientas\/adhesivos-industriales\/compuestos-antiadherentes\/compuesto-antiadherente-vibra-tite-9071-cobre-227-gramos\/\",\"name\":\"COMPUESTO ANTIADHERENTE VIBRA TITE 9071 COBRE 227 GRAMOS - Thoro enterprises de Mexico\",\"isPartOf\":{\"@id\":\"https:\/\/72.167.50.119\/ethoro\/#website\"},\"primaryImageOfPage\":{\"@id\":\"https:\/\/thoro.com.mx\/ethoro\/shop\/herramientas\/adhesivos-industriales\/compuestos-antiadherentes\/compuesto-antiadherente-vibra-tite-9071-cobre-227-gramos\/#primaryimage\"},\"image\":{\"@id\":\"https:\/\/thoro.com.mx\/ethoro\/shop\/herramientas\/adhesivos-industriales\/compuestos-antiadherentes\/compuesto-antiadherente-vibra-tite-9071-cobre-227-gramos\/#primaryimage\"},\"thumbnailUrl\":\"https:\/\/thoro.com.mx\/ethoro\/wp-content\/uploads\/2025\/02\/745619907189.png\",\"datePublished\":\"2025-02-05T20:44:50+00:00\",\"dateModified\":\"2026-04-05T08:26:25+00:00\",\"breadcrumb\":{\"@id\":\"https:\/\/thoro.com.mx\/ethoro\/shop\/herramientas\/adhesivos-industriales\/compuestos-antiadherentes\/compuesto-antiadherente-vibra-tite-9071-cobre-227-gramos\/#breadcrumb\"},\"inLanguage\":\"es\",\"potentialAction\":[{\"@type\":\"ReadAction\",\"target\":[\"https:\/\/thoro.com.mx\/ethoro\/shop\/herramientas\/adhesivos-industriales\/compuestos-antiadherentes\/compuesto-antiadherente-vibra-tite-9071-cobre-227-gramos\/\"]}]},{\"@type\":\"ImageObject\",\"inLanguage\":\"es\",\"@id\":\"https:\/\/thoro.com.mx\/ethoro\/shop\/herramientas\/adhesivos-industriales\/compuestos-antiadherentes\/compuesto-antiadherente-vibra-tite-9071-cobre-227-gramos\/#primaryimage\",\"url\":\"https:\/\/thoro.com.mx\/ethoro\/wp-content\/uploads\/2025\/02\/745619907189.png\",\"contentUrl\":\"https:\/\/thoro.com.mx\/ethoro\/wp-content\/uploads\/2025\/02\/745619907189.png\",\"width\":1000,\"height\":1000},{\"@type\":\"BreadcrumbList\",\"@id\":\"https:\/\/thoro.com.mx\/ethoro\/shop\/herramientas\/adhesivos-industriales\/compuestos-antiadherentes\/compuesto-antiadherente-vibra-tite-9071-cobre-227-gramos\/#breadcrumb\",\"itemListElement\":[{\"@type\":\"ListItem\",\"position\":1,\"name\":\"Inicio\",\"item\":\"https:\/\/thoro.com.mx\/ethoro\/\"},{\"@type\":\"ListItem\",\"position\":2,\"name\":\"Tienda\",\"item\":\"https:\/\/thoro.com.mx\/ethoro\/shop\/\"},{\"@type\":\"ListItem\",\"position\":3,\"name\":\"COMPUESTO ANTIADHERENTE VIBRA TITE 9071 COBRE 227 GRAMOS\"}]},{\"@type\":\"WebSite\",\"@id\":\"https:\/\/72.167.50.119\/ethoro\/#website\",\"url\":\"https:\/\/72.167.50.119\/ethoro\/\",\"name\":\"Thoro Enterprises de M\u00e9xico\",\"description\":\"Todo en Thoro\",\"publisher\":{\"@id\":\"https:\/\/72.167.50.119\/ethoro\/#organization\"},\"alternateName\":\"Thoro shop\",\"potentialAction\":[{\"@type\":\"SearchAction\",\"target\":{\"@type\":\"EntryPoint\",\"urlTemplate\":\"https:\/\/72.167.50.119\/ethoro\/?s={search_term_string}\"},\"query-input\":{\"@type\":\"PropertyValueSpecification\",\"valueRequired\":true,\"valueName\":\"search_term_string\"}}],\"inLanguage\":\"es\"},{\"@type\":\"Organization\",\"@id\":\"https:\/\/72.167.50.119\/ethoro\/#organization\",\"name\":\"Thoro Enterprises de M\u00e9xico\",\"alternateName\":\"Thoro shop\",\"url\":\"https:\/\/72.167.50.119\/ethoro\/\",\"logo\":{\"@type\":\"ImageObject\",\"inLanguage\":\"es\",\"@id\":\"https:\/\/72.167.50.119\/ethoro\/#\/schema\/logo\/image\/\",\"url\":\"https:\/\/72.167.50.119\/ethoro\/wp-content\/uploads\/2025\/01\/cropped-cropped-icono_t-180x180-1.png\",\"contentUrl\":\"https:\/\/72.167.50.119\/ethoro\/wp-content\/uploads\/2025\/01\/cropped-cropped-icono_t-180x180-1.png\",\"width\":512,\"height\":512,\"caption\":\"Thoro Enterprises de M\u00e9xico\"},\"image\":{\"@id\":\"https:\/\/72.167.50.119\/ethoro\/#\/schema\/logo\/image\/\"},\"sameAs\":[\"https:\/\/www.facebook.com\/ThoroEnterprises\",\"https:\/\/www.instagram.com\/thoro.mexico\/\"]}]}<\/script>\n<!-- \/ Yoast SEO plugin. -->","yoast_head_json":{"title":"COMPUESTO ANTIADHERENTE VIBRA TITE 9071 COBRE 227 GRAMOS - Thoro enterprises de Mexico","robots":{"index":"noindex","follow":"follow"},"og_locale":"es_MX","og_type":"article","og_title":"COMPUESTO ANTIADHERENTE VIBRA TITE 9071 COBRE 227 GRAMOS - Thoro enterprises de Mexico","og_description":"9071 COMPUESTO ANTIADHERENTE VIBRA TITE 9071 COBRE 227 GRAMOS Ventajas: \u2022 Facilita el montaje y el desmontaje \u2022 Reduce la fricci\u00f3n y el desgaste \u2022 Protege los conjuntos contra la corrosi\u00f3n \u2022 Resiste altas temperaturas y presiones Aplicaciones t\u00edpicas: \u2022 Engranajes, cadenas, cables, ruedas dentadas, roscas de sujetadores Ideal para usar en piezas de metales [&hellip;]","og_url":"https:\/\/thoro.com.mx\/ethoro\/shop\/herramientas\/adhesivos-industriales\/compuestos-antiadherentes\/compuesto-antiadherente-vibra-tite-9071-cobre-227-gramos\/","og_site_name":"Thoro enterprises de Mexico","article_publisher":"https:\/\/www.facebook.com\/ThoroEnterprises","article_modified_time":"2026-04-05T08:26:25+00:00","og_image":[{"width":1000,"height":1000,"url":"https:\/\/thoro.com.mx\/ethoro\/wp-content\/uploads\/2025\/02\/745619907189.png","type":"image\/png"}],"twitter_card":"summary_large_image","twitter_misc":{"Tiempo de lectura":"1 minuto"},"schema":{"@context":"https:\/\/schema.org","@graph":[{"@type":"WebPage","@id":"https:\/\/thoro.com.mx\/ethoro\/shop\/herramientas\/adhesivos-industriales\/compuestos-antiadherentes\/compuesto-antiadherente-vibra-tite-9071-cobre-227-gramos\/","url":"https:\/\/thoro.com.mx\/ethoro\/shop\/herramientas\/adhesivos-industriales\/compuestos-antiadherentes\/compuesto-antiadherente-vibra-tite-9071-cobre-227-gramos\/","name":"COMPUESTO ANTIADHERENTE VIBRA TITE 9071 COBRE 227 GRAMOS - Thoro enterprises de Mexico","isPartOf":{"@id":"https:\/\/72.167.50.119\/ethoro\/#website"},"primaryImageOfPage":{"@id":"https:\/\/thoro.com.mx\/ethoro\/shop\/herramientas\/adhesivos-industriales\/compuestos-antiadherentes\/compuesto-antiadherente-vibra-tite-9071-cobre-227-gramos\/#primaryimage"},"image":{"@id":"https:\/\/thoro.com.mx\/ethoro\/shop\/herramientas\/adhesivos-industriales\/compuestos-antiadherentes\/compuesto-antiadherente-vibra-tite-9071-cobre-227-gramos\/#primaryimage"},"thumbnailUrl":"https:\/\/thoro.com.mx\/ethoro\/wp-content\/uploads\/2025\/02\/745619907189.png","datePublished":"2025-02-05T20:44:50+00:00","dateModified":"2026-04-05T08:26:25+00:00","breadcrumb":{"@id":"https:\/\/thoro.com.mx\/ethoro\/shop\/herramientas\/adhesivos-industriales\/compuestos-antiadherentes\/compuesto-antiadherente-vibra-tite-9071-cobre-227-gramos\/#breadcrumb"},"inLanguage":"es","potentialAction":[{"@type":"ReadAction","target":["https:\/\/thoro.com.mx\/ethoro\/shop\/herramientas\/adhesivos-industriales\/compuestos-antiadherentes\/compuesto-antiadherente-vibra-tite-9071-cobre-227-gramos\/"]}]},{"@type":"ImageObject","inLanguage":"es","@id":"https:\/\/thoro.com.mx\/ethoro\/shop\/herramientas\/adhesivos-industriales\/compuestos-antiadherentes\/compuesto-antiadherente-vibra-tite-9071-cobre-227-gramos\/#primaryimage","url":"https:\/\/thoro.com.mx\/ethoro\/wp-content\/uploads\/2025\/02\/745619907189.png","contentUrl":"https:\/\/thoro.com.mx\/ethoro\/wp-content\/uploads\/2025\/02\/745619907189.png","width":1000,"height":1000},{"@type":"BreadcrumbList","@id":"https:\/\/thoro.com.mx\/ethoro\/shop\/herramientas\/adhesivos-industriales\/compuestos-antiadherentes\/compuesto-antiadherente-vibra-tite-9071-cobre-227-gramos\/#breadcrumb","itemListElement":[{"@type":"ListItem","position":1,"name":"Inicio","item":"https:\/\/thoro.com.mx\/ethoro\/"},{"@type":"ListItem","position":2,"name":"Tienda","item":"https:\/\/thoro.com.mx\/ethoro\/shop\/"},{"@type":"ListItem","position":3,"name":"COMPUESTO ANTIADHERENTE VIBRA TITE 9071 COBRE 227 GRAMOS"}]},{"@type":"WebSite","@id":"https:\/\/72.167.50.119\/ethoro\/#website","url":"https:\/\/72.167.50.119\/ethoro\/","name":"Thoro Enterprises de M\u00e9xico","description":"Todo en Thoro","publisher":{"@id":"https:\/\/72.167.50.119\/ethoro\/#organization"},"alternateName":"Thoro shop","potentialAction":[{"@type":"SearchAction","target":{"@type":"EntryPoint","urlTemplate":"https:\/\/72.167.50.119\/ethoro\/?s={search_term_string}"},"query-input":{"@type":"PropertyValueSpecification","valueRequired":true,"valueName":"search_term_string"}}],"inLanguage":"es"},{"@type":"Organization","@id":"https:\/\/72.167.50.119\/ethoro\/#organization","name":"Thoro Enterprises de M\u00e9xico","alternateName":"Thoro shop","url":"https:\/\/72.167.50.119\/ethoro\/","logo":{"@type":"ImageObject","inLanguage":"es","@id":"https:\/\/72.167.50.119\/ethoro\/#\/schema\/logo\/image\/","url":"https:\/\/72.167.50.119\/ethoro\/wp-content\/uploads\/2025\/01\/cropped-cropped-icono_t-180x180-1.png","contentUrl":"https:\/\/72.167.50.119\/ethoro\/wp-content\/uploads\/2025\/01\/cropped-cropped-icono_t-180x180-1.png","width":512,"height":512,"caption":"Thoro Enterprises de M\u00e9xico"},"image":{"@id":"https:\/\/72.167.50.119\/ethoro\/#\/schema\/logo\/image\/"},"sameAs":["https:\/\/www.facebook.com\/ThoroEnterprises","https:\/\/www.instagram.com\/thoro.mexico\/"]}]}},"_links":{"self":[{"href":"https:\/\/thoro.com.mx\/ethoro\/wp-json\/wp\/v2\/product\/15253","targetHints":{"allow":["GET"]}}],"collection":[{"href":"https:\/\/thoro.com.mx\/ethoro\/wp-json\/wp\/v2\/product"}],"about":[{"href":"https:\/\/thoro.com.mx\/ethoro\/wp-json\/wp\/v2\/types\/product"}],"replies":[{"embeddable":true,"href":"https:\/\/thoro.com.mx\/ethoro\/wp-json\/wp\/v2\/comments?post=15253"}],"wp:featuredmedia":[{"embeddable":true,"href":"https:\/\/thoro.com.mx\/ethoro\/wp-json\/wp\/v2\/media\/15252"}],"wp:attachment":[{"href":"https:\/\/thoro.com.mx\/ethoro\/wp-json\/wp\/v2\/media?parent=15253"}],"wp:term":[{"taxonomy":"product_brand","embeddable":true,"href":"https:\/\/thoro.com.mx\/ethoro\/wp-json\/wp\/v2\/product_brand?post=15253"},{"taxonomy":"product_cat","embeddable":true,"href":"https:\/\/thoro.com.mx\/ethoro\/wp-json\/wp\/v2\/product_cat?post=15253"},{"taxonomy":"product_tag","embeddable":true,"href":"https:\/\/thoro.com.mx\/ethoro\/wp-json\/wp\/v2\/product_tag?post=15253"}],"curies":[{"name":"wp","href":"https:\/\/api.w.org\/{rel}","templated":true}]}}