{"id":15257,"date":"2025-02-05T14:44:55","date_gmt":"2025-02-05T20:44:55","guid":{"rendered":"https:\/\/72.167.50.119\/ethoro\/shop\/sin categor\u00eda\/compuesto-formador-de-juntas-vibratite-730-rojo-50-mililitros\/"},"modified":"2026-04-05T02:16:18","modified_gmt":"2026-04-05T08:16:18","slug":"compuesto-formador-de-juntas-vibratite-730-rojo-50-mililitros","status":"publish","type":"product","link":"https:\/\/thoro.com.mx\/ethoro\/shop\/herramientas\/adhesivos-industriales\/compuestos-de-retencion\/compuesto-formador-de-juntas-vibratite-730-rojo-50-mililitros\/","title":{"rendered":"COMPUESTO FORMADOR DE JUNTAS VIBRATITE 730 ROJO 50 MILILITROS"},"content":{"rendered":"<h4>730<\/h4>\n<ul>\n<li>Sustratos clave\t<\/li>\n<li>metal.<\/li>\n<li><\/li>\n<li>Rango de temperatura bajo\t<\/li>\n<li>-65\u00b0F.<\/li>\n<li><\/li>\n<li>Tipo de curaci\u00f3n\t<\/li>\n<li>anaer\u00f3bico.<\/li>\n<li><\/li>\n<li>Compite con\t<\/li>\n<li>Compite con Loctite\u00ae 518\u2122 (518 es una marca comercial y Loctite es una marca comercial registrada de Henkel IP &#038; Holding GMBH LLC, Alemania)<\/li>\n<li>.<\/li>\n<li>vigencia\t<\/li>\n<li>2 a\u00f1os a partir de la fecha de fabricaci\u00f3n.<\/li>\n<li><\/li>\n<li>UNSPSC\t<\/li>\n<li>31200000.<\/li>\n<li><\/li>\n<li>funci\u00f3n\t<\/li>\n<li>sellamiento.<\/li>\n<li><\/li>\n<li>Pa\u00eds de origen\t<\/li>\n<li>Estados Unidos.<\/li>\n<li><\/li>\n<li>Arancel armonizado\t<\/li>\n<li>3506.91.<\/li>\n<li><\/li>\n<li>M\u00e1ximo de relleno de huecos\t<\/li>\n<li>Cebado: 0.020, Sin cebado: 0.010.<\/li>\n<li><\/li>\n<li>Cebadores compatibles\t<\/li>\n<li>611.<\/li>\n<li><\/li>\n<li>Especificaciones de cumplimiento\t<\/li>\n<li>GM-1182863.<\/li>\n<li><\/li>\n<li>Rango de temperatura alto\t<\/li>\n<li>300\u00b0F<\/li>\n<li>.<\/li>\n<li>Viscosidad (cP)\t<\/li>\n<li>250000 , 750000.<\/li>\n<li><\/li>\n<li>Color\t<\/li>\n<li>rojo.<\/li>\n<li><\/li>\n<li>Tiempo de curaci\u00f3n completo\t<\/li>\n<li>Preparado: 15-120 minutos, Sin cebado: 1-12 hrs.<\/li>\n<li><\/li>\n<li>Advertencias\t<\/li>\n<li>No se recomienda su uso en ox\u00edgeno puro, o ambientes ricos en ox\u00edgeno., No se recomienda su uso con pl\u00e1sticos, especialmente termopl\u00e1sticos.<\/li>\n<\/ul>\n","protected":false},"excerpt":{"rendered":"<p>730 Sustratos clave metal. Rango de temperatura bajo -65\u00b0F. Tipo de curaci\u00f3n anaer\u00f3bico. Compite con Compite con Loctite\u00ae 518\u2122 (518 es una marca comercial y Loctite es una marca comercial registrada de Henkel IP &#038; Holding GMBH LLC, Alemania) . vigencia 2 a\u00f1os a partir de la fecha de fabricaci\u00f3n. UNSPSC 31200000. funci\u00f3n sellamiento. Pa\u00eds [&hellip;]<\/p>\n","protected":false},"featured_media":15256,"comment_status":"open","ping_status":"closed","template":"","meta":{"_monsterinsights_skip_tracking":false,"_monsterinsights_sitenote_active":false,"_monsterinsights_sitenote_note":"","_monsterinsights_sitenote_category":0,"_joinchat":[]},"product_brand":[],"product_cat":[14262],"product_tag":[],"class_list":{"0":"post-15257","1":"product","2":"type-product","3":"status-publish","4":"has-post-thumbnail","6":"product_cat-compuestos-de-retencion","8":"first","9":"instock","10":"taxable","11":"shipping-taxable","12":"purchasable","13":"product-type-simple","14":"add-to-wishlist-after_add_to_cart"},"yoast_head":"<!-- This site is optimized with the Yoast SEO plugin v27.1.1 - https:\/\/yoast.com\/product\/yoast-seo-wordpress\/ -->\n<title>COMPUESTO FORMADOR DE JUNTAS VIBRATITE 730 ROJO 50 MILILITROS - Thoro enterprises de Mexico<\/title>\n<meta name=\"robots\" content=\"noindex, follow\" \/>\n<meta property=\"og:locale\" content=\"es_MX\" \/>\n<meta property=\"og:type\" content=\"article\" \/>\n<meta property=\"og:title\" content=\"COMPUESTO FORMADOR DE JUNTAS VIBRATITE 730 ROJO 50 MILILITROS - Thoro enterprises de Mexico\" \/>\n<meta property=\"og:description\" content=\"730 Sustratos clave metal. Rango de temperatura bajo -65\u00b0F. Tipo de curaci\u00f3n anaer\u00f3bico. Compite con Compite con Loctite\u00ae 518\u2122 (518 es una marca comercial y Loctite es una marca comercial registrada de Henkel IP &#038; Holding GMBH LLC, Alemania) . vigencia 2 a\u00f1os a partir de la fecha de fabricaci\u00f3n. UNSPSC 31200000. funci\u00f3n sellamiento. Pa\u00eds [&hellip;]\" \/>\n<meta property=\"og:url\" content=\"https:\/\/thoro.com.mx\/ethoro\/shop\/herramientas\/adhesivos-industriales\/compuestos-de-retencion\/compuesto-formador-de-juntas-vibratite-730-rojo-50-mililitros\/\" \/>\n<meta property=\"og:site_name\" content=\"Thoro enterprises de Mexico\" \/>\n<meta property=\"article:publisher\" content=\"https:\/\/www.facebook.com\/ThoroEnterprises\" \/>\n<meta property=\"article:modified_time\" content=\"2026-04-05T08:16:18+00:00\" \/>\n<meta property=\"og:image\" content=\"https:\/\/thoro.com.mx\/ethoro\/wp-content\/uploads\/2025\/02\/745619730503.png\" \/>\n\t<meta property=\"og:image:width\" content=\"1000\" \/>\n\t<meta property=\"og:image:height\" content=\"1000\" \/>\n\t<meta property=\"og:image:type\" content=\"image\/png\" \/>\n<meta name=\"twitter:card\" content=\"summary_large_image\" \/>\n<meta name=\"twitter:label1\" content=\"Tiempo de lectura\" \/>\n\t<meta name=\"twitter:data1\" content=\"1 minuto\" \/>\n<script type=\"application\/ld+json\" class=\"yoast-schema-graph\">{\"@context\":\"https:\/\/schema.org\",\"@graph\":[{\"@type\":\"WebPage\",\"@id\":\"https:\/\/thoro.com.mx\/ethoro\/shop\/herramientas\/adhesivos-industriales\/compuestos-de-retencion\/compuesto-formador-de-juntas-vibratite-730-rojo-50-mililitros\/\",\"url\":\"https:\/\/thoro.com.mx\/ethoro\/shop\/herramientas\/adhesivos-industriales\/compuestos-de-retencion\/compuesto-formador-de-juntas-vibratite-730-rojo-50-mililitros\/\",\"name\":\"COMPUESTO FORMADOR DE JUNTAS VIBRATITE 730 ROJO 50 MILILITROS - Thoro enterprises de Mexico\",\"isPartOf\":{\"@id\":\"https:\/\/72.167.50.119\/ethoro\/#website\"},\"primaryImageOfPage\":{\"@id\":\"https:\/\/thoro.com.mx\/ethoro\/shop\/herramientas\/adhesivos-industriales\/compuestos-de-retencion\/compuesto-formador-de-juntas-vibratite-730-rojo-50-mililitros\/#primaryimage\"},\"image\":{\"@id\":\"https:\/\/thoro.com.mx\/ethoro\/shop\/herramientas\/adhesivos-industriales\/compuestos-de-retencion\/compuesto-formador-de-juntas-vibratite-730-rojo-50-mililitros\/#primaryimage\"},\"thumbnailUrl\":\"https:\/\/thoro.com.mx\/ethoro\/wp-content\/uploads\/2025\/02\/745619730503.png\",\"datePublished\":\"2025-02-05T20:44:55+00:00\",\"dateModified\":\"2026-04-05T08:16:18+00:00\",\"breadcrumb\":{\"@id\":\"https:\/\/thoro.com.mx\/ethoro\/shop\/herramientas\/adhesivos-industriales\/compuestos-de-retencion\/compuesto-formador-de-juntas-vibratite-730-rojo-50-mililitros\/#breadcrumb\"},\"inLanguage\":\"es\",\"potentialAction\":[{\"@type\":\"ReadAction\",\"target\":[\"https:\/\/thoro.com.mx\/ethoro\/shop\/herramientas\/adhesivos-industriales\/compuestos-de-retencion\/compuesto-formador-de-juntas-vibratite-730-rojo-50-mililitros\/\"]}]},{\"@type\":\"ImageObject\",\"inLanguage\":\"es\",\"@id\":\"https:\/\/thoro.com.mx\/ethoro\/shop\/herramientas\/adhesivos-industriales\/compuestos-de-retencion\/compuesto-formador-de-juntas-vibratite-730-rojo-50-mililitros\/#primaryimage\",\"url\":\"https:\/\/thoro.com.mx\/ethoro\/wp-content\/uploads\/2025\/02\/745619730503.png\",\"contentUrl\":\"https:\/\/thoro.com.mx\/ethoro\/wp-content\/uploads\/2025\/02\/745619730503.png\",\"width\":1000,\"height\":1000},{\"@type\":\"BreadcrumbList\",\"@id\":\"https:\/\/thoro.com.mx\/ethoro\/shop\/herramientas\/adhesivos-industriales\/compuestos-de-retencion\/compuesto-formador-de-juntas-vibratite-730-rojo-50-mililitros\/#breadcrumb\",\"itemListElement\":[{\"@type\":\"ListItem\",\"position\":1,\"name\":\"Inicio\",\"item\":\"https:\/\/thoro.com.mx\/ethoro\/\"},{\"@type\":\"ListItem\",\"position\":2,\"name\":\"Tienda\",\"item\":\"https:\/\/thoro.com.mx\/ethoro\/shop\/\"},{\"@type\":\"ListItem\",\"position\":3,\"name\":\"COMPUESTO FORMADOR DE JUNTAS VIBRATITE 730 ROJO 50 MILILITROS\"}]},{\"@type\":\"WebSite\",\"@id\":\"https:\/\/72.167.50.119\/ethoro\/#website\",\"url\":\"https:\/\/72.167.50.119\/ethoro\/\",\"name\":\"Thoro Enterprises de M\u00e9xico\",\"description\":\"Todo en Thoro\",\"publisher\":{\"@id\":\"https:\/\/72.167.50.119\/ethoro\/#organization\"},\"alternateName\":\"Thoro shop\",\"potentialAction\":[{\"@type\":\"SearchAction\",\"target\":{\"@type\":\"EntryPoint\",\"urlTemplate\":\"https:\/\/72.167.50.119\/ethoro\/?s={search_term_string}\"},\"query-input\":{\"@type\":\"PropertyValueSpecification\",\"valueRequired\":true,\"valueName\":\"search_term_string\"}}],\"inLanguage\":\"es\"},{\"@type\":\"Organization\",\"@id\":\"https:\/\/72.167.50.119\/ethoro\/#organization\",\"name\":\"Thoro Enterprises de M\u00e9xico\",\"alternateName\":\"Thoro shop\",\"url\":\"https:\/\/72.167.50.119\/ethoro\/\",\"logo\":{\"@type\":\"ImageObject\",\"inLanguage\":\"es\",\"@id\":\"https:\/\/72.167.50.119\/ethoro\/#\/schema\/logo\/image\/\",\"url\":\"https:\/\/72.167.50.119\/ethoro\/wp-content\/uploads\/2025\/01\/cropped-cropped-icono_t-180x180-1.png\",\"contentUrl\":\"https:\/\/72.167.50.119\/ethoro\/wp-content\/uploads\/2025\/01\/cropped-cropped-icono_t-180x180-1.png\",\"width\":512,\"height\":512,\"caption\":\"Thoro Enterprises de M\u00e9xico\"},\"image\":{\"@id\":\"https:\/\/72.167.50.119\/ethoro\/#\/schema\/logo\/image\/\"},\"sameAs\":[\"https:\/\/www.facebook.com\/ThoroEnterprises\",\"https:\/\/www.instagram.com\/thoro.mexico\/\"]}]}<\/script>\n<!-- \/ Yoast SEO plugin. -->","yoast_head_json":{"title":"COMPUESTO FORMADOR DE JUNTAS VIBRATITE 730 ROJO 50 MILILITROS - Thoro enterprises de Mexico","robots":{"index":"noindex","follow":"follow"},"og_locale":"es_MX","og_type":"article","og_title":"COMPUESTO FORMADOR DE JUNTAS VIBRATITE 730 ROJO 50 MILILITROS - Thoro enterprises de Mexico","og_description":"730 Sustratos clave metal. Rango de temperatura bajo -65\u00b0F. Tipo de curaci\u00f3n anaer\u00f3bico. Compite con Compite con Loctite\u00ae 518\u2122 (518 es una marca comercial y Loctite es una marca comercial registrada de Henkel IP &#038; Holding GMBH LLC, Alemania) . vigencia 2 a\u00f1os a partir de la fecha de fabricaci\u00f3n. UNSPSC 31200000. funci\u00f3n sellamiento. Pa\u00eds [&hellip;]","og_url":"https:\/\/thoro.com.mx\/ethoro\/shop\/herramientas\/adhesivos-industriales\/compuestos-de-retencion\/compuesto-formador-de-juntas-vibratite-730-rojo-50-mililitros\/","og_site_name":"Thoro enterprises de Mexico","article_publisher":"https:\/\/www.facebook.com\/ThoroEnterprises","article_modified_time":"2026-04-05T08:16:18+00:00","og_image":[{"width":1000,"height":1000,"url":"https:\/\/thoro.com.mx\/ethoro\/wp-content\/uploads\/2025\/02\/745619730503.png","type":"image\/png"}],"twitter_card":"summary_large_image","twitter_misc":{"Tiempo de lectura":"1 minuto"},"schema":{"@context":"https:\/\/schema.org","@graph":[{"@type":"WebPage","@id":"https:\/\/thoro.com.mx\/ethoro\/shop\/herramientas\/adhesivos-industriales\/compuestos-de-retencion\/compuesto-formador-de-juntas-vibratite-730-rojo-50-mililitros\/","url":"https:\/\/thoro.com.mx\/ethoro\/shop\/herramientas\/adhesivos-industriales\/compuestos-de-retencion\/compuesto-formador-de-juntas-vibratite-730-rojo-50-mililitros\/","name":"COMPUESTO FORMADOR DE JUNTAS VIBRATITE 730 ROJO 50 MILILITROS - Thoro enterprises de Mexico","isPartOf":{"@id":"https:\/\/72.167.50.119\/ethoro\/#website"},"primaryImageOfPage":{"@id":"https:\/\/thoro.com.mx\/ethoro\/shop\/herramientas\/adhesivos-industriales\/compuestos-de-retencion\/compuesto-formador-de-juntas-vibratite-730-rojo-50-mililitros\/#primaryimage"},"image":{"@id":"https:\/\/thoro.com.mx\/ethoro\/shop\/herramientas\/adhesivos-industriales\/compuestos-de-retencion\/compuesto-formador-de-juntas-vibratite-730-rojo-50-mililitros\/#primaryimage"},"thumbnailUrl":"https:\/\/thoro.com.mx\/ethoro\/wp-content\/uploads\/2025\/02\/745619730503.png","datePublished":"2025-02-05T20:44:55+00:00","dateModified":"2026-04-05T08:16:18+00:00","breadcrumb":{"@id":"https:\/\/thoro.com.mx\/ethoro\/shop\/herramientas\/adhesivos-industriales\/compuestos-de-retencion\/compuesto-formador-de-juntas-vibratite-730-rojo-50-mililitros\/#breadcrumb"},"inLanguage":"es","potentialAction":[{"@type":"ReadAction","target":["https:\/\/thoro.com.mx\/ethoro\/shop\/herramientas\/adhesivos-industriales\/compuestos-de-retencion\/compuesto-formador-de-juntas-vibratite-730-rojo-50-mililitros\/"]}]},{"@type":"ImageObject","inLanguage":"es","@id":"https:\/\/thoro.com.mx\/ethoro\/shop\/herramientas\/adhesivos-industriales\/compuestos-de-retencion\/compuesto-formador-de-juntas-vibratite-730-rojo-50-mililitros\/#primaryimage","url":"https:\/\/thoro.com.mx\/ethoro\/wp-content\/uploads\/2025\/02\/745619730503.png","contentUrl":"https:\/\/thoro.com.mx\/ethoro\/wp-content\/uploads\/2025\/02\/745619730503.png","width":1000,"height":1000},{"@type":"BreadcrumbList","@id":"https:\/\/thoro.com.mx\/ethoro\/shop\/herramientas\/adhesivos-industriales\/compuestos-de-retencion\/compuesto-formador-de-juntas-vibratite-730-rojo-50-mililitros\/#breadcrumb","itemListElement":[{"@type":"ListItem","position":1,"name":"Inicio","item":"https:\/\/thoro.com.mx\/ethoro\/"},{"@type":"ListItem","position":2,"name":"Tienda","item":"https:\/\/thoro.com.mx\/ethoro\/shop\/"},{"@type":"ListItem","position":3,"name":"COMPUESTO FORMADOR DE JUNTAS VIBRATITE 730 ROJO 50 MILILITROS"}]},{"@type":"WebSite","@id":"https:\/\/72.167.50.119\/ethoro\/#website","url":"https:\/\/72.167.50.119\/ethoro\/","name":"Thoro Enterprises de M\u00e9xico","description":"Todo en Thoro","publisher":{"@id":"https:\/\/72.167.50.119\/ethoro\/#organization"},"alternateName":"Thoro shop","potentialAction":[{"@type":"SearchAction","target":{"@type":"EntryPoint","urlTemplate":"https:\/\/72.167.50.119\/ethoro\/?s={search_term_string}"},"query-input":{"@type":"PropertyValueSpecification","valueRequired":true,"valueName":"search_term_string"}}],"inLanguage":"es"},{"@type":"Organization","@id":"https:\/\/72.167.50.119\/ethoro\/#organization","name":"Thoro Enterprises de M\u00e9xico","alternateName":"Thoro shop","url":"https:\/\/72.167.50.119\/ethoro\/","logo":{"@type":"ImageObject","inLanguage":"es","@id":"https:\/\/72.167.50.119\/ethoro\/#\/schema\/logo\/image\/","url":"https:\/\/72.167.50.119\/ethoro\/wp-content\/uploads\/2025\/01\/cropped-cropped-icono_t-180x180-1.png","contentUrl":"https:\/\/72.167.50.119\/ethoro\/wp-content\/uploads\/2025\/01\/cropped-cropped-icono_t-180x180-1.png","width":512,"height":512,"caption":"Thoro Enterprises de M\u00e9xico"},"image":{"@id":"https:\/\/72.167.50.119\/ethoro\/#\/schema\/logo\/image\/"},"sameAs":["https:\/\/www.facebook.com\/ThoroEnterprises","https:\/\/www.instagram.com\/thoro.mexico\/"]}]}},"_links":{"self":[{"href":"https:\/\/thoro.com.mx\/ethoro\/wp-json\/wp\/v2\/product\/15257","targetHints":{"allow":["GET"]}}],"collection":[{"href":"https:\/\/thoro.com.mx\/ethoro\/wp-json\/wp\/v2\/product"}],"about":[{"href":"https:\/\/thoro.com.mx\/ethoro\/wp-json\/wp\/v2\/types\/product"}],"replies":[{"embeddable":true,"href":"https:\/\/thoro.com.mx\/ethoro\/wp-json\/wp\/v2\/comments?post=15257"}],"wp:featuredmedia":[{"embeddable":true,"href":"https:\/\/thoro.com.mx\/ethoro\/wp-json\/wp\/v2\/media\/15256"}],"wp:attachment":[{"href":"https:\/\/thoro.com.mx\/ethoro\/wp-json\/wp\/v2\/media?parent=15257"}],"wp:term":[{"taxonomy":"product_brand","embeddable":true,"href":"https:\/\/thoro.com.mx\/ethoro\/wp-json\/wp\/v2\/product_brand?post=15257"},{"taxonomy":"product_cat","embeddable":true,"href":"https:\/\/thoro.com.mx\/ethoro\/wp-json\/wp\/v2\/product_cat?post=15257"},{"taxonomy":"product_tag","embeddable":true,"href":"https:\/\/thoro.com.mx\/ethoro\/wp-json\/wp\/v2\/product_tag?post=15257"}],"curies":[{"name":"wp","href":"https:\/\/api.w.org\/{rel}","templated":true}]}}