{"id":15263,"date":"2025-02-05T14:45:01","date_gmt":"2025-02-05T20:45:01","guid":{"rendered":"https:\/\/72.167.50.119\/ethoro\/shop\/sin categor\u00eda\/compuesto-de-retencion-vibra-tite-530-verde-50-mililitros-uso-general\/"},"modified":"2026-04-04T01:03:11","modified_gmt":"2026-04-04T07:03:11","slug":"compuesto-de-retencion-vibra-tite-530-verde-50-mililitros-uso-general","status":"publish","type":"product","link":"https:\/\/thoro.com.mx\/ethoro\/shop\/herramientas\/adhesivos-industriales\/compuestos-de-retencion\/compuesto-de-retencion-vibra-tite-530-verde-50-mililitros-uso-general\/","title":{"rendered":"COMPUESTO DE RETENCION VIBRA TITE 530 VERDE 50 MILILITROS USO GENERAL"},"content":{"rendered":"<h4>530<\/h4>\n<ul>\n<li>VIBRA TITE 530 COMPUESTO DE RETENCI\u00d3N <\/li>\n<li>\u2022 Aumenta el esfuerzo de cizalla en conjuntos de metal cil\u00edndricos no roscados <\/li>\n<li>\u2022 Llena los huecos entre conjuntos de metal muy  ajustados<\/li>\n<li>\u2022 Crea un conjunto firme de una sola pieza <\/li>\n<li>\u2022 Sella juntas contra las fugas<\/li>\n<li>\u2022 Impide la corrosi\u00f3n<\/li>\n<li>\u2022 Indicador de luz UV \/ negra<\/li>\n<li>Rotores, aumentar ajustes de presi\u00f3n, ejes, bujes, cojinetes y poleas.<\/li>\n<li><\/li>\n<li>Compite con:<\/li>\n<li>Compite con Loctite\u00ae 609\u2122 (609 es una marca comercial y Loctite es una marca comercial registrada de Henkel IP &#038; Holding GMBH LLC, Alemania), Compite con Loctite\u00ae 675\u2122 (675 es una marca comercial y Loctite es una marca comercial registrada de Henkel IP &#038; Holding GMBH LLC, Alemania)<\/li>\n<li><\/li>\n<li>Sustratos clave:\t<\/li>\n<li>Metal<\/li>\n<li><\/li>\n<li>Tipo de curaci\u00f3n:\t<\/li>\n<li>Anaer\u00f3bico<\/li>\n<li><\/li>\n<li>Funci\u00f3n:<\/li>\n<li>Retenci\u00f3n<\/li>\n<li><\/li>\n<li>Arancel armonizado:<\/li>\n<li>3506.91<\/li>\n<li><\/li>\n<li>Pa\u00eds de origen:\t<\/li>\n<li>Estados Unidos<\/li>\n<li><\/li>\n<li>UNSPSC\t<\/li>\n<li>31200000<\/li>\n<li><\/li>\n<li>Vigencia\t<\/li>\n<li>2 a\u00f1os a partir de la fecha de fabricaci\u00f3n<\/li>\n<li><\/li>\n<li>Tama\u00f1os disponibles:\t<\/li>\n<li>1,8 mL, 10 mL, 50 mL, 250 mL, 1 L<\/li>\n<li><\/li>\n<li>Color:<\/li>\n<li>verde<\/li>\n<li><\/li>\n<li>Hora del accesorio (minutos):\t<\/li>\n<li>20<\/li>\n<li><\/li>\n<li>Tiempo de curaci\u00f3n completo\t<\/li>\n<li>24 horas<\/li>\n<li><\/li>\n<li>M\u00e1ximo de relleno de huecos\t<\/li>\n<li>0.005<\/li>\n<li><\/li>\n<li>Rango de temperatura alto\t<\/li>\n<li>300\u00b0F<\/li>\n<li><\/li>\n<li>Gravedad espec\u00edfica\t<\/li>\n<li>1.1<\/li>\n<li><\/li>\n<li>Viscosidad (cP)\t<\/li>\n<li>100, 150<\/li>\n<li><\/li>\n<li>Fuerza de cizalladura (psi)\t<\/li>\n<li>2300<\/li>\n<li><\/li>\n<li>Especificaciones:\t<\/li>\n<li>GM-1183024, MIL-R-46082B, ASTM D-5363 (AN0411)<\/li>\n<li><\/li>\n<li>Advertencias\t<\/li>\n<li>No se recomienda su uso en ox\u00edgeno puro, o ambientes ricos en ox\u00edgeno., No se recomienda su uso con pl\u00e1sticos, especialmente termopl\u00e1sticos.<\/li>\n<\/ul>\n","protected":false},"excerpt":{"rendered":"<p>530 VIBRA TITE 530 COMPUESTO DE RETENCI\u00d3N \u2022 Aumenta el esfuerzo de cizalla en conjuntos de metal cil\u00edndricos no roscados \u2022 Llena los huecos entre conjuntos de metal muy ajustados \u2022 Crea un conjunto firme de una sola pieza \u2022 Sella juntas contra las fugas \u2022 Impide la corrosi\u00f3n \u2022 Indicador de luz UV \/ [&hellip;]<\/p>\n","protected":false},"featured_media":15262,"comment_status":"open","ping_status":"closed","template":"","meta":{"_monsterinsights_skip_tracking":false,"_monsterinsights_sitenote_active":false,"_monsterinsights_sitenote_note":"","_monsterinsights_sitenote_category":0,"_joinchat":[]},"product_brand":[],"product_cat":[14262],"product_tag":[],"class_list":{"0":"post-15263","1":"product","2":"type-product","3":"status-publish","4":"has-post-thumbnail","6":"product_cat-compuestos-de-retencion","8":"first","9":"instock","10":"taxable","11":"shipping-taxable","12":"purchasable","13":"product-type-simple","14":"add-to-wishlist-after_add_to_cart"},"yoast_head":"<!-- This site is optimized with the Yoast SEO plugin v27.1.1 - https:\/\/yoast.com\/product\/yoast-seo-wordpress\/ -->\n<title>COMPUESTO DE RETENCION VIBRA TITE 530 VERDE 50 MILILITROS USO GENERAL - Thoro enterprises de Mexico<\/title>\n<meta name=\"robots\" content=\"noindex, follow\" \/>\n<meta property=\"og:locale\" content=\"es_MX\" \/>\n<meta property=\"og:type\" content=\"article\" \/>\n<meta property=\"og:title\" content=\"COMPUESTO DE RETENCION VIBRA TITE 530 VERDE 50 MILILITROS USO GENERAL - Thoro enterprises de Mexico\" \/>\n<meta property=\"og:description\" content=\"530 VIBRA TITE 530 COMPUESTO DE RETENCI\u00d3N \u2022 Aumenta el esfuerzo de cizalla en conjuntos de metal cil\u00edndricos no roscados \u2022 Llena los huecos entre conjuntos de metal muy ajustados \u2022 Crea un conjunto firme de una sola pieza \u2022 Sella juntas contra las fugas \u2022 Impide la corrosi\u00f3n \u2022 Indicador de luz UV \/ [&hellip;]\" \/>\n<meta property=\"og:url\" content=\"https:\/\/thoro.com.mx\/ethoro\/shop\/herramientas\/adhesivos-industriales\/compuestos-de-retencion\/compuesto-de-retencion-vibra-tite-530-verde-50-mililitros-uso-general\/\" \/>\n<meta property=\"og:site_name\" content=\"Thoro enterprises de Mexico\" \/>\n<meta property=\"article:publisher\" content=\"https:\/\/www.facebook.com\/ThoroEnterprises\" \/>\n<meta property=\"article:modified_time\" content=\"2026-04-04T07:03:11+00:00\" \/>\n<meta property=\"og:image\" content=\"https:\/\/thoro.com.mx\/ethoro\/wp-content\/uploads\/2025\/02\/745619530509.png\" \/>\n\t<meta property=\"og:image:width\" content=\"1000\" \/>\n\t<meta property=\"og:image:height\" content=\"1000\" \/>\n\t<meta property=\"og:image:type\" content=\"image\/png\" \/>\n<meta name=\"twitter:card\" content=\"summary_large_image\" \/>\n<meta name=\"twitter:label1\" content=\"Tiempo de lectura\" \/>\n\t<meta name=\"twitter:data1\" content=\"1 minuto\" \/>\n<script type=\"application\/ld+json\" class=\"yoast-schema-graph\">{\"@context\":\"https:\/\/schema.org\",\"@graph\":[{\"@type\":\"WebPage\",\"@id\":\"https:\/\/thoro.com.mx\/ethoro\/shop\/herramientas\/adhesivos-industriales\/compuestos-de-retencion\/compuesto-de-retencion-vibra-tite-530-verde-50-mililitros-uso-general\/\",\"url\":\"https:\/\/thoro.com.mx\/ethoro\/shop\/herramientas\/adhesivos-industriales\/compuestos-de-retencion\/compuesto-de-retencion-vibra-tite-530-verde-50-mililitros-uso-general\/\",\"name\":\"COMPUESTO DE RETENCION VIBRA TITE 530 VERDE 50 MILILITROS USO GENERAL - Thoro enterprises de Mexico\",\"isPartOf\":{\"@id\":\"https:\/\/72.167.50.119\/ethoro\/#website\"},\"primaryImageOfPage\":{\"@id\":\"https:\/\/thoro.com.mx\/ethoro\/shop\/herramientas\/adhesivos-industriales\/compuestos-de-retencion\/compuesto-de-retencion-vibra-tite-530-verde-50-mililitros-uso-general\/#primaryimage\"},\"image\":{\"@id\":\"https:\/\/thoro.com.mx\/ethoro\/shop\/herramientas\/adhesivos-industriales\/compuestos-de-retencion\/compuesto-de-retencion-vibra-tite-530-verde-50-mililitros-uso-general\/#primaryimage\"},\"thumbnailUrl\":\"https:\/\/thoro.com.mx\/ethoro\/wp-content\/uploads\/2025\/02\/745619530509.png\",\"datePublished\":\"2025-02-05T20:45:01+00:00\",\"dateModified\":\"2026-04-04T07:03:11+00:00\",\"breadcrumb\":{\"@id\":\"https:\/\/thoro.com.mx\/ethoro\/shop\/herramientas\/adhesivos-industriales\/compuestos-de-retencion\/compuesto-de-retencion-vibra-tite-530-verde-50-mililitros-uso-general\/#breadcrumb\"},\"inLanguage\":\"es\",\"potentialAction\":[{\"@type\":\"ReadAction\",\"target\":[\"https:\/\/thoro.com.mx\/ethoro\/shop\/herramientas\/adhesivos-industriales\/compuestos-de-retencion\/compuesto-de-retencion-vibra-tite-530-verde-50-mililitros-uso-general\/\"]}]},{\"@type\":\"ImageObject\",\"inLanguage\":\"es\",\"@id\":\"https:\/\/thoro.com.mx\/ethoro\/shop\/herramientas\/adhesivos-industriales\/compuestos-de-retencion\/compuesto-de-retencion-vibra-tite-530-verde-50-mililitros-uso-general\/#primaryimage\",\"url\":\"https:\/\/thoro.com.mx\/ethoro\/wp-content\/uploads\/2025\/02\/745619530509.png\",\"contentUrl\":\"https:\/\/thoro.com.mx\/ethoro\/wp-content\/uploads\/2025\/02\/745619530509.png\",\"width\":1000,\"height\":1000},{\"@type\":\"BreadcrumbList\",\"@id\":\"https:\/\/thoro.com.mx\/ethoro\/shop\/herramientas\/adhesivos-industriales\/compuestos-de-retencion\/compuesto-de-retencion-vibra-tite-530-verde-50-mililitros-uso-general\/#breadcrumb\",\"itemListElement\":[{\"@type\":\"ListItem\",\"position\":1,\"name\":\"Inicio\",\"item\":\"https:\/\/thoro.com.mx\/ethoro\/\"},{\"@type\":\"ListItem\",\"position\":2,\"name\":\"Tienda\",\"item\":\"https:\/\/thoro.com.mx\/ethoro\/shop\/\"},{\"@type\":\"ListItem\",\"position\":3,\"name\":\"COMPUESTO DE RETENCION VIBRA TITE 530 VERDE 50 MILILITROS USO GENERAL\"}]},{\"@type\":\"WebSite\",\"@id\":\"https:\/\/72.167.50.119\/ethoro\/#website\",\"url\":\"https:\/\/72.167.50.119\/ethoro\/\",\"name\":\"Thoro Enterprises de M\u00e9xico\",\"description\":\"Todo en Thoro\",\"publisher\":{\"@id\":\"https:\/\/72.167.50.119\/ethoro\/#organization\"},\"alternateName\":\"Thoro shop\",\"potentialAction\":[{\"@type\":\"SearchAction\",\"target\":{\"@type\":\"EntryPoint\",\"urlTemplate\":\"https:\/\/72.167.50.119\/ethoro\/?s={search_term_string}\"},\"query-input\":{\"@type\":\"PropertyValueSpecification\",\"valueRequired\":true,\"valueName\":\"search_term_string\"}}],\"inLanguage\":\"es\"},{\"@type\":\"Organization\",\"@id\":\"https:\/\/72.167.50.119\/ethoro\/#organization\",\"name\":\"Thoro Enterprises de M\u00e9xico\",\"alternateName\":\"Thoro shop\",\"url\":\"https:\/\/72.167.50.119\/ethoro\/\",\"logo\":{\"@type\":\"ImageObject\",\"inLanguage\":\"es\",\"@id\":\"https:\/\/72.167.50.119\/ethoro\/#\/schema\/logo\/image\/\",\"url\":\"https:\/\/72.167.50.119\/ethoro\/wp-content\/uploads\/2025\/01\/cropped-cropped-icono_t-180x180-1.png\",\"contentUrl\":\"https:\/\/72.167.50.119\/ethoro\/wp-content\/uploads\/2025\/01\/cropped-cropped-icono_t-180x180-1.png\",\"width\":512,\"height\":512,\"caption\":\"Thoro Enterprises de M\u00e9xico\"},\"image\":{\"@id\":\"https:\/\/72.167.50.119\/ethoro\/#\/schema\/logo\/image\/\"},\"sameAs\":[\"https:\/\/www.facebook.com\/ThoroEnterprises\",\"https:\/\/www.instagram.com\/thoro.mexico\/\"]}]}<\/script>\n<!-- \/ Yoast SEO plugin. -->","yoast_head_json":{"title":"COMPUESTO DE RETENCION VIBRA TITE 530 VERDE 50 MILILITROS USO GENERAL - Thoro enterprises de Mexico","robots":{"index":"noindex","follow":"follow"},"og_locale":"es_MX","og_type":"article","og_title":"COMPUESTO DE RETENCION VIBRA TITE 530 VERDE 50 MILILITROS USO GENERAL - Thoro enterprises de Mexico","og_description":"530 VIBRA TITE 530 COMPUESTO DE RETENCI\u00d3N \u2022 Aumenta el esfuerzo de cizalla en conjuntos de metal cil\u00edndricos no roscados \u2022 Llena los huecos entre conjuntos de metal muy ajustados \u2022 Crea un conjunto firme de una sola pieza \u2022 Sella juntas contra las fugas \u2022 Impide la corrosi\u00f3n \u2022 Indicador de luz UV \/ [&hellip;]","og_url":"https:\/\/thoro.com.mx\/ethoro\/shop\/herramientas\/adhesivos-industriales\/compuestos-de-retencion\/compuesto-de-retencion-vibra-tite-530-verde-50-mililitros-uso-general\/","og_site_name":"Thoro enterprises de Mexico","article_publisher":"https:\/\/www.facebook.com\/ThoroEnterprises","article_modified_time":"2026-04-04T07:03:11+00:00","og_image":[{"width":1000,"height":1000,"url":"https:\/\/thoro.com.mx\/ethoro\/wp-content\/uploads\/2025\/02\/745619530509.png","type":"image\/png"}],"twitter_card":"summary_large_image","twitter_misc":{"Tiempo de lectura":"1 minuto"},"schema":{"@context":"https:\/\/schema.org","@graph":[{"@type":"WebPage","@id":"https:\/\/thoro.com.mx\/ethoro\/shop\/herramientas\/adhesivos-industriales\/compuestos-de-retencion\/compuesto-de-retencion-vibra-tite-530-verde-50-mililitros-uso-general\/","url":"https:\/\/thoro.com.mx\/ethoro\/shop\/herramientas\/adhesivos-industriales\/compuestos-de-retencion\/compuesto-de-retencion-vibra-tite-530-verde-50-mililitros-uso-general\/","name":"COMPUESTO DE RETENCION VIBRA TITE 530 VERDE 50 MILILITROS USO GENERAL - Thoro enterprises de Mexico","isPartOf":{"@id":"https:\/\/72.167.50.119\/ethoro\/#website"},"primaryImageOfPage":{"@id":"https:\/\/thoro.com.mx\/ethoro\/shop\/herramientas\/adhesivos-industriales\/compuestos-de-retencion\/compuesto-de-retencion-vibra-tite-530-verde-50-mililitros-uso-general\/#primaryimage"},"image":{"@id":"https:\/\/thoro.com.mx\/ethoro\/shop\/herramientas\/adhesivos-industriales\/compuestos-de-retencion\/compuesto-de-retencion-vibra-tite-530-verde-50-mililitros-uso-general\/#primaryimage"},"thumbnailUrl":"https:\/\/thoro.com.mx\/ethoro\/wp-content\/uploads\/2025\/02\/745619530509.png","datePublished":"2025-02-05T20:45:01+00:00","dateModified":"2026-04-04T07:03:11+00:00","breadcrumb":{"@id":"https:\/\/thoro.com.mx\/ethoro\/shop\/herramientas\/adhesivos-industriales\/compuestos-de-retencion\/compuesto-de-retencion-vibra-tite-530-verde-50-mililitros-uso-general\/#breadcrumb"},"inLanguage":"es","potentialAction":[{"@type":"ReadAction","target":["https:\/\/thoro.com.mx\/ethoro\/shop\/herramientas\/adhesivos-industriales\/compuestos-de-retencion\/compuesto-de-retencion-vibra-tite-530-verde-50-mililitros-uso-general\/"]}]},{"@type":"ImageObject","inLanguage":"es","@id":"https:\/\/thoro.com.mx\/ethoro\/shop\/herramientas\/adhesivos-industriales\/compuestos-de-retencion\/compuesto-de-retencion-vibra-tite-530-verde-50-mililitros-uso-general\/#primaryimage","url":"https:\/\/thoro.com.mx\/ethoro\/wp-content\/uploads\/2025\/02\/745619530509.png","contentUrl":"https:\/\/thoro.com.mx\/ethoro\/wp-content\/uploads\/2025\/02\/745619530509.png","width":1000,"height":1000},{"@type":"BreadcrumbList","@id":"https:\/\/thoro.com.mx\/ethoro\/shop\/herramientas\/adhesivos-industriales\/compuestos-de-retencion\/compuesto-de-retencion-vibra-tite-530-verde-50-mililitros-uso-general\/#breadcrumb","itemListElement":[{"@type":"ListItem","position":1,"name":"Inicio","item":"https:\/\/thoro.com.mx\/ethoro\/"},{"@type":"ListItem","position":2,"name":"Tienda","item":"https:\/\/thoro.com.mx\/ethoro\/shop\/"},{"@type":"ListItem","position":3,"name":"COMPUESTO DE RETENCION VIBRA TITE 530 VERDE 50 MILILITROS USO GENERAL"}]},{"@type":"WebSite","@id":"https:\/\/72.167.50.119\/ethoro\/#website","url":"https:\/\/72.167.50.119\/ethoro\/","name":"Thoro Enterprises de M\u00e9xico","description":"Todo en Thoro","publisher":{"@id":"https:\/\/72.167.50.119\/ethoro\/#organization"},"alternateName":"Thoro shop","potentialAction":[{"@type":"SearchAction","target":{"@type":"EntryPoint","urlTemplate":"https:\/\/72.167.50.119\/ethoro\/?s={search_term_string}"},"query-input":{"@type":"PropertyValueSpecification","valueRequired":true,"valueName":"search_term_string"}}],"inLanguage":"es"},{"@type":"Organization","@id":"https:\/\/72.167.50.119\/ethoro\/#organization","name":"Thoro Enterprises de M\u00e9xico","alternateName":"Thoro shop","url":"https:\/\/72.167.50.119\/ethoro\/","logo":{"@type":"ImageObject","inLanguage":"es","@id":"https:\/\/72.167.50.119\/ethoro\/#\/schema\/logo\/image\/","url":"https:\/\/72.167.50.119\/ethoro\/wp-content\/uploads\/2025\/01\/cropped-cropped-icono_t-180x180-1.png","contentUrl":"https:\/\/72.167.50.119\/ethoro\/wp-content\/uploads\/2025\/01\/cropped-cropped-icono_t-180x180-1.png","width":512,"height":512,"caption":"Thoro Enterprises de M\u00e9xico"},"image":{"@id":"https:\/\/72.167.50.119\/ethoro\/#\/schema\/logo\/image\/"},"sameAs":["https:\/\/www.facebook.com\/ThoroEnterprises","https:\/\/www.instagram.com\/thoro.mexico\/"]}]}},"_links":{"self":[{"href":"https:\/\/thoro.com.mx\/ethoro\/wp-json\/wp\/v2\/product\/15263","targetHints":{"allow":["GET"]}}],"collection":[{"href":"https:\/\/thoro.com.mx\/ethoro\/wp-json\/wp\/v2\/product"}],"about":[{"href":"https:\/\/thoro.com.mx\/ethoro\/wp-json\/wp\/v2\/types\/product"}],"replies":[{"embeddable":true,"href":"https:\/\/thoro.com.mx\/ethoro\/wp-json\/wp\/v2\/comments?post=15263"}],"wp:featuredmedia":[{"embeddable":true,"href":"https:\/\/thoro.com.mx\/ethoro\/wp-json\/wp\/v2\/media\/15262"}],"wp:attachment":[{"href":"https:\/\/thoro.com.mx\/ethoro\/wp-json\/wp\/v2\/media?parent=15263"}],"wp:term":[{"taxonomy":"product_brand","embeddable":true,"href":"https:\/\/thoro.com.mx\/ethoro\/wp-json\/wp\/v2\/product_brand?post=15263"},{"taxonomy":"product_cat","embeddable":true,"href":"https:\/\/thoro.com.mx\/ethoro\/wp-json\/wp\/v2\/product_cat?post=15263"},{"taxonomy":"product_tag","embeddable":true,"href":"https:\/\/thoro.com.mx\/ethoro\/wp-json\/wp\/v2\/product_tag?post=15263"}],"curies":[{"name":"wp","href":"https:\/\/api.w.org\/{rel}","templated":true}]}}