{"id":15265,"date":"2025-02-05T14:45:03","date_gmt":"2025-02-05T20:45:03","guid":{"rendered":"https:\/\/72.167.50.119\/ethoro\/shop\/sin categor\u00eda\/fijador-de-roscas-vibra-tite-121-azul-50-mililitros-resistencioa-media\/"},"modified":"2026-04-05T02:26:29","modified_gmt":"2026-04-05T08:26:29","slug":"fijador-de-roscas-vibra-tite-121-azul-50-mililitros-resistencioa-media","status":"publish","type":"product","link":"https:\/\/thoro.com.mx\/ethoro\/shop\/herramientas\/adhesivos-industriales\/fijadores-de-roscas\/fijador-de-roscas-vibra-tite-121-azul-50-mililitros-resistencioa-media\/","title":{"rendered":"FIJADOR DE ROSCAS VIBRA TITE 121 AZUL 50 MILILITROS RESISTENCIOA MEDIA"},"content":{"rendered":"<h4>121<\/h4>\n<ul>\n<li>FIJADOR DE ROSCAS VIBRA TITE 121 RESISTENCIA INTERMEDIA. <\/li>\n<li><\/li>\n<li>\u2022 Traban y sellan sujetadores roscados<\/li>\n<li>\u2022 Impiden el aflojamiento por impactos y vibraciones<\/li>\n<li>\u2022 Dan mejor resultado que los trabarroscas mec\u00e1nicos<\/li>\n<li>\u2022 Alivian el bloqueo por oxidaci\u00f3n<\/li>\n<li>\u2022 Impiden fugas.<\/li>\n<li><\/li>\n<li>Calidad retirable para sujetadores de 1\/4\u2019\u2019 a 3\/4\u2019\u2019 de di\u00e1metro.<\/li>\n<li><\/li>\n<li>Aplicaciones: Bloquea y sella sujetadores de 1\/4 &#8221; a 3\/4 &#8221;<\/li>\n<li>Tipo de curado: Anaer\u00f3bico<\/li>\n<li>Tallas disponibles: 50 mililitros.<\/li>\n<li>Compite con: Compite con Loctite\u00ae 242\u00ae (242 y Loctite son marcas registradas de Henkel IP &#038; Holding GMBH LLC, Alemania)<\/li>\n<li>Agrupaci\u00f3n secundaria: Fuerza media<\/li>\n<li>Duraci\u00f3n: 2 a\u00f1os desde la fecha de fabricaci\u00f3n<\/li>\n<li>UNSPSC: 31200000<\/li>\n<li>Arancel Armonizado: 3506.91<\/li>\n<li>Pa\u00eds de origen: EE.UU<\/li>\n<li>Color: Azul<\/li>\n<li>Viscosidad (cP): 1500 , 900<\/li>\n<li>Rango de temperatura baja: -65 \u00b0 F<\/li>\n<li>Rango de temperatura alto: 300 \u00b0 F<\/li>\n<li>Relleno de espacio m\u00e1ximo: 0,007<\/li>\n<li>Par de ruptura (en libras): 100<\/li>\n<li>Torque predominante (en libras): 45<\/li>\n<li>Tiempo de accesorio (minutos): 20<\/li>\n<li>Tiempo de curado completo: 24 horas<\/li>\n<li>Gravedad espec\u00edfica: 1.07<\/li>\n<li>Imprimaciones compatibles: 611 , 612<\/li>\n<li>Especificaciones cumplidas: MIL-S-46163A , NSF No alimentario , ASTM D-5363 (AN0321)<\/li>\n<li>Advertencias: No se recomienda su uso en ambientes con ox\u00edgeno puro o ricos en ox\u00edgeno. , No se recomienda su uso con pl\u00e1sticos, especialmente termopl\u00e1sticos.<\/li>\n<\/ul>\n","protected":false},"excerpt":{"rendered":"<p>121 FIJADOR DE ROSCAS VIBRA TITE 121 RESISTENCIA INTERMEDIA. \u2022 Traban y sellan sujetadores roscados \u2022 Impiden el aflojamiento por impactos y vibraciones \u2022 Dan mejor resultado que los trabarroscas mec\u00e1nicos \u2022 Alivian el bloqueo por oxidaci\u00f3n \u2022 Impiden fugas. Calidad retirable para sujetadores de 1\/4\u2019\u2019 a 3\/4\u2019\u2019 de di\u00e1metro. Aplicaciones: Bloquea y sella sujetadores [&hellip;]<\/p>\n","protected":false},"featured_media":424767,"comment_status":"open","ping_status":"closed","template":"","meta":{"_monsterinsights_skip_tracking":false,"_monsterinsights_sitenote_active":false,"_monsterinsights_sitenote_note":"","_monsterinsights_sitenote_category":0,"_joinchat":[]},"product_brand":[],"product_cat":[14264],"product_tag":[],"class_list":{"0":"post-15265","1":"product","2":"type-product","3":"status-publish","4":"has-post-thumbnail","6":"product_cat-fijadores-de-roscas","8":"first","9":"instock","10":"taxable","11":"shipping-taxable","12":"purchasable","13":"product-type-simple","14":"add-to-wishlist-after_add_to_cart"},"yoast_head":"<!-- This site is optimized with the Yoast SEO plugin v27.1.1 - https:\/\/yoast.com\/product\/yoast-seo-wordpress\/ -->\n<title>FIJADOR DE ROSCAS VIBRA TITE 121 AZUL 50 MILILITROS RESISTENCIOA MEDIA - Thoro enterprises de Mexico<\/title>\n<meta name=\"robots\" content=\"noindex, follow\" \/>\n<meta property=\"og:locale\" content=\"es_MX\" \/>\n<meta property=\"og:type\" content=\"article\" \/>\n<meta property=\"og:title\" content=\"FIJADOR DE ROSCAS VIBRA TITE 121 AZUL 50 MILILITROS RESISTENCIOA MEDIA - Thoro enterprises de Mexico\" \/>\n<meta property=\"og:description\" content=\"121 FIJADOR DE ROSCAS VIBRA TITE 121 RESISTENCIA INTERMEDIA. \u2022 Traban y sellan sujetadores roscados \u2022 Impiden el aflojamiento por impactos y vibraciones \u2022 Dan mejor resultado que los trabarroscas mec\u00e1nicos \u2022 Alivian el bloqueo por oxidaci\u00f3n \u2022 Impiden fugas. Calidad retirable para sujetadores de 1\/4\u2019\u2019 a 3\/4\u2019\u2019 de di\u00e1metro. Aplicaciones: Bloquea y sella sujetadores [&hellip;]\" \/>\n<meta property=\"og:url\" content=\"https:\/\/thoro.com.mx\/ethoro\/shop\/herramientas\/adhesivos-industriales\/fijadores-de-roscas\/fijador-de-roscas-vibra-tite-121-azul-50-mililitros-resistencioa-media\/\" \/>\n<meta property=\"og:site_name\" content=\"Thoro enterprises de Mexico\" \/>\n<meta property=\"article:publisher\" content=\"https:\/\/www.facebook.com\/ThoroEnterprises\" \/>\n<meta property=\"article:modified_time\" content=\"2026-04-05T08:26:29+00:00\" \/>\n<meta property=\"og:image\" content=\"https:\/\/thoro.com.mx\/ethoro\/wp-content\/uploads\/2025\/02\/745619121509.png\" \/>\n\t<meta property=\"og:image:width\" content=\"1000\" \/>\n\t<meta property=\"og:image:height\" content=\"1000\" \/>\n\t<meta property=\"og:image:type\" content=\"image\/png\" \/>\n<meta name=\"twitter:card\" content=\"summary_large_image\" \/>\n<meta name=\"twitter:label1\" content=\"Tiempo de lectura\" \/>\n\t<meta name=\"twitter:data1\" content=\"1 minuto\" \/>\n<script type=\"application\/ld+json\" class=\"yoast-schema-graph\">{\"@context\":\"https:\/\/schema.org\",\"@graph\":[{\"@type\":\"WebPage\",\"@id\":\"https:\/\/thoro.com.mx\/ethoro\/shop\/herramientas\/adhesivos-industriales\/fijadores-de-roscas\/fijador-de-roscas-vibra-tite-121-azul-50-mililitros-resistencioa-media\/\",\"url\":\"https:\/\/thoro.com.mx\/ethoro\/shop\/herramientas\/adhesivos-industriales\/fijadores-de-roscas\/fijador-de-roscas-vibra-tite-121-azul-50-mililitros-resistencioa-media\/\",\"name\":\"FIJADOR DE ROSCAS VIBRA TITE 121 AZUL 50 MILILITROS RESISTENCIOA MEDIA - Thoro enterprises de Mexico\",\"isPartOf\":{\"@id\":\"https:\/\/72.167.50.119\/ethoro\/#website\"},\"primaryImageOfPage\":{\"@id\":\"https:\/\/thoro.com.mx\/ethoro\/shop\/herramientas\/adhesivos-industriales\/fijadores-de-roscas\/fijador-de-roscas-vibra-tite-121-azul-50-mililitros-resistencioa-media\/#primaryimage\"},\"image\":{\"@id\":\"https:\/\/thoro.com.mx\/ethoro\/shop\/herramientas\/adhesivos-industriales\/fijadores-de-roscas\/fijador-de-roscas-vibra-tite-121-azul-50-mililitros-resistencioa-media\/#primaryimage\"},\"thumbnailUrl\":\"https:\/\/thoro.com.mx\/ethoro\/wp-content\/uploads\/2025\/06\/PA0093.jpg\",\"datePublished\":\"2025-02-05T20:45:03+00:00\",\"dateModified\":\"2026-04-05T08:26:29+00:00\",\"breadcrumb\":{\"@id\":\"https:\/\/thoro.com.mx\/ethoro\/shop\/herramientas\/adhesivos-industriales\/fijadores-de-roscas\/fijador-de-roscas-vibra-tite-121-azul-50-mililitros-resistencioa-media\/#breadcrumb\"},\"inLanguage\":\"es\",\"potentialAction\":[{\"@type\":\"ReadAction\",\"target\":[\"https:\/\/thoro.com.mx\/ethoro\/shop\/herramientas\/adhesivos-industriales\/fijadores-de-roscas\/fijador-de-roscas-vibra-tite-121-azul-50-mililitros-resistencioa-media\/\"]}]},{\"@type\":\"ImageObject\",\"inLanguage\":\"es\",\"@id\":\"https:\/\/thoro.com.mx\/ethoro\/shop\/herramientas\/adhesivos-industriales\/fijadores-de-roscas\/fijador-de-roscas-vibra-tite-121-azul-50-mililitros-resistencioa-media\/#primaryimage\",\"url\":\"https:\/\/thoro.com.mx\/ethoro\/wp-content\/uploads\/2025\/06\/PA0093.jpg\",\"contentUrl\":\"https:\/\/thoro.com.mx\/ethoro\/wp-content\/uploads\/2025\/06\/PA0093.jpg\",\"width\":1000,\"height\":1000},{\"@type\":\"BreadcrumbList\",\"@id\":\"https:\/\/thoro.com.mx\/ethoro\/shop\/herramientas\/adhesivos-industriales\/fijadores-de-roscas\/fijador-de-roscas-vibra-tite-121-azul-50-mililitros-resistencioa-media\/#breadcrumb\",\"itemListElement\":[{\"@type\":\"ListItem\",\"position\":1,\"name\":\"Inicio\",\"item\":\"https:\/\/thoro.com.mx\/ethoro\/\"},{\"@type\":\"ListItem\",\"position\":2,\"name\":\"Tienda\",\"item\":\"https:\/\/thoro.com.mx\/ethoro\/shop\/\"},{\"@type\":\"ListItem\",\"position\":3,\"name\":\"FIJADOR DE ROSCAS VIBRA TITE 121 AZUL 50 MILILITROS RESISTENCIOA MEDIA\"}]},{\"@type\":\"WebSite\",\"@id\":\"https:\/\/72.167.50.119\/ethoro\/#website\",\"url\":\"https:\/\/72.167.50.119\/ethoro\/\",\"name\":\"Thoro Enterprises de M\u00e9xico\",\"description\":\"Todo en Thoro\",\"publisher\":{\"@id\":\"https:\/\/72.167.50.119\/ethoro\/#organization\"},\"alternateName\":\"Thoro shop\",\"potentialAction\":[{\"@type\":\"SearchAction\",\"target\":{\"@type\":\"EntryPoint\",\"urlTemplate\":\"https:\/\/72.167.50.119\/ethoro\/?s={search_term_string}\"},\"query-input\":{\"@type\":\"PropertyValueSpecification\",\"valueRequired\":true,\"valueName\":\"search_term_string\"}}],\"inLanguage\":\"es\"},{\"@type\":\"Organization\",\"@id\":\"https:\/\/72.167.50.119\/ethoro\/#organization\",\"name\":\"Thoro Enterprises de M\u00e9xico\",\"alternateName\":\"Thoro shop\",\"url\":\"https:\/\/72.167.50.119\/ethoro\/\",\"logo\":{\"@type\":\"ImageObject\",\"inLanguage\":\"es\",\"@id\":\"https:\/\/72.167.50.119\/ethoro\/#\/schema\/logo\/image\/\",\"url\":\"https:\/\/72.167.50.119\/ethoro\/wp-content\/uploads\/2025\/01\/cropped-cropped-icono_t-180x180-1.png\",\"contentUrl\":\"https:\/\/72.167.50.119\/ethoro\/wp-content\/uploads\/2025\/01\/cropped-cropped-icono_t-180x180-1.png\",\"width\":512,\"height\":512,\"caption\":\"Thoro Enterprises de M\u00e9xico\"},\"image\":{\"@id\":\"https:\/\/72.167.50.119\/ethoro\/#\/schema\/logo\/image\/\"},\"sameAs\":[\"https:\/\/www.facebook.com\/ThoroEnterprises\",\"https:\/\/www.instagram.com\/thoro.mexico\/\"]}]}<\/script>\n<!-- \/ Yoast SEO plugin. -->","yoast_head_json":{"title":"FIJADOR DE ROSCAS VIBRA TITE 121 AZUL 50 MILILITROS RESISTENCIOA MEDIA - Thoro enterprises de Mexico","robots":{"index":"noindex","follow":"follow"},"og_locale":"es_MX","og_type":"article","og_title":"FIJADOR DE ROSCAS VIBRA TITE 121 AZUL 50 MILILITROS RESISTENCIOA MEDIA - Thoro enterprises de Mexico","og_description":"121 FIJADOR DE ROSCAS VIBRA TITE 121 RESISTENCIA INTERMEDIA. \u2022 Traban y sellan sujetadores roscados \u2022 Impiden el aflojamiento por impactos y vibraciones \u2022 Dan mejor resultado que los trabarroscas mec\u00e1nicos \u2022 Alivian el bloqueo por oxidaci\u00f3n \u2022 Impiden fugas. Calidad retirable para sujetadores de 1\/4\u2019\u2019 a 3\/4\u2019\u2019 de di\u00e1metro. Aplicaciones: Bloquea y sella sujetadores [&hellip;]","og_url":"https:\/\/thoro.com.mx\/ethoro\/shop\/herramientas\/adhesivos-industriales\/fijadores-de-roscas\/fijador-de-roscas-vibra-tite-121-azul-50-mililitros-resistencioa-media\/","og_site_name":"Thoro enterprises de Mexico","article_publisher":"https:\/\/www.facebook.com\/ThoroEnterprises","article_modified_time":"2026-04-05T08:26:29+00:00","og_image":[{"width":1000,"height":1000,"url":"https:\/\/thoro.com.mx\/ethoro\/wp-content\/uploads\/2025\/02\/745619121509.png","type":"image\/png"}],"twitter_card":"summary_large_image","twitter_misc":{"Tiempo de lectura":"1 minuto"},"schema":{"@context":"https:\/\/schema.org","@graph":[{"@type":"WebPage","@id":"https:\/\/thoro.com.mx\/ethoro\/shop\/herramientas\/adhesivos-industriales\/fijadores-de-roscas\/fijador-de-roscas-vibra-tite-121-azul-50-mililitros-resistencioa-media\/","url":"https:\/\/thoro.com.mx\/ethoro\/shop\/herramientas\/adhesivos-industriales\/fijadores-de-roscas\/fijador-de-roscas-vibra-tite-121-azul-50-mililitros-resistencioa-media\/","name":"FIJADOR DE ROSCAS VIBRA TITE 121 AZUL 50 MILILITROS RESISTENCIOA MEDIA - Thoro enterprises de Mexico","isPartOf":{"@id":"https:\/\/72.167.50.119\/ethoro\/#website"},"primaryImageOfPage":{"@id":"https:\/\/thoro.com.mx\/ethoro\/shop\/herramientas\/adhesivos-industriales\/fijadores-de-roscas\/fijador-de-roscas-vibra-tite-121-azul-50-mililitros-resistencioa-media\/#primaryimage"},"image":{"@id":"https:\/\/thoro.com.mx\/ethoro\/shop\/herramientas\/adhesivos-industriales\/fijadores-de-roscas\/fijador-de-roscas-vibra-tite-121-azul-50-mililitros-resistencioa-media\/#primaryimage"},"thumbnailUrl":"https:\/\/thoro.com.mx\/ethoro\/wp-content\/uploads\/2025\/06\/PA0093.jpg","datePublished":"2025-02-05T20:45:03+00:00","dateModified":"2026-04-05T08:26:29+00:00","breadcrumb":{"@id":"https:\/\/thoro.com.mx\/ethoro\/shop\/herramientas\/adhesivos-industriales\/fijadores-de-roscas\/fijador-de-roscas-vibra-tite-121-azul-50-mililitros-resistencioa-media\/#breadcrumb"},"inLanguage":"es","potentialAction":[{"@type":"ReadAction","target":["https:\/\/thoro.com.mx\/ethoro\/shop\/herramientas\/adhesivos-industriales\/fijadores-de-roscas\/fijador-de-roscas-vibra-tite-121-azul-50-mililitros-resistencioa-media\/"]}]},{"@type":"ImageObject","inLanguage":"es","@id":"https:\/\/thoro.com.mx\/ethoro\/shop\/herramientas\/adhesivos-industriales\/fijadores-de-roscas\/fijador-de-roscas-vibra-tite-121-azul-50-mililitros-resistencioa-media\/#primaryimage","url":"https:\/\/thoro.com.mx\/ethoro\/wp-content\/uploads\/2025\/06\/PA0093.jpg","contentUrl":"https:\/\/thoro.com.mx\/ethoro\/wp-content\/uploads\/2025\/06\/PA0093.jpg","width":1000,"height":1000},{"@type":"BreadcrumbList","@id":"https:\/\/thoro.com.mx\/ethoro\/shop\/herramientas\/adhesivos-industriales\/fijadores-de-roscas\/fijador-de-roscas-vibra-tite-121-azul-50-mililitros-resistencioa-media\/#breadcrumb","itemListElement":[{"@type":"ListItem","position":1,"name":"Inicio","item":"https:\/\/thoro.com.mx\/ethoro\/"},{"@type":"ListItem","position":2,"name":"Tienda","item":"https:\/\/thoro.com.mx\/ethoro\/shop\/"},{"@type":"ListItem","position":3,"name":"FIJADOR DE ROSCAS VIBRA TITE 121 AZUL 50 MILILITROS RESISTENCIOA MEDIA"}]},{"@type":"WebSite","@id":"https:\/\/72.167.50.119\/ethoro\/#website","url":"https:\/\/72.167.50.119\/ethoro\/","name":"Thoro Enterprises de M\u00e9xico","description":"Todo en Thoro","publisher":{"@id":"https:\/\/72.167.50.119\/ethoro\/#organization"},"alternateName":"Thoro shop","potentialAction":[{"@type":"SearchAction","target":{"@type":"EntryPoint","urlTemplate":"https:\/\/72.167.50.119\/ethoro\/?s={search_term_string}"},"query-input":{"@type":"PropertyValueSpecification","valueRequired":true,"valueName":"search_term_string"}}],"inLanguage":"es"},{"@type":"Organization","@id":"https:\/\/72.167.50.119\/ethoro\/#organization","name":"Thoro Enterprises de M\u00e9xico","alternateName":"Thoro shop","url":"https:\/\/72.167.50.119\/ethoro\/","logo":{"@type":"ImageObject","inLanguage":"es","@id":"https:\/\/72.167.50.119\/ethoro\/#\/schema\/logo\/image\/","url":"https:\/\/72.167.50.119\/ethoro\/wp-content\/uploads\/2025\/01\/cropped-cropped-icono_t-180x180-1.png","contentUrl":"https:\/\/72.167.50.119\/ethoro\/wp-content\/uploads\/2025\/01\/cropped-cropped-icono_t-180x180-1.png","width":512,"height":512,"caption":"Thoro Enterprises de M\u00e9xico"},"image":{"@id":"https:\/\/72.167.50.119\/ethoro\/#\/schema\/logo\/image\/"},"sameAs":["https:\/\/www.facebook.com\/ThoroEnterprises","https:\/\/www.instagram.com\/thoro.mexico\/"]}]}},"_links":{"self":[{"href":"https:\/\/thoro.com.mx\/ethoro\/wp-json\/wp\/v2\/product\/15265","targetHints":{"allow":["GET"]}}],"collection":[{"href":"https:\/\/thoro.com.mx\/ethoro\/wp-json\/wp\/v2\/product"}],"about":[{"href":"https:\/\/thoro.com.mx\/ethoro\/wp-json\/wp\/v2\/types\/product"}],"replies":[{"embeddable":true,"href":"https:\/\/thoro.com.mx\/ethoro\/wp-json\/wp\/v2\/comments?post=15265"}],"wp:featuredmedia":[{"embeddable":true,"href":"https:\/\/thoro.com.mx\/ethoro\/wp-json\/wp\/v2\/media\/424767"}],"wp:attachment":[{"href":"https:\/\/thoro.com.mx\/ethoro\/wp-json\/wp\/v2\/media?parent=15265"}],"wp:term":[{"taxonomy":"product_brand","embeddable":true,"href":"https:\/\/thoro.com.mx\/ethoro\/wp-json\/wp\/v2\/product_brand?post=15265"},{"taxonomy":"product_cat","embeddable":true,"href":"https:\/\/thoro.com.mx\/ethoro\/wp-json\/wp\/v2\/product_cat?post=15265"},{"taxonomy":"product_tag","embeddable":true,"href":"https:\/\/thoro.com.mx\/ethoro\/wp-json\/wp\/v2\/product_tag?post=15265"}],"curies":[{"name":"wp","href":"https:\/\/api.w.org\/{rel}","templated":true}]}}