{"id":15275,"date":"2025-02-05T14:45:13","date_gmt":"2025-02-05T20:45:13","guid":{"rendered":"https:\/\/72.167.50.119\/ethoro\/shop\/sin categor\u00eda\/fijador-de-rosca-vibratite-150-verde-50-mililitros-calidad-absorvente-resistencia-media\/"},"modified":"2026-04-05T02:26:22","modified_gmt":"2026-04-05T08:26:22","slug":"fijador-de-rosca-vibratite-150-verde-50-mililitros-calidad-absorvente-resistencia-media","status":"publish","type":"product","link":"https:\/\/thoro.com.mx\/ethoro\/shop\/herramientas\/adhesivos-industriales\/fijadores-de-roscas\/fijador-de-rosca-vibratite-150-verde-50-mililitros-calidad-absorvente-resistencia-media\/","title":{"rendered":"FIJADOR DE ROSCA VIBRATITE 150 VERDE 50 MILILITROS CALIDAD ABSORVENTE RESISTENCIA MEDIA"},"content":{"rendered":"<h4>150<\/h4>\n<ul>\n<li>FIJADOR DE ROSCA VIBRATITE 150 VERDE 50 MILILITROS CALIDAD ABSORVENTE RESISTENCIA MEDIA<\/li>\n<li>\u2022 Traban y sellan sujetadores roscados<\/li>\n<li>\u2022 Impiden el aflojamiento por impactos y vibraciones<\/li>\n<li>\u2022 Dan mejor resultado que los traba roscas mec\u00e1nicos<\/li>\n<li>\u2022 Alivian el bloqueo por oxidaci\u00f3n <\/li>\n<li>\u2022 Impiden fugas<\/li>\n<li><\/li>\n<li>Se usa en sujetadores pre armados de hasta 1\/2\u201d de di\u00e1metro y piezas de fundici\u00f3n porosa<\/li>\n<li><\/li>\n<li>Aplicaciones:\t<\/li>\n<li>Cerraduras y cierres sujetadores de hasta 1 \/2&#8221;<\/li>\n<li><\/li>\n<li>Tipo de curaci\u00f3n:<\/li>\n<li>Anaer\u00f3bico<\/li>\n<li><\/li>\n<li>Pa\u00eds de origen:\t<\/li>\n<li>Estados Unidos de Am\u00e9rica <\/li>\n<li><\/li>\n<li>Compite con:\t<\/li>\n<li>Compite con Loctite\u00ae 290\u2122 (290 es una marca comercial y Loctite es una marca comercial registrada de Henkel IP &#038; Holding GMBH LLC, Alemania)<\/li>\n<li><\/li>\n<li>Agrupaci\u00f3n secundaria:<\/li>\n<li>Fuerza media, Wicking<\/li>\n<li><\/li>\n<li>Arancel armonizado:<\/li>\n<li>3506.91<\/li>\n<li><\/li>\n<li>Vigencia:\t<\/li>\n<li>2 a\u00f1os a partir de la fecha de fabricaci\u00f3n<\/li>\n<li><\/li>\n<li>Tama\u00f1os disponibles:<\/li>\n<li>1,8 mililitros, 10 mililitros, 50 mililitros, 250 mililitros, 1 litro<\/li>\n<li><\/li>\n<li>UNSPSC:\t<\/li>\n<li>31200000<\/li>\n<li><\/li>\n<li>Hora del accesorio (minutos)\t<\/li>\n<li>20<\/li>\n<li><\/li>\n<li>Tiempo de curaci\u00f3n completo\t<\/li>\n<li>24 horas<\/li>\n<li><\/li>\n<li>M\u00e1ximo de relleno de huecos\t<\/li>\n<li>0.004<\/li>\n<li><\/li>\n<li>Rango de temperatura bajo\t<\/li>\n<li>-65\u00b0F<\/li>\n<li><\/li>\n<li>Rango de temperatura alto\t<\/li>\n<li>300\u00b0F<\/li>\n<li><\/li>\n<li>Break Away Torque (en lbs)\t<\/li>\n<li>85<\/li>\n<li><\/li>\n<li>Par de torsi\u00f3n prevaleciente (en libras)\t<\/li>\n<li>200<\/li>\n<li><\/li>\n<li>Cebadores compatibles\t<\/li>\n<li>611de 612<\/li>\n<li><\/li>\n<li>Gravedad espec\u00edfica\t<\/li>\n<li>1.1<\/li>\n<li><\/li>\n<li>Especificaciones cumplis\t<\/li>\n<li>MIL-S-46163A, NSF no alimentario, ASTM D-5363 (AN0261)<\/li>\n<li><\/li>\n<li>Viscosidad (cP)\t<\/li>\n<li>20, 55<\/li>\n<li><\/li>\n<li>Color\t<\/li>\n<li>Verde<\/li>\n<li><\/li>\n<li>Advertencias\t<\/li>\n<li>No se recomienda su uso en ox\u00edgeno puro, o ambientes ricos en ox\u00edgeno., No se recomienda su uso con pl\u00e1sticos, especialmente termopl\u00e1sticos.<\/li>\n<\/ul>\n","protected":false},"excerpt":{"rendered":"<p>150 FIJADOR DE ROSCA VIBRATITE 150 VERDE 50 MILILITROS CALIDAD ABSORVENTE RESISTENCIA MEDIA \u2022 Traban y sellan sujetadores roscados \u2022 Impiden el aflojamiento por impactos y vibraciones \u2022 Dan mejor resultado que los traba roscas mec\u00e1nicos \u2022 Alivian el bloqueo por oxidaci\u00f3n \u2022 Impiden fugas Se usa en sujetadores pre armados de hasta 1\/2\u201d de [&hellip;]<\/p>\n","protected":false},"featured_media":15274,"comment_status":"open","ping_status":"closed","template":"","meta":{"_monsterinsights_skip_tracking":false,"_monsterinsights_sitenote_active":false,"_monsterinsights_sitenote_note":"","_monsterinsights_sitenote_category":0,"_joinchat":[]},"product_brand":[],"product_cat":[14264],"product_tag":[],"class_list":{"0":"post-15275","1":"product","2":"type-product","3":"status-publish","4":"has-post-thumbnail","6":"product_cat-fijadores-de-roscas","8":"first","9":"instock","10":"taxable","11":"shipping-taxable","12":"purchasable","13":"product-type-simple","14":"add-to-wishlist-after_add_to_cart"},"yoast_head":"<!-- This site is optimized with the Yoast SEO plugin v27.1.1 - https:\/\/yoast.com\/product\/yoast-seo-wordpress\/ -->\n<title>FIJADOR DE ROSCA VIBRATITE 150 VERDE 50 MILILITROS CALIDAD ABSORVENTE RESISTENCIA MEDIA - Thoro enterprises de Mexico<\/title>\n<meta name=\"robots\" content=\"noindex, follow\" \/>\n<meta property=\"og:locale\" content=\"es_MX\" \/>\n<meta property=\"og:type\" content=\"article\" \/>\n<meta property=\"og:title\" content=\"FIJADOR DE ROSCA VIBRATITE 150 VERDE 50 MILILITROS CALIDAD ABSORVENTE RESISTENCIA MEDIA - Thoro enterprises de Mexico\" \/>\n<meta property=\"og:description\" content=\"150 FIJADOR DE ROSCA VIBRATITE 150 VERDE 50 MILILITROS CALIDAD ABSORVENTE RESISTENCIA MEDIA \u2022 Traban y sellan sujetadores roscados \u2022 Impiden el aflojamiento por impactos y vibraciones \u2022 Dan mejor resultado que los traba roscas mec\u00e1nicos \u2022 Alivian el bloqueo por oxidaci\u00f3n \u2022 Impiden fugas Se usa en sujetadores pre armados de hasta 1\/2\u201d de [&hellip;]\" \/>\n<meta property=\"og:url\" content=\"https:\/\/thoro.com.mx\/ethoro\/shop\/herramientas\/adhesivos-industriales\/fijadores-de-roscas\/fijador-de-rosca-vibratite-150-verde-50-mililitros-calidad-absorvente-resistencia-media\/\" \/>\n<meta property=\"og:site_name\" content=\"Thoro enterprises de Mexico\" \/>\n<meta property=\"article:publisher\" content=\"https:\/\/www.facebook.com\/ThoroEnterprises\" \/>\n<meta property=\"article:modified_time\" content=\"2026-04-05T08:26:22+00:00\" \/>\n<meta property=\"og:image\" content=\"https:\/\/thoro.com.mx\/ethoro\/wp-content\/uploads\/2025\/02\/745619150509.png\" \/>\n\t<meta property=\"og:image:width\" content=\"1000\" \/>\n\t<meta property=\"og:image:height\" content=\"1000\" \/>\n\t<meta property=\"og:image:type\" content=\"image\/png\" \/>\n<meta name=\"twitter:card\" content=\"summary_large_image\" \/>\n<meta name=\"twitter:label1\" content=\"Tiempo de lectura\" \/>\n\t<meta name=\"twitter:data1\" content=\"1 minuto\" \/>\n<script type=\"application\/ld+json\" class=\"yoast-schema-graph\">{\"@context\":\"https:\/\/schema.org\",\"@graph\":[{\"@type\":\"WebPage\",\"@id\":\"https:\/\/thoro.com.mx\/ethoro\/shop\/herramientas\/adhesivos-industriales\/fijadores-de-roscas\/fijador-de-rosca-vibratite-150-verde-50-mililitros-calidad-absorvente-resistencia-media\/\",\"url\":\"https:\/\/thoro.com.mx\/ethoro\/shop\/herramientas\/adhesivos-industriales\/fijadores-de-roscas\/fijador-de-rosca-vibratite-150-verde-50-mililitros-calidad-absorvente-resistencia-media\/\",\"name\":\"FIJADOR DE ROSCA VIBRATITE 150 VERDE 50 MILILITROS CALIDAD ABSORVENTE RESISTENCIA MEDIA - Thoro enterprises de Mexico\",\"isPartOf\":{\"@id\":\"https:\/\/72.167.50.119\/ethoro\/#website\"},\"primaryImageOfPage\":{\"@id\":\"https:\/\/thoro.com.mx\/ethoro\/shop\/herramientas\/adhesivos-industriales\/fijadores-de-roscas\/fijador-de-rosca-vibratite-150-verde-50-mililitros-calidad-absorvente-resistencia-media\/#primaryimage\"},\"image\":{\"@id\":\"https:\/\/thoro.com.mx\/ethoro\/shop\/herramientas\/adhesivos-industriales\/fijadores-de-roscas\/fijador-de-rosca-vibratite-150-verde-50-mililitros-calidad-absorvente-resistencia-media\/#primaryimage\"},\"thumbnailUrl\":\"https:\/\/thoro.com.mx\/ethoro\/wp-content\/uploads\/2025\/02\/745619150509.png\",\"datePublished\":\"2025-02-05T20:45:13+00:00\",\"dateModified\":\"2026-04-05T08:26:22+00:00\",\"breadcrumb\":{\"@id\":\"https:\/\/thoro.com.mx\/ethoro\/shop\/herramientas\/adhesivos-industriales\/fijadores-de-roscas\/fijador-de-rosca-vibratite-150-verde-50-mililitros-calidad-absorvente-resistencia-media\/#breadcrumb\"},\"inLanguage\":\"es\",\"potentialAction\":[{\"@type\":\"ReadAction\",\"target\":[\"https:\/\/thoro.com.mx\/ethoro\/shop\/herramientas\/adhesivos-industriales\/fijadores-de-roscas\/fijador-de-rosca-vibratite-150-verde-50-mililitros-calidad-absorvente-resistencia-media\/\"]}]},{\"@type\":\"ImageObject\",\"inLanguage\":\"es\",\"@id\":\"https:\/\/thoro.com.mx\/ethoro\/shop\/herramientas\/adhesivos-industriales\/fijadores-de-roscas\/fijador-de-rosca-vibratite-150-verde-50-mililitros-calidad-absorvente-resistencia-media\/#primaryimage\",\"url\":\"https:\/\/thoro.com.mx\/ethoro\/wp-content\/uploads\/2025\/02\/745619150509.png\",\"contentUrl\":\"https:\/\/thoro.com.mx\/ethoro\/wp-content\/uploads\/2025\/02\/745619150509.png\",\"width\":1000,\"height\":1000},{\"@type\":\"BreadcrumbList\",\"@id\":\"https:\/\/thoro.com.mx\/ethoro\/shop\/herramientas\/adhesivos-industriales\/fijadores-de-roscas\/fijador-de-rosca-vibratite-150-verde-50-mililitros-calidad-absorvente-resistencia-media\/#breadcrumb\",\"itemListElement\":[{\"@type\":\"ListItem\",\"position\":1,\"name\":\"Inicio\",\"item\":\"https:\/\/thoro.com.mx\/ethoro\/\"},{\"@type\":\"ListItem\",\"position\":2,\"name\":\"Tienda\",\"item\":\"https:\/\/thoro.com.mx\/ethoro\/shop\/\"},{\"@type\":\"ListItem\",\"position\":3,\"name\":\"FIJADOR DE ROSCA VIBRATITE 150 VERDE 50 MILILITROS CALIDAD ABSORVENTE RESISTENCIA MEDIA\"}]},{\"@type\":\"WebSite\",\"@id\":\"https:\/\/72.167.50.119\/ethoro\/#website\",\"url\":\"https:\/\/72.167.50.119\/ethoro\/\",\"name\":\"Thoro Enterprises de M\u00e9xico\",\"description\":\"Todo en Thoro\",\"publisher\":{\"@id\":\"https:\/\/72.167.50.119\/ethoro\/#organization\"},\"alternateName\":\"Thoro shop\",\"potentialAction\":[{\"@type\":\"SearchAction\",\"target\":{\"@type\":\"EntryPoint\",\"urlTemplate\":\"https:\/\/72.167.50.119\/ethoro\/?s={search_term_string}\"},\"query-input\":{\"@type\":\"PropertyValueSpecification\",\"valueRequired\":true,\"valueName\":\"search_term_string\"}}],\"inLanguage\":\"es\"},{\"@type\":\"Organization\",\"@id\":\"https:\/\/72.167.50.119\/ethoro\/#organization\",\"name\":\"Thoro Enterprises de M\u00e9xico\",\"alternateName\":\"Thoro shop\",\"url\":\"https:\/\/72.167.50.119\/ethoro\/\",\"logo\":{\"@type\":\"ImageObject\",\"inLanguage\":\"es\",\"@id\":\"https:\/\/72.167.50.119\/ethoro\/#\/schema\/logo\/image\/\",\"url\":\"https:\/\/72.167.50.119\/ethoro\/wp-content\/uploads\/2025\/01\/cropped-cropped-icono_t-180x180-1.png\",\"contentUrl\":\"https:\/\/72.167.50.119\/ethoro\/wp-content\/uploads\/2025\/01\/cropped-cropped-icono_t-180x180-1.png\",\"width\":512,\"height\":512,\"caption\":\"Thoro Enterprises de M\u00e9xico\"},\"image\":{\"@id\":\"https:\/\/72.167.50.119\/ethoro\/#\/schema\/logo\/image\/\"},\"sameAs\":[\"https:\/\/www.facebook.com\/ThoroEnterprises\",\"https:\/\/www.instagram.com\/thoro.mexico\/\"]}]}<\/script>\n<!-- \/ Yoast SEO plugin. -->","yoast_head_json":{"title":"FIJADOR DE ROSCA VIBRATITE 150 VERDE 50 MILILITROS CALIDAD ABSORVENTE RESISTENCIA MEDIA - Thoro enterprises de Mexico","robots":{"index":"noindex","follow":"follow"},"og_locale":"es_MX","og_type":"article","og_title":"FIJADOR DE ROSCA VIBRATITE 150 VERDE 50 MILILITROS CALIDAD ABSORVENTE RESISTENCIA MEDIA - Thoro enterprises de Mexico","og_description":"150 FIJADOR DE ROSCA VIBRATITE 150 VERDE 50 MILILITROS CALIDAD ABSORVENTE RESISTENCIA MEDIA \u2022 Traban y sellan sujetadores roscados \u2022 Impiden el aflojamiento por impactos y vibraciones \u2022 Dan mejor resultado que los traba roscas mec\u00e1nicos \u2022 Alivian el bloqueo por oxidaci\u00f3n \u2022 Impiden fugas Se usa en sujetadores pre armados de hasta 1\/2\u201d de [&hellip;]","og_url":"https:\/\/thoro.com.mx\/ethoro\/shop\/herramientas\/adhesivos-industriales\/fijadores-de-roscas\/fijador-de-rosca-vibratite-150-verde-50-mililitros-calidad-absorvente-resistencia-media\/","og_site_name":"Thoro enterprises de Mexico","article_publisher":"https:\/\/www.facebook.com\/ThoroEnterprises","article_modified_time":"2026-04-05T08:26:22+00:00","og_image":[{"width":1000,"height":1000,"url":"https:\/\/thoro.com.mx\/ethoro\/wp-content\/uploads\/2025\/02\/745619150509.png","type":"image\/png"}],"twitter_card":"summary_large_image","twitter_misc":{"Tiempo de lectura":"1 minuto"},"schema":{"@context":"https:\/\/schema.org","@graph":[{"@type":"WebPage","@id":"https:\/\/thoro.com.mx\/ethoro\/shop\/herramientas\/adhesivos-industriales\/fijadores-de-roscas\/fijador-de-rosca-vibratite-150-verde-50-mililitros-calidad-absorvente-resistencia-media\/","url":"https:\/\/thoro.com.mx\/ethoro\/shop\/herramientas\/adhesivos-industriales\/fijadores-de-roscas\/fijador-de-rosca-vibratite-150-verde-50-mililitros-calidad-absorvente-resistencia-media\/","name":"FIJADOR DE ROSCA VIBRATITE 150 VERDE 50 MILILITROS CALIDAD ABSORVENTE RESISTENCIA MEDIA - Thoro enterprises de Mexico","isPartOf":{"@id":"https:\/\/72.167.50.119\/ethoro\/#website"},"primaryImageOfPage":{"@id":"https:\/\/thoro.com.mx\/ethoro\/shop\/herramientas\/adhesivos-industriales\/fijadores-de-roscas\/fijador-de-rosca-vibratite-150-verde-50-mililitros-calidad-absorvente-resistencia-media\/#primaryimage"},"image":{"@id":"https:\/\/thoro.com.mx\/ethoro\/shop\/herramientas\/adhesivos-industriales\/fijadores-de-roscas\/fijador-de-rosca-vibratite-150-verde-50-mililitros-calidad-absorvente-resistencia-media\/#primaryimage"},"thumbnailUrl":"https:\/\/thoro.com.mx\/ethoro\/wp-content\/uploads\/2025\/02\/745619150509.png","datePublished":"2025-02-05T20:45:13+00:00","dateModified":"2026-04-05T08:26:22+00:00","breadcrumb":{"@id":"https:\/\/thoro.com.mx\/ethoro\/shop\/herramientas\/adhesivos-industriales\/fijadores-de-roscas\/fijador-de-rosca-vibratite-150-verde-50-mililitros-calidad-absorvente-resistencia-media\/#breadcrumb"},"inLanguage":"es","potentialAction":[{"@type":"ReadAction","target":["https:\/\/thoro.com.mx\/ethoro\/shop\/herramientas\/adhesivos-industriales\/fijadores-de-roscas\/fijador-de-rosca-vibratite-150-verde-50-mililitros-calidad-absorvente-resistencia-media\/"]}]},{"@type":"ImageObject","inLanguage":"es","@id":"https:\/\/thoro.com.mx\/ethoro\/shop\/herramientas\/adhesivos-industriales\/fijadores-de-roscas\/fijador-de-rosca-vibratite-150-verde-50-mililitros-calidad-absorvente-resistencia-media\/#primaryimage","url":"https:\/\/thoro.com.mx\/ethoro\/wp-content\/uploads\/2025\/02\/745619150509.png","contentUrl":"https:\/\/thoro.com.mx\/ethoro\/wp-content\/uploads\/2025\/02\/745619150509.png","width":1000,"height":1000},{"@type":"BreadcrumbList","@id":"https:\/\/thoro.com.mx\/ethoro\/shop\/herramientas\/adhesivos-industriales\/fijadores-de-roscas\/fijador-de-rosca-vibratite-150-verde-50-mililitros-calidad-absorvente-resistencia-media\/#breadcrumb","itemListElement":[{"@type":"ListItem","position":1,"name":"Inicio","item":"https:\/\/thoro.com.mx\/ethoro\/"},{"@type":"ListItem","position":2,"name":"Tienda","item":"https:\/\/thoro.com.mx\/ethoro\/shop\/"},{"@type":"ListItem","position":3,"name":"FIJADOR DE ROSCA VIBRATITE 150 VERDE 50 MILILITROS CALIDAD ABSORVENTE RESISTENCIA MEDIA"}]},{"@type":"WebSite","@id":"https:\/\/72.167.50.119\/ethoro\/#website","url":"https:\/\/72.167.50.119\/ethoro\/","name":"Thoro Enterprises de M\u00e9xico","description":"Todo en Thoro","publisher":{"@id":"https:\/\/72.167.50.119\/ethoro\/#organization"},"alternateName":"Thoro shop","potentialAction":[{"@type":"SearchAction","target":{"@type":"EntryPoint","urlTemplate":"https:\/\/72.167.50.119\/ethoro\/?s={search_term_string}"},"query-input":{"@type":"PropertyValueSpecification","valueRequired":true,"valueName":"search_term_string"}}],"inLanguage":"es"},{"@type":"Organization","@id":"https:\/\/72.167.50.119\/ethoro\/#organization","name":"Thoro Enterprises de M\u00e9xico","alternateName":"Thoro shop","url":"https:\/\/72.167.50.119\/ethoro\/","logo":{"@type":"ImageObject","inLanguage":"es","@id":"https:\/\/72.167.50.119\/ethoro\/#\/schema\/logo\/image\/","url":"https:\/\/72.167.50.119\/ethoro\/wp-content\/uploads\/2025\/01\/cropped-cropped-icono_t-180x180-1.png","contentUrl":"https:\/\/72.167.50.119\/ethoro\/wp-content\/uploads\/2025\/01\/cropped-cropped-icono_t-180x180-1.png","width":512,"height":512,"caption":"Thoro Enterprises de M\u00e9xico"},"image":{"@id":"https:\/\/72.167.50.119\/ethoro\/#\/schema\/logo\/image\/"},"sameAs":["https:\/\/www.facebook.com\/ThoroEnterprises","https:\/\/www.instagram.com\/thoro.mexico\/"]}]}},"_links":{"self":[{"href":"https:\/\/thoro.com.mx\/ethoro\/wp-json\/wp\/v2\/product\/15275","targetHints":{"allow":["GET"]}}],"collection":[{"href":"https:\/\/thoro.com.mx\/ethoro\/wp-json\/wp\/v2\/product"}],"about":[{"href":"https:\/\/thoro.com.mx\/ethoro\/wp-json\/wp\/v2\/types\/product"}],"replies":[{"embeddable":true,"href":"https:\/\/thoro.com.mx\/ethoro\/wp-json\/wp\/v2\/comments?post=15275"}],"wp:featuredmedia":[{"embeddable":true,"href":"https:\/\/thoro.com.mx\/ethoro\/wp-json\/wp\/v2\/media\/15274"}],"wp:attachment":[{"href":"https:\/\/thoro.com.mx\/ethoro\/wp-json\/wp\/v2\/media?parent=15275"}],"wp:term":[{"taxonomy":"product_brand","embeddable":true,"href":"https:\/\/thoro.com.mx\/ethoro\/wp-json\/wp\/v2\/product_brand?post=15275"},{"taxonomy":"product_cat","embeddable":true,"href":"https:\/\/thoro.com.mx\/ethoro\/wp-json\/wp\/v2\/product_cat?post=15275"},{"taxonomy":"product_tag","embeddable":true,"href":"https:\/\/thoro.com.mx\/ethoro\/wp-json\/wp\/v2\/product_tag?post=15275"}],"curies":[{"name":"wp","href":"https:\/\/api.w.org\/{rel}","templated":true}]}}