{"id":15430,"date":"2025-02-05T14:47:13","date_gmt":"2025-02-05T20:47:13","guid":{"rendered":"https:\/\/72.167.50.119\/ethoro\/shop\/sin categor\u00eda\/cojin-para-sello-grande-barrilito-co2n-entintado-negro-de-12-x-8-5-centimetros\/"},"modified":"2026-04-07T02:12:40","modified_gmt":"2026-04-07T08:12:40","slug":"cojin-para-sello-grande-barrilito-co2n-entintado-negro-de-12-x-8-5-centimetros","status":"publish","type":"product","link":"https:\/\/thoro.com.mx\/ethoro\/shop\/papeleria-y-oficina\/sellos-y-tintas-papeleria-y-oficina\/cojines-para-sellos\/cojin-para-sello-grande-barrilito-co2n-entintado-negro-de-12-x-8-5-centimetros\/","title":{"rendered":"COJIN PARA SELLO GRANDE BARRILITO CO2N ENTINTADO NEGRO DE 12 X 8.5 CENTIMETROS"},"content":{"rendered":"<h4>CO2N<\/h4>\n<ul>\n<li>Contiene un coj\u00edn de tama\u00f1o chico para ser utilizado en sellos grandes. <\/li>\n<li>Con su tinta marca un calidad en cada sello realizado.<\/li>\n<li>Cubierta met\u00e1lico que le permite resistir en varias situaciones, tiene una dimensi\u00f3n est\u00e1ndar que te permite el manejo f\u00e1cil.<\/li>\n<li>La almohadilla permite brindarle un excelente definici\u00f3n y nitidez.<\/li>\n<li>Medidas de 12 x 8.5 cm.<\/li>\n<\/ul>\n","protected":false},"excerpt":{"rendered":"<p>CO2N Contiene un coj\u00edn de tama\u00f1o chico para ser utilizado en sellos grandes. Con su tinta marca un calidad en cada sello realizado. Cubierta met\u00e1lico que le permite resistir en varias situaciones, tiene una dimensi\u00f3n est\u00e1ndar que te permite el manejo f\u00e1cil. La almohadilla permite brindarle un excelente definici\u00f3n y nitidez. Medidas de 12 x [&hellip;]<\/p>\n","protected":false},"featured_media":15429,"comment_status":"open","ping_status":"closed","template":"","meta":{"_monsterinsights_skip_tracking":false,"_monsterinsights_sitenote_active":false,"_monsterinsights_sitenote_note":"","_monsterinsights_sitenote_category":0,"_joinchat":[]},"product_brand":[],"product_cat":[14290],"product_tag":[],"class_list":{"0":"post-15430","1":"product","2":"type-product","3":"status-publish","4":"has-post-thumbnail","6":"product_cat-cojines-para-sellos","8":"first","9":"instock","10":"sale","11":"taxable","12":"shipping-taxable","13":"purchasable","14":"product-type-simple","15":"add-to-wishlist-after_add_to_cart"},"yoast_head":"<!-- This site is optimized with the Yoast SEO plugin v27.1.1 - https:\/\/yoast.com\/product\/yoast-seo-wordpress\/ -->\n<title>COJIN PARA SELLO GRANDE BARRILITO CO2N ENTINTADO NEGRO DE 12 X 8.5 CENTIMETROS - Thoro enterprises de Mexico<\/title>\n<meta name=\"robots\" content=\"noindex, follow\" \/>\n<meta property=\"og:locale\" content=\"es_MX\" \/>\n<meta property=\"og:type\" content=\"article\" \/>\n<meta property=\"og:title\" content=\"COJIN PARA SELLO GRANDE BARRILITO CO2N ENTINTADO NEGRO DE 12 X 8.5 CENTIMETROS - Thoro enterprises de Mexico\" \/>\n<meta property=\"og:description\" content=\"CO2N Contiene un coj\u00edn de tama\u00f1o chico para ser utilizado en sellos grandes. Con su tinta marca un calidad en cada sello realizado. Cubierta met\u00e1lico que le permite resistir en varias situaciones, tiene una dimensi\u00f3n est\u00e1ndar que te permite el manejo f\u00e1cil. La almohadilla permite brindarle un excelente definici\u00f3n y nitidez. Medidas de 12 x [&hellip;]\" \/>\n<meta property=\"og:url\" content=\"https:\/\/thoro.com.mx\/ethoro\/shop\/papeleria-y-oficina\/sellos-y-tintas-papeleria-y-oficina\/cojines-para-sellos\/cojin-para-sello-grande-barrilito-co2n-entintado-negro-de-12-x-8-5-centimetros\/\" \/>\n<meta property=\"og:site_name\" content=\"Thoro enterprises de Mexico\" \/>\n<meta property=\"article:publisher\" content=\"https:\/\/www.facebook.com\/ThoroEnterprises\" \/>\n<meta property=\"article:modified_time\" content=\"2026-04-07T08:12:40+00:00\" \/>\n<meta property=\"og:image\" content=\"https:\/\/thoro.com.mx\/ethoro\/wp-content\/uploads\/2025\/02\/PB0060.jpg\" \/>\n\t<meta property=\"og:image:width\" content=\"1000\" \/>\n\t<meta property=\"og:image:height\" content=\"1000\" \/>\n\t<meta property=\"og:image:type\" content=\"image\/jpeg\" \/>\n<meta name=\"twitter:card\" content=\"summary_large_image\" \/>\n<script type=\"application\/ld+json\" class=\"yoast-schema-graph\">{\"@context\":\"https:\/\/schema.org\",\"@graph\":[{\"@type\":\"WebPage\",\"@id\":\"https:\/\/thoro.com.mx\/ethoro\/shop\/papeleria-y-oficina\/sellos-y-tintas-papeleria-y-oficina\/cojines-para-sellos\/cojin-para-sello-grande-barrilito-co2n-entintado-negro-de-12-x-8-5-centimetros\/\",\"url\":\"https:\/\/thoro.com.mx\/ethoro\/shop\/papeleria-y-oficina\/sellos-y-tintas-papeleria-y-oficina\/cojines-para-sellos\/cojin-para-sello-grande-barrilito-co2n-entintado-negro-de-12-x-8-5-centimetros\/\",\"name\":\"COJIN PARA SELLO GRANDE BARRILITO CO2N ENTINTADO NEGRO DE 12 X 8.5 CENTIMETROS - Thoro enterprises de Mexico\",\"isPartOf\":{\"@id\":\"https:\/\/72.167.50.119\/ethoro\/#website\"},\"primaryImageOfPage\":{\"@id\":\"https:\/\/thoro.com.mx\/ethoro\/shop\/papeleria-y-oficina\/sellos-y-tintas-papeleria-y-oficina\/cojines-para-sellos\/cojin-para-sello-grande-barrilito-co2n-entintado-negro-de-12-x-8-5-centimetros\/#primaryimage\"},\"image\":{\"@id\":\"https:\/\/thoro.com.mx\/ethoro\/shop\/papeleria-y-oficina\/sellos-y-tintas-papeleria-y-oficina\/cojines-para-sellos\/cojin-para-sello-grande-barrilito-co2n-entintado-negro-de-12-x-8-5-centimetros\/#primaryimage\"},\"thumbnailUrl\":\"https:\/\/thoro.com.mx\/ethoro\/wp-content\/uploads\/2025\/02\/PB0060.jpg\",\"datePublished\":\"2025-02-05T20:47:13+00:00\",\"dateModified\":\"2026-04-07T08:12:40+00:00\",\"breadcrumb\":{\"@id\":\"https:\/\/thoro.com.mx\/ethoro\/shop\/papeleria-y-oficina\/sellos-y-tintas-papeleria-y-oficina\/cojines-para-sellos\/cojin-para-sello-grande-barrilito-co2n-entintado-negro-de-12-x-8-5-centimetros\/#breadcrumb\"},\"inLanguage\":\"es\",\"potentialAction\":[{\"@type\":\"ReadAction\",\"target\":[\"https:\/\/thoro.com.mx\/ethoro\/shop\/papeleria-y-oficina\/sellos-y-tintas-papeleria-y-oficina\/cojines-para-sellos\/cojin-para-sello-grande-barrilito-co2n-entintado-negro-de-12-x-8-5-centimetros\/\"]}]},{\"@type\":\"ImageObject\",\"inLanguage\":\"es\",\"@id\":\"https:\/\/thoro.com.mx\/ethoro\/shop\/papeleria-y-oficina\/sellos-y-tintas-papeleria-y-oficina\/cojines-para-sellos\/cojin-para-sello-grande-barrilito-co2n-entintado-negro-de-12-x-8-5-centimetros\/#primaryimage\",\"url\":\"https:\/\/thoro.com.mx\/ethoro\/wp-content\/uploads\/2025\/02\/PB0060.jpg\",\"contentUrl\":\"https:\/\/thoro.com.mx\/ethoro\/wp-content\/uploads\/2025\/02\/PB0060.jpg\",\"width\":1000,\"height\":1000},{\"@type\":\"BreadcrumbList\",\"@id\":\"https:\/\/thoro.com.mx\/ethoro\/shop\/papeleria-y-oficina\/sellos-y-tintas-papeleria-y-oficina\/cojines-para-sellos\/cojin-para-sello-grande-barrilito-co2n-entintado-negro-de-12-x-8-5-centimetros\/#breadcrumb\",\"itemListElement\":[{\"@type\":\"ListItem\",\"position\":1,\"name\":\"Inicio\",\"item\":\"https:\/\/thoro.com.mx\/ethoro\/\"},{\"@type\":\"ListItem\",\"position\":2,\"name\":\"Tienda\",\"item\":\"https:\/\/thoro.com.mx\/ethoro\/shop\/\"},{\"@type\":\"ListItem\",\"position\":3,\"name\":\"COJIN PARA SELLO GRANDE BARRILITO CO2N ENTINTADO NEGRO DE 12 X 8.5 CENTIMETROS\"}]},{\"@type\":\"WebSite\",\"@id\":\"https:\/\/72.167.50.119\/ethoro\/#website\",\"url\":\"https:\/\/72.167.50.119\/ethoro\/\",\"name\":\"Thoro Enterprises de M\u00e9xico\",\"description\":\"Todo en Thoro\",\"publisher\":{\"@id\":\"https:\/\/72.167.50.119\/ethoro\/#organization\"},\"alternateName\":\"Thoro shop\",\"potentialAction\":[{\"@type\":\"SearchAction\",\"target\":{\"@type\":\"EntryPoint\",\"urlTemplate\":\"https:\/\/72.167.50.119\/ethoro\/?s={search_term_string}\"},\"query-input\":{\"@type\":\"PropertyValueSpecification\",\"valueRequired\":true,\"valueName\":\"search_term_string\"}}],\"inLanguage\":\"es\"},{\"@type\":\"Organization\",\"@id\":\"https:\/\/72.167.50.119\/ethoro\/#organization\",\"name\":\"Thoro Enterprises de M\u00e9xico\",\"alternateName\":\"Thoro shop\",\"url\":\"https:\/\/72.167.50.119\/ethoro\/\",\"logo\":{\"@type\":\"ImageObject\",\"inLanguage\":\"es\",\"@id\":\"https:\/\/72.167.50.119\/ethoro\/#\/schema\/logo\/image\/\",\"url\":\"https:\/\/72.167.50.119\/ethoro\/wp-content\/uploads\/2025\/01\/cropped-cropped-icono_t-180x180-1.png\",\"contentUrl\":\"https:\/\/72.167.50.119\/ethoro\/wp-content\/uploads\/2025\/01\/cropped-cropped-icono_t-180x180-1.png\",\"width\":512,\"height\":512,\"caption\":\"Thoro Enterprises de M\u00e9xico\"},\"image\":{\"@id\":\"https:\/\/72.167.50.119\/ethoro\/#\/schema\/logo\/image\/\"},\"sameAs\":[\"https:\/\/www.facebook.com\/ThoroEnterprises\",\"https:\/\/www.instagram.com\/thoro.mexico\/\"]}]}<\/script>\n<!-- \/ Yoast SEO plugin. -->","yoast_head_json":{"title":"COJIN PARA SELLO GRANDE BARRILITO CO2N ENTINTADO NEGRO DE 12 X 8.5 CENTIMETROS - Thoro enterprises de Mexico","robots":{"index":"noindex","follow":"follow"},"og_locale":"es_MX","og_type":"article","og_title":"COJIN PARA SELLO GRANDE BARRILITO CO2N ENTINTADO NEGRO DE 12 X 8.5 CENTIMETROS - Thoro enterprises de Mexico","og_description":"CO2N Contiene un coj\u00edn de tama\u00f1o chico para ser utilizado en sellos grandes. Con su tinta marca un calidad en cada sello realizado. Cubierta met\u00e1lico que le permite resistir en varias situaciones, tiene una dimensi\u00f3n est\u00e1ndar que te permite el manejo f\u00e1cil. La almohadilla permite brindarle un excelente definici\u00f3n y nitidez. Medidas de 12 x [&hellip;]","og_url":"https:\/\/thoro.com.mx\/ethoro\/shop\/papeleria-y-oficina\/sellos-y-tintas-papeleria-y-oficina\/cojines-para-sellos\/cojin-para-sello-grande-barrilito-co2n-entintado-negro-de-12-x-8-5-centimetros\/","og_site_name":"Thoro enterprises de Mexico","article_publisher":"https:\/\/www.facebook.com\/ThoroEnterprises","article_modified_time":"2026-04-07T08:12:40+00:00","og_image":[{"width":1000,"height":1000,"url":"https:\/\/thoro.com.mx\/ethoro\/wp-content\/uploads\/2025\/02\/PB0060.jpg","type":"image\/jpeg"}],"twitter_card":"summary_large_image","schema":{"@context":"https:\/\/schema.org","@graph":[{"@type":"WebPage","@id":"https:\/\/thoro.com.mx\/ethoro\/shop\/papeleria-y-oficina\/sellos-y-tintas-papeleria-y-oficina\/cojines-para-sellos\/cojin-para-sello-grande-barrilito-co2n-entintado-negro-de-12-x-8-5-centimetros\/","url":"https:\/\/thoro.com.mx\/ethoro\/shop\/papeleria-y-oficina\/sellos-y-tintas-papeleria-y-oficina\/cojines-para-sellos\/cojin-para-sello-grande-barrilito-co2n-entintado-negro-de-12-x-8-5-centimetros\/","name":"COJIN PARA SELLO GRANDE BARRILITO CO2N ENTINTADO NEGRO DE 12 X 8.5 CENTIMETROS - Thoro enterprises de Mexico","isPartOf":{"@id":"https:\/\/72.167.50.119\/ethoro\/#website"},"primaryImageOfPage":{"@id":"https:\/\/thoro.com.mx\/ethoro\/shop\/papeleria-y-oficina\/sellos-y-tintas-papeleria-y-oficina\/cojines-para-sellos\/cojin-para-sello-grande-barrilito-co2n-entintado-negro-de-12-x-8-5-centimetros\/#primaryimage"},"image":{"@id":"https:\/\/thoro.com.mx\/ethoro\/shop\/papeleria-y-oficina\/sellos-y-tintas-papeleria-y-oficina\/cojines-para-sellos\/cojin-para-sello-grande-barrilito-co2n-entintado-negro-de-12-x-8-5-centimetros\/#primaryimage"},"thumbnailUrl":"https:\/\/thoro.com.mx\/ethoro\/wp-content\/uploads\/2025\/02\/PB0060.jpg","datePublished":"2025-02-05T20:47:13+00:00","dateModified":"2026-04-07T08:12:40+00:00","breadcrumb":{"@id":"https:\/\/thoro.com.mx\/ethoro\/shop\/papeleria-y-oficina\/sellos-y-tintas-papeleria-y-oficina\/cojines-para-sellos\/cojin-para-sello-grande-barrilito-co2n-entintado-negro-de-12-x-8-5-centimetros\/#breadcrumb"},"inLanguage":"es","potentialAction":[{"@type":"ReadAction","target":["https:\/\/thoro.com.mx\/ethoro\/shop\/papeleria-y-oficina\/sellos-y-tintas-papeleria-y-oficina\/cojines-para-sellos\/cojin-para-sello-grande-barrilito-co2n-entintado-negro-de-12-x-8-5-centimetros\/"]}]},{"@type":"ImageObject","inLanguage":"es","@id":"https:\/\/thoro.com.mx\/ethoro\/shop\/papeleria-y-oficina\/sellos-y-tintas-papeleria-y-oficina\/cojines-para-sellos\/cojin-para-sello-grande-barrilito-co2n-entintado-negro-de-12-x-8-5-centimetros\/#primaryimage","url":"https:\/\/thoro.com.mx\/ethoro\/wp-content\/uploads\/2025\/02\/PB0060.jpg","contentUrl":"https:\/\/thoro.com.mx\/ethoro\/wp-content\/uploads\/2025\/02\/PB0060.jpg","width":1000,"height":1000},{"@type":"BreadcrumbList","@id":"https:\/\/thoro.com.mx\/ethoro\/shop\/papeleria-y-oficina\/sellos-y-tintas-papeleria-y-oficina\/cojines-para-sellos\/cojin-para-sello-grande-barrilito-co2n-entintado-negro-de-12-x-8-5-centimetros\/#breadcrumb","itemListElement":[{"@type":"ListItem","position":1,"name":"Inicio","item":"https:\/\/thoro.com.mx\/ethoro\/"},{"@type":"ListItem","position":2,"name":"Tienda","item":"https:\/\/thoro.com.mx\/ethoro\/shop\/"},{"@type":"ListItem","position":3,"name":"COJIN PARA SELLO GRANDE BARRILITO CO2N ENTINTADO NEGRO DE 12 X 8.5 CENTIMETROS"}]},{"@type":"WebSite","@id":"https:\/\/72.167.50.119\/ethoro\/#website","url":"https:\/\/72.167.50.119\/ethoro\/","name":"Thoro Enterprises de M\u00e9xico","description":"Todo en Thoro","publisher":{"@id":"https:\/\/72.167.50.119\/ethoro\/#organization"},"alternateName":"Thoro shop","potentialAction":[{"@type":"SearchAction","target":{"@type":"EntryPoint","urlTemplate":"https:\/\/72.167.50.119\/ethoro\/?s={search_term_string}"},"query-input":{"@type":"PropertyValueSpecification","valueRequired":true,"valueName":"search_term_string"}}],"inLanguage":"es"},{"@type":"Organization","@id":"https:\/\/72.167.50.119\/ethoro\/#organization","name":"Thoro Enterprises de M\u00e9xico","alternateName":"Thoro shop","url":"https:\/\/72.167.50.119\/ethoro\/","logo":{"@type":"ImageObject","inLanguage":"es","@id":"https:\/\/72.167.50.119\/ethoro\/#\/schema\/logo\/image\/","url":"https:\/\/72.167.50.119\/ethoro\/wp-content\/uploads\/2025\/01\/cropped-cropped-icono_t-180x180-1.png","contentUrl":"https:\/\/72.167.50.119\/ethoro\/wp-content\/uploads\/2025\/01\/cropped-cropped-icono_t-180x180-1.png","width":512,"height":512,"caption":"Thoro Enterprises de M\u00e9xico"},"image":{"@id":"https:\/\/72.167.50.119\/ethoro\/#\/schema\/logo\/image\/"},"sameAs":["https:\/\/www.facebook.com\/ThoroEnterprises","https:\/\/www.instagram.com\/thoro.mexico\/"]}]}},"_links":{"self":[{"href":"https:\/\/thoro.com.mx\/ethoro\/wp-json\/wp\/v2\/product\/15430","targetHints":{"allow":["GET"]}}],"collection":[{"href":"https:\/\/thoro.com.mx\/ethoro\/wp-json\/wp\/v2\/product"}],"about":[{"href":"https:\/\/thoro.com.mx\/ethoro\/wp-json\/wp\/v2\/types\/product"}],"replies":[{"embeddable":true,"href":"https:\/\/thoro.com.mx\/ethoro\/wp-json\/wp\/v2\/comments?post=15430"}],"wp:featuredmedia":[{"embeddable":true,"href":"https:\/\/thoro.com.mx\/ethoro\/wp-json\/wp\/v2\/media\/15429"}],"wp:attachment":[{"href":"https:\/\/thoro.com.mx\/ethoro\/wp-json\/wp\/v2\/media?parent=15430"}],"wp:term":[{"taxonomy":"product_brand","embeddable":true,"href":"https:\/\/thoro.com.mx\/ethoro\/wp-json\/wp\/v2\/product_brand?post=15430"},{"taxonomy":"product_cat","embeddable":true,"href":"https:\/\/thoro.com.mx\/ethoro\/wp-json\/wp\/v2\/product_cat?post=15430"},{"taxonomy":"product_tag","embeddable":true,"href":"https:\/\/thoro.com.mx\/ethoro\/wp-json\/wp\/v2\/product_tag?post=15430"}],"curies":[{"name":"wp","href":"https:\/\/api.w.org\/{rel}","templated":true}]}}