{"id":15725,"date":"2025-02-05T14:50:55","date_gmt":"2025-02-05T20:50:55","guid":{"rendered":"https:\/\/72.167.50.119\/ethoro\/shop\/sin categor\u00eda\/boligrafo-paper-mate-kilometrico-inkjoy-mini-st-paquete-con-10-piezas-punta-media-1-0-milimetro\/"},"modified":"2026-04-05T02:03:42","modified_gmt":"2026-04-05T08:03:42","slug":"boligrafo-paper-mate-kilometrico-inkjoy-mini-st-paquete-con-10-piezas-punta-media-1-0-milimetro","status":"publish","type":"product","link":"https:\/\/thoro.com.mx\/ethoro\/shop\/papeleria-y-oficina\/escritura\/boligrafos-escritura\/boligrafo-paper-mate-kilometrico-inkjoy-mini-st-paquete-con-10-piezas-punta-media-1-0-milimetro\/","title":{"rendered":"BOLIGRAFO PAPER MATE KILOMETRICO INKJOY MINI ST PAQUETE CON 10 PIEZAS PUNTA MEDIA 1.0 MILIMETRO"},"content":{"rendered":"<h4>INKJOY MINI ST<\/h4>\n<ul>\n<li>Colores brillantes en tama\u00f1o divertido<\/li>\n<li>Sistema de tinta InkJoy que proporciona escritura extra suave, ofreciendo trazos intensos que requieren de un m\u00ednimo esfuerzo de la mano<\/li>\n<li>Dise\u00f1o compacto que permite llevarlo a todos lados<\/li>\n<li>10 Mini bol\u00edgrafos<\/li>\n<li>Colores: negro, azul, rojo, rosa, turquesa, lima, morado, moka, naranja, verde.<\/li>\n<li>Bol\u00edgrafo 1.0 mm<\/li>\n<li>Punto medio<\/li>\n<\/ul>\n","protected":false},"excerpt":{"rendered":"<p>INKJOY MINI ST Colores brillantes en tama\u00f1o divertido Sistema de tinta InkJoy que proporciona escritura extra suave, ofreciendo trazos intensos que requieren de un m\u00ednimo esfuerzo de la mano Dise\u00f1o compacto que permite llevarlo a todos lados 10 Mini bol\u00edgrafos Colores: negro, azul, rojo, rosa, turquesa, lima, morado, moka, naranja, verde. Bol\u00edgrafo 1.0 mm Punto [&hellip;]<\/p>\n","protected":false},"featured_media":15724,"comment_status":"open","ping_status":"closed","template":"","meta":{"_monsterinsights_skip_tracking":false,"_monsterinsights_sitenote_active":false,"_monsterinsights_sitenote_note":"","_monsterinsights_sitenote_category":0,"_joinchat":[]},"product_brand":[],"product_cat":[14328],"product_tag":[],"class_list":{"0":"post-15725","1":"product","2":"type-product","3":"status-publish","4":"has-post-thumbnail","6":"product_cat-boligrafos-escritura","8":"first","9":"outofstock","10":"taxable","11":"shipping-taxable","12":"purchasable","13":"product-type-simple","14":"add-to-wishlist-after_add_to_cart"},"yoast_head":"<!-- This site is optimized with the Yoast SEO plugin v27.1.1 - https:\/\/yoast.com\/product\/yoast-seo-wordpress\/ -->\n<title>BOLIGRAFO PAPER MATE KILOMETRICO INKJOY MINI ST PAQUETE CON 10 PIEZAS PUNTA MEDIA 1.0 MILIMETRO - Thoro enterprises de Mexico<\/title>\n<meta name=\"robots\" content=\"noindex, follow\" \/>\n<meta property=\"og:locale\" content=\"es_MX\" \/>\n<meta property=\"og:type\" content=\"article\" \/>\n<meta property=\"og:title\" content=\"BOLIGRAFO PAPER MATE KILOMETRICO INKJOY MINI ST PAQUETE CON 10 PIEZAS PUNTA MEDIA 1.0 MILIMETRO - Thoro enterprises de Mexico\" \/>\n<meta property=\"og:description\" content=\"INKJOY MINI ST Colores brillantes en tama\u00f1o divertido Sistema de tinta InkJoy que proporciona escritura extra suave, ofreciendo trazos intensos que requieren de un m\u00ednimo esfuerzo de la mano Dise\u00f1o compacto que permite llevarlo a todos lados 10 Mini bol\u00edgrafos Colores: negro, azul, rojo, rosa, turquesa, lima, morado, moka, naranja, verde. Bol\u00edgrafo 1.0 mm Punto [&hellip;]\" \/>\n<meta property=\"og:url\" content=\"https:\/\/thoro.com.mx\/ethoro\/shop\/papeleria-y-oficina\/escritura\/boligrafos-escritura\/boligrafo-paper-mate-kilometrico-inkjoy-mini-st-paquete-con-10-piezas-punta-media-1-0-milimetro\/\" \/>\n<meta property=\"og:site_name\" content=\"Thoro enterprises de Mexico\" \/>\n<meta property=\"article:publisher\" content=\"https:\/\/www.facebook.com\/ThoroEnterprises\" \/>\n<meta property=\"article:modified_time\" content=\"2026-04-05T08:03:42+00:00\" \/>\n<meta property=\"og:image\" content=\"https:\/\/thoro.com.mx\/ethoro\/wp-content\/uploads\/2025\/02\/PE0062.jpg\" \/>\n\t<meta property=\"og:image:width\" content=\"1000\" \/>\n\t<meta property=\"og:image:height\" content=\"1000\" \/>\n\t<meta property=\"og:image:type\" content=\"image\/jpeg\" \/>\n<meta name=\"twitter:card\" content=\"summary_large_image\" \/>\n<script type=\"application\/ld+json\" class=\"yoast-schema-graph\">{\"@context\":\"https:\/\/schema.org\",\"@graph\":[{\"@type\":\"WebPage\",\"@id\":\"https:\/\/thoro.com.mx\/ethoro\/shop\/papeleria-y-oficina\/escritura\/boligrafos-escritura\/boligrafo-paper-mate-kilometrico-inkjoy-mini-st-paquete-con-10-piezas-punta-media-1-0-milimetro\/\",\"url\":\"https:\/\/thoro.com.mx\/ethoro\/shop\/papeleria-y-oficina\/escritura\/boligrafos-escritura\/boligrafo-paper-mate-kilometrico-inkjoy-mini-st-paquete-con-10-piezas-punta-media-1-0-milimetro\/\",\"name\":\"BOLIGRAFO PAPER MATE KILOMETRICO INKJOY MINI ST PAQUETE CON 10 PIEZAS PUNTA MEDIA 1.0 MILIMETRO - Thoro enterprises de Mexico\",\"isPartOf\":{\"@id\":\"https:\/\/72.167.50.119\/ethoro\/#website\"},\"primaryImageOfPage\":{\"@id\":\"https:\/\/thoro.com.mx\/ethoro\/shop\/papeleria-y-oficina\/escritura\/boligrafos-escritura\/boligrafo-paper-mate-kilometrico-inkjoy-mini-st-paquete-con-10-piezas-punta-media-1-0-milimetro\/#primaryimage\"},\"image\":{\"@id\":\"https:\/\/thoro.com.mx\/ethoro\/shop\/papeleria-y-oficina\/escritura\/boligrafos-escritura\/boligrafo-paper-mate-kilometrico-inkjoy-mini-st-paquete-con-10-piezas-punta-media-1-0-milimetro\/#primaryimage\"},\"thumbnailUrl\":\"https:\/\/thoro.com.mx\/ethoro\/wp-content\/uploads\/2025\/02\/PE0062.jpg\",\"datePublished\":\"2025-02-05T20:50:55+00:00\",\"dateModified\":\"2026-04-05T08:03:42+00:00\",\"breadcrumb\":{\"@id\":\"https:\/\/thoro.com.mx\/ethoro\/shop\/papeleria-y-oficina\/escritura\/boligrafos-escritura\/boligrafo-paper-mate-kilometrico-inkjoy-mini-st-paquete-con-10-piezas-punta-media-1-0-milimetro\/#breadcrumb\"},\"inLanguage\":\"es\",\"potentialAction\":[{\"@type\":\"ReadAction\",\"target\":[\"https:\/\/thoro.com.mx\/ethoro\/shop\/papeleria-y-oficina\/escritura\/boligrafos-escritura\/boligrafo-paper-mate-kilometrico-inkjoy-mini-st-paquete-con-10-piezas-punta-media-1-0-milimetro\/\"]}]},{\"@type\":\"ImageObject\",\"inLanguage\":\"es\",\"@id\":\"https:\/\/thoro.com.mx\/ethoro\/shop\/papeleria-y-oficina\/escritura\/boligrafos-escritura\/boligrafo-paper-mate-kilometrico-inkjoy-mini-st-paquete-con-10-piezas-punta-media-1-0-milimetro\/#primaryimage\",\"url\":\"https:\/\/thoro.com.mx\/ethoro\/wp-content\/uploads\/2025\/02\/PE0062.jpg\",\"contentUrl\":\"https:\/\/thoro.com.mx\/ethoro\/wp-content\/uploads\/2025\/02\/PE0062.jpg\",\"width\":1000,\"height\":1000},{\"@type\":\"BreadcrumbList\",\"@id\":\"https:\/\/thoro.com.mx\/ethoro\/shop\/papeleria-y-oficina\/escritura\/boligrafos-escritura\/boligrafo-paper-mate-kilometrico-inkjoy-mini-st-paquete-con-10-piezas-punta-media-1-0-milimetro\/#breadcrumb\",\"itemListElement\":[{\"@type\":\"ListItem\",\"position\":1,\"name\":\"Inicio\",\"item\":\"https:\/\/thoro.com.mx\/ethoro\/\"},{\"@type\":\"ListItem\",\"position\":2,\"name\":\"Tienda\",\"item\":\"https:\/\/thoro.com.mx\/ethoro\/shop\/\"},{\"@type\":\"ListItem\",\"position\":3,\"name\":\"BOLIGRAFO PAPER MATE KILOMETRICO INKJOY MINI ST PAQUETE CON 10 PIEZAS PUNTA MEDIA 1.0 MILIMETRO\"}]},{\"@type\":\"WebSite\",\"@id\":\"https:\/\/72.167.50.119\/ethoro\/#website\",\"url\":\"https:\/\/72.167.50.119\/ethoro\/\",\"name\":\"Thoro Enterprises de M\u00e9xico\",\"description\":\"Todo en Thoro\",\"publisher\":{\"@id\":\"https:\/\/72.167.50.119\/ethoro\/#organization\"},\"alternateName\":\"Thoro shop\",\"potentialAction\":[{\"@type\":\"SearchAction\",\"target\":{\"@type\":\"EntryPoint\",\"urlTemplate\":\"https:\/\/72.167.50.119\/ethoro\/?s={search_term_string}\"},\"query-input\":{\"@type\":\"PropertyValueSpecification\",\"valueRequired\":true,\"valueName\":\"search_term_string\"}}],\"inLanguage\":\"es\"},{\"@type\":\"Organization\",\"@id\":\"https:\/\/72.167.50.119\/ethoro\/#organization\",\"name\":\"Thoro Enterprises de M\u00e9xico\",\"alternateName\":\"Thoro shop\",\"url\":\"https:\/\/72.167.50.119\/ethoro\/\",\"logo\":{\"@type\":\"ImageObject\",\"inLanguage\":\"es\",\"@id\":\"https:\/\/72.167.50.119\/ethoro\/#\/schema\/logo\/image\/\",\"url\":\"https:\/\/72.167.50.119\/ethoro\/wp-content\/uploads\/2025\/01\/cropped-cropped-icono_t-180x180-1.png\",\"contentUrl\":\"https:\/\/72.167.50.119\/ethoro\/wp-content\/uploads\/2025\/01\/cropped-cropped-icono_t-180x180-1.png\",\"width\":512,\"height\":512,\"caption\":\"Thoro Enterprises de M\u00e9xico\"},\"image\":{\"@id\":\"https:\/\/72.167.50.119\/ethoro\/#\/schema\/logo\/image\/\"},\"sameAs\":[\"https:\/\/www.facebook.com\/ThoroEnterprises\",\"https:\/\/www.instagram.com\/thoro.mexico\/\"]}]}<\/script>\n<!-- \/ Yoast SEO plugin. -->","yoast_head_json":{"title":"BOLIGRAFO PAPER MATE KILOMETRICO INKJOY MINI ST PAQUETE CON 10 PIEZAS PUNTA MEDIA 1.0 MILIMETRO - Thoro enterprises de Mexico","robots":{"index":"noindex","follow":"follow"},"og_locale":"es_MX","og_type":"article","og_title":"BOLIGRAFO PAPER MATE KILOMETRICO INKJOY MINI ST PAQUETE CON 10 PIEZAS PUNTA MEDIA 1.0 MILIMETRO - Thoro enterprises de Mexico","og_description":"INKJOY MINI ST Colores brillantes en tama\u00f1o divertido Sistema de tinta InkJoy que proporciona escritura extra suave, ofreciendo trazos intensos que requieren de un m\u00ednimo esfuerzo de la mano Dise\u00f1o compacto que permite llevarlo a todos lados 10 Mini bol\u00edgrafos Colores: negro, azul, rojo, rosa, turquesa, lima, morado, moka, naranja, verde. Bol\u00edgrafo 1.0 mm Punto [&hellip;]","og_url":"https:\/\/thoro.com.mx\/ethoro\/shop\/papeleria-y-oficina\/escritura\/boligrafos-escritura\/boligrafo-paper-mate-kilometrico-inkjoy-mini-st-paquete-con-10-piezas-punta-media-1-0-milimetro\/","og_site_name":"Thoro enterprises de Mexico","article_publisher":"https:\/\/www.facebook.com\/ThoroEnterprises","article_modified_time":"2026-04-05T08:03:42+00:00","og_image":[{"width":1000,"height":1000,"url":"https:\/\/thoro.com.mx\/ethoro\/wp-content\/uploads\/2025\/02\/PE0062.jpg","type":"image\/jpeg"}],"twitter_card":"summary_large_image","schema":{"@context":"https:\/\/schema.org","@graph":[{"@type":"WebPage","@id":"https:\/\/thoro.com.mx\/ethoro\/shop\/papeleria-y-oficina\/escritura\/boligrafos-escritura\/boligrafo-paper-mate-kilometrico-inkjoy-mini-st-paquete-con-10-piezas-punta-media-1-0-milimetro\/","url":"https:\/\/thoro.com.mx\/ethoro\/shop\/papeleria-y-oficina\/escritura\/boligrafos-escritura\/boligrafo-paper-mate-kilometrico-inkjoy-mini-st-paquete-con-10-piezas-punta-media-1-0-milimetro\/","name":"BOLIGRAFO PAPER MATE KILOMETRICO INKJOY MINI ST PAQUETE CON 10 PIEZAS PUNTA MEDIA 1.0 MILIMETRO - Thoro enterprises de Mexico","isPartOf":{"@id":"https:\/\/72.167.50.119\/ethoro\/#website"},"primaryImageOfPage":{"@id":"https:\/\/thoro.com.mx\/ethoro\/shop\/papeleria-y-oficina\/escritura\/boligrafos-escritura\/boligrafo-paper-mate-kilometrico-inkjoy-mini-st-paquete-con-10-piezas-punta-media-1-0-milimetro\/#primaryimage"},"image":{"@id":"https:\/\/thoro.com.mx\/ethoro\/shop\/papeleria-y-oficina\/escritura\/boligrafos-escritura\/boligrafo-paper-mate-kilometrico-inkjoy-mini-st-paquete-con-10-piezas-punta-media-1-0-milimetro\/#primaryimage"},"thumbnailUrl":"https:\/\/thoro.com.mx\/ethoro\/wp-content\/uploads\/2025\/02\/PE0062.jpg","datePublished":"2025-02-05T20:50:55+00:00","dateModified":"2026-04-05T08:03:42+00:00","breadcrumb":{"@id":"https:\/\/thoro.com.mx\/ethoro\/shop\/papeleria-y-oficina\/escritura\/boligrafos-escritura\/boligrafo-paper-mate-kilometrico-inkjoy-mini-st-paquete-con-10-piezas-punta-media-1-0-milimetro\/#breadcrumb"},"inLanguage":"es","potentialAction":[{"@type":"ReadAction","target":["https:\/\/thoro.com.mx\/ethoro\/shop\/papeleria-y-oficina\/escritura\/boligrafos-escritura\/boligrafo-paper-mate-kilometrico-inkjoy-mini-st-paquete-con-10-piezas-punta-media-1-0-milimetro\/"]}]},{"@type":"ImageObject","inLanguage":"es","@id":"https:\/\/thoro.com.mx\/ethoro\/shop\/papeleria-y-oficina\/escritura\/boligrafos-escritura\/boligrafo-paper-mate-kilometrico-inkjoy-mini-st-paquete-con-10-piezas-punta-media-1-0-milimetro\/#primaryimage","url":"https:\/\/thoro.com.mx\/ethoro\/wp-content\/uploads\/2025\/02\/PE0062.jpg","contentUrl":"https:\/\/thoro.com.mx\/ethoro\/wp-content\/uploads\/2025\/02\/PE0062.jpg","width":1000,"height":1000},{"@type":"BreadcrumbList","@id":"https:\/\/thoro.com.mx\/ethoro\/shop\/papeleria-y-oficina\/escritura\/boligrafos-escritura\/boligrafo-paper-mate-kilometrico-inkjoy-mini-st-paquete-con-10-piezas-punta-media-1-0-milimetro\/#breadcrumb","itemListElement":[{"@type":"ListItem","position":1,"name":"Inicio","item":"https:\/\/thoro.com.mx\/ethoro\/"},{"@type":"ListItem","position":2,"name":"Tienda","item":"https:\/\/thoro.com.mx\/ethoro\/shop\/"},{"@type":"ListItem","position":3,"name":"BOLIGRAFO PAPER MATE KILOMETRICO INKJOY MINI ST PAQUETE CON 10 PIEZAS PUNTA MEDIA 1.0 MILIMETRO"}]},{"@type":"WebSite","@id":"https:\/\/72.167.50.119\/ethoro\/#website","url":"https:\/\/72.167.50.119\/ethoro\/","name":"Thoro Enterprises de M\u00e9xico","description":"Todo en Thoro","publisher":{"@id":"https:\/\/72.167.50.119\/ethoro\/#organization"},"alternateName":"Thoro shop","potentialAction":[{"@type":"SearchAction","target":{"@type":"EntryPoint","urlTemplate":"https:\/\/72.167.50.119\/ethoro\/?s={search_term_string}"},"query-input":{"@type":"PropertyValueSpecification","valueRequired":true,"valueName":"search_term_string"}}],"inLanguage":"es"},{"@type":"Organization","@id":"https:\/\/72.167.50.119\/ethoro\/#organization","name":"Thoro Enterprises de M\u00e9xico","alternateName":"Thoro shop","url":"https:\/\/72.167.50.119\/ethoro\/","logo":{"@type":"ImageObject","inLanguage":"es","@id":"https:\/\/72.167.50.119\/ethoro\/#\/schema\/logo\/image\/","url":"https:\/\/72.167.50.119\/ethoro\/wp-content\/uploads\/2025\/01\/cropped-cropped-icono_t-180x180-1.png","contentUrl":"https:\/\/72.167.50.119\/ethoro\/wp-content\/uploads\/2025\/01\/cropped-cropped-icono_t-180x180-1.png","width":512,"height":512,"caption":"Thoro Enterprises de M\u00e9xico"},"image":{"@id":"https:\/\/72.167.50.119\/ethoro\/#\/schema\/logo\/image\/"},"sameAs":["https:\/\/www.facebook.com\/ThoroEnterprises","https:\/\/www.instagram.com\/thoro.mexico\/"]}]}},"_links":{"self":[{"href":"https:\/\/thoro.com.mx\/ethoro\/wp-json\/wp\/v2\/product\/15725","targetHints":{"allow":["GET"]}}],"collection":[{"href":"https:\/\/thoro.com.mx\/ethoro\/wp-json\/wp\/v2\/product"}],"about":[{"href":"https:\/\/thoro.com.mx\/ethoro\/wp-json\/wp\/v2\/types\/product"}],"replies":[{"embeddable":true,"href":"https:\/\/thoro.com.mx\/ethoro\/wp-json\/wp\/v2\/comments?post=15725"}],"wp:featuredmedia":[{"embeddable":true,"href":"https:\/\/thoro.com.mx\/ethoro\/wp-json\/wp\/v2\/media\/15724"}],"wp:attachment":[{"href":"https:\/\/thoro.com.mx\/ethoro\/wp-json\/wp\/v2\/media?parent=15725"}],"wp:term":[{"taxonomy":"product_brand","embeddable":true,"href":"https:\/\/thoro.com.mx\/ethoro\/wp-json\/wp\/v2\/product_brand?post=15725"},{"taxonomy":"product_cat","embeddable":true,"href":"https:\/\/thoro.com.mx\/ethoro\/wp-json\/wp\/v2\/product_cat?post=15725"},{"taxonomy":"product_tag","embeddable":true,"href":"https:\/\/thoro.com.mx\/ethoro\/wp-json\/wp\/v2\/product_tag?post=15725"}],"curies":[{"name":"wp","href":"https:\/\/api.w.org\/{rel}","templated":true}]}}