{"id":15735,"date":"2025-02-05T14:51:02","date_gmt":"2025-02-05T20:51:02","guid":{"rendered":"https:\/\/72.167.50.119\/ethoro\/shop\/sin categor\u00eda\/boligrafo-retractil-paper-mate-kilometrico-inkjoy-cuatro-business-punta-media-1-0-milimetro-4-en-1\/"},"modified":"2026-04-07T02:08:35","modified_gmt":"2026-04-07T08:08:35","slug":"boligrafo-retractil-paper-mate-kilometrico-inkjoy-cuatro-business-punta-media-1-0-milimetro-4-en-1","status":"publish","type":"product","link":"https:\/\/thoro.com.mx\/ethoro\/shop\/papeleria-y-oficina\/escritura\/boligrafos-escritura\/boligrafo-retractil-paper-mate-kilometrico-inkjoy-cuatro-business-punta-media-1-0-milimetro-4-en-1\/","title":{"rendered":"BOLIGRAFO RETRACTIL PAPER MATE KILOMETRICO INKJOY CUATRO BUSINESS PUNTA MEDIA 1.0 MILIMETRO 4 EN 1"},"content":{"rendered":"<h4>QUATRO<\/h4>\n<ul>\n<li>Los bol\u00edgrafos retr\u00e1ctiles de Paper Mate InkJoy Quatro tienen cuatro colores de tinta vivos en cada bol\u00edgrafo. <\/li>\n<li>Simplemente haga clic en un bot\u00f3n codificado por colores para cambiar entre tintas, y disfrute de tinta ultra suave que es todo color y sin arrastre. <\/li>\n<li>El dise\u00f1o 4 en 1 tiene un ca\u00f1\u00f3n f\u00e1cil de sostener, con agarre c\u00f3modo y botones de clic f\u00e1ciles.<\/li>\n<li>El bol\u00edgrafo retractil 4 en 1 contiene los siguientes colores de tinta: negro, azul, verde y rojo.<\/li>\n<\/ul>\n","protected":false},"excerpt":{"rendered":"<p>QUATRO Los bol\u00edgrafos retr\u00e1ctiles de Paper Mate InkJoy Quatro tienen cuatro colores de tinta vivos en cada bol\u00edgrafo. Simplemente haga clic en un bot\u00f3n codificado por colores para cambiar entre tintas, y disfrute de tinta ultra suave que es todo color y sin arrastre. El dise\u00f1o 4 en 1 tiene un ca\u00f1\u00f3n f\u00e1cil de sostener, [&hellip;]<\/p>\n","protected":false},"featured_media":15734,"comment_status":"open","ping_status":"closed","template":"","meta":{"_monsterinsights_skip_tracking":false,"_monsterinsights_sitenote_active":false,"_monsterinsights_sitenote_note":"","_monsterinsights_sitenote_category":0,"_joinchat":[]},"product_brand":[],"product_cat":[14328],"product_tag":[],"class_list":{"0":"post-15735","1":"product","2":"type-product","3":"status-publish","4":"has-post-thumbnail","6":"product_cat-boligrafos-escritura","8":"first","9":"outofstock","10":"sale","11":"taxable","12":"shipping-taxable","13":"purchasable","14":"product-type-simple","15":"add-to-wishlist-after_add_to_cart"},"yoast_head":"<!-- This site is optimized with the Yoast SEO plugin v27.1.1 - https:\/\/yoast.com\/product\/yoast-seo-wordpress\/ -->\n<title>BOLIGRAFO RETRACTIL PAPER MATE KILOMETRICO INKJOY CUATRO BUSINESS PUNTA MEDIA 1.0 MILIMETRO 4 EN 1 - Thoro enterprises de Mexico<\/title>\n<meta name=\"robots\" content=\"noindex, follow\" \/>\n<meta property=\"og:locale\" content=\"es_MX\" \/>\n<meta property=\"og:type\" content=\"article\" \/>\n<meta property=\"og:title\" content=\"BOLIGRAFO RETRACTIL PAPER MATE KILOMETRICO INKJOY CUATRO BUSINESS PUNTA MEDIA 1.0 MILIMETRO 4 EN 1 - Thoro enterprises de Mexico\" \/>\n<meta property=\"og:description\" content=\"QUATRO Los bol\u00edgrafos retr\u00e1ctiles de Paper Mate InkJoy Quatro tienen cuatro colores de tinta vivos en cada bol\u00edgrafo. Simplemente haga clic en un bot\u00f3n codificado por colores para cambiar entre tintas, y disfrute de tinta ultra suave que es todo color y sin arrastre. El dise\u00f1o 4 en 1 tiene un ca\u00f1\u00f3n f\u00e1cil de sostener, [&hellip;]\" \/>\n<meta property=\"og:url\" content=\"https:\/\/thoro.com.mx\/ethoro\/shop\/papeleria-y-oficina\/escritura\/boligrafos-escritura\/boligrafo-retractil-paper-mate-kilometrico-inkjoy-cuatro-business-punta-media-1-0-milimetro-4-en-1\/\" \/>\n<meta property=\"og:site_name\" content=\"Thoro enterprises de Mexico\" \/>\n<meta property=\"article:publisher\" content=\"https:\/\/www.facebook.com\/ThoroEnterprises\" \/>\n<meta property=\"article:modified_time\" content=\"2026-04-07T08:08:35+00:00\" \/>\n<meta property=\"og:image\" content=\"https:\/\/thoro.com.mx\/ethoro\/wp-content\/uploads\/2025\/02\/PE0067_014.jpg\" \/>\n\t<meta property=\"og:image:width\" content=\"1000\" \/>\n\t<meta property=\"og:image:height\" content=\"1000\" \/>\n\t<meta property=\"og:image:type\" content=\"image\/jpeg\" \/>\n<meta name=\"twitter:card\" content=\"summary_large_image\" \/>\n<script type=\"application\/ld+json\" class=\"yoast-schema-graph\">{\"@context\":\"https:\/\/schema.org\",\"@graph\":[{\"@type\":\"WebPage\",\"@id\":\"https:\/\/thoro.com.mx\/ethoro\/shop\/papeleria-y-oficina\/escritura\/boligrafos-escritura\/boligrafo-retractil-paper-mate-kilometrico-inkjoy-cuatro-business-punta-media-1-0-milimetro-4-en-1\/\",\"url\":\"https:\/\/thoro.com.mx\/ethoro\/shop\/papeleria-y-oficina\/escritura\/boligrafos-escritura\/boligrafo-retractil-paper-mate-kilometrico-inkjoy-cuatro-business-punta-media-1-0-milimetro-4-en-1\/\",\"name\":\"BOLIGRAFO RETRACTIL PAPER MATE KILOMETRICO INKJOY CUATRO BUSINESS PUNTA MEDIA 1.0 MILIMETRO 4 EN 1 - Thoro enterprises de Mexico\",\"isPartOf\":{\"@id\":\"https:\/\/72.167.50.119\/ethoro\/#website\"},\"primaryImageOfPage\":{\"@id\":\"https:\/\/thoro.com.mx\/ethoro\/shop\/papeleria-y-oficina\/escritura\/boligrafos-escritura\/boligrafo-retractil-paper-mate-kilometrico-inkjoy-cuatro-business-punta-media-1-0-milimetro-4-en-1\/#primaryimage\"},\"image\":{\"@id\":\"https:\/\/thoro.com.mx\/ethoro\/shop\/papeleria-y-oficina\/escritura\/boligrafos-escritura\/boligrafo-retractil-paper-mate-kilometrico-inkjoy-cuatro-business-punta-media-1-0-milimetro-4-en-1\/#primaryimage\"},\"thumbnailUrl\":\"https:\/\/thoro.com.mx\/ethoro\/wp-content\/uploads\/2025\/02\/PE0067_014.jpg\",\"datePublished\":\"2025-02-05T20:51:02+00:00\",\"dateModified\":\"2026-04-07T08:08:35+00:00\",\"breadcrumb\":{\"@id\":\"https:\/\/thoro.com.mx\/ethoro\/shop\/papeleria-y-oficina\/escritura\/boligrafos-escritura\/boligrafo-retractil-paper-mate-kilometrico-inkjoy-cuatro-business-punta-media-1-0-milimetro-4-en-1\/#breadcrumb\"},\"inLanguage\":\"es\",\"potentialAction\":[{\"@type\":\"ReadAction\",\"target\":[\"https:\/\/thoro.com.mx\/ethoro\/shop\/papeleria-y-oficina\/escritura\/boligrafos-escritura\/boligrafo-retractil-paper-mate-kilometrico-inkjoy-cuatro-business-punta-media-1-0-milimetro-4-en-1\/\"]}]},{\"@type\":\"ImageObject\",\"inLanguage\":\"es\",\"@id\":\"https:\/\/thoro.com.mx\/ethoro\/shop\/papeleria-y-oficina\/escritura\/boligrafos-escritura\/boligrafo-retractil-paper-mate-kilometrico-inkjoy-cuatro-business-punta-media-1-0-milimetro-4-en-1\/#primaryimage\",\"url\":\"https:\/\/thoro.com.mx\/ethoro\/wp-content\/uploads\/2025\/02\/PE0067_014.jpg\",\"contentUrl\":\"https:\/\/thoro.com.mx\/ethoro\/wp-content\/uploads\/2025\/02\/PE0067_014.jpg\",\"width\":1000,\"height\":1000},{\"@type\":\"BreadcrumbList\",\"@id\":\"https:\/\/thoro.com.mx\/ethoro\/shop\/papeleria-y-oficina\/escritura\/boligrafos-escritura\/boligrafo-retractil-paper-mate-kilometrico-inkjoy-cuatro-business-punta-media-1-0-milimetro-4-en-1\/#breadcrumb\",\"itemListElement\":[{\"@type\":\"ListItem\",\"position\":1,\"name\":\"Inicio\",\"item\":\"https:\/\/thoro.com.mx\/ethoro\/\"},{\"@type\":\"ListItem\",\"position\":2,\"name\":\"Tienda\",\"item\":\"https:\/\/thoro.com.mx\/ethoro\/shop\/\"},{\"@type\":\"ListItem\",\"position\":3,\"name\":\"BOLIGRAFO RETRACTIL PAPER MATE KILOMETRICO INKJOY CUATRO BUSINESS PUNTA MEDIA 1.0 MILIMETRO 4 EN 1\"}]},{\"@type\":\"WebSite\",\"@id\":\"https:\/\/72.167.50.119\/ethoro\/#website\",\"url\":\"https:\/\/72.167.50.119\/ethoro\/\",\"name\":\"Thoro Enterprises de M\u00e9xico\",\"description\":\"Todo en Thoro\",\"publisher\":{\"@id\":\"https:\/\/72.167.50.119\/ethoro\/#organization\"},\"alternateName\":\"Thoro shop\",\"potentialAction\":[{\"@type\":\"SearchAction\",\"target\":{\"@type\":\"EntryPoint\",\"urlTemplate\":\"https:\/\/72.167.50.119\/ethoro\/?s={search_term_string}\"},\"query-input\":{\"@type\":\"PropertyValueSpecification\",\"valueRequired\":true,\"valueName\":\"search_term_string\"}}],\"inLanguage\":\"es\"},{\"@type\":\"Organization\",\"@id\":\"https:\/\/72.167.50.119\/ethoro\/#organization\",\"name\":\"Thoro Enterprises de M\u00e9xico\",\"alternateName\":\"Thoro shop\",\"url\":\"https:\/\/72.167.50.119\/ethoro\/\",\"logo\":{\"@type\":\"ImageObject\",\"inLanguage\":\"es\",\"@id\":\"https:\/\/72.167.50.119\/ethoro\/#\/schema\/logo\/image\/\",\"url\":\"https:\/\/72.167.50.119\/ethoro\/wp-content\/uploads\/2025\/01\/cropped-cropped-icono_t-180x180-1.png\",\"contentUrl\":\"https:\/\/72.167.50.119\/ethoro\/wp-content\/uploads\/2025\/01\/cropped-cropped-icono_t-180x180-1.png\",\"width\":512,\"height\":512,\"caption\":\"Thoro Enterprises de M\u00e9xico\"},\"image\":{\"@id\":\"https:\/\/72.167.50.119\/ethoro\/#\/schema\/logo\/image\/\"},\"sameAs\":[\"https:\/\/www.facebook.com\/ThoroEnterprises\",\"https:\/\/www.instagram.com\/thoro.mexico\/\"]}]}<\/script>\n<!-- \/ Yoast SEO plugin. -->","yoast_head_json":{"title":"BOLIGRAFO RETRACTIL PAPER MATE KILOMETRICO INKJOY CUATRO BUSINESS PUNTA MEDIA 1.0 MILIMETRO 4 EN 1 - Thoro enterprises de Mexico","robots":{"index":"noindex","follow":"follow"},"og_locale":"es_MX","og_type":"article","og_title":"BOLIGRAFO RETRACTIL PAPER MATE KILOMETRICO INKJOY CUATRO BUSINESS PUNTA MEDIA 1.0 MILIMETRO 4 EN 1 - Thoro enterprises de Mexico","og_description":"QUATRO Los bol\u00edgrafos retr\u00e1ctiles de Paper Mate InkJoy Quatro tienen cuatro colores de tinta vivos en cada bol\u00edgrafo. Simplemente haga clic en un bot\u00f3n codificado por colores para cambiar entre tintas, y disfrute de tinta ultra suave que es todo color y sin arrastre. El dise\u00f1o 4 en 1 tiene un ca\u00f1\u00f3n f\u00e1cil de sostener, [&hellip;]","og_url":"https:\/\/thoro.com.mx\/ethoro\/shop\/papeleria-y-oficina\/escritura\/boligrafos-escritura\/boligrafo-retractil-paper-mate-kilometrico-inkjoy-cuatro-business-punta-media-1-0-milimetro-4-en-1\/","og_site_name":"Thoro enterprises de Mexico","article_publisher":"https:\/\/www.facebook.com\/ThoroEnterprises","article_modified_time":"2026-04-07T08:08:35+00:00","og_image":[{"width":1000,"height":1000,"url":"https:\/\/thoro.com.mx\/ethoro\/wp-content\/uploads\/2025\/02\/PE0067_014.jpg","type":"image\/jpeg"}],"twitter_card":"summary_large_image","schema":{"@context":"https:\/\/schema.org","@graph":[{"@type":"WebPage","@id":"https:\/\/thoro.com.mx\/ethoro\/shop\/papeleria-y-oficina\/escritura\/boligrafos-escritura\/boligrafo-retractil-paper-mate-kilometrico-inkjoy-cuatro-business-punta-media-1-0-milimetro-4-en-1\/","url":"https:\/\/thoro.com.mx\/ethoro\/shop\/papeleria-y-oficina\/escritura\/boligrafos-escritura\/boligrafo-retractil-paper-mate-kilometrico-inkjoy-cuatro-business-punta-media-1-0-milimetro-4-en-1\/","name":"BOLIGRAFO RETRACTIL PAPER MATE KILOMETRICO INKJOY CUATRO BUSINESS PUNTA MEDIA 1.0 MILIMETRO 4 EN 1 - Thoro enterprises de Mexico","isPartOf":{"@id":"https:\/\/72.167.50.119\/ethoro\/#website"},"primaryImageOfPage":{"@id":"https:\/\/thoro.com.mx\/ethoro\/shop\/papeleria-y-oficina\/escritura\/boligrafos-escritura\/boligrafo-retractil-paper-mate-kilometrico-inkjoy-cuatro-business-punta-media-1-0-milimetro-4-en-1\/#primaryimage"},"image":{"@id":"https:\/\/thoro.com.mx\/ethoro\/shop\/papeleria-y-oficina\/escritura\/boligrafos-escritura\/boligrafo-retractil-paper-mate-kilometrico-inkjoy-cuatro-business-punta-media-1-0-milimetro-4-en-1\/#primaryimage"},"thumbnailUrl":"https:\/\/thoro.com.mx\/ethoro\/wp-content\/uploads\/2025\/02\/PE0067_014.jpg","datePublished":"2025-02-05T20:51:02+00:00","dateModified":"2026-04-07T08:08:35+00:00","breadcrumb":{"@id":"https:\/\/thoro.com.mx\/ethoro\/shop\/papeleria-y-oficina\/escritura\/boligrafos-escritura\/boligrafo-retractil-paper-mate-kilometrico-inkjoy-cuatro-business-punta-media-1-0-milimetro-4-en-1\/#breadcrumb"},"inLanguage":"es","potentialAction":[{"@type":"ReadAction","target":["https:\/\/thoro.com.mx\/ethoro\/shop\/papeleria-y-oficina\/escritura\/boligrafos-escritura\/boligrafo-retractil-paper-mate-kilometrico-inkjoy-cuatro-business-punta-media-1-0-milimetro-4-en-1\/"]}]},{"@type":"ImageObject","inLanguage":"es","@id":"https:\/\/thoro.com.mx\/ethoro\/shop\/papeleria-y-oficina\/escritura\/boligrafos-escritura\/boligrafo-retractil-paper-mate-kilometrico-inkjoy-cuatro-business-punta-media-1-0-milimetro-4-en-1\/#primaryimage","url":"https:\/\/thoro.com.mx\/ethoro\/wp-content\/uploads\/2025\/02\/PE0067_014.jpg","contentUrl":"https:\/\/thoro.com.mx\/ethoro\/wp-content\/uploads\/2025\/02\/PE0067_014.jpg","width":1000,"height":1000},{"@type":"BreadcrumbList","@id":"https:\/\/thoro.com.mx\/ethoro\/shop\/papeleria-y-oficina\/escritura\/boligrafos-escritura\/boligrafo-retractil-paper-mate-kilometrico-inkjoy-cuatro-business-punta-media-1-0-milimetro-4-en-1\/#breadcrumb","itemListElement":[{"@type":"ListItem","position":1,"name":"Inicio","item":"https:\/\/thoro.com.mx\/ethoro\/"},{"@type":"ListItem","position":2,"name":"Tienda","item":"https:\/\/thoro.com.mx\/ethoro\/shop\/"},{"@type":"ListItem","position":3,"name":"BOLIGRAFO RETRACTIL PAPER MATE KILOMETRICO INKJOY CUATRO BUSINESS PUNTA MEDIA 1.0 MILIMETRO 4 EN 1"}]},{"@type":"WebSite","@id":"https:\/\/72.167.50.119\/ethoro\/#website","url":"https:\/\/72.167.50.119\/ethoro\/","name":"Thoro Enterprises de M\u00e9xico","description":"Todo en Thoro","publisher":{"@id":"https:\/\/72.167.50.119\/ethoro\/#organization"},"alternateName":"Thoro shop","potentialAction":[{"@type":"SearchAction","target":{"@type":"EntryPoint","urlTemplate":"https:\/\/72.167.50.119\/ethoro\/?s={search_term_string}"},"query-input":{"@type":"PropertyValueSpecification","valueRequired":true,"valueName":"search_term_string"}}],"inLanguage":"es"},{"@type":"Organization","@id":"https:\/\/72.167.50.119\/ethoro\/#organization","name":"Thoro Enterprises de M\u00e9xico","alternateName":"Thoro shop","url":"https:\/\/72.167.50.119\/ethoro\/","logo":{"@type":"ImageObject","inLanguage":"es","@id":"https:\/\/72.167.50.119\/ethoro\/#\/schema\/logo\/image\/","url":"https:\/\/72.167.50.119\/ethoro\/wp-content\/uploads\/2025\/01\/cropped-cropped-icono_t-180x180-1.png","contentUrl":"https:\/\/72.167.50.119\/ethoro\/wp-content\/uploads\/2025\/01\/cropped-cropped-icono_t-180x180-1.png","width":512,"height":512,"caption":"Thoro Enterprises de M\u00e9xico"},"image":{"@id":"https:\/\/72.167.50.119\/ethoro\/#\/schema\/logo\/image\/"},"sameAs":["https:\/\/www.facebook.com\/ThoroEnterprises","https:\/\/www.instagram.com\/thoro.mexico\/"]}]}},"_links":{"self":[{"href":"https:\/\/thoro.com.mx\/ethoro\/wp-json\/wp\/v2\/product\/15735","targetHints":{"allow":["GET"]}}],"collection":[{"href":"https:\/\/thoro.com.mx\/ethoro\/wp-json\/wp\/v2\/product"}],"about":[{"href":"https:\/\/thoro.com.mx\/ethoro\/wp-json\/wp\/v2\/types\/product"}],"replies":[{"embeddable":true,"href":"https:\/\/thoro.com.mx\/ethoro\/wp-json\/wp\/v2\/comments?post=15735"}],"wp:featuredmedia":[{"embeddable":true,"href":"https:\/\/thoro.com.mx\/ethoro\/wp-json\/wp\/v2\/media\/15734"}],"wp:attachment":[{"href":"https:\/\/thoro.com.mx\/ethoro\/wp-json\/wp\/v2\/media?parent=15735"}],"wp:term":[{"taxonomy":"product_brand","embeddable":true,"href":"https:\/\/thoro.com.mx\/ethoro\/wp-json\/wp\/v2\/product_brand?post=15735"},{"taxonomy":"product_cat","embeddable":true,"href":"https:\/\/thoro.com.mx\/ethoro\/wp-json\/wp\/v2\/product_cat?post=15735"},{"taxonomy":"product_tag","embeddable":true,"href":"https:\/\/thoro.com.mx\/ethoro\/wp-json\/wp\/v2\/product_tag?post=15735"}],"curies":[{"name":"wp","href":"https:\/\/api.w.org\/{rel}","templated":true}]}}