{"id":16558,"date":"2025-02-05T15:02:36","date_gmt":"2025-02-05T21:02:36","guid":{"rendered":"https:\/\/72.167.50.119\/ethoro\/shop\/sin categor\u00eda\/cinta-adhesiva-celofan-tuk-205-12-milimetros-x-65-metros\/"},"modified":"2026-04-05T02:22:11","modified_gmt":"2026-04-05T08:22:11","slug":"cinta-adhesiva-celofan-tuk-205-12-milimetros-x-65-metros","status":"publish","type":"product","link":"https:\/\/thoro.com.mx\/ethoro\/shop\/papeleria-y-oficina\/cintas-papeleria-y-oficina\/cintas-adhesivas-cintas-papeleria-y-oficina\/cinta-adhesiva-celofan-tuk-205-12-milimetros-x-65-metros\/","title":{"rendered":"CINTA ADHESIVA CELOFAN TUK 205 12 MILIMETROS X 65 METROS"},"content":{"rendered":"<h4>205<\/h4>\n<ul>\n<li>Cinta de celof\u00e1n 205 de excelente adhesi\u00f3n y sencilla de manejar.<\/li>\n<li>Se desenrolla f\u00e1cilmente, ideal para sellar, retener, envolver, empacar, reparar, etc.<\/li>\n<li>Para usos en el hogar, en la oficina, en la escuela, entre otros.<\/li>\n<li>Rollo de 12 mm x 65 m.<\/li>\n<\/ul>\n","protected":false},"excerpt":{"rendered":"<p>205 Cinta de celof\u00e1n 205 de excelente adhesi\u00f3n y sencilla de manejar. Se desenrolla f\u00e1cilmente, ideal para sellar, retener, envolver, empacar, reparar, etc. Para usos en el hogar, en la oficina, en la escuela, entre otros. Rollo de 12 mm x 65 m.<\/p>\n","protected":false},"featured_media":16557,"comment_status":"open","ping_status":"closed","template":"","meta":{"_monsterinsights_skip_tracking":false,"_monsterinsights_sitenote_active":false,"_monsterinsights_sitenote_note":"","_monsterinsights_sitenote_category":0,"_joinchat":[]},"product_brand":[],"product_cat":[14247],"product_tag":[],"class_list":{"0":"post-16558","1":"product","2":"type-product","3":"status-publish","4":"has-post-thumbnail","6":"product_cat-cintas-adhesivas-cintas-papeleria-y-oficina","8":"first","9":"instock","10":"taxable","11":"shipping-taxable","12":"purchasable","13":"product-type-simple","14":"add-to-wishlist-after_add_to_cart"},"yoast_head":"<!-- This site is optimized with the Yoast SEO plugin v27.1.1 - https:\/\/yoast.com\/product\/yoast-seo-wordpress\/ -->\n<title>CINTA ADHESIVA CELOFAN TUK 205 12 MILIMETROS X 65 METROS - Thoro enterprises de Mexico<\/title>\n<meta name=\"robots\" content=\"noindex, follow\" \/>\n<meta property=\"og:locale\" content=\"es_MX\" \/>\n<meta property=\"og:type\" content=\"article\" \/>\n<meta property=\"og:title\" content=\"CINTA ADHESIVA CELOFAN TUK 205 12 MILIMETROS X 65 METROS - Thoro enterprises de Mexico\" \/>\n<meta property=\"og:description\" content=\"205 Cinta de celof\u00e1n 205 de excelente adhesi\u00f3n y sencilla de manejar. Se desenrolla f\u00e1cilmente, ideal para sellar, retener, envolver, empacar, reparar, etc. Para usos en el hogar, en la oficina, en la escuela, entre otros. Rollo de 12 mm x 65 m.\" \/>\n<meta property=\"og:url\" content=\"https:\/\/thoro.com.mx\/ethoro\/shop\/papeleria-y-oficina\/cintas-papeleria-y-oficina\/cintas-adhesivas-cintas-papeleria-y-oficina\/cinta-adhesiva-celofan-tuk-205-12-milimetros-x-65-metros\/\" \/>\n<meta property=\"og:site_name\" content=\"Thoro enterprises de Mexico\" \/>\n<meta property=\"article:publisher\" content=\"https:\/\/www.facebook.com\/ThoroEnterprises\" \/>\n<meta property=\"article:modified_time\" content=\"2026-04-05T08:22:11+00:00\" \/>\n<meta property=\"og:image\" content=\"https:\/\/thoro.com.mx\/ethoro\/wp-content\/uploads\/2025\/02\/PJ0621_01.jpg\" \/>\n\t<meta property=\"og:image:width\" content=\"1000\" \/>\n\t<meta property=\"og:image:height\" content=\"1000\" \/>\n\t<meta property=\"og:image:type\" content=\"image\/jpeg\" \/>\n<meta name=\"twitter:card\" content=\"summary_large_image\" \/>\n<script type=\"application\/ld+json\" class=\"yoast-schema-graph\">{\"@context\":\"https:\/\/schema.org\",\"@graph\":[{\"@type\":\"WebPage\",\"@id\":\"https:\/\/thoro.com.mx\/ethoro\/shop\/papeleria-y-oficina\/cintas-papeleria-y-oficina\/cintas-adhesivas-cintas-papeleria-y-oficina\/cinta-adhesiva-celofan-tuk-205-12-milimetros-x-65-metros\/\",\"url\":\"https:\/\/thoro.com.mx\/ethoro\/shop\/papeleria-y-oficina\/cintas-papeleria-y-oficina\/cintas-adhesivas-cintas-papeleria-y-oficina\/cinta-adhesiva-celofan-tuk-205-12-milimetros-x-65-metros\/\",\"name\":\"CINTA ADHESIVA CELOFAN TUK 205 12 MILIMETROS X 65 METROS - Thoro enterprises de Mexico\",\"isPartOf\":{\"@id\":\"https:\/\/72.167.50.119\/ethoro\/#website\"},\"primaryImageOfPage\":{\"@id\":\"https:\/\/thoro.com.mx\/ethoro\/shop\/papeleria-y-oficina\/cintas-papeleria-y-oficina\/cintas-adhesivas-cintas-papeleria-y-oficina\/cinta-adhesiva-celofan-tuk-205-12-milimetros-x-65-metros\/#primaryimage\"},\"image\":{\"@id\":\"https:\/\/thoro.com.mx\/ethoro\/shop\/papeleria-y-oficina\/cintas-papeleria-y-oficina\/cintas-adhesivas-cintas-papeleria-y-oficina\/cinta-adhesiva-celofan-tuk-205-12-milimetros-x-65-metros\/#primaryimage\"},\"thumbnailUrl\":\"https:\/\/thoro.com.mx\/ethoro\/wp-content\/uploads\/2025\/02\/PJ0621_01.jpg\",\"datePublished\":\"2025-02-05T21:02:36+00:00\",\"dateModified\":\"2026-04-05T08:22:11+00:00\",\"breadcrumb\":{\"@id\":\"https:\/\/thoro.com.mx\/ethoro\/shop\/papeleria-y-oficina\/cintas-papeleria-y-oficina\/cintas-adhesivas-cintas-papeleria-y-oficina\/cinta-adhesiva-celofan-tuk-205-12-milimetros-x-65-metros\/#breadcrumb\"},\"inLanguage\":\"es\",\"potentialAction\":[{\"@type\":\"ReadAction\",\"target\":[\"https:\/\/thoro.com.mx\/ethoro\/shop\/papeleria-y-oficina\/cintas-papeleria-y-oficina\/cintas-adhesivas-cintas-papeleria-y-oficina\/cinta-adhesiva-celofan-tuk-205-12-milimetros-x-65-metros\/\"]}]},{\"@type\":\"ImageObject\",\"inLanguage\":\"es\",\"@id\":\"https:\/\/thoro.com.mx\/ethoro\/shop\/papeleria-y-oficina\/cintas-papeleria-y-oficina\/cintas-adhesivas-cintas-papeleria-y-oficina\/cinta-adhesiva-celofan-tuk-205-12-milimetros-x-65-metros\/#primaryimage\",\"url\":\"https:\/\/thoro.com.mx\/ethoro\/wp-content\/uploads\/2025\/02\/PJ0621_01.jpg\",\"contentUrl\":\"https:\/\/thoro.com.mx\/ethoro\/wp-content\/uploads\/2025\/02\/PJ0621_01.jpg\",\"width\":1000,\"height\":1000},{\"@type\":\"BreadcrumbList\",\"@id\":\"https:\/\/thoro.com.mx\/ethoro\/shop\/papeleria-y-oficina\/cintas-papeleria-y-oficina\/cintas-adhesivas-cintas-papeleria-y-oficina\/cinta-adhesiva-celofan-tuk-205-12-milimetros-x-65-metros\/#breadcrumb\",\"itemListElement\":[{\"@type\":\"ListItem\",\"position\":1,\"name\":\"Inicio\",\"item\":\"https:\/\/thoro.com.mx\/ethoro\/\"},{\"@type\":\"ListItem\",\"position\":2,\"name\":\"Tienda\",\"item\":\"https:\/\/thoro.com.mx\/ethoro\/shop\/\"},{\"@type\":\"ListItem\",\"position\":3,\"name\":\"CINTA ADHESIVA CELOFAN TUK 205 12 MILIMETROS X 65 METROS\"}]},{\"@type\":\"WebSite\",\"@id\":\"https:\/\/72.167.50.119\/ethoro\/#website\",\"url\":\"https:\/\/72.167.50.119\/ethoro\/\",\"name\":\"Thoro Enterprises de M\u00e9xico\",\"description\":\"Todo en Thoro\",\"publisher\":{\"@id\":\"https:\/\/72.167.50.119\/ethoro\/#organization\"},\"alternateName\":\"Thoro shop\",\"potentialAction\":[{\"@type\":\"SearchAction\",\"target\":{\"@type\":\"EntryPoint\",\"urlTemplate\":\"https:\/\/72.167.50.119\/ethoro\/?s={search_term_string}\"},\"query-input\":{\"@type\":\"PropertyValueSpecification\",\"valueRequired\":true,\"valueName\":\"search_term_string\"}}],\"inLanguage\":\"es\"},{\"@type\":\"Organization\",\"@id\":\"https:\/\/72.167.50.119\/ethoro\/#organization\",\"name\":\"Thoro Enterprises de M\u00e9xico\",\"alternateName\":\"Thoro shop\",\"url\":\"https:\/\/72.167.50.119\/ethoro\/\",\"logo\":{\"@type\":\"ImageObject\",\"inLanguage\":\"es\",\"@id\":\"https:\/\/72.167.50.119\/ethoro\/#\/schema\/logo\/image\/\",\"url\":\"https:\/\/72.167.50.119\/ethoro\/wp-content\/uploads\/2025\/01\/cropped-cropped-icono_t-180x180-1.png\",\"contentUrl\":\"https:\/\/72.167.50.119\/ethoro\/wp-content\/uploads\/2025\/01\/cropped-cropped-icono_t-180x180-1.png\",\"width\":512,\"height\":512,\"caption\":\"Thoro Enterprises de M\u00e9xico\"},\"image\":{\"@id\":\"https:\/\/72.167.50.119\/ethoro\/#\/schema\/logo\/image\/\"},\"sameAs\":[\"https:\/\/www.facebook.com\/ThoroEnterprises\",\"https:\/\/www.instagram.com\/thoro.mexico\/\"]}]}<\/script>\n<!-- \/ Yoast SEO plugin. -->","yoast_head_json":{"title":"CINTA ADHESIVA CELOFAN TUK 205 12 MILIMETROS X 65 METROS - Thoro enterprises de Mexico","robots":{"index":"noindex","follow":"follow"},"og_locale":"es_MX","og_type":"article","og_title":"CINTA ADHESIVA CELOFAN TUK 205 12 MILIMETROS X 65 METROS - Thoro enterprises de Mexico","og_description":"205 Cinta de celof\u00e1n 205 de excelente adhesi\u00f3n y sencilla de manejar. Se desenrolla f\u00e1cilmente, ideal para sellar, retener, envolver, empacar, reparar, etc. Para usos en el hogar, en la oficina, en la escuela, entre otros. Rollo de 12 mm x 65 m.","og_url":"https:\/\/thoro.com.mx\/ethoro\/shop\/papeleria-y-oficina\/cintas-papeleria-y-oficina\/cintas-adhesivas-cintas-papeleria-y-oficina\/cinta-adhesiva-celofan-tuk-205-12-milimetros-x-65-metros\/","og_site_name":"Thoro enterprises de Mexico","article_publisher":"https:\/\/www.facebook.com\/ThoroEnterprises","article_modified_time":"2026-04-05T08:22:11+00:00","og_image":[{"width":1000,"height":1000,"url":"https:\/\/thoro.com.mx\/ethoro\/wp-content\/uploads\/2025\/02\/PJ0621_01.jpg","type":"image\/jpeg"}],"twitter_card":"summary_large_image","schema":{"@context":"https:\/\/schema.org","@graph":[{"@type":"WebPage","@id":"https:\/\/thoro.com.mx\/ethoro\/shop\/papeleria-y-oficina\/cintas-papeleria-y-oficina\/cintas-adhesivas-cintas-papeleria-y-oficina\/cinta-adhesiva-celofan-tuk-205-12-milimetros-x-65-metros\/","url":"https:\/\/thoro.com.mx\/ethoro\/shop\/papeleria-y-oficina\/cintas-papeleria-y-oficina\/cintas-adhesivas-cintas-papeleria-y-oficina\/cinta-adhesiva-celofan-tuk-205-12-milimetros-x-65-metros\/","name":"CINTA ADHESIVA CELOFAN TUK 205 12 MILIMETROS X 65 METROS - Thoro enterprises de Mexico","isPartOf":{"@id":"https:\/\/72.167.50.119\/ethoro\/#website"},"primaryImageOfPage":{"@id":"https:\/\/thoro.com.mx\/ethoro\/shop\/papeleria-y-oficina\/cintas-papeleria-y-oficina\/cintas-adhesivas-cintas-papeleria-y-oficina\/cinta-adhesiva-celofan-tuk-205-12-milimetros-x-65-metros\/#primaryimage"},"image":{"@id":"https:\/\/thoro.com.mx\/ethoro\/shop\/papeleria-y-oficina\/cintas-papeleria-y-oficina\/cintas-adhesivas-cintas-papeleria-y-oficina\/cinta-adhesiva-celofan-tuk-205-12-milimetros-x-65-metros\/#primaryimage"},"thumbnailUrl":"https:\/\/thoro.com.mx\/ethoro\/wp-content\/uploads\/2025\/02\/PJ0621_01.jpg","datePublished":"2025-02-05T21:02:36+00:00","dateModified":"2026-04-05T08:22:11+00:00","breadcrumb":{"@id":"https:\/\/thoro.com.mx\/ethoro\/shop\/papeleria-y-oficina\/cintas-papeleria-y-oficina\/cintas-adhesivas-cintas-papeleria-y-oficina\/cinta-adhesiva-celofan-tuk-205-12-milimetros-x-65-metros\/#breadcrumb"},"inLanguage":"es","potentialAction":[{"@type":"ReadAction","target":["https:\/\/thoro.com.mx\/ethoro\/shop\/papeleria-y-oficina\/cintas-papeleria-y-oficina\/cintas-adhesivas-cintas-papeleria-y-oficina\/cinta-adhesiva-celofan-tuk-205-12-milimetros-x-65-metros\/"]}]},{"@type":"ImageObject","inLanguage":"es","@id":"https:\/\/thoro.com.mx\/ethoro\/shop\/papeleria-y-oficina\/cintas-papeleria-y-oficina\/cintas-adhesivas-cintas-papeleria-y-oficina\/cinta-adhesiva-celofan-tuk-205-12-milimetros-x-65-metros\/#primaryimage","url":"https:\/\/thoro.com.mx\/ethoro\/wp-content\/uploads\/2025\/02\/PJ0621_01.jpg","contentUrl":"https:\/\/thoro.com.mx\/ethoro\/wp-content\/uploads\/2025\/02\/PJ0621_01.jpg","width":1000,"height":1000},{"@type":"BreadcrumbList","@id":"https:\/\/thoro.com.mx\/ethoro\/shop\/papeleria-y-oficina\/cintas-papeleria-y-oficina\/cintas-adhesivas-cintas-papeleria-y-oficina\/cinta-adhesiva-celofan-tuk-205-12-milimetros-x-65-metros\/#breadcrumb","itemListElement":[{"@type":"ListItem","position":1,"name":"Inicio","item":"https:\/\/thoro.com.mx\/ethoro\/"},{"@type":"ListItem","position":2,"name":"Tienda","item":"https:\/\/thoro.com.mx\/ethoro\/shop\/"},{"@type":"ListItem","position":3,"name":"CINTA ADHESIVA CELOFAN TUK 205 12 MILIMETROS X 65 METROS"}]},{"@type":"WebSite","@id":"https:\/\/72.167.50.119\/ethoro\/#website","url":"https:\/\/72.167.50.119\/ethoro\/","name":"Thoro Enterprises de M\u00e9xico","description":"Todo en Thoro","publisher":{"@id":"https:\/\/72.167.50.119\/ethoro\/#organization"},"alternateName":"Thoro shop","potentialAction":[{"@type":"SearchAction","target":{"@type":"EntryPoint","urlTemplate":"https:\/\/72.167.50.119\/ethoro\/?s={search_term_string}"},"query-input":{"@type":"PropertyValueSpecification","valueRequired":true,"valueName":"search_term_string"}}],"inLanguage":"es"},{"@type":"Organization","@id":"https:\/\/72.167.50.119\/ethoro\/#organization","name":"Thoro Enterprises de M\u00e9xico","alternateName":"Thoro shop","url":"https:\/\/72.167.50.119\/ethoro\/","logo":{"@type":"ImageObject","inLanguage":"es","@id":"https:\/\/72.167.50.119\/ethoro\/#\/schema\/logo\/image\/","url":"https:\/\/72.167.50.119\/ethoro\/wp-content\/uploads\/2025\/01\/cropped-cropped-icono_t-180x180-1.png","contentUrl":"https:\/\/72.167.50.119\/ethoro\/wp-content\/uploads\/2025\/01\/cropped-cropped-icono_t-180x180-1.png","width":512,"height":512,"caption":"Thoro Enterprises de M\u00e9xico"},"image":{"@id":"https:\/\/72.167.50.119\/ethoro\/#\/schema\/logo\/image\/"},"sameAs":["https:\/\/www.facebook.com\/ThoroEnterprises","https:\/\/www.instagram.com\/thoro.mexico\/"]}]}},"_links":{"self":[{"href":"https:\/\/thoro.com.mx\/ethoro\/wp-json\/wp\/v2\/product\/16558","targetHints":{"allow":["GET"]}}],"collection":[{"href":"https:\/\/thoro.com.mx\/ethoro\/wp-json\/wp\/v2\/product"}],"about":[{"href":"https:\/\/thoro.com.mx\/ethoro\/wp-json\/wp\/v2\/types\/product"}],"replies":[{"embeddable":true,"href":"https:\/\/thoro.com.mx\/ethoro\/wp-json\/wp\/v2\/comments?post=16558"}],"wp:featuredmedia":[{"embeddable":true,"href":"https:\/\/thoro.com.mx\/ethoro\/wp-json\/wp\/v2\/media\/16557"}],"wp:attachment":[{"href":"https:\/\/thoro.com.mx\/ethoro\/wp-json\/wp\/v2\/media?parent=16558"}],"wp:term":[{"taxonomy":"product_brand","embeddable":true,"href":"https:\/\/thoro.com.mx\/ethoro\/wp-json\/wp\/v2\/product_brand?post=16558"},{"taxonomy":"product_cat","embeddable":true,"href":"https:\/\/thoro.com.mx\/ethoro\/wp-json\/wp\/v2\/product_cat?post=16558"},{"taxonomy":"product_tag","embeddable":true,"href":"https:\/\/thoro.com.mx\/ethoro\/wp-json\/wp\/v2\/product_tag?post=16558"}],"curies":[{"name":"wp","href":"https:\/\/api.w.org\/{rel}","templated":true}]}}