{"id":16566,"date":"2025-02-05T15:02:44","date_gmt":"2025-02-05T21:02:44","guid":{"rendered":"https:\/\/72.167.50.119\/ethoro\/shop\/sin categor\u00eda\/cinta-doble-cara-surtek-cdct25-transparente-25-milimetros\/"},"modified":"2026-03-10T02:58:52","modified_gmt":"2026-03-10T08:58:52","slug":"cinta-doble-cara-surtek-cdct25-transparente-25-milimetros","status":"publish","type":"product","link":"https:\/\/thoro.com.mx\/ethoro\/shop\/papeleria-y-oficina\/cintas-papeleria-y-oficina\/cintas-doble-cara-cintas-papeleria-y-oficina\/cinta-doble-cara-surtek-cdct25-transparente-25-milimetros\/","title":{"rendered":"CINTA DOBLE CARA SURTEK CDCT25 TRANSPARENTE 25 MILIMETROS"},"content":{"rendered":"<h4>CDCT25<\/h4>\n<ul>\n<li>Cinta de doble cara transparente<\/li>\n<li>Ancho de 25 milimetros<\/li>\n<li>Para uso en interiores<\/li>\n<li>Capacidad de carga  m\u00ednima de 1kilogramo en 10 cent\u00edmetros<\/li>\n<li>Para aplicaci\u00f3n en superficies de madera met\u00e1licas pl\u00e1sticas concreto y vidrio<\/li>\n<li>Adhesivo: Acr\u00edlico<\/li>\n<li>Ancho: 1&#8243;<\/li>\n<li>Color: Transparente<\/li>\n<li>Forma: Rollo<\/li>\n<li>Grosor: 0.16 mil\u00edmetros<\/li>\n<li>Longitud: 2 Metros<\/li>\n<li>Material: Polietileno<\/li>\n<li>Resistencia a La tensi\u00f3n: 1 kilogramo \/10 cent\u00edmetros<\/li>\n<li>Temperatura de desempe\u00f1o: 10\u00b0 A 45\u00b0<\/li>\n<li>Tipo de uso: Interiores \/ Exteriores<\/li>\n<\/ul>\n","protected":false},"excerpt":{"rendered":"<p>CDCT25 Cinta de doble cara transparente Ancho de 25 milimetros Para uso en interiores Capacidad de carga m\u00ednima de 1kilogramo en 10 cent\u00edmetros Para aplicaci\u00f3n en superficies de madera met\u00e1licas pl\u00e1sticas concreto y vidrio Adhesivo: Acr\u00edlico Ancho: 1&#8243; Color: Transparente Forma: Rollo Grosor: 0.16 mil\u00edmetros Longitud: 2 Metros Material: Polietileno Resistencia a La tensi\u00f3n: 1 [&hellip;]<\/p>\n","protected":false},"featured_media":16565,"comment_status":"open","ping_status":"closed","template":"","meta":{"_monsterinsights_skip_tracking":false,"_monsterinsights_sitenote_active":false,"_monsterinsights_sitenote_note":"","_monsterinsights_sitenote_category":0,"_joinchat":[]},"product_brand":[],"product_cat":[14252],"product_tag":[],"class_list":{"0":"post-16566","1":"product","2":"type-product","3":"status-publish","4":"has-post-thumbnail","6":"product_cat-cintas-doble-cara-cintas-papeleria-y-oficina","8":"first","9":"outofstock","10":"taxable","11":"shipping-taxable","12":"purchasable","13":"product-type-simple","14":"add-to-wishlist-after_add_to_cart"},"yoast_head":"<!-- This site is optimized with the Yoast SEO plugin v27.1.1 - https:\/\/yoast.com\/product\/yoast-seo-wordpress\/ -->\n<title>CINTA DOBLE CARA SURTEK CDCT25 TRANSPARENTE 25 MILIMETROS - Thoro enterprises de Mexico<\/title>\n<meta name=\"robots\" content=\"noindex, follow\" \/>\n<meta property=\"og:locale\" content=\"es_MX\" \/>\n<meta property=\"og:type\" content=\"article\" \/>\n<meta property=\"og:title\" content=\"CINTA DOBLE CARA SURTEK CDCT25 TRANSPARENTE 25 MILIMETROS - Thoro enterprises de Mexico\" \/>\n<meta property=\"og:description\" content=\"CDCT25 Cinta de doble cara transparente Ancho de 25 milimetros Para uso en interiores Capacidad de carga m\u00ednima de 1kilogramo en 10 cent\u00edmetros Para aplicaci\u00f3n en superficies de madera met\u00e1licas pl\u00e1sticas concreto y vidrio Adhesivo: Acr\u00edlico Ancho: 1&#8243; Color: Transparente Forma: Rollo Grosor: 0.16 mil\u00edmetros Longitud: 2 Metros Material: Polietileno Resistencia a La tensi\u00f3n: 1 [&hellip;]\" \/>\n<meta property=\"og:url\" content=\"https:\/\/thoro.com.mx\/ethoro\/shop\/papeleria-y-oficina\/cintas-papeleria-y-oficina\/cintas-doble-cara-cintas-papeleria-y-oficina\/cinta-doble-cara-surtek-cdct25-transparente-25-milimetros\/\" \/>\n<meta property=\"og:site_name\" content=\"Thoro enterprises de Mexico\" \/>\n<meta property=\"article:publisher\" content=\"https:\/\/www.facebook.com\/ThoroEnterprises\" \/>\n<meta property=\"article:modified_time\" content=\"2026-03-10T08:58:52+00:00\" \/>\n<meta property=\"og:image\" content=\"https:\/\/thoro.com.mx\/ethoro\/wp-content\/uploads\/2025\/02\/PJ0633.jpg\" \/>\n\t<meta property=\"og:image:width\" content=\"1000\" \/>\n\t<meta property=\"og:image:height\" content=\"1000\" \/>\n\t<meta property=\"og:image:type\" content=\"image\/jpeg\" \/>\n<meta name=\"twitter:card\" content=\"summary_large_image\" \/>\n<script type=\"application\/ld+json\" class=\"yoast-schema-graph\">{\"@context\":\"https:\/\/schema.org\",\"@graph\":[{\"@type\":\"WebPage\",\"@id\":\"https:\/\/thoro.com.mx\/ethoro\/shop\/papeleria-y-oficina\/cintas-papeleria-y-oficina\/cintas-doble-cara-cintas-papeleria-y-oficina\/cinta-doble-cara-surtek-cdct25-transparente-25-milimetros\/\",\"url\":\"https:\/\/thoro.com.mx\/ethoro\/shop\/papeleria-y-oficina\/cintas-papeleria-y-oficina\/cintas-doble-cara-cintas-papeleria-y-oficina\/cinta-doble-cara-surtek-cdct25-transparente-25-milimetros\/\",\"name\":\"CINTA DOBLE CARA SURTEK CDCT25 TRANSPARENTE 25 MILIMETROS - Thoro enterprises de Mexico\",\"isPartOf\":{\"@id\":\"https:\/\/72.167.50.119\/ethoro\/#website\"},\"primaryImageOfPage\":{\"@id\":\"https:\/\/thoro.com.mx\/ethoro\/shop\/papeleria-y-oficina\/cintas-papeleria-y-oficina\/cintas-doble-cara-cintas-papeleria-y-oficina\/cinta-doble-cara-surtek-cdct25-transparente-25-milimetros\/#primaryimage\"},\"image\":{\"@id\":\"https:\/\/thoro.com.mx\/ethoro\/shop\/papeleria-y-oficina\/cintas-papeleria-y-oficina\/cintas-doble-cara-cintas-papeleria-y-oficina\/cinta-doble-cara-surtek-cdct25-transparente-25-milimetros\/#primaryimage\"},\"thumbnailUrl\":\"https:\/\/thoro.com.mx\/ethoro\/wp-content\/uploads\/2025\/02\/PJ0633.jpg\",\"datePublished\":\"2025-02-05T21:02:44+00:00\",\"dateModified\":\"2026-03-10T08:58:52+00:00\",\"breadcrumb\":{\"@id\":\"https:\/\/thoro.com.mx\/ethoro\/shop\/papeleria-y-oficina\/cintas-papeleria-y-oficina\/cintas-doble-cara-cintas-papeleria-y-oficina\/cinta-doble-cara-surtek-cdct25-transparente-25-milimetros\/#breadcrumb\"},\"inLanguage\":\"es\",\"potentialAction\":[{\"@type\":\"ReadAction\",\"target\":[\"https:\/\/thoro.com.mx\/ethoro\/shop\/papeleria-y-oficina\/cintas-papeleria-y-oficina\/cintas-doble-cara-cintas-papeleria-y-oficina\/cinta-doble-cara-surtek-cdct25-transparente-25-milimetros\/\"]}]},{\"@type\":\"ImageObject\",\"inLanguage\":\"es\",\"@id\":\"https:\/\/thoro.com.mx\/ethoro\/shop\/papeleria-y-oficina\/cintas-papeleria-y-oficina\/cintas-doble-cara-cintas-papeleria-y-oficina\/cinta-doble-cara-surtek-cdct25-transparente-25-milimetros\/#primaryimage\",\"url\":\"https:\/\/thoro.com.mx\/ethoro\/wp-content\/uploads\/2025\/02\/PJ0633.jpg\",\"contentUrl\":\"https:\/\/thoro.com.mx\/ethoro\/wp-content\/uploads\/2025\/02\/PJ0633.jpg\",\"width\":1000,\"height\":1000},{\"@type\":\"BreadcrumbList\",\"@id\":\"https:\/\/thoro.com.mx\/ethoro\/shop\/papeleria-y-oficina\/cintas-papeleria-y-oficina\/cintas-doble-cara-cintas-papeleria-y-oficina\/cinta-doble-cara-surtek-cdct25-transparente-25-milimetros\/#breadcrumb\",\"itemListElement\":[{\"@type\":\"ListItem\",\"position\":1,\"name\":\"Inicio\",\"item\":\"https:\/\/thoro.com.mx\/ethoro\/\"},{\"@type\":\"ListItem\",\"position\":2,\"name\":\"Tienda\",\"item\":\"https:\/\/thoro.com.mx\/ethoro\/shop\/\"},{\"@type\":\"ListItem\",\"position\":3,\"name\":\"CINTA DOBLE CARA SURTEK CDCT25 TRANSPARENTE 25 MILIMETROS\"}]},{\"@type\":\"WebSite\",\"@id\":\"https:\/\/72.167.50.119\/ethoro\/#website\",\"url\":\"https:\/\/72.167.50.119\/ethoro\/\",\"name\":\"Thoro Enterprises de M\u00e9xico\",\"description\":\"Todo en Thoro\",\"publisher\":{\"@id\":\"https:\/\/72.167.50.119\/ethoro\/#organization\"},\"alternateName\":\"Thoro shop\",\"potentialAction\":[{\"@type\":\"SearchAction\",\"target\":{\"@type\":\"EntryPoint\",\"urlTemplate\":\"https:\/\/72.167.50.119\/ethoro\/?s={search_term_string}\"},\"query-input\":{\"@type\":\"PropertyValueSpecification\",\"valueRequired\":true,\"valueName\":\"search_term_string\"}}],\"inLanguage\":\"es\"},{\"@type\":\"Organization\",\"@id\":\"https:\/\/72.167.50.119\/ethoro\/#organization\",\"name\":\"Thoro Enterprises de M\u00e9xico\",\"alternateName\":\"Thoro shop\",\"url\":\"https:\/\/72.167.50.119\/ethoro\/\",\"logo\":{\"@type\":\"ImageObject\",\"inLanguage\":\"es\",\"@id\":\"https:\/\/72.167.50.119\/ethoro\/#\/schema\/logo\/image\/\",\"url\":\"https:\/\/72.167.50.119\/ethoro\/wp-content\/uploads\/2025\/01\/cropped-cropped-icono_t-180x180-1.png\",\"contentUrl\":\"https:\/\/72.167.50.119\/ethoro\/wp-content\/uploads\/2025\/01\/cropped-cropped-icono_t-180x180-1.png\",\"width\":512,\"height\":512,\"caption\":\"Thoro Enterprises de M\u00e9xico\"},\"image\":{\"@id\":\"https:\/\/72.167.50.119\/ethoro\/#\/schema\/logo\/image\/\"},\"sameAs\":[\"https:\/\/www.facebook.com\/ThoroEnterprises\",\"https:\/\/www.instagram.com\/thoro.mexico\/\"]}]}<\/script>\n<!-- \/ Yoast SEO plugin. -->","yoast_head_json":{"title":"CINTA DOBLE CARA SURTEK CDCT25 TRANSPARENTE 25 MILIMETROS - Thoro enterprises de Mexico","robots":{"index":"noindex","follow":"follow"},"og_locale":"es_MX","og_type":"article","og_title":"CINTA DOBLE CARA SURTEK CDCT25 TRANSPARENTE 25 MILIMETROS - Thoro enterprises de Mexico","og_description":"CDCT25 Cinta de doble cara transparente Ancho de 25 milimetros Para uso en interiores Capacidad de carga m\u00ednima de 1kilogramo en 10 cent\u00edmetros Para aplicaci\u00f3n en superficies de madera met\u00e1licas pl\u00e1sticas concreto y vidrio Adhesivo: Acr\u00edlico Ancho: 1&#8243; Color: Transparente Forma: Rollo Grosor: 0.16 mil\u00edmetros Longitud: 2 Metros Material: Polietileno Resistencia a La tensi\u00f3n: 1 [&hellip;]","og_url":"https:\/\/thoro.com.mx\/ethoro\/shop\/papeleria-y-oficina\/cintas-papeleria-y-oficina\/cintas-doble-cara-cintas-papeleria-y-oficina\/cinta-doble-cara-surtek-cdct25-transparente-25-milimetros\/","og_site_name":"Thoro enterprises de Mexico","article_publisher":"https:\/\/www.facebook.com\/ThoroEnterprises","article_modified_time":"2026-03-10T08:58:52+00:00","og_image":[{"width":1000,"height":1000,"url":"https:\/\/thoro.com.mx\/ethoro\/wp-content\/uploads\/2025\/02\/PJ0633.jpg","type":"image\/jpeg"}],"twitter_card":"summary_large_image","schema":{"@context":"https:\/\/schema.org","@graph":[{"@type":"WebPage","@id":"https:\/\/thoro.com.mx\/ethoro\/shop\/papeleria-y-oficina\/cintas-papeleria-y-oficina\/cintas-doble-cara-cintas-papeleria-y-oficina\/cinta-doble-cara-surtek-cdct25-transparente-25-milimetros\/","url":"https:\/\/thoro.com.mx\/ethoro\/shop\/papeleria-y-oficina\/cintas-papeleria-y-oficina\/cintas-doble-cara-cintas-papeleria-y-oficina\/cinta-doble-cara-surtek-cdct25-transparente-25-milimetros\/","name":"CINTA DOBLE CARA SURTEK CDCT25 TRANSPARENTE 25 MILIMETROS - Thoro enterprises de Mexico","isPartOf":{"@id":"https:\/\/72.167.50.119\/ethoro\/#website"},"primaryImageOfPage":{"@id":"https:\/\/thoro.com.mx\/ethoro\/shop\/papeleria-y-oficina\/cintas-papeleria-y-oficina\/cintas-doble-cara-cintas-papeleria-y-oficina\/cinta-doble-cara-surtek-cdct25-transparente-25-milimetros\/#primaryimage"},"image":{"@id":"https:\/\/thoro.com.mx\/ethoro\/shop\/papeleria-y-oficina\/cintas-papeleria-y-oficina\/cintas-doble-cara-cintas-papeleria-y-oficina\/cinta-doble-cara-surtek-cdct25-transparente-25-milimetros\/#primaryimage"},"thumbnailUrl":"https:\/\/thoro.com.mx\/ethoro\/wp-content\/uploads\/2025\/02\/PJ0633.jpg","datePublished":"2025-02-05T21:02:44+00:00","dateModified":"2026-03-10T08:58:52+00:00","breadcrumb":{"@id":"https:\/\/thoro.com.mx\/ethoro\/shop\/papeleria-y-oficina\/cintas-papeleria-y-oficina\/cintas-doble-cara-cintas-papeleria-y-oficina\/cinta-doble-cara-surtek-cdct25-transparente-25-milimetros\/#breadcrumb"},"inLanguage":"es","potentialAction":[{"@type":"ReadAction","target":["https:\/\/thoro.com.mx\/ethoro\/shop\/papeleria-y-oficina\/cintas-papeleria-y-oficina\/cintas-doble-cara-cintas-papeleria-y-oficina\/cinta-doble-cara-surtek-cdct25-transparente-25-milimetros\/"]}]},{"@type":"ImageObject","inLanguage":"es","@id":"https:\/\/thoro.com.mx\/ethoro\/shop\/papeleria-y-oficina\/cintas-papeleria-y-oficina\/cintas-doble-cara-cintas-papeleria-y-oficina\/cinta-doble-cara-surtek-cdct25-transparente-25-milimetros\/#primaryimage","url":"https:\/\/thoro.com.mx\/ethoro\/wp-content\/uploads\/2025\/02\/PJ0633.jpg","contentUrl":"https:\/\/thoro.com.mx\/ethoro\/wp-content\/uploads\/2025\/02\/PJ0633.jpg","width":1000,"height":1000},{"@type":"BreadcrumbList","@id":"https:\/\/thoro.com.mx\/ethoro\/shop\/papeleria-y-oficina\/cintas-papeleria-y-oficina\/cintas-doble-cara-cintas-papeleria-y-oficina\/cinta-doble-cara-surtek-cdct25-transparente-25-milimetros\/#breadcrumb","itemListElement":[{"@type":"ListItem","position":1,"name":"Inicio","item":"https:\/\/thoro.com.mx\/ethoro\/"},{"@type":"ListItem","position":2,"name":"Tienda","item":"https:\/\/thoro.com.mx\/ethoro\/shop\/"},{"@type":"ListItem","position":3,"name":"CINTA DOBLE CARA SURTEK CDCT25 TRANSPARENTE 25 MILIMETROS"}]},{"@type":"WebSite","@id":"https:\/\/72.167.50.119\/ethoro\/#website","url":"https:\/\/72.167.50.119\/ethoro\/","name":"Thoro Enterprises de M\u00e9xico","description":"Todo en Thoro","publisher":{"@id":"https:\/\/72.167.50.119\/ethoro\/#organization"},"alternateName":"Thoro shop","potentialAction":[{"@type":"SearchAction","target":{"@type":"EntryPoint","urlTemplate":"https:\/\/72.167.50.119\/ethoro\/?s={search_term_string}"},"query-input":{"@type":"PropertyValueSpecification","valueRequired":true,"valueName":"search_term_string"}}],"inLanguage":"es"},{"@type":"Organization","@id":"https:\/\/72.167.50.119\/ethoro\/#organization","name":"Thoro Enterprises de M\u00e9xico","alternateName":"Thoro shop","url":"https:\/\/72.167.50.119\/ethoro\/","logo":{"@type":"ImageObject","inLanguage":"es","@id":"https:\/\/72.167.50.119\/ethoro\/#\/schema\/logo\/image\/","url":"https:\/\/72.167.50.119\/ethoro\/wp-content\/uploads\/2025\/01\/cropped-cropped-icono_t-180x180-1.png","contentUrl":"https:\/\/72.167.50.119\/ethoro\/wp-content\/uploads\/2025\/01\/cropped-cropped-icono_t-180x180-1.png","width":512,"height":512,"caption":"Thoro Enterprises de M\u00e9xico"},"image":{"@id":"https:\/\/72.167.50.119\/ethoro\/#\/schema\/logo\/image\/"},"sameAs":["https:\/\/www.facebook.com\/ThoroEnterprises","https:\/\/www.instagram.com\/thoro.mexico\/"]}]}},"_links":{"self":[{"href":"https:\/\/thoro.com.mx\/ethoro\/wp-json\/wp\/v2\/product\/16566","targetHints":{"allow":["GET"]}}],"collection":[{"href":"https:\/\/thoro.com.mx\/ethoro\/wp-json\/wp\/v2\/product"}],"about":[{"href":"https:\/\/thoro.com.mx\/ethoro\/wp-json\/wp\/v2\/types\/product"}],"replies":[{"embeddable":true,"href":"https:\/\/thoro.com.mx\/ethoro\/wp-json\/wp\/v2\/comments?post=16566"}],"wp:featuredmedia":[{"embeddable":true,"href":"https:\/\/thoro.com.mx\/ethoro\/wp-json\/wp\/v2\/media\/16565"}],"wp:attachment":[{"href":"https:\/\/thoro.com.mx\/ethoro\/wp-json\/wp\/v2\/media?parent=16566"}],"wp:term":[{"taxonomy":"product_brand","embeddable":true,"href":"https:\/\/thoro.com.mx\/ethoro\/wp-json\/wp\/v2\/product_brand?post=16566"},{"taxonomy":"product_cat","embeddable":true,"href":"https:\/\/thoro.com.mx\/ethoro\/wp-json\/wp\/v2\/product_cat?post=16566"},{"taxonomy":"product_tag","embeddable":true,"href":"https:\/\/thoro.com.mx\/ethoro\/wp-json\/wp\/v2\/product_tag?post=16566"}],"curies":[{"name":"wp","href":"https:\/\/api.w.org\/{rel}","templated":true}]}}