{"id":16743,"date":"2025-02-05T15:05:06","date_gmt":"2025-02-05T21:05:06","guid":{"rendered":"https:\/\/72.167.50.119\/ethoro\/shop\/sin categor\u00eda\/caja-fuerte-metalica-lock-31cfu-chica-31-centimetros\/"},"modified":"2026-04-07T02:51:45","modified_gmt":"2026-04-07T08:51:45","slug":"caja-fuerte-metalica-lock-31cfu-chica-31-centimetros","status":"publish","type":"product","link":"https:\/\/thoro.com.mx\/ethoro\/shop\/papeleria-y-oficina\/cajas-papeleria-y-oficina\/cajas-fuerte\/caja-fuerte-metalica-lock-31cfu-chica-31-centimetros\/","title":{"rendered":"CAJA FUERTE METALICA LOCK 31CFU CHICA 31 CENTIMETROS"},"content":{"rendered":"<h4>31CFU<\/h4>\n<ul>\n<li>Llaves est\u00e1ndar.<\/li>\n<li>Combinaci\u00f3n digital.<\/li>\n<li>Seguridad extrema.<\/li>\n<li>Entrada de llave oculta para poder abrir en caso de olvidar la combinaci\u00f3n.<\/li>\n<li>Sistema digital que te permite abrir sin llave.<\/li>\n<li>Construcci\u00f3n de acero s\u00f3lido.<\/li>\n<li>Puede instalarse en la pared.<\/li>\n<li>Cerradura digital programable.<\/li>\n<li>Combinaciones de 3 a 8 d\u00edgitos.<\/li>\n<li>Electr\u00f3nica y con llave de emergencia.<\/li>\n<li>Funcionamiento con 4 pilas AA.<\/li>\n<li>Largo 310 mm, alto 200 mm y ancho 200 mm.<\/li>\n<li>Para proteger documentos, dinero y objetos de valor dentro.<\/li>\n<\/ul>\n","protected":false},"excerpt":{"rendered":"<p>31CFU Llaves est\u00e1ndar. Combinaci\u00f3n digital. Seguridad extrema. Entrada de llave oculta para poder abrir en caso de olvidar la combinaci\u00f3n. Sistema digital que te permite abrir sin llave. Construcci\u00f3n de acero s\u00f3lido. Puede instalarse en la pared. Cerradura digital programable. Combinaciones de 3 a 8 d\u00edgitos. Electr\u00f3nica y con llave de emergencia. Funcionamiento con 4 [&hellip;]<\/p>\n","protected":false},"featured_media":16742,"comment_status":"open","ping_status":"closed","template":"","meta":{"_monsterinsights_skip_tracking":false,"_monsterinsights_sitenote_active":false,"_monsterinsights_sitenote_note":"","_monsterinsights_sitenote_category":0,"_joinchat":[]},"product_brand":[],"product_cat":[15292],"product_tag":[],"class_list":{"0":"post-16743","1":"product","2":"type-product","3":"status-publish","4":"has-post-thumbnail","6":"product_cat-cajas-fuerte","8":"first","9":"instock","10":"sale","11":"taxable","12":"shipping-taxable","13":"purchasable","14":"product-type-simple","15":"add-to-wishlist-after_add_to_cart"},"yoast_head":"<!-- This site is optimized with the Yoast SEO plugin v27.1.1 - https:\/\/yoast.com\/product\/yoast-seo-wordpress\/ -->\n<title>CAJA FUERTE METALICA LOCK 31CFU CHICA 31 CENTIMETROS - Thoro enterprises de Mexico<\/title>\n<meta name=\"robots\" content=\"noindex, follow\" \/>\n<meta property=\"og:locale\" content=\"es_MX\" \/>\n<meta property=\"og:type\" content=\"article\" \/>\n<meta property=\"og:title\" content=\"CAJA FUERTE METALICA LOCK 31CFU CHICA 31 CENTIMETROS - Thoro enterprises de Mexico\" \/>\n<meta property=\"og:description\" content=\"31CFU Llaves est\u00e1ndar. Combinaci\u00f3n digital. Seguridad extrema. Entrada de llave oculta para poder abrir en caso de olvidar la combinaci\u00f3n. Sistema digital que te permite abrir sin llave. Construcci\u00f3n de acero s\u00f3lido. Puede instalarse en la pared. Cerradura digital programable. Combinaciones de 3 a 8 d\u00edgitos. Electr\u00f3nica y con llave de emergencia. Funcionamiento con 4 [&hellip;]\" \/>\n<meta property=\"og:url\" content=\"https:\/\/thoro.com.mx\/ethoro\/shop\/papeleria-y-oficina\/cajas-papeleria-y-oficina\/cajas-fuerte\/caja-fuerte-metalica-lock-31cfu-chica-31-centimetros\/\" \/>\n<meta property=\"og:site_name\" content=\"Thoro enterprises de Mexico\" \/>\n<meta property=\"article:publisher\" content=\"https:\/\/www.facebook.com\/ThoroEnterprises\" \/>\n<meta property=\"article:modified_time\" content=\"2026-04-07T08:51:45+00:00\" \/>\n<meta property=\"og:image\" content=\"https:\/\/thoro.com.mx\/ethoro\/wp-content\/uploads\/2025\/02\/PK0010.jpg\" \/>\n\t<meta property=\"og:image:width\" content=\"1000\" \/>\n\t<meta property=\"og:image:height\" content=\"1000\" \/>\n\t<meta property=\"og:image:type\" content=\"image\/jpeg\" \/>\n<meta name=\"twitter:card\" content=\"summary_large_image\" \/>\n<script type=\"application\/ld+json\" class=\"yoast-schema-graph\">{\"@context\":\"https:\/\/schema.org\",\"@graph\":[{\"@type\":\"WebPage\",\"@id\":\"https:\/\/thoro.com.mx\/ethoro\/shop\/papeleria-y-oficina\/cajas-papeleria-y-oficina\/cajas-fuerte\/caja-fuerte-metalica-lock-31cfu-chica-31-centimetros\/\",\"url\":\"https:\/\/thoro.com.mx\/ethoro\/shop\/papeleria-y-oficina\/cajas-papeleria-y-oficina\/cajas-fuerte\/caja-fuerte-metalica-lock-31cfu-chica-31-centimetros\/\",\"name\":\"CAJA FUERTE METALICA LOCK 31CFU CHICA 31 CENTIMETROS - Thoro enterprises de Mexico\",\"isPartOf\":{\"@id\":\"https:\/\/72.167.50.119\/ethoro\/#website\"},\"primaryImageOfPage\":{\"@id\":\"https:\/\/thoro.com.mx\/ethoro\/shop\/papeleria-y-oficina\/cajas-papeleria-y-oficina\/cajas-fuerte\/caja-fuerte-metalica-lock-31cfu-chica-31-centimetros\/#primaryimage\"},\"image\":{\"@id\":\"https:\/\/thoro.com.mx\/ethoro\/shop\/papeleria-y-oficina\/cajas-papeleria-y-oficina\/cajas-fuerte\/caja-fuerte-metalica-lock-31cfu-chica-31-centimetros\/#primaryimage\"},\"thumbnailUrl\":\"https:\/\/thoro.com.mx\/ethoro\/wp-content\/uploads\/2025\/02\/PK0010.jpg\",\"datePublished\":\"2025-02-05T21:05:06+00:00\",\"dateModified\":\"2026-04-07T08:51:45+00:00\",\"breadcrumb\":{\"@id\":\"https:\/\/thoro.com.mx\/ethoro\/shop\/papeleria-y-oficina\/cajas-papeleria-y-oficina\/cajas-fuerte\/caja-fuerte-metalica-lock-31cfu-chica-31-centimetros\/#breadcrumb\"},\"inLanguage\":\"es\",\"potentialAction\":[{\"@type\":\"ReadAction\",\"target\":[\"https:\/\/thoro.com.mx\/ethoro\/shop\/papeleria-y-oficina\/cajas-papeleria-y-oficina\/cajas-fuerte\/caja-fuerte-metalica-lock-31cfu-chica-31-centimetros\/\"]}]},{\"@type\":\"ImageObject\",\"inLanguage\":\"es\",\"@id\":\"https:\/\/thoro.com.mx\/ethoro\/shop\/papeleria-y-oficina\/cajas-papeleria-y-oficina\/cajas-fuerte\/caja-fuerte-metalica-lock-31cfu-chica-31-centimetros\/#primaryimage\",\"url\":\"https:\/\/thoro.com.mx\/ethoro\/wp-content\/uploads\/2025\/02\/PK0010.jpg\",\"contentUrl\":\"https:\/\/thoro.com.mx\/ethoro\/wp-content\/uploads\/2025\/02\/PK0010.jpg\",\"width\":1000,\"height\":1000},{\"@type\":\"BreadcrumbList\",\"@id\":\"https:\/\/thoro.com.mx\/ethoro\/shop\/papeleria-y-oficina\/cajas-papeleria-y-oficina\/cajas-fuerte\/caja-fuerte-metalica-lock-31cfu-chica-31-centimetros\/#breadcrumb\",\"itemListElement\":[{\"@type\":\"ListItem\",\"position\":1,\"name\":\"Inicio\",\"item\":\"https:\/\/thoro.com.mx\/ethoro\/\"},{\"@type\":\"ListItem\",\"position\":2,\"name\":\"Tienda\",\"item\":\"https:\/\/thoro.com.mx\/ethoro\/shop\/\"},{\"@type\":\"ListItem\",\"position\":3,\"name\":\"CAJA FUERTE METALICA LOCK 31CFU CHICA 31 CENTIMETROS\"}]},{\"@type\":\"WebSite\",\"@id\":\"https:\/\/72.167.50.119\/ethoro\/#website\",\"url\":\"https:\/\/72.167.50.119\/ethoro\/\",\"name\":\"Thoro Enterprises de M\u00e9xico\",\"description\":\"Todo en Thoro\",\"publisher\":{\"@id\":\"https:\/\/72.167.50.119\/ethoro\/#organization\"},\"alternateName\":\"Thoro shop\",\"potentialAction\":[{\"@type\":\"SearchAction\",\"target\":{\"@type\":\"EntryPoint\",\"urlTemplate\":\"https:\/\/72.167.50.119\/ethoro\/?s={search_term_string}\"},\"query-input\":{\"@type\":\"PropertyValueSpecification\",\"valueRequired\":true,\"valueName\":\"search_term_string\"}}],\"inLanguage\":\"es\"},{\"@type\":\"Organization\",\"@id\":\"https:\/\/72.167.50.119\/ethoro\/#organization\",\"name\":\"Thoro Enterprises de M\u00e9xico\",\"alternateName\":\"Thoro shop\",\"url\":\"https:\/\/72.167.50.119\/ethoro\/\",\"logo\":{\"@type\":\"ImageObject\",\"inLanguage\":\"es\",\"@id\":\"https:\/\/72.167.50.119\/ethoro\/#\/schema\/logo\/image\/\",\"url\":\"https:\/\/72.167.50.119\/ethoro\/wp-content\/uploads\/2025\/01\/cropped-cropped-icono_t-180x180-1.png\",\"contentUrl\":\"https:\/\/72.167.50.119\/ethoro\/wp-content\/uploads\/2025\/01\/cropped-cropped-icono_t-180x180-1.png\",\"width\":512,\"height\":512,\"caption\":\"Thoro Enterprises de M\u00e9xico\"},\"image\":{\"@id\":\"https:\/\/72.167.50.119\/ethoro\/#\/schema\/logo\/image\/\"},\"sameAs\":[\"https:\/\/www.facebook.com\/ThoroEnterprises\",\"https:\/\/www.instagram.com\/thoro.mexico\/\"]}]}<\/script>\n<!-- \/ Yoast SEO plugin. -->","yoast_head_json":{"title":"CAJA FUERTE METALICA LOCK 31CFU CHICA 31 CENTIMETROS - Thoro enterprises de Mexico","robots":{"index":"noindex","follow":"follow"},"og_locale":"es_MX","og_type":"article","og_title":"CAJA FUERTE METALICA LOCK 31CFU CHICA 31 CENTIMETROS - Thoro enterprises de Mexico","og_description":"31CFU Llaves est\u00e1ndar. Combinaci\u00f3n digital. Seguridad extrema. Entrada de llave oculta para poder abrir en caso de olvidar la combinaci\u00f3n. Sistema digital que te permite abrir sin llave. Construcci\u00f3n de acero s\u00f3lido. Puede instalarse en la pared. Cerradura digital programable. Combinaciones de 3 a 8 d\u00edgitos. Electr\u00f3nica y con llave de emergencia. Funcionamiento con 4 [&hellip;]","og_url":"https:\/\/thoro.com.mx\/ethoro\/shop\/papeleria-y-oficina\/cajas-papeleria-y-oficina\/cajas-fuerte\/caja-fuerte-metalica-lock-31cfu-chica-31-centimetros\/","og_site_name":"Thoro enterprises de Mexico","article_publisher":"https:\/\/www.facebook.com\/ThoroEnterprises","article_modified_time":"2026-04-07T08:51:45+00:00","og_image":[{"width":1000,"height":1000,"url":"https:\/\/thoro.com.mx\/ethoro\/wp-content\/uploads\/2025\/02\/PK0010.jpg","type":"image\/jpeg"}],"twitter_card":"summary_large_image","schema":{"@context":"https:\/\/schema.org","@graph":[{"@type":"WebPage","@id":"https:\/\/thoro.com.mx\/ethoro\/shop\/papeleria-y-oficina\/cajas-papeleria-y-oficina\/cajas-fuerte\/caja-fuerte-metalica-lock-31cfu-chica-31-centimetros\/","url":"https:\/\/thoro.com.mx\/ethoro\/shop\/papeleria-y-oficina\/cajas-papeleria-y-oficina\/cajas-fuerte\/caja-fuerte-metalica-lock-31cfu-chica-31-centimetros\/","name":"CAJA FUERTE METALICA LOCK 31CFU CHICA 31 CENTIMETROS - Thoro enterprises de Mexico","isPartOf":{"@id":"https:\/\/72.167.50.119\/ethoro\/#website"},"primaryImageOfPage":{"@id":"https:\/\/thoro.com.mx\/ethoro\/shop\/papeleria-y-oficina\/cajas-papeleria-y-oficina\/cajas-fuerte\/caja-fuerte-metalica-lock-31cfu-chica-31-centimetros\/#primaryimage"},"image":{"@id":"https:\/\/thoro.com.mx\/ethoro\/shop\/papeleria-y-oficina\/cajas-papeleria-y-oficina\/cajas-fuerte\/caja-fuerte-metalica-lock-31cfu-chica-31-centimetros\/#primaryimage"},"thumbnailUrl":"https:\/\/thoro.com.mx\/ethoro\/wp-content\/uploads\/2025\/02\/PK0010.jpg","datePublished":"2025-02-05T21:05:06+00:00","dateModified":"2026-04-07T08:51:45+00:00","breadcrumb":{"@id":"https:\/\/thoro.com.mx\/ethoro\/shop\/papeleria-y-oficina\/cajas-papeleria-y-oficina\/cajas-fuerte\/caja-fuerte-metalica-lock-31cfu-chica-31-centimetros\/#breadcrumb"},"inLanguage":"es","potentialAction":[{"@type":"ReadAction","target":["https:\/\/thoro.com.mx\/ethoro\/shop\/papeleria-y-oficina\/cajas-papeleria-y-oficina\/cajas-fuerte\/caja-fuerte-metalica-lock-31cfu-chica-31-centimetros\/"]}]},{"@type":"ImageObject","inLanguage":"es","@id":"https:\/\/thoro.com.mx\/ethoro\/shop\/papeleria-y-oficina\/cajas-papeleria-y-oficina\/cajas-fuerte\/caja-fuerte-metalica-lock-31cfu-chica-31-centimetros\/#primaryimage","url":"https:\/\/thoro.com.mx\/ethoro\/wp-content\/uploads\/2025\/02\/PK0010.jpg","contentUrl":"https:\/\/thoro.com.mx\/ethoro\/wp-content\/uploads\/2025\/02\/PK0010.jpg","width":1000,"height":1000},{"@type":"BreadcrumbList","@id":"https:\/\/thoro.com.mx\/ethoro\/shop\/papeleria-y-oficina\/cajas-papeleria-y-oficina\/cajas-fuerte\/caja-fuerte-metalica-lock-31cfu-chica-31-centimetros\/#breadcrumb","itemListElement":[{"@type":"ListItem","position":1,"name":"Inicio","item":"https:\/\/thoro.com.mx\/ethoro\/"},{"@type":"ListItem","position":2,"name":"Tienda","item":"https:\/\/thoro.com.mx\/ethoro\/shop\/"},{"@type":"ListItem","position":3,"name":"CAJA FUERTE METALICA LOCK 31CFU CHICA 31 CENTIMETROS"}]},{"@type":"WebSite","@id":"https:\/\/72.167.50.119\/ethoro\/#website","url":"https:\/\/72.167.50.119\/ethoro\/","name":"Thoro Enterprises de M\u00e9xico","description":"Todo en Thoro","publisher":{"@id":"https:\/\/72.167.50.119\/ethoro\/#organization"},"alternateName":"Thoro shop","potentialAction":[{"@type":"SearchAction","target":{"@type":"EntryPoint","urlTemplate":"https:\/\/72.167.50.119\/ethoro\/?s={search_term_string}"},"query-input":{"@type":"PropertyValueSpecification","valueRequired":true,"valueName":"search_term_string"}}],"inLanguage":"es"},{"@type":"Organization","@id":"https:\/\/72.167.50.119\/ethoro\/#organization","name":"Thoro Enterprises de M\u00e9xico","alternateName":"Thoro shop","url":"https:\/\/72.167.50.119\/ethoro\/","logo":{"@type":"ImageObject","inLanguage":"es","@id":"https:\/\/72.167.50.119\/ethoro\/#\/schema\/logo\/image\/","url":"https:\/\/72.167.50.119\/ethoro\/wp-content\/uploads\/2025\/01\/cropped-cropped-icono_t-180x180-1.png","contentUrl":"https:\/\/72.167.50.119\/ethoro\/wp-content\/uploads\/2025\/01\/cropped-cropped-icono_t-180x180-1.png","width":512,"height":512,"caption":"Thoro Enterprises de M\u00e9xico"},"image":{"@id":"https:\/\/72.167.50.119\/ethoro\/#\/schema\/logo\/image\/"},"sameAs":["https:\/\/www.facebook.com\/ThoroEnterprises","https:\/\/www.instagram.com\/thoro.mexico\/"]}]}},"_links":{"self":[{"href":"https:\/\/thoro.com.mx\/ethoro\/wp-json\/wp\/v2\/product\/16743","targetHints":{"allow":["GET"]}}],"collection":[{"href":"https:\/\/thoro.com.mx\/ethoro\/wp-json\/wp\/v2\/product"}],"about":[{"href":"https:\/\/thoro.com.mx\/ethoro\/wp-json\/wp\/v2\/types\/product"}],"replies":[{"embeddable":true,"href":"https:\/\/thoro.com.mx\/ethoro\/wp-json\/wp\/v2\/comments?post=16743"}],"wp:featuredmedia":[{"embeddable":true,"href":"https:\/\/thoro.com.mx\/ethoro\/wp-json\/wp\/v2\/media\/16742"}],"wp:attachment":[{"href":"https:\/\/thoro.com.mx\/ethoro\/wp-json\/wp\/v2\/media?parent=16743"}],"wp:term":[{"taxonomy":"product_brand","embeddable":true,"href":"https:\/\/thoro.com.mx\/ethoro\/wp-json\/wp\/v2\/product_brand?post=16743"},{"taxonomy":"product_cat","embeddable":true,"href":"https:\/\/thoro.com.mx\/ethoro\/wp-json\/wp\/v2\/product_cat?post=16743"},{"taxonomy":"product_tag","embeddable":true,"href":"https:\/\/thoro.com.mx\/ethoro\/wp-json\/wp\/v2\/product_tag?post=16743"}],"curies":[{"name":"wp","href":"https:\/\/api.w.org\/{rel}","templated":true}]}}