{"id":18870,"date":"2025-02-05T15:38:09","date_gmt":"2025-02-05T21:38:09","guid":{"rendered":"https:\/\/72.167.50.119\/ethoro\/shop\/sin categor\u00eda\/lentes-de-seguridad-veratti-04329004-transparente-ansi-isea-z87-1-2015\/"},"modified":"2026-04-07T02:48:27","modified_gmt":"2026-04-07T08:48:27","slug":"lentes-de-seguridad-veratti-04329004-transparente-ansi-isea-z87-1-2015","status":"publish","type":"product","link":"https:\/\/thoro.com.mx\/ethoro\/shop\/equipo-de-seguridad\/equipo-de-proteccion-visual\/lentes\/lentes-de-seguridad-veratti-04329004-transparente-ansi-isea-z87-1-2015\/","title":{"rendered":"LENTES DE SEGURIDAD VERATTI 04329004 TRANSPARENTE ANSI-ISEA Z87.1-2015"},"content":{"rendered":"<h4>04329004<\/h4>\n<ul>\n<li>Dise\u00f1o sin peso y de bajo perfil<\/li>\n<li>Comodidad envolvente transl\u00facida sin marco<\/li>\n<li>C\u00f3modo de usar todo el d\u00eda<\/li>\n<li>Estructura de marco ultra flexible<\/li>\n<li>Puntas de la sien de goma<\/li>\n<li>Curva de lente base 9.75<\/li>\n<li>Lentes de policarbonato de alto impacto<\/li>\n<li>Protecci\u00f3n UVA y UVB del 99,9% a 385 Nm<\/li>\n<\/ul>\n","protected":false},"excerpt":{"rendered":"<p>04329004 Dise\u00f1o sin peso y de bajo perfil Comodidad envolvente transl\u00facida sin marco C\u00f3modo de usar todo el d\u00eda Estructura de marco ultra flexible Puntas de la sien de goma Curva de lente base 9.75 Lentes de policarbonato de alto impacto Protecci\u00f3n UVA y UVB del 99,9% a 385 Nm<\/p>\n","protected":false},"featured_media":18869,"comment_status":"open","ping_status":"closed","template":"","meta":{"_monsterinsights_skip_tracking":false,"_monsterinsights_sitenote_active":false,"_monsterinsights_sitenote_note":"","_monsterinsights_sitenote_category":0,"_joinchat":[]},"product_brand":[],"product_cat":[17888],"product_tag":[],"class_list":{"0":"post-18870","1":"product","2":"type-product","3":"status-publish","4":"has-post-thumbnail","6":"product_cat-lentes","8":"first","9":"instock","10":"sale","11":"taxable","12":"shipping-taxable","13":"purchasable","14":"product-type-simple","15":"add-to-wishlist-after_add_to_cart"},"yoast_head":"<!-- This site is optimized with the Yoast SEO plugin v27.1.1 - https:\/\/yoast.com\/product\/yoast-seo-wordpress\/ -->\n<title>LENTES DE SEGURIDAD VERATTI 04329004 TRANSPARENTE ANSI-ISEA Z87.1-2015 - Thoro enterprises de Mexico<\/title>\n<meta name=\"robots\" content=\"noindex, follow\" \/>\n<meta property=\"og:locale\" content=\"es_MX\" \/>\n<meta property=\"og:type\" content=\"article\" \/>\n<meta property=\"og:title\" content=\"LENTES DE SEGURIDAD VERATTI 04329004 TRANSPARENTE ANSI-ISEA Z87.1-2015 - Thoro enterprises de Mexico\" \/>\n<meta property=\"og:description\" content=\"04329004 Dise\u00f1o sin peso y de bajo perfil Comodidad envolvente transl\u00facida sin marco C\u00f3modo de usar todo el d\u00eda Estructura de marco ultra flexible Puntas de la sien de goma Curva de lente base 9.75 Lentes de policarbonato de alto impacto Protecci\u00f3n UVA y UVB del 99,9% a 385 Nm\" \/>\n<meta property=\"og:url\" content=\"https:\/\/thoro.com.mx\/ethoro\/shop\/equipo-de-seguridad\/equipo-de-proteccion-visual\/lentes\/lentes-de-seguridad-veratti-04329004-transparente-ansi-isea-z87-1-2015\/\" \/>\n<meta property=\"og:site_name\" content=\"Thoro enterprises de Mexico\" \/>\n<meta property=\"article:publisher\" content=\"https:\/\/www.facebook.com\/ThoroEnterprises\" \/>\n<meta property=\"article:modified_time\" content=\"2026-04-07T08:48:27+00:00\" \/>\n<meta property=\"og:image\" content=\"https:\/\/thoro.com.mx\/ethoro\/wp-content\/uploads\/2025\/02\/S0448.jpg\" \/>\n\t<meta property=\"og:image:width\" content=\"1000\" \/>\n\t<meta property=\"og:image:height\" content=\"1000\" \/>\n\t<meta property=\"og:image:type\" content=\"image\/jpeg\" \/>\n<meta name=\"twitter:card\" content=\"summary_large_image\" \/>\n<script type=\"application\/ld+json\" class=\"yoast-schema-graph\">{\"@context\":\"https:\/\/schema.org\",\"@graph\":[{\"@type\":\"WebPage\",\"@id\":\"https:\/\/thoro.com.mx\/ethoro\/shop\/equipo-de-seguridad\/equipo-de-proteccion-visual\/lentes\/lentes-de-seguridad-veratti-04329004-transparente-ansi-isea-z87-1-2015\/\",\"url\":\"https:\/\/thoro.com.mx\/ethoro\/shop\/equipo-de-seguridad\/equipo-de-proteccion-visual\/lentes\/lentes-de-seguridad-veratti-04329004-transparente-ansi-isea-z87-1-2015\/\",\"name\":\"LENTES DE SEGURIDAD VERATTI 04329004 TRANSPARENTE ANSI-ISEA Z87.1-2015 - Thoro enterprises de Mexico\",\"isPartOf\":{\"@id\":\"https:\/\/72.167.50.119\/ethoro\/#website\"},\"primaryImageOfPage\":{\"@id\":\"https:\/\/thoro.com.mx\/ethoro\/shop\/equipo-de-seguridad\/equipo-de-proteccion-visual\/lentes\/lentes-de-seguridad-veratti-04329004-transparente-ansi-isea-z87-1-2015\/#primaryimage\"},\"image\":{\"@id\":\"https:\/\/thoro.com.mx\/ethoro\/shop\/equipo-de-seguridad\/equipo-de-proteccion-visual\/lentes\/lentes-de-seguridad-veratti-04329004-transparente-ansi-isea-z87-1-2015\/#primaryimage\"},\"thumbnailUrl\":\"https:\/\/thoro.com.mx\/ethoro\/wp-content\/uploads\/2025\/02\/S0448.jpg\",\"datePublished\":\"2025-02-05T21:38:09+00:00\",\"dateModified\":\"2026-04-07T08:48:27+00:00\",\"breadcrumb\":{\"@id\":\"https:\/\/thoro.com.mx\/ethoro\/shop\/equipo-de-seguridad\/equipo-de-proteccion-visual\/lentes\/lentes-de-seguridad-veratti-04329004-transparente-ansi-isea-z87-1-2015\/#breadcrumb\"},\"inLanguage\":\"es\",\"potentialAction\":[{\"@type\":\"ReadAction\",\"target\":[\"https:\/\/thoro.com.mx\/ethoro\/shop\/equipo-de-seguridad\/equipo-de-proteccion-visual\/lentes\/lentes-de-seguridad-veratti-04329004-transparente-ansi-isea-z87-1-2015\/\"]}]},{\"@type\":\"ImageObject\",\"inLanguage\":\"es\",\"@id\":\"https:\/\/thoro.com.mx\/ethoro\/shop\/equipo-de-seguridad\/equipo-de-proteccion-visual\/lentes\/lentes-de-seguridad-veratti-04329004-transparente-ansi-isea-z87-1-2015\/#primaryimage\",\"url\":\"https:\/\/thoro.com.mx\/ethoro\/wp-content\/uploads\/2025\/02\/S0448.jpg\",\"contentUrl\":\"https:\/\/thoro.com.mx\/ethoro\/wp-content\/uploads\/2025\/02\/S0448.jpg\",\"width\":1000,\"height\":1000},{\"@type\":\"BreadcrumbList\",\"@id\":\"https:\/\/thoro.com.mx\/ethoro\/shop\/equipo-de-seguridad\/equipo-de-proteccion-visual\/lentes\/lentes-de-seguridad-veratti-04329004-transparente-ansi-isea-z87-1-2015\/#breadcrumb\",\"itemListElement\":[{\"@type\":\"ListItem\",\"position\":1,\"name\":\"Inicio\",\"item\":\"https:\/\/thoro.com.mx\/ethoro\/\"},{\"@type\":\"ListItem\",\"position\":2,\"name\":\"Tienda\",\"item\":\"https:\/\/thoro.com.mx\/ethoro\/shop\/\"},{\"@type\":\"ListItem\",\"position\":3,\"name\":\"LENTES DE SEGURIDAD VERATTI 04329004 TRANSPARENTE ANSI-ISEA Z87.1-2015\"}]},{\"@type\":\"WebSite\",\"@id\":\"https:\/\/72.167.50.119\/ethoro\/#website\",\"url\":\"https:\/\/72.167.50.119\/ethoro\/\",\"name\":\"Thoro Enterprises de M\u00e9xico\",\"description\":\"Todo en Thoro\",\"publisher\":{\"@id\":\"https:\/\/72.167.50.119\/ethoro\/#organization\"},\"alternateName\":\"Thoro shop\",\"potentialAction\":[{\"@type\":\"SearchAction\",\"target\":{\"@type\":\"EntryPoint\",\"urlTemplate\":\"https:\/\/72.167.50.119\/ethoro\/?s={search_term_string}\"},\"query-input\":{\"@type\":\"PropertyValueSpecification\",\"valueRequired\":true,\"valueName\":\"search_term_string\"}}],\"inLanguage\":\"es\"},{\"@type\":\"Organization\",\"@id\":\"https:\/\/72.167.50.119\/ethoro\/#organization\",\"name\":\"Thoro Enterprises de M\u00e9xico\",\"alternateName\":\"Thoro shop\",\"url\":\"https:\/\/72.167.50.119\/ethoro\/\",\"logo\":{\"@type\":\"ImageObject\",\"inLanguage\":\"es\",\"@id\":\"https:\/\/72.167.50.119\/ethoro\/#\/schema\/logo\/image\/\",\"url\":\"https:\/\/72.167.50.119\/ethoro\/wp-content\/uploads\/2025\/01\/cropped-cropped-icono_t-180x180-1.png\",\"contentUrl\":\"https:\/\/72.167.50.119\/ethoro\/wp-content\/uploads\/2025\/01\/cropped-cropped-icono_t-180x180-1.png\",\"width\":512,\"height\":512,\"caption\":\"Thoro Enterprises de M\u00e9xico\"},\"image\":{\"@id\":\"https:\/\/72.167.50.119\/ethoro\/#\/schema\/logo\/image\/\"},\"sameAs\":[\"https:\/\/www.facebook.com\/ThoroEnterprises\",\"https:\/\/www.instagram.com\/thoro.mexico\/\"]}]}<\/script>\n<!-- \/ Yoast SEO plugin. -->","yoast_head_json":{"title":"LENTES DE SEGURIDAD VERATTI 04329004 TRANSPARENTE ANSI-ISEA Z87.1-2015 - Thoro enterprises de Mexico","robots":{"index":"noindex","follow":"follow"},"og_locale":"es_MX","og_type":"article","og_title":"LENTES DE SEGURIDAD VERATTI 04329004 TRANSPARENTE ANSI-ISEA Z87.1-2015 - Thoro enterprises de Mexico","og_description":"04329004 Dise\u00f1o sin peso y de bajo perfil Comodidad envolvente transl\u00facida sin marco C\u00f3modo de usar todo el d\u00eda Estructura de marco ultra flexible Puntas de la sien de goma Curva de lente base 9.75 Lentes de policarbonato de alto impacto Protecci\u00f3n UVA y UVB del 99,9% a 385 Nm","og_url":"https:\/\/thoro.com.mx\/ethoro\/shop\/equipo-de-seguridad\/equipo-de-proteccion-visual\/lentes\/lentes-de-seguridad-veratti-04329004-transparente-ansi-isea-z87-1-2015\/","og_site_name":"Thoro enterprises de Mexico","article_publisher":"https:\/\/www.facebook.com\/ThoroEnterprises","article_modified_time":"2026-04-07T08:48:27+00:00","og_image":[{"width":1000,"height":1000,"url":"https:\/\/thoro.com.mx\/ethoro\/wp-content\/uploads\/2025\/02\/S0448.jpg","type":"image\/jpeg"}],"twitter_card":"summary_large_image","schema":{"@context":"https:\/\/schema.org","@graph":[{"@type":"WebPage","@id":"https:\/\/thoro.com.mx\/ethoro\/shop\/equipo-de-seguridad\/equipo-de-proteccion-visual\/lentes\/lentes-de-seguridad-veratti-04329004-transparente-ansi-isea-z87-1-2015\/","url":"https:\/\/thoro.com.mx\/ethoro\/shop\/equipo-de-seguridad\/equipo-de-proteccion-visual\/lentes\/lentes-de-seguridad-veratti-04329004-transparente-ansi-isea-z87-1-2015\/","name":"LENTES DE SEGURIDAD VERATTI 04329004 TRANSPARENTE ANSI-ISEA Z87.1-2015 - Thoro enterprises de Mexico","isPartOf":{"@id":"https:\/\/72.167.50.119\/ethoro\/#website"},"primaryImageOfPage":{"@id":"https:\/\/thoro.com.mx\/ethoro\/shop\/equipo-de-seguridad\/equipo-de-proteccion-visual\/lentes\/lentes-de-seguridad-veratti-04329004-transparente-ansi-isea-z87-1-2015\/#primaryimage"},"image":{"@id":"https:\/\/thoro.com.mx\/ethoro\/shop\/equipo-de-seguridad\/equipo-de-proteccion-visual\/lentes\/lentes-de-seguridad-veratti-04329004-transparente-ansi-isea-z87-1-2015\/#primaryimage"},"thumbnailUrl":"https:\/\/thoro.com.mx\/ethoro\/wp-content\/uploads\/2025\/02\/S0448.jpg","datePublished":"2025-02-05T21:38:09+00:00","dateModified":"2026-04-07T08:48:27+00:00","breadcrumb":{"@id":"https:\/\/thoro.com.mx\/ethoro\/shop\/equipo-de-seguridad\/equipo-de-proteccion-visual\/lentes\/lentes-de-seguridad-veratti-04329004-transparente-ansi-isea-z87-1-2015\/#breadcrumb"},"inLanguage":"es","potentialAction":[{"@type":"ReadAction","target":["https:\/\/thoro.com.mx\/ethoro\/shop\/equipo-de-seguridad\/equipo-de-proteccion-visual\/lentes\/lentes-de-seguridad-veratti-04329004-transparente-ansi-isea-z87-1-2015\/"]}]},{"@type":"ImageObject","inLanguage":"es","@id":"https:\/\/thoro.com.mx\/ethoro\/shop\/equipo-de-seguridad\/equipo-de-proteccion-visual\/lentes\/lentes-de-seguridad-veratti-04329004-transparente-ansi-isea-z87-1-2015\/#primaryimage","url":"https:\/\/thoro.com.mx\/ethoro\/wp-content\/uploads\/2025\/02\/S0448.jpg","contentUrl":"https:\/\/thoro.com.mx\/ethoro\/wp-content\/uploads\/2025\/02\/S0448.jpg","width":1000,"height":1000},{"@type":"BreadcrumbList","@id":"https:\/\/thoro.com.mx\/ethoro\/shop\/equipo-de-seguridad\/equipo-de-proteccion-visual\/lentes\/lentes-de-seguridad-veratti-04329004-transparente-ansi-isea-z87-1-2015\/#breadcrumb","itemListElement":[{"@type":"ListItem","position":1,"name":"Inicio","item":"https:\/\/thoro.com.mx\/ethoro\/"},{"@type":"ListItem","position":2,"name":"Tienda","item":"https:\/\/thoro.com.mx\/ethoro\/shop\/"},{"@type":"ListItem","position":3,"name":"LENTES DE SEGURIDAD VERATTI 04329004 TRANSPARENTE ANSI-ISEA Z87.1-2015"}]},{"@type":"WebSite","@id":"https:\/\/72.167.50.119\/ethoro\/#website","url":"https:\/\/72.167.50.119\/ethoro\/","name":"Thoro Enterprises de M\u00e9xico","description":"Todo en Thoro","publisher":{"@id":"https:\/\/72.167.50.119\/ethoro\/#organization"},"alternateName":"Thoro shop","potentialAction":[{"@type":"SearchAction","target":{"@type":"EntryPoint","urlTemplate":"https:\/\/72.167.50.119\/ethoro\/?s={search_term_string}"},"query-input":{"@type":"PropertyValueSpecification","valueRequired":true,"valueName":"search_term_string"}}],"inLanguage":"es"},{"@type":"Organization","@id":"https:\/\/72.167.50.119\/ethoro\/#organization","name":"Thoro Enterprises de M\u00e9xico","alternateName":"Thoro shop","url":"https:\/\/72.167.50.119\/ethoro\/","logo":{"@type":"ImageObject","inLanguage":"es","@id":"https:\/\/72.167.50.119\/ethoro\/#\/schema\/logo\/image\/","url":"https:\/\/72.167.50.119\/ethoro\/wp-content\/uploads\/2025\/01\/cropped-cropped-icono_t-180x180-1.png","contentUrl":"https:\/\/72.167.50.119\/ethoro\/wp-content\/uploads\/2025\/01\/cropped-cropped-icono_t-180x180-1.png","width":512,"height":512,"caption":"Thoro Enterprises de M\u00e9xico"},"image":{"@id":"https:\/\/72.167.50.119\/ethoro\/#\/schema\/logo\/image\/"},"sameAs":["https:\/\/www.facebook.com\/ThoroEnterprises","https:\/\/www.instagram.com\/thoro.mexico\/"]}]}},"_links":{"self":[{"href":"https:\/\/thoro.com.mx\/ethoro\/wp-json\/wp\/v2\/product\/18870","targetHints":{"allow":["GET"]}}],"collection":[{"href":"https:\/\/thoro.com.mx\/ethoro\/wp-json\/wp\/v2\/product"}],"about":[{"href":"https:\/\/thoro.com.mx\/ethoro\/wp-json\/wp\/v2\/types\/product"}],"replies":[{"embeddable":true,"href":"https:\/\/thoro.com.mx\/ethoro\/wp-json\/wp\/v2\/comments?post=18870"}],"wp:featuredmedia":[{"embeddable":true,"href":"https:\/\/thoro.com.mx\/ethoro\/wp-json\/wp\/v2\/media\/18869"}],"wp:attachment":[{"href":"https:\/\/thoro.com.mx\/ethoro\/wp-json\/wp\/v2\/media?parent=18870"}],"wp:term":[{"taxonomy":"product_brand","embeddable":true,"href":"https:\/\/thoro.com.mx\/ethoro\/wp-json\/wp\/v2\/product_brand?post=18870"},{"taxonomy":"product_cat","embeddable":true,"href":"https:\/\/thoro.com.mx\/ethoro\/wp-json\/wp\/v2\/product_cat?post=18870"},{"taxonomy":"product_tag","embeddable":true,"href":"https:\/\/thoro.com.mx\/ethoro\/wp-json\/wp\/v2\/product_tag?post=18870"}],"curies":[{"name":"wp","href":"https:\/\/api.w.org\/{rel}","templated":true}]}}