{"id":2302,"date":"2025-01-31T17:27:18","date_gmt":"2025-01-31T23:27:18","guid":{"rendered":"https:\/\/72.167.50.119\/ethoro\/shop\/sin categor\u00eda\/escobillon-weiler-21175-5-16-x-005-x-1\/"},"modified":"2026-05-05T03:45:05","modified_gmt":"2026-05-05T09:45:05","slug":"escobillon-weiler-21175-5-16-x-005-x-1","status":"publish","type":"product","link":"https:\/\/thoro.com.mx\/ethoro\/shop\/abrasivos\/cepillos-y-cardas\/escobillon\/escobillon-weiler-21175-5-16-x-005-x-1\/","title":{"rendered":"ESCOBILLON WEILER 21175 5\/16&#8221; X .005&#8221; X 1&#8221;"},"content":{"rendered":"<h4>21175<\/h4>\n<ul>\n<li>Cepillo de tubo de energ\u00eda, es ideal para limpiar y desbarbar agujeros ciegos lisos o roscados en piezas de acero. <\/li>\n<li>Di\u00e1metro del v\u00e1stago de 1\/8 de pulgada para usar en taladros manuales con cable, inal\u00e1mbricos, taladros, m\u00e1quinas perforadoras, CNC, fresado, autom\u00e1tico m\u00e1quina. Cuneta con una sola longitud continua de alambre de v\u00e1stago de acero inoxidable lleno de una sola espiral de alambre ondulado para una acci\u00f3n de cepillado m\u00e1s flexible.<\/li>\n<\/ul>\n","protected":false},"excerpt":{"rendered":"<p>21175 Cepillo de tubo de energ\u00eda, es ideal para limpiar y desbarbar agujeros ciegos lisos o roscados en piezas de acero. Di\u00e1metro del v\u00e1stago de 1\/8 de pulgada para usar en taladros manuales con cable, inal\u00e1mbricos, taladros, m\u00e1quinas perforadoras, CNC, fresado, autom\u00e1tico m\u00e1quina. Cuneta con una sola longitud continua de alambre de v\u00e1stago de acero [&hellip;]<\/p>\n","protected":false},"featured_media":601662,"comment_status":"open","ping_status":"closed","template":"","meta":{"_monsterinsights_skip_tracking":false,"_monsterinsights_sitenote_active":false,"_monsterinsights_sitenote_note":"","_monsterinsights_sitenote_category":0,"_joinchat":[]},"product_brand":[],"product_cat":[28],"product_tag":[],"class_list":{"0":"post-2302","1":"product","2":"type-product","3":"status-publish","4":"has-post-thumbnail","6":"product_cat-escobillon","8":"first","9":"instock","10":"taxable","11":"shipping-taxable","12":"purchasable","13":"product-type-simple","14":"add-to-wishlist-after_add_to_cart"},"yoast_head":"<!-- This site is optimized with the Yoast SEO plugin v27.3 - https:\/\/yoast.com\/product\/yoast-seo-wordpress\/ -->\n<title>ESCOBILLON WEILER 21175 5\/16&#039;&#039; X .005&#039;&#039; X 1&#039;&#039; - Thoro enterprises de Mexico<\/title>\n<meta name=\"robots\" content=\"noindex, follow\" \/>\n<meta property=\"og:locale\" content=\"es_MX\" \/>\n<meta property=\"og:type\" content=\"article\" \/>\n<meta property=\"og:title\" content=\"ESCOBILLON WEILER 21175 5\/16&#039;&#039; X .005&#039;&#039; X 1&#039;&#039; - Thoro enterprises de Mexico\" \/>\n<meta property=\"og:description\" content=\"21175 Cepillo de tubo de energ\u00eda, es ideal para limpiar y desbarbar agujeros ciegos lisos o roscados en piezas de acero. Di\u00e1metro del v\u00e1stago de 1\/8 de pulgada para usar en taladros manuales con cable, inal\u00e1mbricos, taladros, m\u00e1quinas perforadoras, CNC, fresado, autom\u00e1tico m\u00e1quina. Cuneta con una sola longitud continua de alambre de v\u00e1stago de acero [&hellip;]\" \/>\n<meta property=\"og:url\" content=\"https:\/\/thoro.com.mx\/ethoro\/shop\/abrasivos\/cepillos-y-cardas\/escobillon\/escobillon-weiler-21175-5-16-x-005-x-1\/\" \/>\n<meta property=\"og:site_name\" content=\"Thoro enterprises de Mexico\" \/>\n<meta property=\"article:publisher\" content=\"https:\/\/www.facebook.com\/ThoroEnterprises\" \/>\n<meta property=\"article:modified_time\" content=\"2026-05-05T09:45:05+00:00\" \/>\n<meta property=\"og:image\" content=\"https:\/\/thoro.com.mx\/ethoro\/wp-content\/uploads\/2025\/01\/AC0012_01.jpg\" \/>\n\t<meta property=\"og:image:width\" content=\"1000\" \/>\n\t<meta property=\"og:image:height\" content=\"1000\" \/>\n\t<meta property=\"og:image:type\" content=\"image\/jpeg\" \/>\n<meta name=\"twitter:card\" content=\"summary_large_image\" \/>\n<script type=\"application\/ld+json\" class=\"yoast-schema-graph\">{\"@context\":\"https:\\\/\\\/schema.org\",\"@graph\":[{\"@type\":\"WebPage\",\"@id\":\"https:\\\/\\\/thoro.com.mx\\\/ethoro\\\/shop\\\/abrasivos\\\/cepillos-y-cardas\\\/escobillon\\\/escobillon-weiler-21175-5-16-x-005-x-1\\\/\",\"url\":\"https:\\\/\\\/thoro.com.mx\\\/ethoro\\\/shop\\\/abrasivos\\\/cepillos-y-cardas\\\/escobillon\\\/escobillon-weiler-21175-5-16-x-005-x-1\\\/\",\"name\":\"ESCOBILLON WEILER 21175 5\\\/16'' X .005'' X 1'' - Thoro enterprises de Mexico\",\"isPartOf\":{\"@id\":\"https:\\\/\\\/72.167.50.119\\\/ethoro\\\/#website\"},\"primaryImageOfPage\":{\"@id\":\"https:\\\/\\\/thoro.com.mx\\\/ethoro\\\/shop\\\/abrasivos\\\/cepillos-y-cardas\\\/escobillon\\\/escobillon-weiler-21175-5-16-x-005-x-1\\\/#primaryimage\"},\"image\":{\"@id\":\"https:\\\/\\\/thoro.com.mx\\\/ethoro\\\/shop\\\/abrasivos\\\/cepillos-y-cardas\\\/escobillon\\\/escobillon-weiler-21175-5-16-x-005-x-1\\\/#primaryimage\"},\"thumbnailUrl\":\"https:\\\/\\\/thoro.com.mx\\\/ethoro\\\/wp-content\\\/uploads\\\/2026\\\/05\\\/AC0012_01.jpg\",\"datePublished\":\"2025-01-31T23:27:18+00:00\",\"dateModified\":\"2026-05-05T09:45:05+00:00\",\"breadcrumb\":{\"@id\":\"https:\\\/\\\/thoro.com.mx\\\/ethoro\\\/shop\\\/abrasivos\\\/cepillos-y-cardas\\\/escobillon\\\/escobillon-weiler-21175-5-16-x-005-x-1\\\/#breadcrumb\"},\"inLanguage\":\"es\",\"potentialAction\":[{\"@type\":\"ReadAction\",\"target\":[\"https:\\\/\\\/thoro.com.mx\\\/ethoro\\\/shop\\\/abrasivos\\\/cepillos-y-cardas\\\/escobillon\\\/escobillon-weiler-21175-5-16-x-005-x-1\\\/\"]}]},{\"@type\":\"ImageObject\",\"inLanguage\":\"es\",\"@id\":\"https:\\\/\\\/thoro.com.mx\\\/ethoro\\\/shop\\\/abrasivos\\\/cepillos-y-cardas\\\/escobillon\\\/escobillon-weiler-21175-5-16-x-005-x-1\\\/#primaryimage\",\"url\":\"https:\\\/\\\/thoro.com.mx\\\/ethoro\\\/wp-content\\\/uploads\\\/2026\\\/05\\\/AC0012_01.jpg\",\"contentUrl\":\"https:\\\/\\\/thoro.com.mx\\\/ethoro\\\/wp-content\\\/uploads\\\/2026\\\/05\\\/AC0012_01.jpg\",\"width\":1000,\"height\":1000},{\"@type\":\"BreadcrumbList\",\"@id\":\"https:\\\/\\\/thoro.com.mx\\\/ethoro\\\/shop\\\/abrasivos\\\/cepillos-y-cardas\\\/escobillon\\\/escobillon-weiler-21175-5-16-x-005-x-1\\\/#breadcrumb\",\"itemListElement\":[{\"@type\":\"ListItem\",\"position\":1,\"name\":\"Inicio\",\"item\":\"https:\\\/\\\/thoro.com.mx\\\/ethoro\\\/\"},{\"@type\":\"ListItem\",\"position\":2,\"name\":\"Tienda\",\"item\":\"https:\\\/\\\/thoro.com.mx\\\/ethoro\\\/shop\\\/\"},{\"@type\":\"ListItem\",\"position\":3,\"name\":\"ESCOBILLON WEILER 21175 5\\\/16&#8221; X .005&#8221; X 1&#8221;\"}]},{\"@type\":\"WebSite\",\"@id\":\"https:\\\/\\\/72.167.50.119\\\/ethoro\\\/#website\",\"url\":\"https:\\\/\\\/72.167.50.119\\\/ethoro\\\/\",\"name\":\"Thoro Enterprises de M\u00e9xico\",\"description\":\"Todo en Thoro\",\"publisher\":{\"@id\":\"https:\\\/\\\/72.167.50.119\\\/ethoro\\\/#organization\"},\"alternateName\":\"Thoro shop\",\"potentialAction\":[{\"@type\":\"SearchAction\",\"target\":{\"@type\":\"EntryPoint\",\"urlTemplate\":\"https:\\\/\\\/72.167.50.119\\\/ethoro\\\/?s={search_term_string}\"},\"query-input\":{\"@type\":\"PropertyValueSpecification\",\"valueRequired\":true,\"valueName\":\"search_term_string\"}}],\"inLanguage\":\"es\"},{\"@type\":\"Organization\",\"@id\":\"https:\\\/\\\/72.167.50.119\\\/ethoro\\\/#organization\",\"name\":\"Thoro Enterprises de M\u00e9xico\",\"alternateName\":\"Thoro shop\",\"url\":\"https:\\\/\\\/72.167.50.119\\\/ethoro\\\/\",\"logo\":{\"@type\":\"ImageObject\",\"inLanguage\":\"es\",\"@id\":\"https:\\\/\\\/72.167.50.119\\\/ethoro\\\/#\\\/schema\\\/logo\\\/image\\\/\",\"url\":\"https:\\\/\\\/72.167.50.119\\\/ethoro\\\/wp-content\\\/uploads\\\/2025\\\/01\\\/cropped-cropped-icono_t-180x180-1.png\",\"contentUrl\":\"https:\\\/\\\/72.167.50.119\\\/ethoro\\\/wp-content\\\/uploads\\\/2025\\\/01\\\/cropped-cropped-icono_t-180x180-1.png\",\"width\":512,\"height\":512,\"caption\":\"Thoro Enterprises de M\u00e9xico\"},\"image\":{\"@id\":\"https:\\\/\\\/72.167.50.119\\\/ethoro\\\/#\\\/schema\\\/logo\\\/image\\\/\"},\"sameAs\":[\"https:\\\/\\\/www.facebook.com\\\/ThoroEnterprises\",\"https:\\\/\\\/www.instagram.com\\\/thoro.mexico\\\/\"]}]}<\/script>\n<!-- \/ Yoast SEO plugin. -->","yoast_head_json":{"title":"ESCOBILLON WEILER 21175 5\/16'' X .005'' X 1'' - Thoro enterprises de Mexico","robots":{"index":"noindex","follow":"follow"},"og_locale":"es_MX","og_type":"article","og_title":"ESCOBILLON WEILER 21175 5\/16'' X .005'' X 1'' - Thoro enterprises de Mexico","og_description":"21175 Cepillo de tubo de energ\u00eda, es ideal para limpiar y desbarbar agujeros ciegos lisos o roscados en piezas de acero. Di\u00e1metro del v\u00e1stago de 1\/8 de pulgada para usar en taladros manuales con cable, inal\u00e1mbricos, taladros, m\u00e1quinas perforadoras, CNC, fresado, autom\u00e1tico m\u00e1quina. Cuneta con una sola longitud continua de alambre de v\u00e1stago de acero [&hellip;]","og_url":"https:\/\/thoro.com.mx\/ethoro\/shop\/abrasivos\/cepillos-y-cardas\/escobillon\/escobillon-weiler-21175-5-16-x-005-x-1\/","og_site_name":"Thoro enterprises de Mexico","article_publisher":"https:\/\/www.facebook.com\/ThoroEnterprises","article_modified_time":"2026-05-05T09:45:05+00:00","og_image":[{"width":1000,"height":1000,"url":"https:\/\/thoro.com.mx\/ethoro\/wp-content\/uploads\/2025\/01\/AC0012_01.jpg","type":"image\/jpeg"}],"twitter_card":"summary_large_image","schema":{"@context":"https:\/\/schema.org","@graph":[{"@type":"WebPage","@id":"https:\/\/thoro.com.mx\/ethoro\/shop\/abrasivos\/cepillos-y-cardas\/escobillon\/escobillon-weiler-21175-5-16-x-005-x-1\/","url":"https:\/\/thoro.com.mx\/ethoro\/shop\/abrasivos\/cepillos-y-cardas\/escobillon\/escobillon-weiler-21175-5-16-x-005-x-1\/","name":"ESCOBILLON WEILER 21175 5\/16'' X .005'' X 1'' - Thoro enterprises de Mexico","isPartOf":{"@id":"https:\/\/72.167.50.119\/ethoro\/#website"},"primaryImageOfPage":{"@id":"https:\/\/thoro.com.mx\/ethoro\/shop\/abrasivos\/cepillos-y-cardas\/escobillon\/escobillon-weiler-21175-5-16-x-005-x-1\/#primaryimage"},"image":{"@id":"https:\/\/thoro.com.mx\/ethoro\/shop\/abrasivos\/cepillos-y-cardas\/escobillon\/escobillon-weiler-21175-5-16-x-005-x-1\/#primaryimage"},"thumbnailUrl":"https:\/\/thoro.com.mx\/ethoro\/wp-content\/uploads\/2026\/05\/AC0012_01.jpg","datePublished":"2025-01-31T23:27:18+00:00","dateModified":"2026-05-05T09:45:05+00:00","breadcrumb":{"@id":"https:\/\/thoro.com.mx\/ethoro\/shop\/abrasivos\/cepillos-y-cardas\/escobillon\/escobillon-weiler-21175-5-16-x-005-x-1\/#breadcrumb"},"inLanguage":"es","potentialAction":[{"@type":"ReadAction","target":["https:\/\/thoro.com.mx\/ethoro\/shop\/abrasivos\/cepillos-y-cardas\/escobillon\/escobillon-weiler-21175-5-16-x-005-x-1\/"]}]},{"@type":"ImageObject","inLanguage":"es","@id":"https:\/\/thoro.com.mx\/ethoro\/shop\/abrasivos\/cepillos-y-cardas\/escobillon\/escobillon-weiler-21175-5-16-x-005-x-1\/#primaryimage","url":"https:\/\/thoro.com.mx\/ethoro\/wp-content\/uploads\/2026\/05\/AC0012_01.jpg","contentUrl":"https:\/\/thoro.com.mx\/ethoro\/wp-content\/uploads\/2026\/05\/AC0012_01.jpg","width":1000,"height":1000},{"@type":"BreadcrumbList","@id":"https:\/\/thoro.com.mx\/ethoro\/shop\/abrasivos\/cepillos-y-cardas\/escobillon\/escobillon-weiler-21175-5-16-x-005-x-1\/#breadcrumb","itemListElement":[{"@type":"ListItem","position":1,"name":"Inicio","item":"https:\/\/thoro.com.mx\/ethoro\/"},{"@type":"ListItem","position":2,"name":"Tienda","item":"https:\/\/thoro.com.mx\/ethoro\/shop\/"},{"@type":"ListItem","position":3,"name":"ESCOBILLON WEILER 21175 5\/16&#8221; X .005&#8221; X 1&#8221;"}]},{"@type":"WebSite","@id":"https:\/\/72.167.50.119\/ethoro\/#website","url":"https:\/\/72.167.50.119\/ethoro\/","name":"Thoro Enterprises de M\u00e9xico","description":"Todo en Thoro","publisher":{"@id":"https:\/\/72.167.50.119\/ethoro\/#organization"},"alternateName":"Thoro shop","potentialAction":[{"@type":"SearchAction","target":{"@type":"EntryPoint","urlTemplate":"https:\/\/72.167.50.119\/ethoro\/?s={search_term_string}"},"query-input":{"@type":"PropertyValueSpecification","valueRequired":true,"valueName":"search_term_string"}}],"inLanguage":"es"},{"@type":"Organization","@id":"https:\/\/72.167.50.119\/ethoro\/#organization","name":"Thoro Enterprises de M\u00e9xico","alternateName":"Thoro shop","url":"https:\/\/72.167.50.119\/ethoro\/","logo":{"@type":"ImageObject","inLanguage":"es","@id":"https:\/\/72.167.50.119\/ethoro\/#\/schema\/logo\/image\/","url":"https:\/\/72.167.50.119\/ethoro\/wp-content\/uploads\/2025\/01\/cropped-cropped-icono_t-180x180-1.png","contentUrl":"https:\/\/72.167.50.119\/ethoro\/wp-content\/uploads\/2025\/01\/cropped-cropped-icono_t-180x180-1.png","width":512,"height":512,"caption":"Thoro Enterprises de M\u00e9xico"},"image":{"@id":"https:\/\/72.167.50.119\/ethoro\/#\/schema\/logo\/image\/"},"sameAs":["https:\/\/www.facebook.com\/ThoroEnterprises","https:\/\/www.instagram.com\/thoro.mexico\/"]}]}},"_links":{"self":[{"href":"https:\/\/thoro.com.mx\/ethoro\/wp-json\/wp\/v2\/product\/2302","targetHints":{"allow":["GET"]}}],"collection":[{"href":"https:\/\/thoro.com.mx\/ethoro\/wp-json\/wp\/v2\/product"}],"about":[{"href":"https:\/\/thoro.com.mx\/ethoro\/wp-json\/wp\/v2\/types\/product"}],"replies":[{"embeddable":true,"href":"https:\/\/thoro.com.mx\/ethoro\/wp-json\/wp\/v2\/comments?post=2302"}],"wp:featuredmedia":[{"embeddable":true,"href":"https:\/\/thoro.com.mx\/ethoro\/wp-json\/wp\/v2\/media\/601662"}],"wp:attachment":[{"href":"https:\/\/thoro.com.mx\/ethoro\/wp-json\/wp\/v2\/media?parent=2302"}],"wp:term":[{"taxonomy":"product_brand","embeddable":true,"href":"https:\/\/thoro.com.mx\/ethoro\/wp-json\/wp\/v2\/product_brand?post=2302"},{"taxonomy":"product_cat","embeddable":true,"href":"https:\/\/thoro.com.mx\/ethoro\/wp-json\/wp\/v2\/product_cat?post=2302"},{"taxonomy":"product_tag","embeddable":true,"href":"https:\/\/thoro.com.mx\/ethoro\/wp-json\/wp\/v2\/product_tag?post=2302"}],"curies":[{"name":"wp","href":"https:\/\/api.w.org\/{rel}","templated":true}]}}