{"id":2408,"date":"2025-01-31T17:28:04","date_gmt":"2025-01-31T23:28:04","guid":{"rendered":"https:\/\/72.167.50.119\/ethoro\/shop\/sin categor\u00eda\/disco-de-sierra-circular-de-corte-de-metal-e-inoxidable-milwaukee-48-40-4070-5-3-8-pulgadas\/"},"modified":"2026-05-17T06:11:36","modified_gmt":"2026-05-17T12:11:36","slug":"disco-de-sierra-circular-de-corte-de-metal-e-inoxidable-milwaukee-48-40-4070-5-3-8-pulgadas","status":"publish","type":"product","link":"https:\/\/thoro.com.mx\/ethoro\/shop\/abrasivos\/discos-abrasivos\/discos-para-sierra-circular\/disco-de-sierra-circular-de-corte-de-metal-e-inoxidable-milwaukee-48-40-4070-5-3-8-pulgadas\/","title":{"rendered":"DISCO DE SIERRA CIRCULAR DE CORTE DE METAL E INOXIDABLE MILWAUKEE 48-40-4070 5-3\/8 PULGADAS"},"content":{"rendered":"<h4>48-40-4070<\/h4>\n<ul>\n<li>Dise\u00f1ado con carburo de tungsteno infundido con cobalto para prolongar la vida \u00fatil del corte<\/li>\n<li>Dise\u00f1ado para cortar acero inoxidable<\/li>\n<li>Carburo de tungsteno infundido con cobalto para mantener la nitidez de la punta<\/li>\n<li>Ideal para el corte de metal seco<\/li>\n<li>Dise\u00f1ado para un corte limpio en metales con un acabado sin rebabas<\/li>\n<li>Cortes m\u00e1s fr\u00edos para un manejo inmediato y menos tiempo de inactividad<\/li>\n<li>Ideal para cortar acero inoxidable, aluminio, acero, puntal y rosca<\/li>\n<li>Cuchilla cortada con l\u00e1ser para reducir el bamboleo y la vibraci\u00f3n<\/li>\n<\/ul>\n","protected":false},"excerpt":{"rendered":"<p>48-40-4070 Dise\u00f1ado con carburo de tungsteno infundido con cobalto para prolongar la vida \u00fatil del corte Dise\u00f1ado para cortar acero inoxidable Carburo de tungsteno infundido con cobalto para mantener la nitidez de la punta Ideal para el corte de metal seco Dise\u00f1ado para un corte limpio en metales con un acabado sin rebabas Cortes m\u00e1s [&hellip;]<\/p>\n","protected":false},"featured_media":679406,"comment_status":"open","ping_status":"closed","template":"","meta":{"_monsterinsights_skip_tracking":false,"_monsterinsights_sitenote_active":false,"_monsterinsights_sitenote_note":"","_monsterinsights_sitenote_category":0,"_joinchat":[]},"product_brand":[],"product_cat":[202],"product_tag":[],"class_list":{"0":"post-2408","1":"product","2":"type-product","3":"status-publish","4":"has-post-thumbnail","6":"product_cat-discos-para-sierra-circular","8":"first","9":"instock","10":"taxable","11":"shipping-taxable","12":"purchasable","13":"product-type-simple","14":"add-to-wishlist-after_add_to_cart"},"yoast_head":"<!-- This site is optimized with the Yoast SEO plugin v27.3 - https:\/\/yoast.com\/product\/yoast-seo-wordpress\/ -->\n<title>DISCO DE SIERRA CIRCULAR DE CORTE DE METAL E INOXIDABLE MILWAUKEE 48-40-4070 5-3\/8 PULGADAS - Thoro enterprises de Mexico<\/title>\n<meta name=\"robots\" content=\"noindex, follow\" \/>\n<meta property=\"og:locale\" content=\"es_MX\" \/>\n<meta property=\"og:type\" content=\"article\" \/>\n<meta property=\"og:title\" content=\"DISCO DE SIERRA CIRCULAR DE CORTE DE METAL E INOXIDABLE MILWAUKEE 48-40-4070 5-3\/8 PULGADAS - Thoro enterprises de Mexico\" \/>\n<meta property=\"og:description\" content=\"48-40-4070 Dise\u00f1ado con carburo de tungsteno infundido con cobalto para prolongar la vida \u00fatil del corte Dise\u00f1ado para cortar acero inoxidable Carburo de tungsteno infundido con cobalto para mantener la nitidez de la punta Ideal para el corte de metal seco Dise\u00f1ado para un corte limpio en metales con un acabado sin rebabas Cortes m\u00e1s [&hellip;]\" \/>\n<meta property=\"og:url\" content=\"https:\/\/thoro.com.mx\/ethoro\/shop\/abrasivos\/discos-abrasivos\/discos-para-sierra-circular\/disco-de-sierra-circular-de-corte-de-metal-e-inoxidable-milwaukee-48-40-4070-5-3-8-pulgadas\/\" \/>\n<meta property=\"og:site_name\" content=\"Thoro enterprises de Mexico\" \/>\n<meta property=\"article:publisher\" content=\"https:\/\/www.facebook.com\/ThoroEnterprises\" \/>\n<meta property=\"article:modified_time\" content=\"2026-05-17T12:11:36+00:00\" \/>\n<meta property=\"og:image\" content=\"https:\/\/thoro.com.mx\/ethoro\/wp-content\/uploads\/2025\/01\/AD0182_01.jpg\" \/>\n\t<meta property=\"og:image:width\" content=\"1000\" \/>\n\t<meta property=\"og:image:height\" content=\"1000\" \/>\n\t<meta property=\"og:image:type\" content=\"image\/jpeg\" \/>\n<meta name=\"twitter:card\" content=\"summary_large_image\" \/>\n<script type=\"application\/ld+json\" class=\"yoast-schema-graph\">{\"@context\":\"https:\\\/\\\/schema.org\",\"@graph\":[{\"@type\":\"WebPage\",\"@id\":\"https:\\\/\\\/thoro.com.mx\\\/ethoro\\\/shop\\\/abrasivos\\\/discos-abrasivos\\\/discos-para-sierra-circular\\\/disco-de-sierra-circular-de-corte-de-metal-e-inoxidable-milwaukee-48-40-4070-5-3-8-pulgadas\\\/\",\"url\":\"https:\\\/\\\/thoro.com.mx\\\/ethoro\\\/shop\\\/abrasivos\\\/discos-abrasivos\\\/discos-para-sierra-circular\\\/disco-de-sierra-circular-de-corte-de-metal-e-inoxidable-milwaukee-48-40-4070-5-3-8-pulgadas\\\/\",\"name\":\"DISCO DE SIERRA CIRCULAR DE CORTE DE METAL E INOXIDABLE MILWAUKEE 48-40-4070 5-3\\\/8 PULGADAS - Thoro enterprises de Mexico\",\"isPartOf\":{\"@id\":\"https:\\\/\\\/72.167.50.119\\\/ethoro\\\/#website\"},\"primaryImageOfPage\":{\"@id\":\"https:\\\/\\\/thoro.com.mx\\\/ethoro\\\/shop\\\/abrasivos\\\/discos-abrasivos\\\/discos-para-sierra-circular\\\/disco-de-sierra-circular-de-corte-de-metal-e-inoxidable-milwaukee-48-40-4070-5-3-8-pulgadas\\\/#primaryimage\"},\"image\":{\"@id\":\"https:\\\/\\\/thoro.com.mx\\\/ethoro\\\/shop\\\/abrasivos\\\/discos-abrasivos\\\/discos-para-sierra-circular\\\/disco-de-sierra-circular-de-corte-de-metal-e-inoxidable-milwaukee-48-40-4070-5-3-8-pulgadas\\\/#primaryimage\"},\"thumbnailUrl\":\"https:\\\/\\\/thoro.com.mx\\\/ethoro\\\/wp-content\\\/uploads\\\/2026\\\/05\\\/AD0182_01.jpg\",\"datePublished\":\"2025-01-31T23:28:04+00:00\",\"dateModified\":\"2026-05-17T12:11:36+00:00\",\"breadcrumb\":{\"@id\":\"https:\\\/\\\/thoro.com.mx\\\/ethoro\\\/shop\\\/abrasivos\\\/discos-abrasivos\\\/discos-para-sierra-circular\\\/disco-de-sierra-circular-de-corte-de-metal-e-inoxidable-milwaukee-48-40-4070-5-3-8-pulgadas\\\/#breadcrumb\"},\"inLanguage\":\"es\",\"potentialAction\":[{\"@type\":\"ReadAction\",\"target\":[\"https:\\\/\\\/thoro.com.mx\\\/ethoro\\\/shop\\\/abrasivos\\\/discos-abrasivos\\\/discos-para-sierra-circular\\\/disco-de-sierra-circular-de-corte-de-metal-e-inoxidable-milwaukee-48-40-4070-5-3-8-pulgadas\\\/\"]}]},{\"@type\":\"ImageObject\",\"inLanguage\":\"es\",\"@id\":\"https:\\\/\\\/thoro.com.mx\\\/ethoro\\\/shop\\\/abrasivos\\\/discos-abrasivos\\\/discos-para-sierra-circular\\\/disco-de-sierra-circular-de-corte-de-metal-e-inoxidable-milwaukee-48-40-4070-5-3-8-pulgadas\\\/#primaryimage\",\"url\":\"https:\\\/\\\/thoro.com.mx\\\/ethoro\\\/wp-content\\\/uploads\\\/2026\\\/05\\\/AD0182_01.jpg\",\"contentUrl\":\"https:\\\/\\\/thoro.com.mx\\\/ethoro\\\/wp-content\\\/uploads\\\/2026\\\/05\\\/AD0182_01.jpg\",\"width\":1000,\"height\":1000},{\"@type\":\"BreadcrumbList\",\"@id\":\"https:\\\/\\\/thoro.com.mx\\\/ethoro\\\/shop\\\/abrasivos\\\/discos-abrasivos\\\/discos-para-sierra-circular\\\/disco-de-sierra-circular-de-corte-de-metal-e-inoxidable-milwaukee-48-40-4070-5-3-8-pulgadas\\\/#breadcrumb\",\"itemListElement\":[{\"@type\":\"ListItem\",\"position\":1,\"name\":\"Inicio\",\"item\":\"https:\\\/\\\/thoro.com.mx\\\/ethoro\\\/\"},{\"@type\":\"ListItem\",\"position\":2,\"name\":\"Tienda\",\"item\":\"https:\\\/\\\/thoro.com.mx\\\/ethoro\\\/shop\\\/\"},{\"@type\":\"ListItem\",\"position\":3,\"name\":\"DISCO DE SIERRA CIRCULAR DE CORTE DE METAL E INOXIDABLE MILWAUKEE 48-40-4070 5-3\\\/8 PULGADAS\"}]},{\"@type\":\"WebSite\",\"@id\":\"https:\\\/\\\/72.167.50.119\\\/ethoro\\\/#website\",\"url\":\"https:\\\/\\\/72.167.50.119\\\/ethoro\\\/\",\"name\":\"Thoro Enterprises de M\u00e9xico\",\"description\":\"Todo en Thoro\",\"publisher\":{\"@id\":\"https:\\\/\\\/72.167.50.119\\\/ethoro\\\/#organization\"},\"alternateName\":\"Thoro shop\",\"potentialAction\":[{\"@type\":\"SearchAction\",\"target\":{\"@type\":\"EntryPoint\",\"urlTemplate\":\"https:\\\/\\\/72.167.50.119\\\/ethoro\\\/?s={search_term_string}\"},\"query-input\":{\"@type\":\"PropertyValueSpecification\",\"valueRequired\":true,\"valueName\":\"search_term_string\"}}],\"inLanguage\":\"es\"},{\"@type\":\"Organization\",\"@id\":\"https:\\\/\\\/72.167.50.119\\\/ethoro\\\/#organization\",\"name\":\"Thoro Enterprises de M\u00e9xico\",\"alternateName\":\"Thoro shop\",\"url\":\"https:\\\/\\\/72.167.50.119\\\/ethoro\\\/\",\"logo\":{\"@type\":\"ImageObject\",\"inLanguage\":\"es\",\"@id\":\"https:\\\/\\\/72.167.50.119\\\/ethoro\\\/#\\\/schema\\\/logo\\\/image\\\/\",\"url\":\"https:\\\/\\\/72.167.50.119\\\/ethoro\\\/wp-content\\\/uploads\\\/2025\\\/01\\\/cropped-cropped-icono_t-180x180-1.png\",\"contentUrl\":\"https:\\\/\\\/72.167.50.119\\\/ethoro\\\/wp-content\\\/uploads\\\/2025\\\/01\\\/cropped-cropped-icono_t-180x180-1.png\",\"width\":512,\"height\":512,\"caption\":\"Thoro Enterprises de M\u00e9xico\"},\"image\":{\"@id\":\"https:\\\/\\\/72.167.50.119\\\/ethoro\\\/#\\\/schema\\\/logo\\\/image\\\/\"},\"sameAs\":[\"https:\\\/\\\/www.facebook.com\\\/ThoroEnterprises\",\"https:\\\/\\\/www.instagram.com\\\/thoro.mexico\\\/\"]}]}<\/script>\n<!-- \/ Yoast SEO plugin. -->","yoast_head_json":{"title":"DISCO DE SIERRA CIRCULAR DE CORTE DE METAL E INOXIDABLE MILWAUKEE 48-40-4070 5-3\/8 PULGADAS - Thoro enterprises de Mexico","robots":{"index":"noindex","follow":"follow"},"og_locale":"es_MX","og_type":"article","og_title":"DISCO DE SIERRA CIRCULAR DE CORTE DE METAL E INOXIDABLE MILWAUKEE 48-40-4070 5-3\/8 PULGADAS - Thoro enterprises de Mexico","og_description":"48-40-4070 Dise\u00f1ado con carburo de tungsteno infundido con cobalto para prolongar la vida \u00fatil del corte Dise\u00f1ado para cortar acero inoxidable Carburo de tungsteno infundido con cobalto para mantener la nitidez de la punta Ideal para el corte de metal seco Dise\u00f1ado para un corte limpio en metales con un acabado sin rebabas Cortes m\u00e1s [&hellip;]","og_url":"https:\/\/thoro.com.mx\/ethoro\/shop\/abrasivos\/discos-abrasivos\/discos-para-sierra-circular\/disco-de-sierra-circular-de-corte-de-metal-e-inoxidable-milwaukee-48-40-4070-5-3-8-pulgadas\/","og_site_name":"Thoro enterprises de Mexico","article_publisher":"https:\/\/www.facebook.com\/ThoroEnterprises","article_modified_time":"2026-05-17T12:11:36+00:00","og_image":[{"width":1000,"height":1000,"url":"https:\/\/thoro.com.mx\/ethoro\/wp-content\/uploads\/2025\/01\/AD0182_01.jpg","type":"image\/jpeg"}],"twitter_card":"summary_large_image","schema":{"@context":"https:\/\/schema.org","@graph":[{"@type":"WebPage","@id":"https:\/\/thoro.com.mx\/ethoro\/shop\/abrasivos\/discos-abrasivos\/discos-para-sierra-circular\/disco-de-sierra-circular-de-corte-de-metal-e-inoxidable-milwaukee-48-40-4070-5-3-8-pulgadas\/","url":"https:\/\/thoro.com.mx\/ethoro\/shop\/abrasivos\/discos-abrasivos\/discos-para-sierra-circular\/disco-de-sierra-circular-de-corte-de-metal-e-inoxidable-milwaukee-48-40-4070-5-3-8-pulgadas\/","name":"DISCO DE SIERRA CIRCULAR DE CORTE DE METAL E INOXIDABLE MILWAUKEE 48-40-4070 5-3\/8 PULGADAS - Thoro enterprises de Mexico","isPartOf":{"@id":"https:\/\/72.167.50.119\/ethoro\/#website"},"primaryImageOfPage":{"@id":"https:\/\/thoro.com.mx\/ethoro\/shop\/abrasivos\/discos-abrasivos\/discos-para-sierra-circular\/disco-de-sierra-circular-de-corte-de-metal-e-inoxidable-milwaukee-48-40-4070-5-3-8-pulgadas\/#primaryimage"},"image":{"@id":"https:\/\/thoro.com.mx\/ethoro\/shop\/abrasivos\/discos-abrasivos\/discos-para-sierra-circular\/disco-de-sierra-circular-de-corte-de-metal-e-inoxidable-milwaukee-48-40-4070-5-3-8-pulgadas\/#primaryimage"},"thumbnailUrl":"https:\/\/thoro.com.mx\/ethoro\/wp-content\/uploads\/2026\/05\/AD0182_01.jpg","datePublished":"2025-01-31T23:28:04+00:00","dateModified":"2026-05-17T12:11:36+00:00","breadcrumb":{"@id":"https:\/\/thoro.com.mx\/ethoro\/shop\/abrasivos\/discos-abrasivos\/discos-para-sierra-circular\/disco-de-sierra-circular-de-corte-de-metal-e-inoxidable-milwaukee-48-40-4070-5-3-8-pulgadas\/#breadcrumb"},"inLanguage":"es","potentialAction":[{"@type":"ReadAction","target":["https:\/\/thoro.com.mx\/ethoro\/shop\/abrasivos\/discos-abrasivos\/discos-para-sierra-circular\/disco-de-sierra-circular-de-corte-de-metal-e-inoxidable-milwaukee-48-40-4070-5-3-8-pulgadas\/"]}]},{"@type":"ImageObject","inLanguage":"es","@id":"https:\/\/thoro.com.mx\/ethoro\/shop\/abrasivos\/discos-abrasivos\/discos-para-sierra-circular\/disco-de-sierra-circular-de-corte-de-metal-e-inoxidable-milwaukee-48-40-4070-5-3-8-pulgadas\/#primaryimage","url":"https:\/\/thoro.com.mx\/ethoro\/wp-content\/uploads\/2026\/05\/AD0182_01.jpg","contentUrl":"https:\/\/thoro.com.mx\/ethoro\/wp-content\/uploads\/2026\/05\/AD0182_01.jpg","width":1000,"height":1000},{"@type":"BreadcrumbList","@id":"https:\/\/thoro.com.mx\/ethoro\/shop\/abrasivos\/discos-abrasivos\/discos-para-sierra-circular\/disco-de-sierra-circular-de-corte-de-metal-e-inoxidable-milwaukee-48-40-4070-5-3-8-pulgadas\/#breadcrumb","itemListElement":[{"@type":"ListItem","position":1,"name":"Inicio","item":"https:\/\/thoro.com.mx\/ethoro\/"},{"@type":"ListItem","position":2,"name":"Tienda","item":"https:\/\/thoro.com.mx\/ethoro\/shop\/"},{"@type":"ListItem","position":3,"name":"DISCO DE SIERRA CIRCULAR DE CORTE DE METAL E INOXIDABLE MILWAUKEE 48-40-4070 5-3\/8 PULGADAS"}]},{"@type":"WebSite","@id":"https:\/\/72.167.50.119\/ethoro\/#website","url":"https:\/\/72.167.50.119\/ethoro\/","name":"Thoro Enterprises de M\u00e9xico","description":"Todo en Thoro","publisher":{"@id":"https:\/\/72.167.50.119\/ethoro\/#organization"},"alternateName":"Thoro shop","potentialAction":[{"@type":"SearchAction","target":{"@type":"EntryPoint","urlTemplate":"https:\/\/72.167.50.119\/ethoro\/?s={search_term_string}"},"query-input":{"@type":"PropertyValueSpecification","valueRequired":true,"valueName":"search_term_string"}}],"inLanguage":"es"},{"@type":"Organization","@id":"https:\/\/72.167.50.119\/ethoro\/#organization","name":"Thoro Enterprises de M\u00e9xico","alternateName":"Thoro shop","url":"https:\/\/72.167.50.119\/ethoro\/","logo":{"@type":"ImageObject","inLanguage":"es","@id":"https:\/\/72.167.50.119\/ethoro\/#\/schema\/logo\/image\/","url":"https:\/\/72.167.50.119\/ethoro\/wp-content\/uploads\/2025\/01\/cropped-cropped-icono_t-180x180-1.png","contentUrl":"https:\/\/72.167.50.119\/ethoro\/wp-content\/uploads\/2025\/01\/cropped-cropped-icono_t-180x180-1.png","width":512,"height":512,"caption":"Thoro Enterprises de M\u00e9xico"},"image":{"@id":"https:\/\/72.167.50.119\/ethoro\/#\/schema\/logo\/image\/"},"sameAs":["https:\/\/www.facebook.com\/ThoroEnterprises","https:\/\/www.instagram.com\/thoro.mexico\/"]}]}},"_links":{"self":[{"href":"https:\/\/thoro.com.mx\/ethoro\/wp-json\/wp\/v2\/product\/2408","targetHints":{"allow":["GET"]}}],"collection":[{"href":"https:\/\/thoro.com.mx\/ethoro\/wp-json\/wp\/v2\/product"}],"about":[{"href":"https:\/\/thoro.com.mx\/ethoro\/wp-json\/wp\/v2\/types\/product"}],"replies":[{"embeddable":true,"href":"https:\/\/thoro.com.mx\/ethoro\/wp-json\/wp\/v2\/comments?post=2408"}],"wp:featuredmedia":[{"embeddable":true,"href":"https:\/\/thoro.com.mx\/ethoro\/wp-json\/wp\/v2\/media\/679406"}],"wp:attachment":[{"href":"https:\/\/thoro.com.mx\/ethoro\/wp-json\/wp\/v2\/media?parent=2408"}],"wp:term":[{"taxonomy":"product_brand","embeddable":true,"href":"https:\/\/thoro.com.mx\/ethoro\/wp-json\/wp\/v2\/product_brand?post=2408"},{"taxonomy":"product_cat","embeddable":true,"href":"https:\/\/thoro.com.mx\/ethoro\/wp-json\/wp\/v2\/product_cat?post=2408"},{"taxonomy":"product_tag","embeddable":true,"href":"https:\/\/thoro.com.mx\/ethoro\/wp-json\/wp\/v2\/product_tag?post=2408"}],"curies":[{"name":"wp","href":"https:\/\/api.w.org\/{rel}","templated":true}]}}