{"id":2566,"date":"2025-01-31T17:29:00","date_gmt":"2025-01-31T23:29:00","guid":{"rendered":"https:\/\/72.167.50.119\/ethoro\/shop\/sin categor\u00eda\/disco-de-corte-austromex-premium-711-tipo-41-4-1-2-x-0-05-x-7-8\/"},"modified":"2026-04-14T02:19:15","modified_gmt":"2026-04-14T08:19:15","slug":"disco-de-corte-austromex-premium-711-tipo-41-4-1-2-x-0-05-x-7-8","status":"publish","type":"product","link":"https:\/\/thoro.com.mx\/ethoro\/shop\/abrasivos\/discos-abrasivos\/discos-de-corte\/disco-de-corte-austromex-premium-711-tipo-41-4-1-2-x-0-05-x-7-8\/","title":{"rendered":"DISCO DE CORTE AUSTROMEX PREMIUM 711 TIPO 41 4-1\/2&#8243; X 0.05&#8243; X 7\/8&#8243;"},"content":{"rendered":"<h4>711<\/h4>\n<ul>\n<li>M\u00e1ximo 13,285 RPM<\/li>\n<li>Velocidad m\u00e1xima 80 m\/s<\/li>\n<li>Disco de alto rendimiento para corte r\u00e1pido de acero al carb\u00f3n con un m\u00ednimo de rebaba.<\/li>\n<\/ul>\n","protected":false},"excerpt":{"rendered":"<p>711 M\u00e1ximo 13,285 RPM Velocidad m\u00e1xima 80 m\/s Disco de alto rendimiento para corte r\u00e1pido de acero al carb\u00f3n con un m\u00ednimo de rebaba.<\/p>\n","protected":false},"featured_media":2565,"comment_status":"open","ping_status":"closed","template":"","meta":{"_monsterinsights_skip_tracking":false,"_monsterinsights_sitenote_active":false,"_monsterinsights_sitenote_note":"","_monsterinsights_sitenote_category":0,"_joinchat":[]},"product_brand":[],"product_cat":[18],"product_tag":[],"class_list":{"0":"post-2566","1":"product","2":"type-product","3":"status-publish","4":"has-post-thumbnail","6":"product_cat-discos-de-corte","8":"first","9":"instock","10":"taxable","11":"shipping-taxable","12":"purchasable","13":"product-type-simple","14":"add-to-wishlist-after_add_to_cart"},"yoast_head":"<!-- This site is optimized with the Yoast SEO plugin v27.3 - https:\/\/yoast.com\/product\/yoast-seo-wordpress\/ -->\n<title>DISCO DE CORTE AUSTROMEX PREMIUM 711 TIPO 41 4-1\/2&quot; X 0.05&quot; X 7\/8&quot; - Thoro enterprises de Mexico<\/title>\n<meta name=\"robots\" content=\"noindex, follow\" \/>\n<meta property=\"og:locale\" content=\"es_MX\" \/>\n<meta property=\"og:type\" content=\"article\" \/>\n<meta property=\"og:title\" content=\"DISCO DE CORTE AUSTROMEX PREMIUM 711 TIPO 41 4-1\/2&quot; X 0.05&quot; X 7\/8&quot; - Thoro enterprises de Mexico\" \/>\n<meta property=\"og:description\" content=\"711 M\u00e1ximo 13,285 RPM Velocidad m\u00e1xima 80 m\/s Disco de alto rendimiento para corte r\u00e1pido de acero al carb\u00f3n con un m\u00ednimo de rebaba.\" \/>\n<meta property=\"og:url\" content=\"https:\/\/thoro.com.mx\/ethoro\/shop\/abrasivos\/discos-abrasivos\/discos-de-corte\/disco-de-corte-austromex-premium-711-tipo-41-4-1-2-x-0-05-x-7-8\/\" \/>\n<meta property=\"og:site_name\" content=\"Thoro enterprises de Mexico\" \/>\n<meta property=\"article:publisher\" content=\"https:\/\/www.facebook.com\/ThoroEnterprises\" \/>\n<meta property=\"article:modified_time\" content=\"2026-04-14T08:19:15+00:00\" \/>\n<meta property=\"og:image\" content=\"https:\/\/thoro.com.mx\/ethoro\/wp-content\/uploads\/2025\/01\/C0059.jpg\" \/>\n\t<meta property=\"og:image:width\" content=\"1000\" \/>\n\t<meta property=\"og:image:height\" content=\"1000\" \/>\n\t<meta property=\"og:image:type\" content=\"image\/jpeg\" \/>\n<meta name=\"twitter:card\" content=\"summary_large_image\" \/>\n<script type=\"application\/ld+json\" class=\"yoast-schema-graph\">{\"@context\":\"https:\\\/\\\/schema.org\",\"@graph\":[{\"@type\":\"WebPage\",\"@id\":\"https:\\\/\\\/thoro.com.mx\\\/ethoro\\\/shop\\\/abrasivos\\\/discos-abrasivos\\\/discos-de-corte\\\/disco-de-corte-austromex-premium-711-tipo-41-4-1-2-x-0-05-x-7-8\\\/\",\"url\":\"https:\\\/\\\/thoro.com.mx\\\/ethoro\\\/shop\\\/abrasivos\\\/discos-abrasivos\\\/discos-de-corte\\\/disco-de-corte-austromex-premium-711-tipo-41-4-1-2-x-0-05-x-7-8\\\/\",\"name\":\"DISCO DE CORTE AUSTROMEX PREMIUM 711 TIPO 41 4-1\\\/2\\\" X 0.05\\\" X 7\\\/8\\\" - Thoro enterprises de Mexico\",\"isPartOf\":{\"@id\":\"https:\\\/\\\/72.167.50.119\\\/ethoro\\\/#website\"},\"primaryImageOfPage\":{\"@id\":\"https:\\\/\\\/thoro.com.mx\\\/ethoro\\\/shop\\\/abrasivos\\\/discos-abrasivos\\\/discos-de-corte\\\/disco-de-corte-austromex-premium-711-tipo-41-4-1-2-x-0-05-x-7-8\\\/#primaryimage\"},\"image\":{\"@id\":\"https:\\\/\\\/thoro.com.mx\\\/ethoro\\\/shop\\\/abrasivos\\\/discos-abrasivos\\\/discos-de-corte\\\/disco-de-corte-austromex-premium-711-tipo-41-4-1-2-x-0-05-x-7-8\\\/#primaryimage\"},\"thumbnailUrl\":\"https:\\\/\\\/thoro.com.mx\\\/ethoro\\\/wp-content\\\/uploads\\\/2025\\\/01\\\/C0059.jpg\",\"datePublished\":\"2025-01-31T23:29:00+00:00\",\"dateModified\":\"2026-04-14T08:19:15+00:00\",\"breadcrumb\":{\"@id\":\"https:\\\/\\\/thoro.com.mx\\\/ethoro\\\/shop\\\/abrasivos\\\/discos-abrasivos\\\/discos-de-corte\\\/disco-de-corte-austromex-premium-711-tipo-41-4-1-2-x-0-05-x-7-8\\\/#breadcrumb\"},\"inLanguage\":\"es\",\"potentialAction\":[{\"@type\":\"ReadAction\",\"target\":[\"https:\\\/\\\/thoro.com.mx\\\/ethoro\\\/shop\\\/abrasivos\\\/discos-abrasivos\\\/discos-de-corte\\\/disco-de-corte-austromex-premium-711-tipo-41-4-1-2-x-0-05-x-7-8\\\/\"]}]},{\"@type\":\"ImageObject\",\"inLanguage\":\"es\",\"@id\":\"https:\\\/\\\/thoro.com.mx\\\/ethoro\\\/shop\\\/abrasivos\\\/discos-abrasivos\\\/discos-de-corte\\\/disco-de-corte-austromex-premium-711-tipo-41-4-1-2-x-0-05-x-7-8\\\/#primaryimage\",\"url\":\"https:\\\/\\\/thoro.com.mx\\\/ethoro\\\/wp-content\\\/uploads\\\/2025\\\/01\\\/C0059.jpg\",\"contentUrl\":\"https:\\\/\\\/thoro.com.mx\\\/ethoro\\\/wp-content\\\/uploads\\\/2025\\\/01\\\/C0059.jpg\",\"width\":1000,\"height\":1000},{\"@type\":\"BreadcrumbList\",\"@id\":\"https:\\\/\\\/thoro.com.mx\\\/ethoro\\\/shop\\\/abrasivos\\\/discos-abrasivos\\\/discos-de-corte\\\/disco-de-corte-austromex-premium-711-tipo-41-4-1-2-x-0-05-x-7-8\\\/#breadcrumb\",\"itemListElement\":[{\"@type\":\"ListItem\",\"position\":1,\"name\":\"Inicio\",\"item\":\"https:\\\/\\\/thoro.com.mx\\\/ethoro\\\/\"},{\"@type\":\"ListItem\",\"position\":2,\"name\":\"Tienda\",\"item\":\"https:\\\/\\\/thoro.com.mx\\\/ethoro\\\/shop\\\/\"},{\"@type\":\"ListItem\",\"position\":3,\"name\":\"DISCO DE CORTE AUSTROMEX PREMIUM 711 TIPO 41 4-1\\\/2&#8243; X 0.05&#8243; X 7\\\/8&#8243;\"}]},{\"@type\":\"WebSite\",\"@id\":\"https:\\\/\\\/72.167.50.119\\\/ethoro\\\/#website\",\"url\":\"https:\\\/\\\/72.167.50.119\\\/ethoro\\\/\",\"name\":\"Thoro Enterprises de M\u00e9xico\",\"description\":\"Todo en Thoro\",\"publisher\":{\"@id\":\"https:\\\/\\\/72.167.50.119\\\/ethoro\\\/#organization\"},\"alternateName\":\"Thoro shop\",\"potentialAction\":[{\"@type\":\"SearchAction\",\"target\":{\"@type\":\"EntryPoint\",\"urlTemplate\":\"https:\\\/\\\/72.167.50.119\\\/ethoro\\\/?s={search_term_string}\"},\"query-input\":{\"@type\":\"PropertyValueSpecification\",\"valueRequired\":true,\"valueName\":\"search_term_string\"}}],\"inLanguage\":\"es\"},{\"@type\":\"Organization\",\"@id\":\"https:\\\/\\\/72.167.50.119\\\/ethoro\\\/#organization\",\"name\":\"Thoro Enterprises de M\u00e9xico\",\"alternateName\":\"Thoro shop\",\"url\":\"https:\\\/\\\/72.167.50.119\\\/ethoro\\\/\",\"logo\":{\"@type\":\"ImageObject\",\"inLanguage\":\"es\",\"@id\":\"https:\\\/\\\/72.167.50.119\\\/ethoro\\\/#\\\/schema\\\/logo\\\/image\\\/\",\"url\":\"https:\\\/\\\/72.167.50.119\\\/ethoro\\\/wp-content\\\/uploads\\\/2025\\\/01\\\/cropped-cropped-icono_t-180x180-1.png\",\"contentUrl\":\"https:\\\/\\\/72.167.50.119\\\/ethoro\\\/wp-content\\\/uploads\\\/2025\\\/01\\\/cropped-cropped-icono_t-180x180-1.png\",\"width\":512,\"height\":512,\"caption\":\"Thoro Enterprises de M\u00e9xico\"},\"image\":{\"@id\":\"https:\\\/\\\/72.167.50.119\\\/ethoro\\\/#\\\/schema\\\/logo\\\/image\\\/\"},\"sameAs\":[\"https:\\\/\\\/www.facebook.com\\\/ThoroEnterprises\",\"https:\\\/\\\/www.instagram.com\\\/thoro.mexico\\\/\"]}]}<\/script>\n<!-- \/ Yoast SEO plugin. -->","yoast_head_json":{"title":"DISCO DE CORTE AUSTROMEX PREMIUM 711 TIPO 41 4-1\/2\" X 0.05\" X 7\/8\" - Thoro enterprises de Mexico","robots":{"index":"noindex","follow":"follow"},"og_locale":"es_MX","og_type":"article","og_title":"DISCO DE CORTE AUSTROMEX PREMIUM 711 TIPO 41 4-1\/2\" X 0.05\" X 7\/8\" - Thoro enterprises de Mexico","og_description":"711 M\u00e1ximo 13,285 RPM Velocidad m\u00e1xima 80 m\/s Disco de alto rendimiento para corte r\u00e1pido de acero al carb\u00f3n con un m\u00ednimo de rebaba.","og_url":"https:\/\/thoro.com.mx\/ethoro\/shop\/abrasivos\/discos-abrasivos\/discos-de-corte\/disco-de-corte-austromex-premium-711-tipo-41-4-1-2-x-0-05-x-7-8\/","og_site_name":"Thoro enterprises de Mexico","article_publisher":"https:\/\/www.facebook.com\/ThoroEnterprises","article_modified_time":"2026-04-14T08:19:15+00:00","og_image":[{"width":1000,"height":1000,"url":"https:\/\/thoro.com.mx\/ethoro\/wp-content\/uploads\/2025\/01\/C0059.jpg","type":"image\/jpeg"}],"twitter_card":"summary_large_image","schema":{"@context":"https:\/\/schema.org","@graph":[{"@type":"WebPage","@id":"https:\/\/thoro.com.mx\/ethoro\/shop\/abrasivos\/discos-abrasivos\/discos-de-corte\/disco-de-corte-austromex-premium-711-tipo-41-4-1-2-x-0-05-x-7-8\/","url":"https:\/\/thoro.com.mx\/ethoro\/shop\/abrasivos\/discos-abrasivos\/discos-de-corte\/disco-de-corte-austromex-premium-711-tipo-41-4-1-2-x-0-05-x-7-8\/","name":"DISCO DE CORTE AUSTROMEX PREMIUM 711 TIPO 41 4-1\/2\" X 0.05\" X 7\/8\" - Thoro enterprises de Mexico","isPartOf":{"@id":"https:\/\/72.167.50.119\/ethoro\/#website"},"primaryImageOfPage":{"@id":"https:\/\/thoro.com.mx\/ethoro\/shop\/abrasivos\/discos-abrasivos\/discos-de-corte\/disco-de-corte-austromex-premium-711-tipo-41-4-1-2-x-0-05-x-7-8\/#primaryimage"},"image":{"@id":"https:\/\/thoro.com.mx\/ethoro\/shop\/abrasivos\/discos-abrasivos\/discos-de-corte\/disco-de-corte-austromex-premium-711-tipo-41-4-1-2-x-0-05-x-7-8\/#primaryimage"},"thumbnailUrl":"https:\/\/thoro.com.mx\/ethoro\/wp-content\/uploads\/2025\/01\/C0059.jpg","datePublished":"2025-01-31T23:29:00+00:00","dateModified":"2026-04-14T08:19:15+00:00","breadcrumb":{"@id":"https:\/\/thoro.com.mx\/ethoro\/shop\/abrasivos\/discos-abrasivos\/discos-de-corte\/disco-de-corte-austromex-premium-711-tipo-41-4-1-2-x-0-05-x-7-8\/#breadcrumb"},"inLanguage":"es","potentialAction":[{"@type":"ReadAction","target":["https:\/\/thoro.com.mx\/ethoro\/shop\/abrasivos\/discos-abrasivos\/discos-de-corte\/disco-de-corte-austromex-premium-711-tipo-41-4-1-2-x-0-05-x-7-8\/"]}]},{"@type":"ImageObject","inLanguage":"es","@id":"https:\/\/thoro.com.mx\/ethoro\/shop\/abrasivos\/discos-abrasivos\/discos-de-corte\/disco-de-corte-austromex-premium-711-tipo-41-4-1-2-x-0-05-x-7-8\/#primaryimage","url":"https:\/\/thoro.com.mx\/ethoro\/wp-content\/uploads\/2025\/01\/C0059.jpg","contentUrl":"https:\/\/thoro.com.mx\/ethoro\/wp-content\/uploads\/2025\/01\/C0059.jpg","width":1000,"height":1000},{"@type":"BreadcrumbList","@id":"https:\/\/thoro.com.mx\/ethoro\/shop\/abrasivos\/discos-abrasivos\/discos-de-corte\/disco-de-corte-austromex-premium-711-tipo-41-4-1-2-x-0-05-x-7-8\/#breadcrumb","itemListElement":[{"@type":"ListItem","position":1,"name":"Inicio","item":"https:\/\/thoro.com.mx\/ethoro\/"},{"@type":"ListItem","position":2,"name":"Tienda","item":"https:\/\/thoro.com.mx\/ethoro\/shop\/"},{"@type":"ListItem","position":3,"name":"DISCO DE CORTE AUSTROMEX PREMIUM 711 TIPO 41 4-1\/2&#8243; X 0.05&#8243; X 7\/8&#8243;"}]},{"@type":"WebSite","@id":"https:\/\/72.167.50.119\/ethoro\/#website","url":"https:\/\/72.167.50.119\/ethoro\/","name":"Thoro Enterprises de M\u00e9xico","description":"Todo en Thoro","publisher":{"@id":"https:\/\/72.167.50.119\/ethoro\/#organization"},"alternateName":"Thoro shop","potentialAction":[{"@type":"SearchAction","target":{"@type":"EntryPoint","urlTemplate":"https:\/\/72.167.50.119\/ethoro\/?s={search_term_string}"},"query-input":{"@type":"PropertyValueSpecification","valueRequired":true,"valueName":"search_term_string"}}],"inLanguage":"es"},{"@type":"Organization","@id":"https:\/\/72.167.50.119\/ethoro\/#organization","name":"Thoro Enterprises de M\u00e9xico","alternateName":"Thoro shop","url":"https:\/\/72.167.50.119\/ethoro\/","logo":{"@type":"ImageObject","inLanguage":"es","@id":"https:\/\/72.167.50.119\/ethoro\/#\/schema\/logo\/image\/","url":"https:\/\/72.167.50.119\/ethoro\/wp-content\/uploads\/2025\/01\/cropped-cropped-icono_t-180x180-1.png","contentUrl":"https:\/\/72.167.50.119\/ethoro\/wp-content\/uploads\/2025\/01\/cropped-cropped-icono_t-180x180-1.png","width":512,"height":512,"caption":"Thoro Enterprises de M\u00e9xico"},"image":{"@id":"https:\/\/72.167.50.119\/ethoro\/#\/schema\/logo\/image\/"},"sameAs":["https:\/\/www.facebook.com\/ThoroEnterprises","https:\/\/www.instagram.com\/thoro.mexico\/"]}]}},"_links":{"self":[{"href":"https:\/\/thoro.com.mx\/ethoro\/wp-json\/wp\/v2\/product\/2566","targetHints":{"allow":["GET"]}}],"collection":[{"href":"https:\/\/thoro.com.mx\/ethoro\/wp-json\/wp\/v2\/product"}],"about":[{"href":"https:\/\/thoro.com.mx\/ethoro\/wp-json\/wp\/v2\/types\/product"}],"replies":[{"embeddable":true,"href":"https:\/\/thoro.com.mx\/ethoro\/wp-json\/wp\/v2\/comments?post=2566"}],"wp:featuredmedia":[{"embeddable":true,"href":"https:\/\/thoro.com.mx\/ethoro\/wp-json\/wp\/v2\/media\/2565"}],"wp:attachment":[{"href":"https:\/\/thoro.com.mx\/ethoro\/wp-json\/wp\/v2\/media?parent=2566"}],"wp:term":[{"taxonomy":"product_brand","embeddable":true,"href":"https:\/\/thoro.com.mx\/ethoro\/wp-json\/wp\/v2\/product_brand?post=2566"},{"taxonomy":"product_cat","embeddable":true,"href":"https:\/\/thoro.com.mx\/ethoro\/wp-json\/wp\/v2\/product_cat?post=2566"},{"taxonomy":"product_tag","embeddable":true,"href":"https:\/\/thoro.com.mx\/ethoro\/wp-json\/wp\/v2\/product_tag?post=2566"}],"curies":[{"name":"wp","href":"https:\/\/api.w.org\/{rel}","templated":true}]}}