{"id":27259,"date":"2025-02-22T00:26:00","date_gmt":"2025-02-22T06:26:00","guid":{"rendered":"https:\/\/72.167.50.119\/ethoro\/shop\/sin categor\u00eda\/calentador-de-ambiente-iusa-619260-torre-de-piso-1500-w\/"},"modified":"2025-03-10T00:25:36","modified_gmt":"2025-03-10T06:25:36","slug":"calentador-de-ambiente-iusa-619260-torre-de-piso-1500-w","status":"publish","type":"product","link":"https:\/\/thoro.com.mx\/ethoro\/shop\/material-electrico\/herramientas-electricas-material-electrico\/calentadores-de-agua-herramientas-electricas-material-electrico\/calentador-de-ambiente-iusa-619260-torre-de-piso-1500-w\/","title":{"rendered":"CALENTADOR DE AMBIENTE IUSA 619260  TORRE DE PISO 1500 W"},"content":{"rendered":"<h4>619260<\/h4>\n<ul>\n<li>Calefactor de ambiente de piso de torre .<\/li>\n<li>&#8211; Dise\u00f1o compacto y ligero , f\u00e1cil de trasportar <\/li>\n<li>&#8211; Apagado autom\u00e1tico para evitar sobrecalentamiento .<\/li>\n<li>&#8211; Rejilla de pl\u00e1stico resistente <\/li>\n<li>&#8211; Esparce uniformemente el calor .<\/li>\n<li>ESPECIFICACIONES <\/li>\n<li>&#8211;  Tensi\u00f3n : 127 V <\/li>\n<li>&#8211; Frecuencia :  HZ<\/li>\n<li>&#8211; Potencia : 1500 W<\/li>\n<li>&#8211; Corriente 11 .8 A <\/li>\n<\/ul>\n","protected":false},"excerpt":{"rendered":"<p>619260 Calefactor de ambiente de piso de torre . &#8211; Dise\u00f1o compacto y ligero , f\u00e1cil de trasportar &#8211; Apagado autom\u00e1tico para evitar sobrecalentamiento . &#8211; Rejilla de pl\u00e1stico resistente &#8211; Esparce uniformemente el calor . ESPECIFICACIONES &#8211; Tensi\u00f3n : 127 V &#8211; Frecuencia : HZ &#8211; Potencia : 1500 W &#8211; Corriente 11 .8 [&hellip;]<\/p>\n","protected":false},"featured_media":27258,"comment_status":"open","ping_status":"closed","template":"","meta":{"_monsterinsights_skip_tracking":false,"_monsterinsights_sitenote_active":false,"_monsterinsights_sitenote_note":"","_monsterinsights_sitenote_category":0,"_joinchat":[]},"product_brand":[],"product_cat":[19410],"product_tag":[],"class_list":{"0":"post-27259","1":"product","2":"type-product","3":"status-publish","4":"has-post-thumbnail","6":"product_cat-calentadores-de-agua-herramientas-electricas-material-electrico","8":"first","9":"outofstock","10":"taxable","11":"shipping-taxable","12":"purchasable","13":"product-type-simple","14":"add-to-wishlist-after_add_to_cart"},"yoast_head":"<!-- This site is optimized with the Yoast SEO plugin v27.1.1 - https:\/\/yoast.com\/product\/yoast-seo-wordpress\/ -->\n<title>CALENTADOR DE AMBIENTE IUSA 619260 TORRE DE PISO 1500 W - Thoro enterprises de Mexico<\/title>\n<meta name=\"robots\" content=\"noindex, follow\" \/>\n<meta property=\"og:locale\" content=\"es_MX\" \/>\n<meta property=\"og:type\" content=\"article\" \/>\n<meta property=\"og:title\" content=\"CALENTADOR DE AMBIENTE IUSA 619260 TORRE DE PISO 1500 W - Thoro enterprises de Mexico\" \/>\n<meta property=\"og:description\" content=\"619260 Calefactor de ambiente de piso de torre . &#8211; Dise\u00f1o compacto y ligero , f\u00e1cil de trasportar &#8211; Apagado autom\u00e1tico para evitar sobrecalentamiento . &#8211; Rejilla de pl\u00e1stico resistente &#8211; Esparce uniformemente el calor . ESPECIFICACIONES &#8211; Tensi\u00f3n : 127 V &#8211; Frecuencia : HZ &#8211; Potencia : 1500 W &#8211; Corriente 11 .8 [&hellip;]\" \/>\n<meta property=\"og:url\" content=\"https:\/\/thoro.com.mx\/ethoro\/shop\/material-electrico\/herramientas-electricas-material-electrico\/calentadores-de-agua-herramientas-electricas-material-electrico\/calentador-de-ambiente-iusa-619260-torre-de-piso-1500-w\/\" \/>\n<meta property=\"og:site_name\" content=\"Thoro enterprises de Mexico\" \/>\n<meta property=\"article:publisher\" content=\"https:\/\/www.facebook.com\/ThoroEnterprises\" \/>\n<meta property=\"article:modified_time\" content=\"2025-03-10T06:25:36+00:00\" \/>\n<meta property=\"og:image\" content=\"https:\/\/thoro.com.mx\/ethoro\/wp-content\/uploads\/2025\/02\/ME2189.jpg\" \/>\n\t<meta property=\"og:image:width\" content=\"1000\" \/>\n\t<meta property=\"og:image:height\" content=\"1000\" \/>\n\t<meta property=\"og:image:type\" content=\"image\/jpeg\" \/>\n<meta name=\"twitter:card\" content=\"summary_large_image\" \/>\n<script type=\"application\/ld+json\" class=\"yoast-schema-graph\">{\"@context\":\"https:\/\/schema.org\",\"@graph\":[{\"@type\":\"WebPage\",\"@id\":\"https:\/\/thoro.com.mx\/ethoro\/shop\/material-electrico\/herramientas-electricas-material-electrico\/calentadores-de-agua-herramientas-electricas-material-electrico\/calentador-de-ambiente-iusa-619260-torre-de-piso-1500-w\/\",\"url\":\"https:\/\/thoro.com.mx\/ethoro\/shop\/material-electrico\/herramientas-electricas-material-electrico\/calentadores-de-agua-herramientas-electricas-material-electrico\/calentador-de-ambiente-iusa-619260-torre-de-piso-1500-w\/\",\"name\":\"CALENTADOR DE AMBIENTE IUSA 619260 TORRE DE PISO 1500 W - Thoro enterprises de Mexico\",\"isPartOf\":{\"@id\":\"https:\/\/72.167.50.119\/ethoro\/#website\"},\"primaryImageOfPage\":{\"@id\":\"https:\/\/thoro.com.mx\/ethoro\/shop\/material-electrico\/herramientas-electricas-material-electrico\/calentadores-de-agua-herramientas-electricas-material-electrico\/calentador-de-ambiente-iusa-619260-torre-de-piso-1500-w\/#primaryimage\"},\"image\":{\"@id\":\"https:\/\/thoro.com.mx\/ethoro\/shop\/material-electrico\/herramientas-electricas-material-electrico\/calentadores-de-agua-herramientas-electricas-material-electrico\/calentador-de-ambiente-iusa-619260-torre-de-piso-1500-w\/#primaryimage\"},\"thumbnailUrl\":\"https:\/\/thoro.com.mx\/ethoro\/wp-content\/uploads\/2025\/02\/ME2189.jpg\",\"datePublished\":\"2025-02-22T06:26:00+00:00\",\"dateModified\":\"2025-03-10T06:25:36+00:00\",\"breadcrumb\":{\"@id\":\"https:\/\/thoro.com.mx\/ethoro\/shop\/material-electrico\/herramientas-electricas-material-electrico\/calentadores-de-agua-herramientas-electricas-material-electrico\/calentador-de-ambiente-iusa-619260-torre-de-piso-1500-w\/#breadcrumb\"},\"inLanguage\":\"es\",\"potentialAction\":[{\"@type\":\"ReadAction\",\"target\":[\"https:\/\/thoro.com.mx\/ethoro\/shop\/material-electrico\/herramientas-electricas-material-electrico\/calentadores-de-agua-herramientas-electricas-material-electrico\/calentador-de-ambiente-iusa-619260-torre-de-piso-1500-w\/\"]}]},{\"@type\":\"ImageObject\",\"inLanguage\":\"es\",\"@id\":\"https:\/\/thoro.com.mx\/ethoro\/shop\/material-electrico\/herramientas-electricas-material-electrico\/calentadores-de-agua-herramientas-electricas-material-electrico\/calentador-de-ambiente-iusa-619260-torre-de-piso-1500-w\/#primaryimage\",\"url\":\"https:\/\/thoro.com.mx\/ethoro\/wp-content\/uploads\/2025\/02\/ME2189.jpg\",\"contentUrl\":\"https:\/\/thoro.com.mx\/ethoro\/wp-content\/uploads\/2025\/02\/ME2189.jpg\",\"width\":1000,\"height\":1000},{\"@type\":\"BreadcrumbList\",\"@id\":\"https:\/\/thoro.com.mx\/ethoro\/shop\/material-electrico\/herramientas-electricas-material-electrico\/calentadores-de-agua-herramientas-electricas-material-electrico\/calentador-de-ambiente-iusa-619260-torre-de-piso-1500-w\/#breadcrumb\",\"itemListElement\":[{\"@type\":\"ListItem\",\"position\":1,\"name\":\"Inicio\",\"item\":\"https:\/\/thoro.com.mx\/ethoro\/\"},{\"@type\":\"ListItem\",\"position\":2,\"name\":\"Tienda\",\"item\":\"https:\/\/thoro.com.mx\/ethoro\/shop\/\"},{\"@type\":\"ListItem\",\"position\":3,\"name\":\"CALENTADOR DE AMBIENTE IUSA 619260 TORRE DE PISO 1500 W\"}]},{\"@type\":\"WebSite\",\"@id\":\"https:\/\/72.167.50.119\/ethoro\/#website\",\"url\":\"https:\/\/72.167.50.119\/ethoro\/\",\"name\":\"Thoro Enterprises de M\u00e9xico\",\"description\":\"Todo en Thoro\",\"publisher\":{\"@id\":\"https:\/\/72.167.50.119\/ethoro\/#organization\"},\"alternateName\":\"Thoro shop\",\"potentialAction\":[{\"@type\":\"SearchAction\",\"target\":{\"@type\":\"EntryPoint\",\"urlTemplate\":\"https:\/\/72.167.50.119\/ethoro\/?s={search_term_string}\"},\"query-input\":{\"@type\":\"PropertyValueSpecification\",\"valueRequired\":true,\"valueName\":\"search_term_string\"}}],\"inLanguage\":\"es\"},{\"@type\":\"Organization\",\"@id\":\"https:\/\/72.167.50.119\/ethoro\/#organization\",\"name\":\"Thoro Enterprises de M\u00e9xico\",\"alternateName\":\"Thoro shop\",\"url\":\"https:\/\/72.167.50.119\/ethoro\/\",\"logo\":{\"@type\":\"ImageObject\",\"inLanguage\":\"es\",\"@id\":\"https:\/\/72.167.50.119\/ethoro\/#\/schema\/logo\/image\/\",\"url\":\"https:\/\/72.167.50.119\/ethoro\/wp-content\/uploads\/2025\/01\/cropped-cropped-icono_t-180x180-1.png\",\"contentUrl\":\"https:\/\/72.167.50.119\/ethoro\/wp-content\/uploads\/2025\/01\/cropped-cropped-icono_t-180x180-1.png\",\"width\":512,\"height\":512,\"caption\":\"Thoro Enterprises de M\u00e9xico\"},\"image\":{\"@id\":\"https:\/\/72.167.50.119\/ethoro\/#\/schema\/logo\/image\/\"},\"sameAs\":[\"https:\/\/www.facebook.com\/ThoroEnterprises\",\"https:\/\/www.instagram.com\/thoro.mexico\/\"]}]}<\/script>\n<!-- \/ Yoast SEO plugin. -->","yoast_head_json":{"title":"CALENTADOR DE AMBIENTE IUSA 619260 TORRE DE PISO 1500 W - Thoro enterprises de Mexico","robots":{"index":"noindex","follow":"follow"},"og_locale":"es_MX","og_type":"article","og_title":"CALENTADOR DE AMBIENTE IUSA 619260 TORRE DE PISO 1500 W - Thoro enterprises de Mexico","og_description":"619260 Calefactor de ambiente de piso de torre . &#8211; Dise\u00f1o compacto y ligero , f\u00e1cil de trasportar &#8211; Apagado autom\u00e1tico para evitar sobrecalentamiento . &#8211; Rejilla de pl\u00e1stico resistente &#8211; Esparce uniformemente el calor . ESPECIFICACIONES &#8211; Tensi\u00f3n : 127 V &#8211; Frecuencia : HZ &#8211; Potencia : 1500 W &#8211; Corriente 11 .8 [&hellip;]","og_url":"https:\/\/thoro.com.mx\/ethoro\/shop\/material-electrico\/herramientas-electricas-material-electrico\/calentadores-de-agua-herramientas-electricas-material-electrico\/calentador-de-ambiente-iusa-619260-torre-de-piso-1500-w\/","og_site_name":"Thoro enterprises de Mexico","article_publisher":"https:\/\/www.facebook.com\/ThoroEnterprises","article_modified_time":"2025-03-10T06:25:36+00:00","og_image":[{"width":1000,"height":1000,"url":"https:\/\/thoro.com.mx\/ethoro\/wp-content\/uploads\/2025\/02\/ME2189.jpg","type":"image\/jpeg"}],"twitter_card":"summary_large_image","schema":{"@context":"https:\/\/schema.org","@graph":[{"@type":"WebPage","@id":"https:\/\/thoro.com.mx\/ethoro\/shop\/material-electrico\/herramientas-electricas-material-electrico\/calentadores-de-agua-herramientas-electricas-material-electrico\/calentador-de-ambiente-iusa-619260-torre-de-piso-1500-w\/","url":"https:\/\/thoro.com.mx\/ethoro\/shop\/material-electrico\/herramientas-electricas-material-electrico\/calentadores-de-agua-herramientas-electricas-material-electrico\/calentador-de-ambiente-iusa-619260-torre-de-piso-1500-w\/","name":"CALENTADOR DE AMBIENTE IUSA 619260 TORRE DE PISO 1500 W - Thoro enterprises de Mexico","isPartOf":{"@id":"https:\/\/72.167.50.119\/ethoro\/#website"},"primaryImageOfPage":{"@id":"https:\/\/thoro.com.mx\/ethoro\/shop\/material-electrico\/herramientas-electricas-material-electrico\/calentadores-de-agua-herramientas-electricas-material-electrico\/calentador-de-ambiente-iusa-619260-torre-de-piso-1500-w\/#primaryimage"},"image":{"@id":"https:\/\/thoro.com.mx\/ethoro\/shop\/material-electrico\/herramientas-electricas-material-electrico\/calentadores-de-agua-herramientas-electricas-material-electrico\/calentador-de-ambiente-iusa-619260-torre-de-piso-1500-w\/#primaryimage"},"thumbnailUrl":"https:\/\/thoro.com.mx\/ethoro\/wp-content\/uploads\/2025\/02\/ME2189.jpg","datePublished":"2025-02-22T06:26:00+00:00","dateModified":"2025-03-10T06:25:36+00:00","breadcrumb":{"@id":"https:\/\/thoro.com.mx\/ethoro\/shop\/material-electrico\/herramientas-electricas-material-electrico\/calentadores-de-agua-herramientas-electricas-material-electrico\/calentador-de-ambiente-iusa-619260-torre-de-piso-1500-w\/#breadcrumb"},"inLanguage":"es","potentialAction":[{"@type":"ReadAction","target":["https:\/\/thoro.com.mx\/ethoro\/shop\/material-electrico\/herramientas-electricas-material-electrico\/calentadores-de-agua-herramientas-electricas-material-electrico\/calentador-de-ambiente-iusa-619260-torre-de-piso-1500-w\/"]}]},{"@type":"ImageObject","inLanguage":"es","@id":"https:\/\/thoro.com.mx\/ethoro\/shop\/material-electrico\/herramientas-electricas-material-electrico\/calentadores-de-agua-herramientas-electricas-material-electrico\/calentador-de-ambiente-iusa-619260-torre-de-piso-1500-w\/#primaryimage","url":"https:\/\/thoro.com.mx\/ethoro\/wp-content\/uploads\/2025\/02\/ME2189.jpg","contentUrl":"https:\/\/thoro.com.mx\/ethoro\/wp-content\/uploads\/2025\/02\/ME2189.jpg","width":1000,"height":1000},{"@type":"BreadcrumbList","@id":"https:\/\/thoro.com.mx\/ethoro\/shop\/material-electrico\/herramientas-electricas-material-electrico\/calentadores-de-agua-herramientas-electricas-material-electrico\/calentador-de-ambiente-iusa-619260-torre-de-piso-1500-w\/#breadcrumb","itemListElement":[{"@type":"ListItem","position":1,"name":"Inicio","item":"https:\/\/thoro.com.mx\/ethoro\/"},{"@type":"ListItem","position":2,"name":"Tienda","item":"https:\/\/thoro.com.mx\/ethoro\/shop\/"},{"@type":"ListItem","position":3,"name":"CALENTADOR DE AMBIENTE IUSA 619260 TORRE DE PISO 1500 W"}]},{"@type":"WebSite","@id":"https:\/\/72.167.50.119\/ethoro\/#website","url":"https:\/\/72.167.50.119\/ethoro\/","name":"Thoro Enterprises de M\u00e9xico","description":"Todo en Thoro","publisher":{"@id":"https:\/\/72.167.50.119\/ethoro\/#organization"},"alternateName":"Thoro shop","potentialAction":[{"@type":"SearchAction","target":{"@type":"EntryPoint","urlTemplate":"https:\/\/72.167.50.119\/ethoro\/?s={search_term_string}"},"query-input":{"@type":"PropertyValueSpecification","valueRequired":true,"valueName":"search_term_string"}}],"inLanguage":"es"},{"@type":"Organization","@id":"https:\/\/72.167.50.119\/ethoro\/#organization","name":"Thoro Enterprises de M\u00e9xico","alternateName":"Thoro shop","url":"https:\/\/72.167.50.119\/ethoro\/","logo":{"@type":"ImageObject","inLanguage":"es","@id":"https:\/\/72.167.50.119\/ethoro\/#\/schema\/logo\/image\/","url":"https:\/\/72.167.50.119\/ethoro\/wp-content\/uploads\/2025\/01\/cropped-cropped-icono_t-180x180-1.png","contentUrl":"https:\/\/72.167.50.119\/ethoro\/wp-content\/uploads\/2025\/01\/cropped-cropped-icono_t-180x180-1.png","width":512,"height":512,"caption":"Thoro Enterprises de M\u00e9xico"},"image":{"@id":"https:\/\/72.167.50.119\/ethoro\/#\/schema\/logo\/image\/"},"sameAs":["https:\/\/www.facebook.com\/ThoroEnterprises","https:\/\/www.instagram.com\/thoro.mexico\/"]}]}},"_links":{"self":[{"href":"https:\/\/thoro.com.mx\/ethoro\/wp-json\/wp\/v2\/product\/27259","targetHints":{"allow":["GET"]}}],"collection":[{"href":"https:\/\/thoro.com.mx\/ethoro\/wp-json\/wp\/v2\/product"}],"about":[{"href":"https:\/\/thoro.com.mx\/ethoro\/wp-json\/wp\/v2\/types\/product"}],"replies":[{"embeddable":true,"href":"https:\/\/thoro.com.mx\/ethoro\/wp-json\/wp\/v2\/comments?post=27259"}],"wp:featuredmedia":[{"embeddable":true,"href":"https:\/\/thoro.com.mx\/ethoro\/wp-json\/wp\/v2\/media\/27258"}],"wp:attachment":[{"href":"https:\/\/thoro.com.mx\/ethoro\/wp-json\/wp\/v2\/media?parent=27259"}],"wp:term":[{"taxonomy":"product_brand","embeddable":true,"href":"https:\/\/thoro.com.mx\/ethoro\/wp-json\/wp\/v2\/product_brand?post=27259"},{"taxonomy":"product_cat","embeddable":true,"href":"https:\/\/thoro.com.mx\/ethoro\/wp-json\/wp\/v2\/product_cat?post=27259"},{"taxonomy":"product_tag","embeddable":true,"href":"https:\/\/thoro.com.mx\/ethoro\/wp-json\/wp\/v2\/product_tag?post=27259"}],"curies":[{"name":"wp","href":"https:\/\/api.w.org\/{rel}","templated":true}]}}