{"id":2782,"date":"2025-01-31T17:29:51","date_gmt":"2025-01-31T23:29:51","guid":{"rendered":"https:\/\/72.167.50.119\/ethoro\/shop\/sin categor\u00eda\/bocina-portatil-urrea-surtek-bp01-via-bluethooth-con-lampara\/"},"modified":"2026-04-07T02:09:35","modified_gmt":"2026-04-07T08:09:35","slug":"bocina-portatil-urrea-surtek-bp01-via-bluethooth-con-lampara","status":"publish","type":"product","link":"https:\/\/thoro.com.mx\/ethoro\/shop\/tecnologia-2\/equipo-de-audio-y-sonido-tecnologia-2\/bocinas-equipo-de-audio-y-sonido-tecnologia-2\/bocina-portatil-urrea-surtek-bp01-via-bluethooth-con-lampara\/","title":{"rendered":"BOCINA PORT\u00c1TIL URREA SURTEK BP01 V\u00cdA BLUETHOOTH CON L\u00c1MPARA"},"content":{"rendered":"<h4><\/h4>\n<ul>\n<li>Adem\u00e1s de reproducir audio con gran calidad, funciona para recibir llamadas de cualquier tel\u00e9fono celular que use esta tecnolog\u00eda<\/li>\n<li>Por su cubierta con sello herm\u00e9tico, soporta perfectamente las condiciones de vapor y humedad, pero no es sumergible<\/li>\n<\/ul>\n","protected":false},"excerpt":{"rendered":"<p>Adem\u00e1s de reproducir audio con gran calidad, funciona para recibir llamadas de cualquier tel\u00e9fono celular que use esta tecnolog\u00eda Por su cubierta con sello herm\u00e9tico, soporta perfectamente las condiciones de vapor y humedad, pero no es sumergible<\/p>\n","protected":false},"featured_media":2781,"comment_status":"open","ping_status":"closed","template":"","meta":{"_monsterinsights_skip_tracking":false,"_monsterinsights_sitenote_active":false,"_monsterinsights_sitenote_note":"","_monsterinsights_sitenote_category":0,"_joinchat":[]},"product_brand":[],"product_cat":[19156],"product_tag":[],"class_list":{"0":"post-2782","1":"product","2":"type-product","3":"status-publish","4":"has-post-thumbnail","6":"product_cat-bocinas-equipo-de-audio-y-sonido-tecnologia-2","8":"first","9":"instock","10":"sale","11":"taxable","12":"shipping-taxable","13":"purchasable","14":"product-type-simple","15":"add-to-wishlist-after_add_to_cart"},"yoast_head":"<!-- This site is optimized with the Yoast SEO plugin v27.1.1 - https:\/\/yoast.com\/product\/yoast-seo-wordpress\/ -->\n<title>BOCINA PORT\u00c1TIL URREA SURTEK BP01 V\u00cdA BLUETHOOTH CON L\u00c1MPARA - Thoro enterprises de Mexico<\/title>\n<meta name=\"robots\" content=\"noindex, follow\" \/>\n<meta property=\"og:locale\" content=\"es_MX\" \/>\n<meta property=\"og:type\" content=\"article\" \/>\n<meta property=\"og:title\" content=\"BOCINA PORT\u00c1TIL URREA SURTEK BP01 V\u00cdA BLUETHOOTH CON L\u00c1MPARA - Thoro enterprises de Mexico\" \/>\n<meta property=\"og:description\" content=\"Adem\u00e1s de reproducir audio con gran calidad, funciona para recibir llamadas de cualquier tel\u00e9fono celular que use esta tecnolog\u00eda Por su cubierta con sello herm\u00e9tico, soporta perfectamente las condiciones de vapor y humedad, pero no es sumergible\" \/>\n<meta property=\"og:url\" content=\"https:\/\/thoro.com.mx\/ethoro\/shop\/tecnologia-2\/equipo-de-audio-y-sonido-tecnologia-2\/bocinas-equipo-de-audio-y-sonido-tecnologia-2\/bocina-portatil-urrea-surtek-bp01-via-bluethooth-con-lampara\/\" \/>\n<meta property=\"og:site_name\" content=\"Thoro enterprises de Mexico\" \/>\n<meta property=\"article:publisher\" content=\"https:\/\/www.facebook.com\/ThoroEnterprises\" \/>\n<meta property=\"article:modified_time\" content=\"2026-04-07T08:09:35+00:00\" \/>\n<meta property=\"og:image\" content=\"https:\/\/thoro.com.mx\/ethoro\/wp-content\/uploads\/2025\/01\/D0014.jpg\" \/>\n\t<meta property=\"og:image:width\" content=\"1000\" \/>\n\t<meta property=\"og:image:height\" content=\"1000\" \/>\n\t<meta property=\"og:image:type\" content=\"image\/jpeg\" \/>\n<meta name=\"twitter:card\" content=\"summary_large_image\" \/>\n<script type=\"application\/ld+json\" class=\"yoast-schema-graph\">{\"@context\":\"https:\/\/schema.org\",\"@graph\":[{\"@type\":\"WebPage\",\"@id\":\"https:\/\/thoro.com.mx\/ethoro\/shop\/tecnologia-2\/equipo-de-audio-y-sonido-tecnologia-2\/bocinas-equipo-de-audio-y-sonido-tecnologia-2\/bocina-portatil-urrea-surtek-bp01-via-bluethooth-con-lampara\/\",\"url\":\"https:\/\/thoro.com.mx\/ethoro\/shop\/tecnologia-2\/equipo-de-audio-y-sonido-tecnologia-2\/bocinas-equipo-de-audio-y-sonido-tecnologia-2\/bocina-portatil-urrea-surtek-bp01-via-bluethooth-con-lampara\/\",\"name\":\"BOCINA PORT\u00c1TIL URREA SURTEK BP01 V\u00cdA BLUETHOOTH CON L\u00c1MPARA - Thoro enterprises de Mexico\",\"isPartOf\":{\"@id\":\"https:\/\/72.167.50.119\/ethoro\/#website\"},\"primaryImageOfPage\":{\"@id\":\"https:\/\/thoro.com.mx\/ethoro\/shop\/tecnologia-2\/equipo-de-audio-y-sonido-tecnologia-2\/bocinas-equipo-de-audio-y-sonido-tecnologia-2\/bocina-portatil-urrea-surtek-bp01-via-bluethooth-con-lampara\/#primaryimage\"},\"image\":{\"@id\":\"https:\/\/thoro.com.mx\/ethoro\/shop\/tecnologia-2\/equipo-de-audio-y-sonido-tecnologia-2\/bocinas-equipo-de-audio-y-sonido-tecnologia-2\/bocina-portatil-urrea-surtek-bp01-via-bluethooth-con-lampara\/#primaryimage\"},\"thumbnailUrl\":\"https:\/\/thoro.com.mx\/ethoro\/wp-content\/uploads\/2025\/01\/D0014.jpg\",\"datePublished\":\"2025-01-31T23:29:51+00:00\",\"dateModified\":\"2026-04-07T08:09:35+00:00\",\"breadcrumb\":{\"@id\":\"https:\/\/thoro.com.mx\/ethoro\/shop\/tecnologia-2\/equipo-de-audio-y-sonido-tecnologia-2\/bocinas-equipo-de-audio-y-sonido-tecnologia-2\/bocina-portatil-urrea-surtek-bp01-via-bluethooth-con-lampara\/#breadcrumb\"},\"inLanguage\":\"es\",\"potentialAction\":[{\"@type\":\"ReadAction\",\"target\":[\"https:\/\/thoro.com.mx\/ethoro\/shop\/tecnologia-2\/equipo-de-audio-y-sonido-tecnologia-2\/bocinas-equipo-de-audio-y-sonido-tecnologia-2\/bocina-portatil-urrea-surtek-bp01-via-bluethooth-con-lampara\/\"]}]},{\"@type\":\"ImageObject\",\"inLanguage\":\"es\",\"@id\":\"https:\/\/thoro.com.mx\/ethoro\/shop\/tecnologia-2\/equipo-de-audio-y-sonido-tecnologia-2\/bocinas-equipo-de-audio-y-sonido-tecnologia-2\/bocina-portatil-urrea-surtek-bp01-via-bluethooth-con-lampara\/#primaryimage\",\"url\":\"https:\/\/thoro.com.mx\/ethoro\/wp-content\/uploads\/2025\/01\/D0014.jpg\",\"contentUrl\":\"https:\/\/thoro.com.mx\/ethoro\/wp-content\/uploads\/2025\/01\/D0014.jpg\",\"width\":1000,\"height\":1000},{\"@type\":\"BreadcrumbList\",\"@id\":\"https:\/\/thoro.com.mx\/ethoro\/shop\/tecnologia-2\/equipo-de-audio-y-sonido-tecnologia-2\/bocinas-equipo-de-audio-y-sonido-tecnologia-2\/bocina-portatil-urrea-surtek-bp01-via-bluethooth-con-lampara\/#breadcrumb\",\"itemListElement\":[{\"@type\":\"ListItem\",\"position\":1,\"name\":\"Inicio\",\"item\":\"https:\/\/thoro.com.mx\/ethoro\/\"},{\"@type\":\"ListItem\",\"position\":2,\"name\":\"Tienda\",\"item\":\"https:\/\/thoro.com.mx\/ethoro\/shop\/\"},{\"@type\":\"ListItem\",\"position\":3,\"name\":\"BOCINA PORT\u00c1TIL URREA SURTEK BP01 V\u00cdA BLUETHOOTH CON L\u00c1MPARA\"}]},{\"@type\":\"WebSite\",\"@id\":\"https:\/\/72.167.50.119\/ethoro\/#website\",\"url\":\"https:\/\/72.167.50.119\/ethoro\/\",\"name\":\"Thoro Enterprises de M\u00e9xico\",\"description\":\"Todo en Thoro\",\"publisher\":{\"@id\":\"https:\/\/72.167.50.119\/ethoro\/#organization\"},\"alternateName\":\"Thoro shop\",\"potentialAction\":[{\"@type\":\"SearchAction\",\"target\":{\"@type\":\"EntryPoint\",\"urlTemplate\":\"https:\/\/72.167.50.119\/ethoro\/?s={search_term_string}\"},\"query-input\":{\"@type\":\"PropertyValueSpecification\",\"valueRequired\":true,\"valueName\":\"search_term_string\"}}],\"inLanguage\":\"es\"},{\"@type\":\"Organization\",\"@id\":\"https:\/\/72.167.50.119\/ethoro\/#organization\",\"name\":\"Thoro Enterprises de M\u00e9xico\",\"alternateName\":\"Thoro shop\",\"url\":\"https:\/\/72.167.50.119\/ethoro\/\",\"logo\":{\"@type\":\"ImageObject\",\"inLanguage\":\"es\",\"@id\":\"https:\/\/72.167.50.119\/ethoro\/#\/schema\/logo\/image\/\",\"url\":\"https:\/\/72.167.50.119\/ethoro\/wp-content\/uploads\/2025\/01\/cropped-cropped-icono_t-180x180-1.png\",\"contentUrl\":\"https:\/\/72.167.50.119\/ethoro\/wp-content\/uploads\/2025\/01\/cropped-cropped-icono_t-180x180-1.png\",\"width\":512,\"height\":512,\"caption\":\"Thoro Enterprises de M\u00e9xico\"},\"image\":{\"@id\":\"https:\/\/72.167.50.119\/ethoro\/#\/schema\/logo\/image\/\"},\"sameAs\":[\"https:\/\/www.facebook.com\/ThoroEnterprises\",\"https:\/\/www.instagram.com\/thoro.mexico\/\"]}]}<\/script>\n<!-- \/ Yoast SEO plugin. -->","yoast_head_json":{"title":"BOCINA PORT\u00c1TIL URREA SURTEK BP01 V\u00cdA BLUETHOOTH CON L\u00c1MPARA - Thoro enterprises de Mexico","robots":{"index":"noindex","follow":"follow"},"og_locale":"es_MX","og_type":"article","og_title":"BOCINA PORT\u00c1TIL URREA SURTEK BP01 V\u00cdA BLUETHOOTH CON L\u00c1MPARA - Thoro enterprises de Mexico","og_description":"Adem\u00e1s de reproducir audio con gran calidad, funciona para recibir llamadas de cualquier tel\u00e9fono celular que use esta tecnolog\u00eda Por su cubierta con sello herm\u00e9tico, soporta perfectamente las condiciones de vapor y humedad, pero no es sumergible","og_url":"https:\/\/thoro.com.mx\/ethoro\/shop\/tecnologia-2\/equipo-de-audio-y-sonido-tecnologia-2\/bocinas-equipo-de-audio-y-sonido-tecnologia-2\/bocina-portatil-urrea-surtek-bp01-via-bluethooth-con-lampara\/","og_site_name":"Thoro enterprises de Mexico","article_publisher":"https:\/\/www.facebook.com\/ThoroEnterprises","article_modified_time":"2026-04-07T08:09:35+00:00","og_image":[{"width":1000,"height":1000,"url":"https:\/\/thoro.com.mx\/ethoro\/wp-content\/uploads\/2025\/01\/D0014.jpg","type":"image\/jpeg"}],"twitter_card":"summary_large_image","schema":{"@context":"https:\/\/schema.org","@graph":[{"@type":"WebPage","@id":"https:\/\/thoro.com.mx\/ethoro\/shop\/tecnologia-2\/equipo-de-audio-y-sonido-tecnologia-2\/bocinas-equipo-de-audio-y-sonido-tecnologia-2\/bocina-portatil-urrea-surtek-bp01-via-bluethooth-con-lampara\/","url":"https:\/\/thoro.com.mx\/ethoro\/shop\/tecnologia-2\/equipo-de-audio-y-sonido-tecnologia-2\/bocinas-equipo-de-audio-y-sonido-tecnologia-2\/bocina-portatil-urrea-surtek-bp01-via-bluethooth-con-lampara\/","name":"BOCINA PORT\u00c1TIL URREA SURTEK BP01 V\u00cdA BLUETHOOTH CON L\u00c1MPARA - Thoro enterprises de Mexico","isPartOf":{"@id":"https:\/\/72.167.50.119\/ethoro\/#website"},"primaryImageOfPage":{"@id":"https:\/\/thoro.com.mx\/ethoro\/shop\/tecnologia-2\/equipo-de-audio-y-sonido-tecnologia-2\/bocinas-equipo-de-audio-y-sonido-tecnologia-2\/bocina-portatil-urrea-surtek-bp01-via-bluethooth-con-lampara\/#primaryimage"},"image":{"@id":"https:\/\/thoro.com.mx\/ethoro\/shop\/tecnologia-2\/equipo-de-audio-y-sonido-tecnologia-2\/bocinas-equipo-de-audio-y-sonido-tecnologia-2\/bocina-portatil-urrea-surtek-bp01-via-bluethooth-con-lampara\/#primaryimage"},"thumbnailUrl":"https:\/\/thoro.com.mx\/ethoro\/wp-content\/uploads\/2025\/01\/D0014.jpg","datePublished":"2025-01-31T23:29:51+00:00","dateModified":"2026-04-07T08:09:35+00:00","breadcrumb":{"@id":"https:\/\/thoro.com.mx\/ethoro\/shop\/tecnologia-2\/equipo-de-audio-y-sonido-tecnologia-2\/bocinas-equipo-de-audio-y-sonido-tecnologia-2\/bocina-portatil-urrea-surtek-bp01-via-bluethooth-con-lampara\/#breadcrumb"},"inLanguage":"es","potentialAction":[{"@type":"ReadAction","target":["https:\/\/thoro.com.mx\/ethoro\/shop\/tecnologia-2\/equipo-de-audio-y-sonido-tecnologia-2\/bocinas-equipo-de-audio-y-sonido-tecnologia-2\/bocina-portatil-urrea-surtek-bp01-via-bluethooth-con-lampara\/"]}]},{"@type":"ImageObject","inLanguage":"es","@id":"https:\/\/thoro.com.mx\/ethoro\/shop\/tecnologia-2\/equipo-de-audio-y-sonido-tecnologia-2\/bocinas-equipo-de-audio-y-sonido-tecnologia-2\/bocina-portatil-urrea-surtek-bp01-via-bluethooth-con-lampara\/#primaryimage","url":"https:\/\/thoro.com.mx\/ethoro\/wp-content\/uploads\/2025\/01\/D0014.jpg","contentUrl":"https:\/\/thoro.com.mx\/ethoro\/wp-content\/uploads\/2025\/01\/D0014.jpg","width":1000,"height":1000},{"@type":"BreadcrumbList","@id":"https:\/\/thoro.com.mx\/ethoro\/shop\/tecnologia-2\/equipo-de-audio-y-sonido-tecnologia-2\/bocinas-equipo-de-audio-y-sonido-tecnologia-2\/bocina-portatil-urrea-surtek-bp01-via-bluethooth-con-lampara\/#breadcrumb","itemListElement":[{"@type":"ListItem","position":1,"name":"Inicio","item":"https:\/\/thoro.com.mx\/ethoro\/"},{"@type":"ListItem","position":2,"name":"Tienda","item":"https:\/\/thoro.com.mx\/ethoro\/shop\/"},{"@type":"ListItem","position":3,"name":"BOCINA PORT\u00c1TIL URREA SURTEK BP01 V\u00cdA BLUETHOOTH CON L\u00c1MPARA"}]},{"@type":"WebSite","@id":"https:\/\/72.167.50.119\/ethoro\/#website","url":"https:\/\/72.167.50.119\/ethoro\/","name":"Thoro Enterprises de M\u00e9xico","description":"Todo en Thoro","publisher":{"@id":"https:\/\/72.167.50.119\/ethoro\/#organization"},"alternateName":"Thoro shop","potentialAction":[{"@type":"SearchAction","target":{"@type":"EntryPoint","urlTemplate":"https:\/\/72.167.50.119\/ethoro\/?s={search_term_string}"},"query-input":{"@type":"PropertyValueSpecification","valueRequired":true,"valueName":"search_term_string"}}],"inLanguage":"es"},{"@type":"Organization","@id":"https:\/\/72.167.50.119\/ethoro\/#organization","name":"Thoro Enterprises de M\u00e9xico","alternateName":"Thoro shop","url":"https:\/\/72.167.50.119\/ethoro\/","logo":{"@type":"ImageObject","inLanguage":"es","@id":"https:\/\/72.167.50.119\/ethoro\/#\/schema\/logo\/image\/","url":"https:\/\/72.167.50.119\/ethoro\/wp-content\/uploads\/2025\/01\/cropped-cropped-icono_t-180x180-1.png","contentUrl":"https:\/\/72.167.50.119\/ethoro\/wp-content\/uploads\/2025\/01\/cropped-cropped-icono_t-180x180-1.png","width":512,"height":512,"caption":"Thoro Enterprises de M\u00e9xico"},"image":{"@id":"https:\/\/72.167.50.119\/ethoro\/#\/schema\/logo\/image\/"},"sameAs":["https:\/\/www.facebook.com\/ThoroEnterprises","https:\/\/www.instagram.com\/thoro.mexico\/"]}]}},"_links":{"self":[{"href":"https:\/\/thoro.com.mx\/ethoro\/wp-json\/wp\/v2\/product\/2782","targetHints":{"allow":["GET"]}}],"collection":[{"href":"https:\/\/thoro.com.mx\/ethoro\/wp-json\/wp\/v2\/product"}],"about":[{"href":"https:\/\/thoro.com.mx\/ethoro\/wp-json\/wp\/v2\/types\/product"}],"replies":[{"embeddable":true,"href":"https:\/\/thoro.com.mx\/ethoro\/wp-json\/wp\/v2\/comments?post=2782"}],"wp:featuredmedia":[{"embeddable":true,"href":"https:\/\/thoro.com.mx\/ethoro\/wp-json\/wp\/v2\/media\/2781"}],"wp:attachment":[{"href":"https:\/\/thoro.com.mx\/ethoro\/wp-json\/wp\/v2\/media?parent=2782"}],"wp:term":[{"taxonomy":"product_brand","embeddable":true,"href":"https:\/\/thoro.com.mx\/ethoro\/wp-json\/wp\/v2\/product_brand?post=2782"},{"taxonomy":"product_cat","embeddable":true,"href":"https:\/\/thoro.com.mx\/ethoro\/wp-json\/wp\/v2\/product_cat?post=2782"},{"taxonomy":"product_tag","embeddable":true,"href":"https:\/\/thoro.com.mx\/ethoro\/wp-json\/wp\/v2\/product_tag?post=2782"}],"curies":[{"name":"wp","href":"https:\/\/api.w.org\/{rel}","templated":true}]}}