{"id":27857,"date":"2025-02-23T00:24:01","date_gmt":"2025-02-23T06:24:01","guid":{"rendered":"https:\/\/72.167.50.119\/ethoro\/shop\/sin categor\u00eda\/lampara-de-taller-urrea-ltu20r-recargable-240-lumens\/"},"modified":"2025-03-03T02:08:02","modified_gmt":"2025-03-03T08:08:02","slug":"lampara-de-taller-urrea-ltu20r-recargable-240-lumens","status":"publish","type":"product","link":"https:\/\/thoro.com.mx\/ethoro\/shop\/material-electrico\/iluminacion-material-electrico\/lamparas-y-linternas\/lampara-de-taller-urrea-ltu20r-recargable-240-lumens\/","title":{"rendered":"LAMPARA DE TALLER URREA LTU20R RECARGABLE 240 LUMENS"},"content":{"rendered":"<h4>LTU20R<\/h4>\n<ul>\n<li>Uso industrial<\/li>\n<li>9 SMD m\u00e1s 1 led<\/li>\n<li>Temperatura de 6 500 k<\/li>\n<li>3 watts<\/li>\n<li>Tecnolog\u00eda Litio-Ion<\/li>\n<li>Aislamiento IPX4<\/li>\n<li>Resistente a ca\u00eddas de hasta 1m<\/li>\n<li>Led superior<\/li>\n<li>Pantalla de PC<\/li>\n<li>Cuerpo ABS<\/li>\n<li>Gancho 360\u00b0 y clip para cintur\u00f3n <\/li>\n<li>Base magn\u00e9tica<\/li>\n<li>15 000 horas de vida<\/li>\n<li>Diferentes modos de luz<\/li>\n<li>Base giratorio 180\u00b0<\/li>\n<li>Resistente a ca\u00eddas (1m)<\/li>\n<li>Distancia de luz 20 m <\/li>\n<li>Tiempo de carga 4 horas <\/li>\n<li>Tiempo de descarga 3-8 horas<\/li>\n<li>Ideal para espacios reducidos, talleres, camping o como luz de emergencia<\/li>\n<\/ul>\n","protected":false},"excerpt":{"rendered":"<p>LTU20R Uso industrial 9 SMD m\u00e1s 1 led Temperatura de 6 500 k 3 watts Tecnolog\u00eda Litio-Ion Aislamiento IPX4 Resistente a ca\u00eddas de hasta 1m Led superior Pantalla de PC Cuerpo ABS Gancho 360\u00b0 y clip para cintur\u00f3n Base magn\u00e9tica 15 000 horas de vida Diferentes modos de luz Base giratorio 180\u00b0 Resistente a ca\u00eddas [&hellip;]<\/p>\n","protected":false},"featured_media":0,"comment_status":"open","ping_status":"closed","template":"","meta":{"_monsterinsights_skip_tracking":false,"_monsterinsights_sitenote_active":false,"_monsterinsights_sitenote_note":"","_monsterinsights_sitenote_category":0,"_joinchat":[]},"product_brand":[],"product_cat":[439],"product_tag":[],"class_list":{"0":"post-27857","1":"product","2":"type-product","3":"status-publish","5":"product_cat-lamparas-y-linternas","7":"first","8":"outofstock","9":"taxable","10":"shipping-taxable","11":"purchasable","12":"product-type-simple","13":"add-to-wishlist-after_add_to_cart"},"yoast_head":"<!-- This site is optimized with the Yoast SEO plugin v27.3 - https:\/\/yoast.com\/product\/yoast-seo-wordpress\/ -->\n<title>LAMPARA DE TALLER URREA LTU20R RECARGABLE 240 LUMENS - Thoro enterprises de Mexico<\/title>\n<meta name=\"robots\" content=\"noindex, follow\" \/>\n<meta property=\"og:locale\" content=\"es_MX\" \/>\n<meta property=\"og:type\" content=\"article\" \/>\n<meta property=\"og:title\" content=\"LAMPARA DE TALLER URREA LTU20R RECARGABLE 240 LUMENS - Thoro enterprises de Mexico\" \/>\n<meta property=\"og:description\" content=\"LTU20R Uso industrial 9 SMD m\u00e1s 1 led Temperatura de 6 500 k 3 watts Tecnolog\u00eda Litio-Ion Aislamiento IPX4 Resistente a ca\u00eddas de hasta 1m Led superior Pantalla de PC Cuerpo ABS Gancho 360\u00b0 y clip para cintur\u00f3n Base magn\u00e9tica 15 000 horas de vida Diferentes modos de luz Base giratorio 180\u00b0 Resistente a ca\u00eddas [&hellip;]\" \/>\n<meta property=\"og:url\" content=\"https:\/\/thoro.com.mx\/ethoro\/shop\/material-electrico\/iluminacion-material-electrico\/lamparas-y-linternas\/lampara-de-taller-urrea-ltu20r-recargable-240-lumens\/\" \/>\n<meta property=\"og:site_name\" content=\"Thoro enterprises de Mexico\" \/>\n<meta property=\"article:publisher\" content=\"https:\/\/www.facebook.com\/ThoroEnterprises\" \/>\n<meta property=\"article:modified_time\" content=\"2025-03-03T08:08:02+00:00\" \/>\n<meta property=\"og:image\" content=\"https:\/\/thoro.com.mx\/ethoro\/wp-content\/uploads\/2025\/02\/ME0346.jpg\" \/>\n\t<meta property=\"og:image:width\" content=\"1000\" \/>\n\t<meta property=\"og:image:height\" content=\"1000\" \/>\n\t<meta property=\"og:image:type\" content=\"image\/jpeg\" \/>\n<meta name=\"twitter:card\" content=\"summary_large_image\" \/>\n<script type=\"application\/ld+json\" class=\"yoast-schema-graph\">{\"@context\":\"https:\\\/\\\/schema.org\",\"@graph\":[{\"@type\":\"WebPage\",\"@id\":\"https:\\\/\\\/thoro.com.mx\\\/ethoro\\\/shop\\\/material-electrico\\\/iluminacion-material-electrico\\\/lamparas-y-linternas\\\/lampara-de-taller-urrea-ltu20r-recargable-240-lumens\\\/\",\"url\":\"https:\\\/\\\/thoro.com.mx\\\/ethoro\\\/shop\\\/material-electrico\\\/iluminacion-material-electrico\\\/lamparas-y-linternas\\\/lampara-de-taller-urrea-ltu20r-recargable-240-lumens\\\/\",\"name\":\"LAMPARA DE TALLER URREA LTU20R RECARGABLE 240 LUMENS - Thoro enterprises de Mexico\",\"isPartOf\":{\"@id\":\"https:\\\/\\\/72.167.50.119\\\/ethoro\\\/#website\"},\"datePublished\":\"2025-02-23T06:24:01+00:00\",\"dateModified\":\"2025-03-03T08:08:02+00:00\",\"breadcrumb\":{\"@id\":\"https:\\\/\\\/thoro.com.mx\\\/ethoro\\\/shop\\\/material-electrico\\\/iluminacion-material-electrico\\\/lamparas-y-linternas\\\/lampara-de-taller-urrea-ltu20r-recargable-240-lumens\\\/#breadcrumb\"},\"inLanguage\":\"es\",\"potentialAction\":[{\"@type\":\"ReadAction\",\"target\":[\"https:\\\/\\\/thoro.com.mx\\\/ethoro\\\/shop\\\/material-electrico\\\/iluminacion-material-electrico\\\/lamparas-y-linternas\\\/lampara-de-taller-urrea-ltu20r-recargable-240-lumens\\\/\"]}]},{\"@type\":\"BreadcrumbList\",\"@id\":\"https:\\\/\\\/thoro.com.mx\\\/ethoro\\\/shop\\\/material-electrico\\\/iluminacion-material-electrico\\\/lamparas-y-linternas\\\/lampara-de-taller-urrea-ltu20r-recargable-240-lumens\\\/#breadcrumb\",\"itemListElement\":[{\"@type\":\"ListItem\",\"position\":1,\"name\":\"Inicio\",\"item\":\"https:\\\/\\\/thoro.com.mx\\\/ethoro\\\/\"},{\"@type\":\"ListItem\",\"position\":2,\"name\":\"Tienda\",\"item\":\"https:\\\/\\\/thoro.com.mx\\\/ethoro\\\/shop\\\/\"},{\"@type\":\"ListItem\",\"position\":3,\"name\":\"LAMPARA DE TALLER URREA LTU20R RECARGABLE 240 LUMENS\"}]},{\"@type\":\"WebSite\",\"@id\":\"https:\\\/\\\/72.167.50.119\\\/ethoro\\\/#website\",\"url\":\"https:\\\/\\\/72.167.50.119\\\/ethoro\\\/\",\"name\":\"Thoro Enterprises de M\u00e9xico\",\"description\":\"Todo en Thoro\",\"publisher\":{\"@id\":\"https:\\\/\\\/72.167.50.119\\\/ethoro\\\/#organization\"},\"alternateName\":\"Thoro shop\",\"potentialAction\":[{\"@type\":\"SearchAction\",\"target\":{\"@type\":\"EntryPoint\",\"urlTemplate\":\"https:\\\/\\\/72.167.50.119\\\/ethoro\\\/?s={search_term_string}\"},\"query-input\":{\"@type\":\"PropertyValueSpecification\",\"valueRequired\":true,\"valueName\":\"search_term_string\"}}],\"inLanguage\":\"es\"},{\"@type\":\"Organization\",\"@id\":\"https:\\\/\\\/72.167.50.119\\\/ethoro\\\/#organization\",\"name\":\"Thoro Enterprises de M\u00e9xico\",\"alternateName\":\"Thoro shop\",\"url\":\"https:\\\/\\\/72.167.50.119\\\/ethoro\\\/\",\"logo\":{\"@type\":\"ImageObject\",\"inLanguage\":\"es\",\"@id\":\"https:\\\/\\\/72.167.50.119\\\/ethoro\\\/#\\\/schema\\\/logo\\\/image\\\/\",\"url\":\"https:\\\/\\\/72.167.50.119\\\/ethoro\\\/wp-content\\\/uploads\\\/2025\\\/01\\\/cropped-cropped-icono_t-180x180-1.png\",\"contentUrl\":\"https:\\\/\\\/72.167.50.119\\\/ethoro\\\/wp-content\\\/uploads\\\/2025\\\/01\\\/cropped-cropped-icono_t-180x180-1.png\",\"width\":512,\"height\":512,\"caption\":\"Thoro Enterprises de M\u00e9xico\"},\"image\":{\"@id\":\"https:\\\/\\\/72.167.50.119\\\/ethoro\\\/#\\\/schema\\\/logo\\\/image\\\/\"},\"sameAs\":[\"https:\\\/\\\/www.facebook.com\\\/ThoroEnterprises\",\"https:\\\/\\\/www.instagram.com\\\/thoro.mexico\\\/\"]}]}<\/script>\n<!-- \/ Yoast SEO plugin. -->","yoast_head_json":{"title":"LAMPARA DE TALLER URREA LTU20R RECARGABLE 240 LUMENS - Thoro enterprises de Mexico","robots":{"index":"noindex","follow":"follow"},"og_locale":"es_MX","og_type":"article","og_title":"LAMPARA DE TALLER URREA LTU20R RECARGABLE 240 LUMENS - Thoro enterprises de Mexico","og_description":"LTU20R Uso industrial 9 SMD m\u00e1s 1 led Temperatura de 6 500 k 3 watts Tecnolog\u00eda Litio-Ion Aislamiento IPX4 Resistente a ca\u00eddas de hasta 1m Led superior Pantalla de PC Cuerpo ABS Gancho 360\u00b0 y clip para cintur\u00f3n Base magn\u00e9tica 15 000 horas de vida Diferentes modos de luz Base giratorio 180\u00b0 Resistente a ca\u00eddas [&hellip;]","og_url":"https:\/\/thoro.com.mx\/ethoro\/shop\/material-electrico\/iluminacion-material-electrico\/lamparas-y-linternas\/lampara-de-taller-urrea-ltu20r-recargable-240-lumens\/","og_site_name":"Thoro enterprises de Mexico","article_publisher":"https:\/\/www.facebook.com\/ThoroEnterprises","article_modified_time":"2025-03-03T08:08:02+00:00","og_image":[{"width":1000,"height":1000,"url":"https:\/\/thoro.com.mx\/ethoro\/wp-content\/uploads\/2025\/02\/ME0346.jpg","type":"image\/jpeg"}],"twitter_card":"summary_large_image","schema":{"@context":"https:\/\/schema.org","@graph":[{"@type":"WebPage","@id":"https:\/\/thoro.com.mx\/ethoro\/shop\/material-electrico\/iluminacion-material-electrico\/lamparas-y-linternas\/lampara-de-taller-urrea-ltu20r-recargable-240-lumens\/","url":"https:\/\/thoro.com.mx\/ethoro\/shop\/material-electrico\/iluminacion-material-electrico\/lamparas-y-linternas\/lampara-de-taller-urrea-ltu20r-recargable-240-lumens\/","name":"LAMPARA DE TALLER URREA LTU20R RECARGABLE 240 LUMENS - Thoro enterprises de Mexico","isPartOf":{"@id":"https:\/\/72.167.50.119\/ethoro\/#website"},"datePublished":"2025-02-23T06:24:01+00:00","dateModified":"2025-03-03T08:08:02+00:00","breadcrumb":{"@id":"https:\/\/thoro.com.mx\/ethoro\/shop\/material-electrico\/iluminacion-material-electrico\/lamparas-y-linternas\/lampara-de-taller-urrea-ltu20r-recargable-240-lumens\/#breadcrumb"},"inLanguage":"es","potentialAction":[{"@type":"ReadAction","target":["https:\/\/thoro.com.mx\/ethoro\/shop\/material-electrico\/iluminacion-material-electrico\/lamparas-y-linternas\/lampara-de-taller-urrea-ltu20r-recargable-240-lumens\/"]}]},{"@type":"BreadcrumbList","@id":"https:\/\/thoro.com.mx\/ethoro\/shop\/material-electrico\/iluminacion-material-electrico\/lamparas-y-linternas\/lampara-de-taller-urrea-ltu20r-recargable-240-lumens\/#breadcrumb","itemListElement":[{"@type":"ListItem","position":1,"name":"Inicio","item":"https:\/\/thoro.com.mx\/ethoro\/"},{"@type":"ListItem","position":2,"name":"Tienda","item":"https:\/\/thoro.com.mx\/ethoro\/shop\/"},{"@type":"ListItem","position":3,"name":"LAMPARA DE TALLER URREA LTU20R RECARGABLE 240 LUMENS"}]},{"@type":"WebSite","@id":"https:\/\/72.167.50.119\/ethoro\/#website","url":"https:\/\/72.167.50.119\/ethoro\/","name":"Thoro Enterprises de M\u00e9xico","description":"Todo en Thoro","publisher":{"@id":"https:\/\/72.167.50.119\/ethoro\/#organization"},"alternateName":"Thoro shop","potentialAction":[{"@type":"SearchAction","target":{"@type":"EntryPoint","urlTemplate":"https:\/\/72.167.50.119\/ethoro\/?s={search_term_string}"},"query-input":{"@type":"PropertyValueSpecification","valueRequired":true,"valueName":"search_term_string"}}],"inLanguage":"es"},{"@type":"Organization","@id":"https:\/\/72.167.50.119\/ethoro\/#organization","name":"Thoro Enterprises de M\u00e9xico","alternateName":"Thoro shop","url":"https:\/\/72.167.50.119\/ethoro\/","logo":{"@type":"ImageObject","inLanguage":"es","@id":"https:\/\/72.167.50.119\/ethoro\/#\/schema\/logo\/image\/","url":"https:\/\/72.167.50.119\/ethoro\/wp-content\/uploads\/2025\/01\/cropped-cropped-icono_t-180x180-1.png","contentUrl":"https:\/\/72.167.50.119\/ethoro\/wp-content\/uploads\/2025\/01\/cropped-cropped-icono_t-180x180-1.png","width":512,"height":512,"caption":"Thoro Enterprises de M\u00e9xico"},"image":{"@id":"https:\/\/72.167.50.119\/ethoro\/#\/schema\/logo\/image\/"},"sameAs":["https:\/\/www.facebook.com\/ThoroEnterprises","https:\/\/www.instagram.com\/thoro.mexico\/"]}]}},"_links":{"self":[{"href":"https:\/\/thoro.com.mx\/ethoro\/wp-json\/wp\/v2\/product\/27857","targetHints":{"allow":["GET"]}}],"collection":[{"href":"https:\/\/thoro.com.mx\/ethoro\/wp-json\/wp\/v2\/product"}],"about":[{"href":"https:\/\/thoro.com.mx\/ethoro\/wp-json\/wp\/v2\/types\/product"}],"replies":[{"embeddable":true,"href":"https:\/\/thoro.com.mx\/ethoro\/wp-json\/wp\/v2\/comments?post=27857"}],"wp:attachment":[{"href":"https:\/\/thoro.com.mx\/ethoro\/wp-json\/wp\/v2\/media?parent=27857"}],"wp:term":[{"taxonomy":"product_brand","embeddable":true,"href":"https:\/\/thoro.com.mx\/ethoro\/wp-json\/wp\/v2\/product_brand?post=27857"},{"taxonomy":"product_cat","embeddable":true,"href":"https:\/\/thoro.com.mx\/ethoro\/wp-json\/wp\/v2\/product_cat?post=27857"},{"taxonomy":"product_tag","embeddable":true,"href":"https:\/\/thoro.com.mx\/ethoro\/wp-json\/wp\/v2\/product_tag?post=27857"}],"curies":[{"name":"wp","href":"https:\/\/api.w.org\/{rel}","templated":true}]}}