{"id":3635,"date":"2025-01-31T17:36:25","date_gmt":"2025-01-31T23:36:25","guid":{"rendered":"https:\/\/72.167.50.119\/ethoro\/shop\/sin categor\u00eda\/dado-de-impacto-urrea-7418mt-metrico-cuadro-de-1-2-con-12-puntas-18-milimetros\/"},"modified":"2026-04-08T00:07:14","modified_gmt":"2026-04-08T06:07:14","slug":"dado-de-impacto-urrea-7418mt-metrico-cuadro-de-1-2-con-12-puntas-18-milimetros","status":"publish","type":"product","link":"https:\/\/thoro.com.mx\/ethoro\/shop\/herramientas\/herramientas-neumaticas\/dados-de-impacto\/dado-de-impacto-urrea-7418mt-metrico-cuadro-de-1-2-con-12-puntas-18-milimetros\/","title":{"rendered":"DADO DE IMPACTO URREA 7418MT M\u00c9TRICO CUADRO DE 1\/2&#8221; CON 12 PUNTAS 18 MILIMETROS"},"content":{"rendered":"<h4>7418MT<\/h4>\n<ul>\n<li>Su dise\u00f1o de 12 puntas distribuye los esfuerzos en una zona mayor de las caras activas de la tuerca, m\u00e1s hacia el centro, no en las aristas, los esfuerzos se distribuyen en los l\u00f3bulos de la geometr\u00eda, permite mayor rapidez para embonar en tuercas y\/o tornillos hexagonales y cuadrados, gracias a su geometr\u00eda (super drive\u00ae)<\/li>\n<li>Profundidad estr\u00eda 12.7mm<\/li>\n<li>Di\u00e1metro exterior de boca 28mm<\/li>\n<li>Longitud total 1 1\/2&#8243;<\/li>\n<li>Tipo de boca cuadrado<\/li>\n<li>Medida de boca 18mm<\/li>\n<li>Di\u00e1metro exterior de cuadro 28mm<\/li>\n<li>Material cromo-molibdeno<\/li>\n<li>Acabado fosfatizado<\/li>\n<li>Medida de cuadro 1\/2&#8243;<\/li>\n<li>N\u00famero de puntas 12 <\/li>\n<li><\/li>\n<li><\/li>\n<\/ul>\n","protected":false},"excerpt":{"rendered":"<p>7418MT Su dise\u00f1o de 12 puntas distribuye los esfuerzos en una zona mayor de las caras activas de la tuerca, m\u00e1s hacia el centro, no en las aristas, los esfuerzos se distribuyen en los l\u00f3bulos de la geometr\u00eda, permite mayor rapidez para embonar en tuercas y\/o tornillos hexagonales y cuadrados, gracias a su geometr\u00eda (super [&hellip;]<\/p>\n","protected":false},"featured_media":3634,"comment_status":"open","ping_status":"closed","template":"","meta":{"_monsterinsights_skip_tracking":false,"_monsterinsights_sitenote_active":false,"_monsterinsights_sitenote_note":"","_monsterinsights_sitenote_category":0,"_joinchat":[]},"product_brand":[],"product_cat":[379],"product_tag":[],"class_list":{"0":"post-3635","1":"product","2":"type-product","3":"status-publish","4":"has-post-thumbnail","6":"product_cat-dados-de-impacto","8":"first","9":"instock","10":"sale","11":"taxable","12":"shipping-taxable","13":"purchasable","14":"product-type-simple","15":"add-to-wishlist-after_add_to_cart"},"yoast_head":"<!-- This site is optimized with the Yoast SEO plugin v27.1.1 - https:\/\/yoast.com\/product\/yoast-seo-wordpress\/ -->\n<title>DADO DE IMPACTO URREA 7418MT M\u00c9TRICO CUADRO DE 1\/2&#039;&#039; CON 12 PUNTAS 18 MILIMETROS - Thoro enterprises de Mexico<\/title>\n<meta name=\"robots\" content=\"noindex, follow\" \/>\n<meta property=\"og:locale\" content=\"es_MX\" \/>\n<meta property=\"og:type\" content=\"article\" \/>\n<meta property=\"og:title\" content=\"DADO DE IMPACTO URREA 7418MT M\u00c9TRICO CUADRO DE 1\/2&#039;&#039; CON 12 PUNTAS 18 MILIMETROS - Thoro enterprises de Mexico\" \/>\n<meta property=\"og:description\" content=\"7418MT Su dise\u00f1o de 12 puntas distribuye los esfuerzos en una zona mayor de las caras activas de la tuerca, m\u00e1s hacia el centro, no en las aristas, los esfuerzos se distribuyen en los l\u00f3bulos de la geometr\u00eda, permite mayor rapidez para embonar en tuercas y\/o tornillos hexagonales y cuadrados, gracias a su geometr\u00eda (super [&hellip;]\" \/>\n<meta property=\"og:url\" content=\"https:\/\/thoro.com.mx\/ethoro\/shop\/herramientas\/herramientas-neumaticas\/dados-de-impacto\/dado-de-impacto-urrea-7418mt-metrico-cuadro-de-1-2-con-12-puntas-18-milimetros\/\" \/>\n<meta property=\"og:site_name\" content=\"Thoro enterprises de Mexico\" \/>\n<meta property=\"article:publisher\" content=\"https:\/\/www.facebook.com\/ThoroEnterprises\" \/>\n<meta property=\"article:modified_time\" content=\"2026-04-08T06:07:14+00:00\" \/>\n<meta property=\"og:image\" content=\"https:\/\/thoro.com.mx\/ethoro\/wp-content\/uploads\/2025\/01\/H10152.jpg\" \/>\n\t<meta property=\"og:image:width\" content=\"1000\" \/>\n\t<meta property=\"og:image:height\" content=\"1000\" \/>\n\t<meta property=\"og:image:type\" content=\"image\/jpeg\" \/>\n<meta name=\"twitter:card\" content=\"summary_large_image\" \/>\n<script type=\"application\/ld+json\" class=\"yoast-schema-graph\">{\"@context\":\"https:\/\/schema.org\",\"@graph\":[{\"@type\":\"WebPage\",\"@id\":\"https:\/\/thoro.com.mx\/ethoro\/shop\/herramientas\/herramientas-neumaticas\/dados-de-impacto\/dado-de-impacto-urrea-7418mt-metrico-cuadro-de-1-2-con-12-puntas-18-milimetros\/\",\"url\":\"https:\/\/thoro.com.mx\/ethoro\/shop\/herramientas\/herramientas-neumaticas\/dados-de-impacto\/dado-de-impacto-urrea-7418mt-metrico-cuadro-de-1-2-con-12-puntas-18-milimetros\/\",\"name\":\"DADO DE IMPACTO URREA 7418MT M\u00c9TRICO CUADRO DE 1\/2'' CON 12 PUNTAS 18 MILIMETROS - Thoro enterprises de Mexico\",\"isPartOf\":{\"@id\":\"https:\/\/72.167.50.119\/ethoro\/#website\"},\"primaryImageOfPage\":{\"@id\":\"https:\/\/thoro.com.mx\/ethoro\/shop\/herramientas\/herramientas-neumaticas\/dados-de-impacto\/dado-de-impacto-urrea-7418mt-metrico-cuadro-de-1-2-con-12-puntas-18-milimetros\/#primaryimage\"},\"image\":{\"@id\":\"https:\/\/thoro.com.mx\/ethoro\/shop\/herramientas\/herramientas-neumaticas\/dados-de-impacto\/dado-de-impacto-urrea-7418mt-metrico-cuadro-de-1-2-con-12-puntas-18-milimetros\/#primaryimage\"},\"thumbnailUrl\":\"https:\/\/thoro.com.mx\/ethoro\/wp-content\/uploads\/2025\/01\/H10152.jpg\",\"datePublished\":\"2025-01-31T23:36:25+00:00\",\"dateModified\":\"2026-04-08T06:07:14+00:00\",\"breadcrumb\":{\"@id\":\"https:\/\/thoro.com.mx\/ethoro\/shop\/herramientas\/herramientas-neumaticas\/dados-de-impacto\/dado-de-impacto-urrea-7418mt-metrico-cuadro-de-1-2-con-12-puntas-18-milimetros\/#breadcrumb\"},\"inLanguage\":\"es\",\"potentialAction\":[{\"@type\":\"ReadAction\",\"target\":[\"https:\/\/thoro.com.mx\/ethoro\/shop\/herramientas\/herramientas-neumaticas\/dados-de-impacto\/dado-de-impacto-urrea-7418mt-metrico-cuadro-de-1-2-con-12-puntas-18-milimetros\/\"]}]},{\"@type\":\"ImageObject\",\"inLanguage\":\"es\",\"@id\":\"https:\/\/thoro.com.mx\/ethoro\/shop\/herramientas\/herramientas-neumaticas\/dados-de-impacto\/dado-de-impacto-urrea-7418mt-metrico-cuadro-de-1-2-con-12-puntas-18-milimetros\/#primaryimage\",\"url\":\"https:\/\/thoro.com.mx\/ethoro\/wp-content\/uploads\/2025\/01\/H10152.jpg\",\"contentUrl\":\"https:\/\/thoro.com.mx\/ethoro\/wp-content\/uploads\/2025\/01\/H10152.jpg\",\"width\":1000,\"height\":1000},{\"@type\":\"BreadcrumbList\",\"@id\":\"https:\/\/thoro.com.mx\/ethoro\/shop\/herramientas\/herramientas-neumaticas\/dados-de-impacto\/dado-de-impacto-urrea-7418mt-metrico-cuadro-de-1-2-con-12-puntas-18-milimetros\/#breadcrumb\",\"itemListElement\":[{\"@type\":\"ListItem\",\"position\":1,\"name\":\"Inicio\",\"item\":\"https:\/\/thoro.com.mx\/ethoro\/\"},{\"@type\":\"ListItem\",\"position\":2,\"name\":\"Tienda\",\"item\":\"https:\/\/thoro.com.mx\/ethoro\/shop\/\"},{\"@type\":\"ListItem\",\"position\":3,\"name\":\"DADO DE IMPACTO URREA 7418MT M\u00c9TRICO CUADRO DE 1\/2&#8221; CON 12 PUNTAS 18 MILIMETROS\"}]},{\"@type\":\"WebSite\",\"@id\":\"https:\/\/72.167.50.119\/ethoro\/#website\",\"url\":\"https:\/\/72.167.50.119\/ethoro\/\",\"name\":\"Thoro Enterprises de M\u00e9xico\",\"description\":\"Todo en Thoro\",\"publisher\":{\"@id\":\"https:\/\/72.167.50.119\/ethoro\/#organization\"},\"alternateName\":\"Thoro shop\",\"potentialAction\":[{\"@type\":\"SearchAction\",\"target\":{\"@type\":\"EntryPoint\",\"urlTemplate\":\"https:\/\/72.167.50.119\/ethoro\/?s={search_term_string}\"},\"query-input\":{\"@type\":\"PropertyValueSpecification\",\"valueRequired\":true,\"valueName\":\"search_term_string\"}}],\"inLanguage\":\"es\"},{\"@type\":\"Organization\",\"@id\":\"https:\/\/72.167.50.119\/ethoro\/#organization\",\"name\":\"Thoro Enterprises de M\u00e9xico\",\"alternateName\":\"Thoro shop\",\"url\":\"https:\/\/72.167.50.119\/ethoro\/\",\"logo\":{\"@type\":\"ImageObject\",\"inLanguage\":\"es\",\"@id\":\"https:\/\/72.167.50.119\/ethoro\/#\/schema\/logo\/image\/\",\"url\":\"https:\/\/72.167.50.119\/ethoro\/wp-content\/uploads\/2025\/01\/cropped-cropped-icono_t-180x180-1.png\",\"contentUrl\":\"https:\/\/72.167.50.119\/ethoro\/wp-content\/uploads\/2025\/01\/cropped-cropped-icono_t-180x180-1.png\",\"width\":512,\"height\":512,\"caption\":\"Thoro Enterprises de M\u00e9xico\"},\"image\":{\"@id\":\"https:\/\/72.167.50.119\/ethoro\/#\/schema\/logo\/image\/\"},\"sameAs\":[\"https:\/\/www.facebook.com\/ThoroEnterprises\",\"https:\/\/www.instagram.com\/thoro.mexico\/\"]}]}<\/script>\n<!-- \/ Yoast SEO plugin. -->","yoast_head_json":{"title":"DADO DE IMPACTO URREA 7418MT M\u00c9TRICO CUADRO DE 1\/2'' CON 12 PUNTAS 18 MILIMETROS - Thoro enterprises de Mexico","robots":{"index":"noindex","follow":"follow"},"og_locale":"es_MX","og_type":"article","og_title":"DADO DE IMPACTO URREA 7418MT M\u00c9TRICO CUADRO DE 1\/2'' CON 12 PUNTAS 18 MILIMETROS - Thoro enterprises de Mexico","og_description":"7418MT Su dise\u00f1o de 12 puntas distribuye los esfuerzos en una zona mayor de las caras activas de la tuerca, m\u00e1s hacia el centro, no en las aristas, los esfuerzos se distribuyen en los l\u00f3bulos de la geometr\u00eda, permite mayor rapidez para embonar en tuercas y\/o tornillos hexagonales y cuadrados, gracias a su geometr\u00eda (super [&hellip;]","og_url":"https:\/\/thoro.com.mx\/ethoro\/shop\/herramientas\/herramientas-neumaticas\/dados-de-impacto\/dado-de-impacto-urrea-7418mt-metrico-cuadro-de-1-2-con-12-puntas-18-milimetros\/","og_site_name":"Thoro enterprises de Mexico","article_publisher":"https:\/\/www.facebook.com\/ThoroEnterprises","article_modified_time":"2026-04-08T06:07:14+00:00","og_image":[{"width":1000,"height":1000,"url":"https:\/\/thoro.com.mx\/ethoro\/wp-content\/uploads\/2025\/01\/H10152.jpg","type":"image\/jpeg"}],"twitter_card":"summary_large_image","schema":{"@context":"https:\/\/schema.org","@graph":[{"@type":"WebPage","@id":"https:\/\/thoro.com.mx\/ethoro\/shop\/herramientas\/herramientas-neumaticas\/dados-de-impacto\/dado-de-impacto-urrea-7418mt-metrico-cuadro-de-1-2-con-12-puntas-18-milimetros\/","url":"https:\/\/thoro.com.mx\/ethoro\/shop\/herramientas\/herramientas-neumaticas\/dados-de-impacto\/dado-de-impacto-urrea-7418mt-metrico-cuadro-de-1-2-con-12-puntas-18-milimetros\/","name":"DADO DE IMPACTO URREA 7418MT M\u00c9TRICO CUADRO DE 1\/2'' CON 12 PUNTAS 18 MILIMETROS - Thoro enterprises de Mexico","isPartOf":{"@id":"https:\/\/72.167.50.119\/ethoro\/#website"},"primaryImageOfPage":{"@id":"https:\/\/thoro.com.mx\/ethoro\/shop\/herramientas\/herramientas-neumaticas\/dados-de-impacto\/dado-de-impacto-urrea-7418mt-metrico-cuadro-de-1-2-con-12-puntas-18-milimetros\/#primaryimage"},"image":{"@id":"https:\/\/thoro.com.mx\/ethoro\/shop\/herramientas\/herramientas-neumaticas\/dados-de-impacto\/dado-de-impacto-urrea-7418mt-metrico-cuadro-de-1-2-con-12-puntas-18-milimetros\/#primaryimage"},"thumbnailUrl":"https:\/\/thoro.com.mx\/ethoro\/wp-content\/uploads\/2025\/01\/H10152.jpg","datePublished":"2025-01-31T23:36:25+00:00","dateModified":"2026-04-08T06:07:14+00:00","breadcrumb":{"@id":"https:\/\/thoro.com.mx\/ethoro\/shop\/herramientas\/herramientas-neumaticas\/dados-de-impacto\/dado-de-impacto-urrea-7418mt-metrico-cuadro-de-1-2-con-12-puntas-18-milimetros\/#breadcrumb"},"inLanguage":"es","potentialAction":[{"@type":"ReadAction","target":["https:\/\/thoro.com.mx\/ethoro\/shop\/herramientas\/herramientas-neumaticas\/dados-de-impacto\/dado-de-impacto-urrea-7418mt-metrico-cuadro-de-1-2-con-12-puntas-18-milimetros\/"]}]},{"@type":"ImageObject","inLanguage":"es","@id":"https:\/\/thoro.com.mx\/ethoro\/shop\/herramientas\/herramientas-neumaticas\/dados-de-impacto\/dado-de-impacto-urrea-7418mt-metrico-cuadro-de-1-2-con-12-puntas-18-milimetros\/#primaryimage","url":"https:\/\/thoro.com.mx\/ethoro\/wp-content\/uploads\/2025\/01\/H10152.jpg","contentUrl":"https:\/\/thoro.com.mx\/ethoro\/wp-content\/uploads\/2025\/01\/H10152.jpg","width":1000,"height":1000},{"@type":"BreadcrumbList","@id":"https:\/\/thoro.com.mx\/ethoro\/shop\/herramientas\/herramientas-neumaticas\/dados-de-impacto\/dado-de-impacto-urrea-7418mt-metrico-cuadro-de-1-2-con-12-puntas-18-milimetros\/#breadcrumb","itemListElement":[{"@type":"ListItem","position":1,"name":"Inicio","item":"https:\/\/thoro.com.mx\/ethoro\/"},{"@type":"ListItem","position":2,"name":"Tienda","item":"https:\/\/thoro.com.mx\/ethoro\/shop\/"},{"@type":"ListItem","position":3,"name":"DADO DE IMPACTO URREA 7418MT M\u00c9TRICO CUADRO DE 1\/2&#8221; CON 12 PUNTAS 18 MILIMETROS"}]},{"@type":"WebSite","@id":"https:\/\/72.167.50.119\/ethoro\/#website","url":"https:\/\/72.167.50.119\/ethoro\/","name":"Thoro Enterprises de M\u00e9xico","description":"Todo en Thoro","publisher":{"@id":"https:\/\/72.167.50.119\/ethoro\/#organization"},"alternateName":"Thoro shop","potentialAction":[{"@type":"SearchAction","target":{"@type":"EntryPoint","urlTemplate":"https:\/\/72.167.50.119\/ethoro\/?s={search_term_string}"},"query-input":{"@type":"PropertyValueSpecification","valueRequired":true,"valueName":"search_term_string"}}],"inLanguage":"es"},{"@type":"Organization","@id":"https:\/\/72.167.50.119\/ethoro\/#organization","name":"Thoro Enterprises de M\u00e9xico","alternateName":"Thoro shop","url":"https:\/\/72.167.50.119\/ethoro\/","logo":{"@type":"ImageObject","inLanguage":"es","@id":"https:\/\/72.167.50.119\/ethoro\/#\/schema\/logo\/image\/","url":"https:\/\/72.167.50.119\/ethoro\/wp-content\/uploads\/2025\/01\/cropped-cropped-icono_t-180x180-1.png","contentUrl":"https:\/\/72.167.50.119\/ethoro\/wp-content\/uploads\/2025\/01\/cropped-cropped-icono_t-180x180-1.png","width":512,"height":512,"caption":"Thoro Enterprises de M\u00e9xico"},"image":{"@id":"https:\/\/72.167.50.119\/ethoro\/#\/schema\/logo\/image\/"},"sameAs":["https:\/\/www.facebook.com\/ThoroEnterprises","https:\/\/www.instagram.com\/thoro.mexico\/"]}]}},"_links":{"self":[{"href":"https:\/\/thoro.com.mx\/ethoro\/wp-json\/wp\/v2\/product\/3635","targetHints":{"allow":["GET"]}}],"collection":[{"href":"https:\/\/thoro.com.mx\/ethoro\/wp-json\/wp\/v2\/product"}],"about":[{"href":"https:\/\/thoro.com.mx\/ethoro\/wp-json\/wp\/v2\/types\/product"}],"replies":[{"embeddable":true,"href":"https:\/\/thoro.com.mx\/ethoro\/wp-json\/wp\/v2\/comments?post=3635"}],"wp:featuredmedia":[{"embeddable":true,"href":"https:\/\/thoro.com.mx\/ethoro\/wp-json\/wp\/v2\/media\/3634"}],"wp:attachment":[{"href":"https:\/\/thoro.com.mx\/ethoro\/wp-json\/wp\/v2\/media?parent=3635"}],"wp:term":[{"taxonomy":"product_brand","embeddable":true,"href":"https:\/\/thoro.com.mx\/ethoro\/wp-json\/wp\/v2\/product_brand?post=3635"},{"taxonomy":"product_cat","embeddable":true,"href":"https:\/\/thoro.com.mx\/ethoro\/wp-json\/wp\/v2\/product_cat?post=3635"},{"taxonomy":"product_tag","embeddable":true,"href":"https:\/\/thoro.com.mx\/ethoro\/wp-json\/wp\/v2\/product_tag?post=3635"}],"curies":[{"name":"wp","href":"https:\/\/api.w.org\/{rel}","templated":true}]}}