{"id":3878,"date":"2025-01-31T17:38:13","date_gmt":"2025-01-31T23:38:13","guid":{"rendered":"https:\/\/72.167.50.119\/ethoro\/shop\/sin categor\u00eda\/dado-de-impacto-urrea-7330-largo-en-pulgadas-cuadro-de-1-2-12-puntas-15-16\/"},"modified":"2026-04-04T00:07:07","modified_gmt":"2026-04-04T06:07:07","slug":"dado-de-impacto-urrea-7330-largo-en-pulgadas-cuadro-de-1-2-12-puntas-15-16","status":"publish","type":"product","link":"https:\/\/thoro.com.mx\/ethoro\/shop\/herramientas\/herramientas-neumaticas\/dados-de-impacto\/dado-de-impacto-urrea-7330-largo-en-pulgadas-cuadro-de-1-2-12-puntas-15-16\/","title":{"rendered":"DADO DE IMPACTO URREA 7330 LARGO EN PULGADAS CUADRO DE 1\/2&#8221;, 12 PUNTAS, 15\/16&#8221;"},"content":{"rendered":"<h4>7330<\/h4>\n<ul>\n<li>Su dise\u00f1o de 12 puntas distribuye los esfuerzos en una zona mayor de las caras activas de la tuerca, m\u00e1s hacia el centro, no en las aristas.<\/li>\n<li>Los esfuerzos se distribuyen en los l\u00f3bulos de la geometr\u00eda, permite mayor rapidez para embonar en tuercas y\/o tornillos hexagonales y cuadrados, gracias a su geometr\u00eda<\/li>\n<li>Di\u00e1metro Exterior De Boca: 1  3\/16&#8243;<\/li>\n<li>Longitud: 3  3\/16&#8243;<\/li>\n<li>Medida: 15\/16<\/li>\n<li>Profundidad Estr\u00eda: 1&#8243;<\/li>\n<li>Sae<\/li>\n<li>Tama\u00f1o De Impulsor: 1\/2&#8243;<\/li>\n<li>Tipo De Dado: Ii<\/li>\n<li>Tipo De Impulsi\u00f3n: Cuadrado&#8221;<\/li>\n<\/ul>\n","protected":false},"excerpt":{"rendered":"<p>7330 Su dise\u00f1o de 12 puntas distribuye los esfuerzos en una zona mayor de las caras activas de la tuerca, m\u00e1s hacia el centro, no en las aristas. Los esfuerzos se distribuyen en los l\u00f3bulos de la geometr\u00eda, permite mayor rapidez para embonar en tuercas y\/o tornillos hexagonales y cuadrados, gracias a su geometr\u00eda Di\u00e1metro [&hellip;]<\/p>\n","protected":false},"featured_media":3877,"comment_status":"open","ping_status":"closed","template":"","meta":{"_monsterinsights_skip_tracking":false,"_monsterinsights_sitenote_active":false,"_monsterinsights_sitenote_note":"","_monsterinsights_sitenote_category":0,"_joinchat":[]},"product_brand":[],"product_cat":[379],"product_tag":[],"class_list":{"0":"post-3878","1":"product","2":"type-product","3":"status-publish","4":"has-post-thumbnail","6":"product_cat-dados-de-impacto","8":"first","9":"instock","10":"taxable","11":"shipping-taxable","12":"purchasable","13":"product-type-simple","14":"add-to-wishlist-after_add_to_cart"},"yoast_head":"<!-- This site is optimized with the Yoast SEO plugin v27.1.1 - https:\/\/yoast.com\/product\/yoast-seo-wordpress\/ -->\n<title>DADO DE IMPACTO URREA 7330 LARGO EN PULGADAS CUADRO DE 1\/2&#039;&#039;, 12 PUNTAS, 15\/16&#039;&#039; - Thoro enterprises de Mexico<\/title>\n<meta name=\"robots\" content=\"noindex, follow\" \/>\n<meta property=\"og:locale\" content=\"es_MX\" \/>\n<meta property=\"og:type\" content=\"article\" \/>\n<meta property=\"og:title\" content=\"DADO DE IMPACTO URREA 7330 LARGO EN PULGADAS CUADRO DE 1\/2&#039;&#039;, 12 PUNTAS, 15\/16&#039;&#039; - Thoro enterprises de Mexico\" \/>\n<meta property=\"og:description\" content=\"7330 Su dise\u00f1o de 12 puntas distribuye los esfuerzos en una zona mayor de las caras activas de la tuerca, m\u00e1s hacia el centro, no en las aristas. Los esfuerzos se distribuyen en los l\u00f3bulos de la geometr\u00eda, permite mayor rapidez para embonar en tuercas y\/o tornillos hexagonales y cuadrados, gracias a su geometr\u00eda Di\u00e1metro [&hellip;]\" \/>\n<meta property=\"og:url\" content=\"https:\/\/thoro.com.mx\/ethoro\/shop\/herramientas\/herramientas-neumaticas\/dados-de-impacto\/dado-de-impacto-urrea-7330-largo-en-pulgadas-cuadro-de-1-2-12-puntas-15-16\/\" \/>\n<meta property=\"og:site_name\" content=\"Thoro enterprises de Mexico\" \/>\n<meta property=\"article:publisher\" content=\"https:\/\/www.facebook.com\/ThoroEnterprises\" \/>\n<meta property=\"article:modified_time\" content=\"2026-04-04T06:07:07+00:00\" \/>\n<meta property=\"og:image\" content=\"https:\/\/thoro.com.mx\/ethoro\/wp-content\/uploads\/2025\/01\/H10378.jpg\" \/>\n\t<meta property=\"og:image:width\" content=\"1000\" \/>\n\t<meta property=\"og:image:height\" content=\"1000\" \/>\n\t<meta property=\"og:image:type\" content=\"image\/jpeg\" \/>\n<meta name=\"twitter:card\" content=\"summary_large_image\" \/>\n<script type=\"application\/ld+json\" class=\"yoast-schema-graph\">{\"@context\":\"https:\/\/schema.org\",\"@graph\":[{\"@type\":\"WebPage\",\"@id\":\"https:\/\/thoro.com.mx\/ethoro\/shop\/herramientas\/herramientas-neumaticas\/dados-de-impacto\/dado-de-impacto-urrea-7330-largo-en-pulgadas-cuadro-de-1-2-12-puntas-15-16\/\",\"url\":\"https:\/\/thoro.com.mx\/ethoro\/shop\/herramientas\/herramientas-neumaticas\/dados-de-impacto\/dado-de-impacto-urrea-7330-largo-en-pulgadas-cuadro-de-1-2-12-puntas-15-16\/\",\"name\":\"DADO DE IMPACTO URREA 7330 LARGO EN PULGADAS CUADRO DE 1\/2'', 12 PUNTAS, 15\/16'' - Thoro enterprises de Mexico\",\"isPartOf\":{\"@id\":\"https:\/\/72.167.50.119\/ethoro\/#website\"},\"primaryImageOfPage\":{\"@id\":\"https:\/\/thoro.com.mx\/ethoro\/shop\/herramientas\/herramientas-neumaticas\/dados-de-impacto\/dado-de-impacto-urrea-7330-largo-en-pulgadas-cuadro-de-1-2-12-puntas-15-16\/#primaryimage\"},\"image\":{\"@id\":\"https:\/\/thoro.com.mx\/ethoro\/shop\/herramientas\/herramientas-neumaticas\/dados-de-impacto\/dado-de-impacto-urrea-7330-largo-en-pulgadas-cuadro-de-1-2-12-puntas-15-16\/#primaryimage\"},\"thumbnailUrl\":\"https:\/\/thoro.com.mx\/ethoro\/wp-content\/uploads\/2025\/01\/H10378.jpg\",\"datePublished\":\"2025-01-31T23:38:13+00:00\",\"dateModified\":\"2026-04-04T06:07:07+00:00\",\"breadcrumb\":{\"@id\":\"https:\/\/thoro.com.mx\/ethoro\/shop\/herramientas\/herramientas-neumaticas\/dados-de-impacto\/dado-de-impacto-urrea-7330-largo-en-pulgadas-cuadro-de-1-2-12-puntas-15-16\/#breadcrumb\"},\"inLanguage\":\"es\",\"potentialAction\":[{\"@type\":\"ReadAction\",\"target\":[\"https:\/\/thoro.com.mx\/ethoro\/shop\/herramientas\/herramientas-neumaticas\/dados-de-impacto\/dado-de-impacto-urrea-7330-largo-en-pulgadas-cuadro-de-1-2-12-puntas-15-16\/\"]}]},{\"@type\":\"ImageObject\",\"inLanguage\":\"es\",\"@id\":\"https:\/\/thoro.com.mx\/ethoro\/shop\/herramientas\/herramientas-neumaticas\/dados-de-impacto\/dado-de-impacto-urrea-7330-largo-en-pulgadas-cuadro-de-1-2-12-puntas-15-16\/#primaryimage\",\"url\":\"https:\/\/thoro.com.mx\/ethoro\/wp-content\/uploads\/2025\/01\/H10378.jpg\",\"contentUrl\":\"https:\/\/thoro.com.mx\/ethoro\/wp-content\/uploads\/2025\/01\/H10378.jpg\",\"width\":1000,\"height\":1000},{\"@type\":\"BreadcrumbList\",\"@id\":\"https:\/\/thoro.com.mx\/ethoro\/shop\/herramientas\/herramientas-neumaticas\/dados-de-impacto\/dado-de-impacto-urrea-7330-largo-en-pulgadas-cuadro-de-1-2-12-puntas-15-16\/#breadcrumb\",\"itemListElement\":[{\"@type\":\"ListItem\",\"position\":1,\"name\":\"Inicio\",\"item\":\"https:\/\/thoro.com.mx\/ethoro\/\"},{\"@type\":\"ListItem\",\"position\":2,\"name\":\"Tienda\",\"item\":\"https:\/\/thoro.com.mx\/ethoro\/shop\/\"},{\"@type\":\"ListItem\",\"position\":3,\"name\":\"DADO DE IMPACTO URREA 7330 LARGO EN PULGADAS CUADRO DE 1\/2&#8221;, 12 PUNTAS, 15\/16&#8221;\"}]},{\"@type\":\"WebSite\",\"@id\":\"https:\/\/72.167.50.119\/ethoro\/#website\",\"url\":\"https:\/\/72.167.50.119\/ethoro\/\",\"name\":\"Thoro Enterprises de M\u00e9xico\",\"description\":\"Todo en Thoro\",\"publisher\":{\"@id\":\"https:\/\/72.167.50.119\/ethoro\/#organization\"},\"alternateName\":\"Thoro shop\",\"potentialAction\":[{\"@type\":\"SearchAction\",\"target\":{\"@type\":\"EntryPoint\",\"urlTemplate\":\"https:\/\/72.167.50.119\/ethoro\/?s={search_term_string}\"},\"query-input\":{\"@type\":\"PropertyValueSpecification\",\"valueRequired\":true,\"valueName\":\"search_term_string\"}}],\"inLanguage\":\"es\"},{\"@type\":\"Organization\",\"@id\":\"https:\/\/72.167.50.119\/ethoro\/#organization\",\"name\":\"Thoro Enterprises de M\u00e9xico\",\"alternateName\":\"Thoro shop\",\"url\":\"https:\/\/72.167.50.119\/ethoro\/\",\"logo\":{\"@type\":\"ImageObject\",\"inLanguage\":\"es\",\"@id\":\"https:\/\/72.167.50.119\/ethoro\/#\/schema\/logo\/image\/\",\"url\":\"https:\/\/72.167.50.119\/ethoro\/wp-content\/uploads\/2025\/01\/cropped-cropped-icono_t-180x180-1.png\",\"contentUrl\":\"https:\/\/72.167.50.119\/ethoro\/wp-content\/uploads\/2025\/01\/cropped-cropped-icono_t-180x180-1.png\",\"width\":512,\"height\":512,\"caption\":\"Thoro Enterprises de M\u00e9xico\"},\"image\":{\"@id\":\"https:\/\/72.167.50.119\/ethoro\/#\/schema\/logo\/image\/\"},\"sameAs\":[\"https:\/\/www.facebook.com\/ThoroEnterprises\",\"https:\/\/www.instagram.com\/thoro.mexico\/\"]}]}<\/script>\n<!-- \/ Yoast SEO plugin. -->","yoast_head_json":{"title":"DADO DE IMPACTO URREA 7330 LARGO EN PULGADAS CUADRO DE 1\/2'', 12 PUNTAS, 15\/16'' - Thoro enterprises de Mexico","robots":{"index":"noindex","follow":"follow"},"og_locale":"es_MX","og_type":"article","og_title":"DADO DE IMPACTO URREA 7330 LARGO EN PULGADAS CUADRO DE 1\/2'', 12 PUNTAS, 15\/16'' - Thoro enterprises de Mexico","og_description":"7330 Su dise\u00f1o de 12 puntas distribuye los esfuerzos en una zona mayor de las caras activas de la tuerca, m\u00e1s hacia el centro, no en las aristas. Los esfuerzos se distribuyen en los l\u00f3bulos de la geometr\u00eda, permite mayor rapidez para embonar en tuercas y\/o tornillos hexagonales y cuadrados, gracias a su geometr\u00eda Di\u00e1metro [&hellip;]","og_url":"https:\/\/thoro.com.mx\/ethoro\/shop\/herramientas\/herramientas-neumaticas\/dados-de-impacto\/dado-de-impacto-urrea-7330-largo-en-pulgadas-cuadro-de-1-2-12-puntas-15-16\/","og_site_name":"Thoro enterprises de Mexico","article_publisher":"https:\/\/www.facebook.com\/ThoroEnterprises","article_modified_time":"2026-04-04T06:07:07+00:00","og_image":[{"width":1000,"height":1000,"url":"https:\/\/thoro.com.mx\/ethoro\/wp-content\/uploads\/2025\/01\/H10378.jpg","type":"image\/jpeg"}],"twitter_card":"summary_large_image","schema":{"@context":"https:\/\/schema.org","@graph":[{"@type":"WebPage","@id":"https:\/\/thoro.com.mx\/ethoro\/shop\/herramientas\/herramientas-neumaticas\/dados-de-impacto\/dado-de-impacto-urrea-7330-largo-en-pulgadas-cuadro-de-1-2-12-puntas-15-16\/","url":"https:\/\/thoro.com.mx\/ethoro\/shop\/herramientas\/herramientas-neumaticas\/dados-de-impacto\/dado-de-impacto-urrea-7330-largo-en-pulgadas-cuadro-de-1-2-12-puntas-15-16\/","name":"DADO DE IMPACTO URREA 7330 LARGO EN PULGADAS CUADRO DE 1\/2'', 12 PUNTAS, 15\/16'' - Thoro enterprises de Mexico","isPartOf":{"@id":"https:\/\/72.167.50.119\/ethoro\/#website"},"primaryImageOfPage":{"@id":"https:\/\/thoro.com.mx\/ethoro\/shop\/herramientas\/herramientas-neumaticas\/dados-de-impacto\/dado-de-impacto-urrea-7330-largo-en-pulgadas-cuadro-de-1-2-12-puntas-15-16\/#primaryimage"},"image":{"@id":"https:\/\/thoro.com.mx\/ethoro\/shop\/herramientas\/herramientas-neumaticas\/dados-de-impacto\/dado-de-impacto-urrea-7330-largo-en-pulgadas-cuadro-de-1-2-12-puntas-15-16\/#primaryimage"},"thumbnailUrl":"https:\/\/thoro.com.mx\/ethoro\/wp-content\/uploads\/2025\/01\/H10378.jpg","datePublished":"2025-01-31T23:38:13+00:00","dateModified":"2026-04-04T06:07:07+00:00","breadcrumb":{"@id":"https:\/\/thoro.com.mx\/ethoro\/shop\/herramientas\/herramientas-neumaticas\/dados-de-impacto\/dado-de-impacto-urrea-7330-largo-en-pulgadas-cuadro-de-1-2-12-puntas-15-16\/#breadcrumb"},"inLanguage":"es","potentialAction":[{"@type":"ReadAction","target":["https:\/\/thoro.com.mx\/ethoro\/shop\/herramientas\/herramientas-neumaticas\/dados-de-impacto\/dado-de-impacto-urrea-7330-largo-en-pulgadas-cuadro-de-1-2-12-puntas-15-16\/"]}]},{"@type":"ImageObject","inLanguage":"es","@id":"https:\/\/thoro.com.mx\/ethoro\/shop\/herramientas\/herramientas-neumaticas\/dados-de-impacto\/dado-de-impacto-urrea-7330-largo-en-pulgadas-cuadro-de-1-2-12-puntas-15-16\/#primaryimage","url":"https:\/\/thoro.com.mx\/ethoro\/wp-content\/uploads\/2025\/01\/H10378.jpg","contentUrl":"https:\/\/thoro.com.mx\/ethoro\/wp-content\/uploads\/2025\/01\/H10378.jpg","width":1000,"height":1000},{"@type":"BreadcrumbList","@id":"https:\/\/thoro.com.mx\/ethoro\/shop\/herramientas\/herramientas-neumaticas\/dados-de-impacto\/dado-de-impacto-urrea-7330-largo-en-pulgadas-cuadro-de-1-2-12-puntas-15-16\/#breadcrumb","itemListElement":[{"@type":"ListItem","position":1,"name":"Inicio","item":"https:\/\/thoro.com.mx\/ethoro\/"},{"@type":"ListItem","position":2,"name":"Tienda","item":"https:\/\/thoro.com.mx\/ethoro\/shop\/"},{"@type":"ListItem","position":3,"name":"DADO DE IMPACTO URREA 7330 LARGO EN PULGADAS CUADRO DE 1\/2&#8221;, 12 PUNTAS, 15\/16&#8221;"}]},{"@type":"WebSite","@id":"https:\/\/72.167.50.119\/ethoro\/#website","url":"https:\/\/72.167.50.119\/ethoro\/","name":"Thoro Enterprises de M\u00e9xico","description":"Todo en Thoro","publisher":{"@id":"https:\/\/72.167.50.119\/ethoro\/#organization"},"alternateName":"Thoro shop","potentialAction":[{"@type":"SearchAction","target":{"@type":"EntryPoint","urlTemplate":"https:\/\/72.167.50.119\/ethoro\/?s={search_term_string}"},"query-input":{"@type":"PropertyValueSpecification","valueRequired":true,"valueName":"search_term_string"}}],"inLanguage":"es"},{"@type":"Organization","@id":"https:\/\/72.167.50.119\/ethoro\/#organization","name":"Thoro Enterprises de M\u00e9xico","alternateName":"Thoro shop","url":"https:\/\/72.167.50.119\/ethoro\/","logo":{"@type":"ImageObject","inLanguage":"es","@id":"https:\/\/72.167.50.119\/ethoro\/#\/schema\/logo\/image\/","url":"https:\/\/72.167.50.119\/ethoro\/wp-content\/uploads\/2025\/01\/cropped-cropped-icono_t-180x180-1.png","contentUrl":"https:\/\/72.167.50.119\/ethoro\/wp-content\/uploads\/2025\/01\/cropped-cropped-icono_t-180x180-1.png","width":512,"height":512,"caption":"Thoro Enterprises de M\u00e9xico"},"image":{"@id":"https:\/\/72.167.50.119\/ethoro\/#\/schema\/logo\/image\/"},"sameAs":["https:\/\/www.facebook.com\/ThoroEnterprises","https:\/\/www.instagram.com\/thoro.mexico\/"]}]}},"_links":{"self":[{"href":"https:\/\/thoro.com.mx\/ethoro\/wp-json\/wp\/v2\/product\/3878","targetHints":{"allow":["GET"]}}],"collection":[{"href":"https:\/\/thoro.com.mx\/ethoro\/wp-json\/wp\/v2\/product"}],"about":[{"href":"https:\/\/thoro.com.mx\/ethoro\/wp-json\/wp\/v2\/types\/product"}],"replies":[{"embeddable":true,"href":"https:\/\/thoro.com.mx\/ethoro\/wp-json\/wp\/v2\/comments?post=3878"}],"wp:featuredmedia":[{"embeddable":true,"href":"https:\/\/thoro.com.mx\/ethoro\/wp-json\/wp\/v2\/media\/3877"}],"wp:attachment":[{"href":"https:\/\/thoro.com.mx\/ethoro\/wp-json\/wp\/v2\/media?parent=3878"}],"wp:term":[{"taxonomy":"product_brand","embeddable":true,"href":"https:\/\/thoro.com.mx\/ethoro\/wp-json\/wp\/v2\/product_brand?post=3878"},{"taxonomy":"product_cat","embeddable":true,"href":"https:\/\/thoro.com.mx\/ethoro\/wp-json\/wp\/v2\/product_cat?post=3878"},{"taxonomy":"product_tag","embeddable":true,"href":"https:\/\/thoro.com.mx\/ethoro\/wp-json\/wp\/v2\/product_tag?post=3878"}],"curies":[{"name":"wp","href":"https:\/\/api.w.org\/{rel}","templated":true}]}}