{"id":4070,"date":"2025-01-31T17:39:44","date_gmt":"2025-01-31T23:39:44","guid":{"rendered":"https:\/\/72.167.50.119\/ethoro\/shop\/sin categor\u00eda\/juego-de-25-dados-urrea-74216-largos-de-impacto-metricos-cuadro-de-1-2-6-puntas\/"},"modified":"2025-12-15T00:08:40","modified_gmt":"2025-12-15T06:08:40","slug":"juego-de-25-dados-urrea-74216-largos-de-impacto-metricos-cuadro-de-1-2-6-puntas","status":"publish","type":"product","link":"https:\/\/thoro.com.mx\/ethoro\/shop\/herramientas\/herramientas-neumaticas\/dados-de-impacto\/juego-de-25-dados-urrea-74216-largos-de-impacto-metricos-cuadro-de-1-2-6-puntas\/","title":{"rendered":"JUEGO DE 25 DADOS URREA 74216 LARGOS DE IMPACTO M\u00c9TRICOS CUADRO DE 1\/2&#8221; 6 PUNTAS"},"content":{"rendered":"<h4>74216<\/h4>\n<ul>\n<li>Juego de 25 dados de impacto largos m\u00e9tricos 1\/2&#8243; Urrea<\/li>\n<li>Juego dados impacto cuadro 1\/2&#8243; largo 25 piezas m\u00e9trico 6 puntas geometr\u00eda lobular super-drive, acabado fosfatizado, medidas de 8mm a 36mm.&#8221;<\/li>\n<li>Cuadro: 1\/2&#8243;<\/li>\n<li>Longitud: 3 3\/16&#8243;<\/li>\n<li>Medida: 8Mm A 36Mm<\/li>\n<li>N\u00famero De Piezas: 25<\/li>\n<li>N\u00famero De Puntas: 6<\/li>\n<li>Sae<\/li>\n<li>Tama\u00f1o Del Impulsor: Na<\/li>\n<li>Tipo De Dado: Tipo I, Ii Y Ii<\/li>\n<li>Tipo De Impulsi\u00f3n: Cuadrado&#8221;<\/li>\n<li><\/li>\n<\/ul>\n","protected":false},"excerpt":{"rendered":"<p>74216 Juego de 25 dados de impacto largos m\u00e9tricos 1\/2&#8243; Urrea Juego dados impacto cuadro 1\/2&#8243; largo 25 piezas m\u00e9trico 6 puntas geometr\u00eda lobular super-drive, acabado fosfatizado, medidas de 8mm a 36mm.&#8221; Cuadro: 1\/2&#8243; Longitud: 3 3\/16&#8243; Medida: 8Mm A 36Mm N\u00famero De Piezas: 25 N\u00famero De Puntas: 6 Sae Tama\u00f1o Del Impulsor: Na Tipo [&hellip;]<\/p>\n","protected":false},"featured_media":4069,"comment_status":"open","ping_status":"closed","template":"","meta":{"_monsterinsights_skip_tracking":false,"_monsterinsights_sitenote_active":false,"_monsterinsights_sitenote_note":"","_monsterinsights_sitenote_category":0,"_joinchat":[]},"product_brand":[],"product_cat":[379],"product_tag":[],"class_list":{"0":"post-4070","1":"product","2":"type-product","3":"status-publish","4":"has-post-thumbnail","6":"product_cat-dados-de-impacto","8":"first","9":"outofstock","10":"sale","11":"taxable","12":"shipping-taxable","13":"purchasable","14":"product-type-simple","15":"add-to-wishlist-after_add_to_cart"},"yoast_head":"<!-- This site is optimized with the Yoast SEO plugin v27.3 - https:\/\/yoast.com\/product\/yoast-seo-wordpress\/ -->\n<title>JUEGO DE 25 DADOS URREA 74216 LARGOS DE IMPACTO M\u00c9TRICOS CUADRO DE 1\/2&#039;&#039; 6 PUNTAS - Thoro enterprises de Mexico<\/title>\n<meta name=\"robots\" content=\"noindex, follow\" \/>\n<meta property=\"og:locale\" content=\"es_MX\" \/>\n<meta property=\"og:type\" content=\"article\" \/>\n<meta property=\"og:title\" content=\"JUEGO DE 25 DADOS URREA 74216 LARGOS DE IMPACTO M\u00c9TRICOS CUADRO DE 1\/2&#039;&#039; 6 PUNTAS - Thoro enterprises de Mexico\" \/>\n<meta property=\"og:description\" content=\"74216 Juego de 25 dados de impacto largos m\u00e9tricos 1\/2&#8243; Urrea Juego dados impacto cuadro 1\/2&#8243; largo 25 piezas m\u00e9trico 6 puntas geometr\u00eda lobular super-drive, acabado fosfatizado, medidas de 8mm a 36mm.&#8221; Cuadro: 1\/2&#8243; Longitud: 3 3\/16&#8243; Medida: 8Mm A 36Mm N\u00famero De Piezas: 25 N\u00famero De Puntas: 6 Sae Tama\u00f1o Del Impulsor: Na Tipo [&hellip;]\" \/>\n<meta property=\"og:url\" content=\"https:\/\/thoro.com.mx\/ethoro\/shop\/herramientas\/herramientas-neumaticas\/dados-de-impacto\/juego-de-25-dados-urrea-74216-largos-de-impacto-metricos-cuadro-de-1-2-6-puntas\/\" \/>\n<meta property=\"og:site_name\" content=\"Thoro enterprises de Mexico\" \/>\n<meta property=\"article:publisher\" content=\"https:\/\/www.facebook.com\/ThoroEnterprises\" \/>\n<meta property=\"article:modified_time\" content=\"2025-12-15T06:08:40+00:00\" \/>\n<meta property=\"og:image\" content=\"https:\/\/thoro.com.mx\/ethoro\/wp-content\/uploads\/2025\/01\/H10521.jpg\" \/>\n\t<meta property=\"og:image:width\" content=\"1000\" \/>\n\t<meta property=\"og:image:height\" content=\"1000\" \/>\n\t<meta property=\"og:image:type\" content=\"image\/jpeg\" \/>\n<meta name=\"twitter:card\" content=\"summary_large_image\" \/>\n<script type=\"application\/ld+json\" class=\"yoast-schema-graph\">{\"@context\":\"https:\\\/\\\/schema.org\",\"@graph\":[{\"@type\":\"WebPage\",\"@id\":\"https:\\\/\\\/thoro.com.mx\\\/ethoro\\\/shop\\\/herramientas\\\/herramientas-neumaticas\\\/dados-de-impacto\\\/juego-de-25-dados-urrea-74216-largos-de-impacto-metricos-cuadro-de-1-2-6-puntas\\\/\",\"url\":\"https:\\\/\\\/thoro.com.mx\\\/ethoro\\\/shop\\\/herramientas\\\/herramientas-neumaticas\\\/dados-de-impacto\\\/juego-de-25-dados-urrea-74216-largos-de-impacto-metricos-cuadro-de-1-2-6-puntas\\\/\",\"name\":\"JUEGO DE 25 DADOS URREA 74216 LARGOS DE IMPACTO M\u00c9TRICOS CUADRO DE 1\\\/2'' 6 PUNTAS - Thoro enterprises de Mexico\",\"isPartOf\":{\"@id\":\"https:\\\/\\\/72.167.50.119\\\/ethoro\\\/#website\"},\"primaryImageOfPage\":{\"@id\":\"https:\\\/\\\/thoro.com.mx\\\/ethoro\\\/shop\\\/herramientas\\\/herramientas-neumaticas\\\/dados-de-impacto\\\/juego-de-25-dados-urrea-74216-largos-de-impacto-metricos-cuadro-de-1-2-6-puntas\\\/#primaryimage\"},\"image\":{\"@id\":\"https:\\\/\\\/thoro.com.mx\\\/ethoro\\\/shop\\\/herramientas\\\/herramientas-neumaticas\\\/dados-de-impacto\\\/juego-de-25-dados-urrea-74216-largos-de-impacto-metricos-cuadro-de-1-2-6-puntas\\\/#primaryimage\"},\"thumbnailUrl\":\"https:\\\/\\\/thoro.com.mx\\\/ethoro\\\/wp-content\\\/uploads\\\/2025\\\/01\\\/H10521.jpg\",\"datePublished\":\"2025-01-31T23:39:44+00:00\",\"dateModified\":\"2025-12-15T06:08:40+00:00\",\"breadcrumb\":{\"@id\":\"https:\\\/\\\/thoro.com.mx\\\/ethoro\\\/shop\\\/herramientas\\\/herramientas-neumaticas\\\/dados-de-impacto\\\/juego-de-25-dados-urrea-74216-largos-de-impacto-metricos-cuadro-de-1-2-6-puntas\\\/#breadcrumb\"},\"inLanguage\":\"es\",\"potentialAction\":[{\"@type\":\"ReadAction\",\"target\":[\"https:\\\/\\\/thoro.com.mx\\\/ethoro\\\/shop\\\/herramientas\\\/herramientas-neumaticas\\\/dados-de-impacto\\\/juego-de-25-dados-urrea-74216-largos-de-impacto-metricos-cuadro-de-1-2-6-puntas\\\/\"]}]},{\"@type\":\"ImageObject\",\"inLanguage\":\"es\",\"@id\":\"https:\\\/\\\/thoro.com.mx\\\/ethoro\\\/shop\\\/herramientas\\\/herramientas-neumaticas\\\/dados-de-impacto\\\/juego-de-25-dados-urrea-74216-largos-de-impacto-metricos-cuadro-de-1-2-6-puntas\\\/#primaryimage\",\"url\":\"https:\\\/\\\/thoro.com.mx\\\/ethoro\\\/wp-content\\\/uploads\\\/2025\\\/01\\\/H10521.jpg\",\"contentUrl\":\"https:\\\/\\\/thoro.com.mx\\\/ethoro\\\/wp-content\\\/uploads\\\/2025\\\/01\\\/H10521.jpg\",\"width\":1000,\"height\":1000},{\"@type\":\"BreadcrumbList\",\"@id\":\"https:\\\/\\\/thoro.com.mx\\\/ethoro\\\/shop\\\/herramientas\\\/herramientas-neumaticas\\\/dados-de-impacto\\\/juego-de-25-dados-urrea-74216-largos-de-impacto-metricos-cuadro-de-1-2-6-puntas\\\/#breadcrumb\",\"itemListElement\":[{\"@type\":\"ListItem\",\"position\":1,\"name\":\"Inicio\",\"item\":\"https:\\\/\\\/thoro.com.mx\\\/ethoro\\\/\"},{\"@type\":\"ListItem\",\"position\":2,\"name\":\"Tienda\",\"item\":\"https:\\\/\\\/thoro.com.mx\\\/ethoro\\\/shop\\\/\"},{\"@type\":\"ListItem\",\"position\":3,\"name\":\"JUEGO DE 25 DADOS URREA 74216 LARGOS DE IMPACTO M\u00c9TRICOS CUADRO DE 1\\\/2&#8221; 6 PUNTAS\"}]},{\"@type\":\"WebSite\",\"@id\":\"https:\\\/\\\/72.167.50.119\\\/ethoro\\\/#website\",\"url\":\"https:\\\/\\\/72.167.50.119\\\/ethoro\\\/\",\"name\":\"Thoro Enterprises de M\u00e9xico\",\"description\":\"Todo en Thoro\",\"publisher\":{\"@id\":\"https:\\\/\\\/72.167.50.119\\\/ethoro\\\/#organization\"},\"alternateName\":\"Thoro shop\",\"potentialAction\":[{\"@type\":\"SearchAction\",\"target\":{\"@type\":\"EntryPoint\",\"urlTemplate\":\"https:\\\/\\\/72.167.50.119\\\/ethoro\\\/?s={search_term_string}\"},\"query-input\":{\"@type\":\"PropertyValueSpecification\",\"valueRequired\":true,\"valueName\":\"search_term_string\"}}],\"inLanguage\":\"es\"},{\"@type\":\"Organization\",\"@id\":\"https:\\\/\\\/72.167.50.119\\\/ethoro\\\/#organization\",\"name\":\"Thoro Enterprises de M\u00e9xico\",\"alternateName\":\"Thoro shop\",\"url\":\"https:\\\/\\\/72.167.50.119\\\/ethoro\\\/\",\"logo\":{\"@type\":\"ImageObject\",\"inLanguage\":\"es\",\"@id\":\"https:\\\/\\\/72.167.50.119\\\/ethoro\\\/#\\\/schema\\\/logo\\\/image\\\/\",\"url\":\"https:\\\/\\\/72.167.50.119\\\/ethoro\\\/wp-content\\\/uploads\\\/2025\\\/01\\\/cropped-cropped-icono_t-180x180-1.png\",\"contentUrl\":\"https:\\\/\\\/72.167.50.119\\\/ethoro\\\/wp-content\\\/uploads\\\/2025\\\/01\\\/cropped-cropped-icono_t-180x180-1.png\",\"width\":512,\"height\":512,\"caption\":\"Thoro Enterprises de M\u00e9xico\"},\"image\":{\"@id\":\"https:\\\/\\\/72.167.50.119\\\/ethoro\\\/#\\\/schema\\\/logo\\\/image\\\/\"},\"sameAs\":[\"https:\\\/\\\/www.facebook.com\\\/ThoroEnterprises\",\"https:\\\/\\\/www.instagram.com\\\/thoro.mexico\\\/\"]}]}<\/script>\n<!-- \/ Yoast SEO plugin. -->","yoast_head_json":{"title":"JUEGO DE 25 DADOS URREA 74216 LARGOS DE IMPACTO M\u00c9TRICOS CUADRO DE 1\/2'' 6 PUNTAS - Thoro enterprises de Mexico","robots":{"index":"noindex","follow":"follow"},"og_locale":"es_MX","og_type":"article","og_title":"JUEGO DE 25 DADOS URREA 74216 LARGOS DE IMPACTO M\u00c9TRICOS CUADRO DE 1\/2'' 6 PUNTAS - Thoro enterprises de Mexico","og_description":"74216 Juego de 25 dados de impacto largos m\u00e9tricos 1\/2&#8243; Urrea Juego dados impacto cuadro 1\/2&#8243; largo 25 piezas m\u00e9trico 6 puntas geometr\u00eda lobular super-drive, acabado fosfatizado, medidas de 8mm a 36mm.&#8221; Cuadro: 1\/2&#8243; Longitud: 3 3\/16&#8243; Medida: 8Mm A 36Mm N\u00famero De Piezas: 25 N\u00famero De Puntas: 6 Sae Tama\u00f1o Del Impulsor: Na Tipo [&hellip;]","og_url":"https:\/\/thoro.com.mx\/ethoro\/shop\/herramientas\/herramientas-neumaticas\/dados-de-impacto\/juego-de-25-dados-urrea-74216-largos-de-impacto-metricos-cuadro-de-1-2-6-puntas\/","og_site_name":"Thoro enterprises de Mexico","article_publisher":"https:\/\/www.facebook.com\/ThoroEnterprises","article_modified_time":"2025-12-15T06:08:40+00:00","og_image":[{"width":1000,"height":1000,"url":"https:\/\/thoro.com.mx\/ethoro\/wp-content\/uploads\/2025\/01\/H10521.jpg","type":"image\/jpeg"}],"twitter_card":"summary_large_image","schema":{"@context":"https:\/\/schema.org","@graph":[{"@type":"WebPage","@id":"https:\/\/thoro.com.mx\/ethoro\/shop\/herramientas\/herramientas-neumaticas\/dados-de-impacto\/juego-de-25-dados-urrea-74216-largos-de-impacto-metricos-cuadro-de-1-2-6-puntas\/","url":"https:\/\/thoro.com.mx\/ethoro\/shop\/herramientas\/herramientas-neumaticas\/dados-de-impacto\/juego-de-25-dados-urrea-74216-largos-de-impacto-metricos-cuadro-de-1-2-6-puntas\/","name":"JUEGO DE 25 DADOS URREA 74216 LARGOS DE IMPACTO M\u00c9TRICOS CUADRO DE 1\/2'' 6 PUNTAS - Thoro enterprises de Mexico","isPartOf":{"@id":"https:\/\/72.167.50.119\/ethoro\/#website"},"primaryImageOfPage":{"@id":"https:\/\/thoro.com.mx\/ethoro\/shop\/herramientas\/herramientas-neumaticas\/dados-de-impacto\/juego-de-25-dados-urrea-74216-largos-de-impacto-metricos-cuadro-de-1-2-6-puntas\/#primaryimage"},"image":{"@id":"https:\/\/thoro.com.mx\/ethoro\/shop\/herramientas\/herramientas-neumaticas\/dados-de-impacto\/juego-de-25-dados-urrea-74216-largos-de-impacto-metricos-cuadro-de-1-2-6-puntas\/#primaryimage"},"thumbnailUrl":"https:\/\/thoro.com.mx\/ethoro\/wp-content\/uploads\/2025\/01\/H10521.jpg","datePublished":"2025-01-31T23:39:44+00:00","dateModified":"2025-12-15T06:08:40+00:00","breadcrumb":{"@id":"https:\/\/thoro.com.mx\/ethoro\/shop\/herramientas\/herramientas-neumaticas\/dados-de-impacto\/juego-de-25-dados-urrea-74216-largos-de-impacto-metricos-cuadro-de-1-2-6-puntas\/#breadcrumb"},"inLanguage":"es","potentialAction":[{"@type":"ReadAction","target":["https:\/\/thoro.com.mx\/ethoro\/shop\/herramientas\/herramientas-neumaticas\/dados-de-impacto\/juego-de-25-dados-urrea-74216-largos-de-impacto-metricos-cuadro-de-1-2-6-puntas\/"]}]},{"@type":"ImageObject","inLanguage":"es","@id":"https:\/\/thoro.com.mx\/ethoro\/shop\/herramientas\/herramientas-neumaticas\/dados-de-impacto\/juego-de-25-dados-urrea-74216-largos-de-impacto-metricos-cuadro-de-1-2-6-puntas\/#primaryimage","url":"https:\/\/thoro.com.mx\/ethoro\/wp-content\/uploads\/2025\/01\/H10521.jpg","contentUrl":"https:\/\/thoro.com.mx\/ethoro\/wp-content\/uploads\/2025\/01\/H10521.jpg","width":1000,"height":1000},{"@type":"BreadcrumbList","@id":"https:\/\/thoro.com.mx\/ethoro\/shop\/herramientas\/herramientas-neumaticas\/dados-de-impacto\/juego-de-25-dados-urrea-74216-largos-de-impacto-metricos-cuadro-de-1-2-6-puntas\/#breadcrumb","itemListElement":[{"@type":"ListItem","position":1,"name":"Inicio","item":"https:\/\/thoro.com.mx\/ethoro\/"},{"@type":"ListItem","position":2,"name":"Tienda","item":"https:\/\/thoro.com.mx\/ethoro\/shop\/"},{"@type":"ListItem","position":3,"name":"JUEGO DE 25 DADOS URREA 74216 LARGOS DE IMPACTO M\u00c9TRICOS CUADRO DE 1\/2&#8221; 6 PUNTAS"}]},{"@type":"WebSite","@id":"https:\/\/72.167.50.119\/ethoro\/#website","url":"https:\/\/72.167.50.119\/ethoro\/","name":"Thoro Enterprises de M\u00e9xico","description":"Todo en Thoro","publisher":{"@id":"https:\/\/72.167.50.119\/ethoro\/#organization"},"alternateName":"Thoro shop","potentialAction":[{"@type":"SearchAction","target":{"@type":"EntryPoint","urlTemplate":"https:\/\/72.167.50.119\/ethoro\/?s={search_term_string}"},"query-input":{"@type":"PropertyValueSpecification","valueRequired":true,"valueName":"search_term_string"}}],"inLanguage":"es"},{"@type":"Organization","@id":"https:\/\/72.167.50.119\/ethoro\/#organization","name":"Thoro Enterprises de M\u00e9xico","alternateName":"Thoro shop","url":"https:\/\/72.167.50.119\/ethoro\/","logo":{"@type":"ImageObject","inLanguage":"es","@id":"https:\/\/72.167.50.119\/ethoro\/#\/schema\/logo\/image\/","url":"https:\/\/72.167.50.119\/ethoro\/wp-content\/uploads\/2025\/01\/cropped-cropped-icono_t-180x180-1.png","contentUrl":"https:\/\/72.167.50.119\/ethoro\/wp-content\/uploads\/2025\/01\/cropped-cropped-icono_t-180x180-1.png","width":512,"height":512,"caption":"Thoro Enterprises de M\u00e9xico"},"image":{"@id":"https:\/\/72.167.50.119\/ethoro\/#\/schema\/logo\/image\/"},"sameAs":["https:\/\/www.facebook.com\/ThoroEnterprises","https:\/\/www.instagram.com\/thoro.mexico\/"]}]}},"_links":{"self":[{"href":"https:\/\/thoro.com.mx\/ethoro\/wp-json\/wp\/v2\/product\/4070","targetHints":{"allow":["GET"]}}],"collection":[{"href":"https:\/\/thoro.com.mx\/ethoro\/wp-json\/wp\/v2\/product"}],"about":[{"href":"https:\/\/thoro.com.mx\/ethoro\/wp-json\/wp\/v2\/types\/product"}],"replies":[{"embeddable":true,"href":"https:\/\/thoro.com.mx\/ethoro\/wp-json\/wp\/v2\/comments?post=4070"}],"wp:featuredmedia":[{"embeddable":true,"href":"https:\/\/thoro.com.mx\/ethoro\/wp-json\/wp\/v2\/media\/4069"}],"wp:attachment":[{"href":"https:\/\/thoro.com.mx\/ethoro\/wp-json\/wp\/v2\/media?parent=4070"}],"wp:term":[{"taxonomy":"product_brand","embeddable":true,"href":"https:\/\/thoro.com.mx\/ethoro\/wp-json\/wp\/v2\/product_brand?post=4070"},{"taxonomy":"product_cat","embeddable":true,"href":"https:\/\/thoro.com.mx\/ethoro\/wp-json\/wp\/v2\/product_cat?post=4070"},{"taxonomy":"product_tag","embeddable":true,"href":"https:\/\/thoro.com.mx\/ethoro\/wp-json\/wp\/v2\/product_tag?post=4070"}],"curies":[{"name":"wp","href":"https:\/\/api.w.org\/{rel}","templated":true}]}}