{"id":417163,"date":"2025-05-08T00:35:01","date_gmt":"2025-05-08T06:35:01","guid":{"rendered":"https:\/\/thoro.com.mx\/ethoro\/shop\/sin categor\u00eda\/memoria-flash-usb-adata-c008-blanco-con-azul-32-gigabytes\/"},"modified":"2026-03-25T02:42:44","modified_gmt":"2026-03-25T08:42:44","slug":"memoria-flash-usb-adata-c008-blanco-con-azul-32-gigabytes","status":"publish","type":"product","link":"https:\/\/thoro.com.mx\/ethoro\/shop\/papeleria-y-oficina\/equipos-de-computo-y-tecnologia-papeleria-y-oficina\/memorias-usb-equipos-de-computo-y-tecnologia-papeleria-y-oficina\/memoria-flash-usb-adata-c008-blanco-con-azul-32-gigabytes\/","title":{"rendered":"MEMORIA FLASH USB ADATA C008 BLANCO CON AZUL 32 GIGABYTES"},"content":{"rendered":"<ul>\n<li>Su elegante dise\u00f1o incluye un conector USB deslizante, que sale suavemente desde la unidad con la pulsaci\u00f3n del dedo.<\/li>\n<li>El dise\u00f1o mec\u00e1nico sin tapa elimina el problema de perder la tapa de la unidad.<\/li>\n<li>El conector USB puede estar listo para su uso con s\u00f3lo una mano, para mayor comodidad cuando la velocidad es importante.<\/li>\n<li>El conector USB est\u00e1 escondido en el interior del cuerpo compacto, totalmente protegido sin necesidad de una tapa de unidad.<\/li>\n<li>Con un simple deslizamiento adelante estar\u00e1 listo para usar y si se mueve al rev\u00e9s el conector se oculta para guardarlo o para viajar.<\/li>\n<li>El C008 ha sido dise\u00f1ado convenientemente con un agujero para cuerda de manera que se pueda pasar una cuerda a trav\u00e9s de \u00e9l y engancharla en un llavero o tel\u00e9fono m\u00f3vil.<\/li>\n<\/ul>\n","protected":false},"excerpt":{"rendered":"<p>Su elegante dise\u00f1o incluye un conector USB deslizante, que sale suavemente desde la unidad con la pulsaci\u00f3n del dedo. El dise\u00f1o mec\u00e1nico sin tapa elimina el problema de perder la tapa de la unidad. El conector USB puede estar listo para su uso con s\u00f3lo una mano, para mayor comodidad cuando la velocidad es importante. [&hellip;]<\/p>\n","protected":false},"featured_media":417162,"comment_status":"open","ping_status":"closed","template":"","meta":{"_monsterinsights_skip_tracking":false,"_monsterinsights_sitenote_active":false,"_monsterinsights_sitenote_note":"","_monsterinsights_sitenote_category":0,"_joinchat":[]},"product_brand":[],"product_cat":[14305],"product_tag":[],"class_list":{"0":"post-417163","1":"product","2":"type-product","3":"status-publish","4":"has-post-thumbnail","6":"product_cat-memorias-usb-equipos-de-computo-y-tecnologia-papeleria-y-oficina","8":"first","9":"outofstock","10":"taxable","11":"shipping-taxable","12":"purchasable","13":"product-type-simple","14":"add-to-wishlist-after_add_to_cart"},"yoast_head":"<!-- This site is optimized with the Yoast SEO plugin v27.1.1 - https:\/\/yoast.com\/product\/yoast-seo-wordpress\/ -->\n<title>MEMORIA FLASH USB ADATA C008 BLANCO CON AZUL 32 GIGABYTES - Thoro enterprises de Mexico<\/title>\n<meta name=\"robots\" content=\"noindex, follow\" \/>\n<meta property=\"og:locale\" content=\"es_MX\" \/>\n<meta property=\"og:type\" content=\"article\" \/>\n<meta property=\"og:title\" content=\"MEMORIA FLASH USB ADATA C008 BLANCO CON AZUL 32 GIGABYTES - Thoro enterprises de Mexico\" \/>\n<meta property=\"og:description\" content=\"Su elegante dise\u00f1o incluye un conector USB deslizante, que sale suavemente desde la unidad con la pulsaci\u00f3n del dedo. El dise\u00f1o mec\u00e1nico sin tapa elimina el problema de perder la tapa de la unidad. El conector USB puede estar listo para su uso con s\u00f3lo una mano, para mayor comodidad cuando la velocidad es importante. [&hellip;]\" \/>\n<meta property=\"og:url\" content=\"https:\/\/thoro.com.mx\/ethoro\/shop\/sin categor\u00eda\/memoria-flash-usb-adata-c008-blanco-con-azul-32-gigabytes\/\" \/>\n<meta property=\"og:site_name\" content=\"Thoro enterprises de Mexico\" \/>\n<meta property=\"article:publisher\" content=\"https:\/\/www.facebook.com\/ThoroEnterprises\" \/>\n<meta property=\"article:modified_time\" content=\"2026-03-25T08:42:44+00:00\" \/>\n<meta name=\"twitter:card\" content=\"summary_large_image\" \/>\n<meta name=\"twitter:label1\" content=\"Tiempo de lectura\" \/>\n\t<meta name=\"twitter:data1\" content=\"1 minuto\" \/>\n<script type=\"application\/ld+json\" class=\"yoast-schema-graph\">{\"@context\":\"https:\/\/schema.org\",\"@graph\":[{\"@type\":\"WebPage\",\"@id\":\"https:\/\/thoro.com.mx\/ethoro\/shop\/sin categor\u00eda\/memoria-flash-usb-adata-c008-blanco-con-azul-32-gigabytes\/\",\"url\":\"https:\/\/thoro.com.mx\/ethoro\/shop\/sin categor\u00eda\/memoria-flash-usb-adata-c008-blanco-con-azul-32-gigabytes\/\",\"name\":\"MEMORIA FLASH USB ADATA C008 BLANCO CON AZUL 32 GIGABYTES - Thoro enterprises de Mexico\",\"isPartOf\":{\"@id\":\"https:\/\/72.167.50.119\/ethoro\/#website\"},\"primaryImageOfPage\":{\"@id\":\"https:\/\/thoro.com.mx\/ethoro\/shop\/sin categor\u00eda\/memoria-flash-usb-adata-c008-blanco-con-azul-32-gigabytes\/#primaryimage\"},\"image\":{\"@id\":\"https:\/\/thoro.com.mx\/ethoro\/shop\/sin categor\u00eda\/memoria-flash-usb-adata-c008-blanco-con-azul-32-gigabytes\/#primaryimage\"},\"thumbnailUrl\":\"https:\/\/thoro.com.mx\/ethoro\/wp-content\/uploads\/2025\/05\/PC0034_01.jpg\",\"datePublished\":\"2025-05-08T06:35:01+00:00\",\"dateModified\":\"2026-03-25T08:42:44+00:00\",\"breadcrumb\":{\"@id\":\"https:\/\/thoro.com.mx\/ethoro\/shop\/sin categor\u00eda\/memoria-flash-usb-adata-c008-blanco-con-azul-32-gigabytes\/#breadcrumb\"},\"inLanguage\":\"es\",\"potentialAction\":[{\"@type\":\"ReadAction\",\"target\":[\"https:\/\/thoro.com.mx\/ethoro\/shop\/sin categor\u00eda\/memoria-flash-usb-adata-c008-blanco-con-azul-32-gigabytes\/\"]}]},{\"@type\":\"ImageObject\",\"inLanguage\":\"es\",\"@id\":\"https:\/\/thoro.com.mx\/ethoro\/shop\/sin categor\u00eda\/memoria-flash-usb-adata-c008-blanco-con-azul-32-gigabytes\/#primaryimage\",\"url\":\"https:\/\/thoro.com.mx\/ethoro\/wp-content\/uploads\/2025\/05\/PC0034_01.jpg\",\"contentUrl\":\"https:\/\/thoro.com.mx\/ethoro\/wp-content\/uploads\/2025\/05\/PC0034_01.jpg\",\"width\":1000,\"height\":1000},{\"@type\":\"BreadcrumbList\",\"@id\":\"https:\/\/thoro.com.mx\/ethoro\/shop\/sin categor\u00eda\/memoria-flash-usb-adata-c008-blanco-con-azul-32-gigabytes\/#breadcrumb\",\"itemListElement\":[{\"@type\":\"ListItem\",\"position\":1,\"name\":\"Inicio\",\"item\":\"https:\/\/thoro.com.mx\/ethoro\/\"},{\"@type\":\"ListItem\",\"position\":2,\"name\":\"Tienda\",\"item\":\"https:\/\/thoro.com.mx\/ethoro\/shop\/\"},{\"@type\":\"ListItem\",\"position\":3,\"name\":\"MEMORIA FLASH USB ADATA C008 BLANCO CON AZUL 32 GIGABYTES\"}]},{\"@type\":\"WebSite\",\"@id\":\"https:\/\/72.167.50.119\/ethoro\/#website\",\"url\":\"https:\/\/72.167.50.119\/ethoro\/\",\"name\":\"Thoro Enterprises de M\u00e9xico\",\"description\":\"Todo en Thoro\",\"publisher\":{\"@id\":\"https:\/\/72.167.50.119\/ethoro\/#organization\"},\"alternateName\":\"Thoro shop\",\"potentialAction\":[{\"@type\":\"SearchAction\",\"target\":{\"@type\":\"EntryPoint\",\"urlTemplate\":\"https:\/\/72.167.50.119\/ethoro\/?s={search_term_string}\"},\"query-input\":{\"@type\":\"PropertyValueSpecification\",\"valueRequired\":true,\"valueName\":\"search_term_string\"}}],\"inLanguage\":\"es\"},{\"@type\":\"Organization\",\"@id\":\"https:\/\/72.167.50.119\/ethoro\/#organization\",\"name\":\"Thoro Enterprises de M\u00e9xico\",\"alternateName\":\"Thoro shop\",\"url\":\"https:\/\/72.167.50.119\/ethoro\/\",\"logo\":{\"@type\":\"ImageObject\",\"inLanguage\":\"es\",\"@id\":\"https:\/\/72.167.50.119\/ethoro\/#\/schema\/logo\/image\/\",\"url\":\"https:\/\/72.167.50.119\/ethoro\/wp-content\/uploads\/2025\/01\/cropped-cropped-icono_t-180x180-1.png\",\"contentUrl\":\"https:\/\/72.167.50.119\/ethoro\/wp-content\/uploads\/2025\/01\/cropped-cropped-icono_t-180x180-1.png\",\"width\":512,\"height\":512,\"caption\":\"Thoro Enterprises de M\u00e9xico\"},\"image\":{\"@id\":\"https:\/\/72.167.50.119\/ethoro\/#\/schema\/logo\/image\/\"},\"sameAs\":[\"https:\/\/www.facebook.com\/ThoroEnterprises\",\"https:\/\/www.instagram.com\/thoro.mexico\/\"]}]}<\/script>\n<!-- \/ Yoast SEO plugin. -->","yoast_head_json":{"title":"MEMORIA FLASH USB ADATA C008 BLANCO CON AZUL 32 GIGABYTES - Thoro enterprises de Mexico","robots":{"index":"noindex","follow":"follow"},"og_locale":"es_MX","og_type":"article","og_title":"MEMORIA FLASH USB ADATA C008 BLANCO CON AZUL 32 GIGABYTES - Thoro enterprises de Mexico","og_description":"Su elegante dise\u00f1o incluye un conector USB deslizante, que sale suavemente desde la unidad con la pulsaci\u00f3n del dedo. El dise\u00f1o mec\u00e1nico sin tapa elimina el problema de perder la tapa de la unidad. El conector USB puede estar listo para su uso con s\u00f3lo una mano, para mayor comodidad cuando la velocidad es importante. [&hellip;]","og_url":"https:\/\/thoro.com.mx\/ethoro\/shop\/sin categor\u00eda\/memoria-flash-usb-adata-c008-blanco-con-azul-32-gigabytes\/","og_site_name":"Thoro enterprises de Mexico","article_publisher":"https:\/\/www.facebook.com\/ThoroEnterprises","article_modified_time":"2026-03-25T08:42:44+00:00","twitter_card":"summary_large_image","twitter_misc":{"Tiempo de lectura":"1 minuto"},"schema":{"@context":"https:\/\/schema.org","@graph":[{"@type":"WebPage","@id":"https:\/\/thoro.com.mx\/ethoro\/shop\/sin categor\u00eda\/memoria-flash-usb-adata-c008-blanco-con-azul-32-gigabytes\/","url":"https:\/\/thoro.com.mx\/ethoro\/shop\/sin categor\u00eda\/memoria-flash-usb-adata-c008-blanco-con-azul-32-gigabytes\/","name":"MEMORIA FLASH USB ADATA C008 BLANCO CON AZUL 32 GIGABYTES - Thoro enterprises de Mexico","isPartOf":{"@id":"https:\/\/72.167.50.119\/ethoro\/#website"},"primaryImageOfPage":{"@id":"https:\/\/thoro.com.mx\/ethoro\/shop\/sin categor\u00eda\/memoria-flash-usb-adata-c008-blanco-con-azul-32-gigabytes\/#primaryimage"},"image":{"@id":"https:\/\/thoro.com.mx\/ethoro\/shop\/sin categor\u00eda\/memoria-flash-usb-adata-c008-blanco-con-azul-32-gigabytes\/#primaryimage"},"thumbnailUrl":"https:\/\/thoro.com.mx\/ethoro\/wp-content\/uploads\/2025\/05\/PC0034_01.jpg","datePublished":"2025-05-08T06:35:01+00:00","dateModified":"2026-03-25T08:42:44+00:00","breadcrumb":{"@id":"https:\/\/thoro.com.mx\/ethoro\/shop\/sin categor\u00eda\/memoria-flash-usb-adata-c008-blanco-con-azul-32-gigabytes\/#breadcrumb"},"inLanguage":"es","potentialAction":[{"@type":"ReadAction","target":["https:\/\/thoro.com.mx\/ethoro\/shop\/sin categor\u00eda\/memoria-flash-usb-adata-c008-blanco-con-azul-32-gigabytes\/"]}]},{"@type":"ImageObject","inLanguage":"es","@id":"https:\/\/thoro.com.mx\/ethoro\/shop\/sin categor\u00eda\/memoria-flash-usb-adata-c008-blanco-con-azul-32-gigabytes\/#primaryimage","url":"https:\/\/thoro.com.mx\/ethoro\/wp-content\/uploads\/2025\/05\/PC0034_01.jpg","contentUrl":"https:\/\/thoro.com.mx\/ethoro\/wp-content\/uploads\/2025\/05\/PC0034_01.jpg","width":1000,"height":1000},{"@type":"BreadcrumbList","@id":"https:\/\/thoro.com.mx\/ethoro\/shop\/sin categor\u00eda\/memoria-flash-usb-adata-c008-blanco-con-azul-32-gigabytes\/#breadcrumb","itemListElement":[{"@type":"ListItem","position":1,"name":"Inicio","item":"https:\/\/thoro.com.mx\/ethoro\/"},{"@type":"ListItem","position":2,"name":"Tienda","item":"https:\/\/thoro.com.mx\/ethoro\/shop\/"},{"@type":"ListItem","position":3,"name":"MEMORIA FLASH USB ADATA C008 BLANCO CON AZUL 32 GIGABYTES"}]},{"@type":"WebSite","@id":"https:\/\/72.167.50.119\/ethoro\/#website","url":"https:\/\/72.167.50.119\/ethoro\/","name":"Thoro Enterprises de M\u00e9xico","description":"Todo en Thoro","publisher":{"@id":"https:\/\/72.167.50.119\/ethoro\/#organization"},"alternateName":"Thoro shop","potentialAction":[{"@type":"SearchAction","target":{"@type":"EntryPoint","urlTemplate":"https:\/\/72.167.50.119\/ethoro\/?s={search_term_string}"},"query-input":{"@type":"PropertyValueSpecification","valueRequired":true,"valueName":"search_term_string"}}],"inLanguage":"es"},{"@type":"Organization","@id":"https:\/\/72.167.50.119\/ethoro\/#organization","name":"Thoro Enterprises de M\u00e9xico","alternateName":"Thoro shop","url":"https:\/\/72.167.50.119\/ethoro\/","logo":{"@type":"ImageObject","inLanguage":"es","@id":"https:\/\/72.167.50.119\/ethoro\/#\/schema\/logo\/image\/","url":"https:\/\/72.167.50.119\/ethoro\/wp-content\/uploads\/2025\/01\/cropped-cropped-icono_t-180x180-1.png","contentUrl":"https:\/\/72.167.50.119\/ethoro\/wp-content\/uploads\/2025\/01\/cropped-cropped-icono_t-180x180-1.png","width":512,"height":512,"caption":"Thoro Enterprises de M\u00e9xico"},"image":{"@id":"https:\/\/72.167.50.119\/ethoro\/#\/schema\/logo\/image\/"},"sameAs":["https:\/\/www.facebook.com\/ThoroEnterprises","https:\/\/www.instagram.com\/thoro.mexico\/"]}]}},"_links":{"self":[{"href":"https:\/\/thoro.com.mx\/ethoro\/wp-json\/wp\/v2\/product\/417163","targetHints":{"allow":["GET"]}}],"collection":[{"href":"https:\/\/thoro.com.mx\/ethoro\/wp-json\/wp\/v2\/product"}],"about":[{"href":"https:\/\/thoro.com.mx\/ethoro\/wp-json\/wp\/v2\/types\/product"}],"replies":[{"embeddable":true,"href":"https:\/\/thoro.com.mx\/ethoro\/wp-json\/wp\/v2\/comments?post=417163"}],"wp:featuredmedia":[{"embeddable":true,"href":"https:\/\/thoro.com.mx\/ethoro\/wp-json\/wp\/v2\/media\/417162"}],"wp:attachment":[{"href":"https:\/\/thoro.com.mx\/ethoro\/wp-json\/wp\/v2\/media?parent=417163"}],"wp:term":[{"taxonomy":"product_brand","embeddable":true,"href":"https:\/\/thoro.com.mx\/ethoro\/wp-json\/wp\/v2\/product_brand?post=417163"},{"taxonomy":"product_cat","embeddable":true,"href":"https:\/\/thoro.com.mx\/ethoro\/wp-json\/wp\/v2\/product_cat?post=417163"},{"taxonomy":"product_tag","embeddable":true,"href":"https:\/\/thoro.com.mx\/ethoro\/wp-json\/wp\/v2\/product_tag?post=417163"}],"curies":[{"name":"wp","href":"https:\/\/api.w.org\/{rel}","templated":true}]}}