{"id":417512,"date":"2025-05-10T00:02:08","date_gmt":"2025-05-10T06:02:08","guid":{"rendered":"https:\/\/thoro.com.mx\/ethoro\/shop\/sin categor\u00eda\/cinta-para-ducto-shurtape-pc-745-152402-de-48-milimetros-x-32-metros\/"},"modified":"2026-04-04T00:08:12","modified_gmt":"2026-04-04T06:08:12","slug":"cinta-para-ducto-shurtape-pc-745-152402-de-48-milimetros-x-32-metros","status":"publish","type":"product","link":"https:\/\/thoro.com.mx\/ethoro\/shop\/herramientas\/cintas\/cintas-para-ductos\/cinta-para-ducto-shurtape-pc-745-152402-de-48-milimetros-x-32-metros\/","title":{"rendered":"CINTA PARA DUCTO SHURTAPE PC 745 152402 DE 48 MILIMETROS X 32 METROS"},"content":{"rendered":"<h4>152402<\/h4>\n<ul>\n<li>Tela adhesiva muy resistente, de excelente calidad, para usar en superficies irregulares y reparaciones en trabajos pesados.<\/li>\n<li>Tensi\u00f3n: 50 lbs\/in width.<\/li>\n<li>Adhesi\u00f3n al acero: 100 oz\/in width .<\/li>\n<li>Espesor: 17 mils.<\/li>\n<li>Temperatura: 0 C to 93 C.<\/li>\n<li>Refuerzo: Pel\u00edcula de polietileno impermeable con soporte de tela.<\/li>\n<li>Adhesivo: Adhesivo de goma natural.<\/li>\n<li>Fijaci\u00f3n r\u00e1pida, incluso en superficies rugosas o sucias-<\/li>\n<li>Poder de sujeci\u00f3n superior en laminados de polietileno, metal y madera sin pintar.<\/li>\n<li>Forro impermeable reforzado.<\/li>\n<\/ul>\n","protected":false},"excerpt":{"rendered":"<p>152402 Tela adhesiva muy resistente, de excelente calidad, para usar en superficies irregulares y reparaciones en trabajos pesados. Tensi\u00f3n: 50 lbs\/in width. Adhesi\u00f3n al acero: 100 oz\/in width . Espesor: 17 mils. Temperatura: 0 C to 93 C. Refuerzo: Pel\u00edcula de polietileno impermeable con soporte de tela. Adhesivo: Adhesivo de goma natural. Fijaci\u00f3n r\u00e1pida, incluso [&hellip;]<\/p>\n","protected":false},"featured_media":417511,"comment_status":"open","ping_status":"closed","template":"","meta":{"_monsterinsights_skip_tracking":false,"_monsterinsights_sitenote_active":false,"_monsterinsights_sitenote_note":"","_monsterinsights_sitenote_category":0,"_joinchat":[]},"product_brand":[],"product_cat":[380],"product_tag":[],"class_list":{"0":"post-417512","1":"product","2":"type-product","3":"status-publish","4":"has-post-thumbnail","6":"product_cat-cintas-para-ductos","8":"first","9":"instock","10":"taxable","11":"shipping-taxable","12":"purchasable","13":"product-type-simple","14":"add-to-wishlist-after_add_to_cart"},"yoast_head":"<!-- This site is optimized with the Yoast SEO plugin v27.1.1 - https:\/\/yoast.com\/product\/yoast-seo-wordpress\/ -->\n<title>CINTA PARA DUCTO SHURTAPE PC 745 152402 DE 48 MILIMETROS X 32 METROS - Thoro enterprises de Mexico<\/title>\n<meta name=\"robots\" content=\"noindex, follow\" \/>\n<meta property=\"og:locale\" content=\"es_MX\" \/>\n<meta property=\"og:type\" content=\"article\" \/>\n<meta property=\"og:title\" content=\"CINTA PARA DUCTO SHURTAPE PC 745 152402 DE 48 MILIMETROS X 32 METROS - Thoro enterprises de Mexico\" \/>\n<meta property=\"og:description\" content=\"152402 Tela adhesiva muy resistente, de excelente calidad, para usar en superficies irregulares y reparaciones en trabajos pesados. Tensi\u00f3n: 50 lbs\/in width. Adhesi\u00f3n al acero: 100 oz\/in width . Espesor: 17 mils. Temperatura: 0 C to 93 C. Refuerzo: Pel\u00edcula de polietileno impermeable con soporte de tela. Adhesivo: Adhesivo de goma natural. Fijaci\u00f3n r\u00e1pida, incluso [&hellip;]\" \/>\n<meta property=\"og:url\" content=\"https:\/\/thoro.com.mx\/ethoro\/shop\/sin categor\u00eda\/cinta-para-ducto-shurtape-pc-745-152402-de-48-milimetros-x-32-metros\/\" \/>\n<meta property=\"og:site_name\" content=\"Thoro enterprises de Mexico\" \/>\n<meta property=\"article:publisher\" content=\"https:\/\/www.facebook.com\/ThoroEnterprises\" \/>\n<meta property=\"article:modified_time\" content=\"2026-04-04T06:08:12+00:00\" \/>\n<meta name=\"twitter:card\" content=\"summary_large_image\" \/>\n<script type=\"application\/ld+json\" class=\"yoast-schema-graph\">{\"@context\":\"https:\/\/schema.org\",\"@graph\":[{\"@type\":\"WebPage\",\"@id\":\"https:\/\/thoro.com.mx\/ethoro\/shop\/sin categor\u00eda\/cinta-para-ducto-shurtape-pc-745-152402-de-48-milimetros-x-32-metros\/\",\"url\":\"https:\/\/thoro.com.mx\/ethoro\/shop\/sin categor\u00eda\/cinta-para-ducto-shurtape-pc-745-152402-de-48-milimetros-x-32-metros\/\",\"name\":\"CINTA PARA DUCTO SHURTAPE PC 745 152402 DE 48 MILIMETROS X 32 METROS - Thoro enterprises de Mexico\",\"isPartOf\":{\"@id\":\"https:\/\/72.167.50.119\/ethoro\/#website\"},\"primaryImageOfPage\":{\"@id\":\"https:\/\/thoro.com.mx\/ethoro\/shop\/sin categor\u00eda\/cinta-para-ducto-shurtape-pc-745-152402-de-48-milimetros-x-32-metros\/#primaryimage\"},\"image\":{\"@id\":\"https:\/\/thoro.com.mx\/ethoro\/shop\/sin categor\u00eda\/cinta-para-ducto-shurtape-pc-745-152402-de-48-milimetros-x-32-metros\/#primaryimage\"},\"thumbnailUrl\":\"https:\/\/thoro.com.mx\/ethoro\/wp-content\/uploads\/2025\/05\/H10773.jpg\",\"datePublished\":\"2025-05-10T06:02:08+00:00\",\"dateModified\":\"2026-04-04T06:08:12+00:00\",\"breadcrumb\":{\"@id\":\"https:\/\/thoro.com.mx\/ethoro\/shop\/sin categor\u00eda\/cinta-para-ducto-shurtape-pc-745-152402-de-48-milimetros-x-32-metros\/#breadcrumb\"},\"inLanguage\":\"es\",\"potentialAction\":[{\"@type\":\"ReadAction\",\"target\":[\"https:\/\/thoro.com.mx\/ethoro\/shop\/sin categor\u00eda\/cinta-para-ducto-shurtape-pc-745-152402-de-48-milimetros-x-32-metros\/\"]}]},{\"@type\":\"ImageObject\",\"inLanguage\":\"es\",\"@id\":\"https:\/\/thoro.com.mx\/ethoro\/shop\/sin categor\u00eda\/cinta-para-ducto-shurtape-pc-745-152402-de-48-milimetros-x-32-metros\/#primaryimage\",\"url\":\"https:\/\/thoro.com.mx\/ethoro\/wp-content\/uploads\/2025\/05\/H10773.jpg\",\"contentUrl\":\"https:\/\/thoro.com.mx\/ethoro\/wp-content\/uploads\/2025\/05\/H10773.jpg\",\"width\":1000,\"height\":1000},{\"@type\":\"BreadcrumbList\",\"@id\":\"https:\/\/thoro.com.mx\/ethoro\/shop\/sin categor\u00eda\/cinta-para-ducto-shurtape-pc-745-152402-de-48-milimetros-x-32-metros\/#breadcrumb\",\"itemListElement\":[{\"@type\":\"ListItem\",\"position\":1,\"name\":\"Inicio\",\"item\":\"https:\/\/thoro.com.mx\/ethoro\/\"},{\"@type\":\"ListItem\",\"position\":2,\"name\":\"Tienda\",\"item\":\"https:\/\/thoro.com.mx\/ethoro\/shop\/\"},{\"@type\":\"ListItem\",\"position\":3,\"name\":\"CINTA PARA DUCTO SHURTAPE PC 745 152402 DE 48 MILIMETROS X 32 METROS\"}]},{\"@type\":\"WebSite\",\"@id\":\"https:\/\/72.167.50.119\/ethoro\/#website\",\"url\":\"https:\/\/72.167.50.119\/ethoro\/\",\"name\":\"Thoro Enterprises de M\u00e9xico\",\"description\":\"Todo en Thoro\",\"publisher\":{\"@id\":\"https:\/\/72.167.50.119\/ethoro\/#organization\"},\"alternateName\":\"Thoro shop\",\"potentialAction\":[{\"@type\":\"SearchAction\",\"target\":{\"@type\":\"EntryPoint\",\"urlTemplate\":\"https:\/\/72.167.50.119\/ethoro\/?s={search_term_string}\"},\"query-input\":{\"@type\":\"PropertyValueSpecification\",\"valueRequired\":true,\"valueName\":\"search_term_string\"}}],\"inLanguage\":\"es\"},{\"@type\":\"Organization\",\"@id\":\"https:\/\/72.167.50.119\/ethoro\/#organization\",\"name\":\"Thoro Enterprises de M\u00e9xico\",\"alternateName\":\"Thoro shop\",\"url\":\"https:\/\/72.167.50.119\/ethoro\/\",\"logo\":{\"@type\":\"ImageObject\",\"inLanguage\":\"es\",\"@id\":\"https:\/\/72.167.50.119\/ethoro\/#\/schema\/logo\/image\/\",\"url\":\"https:\/\/72.167.50.119\/ethoro\/wp-content\/uploads\/2025\/01\/cropped-cropped-icono_t-180x180-1.png\",\"contentUrl\":\"https:\/\/72.167.50.119\/ethoro\/wp-content\/uploads\/2025\/01\/cropped-cropped-icono_t-180x180-1.png\",\"width\":512,\"height\":512,\"caption\":\"Thoro Enterprises de M\u00e9xico\"},\"image\":{\"@id\":\"https:\/\/72.167.50.119\/ethoro\/#\/schema\/logo\/image\/\"},\"sameAs\":[\"https:\/\/www.facebook.com\/ThoroEnterprises\",\"https:\/\/www.instagram.com\/thoro.mexico\/\"]}]}<\/script>\n<!-- \/ Yoast SEO plugin. -->","yoast_head_json":{"title":"CINTA PARA DUCTO SHURTAPE PC 745 152402 DE 48 MILIMETROS X 32 METROS - Thoro enterprises de Mexico","robots":{"index":"noindex","follow":"follow"},"og_locale":"es_MX","og_type":"article","og_title":"CINTA PARA DUCTO SHURTAPE PC 745 152402 DE 48 MILIMETROS X 32 METROS - Thoro enterprises de Mexico","og_description":"152402 Tela adhesiva muy resistente, de excelente calidad, para usar en superficies irregulares y reparaciones en trabajos pesados. Tensi\u00f3n: 50 lbs\/in width. Adhesi\u00f3n al acero: 100 oz\/in width . Espesor: 17 mils. Temperatura: 0 C to 93 C. Refuerzo: Pel\u00edcula de polietileno impermeable con soporte de tela. Adhesivo: Adhesivo de goma natural. Fijaci\u00f3n r\u00e1pida, incluso [&hellip;]","og_url":"https:\/\/thoro.com.mx\/ethoro\/shop\/sin categor\u00eda\/cinta-para-ducto-shurtape-pc-745-152402-de-48-milimetros-x-32-metros\/","og_site_name":"Thoro enterprises de Mexico","article_publisher":"https:\/\/www.facebook.com\/ThoroEnterprises","article_modified_time":"2026-04-04T06:08:12+00:00","twitter_card":"summary_large_image","schema":{"@context":"https:\/\/schema.org","@graph":[{"@type":"WebPage","@id":"https:\/\/thoro.com.mx\/ethoro\/shop\/sin categor\u00eda\/cinta-para-ducto-shurtape-pc-745-152402-de-48-milimetros-x-32-metros\/","url":"https:\/\/thoro.com.mx\/ethoro\/shop\/sin categor\u00eda\/cinta-para-ducto-shurtape-pc-745-152402-de-48-milimetros-x-32-metros\/","name":"CINTA PARA DUCTO SHURTAPE PC 745 152402 DE 48 MILIMETROS X 32 METROS - Thoro enterprises de Mexico","isPartOf":{"@id":"https:\/\/72.167.50.119\/ethoro\/#website"},"primaryImageOfPage":{"@id":"https:\/\/thoro.com.mx\/ethoro\/shop\/sin categor\u00eda\/cinta-para-ducto-shurtape-pc-745-152402-de-48-milimetros-x-32-metros\/#primaryimage"},"image":{"@id":"https:\/\/thoro.com.mx\/ethoro\/shop\/sin categor\u00eda\/cinta-para-ducto-shurtape-pc-745-152402-de-48-milimetros-x-32-metros\/#primaryimage"},"thumbnailUrl":"https:\/\/thoro.com.mx\/ethoro\/wp-content\/uploads\/2025\/05\/H10773.jpg","datePublished":"2025-05-10T06:02:08+00:00","dateModified":"2026-04-04T06:08:12+00:00","breadcrumb":{"@id":"https:\/\/thoro.com.mx\/ethoro\/shop\/sin categor\u00eda\/cinta-para-ducto-shurtape-pc-745-152402-de-48-milimetros-x-32-metros\/#breadcrumb"},"inLanguage":"es","potentialAction":[{"@type":"ReadAction","target":["https:\/\/thoro.com.mx\/ethoro\/shop\/sin categor\u00eda\/cinta-para-ducto-shurtape-pc-745-152402-de-48-milimetros-x-32-metros\/"]}]},{"@type":"ImageObject","inLanguage":"es","@id":"https:\/\/thoro.com.mx\/ethoro\/shop\/sin categor\u00eda\/cinta-para-ducto-shurtape-pc-745-152402-de-48-milimetros-x-32-metros\/#primaryimage","url":"https:\/\/thoro.com.mx\/ethoro\/wp-content\/uploads\/2025\/05\/H10773.jpg","contentUrl":"https:\/\/thoro.com.mx\/ethoro\/wp-content\/uploads\/2025\/05\/H10773.jpg","width":1000,"height":1000},{"@type":"BreadcrumbList","@id":"https:\/\/thoro.com.mx\/ethoro\/shop\/sin categor\u00eda\/cinta-para-ducto-shurtape-pc-745-152402-de-48-milimetros-x-32-metros\/#breadcrumb","itemListElement":[{"@type":"ListItem","position":1,"name":"Inicio","item":"https:\/\/thoro.com.mx\/ethoro\/"},{"@type":"ListItem","position":2,"name":"Tienda","item":"https:\/\/thoro.com.mx\/ethoro\/shop\/"},{"@type":"ListItem","position":3,"name":"CINTA PARA DUCTO SHURTAPE PC 745 152402 DE 48 MILIMETROS X 32 METROS"}]},{"@type":"WebSite","@id":"https:\/\/72.167.50.119\/ethoro\/#website","url":"https:\/\/72.167.50.119\/ethoro\/","name":"Thoro Enterprises de M\u00e9xico","description":"Todo en Thoro","publisher":{"@id":"https:\/\/72.167.50.119\/ethoro\/#organization"},"alternateName":"Thoro shop","potentialAction":[{"@type":"SearchAction","target":{"@type":"EntryPoint","urlTemplate":"https:\/\/72.167.50.119\/ethoro\/?s={search_term_string}"},"query-input":{"@type":"PropertyValueSpecification","valueRequired":true,"valueName":"search_term_string"}}],"inLanguage":"es"},{"@type":"Organization","@id":"https:\/\/72.167.50.119\/ethoro\/#organization","name":"Thoro Enterprises de M\u00e9xico","alternateName":"Thoro shop","url":"https:\/\/72.167.50.119\/ethoro\/","logo":{"@type":"ImageObject","inLanguage":"es","@id":"https:\/\/72.167.50.119\/ethoro\/#\/schema\/logo\/image\/","url":"https:\/\/72.167.50.119\/ethoro\/wp-content\/uploads\/2025\/01\/cropped-cropped-icono_t-180x180-1.png","contentUrl":"https:\/\/72.167.50.119\/ethoro\/wp-content\/uploads\/2025\/01\/cropped-cropped-icono_t-180x180-1.png","width":512,"height":512,"caption":"Thoro Enterprises de M\u00e9xico"},"image":{"@id":"https:\/\/72.167.50.119\/ethoro\/#\/schema\/logo\/image\/"},"sameAs":["https:\/\/www.facebook.com\/ThoroEnterprises","https:\/\/www.instagram.com\/thoro.mexico\/"]}]}},"_links":{"self":[{"href":"https:\/\/thoro.com.mx\/ethoro\/wp-json\/wp\/v2\/product\/417512","targetHints":{"allow":["GET"]}}],"collection":[{"href":"https:\/\/thoro.com.mx\/ethoro\/wp-json\/wp\/v2\/product"}],"about":[{"href":"https:\/\/thoro.com.mx\/ethoro\/wp-json\/wp\/v2\/types\/product"}],"replies":[{"embeddable":true,"href":"https:\/\/thoro.com.mx\/ethoro\/wp-json\/wp\/v2\/comments?post=417512"}],"wp:featuredmedia":[{"embeddable":true,"href":"https:\/\/thoro.com.mx\/ethoro\/wp-json\/wp\/v2\/media\/417511"}],"wp:attachment":[{"href":"https:\/\/thoro.com.mx\/ethoro\/wp-json\/wp\/v2\/media?parent=417512"}],"wp:term":[{"taxonomy":"product_brand","embeddable":true,"href":"https:\/\/thoro.com.mx\/ethoro\/wp-json\/wp\/v2\/product_brand?post=417512"},{"taxonomy":"product_cat","embeddable":true,"href":"https:\/\/thoro.com.mx\/ethoro\/wp-json\/wp\/v2\/product_cat?post=417512"},{"taxonomy":"product_tag","embeddable":true,"href":"https:\/\/thoro.com.mx\/ethoro\/wp-json\/wp\/v2\/product_tag?post=417512"}],"curies":[{"name":"wp","href":"https:\/\/api.w.org\/{rel}","templated":true}]}}