{"id":423247,"date":"2025-06-13T00:46:02","date_gmt":"2025-06-13T06:46:02","guid":{"rendered":"https:\/\/thoro.com.mx\/ethoro\/shop\/sin categor\u00eda\/tinta-permanente-azor-dry-line-negro-355-mililitros\/"},"modified":"2026-03-24T02:52:21","modified_gmt":"2026-03-24T08:52:21","slug":"tinta-permanente-azor-dry-line-negro-355-mililitros","status":"publish","type":"product","link":"https:\/\/thoro.com.mx\/ethoro\/shop\/papeleria-y-oficina\/sellos-y-tintas-papeleria-y-oficina\/tintas-sellos-y-tintas-papeleria-y-oficina\/tinta-permanente-azor-dry-line-negro-355-mililitros\/","title":{"rendered":"TINTA PERMANENTE AZOR DRY LINE NEGRO 355 MILILITROS"},"content":{"rendered":"<h4>DRY LINE<\/h4>\n<ul>\n<li>Tinta permanente base solvente de alto desempe\u00f1o para uso rudo e industrial.<\/li>\n<li>Envase de aluminio.<\/li>\n<li>Para rellenar marcadores Signal Mega.<\/li>\n<li>Aplicador tipo dosificador para su f\u00e1cil aplicaci\u00f3n.<\/li>\n<li>Ideal para marcar sobre vidrio, porcelana, metal, tela, madera, pl\u00e1stico, cartoncillo, etc.<\/li>\n<li>Marca sobre superficies h\u00famedas o grasosas.<\/li>\n<li>Usarse en \u00e1reas ventiladas.<\/li>\n<li>Mant\u00e9ngase tapado cuando no se use.<\/li>\n<li><\/li>\n<li>Precauciones:<\/li>\n<li>Evite la ingesti\u00f3n. <\/li>\n<li>Al\u00e9jese de los ojos. <\/li>\n<li>Util\u00edcese en \u00e1reas ventiladas.<\/li>\n<li>Almac\u00e9nese lejos de cualquier fuente de calor. <\/li>\n<li>No se use en superficies de unicel.<\/li>\n<li>No se deje al alcance de los ni\u00f1os.<\/li>\n<li>No es un producto escolar.<\/li>\n<li><\/li>\n<li>Primeros auxilios:<\/li>\n<li>En caso de ingesti\u00f3n, no induzca el v\u00f3mito y administre agua o leche.<\/li>\n<li>En caso de inhalaci\u00f3n prolongada, traslade a la persona a un \u00e1rea ventilada y si fuese necesario, administre ox\u00edgeno.<\/li>\n<li>En caso de contacto con los ojos, l\u00e1veselos con agua corriente por 10 minutos.<\/li>\n<li>Consulte a su m\u00e9dico.<\/li>\n<\/ul>\n","protected":false},"excerpt":{"rendered":"<p>DRY LINE Tinta permanente base solvente de alto desempe\u00f1o para uso rudo e industrial. Envase de aluminio. Para rellenar marcadores Signal Mega. Aplicador tipo dosificador para su f\u00e1cil aplicaci\u00f3n. Ideal para marcar sobre vidrio, porcelana, metal, tela, madera, pl\u00e1stico, cartoncillo, etc. Marca sobre superficies h\u00famedas o grasosas. Usarse en \u00e1reas ventiladas. Mant\u00e9ngase tapado cuando no [&hellip;]<\/p>\n","protected":false},"featured_media":423246,"comment_status":"open","ping_status":"closed","template":"","meta":{"_monsterinsights_skip_tracking":false,"_monsterinsights_sitenote_active":false,"_monsterinsights_sitenote_note":"","_monsterinsights_sitenote_category":0,"_joinchat":[]},"product_brand":[],"product_cat":[14289],"product_tag":[],"class_list":{"0":"post-423247","1":"product","2":"type-product","3":"status-publish","4":"has-post-thumbnail","6":"product_cat-tintas-sellos-y-tintas-papeleria-y-oficina","8":"first","9":"outofstock","10":"sale","11":"taxable","12":"shipping-taxable","13":"purchasable","14":"product-type-simple","15":"add-to-wishlist-after_add_to_cart"},"yoast_head":"<!-- This site is optimized with the Yoast SEO plugin v27.1.1 - https:\/\/yoast.com\/product\/yoast-seo-wordpress\/ -->\n<title>TINTA PERMANENTE AZOR DRY LINE NEGRO 355 MILILITROS - Thoro enterprises de Mexico<\/title>\n<meta name=\"robots\" content=\"noindex, follow\" \/>\n<meta property=\"og:locale\" content=\"es_MX\" \/>\n<meta property=\"og:type\" content=\"article\" \/>\n<meta property=\"og:title\" content=\"TINTA PERMANENTE AZOR DRY LINE NEGRO 355 MILILITROS - Thoro enterprises de Mexico\" \/>\n<meta property=\"og:description\" content=\"DRY LINE Tinta permanente base solvente de alto desempe\u00f1o para uso rudo e industrial. Envase de aluminio. Para rellenar marcadores Signal Mega. Aplicador tipo dosificador para su f\u00e1cil aplicaci\u00f3n. Ideal para marcar sobre vidrio, porcelana, metal, tela, madera, pl\u00e1stico, cartoncillo, etc. Marca sobre superficies h\u00famedas o grasosas. Usarse en \u00e1reas ventiladas. Mant\u00e9ngase tapado cuando no [&hellip;]\" \/>\n<meta property=\"og:url\" content=\"https:\/\/thoro.com.mx\/ethoro\/shop\/sin categor\u00eda\/tinta-permanente-azor-dry-line-negro-355-mililitros\/\" \/>\n<meta property=\"og:site_name\" content=\"Thoro enterprises de Mexico\" \/>\n<meta property=\"article:publisher\" content=\"https:\/\/www.facebook.com\/ThoroEnterprises\" \/>\n<meta property=\"article:modified_time\" content=\"2026-03-24T08:52:21+00:00\" \/>\n<meta name=\"twitter:card\" content=\"summary_large_image\" \/>\n<meta name=\"twitter:label1\" content=\"Tiempo de lectura\" \/>\n\t<meta name=\"twitter:data1\" content=\"1 minuto\" \/>\n<script type=\"application\/ld+json\" class=\"yoast-schema-graph\">{\"@context\":\"https:\/\/schema.org\",\"@graph\":[{\"@type\":\"WebPage\",\"@id\":\"https:\/\/thoro.com.mx\/ethoro\/shop\/sin categor\u00eda\/tinta-permanente-azor-dry-line-negro-355-mililitros\/\",\"url\":\"https:\/\/thoro.com.mx\/ethoro\/shop\/sin categor\u00eda\/tinta-permanente-azor-dry-line-negro-355-mililitros\/\",\"name\":\"TINTA PERMANENTE AZOR DRY LINE NEGRO 355 MILILITROS - Thoro enterprises de Mexico\",\"isPartOf\":{\"@id\":\"https:\/\/72.167.50.119\/ethoro\/#website\"},\"primaryImageOfPage\":{\"@id\":\"https:\/\/thoro.com.mx\/ethoro\/shop\/sin categor\u00eda\/tinta-permanente-azor-dry-line-negro-355-mililitros\/#primaryimage\"},\"image\":{\"@id\":\"https:\/\/thoro.com.mx\/ethoro\/shop\/sin categor\u00eda\/tinta-permanente-azor-dry-line-negro-355-mililitros\/#primaryimage\"},\"thumbnailUrl\":\"https:\/\/thoro.com.mx\/ethoro\/wp-content\/uploads\/2025\/06\/PQ0423_011.jpg\",\"datePublished\":\"2025-06-13T06:46:02+00:00\",\"dateModified\":\"2026-03-24T08:52:21+00:00\",\"breadcrumb\":{\"@id\":\"https:\/\/thoro.com.mx\/ethoro\/shop\/sin categor\u00eda\/tinta-permanente-azor-dry-line-negro-355-mililitros\/#breadcrumb\"},\"inLanguage\":\"es\",\"potentialAction\":[{\"@type\":\"ReadAction\",\"target\":[\"https:\/\/thoro.com.mx\/ethoro\/shop\/sin categor\u00eda\/tinta-permanente-azor-dry-line-negro-355-mililitros\/\"]}]},{\"@type\":\"ImageObject\",\"inLanguage\":\"es\",\"@id\":\"https:\/\/thoro.com.mx\/ethoro\/shop\/sin categor\u00eda\/tinta-permanente-azor-dry-line-negro-355-mililitros\/#primaryimage\",\"url\":\"https:\/\/thoro.com.mx\/ethoro\/wp-content\/uploads\/2025\/06\/PQ0423_011.jpg\",\"contentUrl\":\"https:\/\/thoro.com.mx\/ethoro\/wp-content\/uploads\/2025\/06\/PQ0423_011.jpg\",\"width\":1000,\"height\":1000},{\"@type\":\"BreadcrumbList\",\"@id\":\"https:\/\/thoro.com.mx\/ethoro\/shop\/sin categor\u00eda\/tinta-permanente-azor-dry-line-negro-355-mililitros\/#breadcrumb\",\"itemListElement\":[{\"@type\":\"ListItem\",\"position\":1,\"name\":\"Inicio\",\"item\":\"https:\/\/thoro.com.mx\/ethoro\/\"},{\"@type\":\"ListItem\",\"position\":2,\"name\":\"Tienda\",\"item\":\"https:\/\/thoro.com.mx\/ethoro\/shop\/\"},{\"@type\":\"ListItem\",\"position\":3,\"name\":\"TINTA PERMANENTE AZOR DRY LINE NEGRO 355 MILILITROS\"}]},{\"@type\":\"WebSite\",\"@id\":\"https:\/\/72.167.50.119\/ethoro\/#website\",\"url\":\"https:\/\/72.167.50.119\/ethoro\/\",\"name\":\"Thoro Enterprises de M\u00e9xico\",\"description\":\"Todo en Thoro\",\"publisher\":{\"@id\":\"https:\/\/72.167.50.119\/ethoro\/#organization\"},\"alternateName\":\"Thoro shop\",\"potentialAction\":[{\"@type\":\"SearchAction\",\"target\":{\"@type\":\"EntryPoint\",\"urlTemplate\":\"https:\/\/72.167.50.119\/ethoro\/?s={search_term_string}\"},\"query-input\":{\"@type\":\"PropertyValueSpecification\",\"valueRequired\":true,\"valueName\":\"search_term_string\"}}],\"inLanguage\":\"es\"},{\"@type\":\"Organization\",\"@id\":\"https:\/\/72.167.50.119\/ethoro\/#organization\",\"name\":\"Thoro Enterprises de M\u00e9xico\",\"alternateName\":\"Thoro shop\",\"url\":\"https:\/\/72.167.50.119\/ethoro\/\",\"logo\":{\"@type\":\"ImageObject\",\"inLanguage\":\"es\",\"@id\":\"https:\/\/72.167.50.119\/ethoro\/#\/schema\/logo\/image\/\",\"url\":\"https:\/\/72.167.50.119\/ethoro\/wp-content\/uploads\/2025\/01\/cropped-cropped-icono_t-180x180-1.png\",\"contentUrl\":\"https:\/\/72.167.50.119\/ethoro\/wp-content\/uploads\/2025\/01\/cropped-cropped-icono_t-180x180-1.png\",\"width\":512,\"height\":512,\"caption\":\"Thoro Enterprises de M\u00e9xico\"},\"image\":{\"@id\":\"https:\/\/72.167.50.119\/ethoro\/#\/schema\/logo\/image\/\"},\"sameAs\":[\"https:\/\/www.facebook.com\/ThoroEnterprises\",\"https:\/\/www.instagram.com\/thoro.mexico\/\"]}]}<\/script>\n<!-- \/ Yoast SEO plugin. -->","yoast_head_json":{"title":"TINTA PERMANENTE AZOR DRY LINE NEGRO 355 MILILITROS - Thoro enterprises de Mexico","robots":{"index":"noindex","follow":"follow"},"og_locale":"es_MX","og_type":"article","og_title":"TINTA PERMANENTE AZOR DRY LINE NEGRO 355 MILILITROS - Thoro enterprises de Mexico","og_description":"DRY LINE Tinta permanente base solvente de alto desempe\u00f1o para uso rudo e industrial. Envase de aluminio. Para rellenar marcadores Signal Mega. Aplicador tipo dosificador para su f\u00e1cil aplicaci\u00f3n. Ideal para marcar sobre vidrio, porcelana, metal, tela, madera, pl\u00e1stico, cartoncillo, etc. Marca sobre superficies h\u00famedas o grasosas. Usarse en \u00e1reas ventiladas. Mant\u00e9ngase tapado cuando no [&hellip;]","og_url":"https:\/\/thoro.com.mx\/ethoro\/shop\/sin categor\u00eda\/tinta-permanente-azor-dry-line-negro-355-mililitros\/","og_site_name":"Thoro enterprises de Mexico","article_publisher":"https:\/\/www.facebook.com\/ThoroEnterprises","article_modified_time":"2026-03-24T08:52:21+00:00","twitter_card":"summary_large_image","twitter_misc":{"Tiempo de lectura":"1 minuto"},"schema":{"@context":"https:\/\/schema.org","@graph":[{"@type":"WebPage","@id":"https:\/\/thoro.com.mx\/ethoro\/shop\/sin categor\u00eda\/tinta-permanente-azor-dry-line-negro-355-mililitros\/","url":"https:\/\/thoro.com.mx\/ethoro\/shop\/sin categor\u00eda\/tinta-permanente-azor-dry-line-negro-355-mililitros\/","name":"TINTA PERMANENTE AZOR DRY LINE NEGRO 355 MILILITROS - Thoro enterprises de Mexico","isPartOf":{"@id":"https:\/\/72.167.50.119\/ethoro\/#website"},"primaryImageOfPage":{"@id":"https:\/\/thoro.com.mx\/ethoro\/shop\/sin categor\u00eda\/tinta-permanente-azor-dry-line-negro-355-mililitros\/#primaryimage"},"image":{"@id":"https:\/\/thoro.com.mx\/ethoro\/shop\/sin categor\u00eda\/tinta-permanente-azor-dry-line-negro-355-mililitros\/#primaryimage"},"thumbnailUrl":"https:\/\/thoro.com.mx\/ethoro\/wp-content\/uploads\/2025\/06\/PQ0423_011.jpg","datePublished":"2025-06-13T06:46:02+00:00","dateModified":"2026-03-24T08:52:21+00:00","breadcrumb":{"@id":"https:\/\/thoro.com.mx\/ethoro\/shop\/sin categor\u00eda\/tinta-permanente-azor-dry-line-negro-355-mililitros\/#breadcrumb"},"inLanguage":"es","potentialAction":[{"@type":"ReadAction","target":["https:\/\/thoro.com.mx\/ethoro\/shop\/sin categor\u00eda\/tinta-permanente-azor-dry-line-negro-355-mililitros\/"]}]},{"@type":"ImageObject","inLanguage":"es","@id":"https:\/\/thoro.com.mx\/ethoro\/shop\/sin categor\u00eda\/tinta-permanente-azor-dry-line-negro-355-mililitros\/#primaryimage","url":"https:\/\/thoro.com.mx\/ethoro\/wp-content\/uploads\/2025\/06\/PQ0423_011.jpg","contentUrl":"https:\/\/thoro.com.mx\/ethoro\/wp-content\/uploads\/2025\/06\/PQ0423_011.jpg","width":1000,"height":1000},{"@type":"BreadcrumbList","@id":"https:\/\/thoro.com.mx\/ethoro\/shop\/sin categor\u00eda\/tinta-permanente-azor-dry-line-negro-355-mililitros\/#breadcrumb","itemListElement":[{"@type":"ListItem","position":1,"name":"Inicio","item":"https:\/\/thoro.com.mx\/ethoro\/"},{"@type":"ListItem","position":2,"name":"Tienda","item":"https:\/\/thoro.com.mx\/ethoro\/shop\/"},{"@type":"ListItem","position":3,"name":"TINTA PERMANENTE AZOR DRY LINE NEGRO 355 MILILITROS"}]},{"@type":"WebSite","@id":"https:\/\/72.167.50.119\/ethoro\/#website","url":"https:\/\/72.167.50.119\/ethoro\/","name":"Thoro Enterprises de M\u00e9xico","description":"Todo en Thoro","publisher":{"@id":"https:\/\/72.167.50.119\/ethoro\/#organization"},"alternateName":"Thoro shop","potentialAction":[{"@type":"SearchAction","target":{"@type":"EntryPoint","urlTemplate":"https:\/\/72.167.50.119\/ethoro\/?s={search_term_string}"},"query-input":{"@type":"PropertyValueSpecification","valueRequired":true,"valueName":"search_term_string"}}],"inLanguage":"es"},{"@type":"Organization","@id":"https:\/\/72.167.50.119\/ethoro\/#organization","name":"Thoro Enterprises de M\u00e9xico","alternateName":"Thoro shop","url":"https:\/\/72.167.50.119\/ethoro\/","logo":{"@type":"ImageObject","inLanguage":"es","@id":"https:\/\/72.167.50.119\/ethoro\/#\/schema\/logo\/image\/","url":"https:\/\/72.167.50.119\/ethoro\/wp-content\/uploads\/2025\/01\/cropped-cropped-icono_t-180x180-1.png","contentUrl":"https:\/\/72.167.50.119\/ethoro\/wp-content\/uploads\/2025\/01\/cropped-cropped-icono_t-180x180-1.png","width":512,"height":512,"caption":"Thoro Enterprises de M\u00e9xico"},"image":{"@id":"https:\/\/72.167.50.119\/ethoro\/#\/schema\/logo\/image\/"},"sameAs":["https:\/\/www.facebook.com\/ThoroEnterprises","https:\/\/www.instagram.com\/thoro.mexico\/"]}]}},"_links":{"self":[{"href":"https:\/\/thoro.com.mx\/ethoro\/wp-json\/wp\/v2\/product\/423247","targetHints":{"allow":["GET"]}}],"collection":[{"href":"https:\/\/thoro.com.mx\/ethoro\/wp-json\/wp\/v2\/product"}],"about":[{"href":"https:\/\/thoro.com.mx\/ethoro\/wp-json\/wp\/v2\/types\/product"}],"replies":[{"embeddable":true,"href":"https:\/\/thoro.com.mx\/ethoro\/wp-json\/wp\/v2\/comments?post=423247"}],"wp:featuredmedia":[{"embeddable":true,"href":"https:\/\/thoro.com.mx\/ethoro\/wp-json\/wp\/v2\/media\/423246"}],"wp:attachment":[{"href":"https:\/\/thoro.com.mx\/ethoro\/wp-json\/wp\/v2\/media?parent=423247"}],"wp:term":[{"taxonomy":"product_brand","embeddable":true,"href":"https:\/\/thoro.com.mx\/ethoro\/wp-json\/wp\/v2\/product_brand?post=423247"},{"taxonomy":"product_cat","embeddable":true,"href":"https:\/\/thoro.com.mx\/ethoro\/wp-json\/wp\/v2\/product_cat?post=423247"},{"taxonomy":"product_tag","embeddable":true,"href":"https:\/\/thoro.com.mx\/ethoro\/wp-json\/wp\/v2\/product_tag?post=423247"}],"curies":[{"name":"wp","href":"https:\/\/api.w.org\/{rel}","templated":true}]}}