{"id":424011,"date":"2025-06-17T00:00:13","date_gmt":"2025-06-17T06:00:13","guid":{"rendered":"https:\/\/thoro.com.mx\/ethoro\/shop\/sin categor\u00eda\/unidad-ssd-nv2-m-2-kingston-snv2s-1000g-de-1-tb-3500-mb-s\/"},"modified":"2025-06-17T00:01:32","modified_gmt":"2025-06-17T06:01:32","slug":"unidad-ssd-nv2-m-2-kingston-snv2s-1000g-de-1-tb-3500-mb-s","status":"publish","type":"product","link":"https:\/\/thoro.com.mx\/ethoro\/shop\/tecnologia-2\/equipos-de-computo-y-tecnologia-tecnologia-2\/unidad-ssd\/unidad-ssd-nv2-m-2-kingston-snv2s-1000g-de-1-tb-3500-mb-s\/","title":{"rendered":"UNIDAD SSD NV2 M.2 KINGSTON SNV2S\/1000G DE 1 TB 3500 MB\/S"},"content":{"rendered":"<h4>SNV2S\/1000G<\/h4>\n<ul>\n<li>Basado en el rendimiento de una unidad nueva y sin uso, utilizando una placa madre PCIe 4.0 La velocidad puede variar dependiendo del hardware hu\u00e9sped, el software y el uso. <\/li>\n<li><\/li>\n<li>Algunas de las capacidades mencionadas en los dispositivos de almacenamiento Flash son utilizadas para formatear y otras funciones, por lo tanto no se encuentran disponibles para el almacenamiento de datos. Por favor, tenga en cuenta que la capacidad actual disponible para el almacenamiento de datos, es menor que la mencionada en los productos. Si desea obtener m\u00e1s informaci\u00f3n, por favor, visite la Gu\u00eda de Memoria Flash.<\/li>\n<\/ul>\n","protected":false},"excerpt":{"rendered":"<p>SNV2S\/1000G Basado en el rendimiento de una unidad nueva y sin uso, utilizando una placa madre PCIe 4.0 La velocidad puede variar dependiendo del hardware hu\u00e9sped, el software y el uso. Algunas de las capacidades mencionadas en los dispositivos de almacenamiento Flash son utilizadas para formatear y otras funciones, por lo tanto no se encuentran [&hellip;]<\/p>\n","protected":false},"featured_media":0,"comment_status":"open","ping_status":"closed","template":"","meta":{"_monsterinsights_skip_tracking":false,"_monsterinsights_sitenote_active":false,"_monsterinsights_sitenote_note":"","_monsterinsights_sitenote_category":0,"_joinchat":[]},"product_brand":[],"product_cat":[20296],"product_tag":[],"class_list":{"0":"post-424011","1":"product","2":"type-product","3":"status-publish","5":"product_cat-unidad-ssd","7":"first","8":"outofstock","9":"taxable","10":"shipping-taxable","11":"purchasable","12":"product-type-simple","13":"add-to-wishlist-after_add_to_cart"},"yoast_head":"<!-- This site is optimized with the Yoast SEO plugin v27.1.1 - https:\/\/yoast.com\/product\/yoast-seo-wordpress\/ -->\n<title>UNIDAD SSD NV2 M.2 KINGSTON SNV2S\/1000G DE 1 TB 3500 MB\/S - Thoro enterprises de Mexico<\/title>\n<meta name=\"robots\" content=\"noindex, follow\" \/>\n<meta property=\"og:locale\" content=\"es_MX\" \/>\n<meta property=\"og:type\" content=\"article\" \/>\n<meta property=\"og:title\" content=\"UNIDAD SSD NV2 M.2 KINGSTON SNV2S\/1000G DE 1 TB 3500 MB\/S - Thoro enterprises de Mexico\" \/>\n<meta property=\"og:description\" content=\"SNV2S\/1000G Basado en el rendimiento de una unidad nueva y sin uso, utilizando una placa madre PCIe 4.0 La velocidad puede variar dependiendo del hardware hu\u00e9sped, el software y el uso. Algunas de las capacidades mencionadas en los dispositivos de almacenamiento Flash son utilizadas para formatear y otras funciones, por lo tanto no se encuentran [&hellip;]\" \/>\n<meta property=\"og:url\" content=\"https:\/\/thoro.com.mx\/ethoro\/shop\/sin categor\u00eda\/unidad-ssd-nv2-m-2-kingston-snv2s-1000g-de-1-tb-3500-mb-s\/\" \/>\n<meta property=\"og:site_name\" content=\"Thoro enterprises de Mexico\" \/>\n<meta property=\"article:publisher\" content=\"https:\/\/www.facebook.com\/ThoroEnterprises\" \/>\n<meta property=\"article:modified_time\" content=\"2025-06-17T06:01:32+00:00\" \/>\n<meta name=\"twitter:card\" content=\"summary_large_image\" \/>\n<meta name=\"twitter:label1\" content=\"Tiempo de lectura\" \/>\n\t<meta name=\"twitter:data1\" content=\"1 minuto\" \/>\n<script type=\"application\/ld+json\" class=\"yoast-schema-graph\">{\"@context\":\"https:\/\/schema.org\",\"@graph\":[{\"@type\":\"WebPage\",\"@id\":\"https:\/\/thoro.com.mx\/ethoro\/shop\/sin categor\u00eda\/unidad-ssd-nv2-m-2-kingston-snv2s-1000g-de-1-tb-3500-mb-s\/\",\"url\":\"https:\/\/thoro.com.mx\/ethoro\/shop\/sin categor\u00eda\/unidad-ssd-nv2-m-2-kingston-snv2s-1000g-de-1-tb-3500-mb-s\/\",\"name\":\"UNIDAD SSD NV2 M.2 KINGSTON SNV2S\/1000G DE 1 TB 3500 MB\/S - Thoro enterprises de Mexico\",\"isPartOf\":{\"@id\":\"https:\/\/72.167.50.119\/ethoro\/#website\"},\"datePublished\":\"2025-06-17T06:00:13+00:00\",\"dateModified\":\"2025-06-17T06:01:32+00:00\",\"breadcrumb\":{\"@id\":\"https:\/\/thoro.com.mx\/ethoro\/shop\/sin categor\u00eda\/unidad-ssd-nv2-m-2-kingston-snv2s-1000g-de-1-tb-3500-mb-s\/#breadcrumb\"},\"inLanguage\":\"es\",\"potentialAction\":[{\"@type\":\"ReadAction\",\"target\":[\"https:\/\/thoro.com.mx\/ethoro\/shop\/sin categor\u00eda\/unidad-ssd-nv2-m-2-kingston-snv2s-1000g-de-1-tb-3500-mb-s\/\"]}]},{\"@type\":\"BreadcrumbList\",\"@id\":\"https:\/\/thoro.com.mx\/ethoro\/shop\/sin categor\u00eda\/unidad-ssd-nv2-m-2-kingston-snv2s-1000g-de-1-tb-3500-mb-s\/#breadcrumb\",\"itemListElement\":[{\"@type\":\"ListItem\",\"position\":1,\"name\":\"Inicio\",\"item\":\"https:\/\/thoro.com.mx\/ethoro\/\"},{\"@type\":\"ListItem\",\"position\":2,\"name\":\"Tienda\",\"item\":\"https:\/\/thoro.com.mx\/ethoro\/shop\/\"},{\"@type\":\"ListItem\",\"position\":3,\"name\":\"UNIDAD SSD NV2 M.2 KINGSTON SNV2S\/1000G DE 1 TB 3500 MB\/S\"}]},{\"@type\":\"WebSite\",\"@id\":\"https:\/\/72.167.50.119\/ethoro\/#website\",\"url\":\"https:\/\/72.167.50.119\/ethoro\/\",\"name\":\"Thoro Enterprises de M\u00e9xico\",\"description\":\"Todo en Thoro\",\"publisher\":{\"@id\":\"https:\/\/72.167.50.119\/ethoro\/#organization\"},\"alternateName\":\"Thoro shop\",\"potentialAction\":[{\"@type\":\"SearchAction\",\"target\":{\"@type\":\"EntryPoint\",\"urlTemplate\":\"https:\/\/72.167.50.119\/ethoro\/?s={search_term_string}\"},\"query-input\":{\"@type\":\"PropertyValueSpecification\",\"valueRequired\":true,\"valueName\":\"search_term_string\"}}],\"inLanguage\":\"es\"},{\"@type\":\"Organization\",\"@id\":\"https:\/\/72.167.50.119\/ethoro\/#organization\",\"name\":\"Thoro Enterprises de M\u00e9xico\",\"alternateName\":\"Thoro shop\",\"url\":\"https:\/\/72.167.50.119\/ethoro\/\",\"logo\":{\"@type\":\"ImageObject\",\"inLanguage\":\"es\",\"@id\":\"https:\/\/72.167.50.119\/ethoro\/#\/schema\/logo\/image\/\",\"url\":\"https:\/\/72.167.50.119\/ethoro\/wp-content\/uploads\/2025\/01\/cropped-cropped-icono_t-180x180-1.png\",\"contentUrl\":\"https:\/\/72.167.50.119\/ethoro\/wp-content\/uploads\/2025\/01\/cropped-cropped-icono_t-180x180-1.png\",\"width\":512,\"height\":512,\"caption\":\"Thoro Enterprises de M\u00e9xico\"},\"image\":{\"@id\":\"https:\/\/72.167.50.119\/ethoro\/#\/schema\/logo\/image\/\"},\"sameAs\":[\"https:\/\/www.facebook.com\/ThoroEnterprises\",\"https:\/\/www.instagram.com\/thoro.mexico\/\"]}]}<\/script>\n<!-- \/ Yoast SEO plugin. -->","yoast_head_json":{"title":"UNIDAD SSD NV2 M.2 KINGSTON SNV2S\/1000G DE 1 TB 3500 MB\/S - Thoro enterprises de Mexico","robots":{"index":"noindex","follow":"follow"},"og_locale":"es_MX","og_type":"article","og_title":"UNIDAD SSD NV2 M.2 KINGSTON SNV2S\/1000G DE 1 TB 3500 MB\/S - Thoro enterprises de Mexico","og_description":"SNV2S\/1000G Basado en el rendimiento de una unidad nueva y sin uso, utilizando una placa madre PCIe 4.0 La velocidad puede variar dependiendo del hardware hu\u00e9sped, el software y el uso. Algunas de las capacidades mencionadas en los dispositivos de almacenamiento Flash son utilizadas para formatear y otras funciones, por lo tanto no se encuentran [&hellip;]","og_url":"https:\/\/thoro.com.mx\/ethoro\/shop\/sin categor\u00eda\/unidad-ssd-nv2-m-2-kingston-snv2s-1000g-de-1-tb-3500-mb-s\/","og_site_name":"Thoro enterprises de Mexico","article_publisher":"https:\/\/www.facebook.com\/ThoroEnterprises","article_modified_time":"2025-06-17T06:01:32+00:00","twitter_card":"summary_large_image","twitter_misc":{"Tiempo de lectura":"1 minuto"},"schema":{"@context":"https:\/\/schema.org","@graph":[{"@type":"WebPage","@id":"https:\/\/thoro.com.mx\/ethoro\/shop\/sin categor\u00eda\/unidad-ssd-nv2-m-2-kingston-snv2s-1000g-de-1-tb-3500-mb-s\/","url":"https:\/\/thoro.com.mx\/ethoro\/shop\/sin categor\u00eda\/unidad-ssd-nv2-m-2-kingston-snv2s-1000g-de-1-tb-3500-mb-s\/","name":"UNIDAD SSD NV2 M.2 KINGSTON SNV2S\/1000G DE 1 TB 3500 MB\/S - Thoro enterprises de Mexico","isPartOf":{"@id":"https:\/\/72.167.50.119\/ethoro\/#website"},"datePublished":"2025-06-17T06:00:13+00:00","dateModified":"2025-06-17T06:01:32+00:00","breadcrumb":{"@id":"https:\/\/thoro.com.mx\/ethoro\/shop\/sin categor\u00eda\/unidad-ssd-nv2-m-2-kingston-snv2s-1000g-de-1-tb-3500-mb-s\/#breadcrumb"},"inLanguage":"es","potentialAction":[{"@type":"ReadAction","target":["https:\/\/thoro.com.mx\/ethoro\/shop\/sin categor\u00eda\/unidad-ssd-nv2-m-2-kingston-snv2s-1000g-de-1-tb-3500-mb-s\/"]}]},{"@type":"BreadcrumbList","@id":"https:\/\/thoro.com.mx\/ethoro\/shop\/sin categor\u00eda\/unidad-ssd-nv2-m-2-kingston-snv2s-1000g-de-1-tb-3500-mb-s\/#breadcrumb","itemListElement":[{"@type":"ListItem","position":1,"name":"Inicio","item":"https:\/\/thoro.com.mx\/ethoro\/"},{"@type":"ListItem","position":2,"name":"Tienda","item":"https:\/\/thoro.com.mx\/ethoro\/shop\/"},{"@type":"ListItem","position":3,"name":"UNIDAD SSD NV2 M.2 KINGSTON SNV2S\/1000G DE 1 TB 3500 MB\/S"}]},{"@type":"WebSite","@id":"https:\/\/72.167.50.119\/ethoro\/#website","url":"https:\/\/72.167.50.119\/ethoro\/","name":"Thoro Enterprises de M\u00e9xico","description":"Todo en Thoro","publisher":{"@id":"https:\/\/72.167.50.119\/ethoro\/#organization"},"alternateName":"Thoro shop","potentialAction":[{"@type":"SearchAction","target":{"@type":"EntryPoint","urlTemplate":"https:\/\/72.167.50.119\/ethoro\/?s={search_term_string}"},"query-input":{"@type":"PropertyValueSpecification","valueRequired":true,"valueName":"search_term_string"}}],"inLanguage":"es"},{"@type":"Organization","@id":"https:\/\/72.167.50.119\/ethoro\/#organization","name":"Thoro Enterprises de M\u00e9xico","alternateName":"Thoro shop","url":"https:\/\/72.167.50.119\/ethoro\/","logo":{"@type":"ImageObject","inLanguage":"es","@id":"https:\/\/72.167.50.119\/ethoro\/#\/schema\/logo\/image\/","url":"https:\/\/72.167.50.119\/ethoro\/wp-content\/uploads\/2025\/01\/cropped-cropped-icono_t-180x180-1.png","contentUrl":"https:\/\/72.167.50.119\/ethoro\/wp-content\/uploads\/2025\/01\/cropped-cropped-icono_t-180x180-1.png","width":512,"height":512,"caption":"Thoro Enterprises de M\u00e9xico"},"image":{"@id":"https:\/\/72.167.50.119\/ethoro\/#\/schema\/logo\/image\/"},"sameAs":["https:\/\/www.facebook.com\/ThoroEnterprises","https:\/\/www.instagram.com\/thoro.mexico\/"]}]}},"_links":{"self":[{"href":"https:\/\/thoro.com.mx\/ethoro\/wp-json\/wp\/v2\/product\/424011","targetHints":{"allow":["GET"]}}],"collection":[{"href":"https:\/\/thoro.com.mx\/ethoro\/wp-json\/wp\/v2\/product"}],"about":[{"href":"https:\/\/thoro.com.mx\/ethoro\/wp-json\/wp\/v2\/types\/product"}],"replies":[{"embeddable":true,"href":"https:\/\/thoro.com.mx\/ethoro\/wp-json\/wp\/v2\/comments?post=424011"}],"wp:attachment":[{"href":"https:\/\/thoro.com.mx\/ethoro\/wp-json\/wp\/v2\/media?parent=424011"}],"wp:term":[{"taxonomy":"product_brand","embeddable":true,"href":"https:\/\/thoro.com.mx\/ethoro\/wp-json\/wp\/v2\/product_brand?post=424011"},{"taxonomy":"product_cat","embeddable":true,"href":"https:\/\/thoro.com.mx\/ethoro\/wp-json\/wp\/v2\/product_cat?post=424011"},{"taxonomy":"product_tag","embeddable":true,"href":"https:\/\/thoro.com.mx\/ethoro\/wp-json\/wp\/v2\/product_tag?post=424011"}],"curies":[{"name":"wp","href":"https:\/\/api.w.org\/{rel}","templated":true}]}}