{"id":427054,"date":"2025-07-09T00:00:13","date_gmt":"2025-07-09T06:00:13","guid":{"rendered":"https:\/\/thoro.com.mx\/ethoro\/shop\/sin categor\u00eda\/dulces-sonrics-diviertete-mas-surtido-2-kilogramos\/"},"modified":"2025-10-09T02:18:31","modified_gmt":"2025-10-09T08:18:31","slug":"dulces-sonrics-diviertete-mas-surtido-2-kilogramos","status":"publish","type":"product","link":"https:\/\/thoro.com.mx\/ethoro\/shop\/cafeteria\/alimentos\/azucar\/dulces-sonrics-diviertete-mas-surtido-2-kilogramos\/","title":{"rendered":"DULCES SONRICS DIVIERTETE MAS SURTIDO 2 KILOGRAMOS"},"content":{"rendered":"<h4><\/h4>\n<ul>\n<li>Bolsa de dulces con un mix diferenciado que incluye dulces desde aciditos y enchilados hasta chocolatosos. En el paquete encontrar\u00e1s productos riqu\u00edsimos como la galleta con malvavisco de Mamut, el chocolate sabor avellana Milch, la cl\u00e1sica paleta enchilada Rockaleta y las tiras de sabores frutales aciditos como Air Head Xtemes. Este mix es ideal para cualquier reuni\u00f3n para disfrutar con familia y amigos o incluso para tener en la alacena y consentirte con uno que otro dulce para los espacios que dedicas para ti.  La bolsa de este paquete es sustentable porque Sonrics tiene una agenda de sustentabilidad donde el medio ambiente es un punto relevante.<\/li>\n<li><\/li>\n<li><\/li>\n<\/ul>\n","protected":false},"excerpt":{"rendered":"<p>Bolsa de dulces con un mix diferenciado que incluye dulces desde aciditos y enchilados hasta chocolatosos. En el paquete encontrar\u00e1s productos riqu\u00edsimos como la galleta con malvavisco de Mamut, el chocolate sabor avellana Milch, la cl\u00e1sica paleta enchilada Rockaleta y las tiras de sabores frutales aciditos como Air Head Xtemes. Este mix es ideal para [&hellip;]<\/p>\n","protected":false},"featured_media":429233,"comment_status":"open","ping_status":"closed","template":"","meta":{"_monsterinsights_skip_tracking":false,"_monsterinsights_sitenote_active":false,"_monsterinsights_sitenote_note":"","_monsterinsights_sitenote_category":0,"_joinchat":[]},"product_brand":[],"product_cat":[221],"product_tag":[],"class_list":{"0":"post-427054","1":"product","2":"type-product","3":"status-publish","4":"has-post-thumbnail","6":"product_cat-azucar","8":"first","9":"outofstock","10":"taxable","11":"shipping-taxable","12":"purchasable","13":"product-type-simple","14":"add-to-wishlist-after_add_to_cart"},"yoast_head":"<!-- This site is optimized with the Yoast SEO plugin v27.3 - https:\/\/yoast.com\/product\/yoast-seo-wordpress\/ -->\n<title>DULCES SONRICS DIVIERTETE MAS SURTIDO 2 KILOGRAMOS - Thoro enterprises de Mexico<\/title>\n<meta name=\"robots\" content=\"noindex, follow\" \/>\n<meta property=\"og:locale\" content=\"es_MX\" \/>\n<meta property=\"og:type\" content=\"article\" \/>\n<meta property=\"og:title\" content=\"DULCES SONRICS DIVIERTETE MAS SURTIDO 2 KILOGRAMOS - Thoro enterprises de Mexico\" \/>\n<meta property=\"og:description\" content=\"Bolsa de dulces con un mix diferenciado que incluye dulces desde aciditos y enchilados hasta chocolatosos. En el paquete encontrar\u00e1s productos riqu\u00edsimos como la galleta con malvavisco de Mamut, el chocolate sabor avellana Milch, la cl\u00e1sica paleta enchilada Rockaleta y las tiras de sabores frutales aciditos como Air Head Xtemes. Este mix es ideal para [&hellip;]\" \/>\n<meta property=\"og:url\" content=\"https:\/\/thoro.com.mx\/ethoro\/shop\/sin categor\u00eda\/dulces-sonrics-diviertete-mas-surtido-2-kilogramos\/\" \/>\n<meta property=\"og:site_name\" content=\"Thoro enterprises de Mexico\" \/>\n<meta property=\"article:publisher\" content=\"https:\/\/www.facebook.com\/ThoroEnterprises\" \/>\n<meta property=\"article:modified_time\" content=\"2025-10-09T08:18:31+00:00\" \/>\n<meta name=\"twitter:card\" content=\"summary_large_image\" \/>\n<meta name=\"twitter:label1\" content=\"Tiempo de lectura\" \/>\n\t<meta name=\"twitter:data1\" content=\"1 minuto\" \/>\n<script type=\"application\/ld+json\" class=\"yoast-schema-graph\">{\"@context\":\"https:\\\/\\\/schema.org\",\"@graph\":[{\"@type\":\"WebPage\",\"@id\":\"https:\\\/\\\/thoro.com.mx\\\/ethoro\\\/shop\\\/sin categor\u00eda\\\/dulces-sonrics-diviertete-mas-surtido-2-kilogramos\\\/\",\"url\":\"https:\\\/\\\/thoro.com.mx\\\/ethoro\\\/shop\\\/sin categor\u00eda\\\/dulces-sonrics-diviertete-mas-surtido-2-kilogramos\\\/\",\"name\":\"DULCES SONRICS DIVIERTETE MAS SURTIDO 2 KILOGRAMOS - Thoro enterprises de Mexico\",\"isPartOf\":{\"@id\":\"https:\\\/\\\/72.167.50.119\\\/ethoro\\\/#website\"},\"primaryImageOfPage\":{\"@id\":\"https:\\\/\\\/thoro.com.mx\\\/ethoro\\\/shop\\\/sin categor\u00eda\\\/dulces-sonrics-diviertete-mas-surtido-2-kilogramos\\\/#primaryimage\"},\"image\":{\"@id\":\"https:\\\/\\\/thoro.com.mx\\\/ethoro\\\/shop\\\/sin categor\u00eda\\\/dulces-sonrics-diviertete-mas-surtido-2-kilogramos\\\/#primaryimage\"},\"thumbnailUrl\":\"https:\\\/\\\/thoro.com.mx\\\/ethoro\\\/wp-content\\\/uploads\\\/2025\\\/07\\\/CB0205.jpg\",\"datePublished\":\"2025-07-09T06:00:13+00:00\",\"dateModified\":\"2025-10-09T08:18:31+00:00\",\"breadcrumb\":{\"@id\":\"https:\\\/\\\/thoro.com.mx\\\/ethoro\\\/shop\\\/sin categor\u00eda\\\/dulces-sonrics-diviertete-mas-surtido-2-kilogramos\\\/#breadcrumb\"},\"inLanguage\":\"es\",\"potentialAction\":[{\"@type\":\"ReadAction\",\"target\":[\"https:\\\/\\\/thoro.com.mx\\\/ethoro\\\/shop\\\/sin categor\u00eda\\\/dulces-sonrics-diviertete-mas-surtido-2-kilogramos\\\/\"]}]},{\"@type\":\"ImageObject\",\"inLanguage\":\"es\",\"@id\":\"https:\\\/\\\/thoro.com.mx\\\/ethoro\\\/shop\\\/sin categor\u00eda\\\/dulces-sonrics-diviertete-mas-surtido-2-kilogramos\\\/#primaryimage\",\"url\":\"https:\\\/\\\/thoro.com.mx\\\/ethoro\\\/wp-content\\\/uploads\\\/2025\\\/07\\\/CB0205.jpg\",\"contentUrl\":\"https:\\\/\\\/thoro.com.mx\\\/ethoro\\\/wp-content\\\/uploads\\\/2025\\\/07\\\/CB0205.jpg\",\"width\":1000,\"height\":1000},{\"@type\":\"BreadcrumbList\",\"@id\":\"https:\\\/\\\/thoro.com.mx\\\/ethoro\\\/shop\\\/sin categor\u00eda\\\/dulces-sonrics-diviertete-mas-surtido-2-kilogramos\\\/#breadcrumb\",\"itemListElement\":[{\"@type\":\"ListItem\",\"position\":1,\"name\":\"Inicio\",\"item\":\"https:\\\/\\\/thoro.com.mx\\\/ethoro\\\/\"},{\"@type\":\"ListItem\",\"position\":2,\"name\":\"Tienda\",\"item\":\"https:\\\/\\\/thoro.com.mx\\\/ethoro\\\/shop\\\/\"},{\"@type\":\"ListItem\",\"position\":3,\"name\":\"DULCES SONRICS DIVIERTETE MAS SURTIDO 2 KILOGRAMOS\"}]},{\"@type\":\"WebSite\",\"@id\":\"https:\\\/\\\/72.167.50.119\\\/ethoro\\\/#website\",\"url\":\"https:\\\/\\\/72.167.50.119\\\/ethoro\\\/\",\"name\":\"Thoro Enterprises de M\u00e9xico\",\"description\":\"Todo en Thoro\",\"publisher\":{\"@id\":\"https:\\\/\\\/72.167.50.119\\\/ethoro\\\/#organization\"},\"alternateName\":\"Thoro shop\",\"potentialAction\":[{\"@type\":\"SearchAction\",\"target\":{\"@type\":\"EntryPoint\",\"urlTemplate\":\"https:\\\/\\\/72.167.50.119\\\/ethoro\\\/?s={search_term_string}\"},\"query-input\":{\"@type\":\"PropertyValueSpecification\",\"valueRequired\":true,\"valueName\":\"search_term_string\"}}],\"inLanguage\":\"es\"},{\"@type\":\"Organization\",\"@id\":\"https:\\\/\\\/72.167.50.119\\\/ethoro\\\/#organization\",\"name\":\"Thoro Enterprises de M\u00e9xico\",\"alternateName\":\"Thoro shop\",\"url\":\"https:\\\/\\\/72.167.50.119\\\/ethoro\\\/\",\"logo\":{\"@type\":\"ImageObject\",\"inLanguage\":\"es\",\"@id\":\"https:\\\/\\\/72.167.50.119\\\/ethoro\\\/#\\\/schema\\\/logo\\\/image\\\/\",\"url\":\"https:\\\/\\\/72.167.50.119\\\/ethoro\\\/wp-content\\\/uploads\\\/2025\\\/01\\\/cropped-cropped-icono_t-180x180-1.png\",\"contentUrl\":\"https:\\\/\\\/72.167.50.119\\\/ethoro\\\/wp-content\\\/uploads\\\/2025\\\/01\\\/cropped-cropped-icono_t-180x180-1.png\",\"width\":512,\"height\":512,\"caption\":\"Thoro Enterprises de M\u00e9xico\"},\"image\":{\"@id\":\"https:\\\/\\\/72.167.50.119\\\/ethoro\\\/#\\\/schema\\\/logo\\\/image\\\/\"},\"sameAs\":[\"https:\\\/\\\/www.facebook.com\\\/ThoroEnterprises\",\"https:\\\/\\\/www.instagram.com\\\/thoro.mexico\\\/\"]}]}<\/script>\n<!-- \/ Yoast SEO plugin. -->","yoast_head_json":{"title":"DULCES SONRICS DIVIERTETE MAS SURTIDO 2 KILOGRAMOS - Thoro enterprises de Mexico","robots":{"index":"noindex","follow":"follow"},"og_locale":"es_MX","og_type":"article","og_title":"DULCES SONRICS DIVIERTETE MAS SURTIDO 2 KILOGRAMOS - Thoro enterprises de Mexico","og_description":"Bolsa de dulces con un mix diferenciado que incluye dulces desde aciditos y enchilados hasta chocolatosos. En el paquete encontrar\u00e1s productos riqu\u00edsimos como la galleta con malvavisco de Mamut, el chocolate sabor avellana Milch, la cl\u00e1sica paleta enchilada Rockaleta y las tiras de sabores frutales aciditos como Air Head Xtemes. Este mix es ideal para [&hellip;]","og_url":"https:\/\/thoro.com.mx\/ethoro\/shop\/sin categor\u00eda\/dulces-sonrics-diviertete-mas-surtido-2-kilogramos\/","og_site_name":"Thoro enterprises de Mexico","article_publisher":"https:\/\/www.facebook.com\/ThoroEnterprises","article_modified_time":"2025-10-09T08:18:31+00:00","twitter_card":"summary_large_image","twitter_misc":{"Tiempo de lectura":"1 minuto"},"schema":{"@context":"https:\/\/schema.org","@graph":[{"@type":"WebPage","@id":"https:\/\/thoro.com.mx\/ethoro\/shop\/sin categor\u00eda\/dulces-sonrics-diviertete-mas-surtido-2-kilogramos\/","url":"https:\/\/thoro.com.mx\/ethoro\/shop\/sin categor\u00eda\/dulces-sonrics-diviertete-mas-surtido-2-kilogramos\/","name":"DULCES SONRICS DIVIERTETE MAS SURTIDO 2 KILOGRAMOS - Thoro enterprises de Mexico","isPartOf":{"@id":"https:\/\/72.167.50.119\/ethoro\/#website"},"primaryImageOfPage":{"@id":"https:\/\/thoro.com.mx\/ethoro\/shop\/sin categor\u00eda\/dulces-sonrics-diviertete-mas-surtido-2-kilogramos\/#primaryimage"},"image":{"@id":"https:\/\/thoro.com.mx\/ethoro\/shop\/sin categor\u00eda\/dulces-sonrics-diviertete-mas-surtido-2-kilogramos\/#primaryimage"},"thumbnailUrl":"https:\/\/thoro.com.mx\/ethoro\/wp-content\/uploads\/2025\/07\/CB0205.jpg","datePublished":"2025-07-09T06:00:13+00:00","dateModified":"2025-10-09T08:18:31+00:00","breadcrumb":{"@id":"https:\/\/thoro.com.mx\/ethoro\/shop\/sin categor\u00eda\/dulces-sonrics-diviertete-mas-surtido-2-kilogramos\/#breadcrumb"},"inLanguage":"es","potentialAction":[{"@type":"ReadAction","target":["https:\/\/thoro.com.mx\/ethoro\/shop\/sin categor\u00eda\/dulces-sonrics-diviertete-mas-surtido-2-kilogramos\/"]}]},{"@type":"ImageObject","inLanguage":"es","@id":"https:\/\/thoro.com.mx\/ethoro\/shop\/sin categor\u00eda\/dulces-sonrics-diviertete-mas-surtido-2-kilogramos\/#primaryimage","url":"https:\/\/thoro.com.mx\/ethoro\/wp-content\/uploads\/2025\/07\/CB0205.jpg","contentUrl":"https:\/\/thoro.com.mx\/ethoro\/wp-content\/uploads\/2025\/07\/CB0205.jpg","width":1000,"height":1000},{"@type":"BreadcrumbList","@id":"https:\/\/thoro.com.mx\/ethoro\/shop\/sin categor\u00eda\/dulces-sonrics-diviertete-mas-surtido-2-kilogramos\/#breadcrumb","itemListElement":[{"@type":"ListItem","position":1,"name":"Inicio","item":"https:\/\/thoro.com.mx\/ethoro\/"},{"@type":"ListItem","position":2,"name":"Tienda","item":"https:\/\/thoro.com.mx\/ethoro\/shop\/"},{"@type":"ListItem","position":3,"name":"DULCES SONRICS DIVIERTETE MAS SURTIDO 2 KILOGRAMOS"}]},{"@type":"WebSite","@id":"https:\/\/72.167.50.119\/ethoro\/#website","url":"https:\/\/72.167.50.119\/ethoro\/","name":"Thoro Enterprises de M\u00e9xico","description":"Todo en Thoro","publisher":{"@id":"https:\/\/72.167.50.119\/ethoro\/#organization"},"alternateName":"Thoro shop","potentialAction":[{"@type":"SearchAction","target":{"@type":"EntryPoint","urlTemplate":"https:\/\/72.167.50.119\/ethoro\/?s={search_term_string}"},"query-input":{"@type":"PropertyValueSpecification","valueRequired":true,"valueName":"search_term_string"}}],"inLanguage":"es"},{"@type":"Organization","@id":"https:\/\/72.167.50.119\/ethoro\/#organization","name":"Thoro Enterprises de M\u00e9xico","alternateName":"Thoro shop","url":"https:\/\/72.167.50.119\/ethoro\/","logo":{"@type":"ImageObject","inLanguage":"es","@id":"https:\/\/72.167.50.119\/ethoro\/#\/schema\/logo\/image\/","url":"https:\/\/72.167.50.119\/ethoro\/wp-content\/uploads\/2025\/01\/cropped-cropped-icono_t-180x180-1.png","contentUrl":"https:\/\/72.167.50.119\/ethoro\/wp-content\/uploads\/2025\/01\/cropped-cropped-icono_t-180x180-1.png","width":512,"height":512,"caption":"Thoro Enterprises de M\u00e9xico"},"image":{"@id":"https:\/\/72.167.50.119\/ethoro\/#\/schema\/logo\/image\/"},"sameAs":["https:\/\/www.facebook.com\/ThoroEnterprises","https:\/\/www.instagram.com\/thoro.mexico\/"]}]}},"_links":{"self":[{"href":"https:\/\/thoro.com.mx\/ethoro\/wp-json\/wp\/v2\/product\/427054","targetHints":{"allow":["GET"]}}],"collection":[{"href":"https:\/\/thoro.com.mx\/ethoro\/wp-json\/wp\/v2\/product"}],"about":[{"href":"https:\/\/thoro.com.mx\/ethoro\/wp-json\/wp\/v2\/types\/product"}],"replies":[{"embeddable":true,"href":"https:\/\/thoro.com.mx\/ethoro\/wp-json\/wp\/v2\/comments?post=427054"}],"wp:featuredmedia":[{"embeddable":true,"href":"https:\/\/thoro.com.mx\/ethoro\/wp-json\/wp\/v2\/media\/429233"}],"wp:attachment":[{"href":"https:\/\/thoro.com.mx\/ethoro\/wp-json\/wp\/v2\/media?parent=427054"}],"wp:term":[{"taxonomy":"product_brand","embeddable":true,"href":"https:\/\/thoro.com.mx\/ethoro\/wp-json\/wp\/v2\/product_brand?post=427054"},{"taxonomy":"product_cat","embeddable":true,"href":"https:\/\/thoro.com.mx\/ethoro\/wp-json\/wp\/v2\/product_cat?post=427054"},{"taxonomy":"product_tag","embeddable":true,"href":"https:\/\/thoro.com.mx\/ethoro\/wp-json\/wp\/v2\/product_tag?post=427054"}],"curies":[{"name":"wp","href":"https:\/\/api.w.org\/{rel}","templated":true}]}}